{"id":10742,"date":"2017-01-03T14:09:42","date_gmt":"2017-01-03T12:09:42","guid":{"rendered":"https:\/\/meiren.ee\/?page_id=10742"},"modified":"2022-03-21T14:49:10","modified_gmt":"2022-03-21T12:49:10","slug":"messekalender","status":"publish","type":"page","link":"https:\/\/www.meiren.ee\/de\/messekalender\/","title":{"rendered":"Messekalender"},"content":{"rendered":"<p><strong>Im Jahr 2022 werden Sie die erneuerte Produktpalette von Meiren kennenlernen:<\/strong><\/p>\n<p><strong>05.- 07.05.2022 \u2013 MAXPO 2022<\/strong><br \/>\nMessestandorte: Hyvink\u00e4\u00e4n lentokentt\u00e4, Finland<br \/>\nSie k\u00f6nnen uns finden am Stand: <strong>C131<\/strong><br \/>\nMehr Informationen: <strong><a href=\"https:\/\/maxpo.messukeskus.com\/?lang=en\">Maxpo 2022<\/a><\/strong><\/p>\n<p><img fetchpriority=\"high\" decoding=\"async\" class=\"alignnone wp-image-20880\" src=\"https:\/\/www.meiren.ee\/wp-content\/uploads\/2022\/03\/Maxpo22_OlemmeMukana_1200x628_FB-890x466.jpg\" alt=\"\" width=\"500\" height=\"262\" srcset=\"https:\/\/www.meiren.ee\/wp-content\/uploads\/2022\/03\/Maxpo22_OlemmeMukana_1200x628_FB-890x466.jpg 890w, https:\/\/www.meiren.ee\/wp-content\/uploads\/2022\/03\/Maxpo22_OlemmeMukana_1200x628_FB-300x157.jpg 300w, https:\/\/www.meiren.ee\/wp-content\/uploads\/2022\/03\/Maxpo22_OlemmeMukana_1200x628_FB-768x402.jpg 768w, https:\/\/www.meiren.ee\/wp-content\/uploads\/2022\/03\/Maxpo22_OlemmeMukana_1200x628_FB.jpg 1200w\" sizes=\"(max-width: 500px) 100vw, 500px\" \/><\/p>\n<p><strong>24. \u2013 25.08. 2022 \u2013 Tiep\u00e4iv\u00e4t 2022<\/strong><br \/>\nMessestandorte: Tampereen Messukeskus, Finnisch<br \/>\nSie k\u00f6nnen uns finden am Stand: <strong>200<\/strong><br \/>\nMehr Informationen:<strong><a href=\"https:\/\/tiepaivat.fi\/en\/etusivu-english\/\"> Tiep\u00e4iv\u00e4t 2022<\/a><\/strong><\/p>\n<p><a href=\"https:\/\/tiepaivat.fi\/\"><img decoding=\"async\" class=\"size-large wp-image-20869 alignleft\" src=\"https:\/\/www.meiren.ee\/wp-content\/uploads\/2022\/03\/Tiepaivat-logo-890x215.png\" alt=\"\" width=\"890\" height=\"215\" srcset=\"https:\/\/www.meiren.ee\/wp-content\/uploads\/2022\/03\/Tiepaivat-logo-890x215.png 890w, https:\/\/www.meiren.ee\/wp-content\/uploads\/2022\/03\/Tiepaivat-logo-300x73.png 300w, https:\/\/www.meiren.ee\/wp-content\/uploads\/2022\/03\/Tiepaivat-logo-768x186.png 768w, https:\/\/www.meiren.ee\/wp-content\/uploads\/2022\/03\/Tiepaivat-logo.png 1446w\" sizes=\"(max-width: 890px) 100vw, 890px\" \/><\/a><\/p>\n<p>&nbsp;<\/p>\n<p>&nbsp;<\/p>\n<p>&nbsp;<\/p>\n<p>&nbsp;<\/p>\n<p>&nbsp;<\/p>\n<p>&nbsp;<\/p>\n","protected":false},"excerpt":{"rendered":"<p>Im Jahr 2022 werden Sie die erneuerte Produktpalette von Meiren kennenlernen: 05.- 07.05.2022 \u2013 MAXPO 2022 Messestandorte: Hyvink\u00e4\u00e4n lentokentt\u00e4, Finland Sie k\u00f6nnen uns finden am Stand: C131 Mehr Informationen: Maxpo 2022 24. \u2013 25.08. 2022 \u2013 Tiep\u00e4iv\u00e4t 2022 Messestandorte: Tampereen Messukeskus, Finnisch Sie k\u00f6nnen uns finden am Stand: 200 Mehr Informationen: Tiep\u00e4iv\u00e4t 2022 &nbsp; &nbsp; [&hellip;]<\/p>\n","protected":false},"author":2,"featured_media":0,"parent":0,"menu_order":0,"comment_status":"closed","ping_status":"closed","template":"page-special_page.php","meta":{"footnotes":""},"class_list":["post-10742","page","type-page","status-publish","hentry"],"yoast_head":"<!-- This site is optimized with the Yoast SEO plugin v25.6 - https:\/\/yoast.com\/wordpress\/plugins\/seo\/ -->\n<title>Messekalender | Meiren lumesahad<\/title>\n<meta name=\"description\" content=\"In diesem Jahr nehmen wir an den folgenden Messen: Maamess, Tartu, Estland (25-27.04 Stand VP-24) und MaskinExpo, Stoxa, Schweden (23-25.05 Stand 1747)\" \/>\n<meta name=\"robots\" content=\"index, follow, max-snippet:-1, max-image-preview:large, max-video-preview:-1\" \/>\n<link rel=\"canonical\" href=\"https:\/\/www.meiren.ee\/de\/messekalender\/\" \/>\n<meta property=\"og:locale\" content=\"de_DE\" \/>\n<meta property=\"og:type\" content=\"article\" \/>\n<meta property=\"og:title\" content=\"Messekalender | Meiren lumesahad\" \/>\n<meta property=\"og:description\" content=\"In diesem Jahr nehmen wir an den folgenden Messen: Maamess, Tartu, Estland (25-27.04 Stand VP-24) und MaskinExpo, Stoxa, Schweden (23-25.05 Stand 1747)\" \/>\n<meta property=\"og:url\" content=\"https:\/\/www.meiren.ee\/de\/messekalender\/\" \/>\n<meta property=\"og:site_name\" content=\"Meiren lumesahad\" \/>\n<meta property=\"article:publisher\" content=\"https:\/\/www.facebook.com\/Meiren.ee?ref=nf\" \/>\n<meta property=\"article:modified_time\" content=\"2022-03-21T12:49:10+00:00\" \/>\n<meta property=\"og:image\" content=\"https:\/\/www.meiren.ee\/wp-content\/uploads\/2022\/03\/Maxpo22_OlemmeMukana_1200x628_FB-890x466.jpg\" \/>\n<meta name=\"twitter:card\" content=\"summary_large_image\" \/>\n<meta name=\"twitter:label1\" content=\"Gesch\u00e4tzte Lesezeit\" \/>\n\t<meta name=\"twitter:data1\" content=\"1\u00a0Minute\" \/>\n<script type=\"application\/ld+json\" class=\"yoast-schema-graph\">{\"@context\":\"https:\/\/schema.org\",\"@graph\":[{\"@type\":\"WebPage\",\"@id\":\"https:\/\/www.meiren.ee\/de\/messekalender\/\",\"url\":\"https:\/\/www.meiren.ee\/de\/messekalender\/\",\"name\":\"Messekalender | Meiren lumesahad\",\"isPartOf\":{\"@id\":\"https:\/\/www.meiren.ee\/en\/#website\"},\"primaryImageOfPage\":{\"@id\":\"https:\/\/www.meiren.ee\/de\/messekalender\/#primaryimage\"},\"image\":{\"@id\":\"https:\/\/www.meiren.ee\/de\/messekalender\/#primaryimage\"},\"thumbnailUrl\":\"https:\/\/www.meiren.ee\/wp-content\/uploads\/2022\/03\/Maxpo22_OlemmeMukana_1200x628_FB-890x466.jpg\",\"datePublished\":\"2017-01-03T12:09:42+00:00\",\"dateModified\":\"2022-03-21T12:49:10+00:00\",\"description\":\"In diesem Jahr nehmen wir an den folgenden Messen: Maamess, Tartu, Estland (25-27.04 Stand VP-24) und MaskinExpo, Stoxa, Schweden (23-25.05 Stand 1747)\",\"breadcrumb\":{\"@id\":\"https:\/\/www.meiren.ee\/de\/messekalender\/#breadcrumb\"},\"inLanguage\":\"de\",\"potentialAction\":[{\"@type\":\"ReadAction\",\"target\":[\"https:\/\/www.meiren.ee\/de\/messekalender\/\"]}]},{\"@type\":\"ImageObject\",\"inLanguage\":\"de\",\"@id\":\"https:\/\/www.meiren.ee\/de\/messekalender\/#primaryimage\",\"url\":\"https:\/\/www.meiren.ee\/wp-content\/uploads\/2022\/03\/Maxpo22_OlemmeMukana_1200x628_FB-890x466.jpg\",\"contentUrl\":\"https:\/\/www.meiren.ee\/wp-content\/uploads\/2022\/03\/Maxpo22_OlemmeMukana_1200x628_FB-890x466.jpg\"},{\"@type\":\"BreadcrumbList\",\"@id\":\"https:\/\/www.meiren.ee\/de\/messekalender\/#breadcrumb\",\"itemListElement\":[{\"@type\":\"ListItem\",\"position\":1,\"name\":\"Home\",\"item\":\"https:\/\/www.meiren.ee\/en\/\"},{\"@type\":\"ListItem\",\"position\":2,\"name\":\"Messekalender\"}]},{\"@type\":\"WebSite\",\"@id\":\"https:\/\/www.meiren.ee\/en\/#website\",\"url\":\"https:\/\/www.meiren.ee\/en\/\",\"name\":\"Meiren lumesahad\",\"description\":\"Lumesahk ja lumet\u00f5rje tehnika, maantee lumesahk, lumesahk traktorile, lumesahk maasturile, harjad, lumekopp, varuosad ja hooldus, lumesaha terad, Kobit s.r.o. soolapuisturid\",\"potentialAction\":[{\"@type\":\"SearchAction\",\"target\":{\"@type\":\"EntryPoint\",\"urlTemplate\":\"https:\/\/www.meiren.ee\/en\/?s={search_term_string}\"},\"query-input\":{\"@type\":\"PropertyValueSpecification\",\"valueRequired\":true,\"valueName\":\"search_term_string\"}}],\"inLanguage\":\"de\"}]}<\/script>\n<!-- \/ Yoast SEO plugin. -->","yoast_head_json":{"title":"Messekalender | Meiren lumesahad","description":"In diesem Jahr nehmen wir an den folgenden Messen: Maamess, Tartu, Estland (25-27.04 Stand VP-24) und MaskinExpo, Stoxa, Schweden (23-25.05 Stand 1747)","robots":{"index":"index","follow":"follow","max-snippet":"max-snippet:-1","max-image-preview":"max-image-preview:large","max-video-preview":"max-video-preview:-1"},"canonical":"https:\/\/www.meiren.ee\/de\/messekalender\/","og_locale":"de_DE","og_type":"article","og_title":"Messekalender | Meiren lumesahad","og_description":"In diesem Jahr nehmen wir an den folgenden Messen: Maamess, Tartu, Estland (25-27.04 Stand VP-24) und MaskinExpo, Stoxa, Schweden (23-25.05 Stand 1747)","og_url":"https:\/\/www.meiren.ee\/de\/messekalender\/","og_site_name":"Meiren lumesahad","article_publisher":"https:\/\/www.facebook.com\/Meiren.ee?ref=nf","article_modified_time":"2022-03-21T12:49:10+00:00","og_image":[{"url":"https:\/\/www.meiren.ee\/wp-content\/uploads\/2022\/03\/Maxpo22_OlemmeMukana_1200x628_FB-890x466.jpg","type":"","width":"","height":""}],"twitter_card":"summary_large_image","twitter_misc":{"Gesch\u00e4tzte Lesezeit":"1\u00a0Minute"},"schema":{"@context":"https:\/\/schema.org","@graph":[{"@type":"WebPage","@id":"https:\/\/www.meiren.ee\/de\/messekalender\/","url":"https:\/\/www.meiren.ee\/de\/messekalender\/","name":"Messekalender | Meiren lumesahad","isPartOf":{"@id":"https:\/\/www.meiren.ee\/en\/#website"},"primaryImageOfPage":{"@id":"https:\/\/www.meiren.ee\/de\/messekalender\/#primaryimage"},"image":{"@id":"https:\/\/www.meiren.ee\/de\/messekalender\/#primaryimage"},"thumbnailUrl":"https:\/\/www.meiren.ee\/wp-content\/uploads\/2022\/03\/Maxpo22_OlemmeMukana_1200x628_FB-890x466.jpg","datePublished":"2017-01-03T12:09:42+00:00","dateModified":"2022-03-21T12:49:10+00:00","description":"In diesem Jahr nehmen wir an den folgenden Messen: Maamess, Tartu, Estland (25-27.04 Stand VP-24) und MaskinExpo, Stoxa, Schweden (23-25.05 Stand 1747)","breadcrumb":{"@id":"https:\/\/www.meiren.ee\/de\/messekalender\/#breadcrumb"},"inLanguage":"de","potentialAction":[{"@type":"ReadAction","target":["https:\/\/www.meiren.ee\/de\/messekalender\/"]}]},{"@type":"ImageObject","inLanguage":"de","@id":"https:\/\/www.meiren.ee\/de\/messekalender\/#primaryimage","url":"https:\/\/www.meiren.ee\/wp-content\/uploads\/2022\/03\/Maxpo22_OlemmeMukana_1200x628_FB-890x466.jpg","contentUrl":"https:\/\/www.meiren.ee\/wp-content\/uploads\/2022\/03\/Maxpo22_OlemmeMukana_1200x628_FB-890x466.jpg"},{"@type":"BreadcrumbList","@id":"https:\/\/www.meiren.ee\/de\/messekalender\/#breadcrumb","itemListElement":[{"@type":"ListItem","position":1,"name":"Home","item":"https:\/\/www.meiren.ee\/en\/"},{"@type":"ListItem","position":2,"name":"Messekalender"}]},{"@type":"WebSite","@id":"https:\/\/www.meiren.ee\/en\/#website","url":"https:\/\/www.meiren.ee\/en\/","name":"Meiren lumesahad","description":"Lumesahk ja lumet\u00f5rje tehnika, maantee lumesahk, lumesahk traktorile, lumesahk maasturile, harjad, lumekopp, varuosad ja hooldus, lumesaha terad, Kobit s.r.o. soolapuisturid","potentialAction":[{"@type":"SearchAction","target":{"@type":"EntryPoint","urlTemplate":"https:\/\/www.meiren.ee\/en\/?s={search_term_string}"},"query-input":{"@type":"PropertyValueSpecification","valueRequired":true,"valueName":"search_term_string"}}],"inLanguage":"de"}]}},"_links":{"self":[{"href":"https:\/\/www.meiren.ee\/de\/wp-json\/wp\/v2\/pages\/10742"}],"collection":[{"href":"https:\/\/www.meiren.ee\/de\/wp-json\/wp\/v2\/pages"}],"about":[{"href":"https:\/\/www.meiren.ee\/de\/wp-json\/wp\/v2\/types\/page"}],"author":[{"embeddable":true,"href":"https:\/\/www.meiren.ee\/de\/wp-json\/wp\/v2\/users\/2"}],"replies":[{"embeddable":true,"href":"https:\/\/www.meiren.ee\/de\/wp-json\/wp\/v2\/comments?post=10742"}],"version-history":[{"count":26,"href":"https:\/\/www.meiren.ee\/de\/wp-json\/wp\/v2\/pages\/10742\/revisions"}],"predecessor-version":[{"id":21011,"href":"https:\/\/www.meiren.ee\/de\/wp-json\/wp\/v2\/pages\/10742\/revisions\/21011"}],"wp:attachment":[{"href":"https:\/\/www.meiren.ee\/de\/wp-json\/wp\/v2\/media?parent=10742"}],"curies":[{"name":"wp","href":"https:\/\/api.w.org\/{rel}","templated":true}]}}