{"id":13230,"date":"2021-09-02T11:35:44","date_gmt":"2021-09-02T08:35:44","guid":{"rendered":"https:\/\/meiren.ee\/de\/?page_id=13230"},"modified":"2024-06-17T11:54:26","modified_gmt":"2024-06-17T08:54:26","slug":"feinraeumleiste","status":"publish","type":"page","link":"https:\/\/www.meiren.ee\/de\/feinraeumleiste\/","title":{"rendered":"Nachr\u00e4umleiste mit verschiebbarem Andruck"},"content":{"rendered":"<p><img fetchpriority=\"high\" decoding=\"async\" class=\"alignnone wp-image-17663\" src=\"https:\/\/www.meiren.ee\/wp-content\/uploads\/2020\/04\/20180206_105123-300x169.jpg\" alt=\"\" width=\"451\" height=\"254\" srcset=\"https:\/\/www.meiren.ee\/wp-content\/uploads\/2020\/04\/20180206_105123-300x169.jpg 300w, https:\/\/www.meiren.ee\/wp-content\/uploads\/2020\/04\/20180206_105123-890x501.jpg 890w, https:\/\/www.meiren.ee\/wp-content\/uploads\/2020\/04\/20180206_105123-768x432.jpg 768w, https:\/\/www.meiren.ee\/wp-content\/uploads\/2020\/04\/20180206_105123-1536x864.jpg 1536w, https:\/\/www.meiren.ee\/wp-content\/uploads\/2020\/04\/20180206_105123-2048x1152.jpg 2048w\" sizes=\"(max-width: 451px) 100vw, 451px\" \/><\/p>\n<p>Um eine besonders saubere Schneer\u00e4umung zu erzielen, kann an die Autobahn- oder Stra\u00dfenschneepfl\u00fcge eine hydraulische Nachr\u00e4umleiste angebaut werden.<\/p>\n<ul>\n<li style=\"text-align: justify;\"><strong>Maximal sauberer Stra\u00dfenbelag<\/strong> -der 4-teilige hydraulische Nachr\u00e4umleistenhalter verteilt den Druck gleichm\u00e4\u00dfig zwischen der Front- und Nachr\u00e4umleiste. Jeder Teil der Leiste hat seinen eigenen Zylinder, um einen konstanten Arbeitsdruck im gesamten Nachr\u00e4umleistensystem zu gew\u00e4hrleisten. Bei festgefahrenem Schnee wird das gesamte Gewicht des Schneepflugs auf die vordere Leiste \u00fcbertragen. Bei matschigem Schnee hingegen wird das Gewicht auf den Nachr\u00e4umleistenhalter mit Gummileisten \u00fcbertragen. Die richtige Druckverteilung im Nachr\u00e4umleistensystem sorgt f\u00fcr eine extrem saubere Fahrbahnoberfl\u00e4che. Die Modelle MSPN3404, MSPN3704 und MSPN4004 k\u00f6nnen auch mit einem 6-teiligen hydraulischen Nachr\u00e4umleistensystem ausgestattet werden.<\/li>\n<li style=\"text-align: justify;\"><strong>Nachr\u00e4umleistenwechsel in 5 &#8211; 10 Minuten<\/strong> &#8211; der \u201eEasy Fix\u201c-Schnellbefestigungsmechanismus f\u00fcr die Nachr\u00e4umleisten spart Zeit beim \u00d6ffnen und erneuten Befestigen der Bolzen, da keine Befestigungsl\u00f6cher im Gummirahmen notwendig sind. Die R\u00e4umleiste kann in der gew\u00fcnschten H\u00f6he positioniert werden. Das Auswechseln oder Einstellen der Gummilamellen dauert nur 5 \u2013 10 Minuten!<\/li>\n<\/ul>\n<div style=\"width: 852px;\" class=\"wp-video\"><!--[if lt IE 9]><script>document.createElement('video');<\/script><![endif]-->\n<video class=\"wp-video-shortcode\" id=\"video-13230-1\" width=\"852\" height=\"480\" preload=\"metadata\" controls=\"controls\"><source type=\"video\/mp4\" src=\"https:\/\/www.meiren.ee\/wp-content\/uploads\/2021\/09\/Snow-removal-with-MSPN-lisateramehhanism.mp4?_=1\" \/><a href=\"https:\/\/www.meiren.ee\/wp-content\/uploads\/2021\/09\/Snow-removal-with-MSPN-lisateramehhanism.mp4\">https:\/\/www.meiren.ee\/wp-content\/uploads\/2021\/09\/Snow-removal-with-MSPN-lisateramehhanism.mp4<\/a><\/video><\/div>\n<p>&nbsp;<\/p>\n<figure class=\"video-container\"><iframe title=\"Snow clearing with the hydraulic blade by Meiren Snow\" width=\"500\" height=\"281\" src=\"https:\/\/www.youtube.com\/embed\/BJJCitn6YIY?feature=oembed\" frameborder=\"0\" allow=\"accelerometer; autoplay; clipboard-write; encrypted-media; gyroscope; picture-in-picture; web-share\" referrerpolicy=\"strict-origin-when-cross-origin\" allowfullscreen><\/iframe><\/figure>\n","protected":false},"excerpt":{"rendered":"<p>Um eine besonders saubere Schneer\u00e4umung zu erzielen, kann an die Autobahn- oder Stra\u00dfenschneepfl\u00fcge eine hydraulische Nachr\u00e4umleiste angebaut werden. Maximal sauberer Stra\u00dfenbelag -der 4-teilige hydraulische Nachr\u00e4umleistenhalter verteilt den Druck gleichm\u00e4\u00dfig zwischen der Front- und Nachr\u00e4umleiste. Jeder Teil der Leiste hat seinen eigenen Zylinder, um einen konstanten Arbeitsdruck im gesamten Nachr\u00e4umleistensystem zu gew\u00e4hrleisten. Bei festgefahrenem Schnee wird [&hellip;]<\/p>\n","protected":false},"author":2,"featured_media":0,"parent":0,"menu_order":0,"comment_status":"closed","ping_status":"closed","template":"page-special_page.php","meta":{"footnotes":""},"class_list":["post-13230","page","type-page","status-publish","hentry"],"yoast_head":"<!-- This site is optimized with the Yoast SEO plugin v25.6 - https:\/\/yoast.com\/wordpress\/plugins\/seo\/ -->\n<title>Nachr\u00e4umleiste mit verschiebbarem Andruck | Meiren lumesahad<\/title>\n<meta name=\"description\" content=\"Feinr\u00e4umleiste mit verstellbarem Andruck f\u00fcr Autobahnschneepflug garantiert die Klare Spur auf Strassen.\" \/>\n<meta name=\"robots\" content=\"index, follow, max-snippet:-1, max-image-preview:large, max-video-preview:-1\" \/>\n<link rel=\"canonical\" href=\"https:\/\/www.meiren.ee\/de\/feinraeumleiste\/\" \/>\n<meta property=\"og:locale\" content=\"de_DE\" \/>\n<meta property=\"og:type\" content=\"article\" \/>\n<meta property=\"og:title\" content=\"Nachr\u00e4umleiste mit verschiebbarem Andruck | Meiren lumesahad\" \/>\n<meta property=\"og:description\" content=\"Feinr\u00e4umleiste mit verstellbarem Andruck f\u00fcr Autobahnschneepflug garantiert die Klare Spur auf Strassen.\" \/>\n<meta property=\"og:url\" content=\"https:\/\/www.meiren.ee\/de\/feinraeumleiste\/\" \/>\n<meta property=\"og:site_name\" content=\"Meiren lumesahad\" \/>\n<meta property=\"article:publisher\" content=\"https:\/\/www.facebook.com\/Meiren.ee?ref=nf\" \/>\n<meta property=\"article:modified_time\" content=\"2024-06-17T08:54:26+00:00\" \/>\n<meta property=\"og:image\" content=\"https:\/\/www.meiren.ee\/wp-content\/uploads\/2020\/04\/20180206_105123-300x169.jpg\" \/>\n<meta name=\"twitter:card\" content=\"summary_large_image\" \/>\n<meta name=\"twitter:label1\" content=\"Gesch\u00e4tzte Lesezeit\" \/>\n\t<meta name=\"twitter:data1\" content=\"1\u00a0Minute\" \/>\n<script type=\"application\/ld+json\" class=\"yoast-schema-graph\">{\"@context\":\"https:\/\/schema.org\",\"@graph\":[{\"@type\":\"WebPage\",\"@id\":\"https:\/\/www.meiren.ee\/de\/feinraeumleiste\/\",\"url\":\"https:\/\/www.meiren.ee\/de\/feinraeumleiste\/\",\"name\":\"Nachr\u00e4umleiste mit verschiebbarem Andruck | Meiren lumesahad\",\"isPartOf\":{\"@id\":\"https:\/\/www.meiren.ee\/en\/#website\"},\"primaryImageOfPage\":{\"@id\":\"https:\/\/www.meiren.ee\/de\/feinraeumleiste\/#primaryimage\"},\"image\":{\"@id\":\"https:\/\/www.meiren.ee\/de\/feinraeumleiste\/#primaryimage\"},\"thumbnailUrl\":\"https:\/\/www.meiren.ee\/wp-content\/uploads\/2020\/04\/20180206_105123-300x169.jpg\",\"datePublished\":\"2021-09-02T08:35:44+00:00\",\"dateModified\":\"2024-06-17T08:54:26+00:00\",\"description\":\"Feinr\u00e4umleiste mit verstellbarem Andruck f\u00fcr Autobahnschneepflug garantiert die Klare Spur auf Strassen.\",\"breadcrumb\":{\"@id\":\"https:\/\/www.meiren.ee\/de\/feinraeumleiste\/#breadcrumb\"},\"inLanguage\":\"de\",\"potentialAction\":[{\"@type\":\"ReadAction\",\"target\":[\"https:\/\/www.meiren.ee\/de\/feinraeumleiste\/\"]}]},{\"@type\":\"ImageObject\",\"inLanguage\":\"de\",\"@id\":\"https:\/\/www.meiren.ee\/de\/feinraeumleiste\/#primaryimage\",\"url\":\"https:\/\/www.meiren.ee\/wp-content\/uploads\/2020\/04\/20180206_105123-300x169.jpg\",\"contentUrl\":\"https:\/\/www.meiren.ee\/wp-content\/uploads\/2020\/04\/20180206_105123-300x169.jpg\"},{\"@type\":\"BreadcrumbList\",\"@id\":\"https:\/\/www.meiren.ee\/de\/feinraeumleiste\/#breadcrumb\",\"itemListElement\":[{\"@type\":\"ListItem\",\"position\":1,\"name\":\"Home\",\"item\":\"https:\/\/www.meiren.ee\/en\/\"},{\"@type\":\"ListItem\",\"position\":2,\"name\":\"Nachr\u00e4umleiste mit verschiebbarem Andruck\"}]},{\"@type\":\"WebSite\",\"@id\":\"https:\/\/www.meiren.ee\/en\/#website\",\"url\":\"https:\/\/www.meiren.ee\/en\/\",\"name\":\"Meiren lumesahad\",\"description\":\"Lumesahk ja lumet\u00f5rje tehnika, maantee lumesahk, lumesahk traktorile, lumesahk maasturile, harjad, lumekopp, varuosad ja hooldus, lumesaha terad, Kobit s.r.o. soolapuisturid\",\"potentialAction\":[{\"@type\":\"SearchAction\",\"target\":{\"@type\":\"EntryPoint\",\"urlTemplate\":\"https:\/\/www.meiren.ee\/en\/?s={search_term_string}\"},\"query-input\":{\"@type\":\"PropertyValueSpecification\",\"valueRequired\":true,\"valueName\":\"search_term_string\"}}],\"inLanguage\":\"de\"}]}<\/script>\n<!-- \/ Yoast SEO plugin. -->","yoast_head_json":{"title":"Nachr\u00e4umleiste mit verschiebbarem Andruck | Meiren lumesahad","description":"Feinr\u00e4umleiste mit verstellbarem Andruck f\u00fcr Autobahnschneepflug garantiert die Klare Spur auf Strassen.","robots":{"index":"index","follow":"follow","max-snippet":"max-snippet:-1","max-image-preview":"max-image-preview:large","max-video-preview":"max-video-preview:-1"},"canonical":"https:\/\/www.meiren.ee\/de\/feinraeumleiste\/","og_locale":"de_DE","og_type":"article","og_title":"Nachr\u00e4umleiste mit verschiebbarem Andruck | Meiren lumesahad","og_description":"Feinr\u00e4umleiste mit verstellbarem Andruck f\u00fcr Autobahnschneepflug garantiert die Klare Spur auf Strassen.","og_url":"https:\/\/www.meiren.ee\/de\/feinraeumleiste\/","og_site_name":"Meiren lumesahad","article_publisher":"https:\/\/www.facebook.com\/Meiren.ee?ref=nf","article_modified_time":"2024-06-17T08:54:26+00:00","og_image":[{"url":"https:\/\/www.meiren.ee\/wp-content\/uploads\/2020\/04\/20180206_105123-300x169.jpg","type":"","width":"","height":""}],"twitter_card":"summary_large_image","twitter_misc":{"Gesch\u00e4tzte Lesezeit":"1\u00a0Minute"},"schema":{"@context":"https:\/\/schema.org","@graph":[{"@type":"WebPage","@id":"https:\/\/www.meiren.ee\/de\/feinraeumleiste\/","url":"https:\/\/www.meiren.ee\/de\/feinraeumleiste\/","name":"Nachr\u00e4umleiste mit verschiebbarem Andruck | Meiren lumesahad","isPartOf":{"@id":"https:\/\/www.meiren.ee\/en\/#website"},"primaryImageOfPage":{"@id":"https:\/\/www.meiren.ee\/de\/feinraeumleiste\/#primaryimage"},"image":{"@id":"https:\/\/www.meiren.ee\/de\/feinraeumleiste\/#primaryimage"},"thumbnailUrl":"https:\/\/www.meiren.ee\/wp-content\/uploads\/2020\/04\/20180206_105123-300x169.jpg","datePublished":"2021-09-02T08:35:44+00:00","dateModified":"2024-06-17T08:54:26+00:00","description":"Feinr\u00e4umleiste mit verstellbarem Andruck f\u00fcr Autobahnschneepflug garantiert die Klare Spur auf Strassen.","breadcrumb":{"@id":"https:\/\/www.meiren.ee\/de\/feinraeumleiste\/#breadcrumb"},"inLanguage":"de","potentialAction":[{"@type":"ReadAction","target":["https:\/\/www.meiren.ee\/de\/feinraeumleiste\/"]}]},{"@type":"ImageObject","inLanguage":"de","@id":"https:\/\/www.meiren.ee\/de\/feinraeumleiste\/#primaryimage","url":"https:\/\/www.meiren.ee\/wp-content\/uploads\/2020\/04\/20180206_105123-300x169.jpg","contentUrl":"https:\/\/www.meiren.ee\/wp-content\/uploads\/2020\/04\/20180206_105123-300x169.jpg"},{"@type":"BreadcrumbList","@id":"https:\/\/www.meiren.ee\/de\/feinraeumleiste\/#breadcrumb","itemListElement":[{"@type":"ListItem","position":1,"name":"Home","item":"https:\/\/www.meiren.ee\/en\/"},{"@type":"ListItem","position":2,"name":"Nachr\u00e4umleiste mit verschiebbarem Andruck"}]},{"@type":"WebSite","@id":"https:\/\/www.meiren.ee\/en\/#website","url":"https:\/\/www.meiren.ee\/en\/","name":"Meiren lumesahad","description":"Lumesahk ja lumet\u00f5rje tehnika, maantee lumesahk, lumesahk traktorile, lumesahk maasturile, harjad, lumekopp, varuosad ja hooldus, lumesaha terad, Kobit s.r.o. soolapuisturid","potentialAction":[{"@type":"SearchAction","target":{"@type":"EntryPoint","urlTemplate":"https:\/\/www.meiren.ee\/en\/?s={search_term_string}"},"query-input":{"@type":"PropertyValueSpecification","valueRequired":true,"valueName":"search_term_string"}}],"inLanguage":"de"}]}},"_links":{"self":[{"href":"https:\/\/www.meiren.ee\/de\/wp-json\/wp\/v2\/pages\/13230"}],"collection":[{"href":"https:\/\/www.meiren.ee\/de\/wp-json\/wp\/v2\/pages"}],"about":[{"href":"https:\/\/www.meiren.ee\/de\/wp-json\/wp\/v2\/types\/page"}],"author":[{"embeddable":true,"href":"https:\/\/www.meiren.ee\/de\/wp-json\/wp\/v2\/users\/2"}],"replies":[{"embeddable":true,"href":"https:\/\/www.meiren.ee\/de\/wp-json\/wp\/v2\/comments?post=13230"}],"version-history":[{"count":13,"href":"https:\/\/www.meiren.ee\/de\/wp-json\/wp\/v2\/pages\/13230\/revisions"}],"predecessor-version":[{"id":23628,"href":"https:\/\/www.meiren.ee\/de\/wp-json\/wp\/v2\/pages\/13230\/revisions\/23628"}],"wp:attachment":[{"href":"https:\/\/www.meiren.ee\/de\/wp-json\/wp\/v2\/media?parent=13230"}],"curies":[{"name":"wp","href":"https:\/\/api.w.org\/{rel}","templated":true}]}}