{"id":13259,"date":"2017-07-31T16:57:11","date_gmt":"2017-07-31T13:57:11","guid":{"rendered":"https:\/\/meiren.ee\/de\/?page_id=13259"},"modified":"2022-10-31T16:23:25","modified_gmt":"2022-10-31T14:23:25","slug":"manometer-2","status":"publish","type":"page","link":"https:\/\/www.meiren.ee\/de\/manometer-2\/","title":{"rendered":"Manometer"},"content":{"rendered":"<div id=\"attachment_3644\" style=\"width: 400px\" class=\"wp-caption alignnone\"><img fetchpriority=\"high\" decoding=\"async\" aria-describedby=\"caption-attachment-3644\" class=\"wp-image-3644 size-thumbnail\" src=\"https:\/\/meiren.ee\/wp-content\/uploads\/2014\/07\/Manomeeter-390x270.jpg\" alt=\"Manometer f\u00fcr die Feinr\u00e4umleiste\" width=\"390\" height=\"270\" \/><p id=\"caption-attachment-3644\" class=\"wp-caption-text\">Manometer<\/p><\/div>\n<p><strong>Das Manometer<\/strong> erleichtert die Wahl des richtigen Drucks f\u00fcr das <a href=\"https:\/\/meiren.ee\/de\/feinraeumleiste\/\"><u>hydraulische Nachr\u00e4umleistenhaltermechanismus<\/u><\/a>, um die besten R\u00e4umleistungen zu erzielen. Die Verwendung eines Manometers tr\u00e4gt ebenfalls dazu bei, die Lebensdauer der Leiste zu verl\u00e4ngern.<\/p>\n","protected":false},"excerpt":{"rendered":"<p>Das Manometer erleichtert die Wahl des richtigen Drucks f\u00fcr das hydraulische Nachr\u00e4umleistenhaltermechanismus, um die besten R\u00e4umleistungen zu erzielen. Die Verwendung eines Manometers tr\u00e4gt ebenfalls dazu bei, die Lebensdauer der Leiste zu verl\u00e4ngern.<\/p>\n","protected":false},"author":2,"featured_media":0,"parent":0,"menu_order":0,"comment_status":"closed","ping_status":"closed","template":"page-special_page.php","meta":{"footnotes":""},"class_list":["post-13259","page","type-page","status-publish","hentry"],"yoast_head":"<!-- This site is optimized with the Yoast SEO plugin v25.6 - https:\/\/yoast.com\/wordpress\/plugins\/seo\/ -->\n<title>Manometer | Meiren lumesahad<\/title>\n<meta name=\"description\" content=\"Manometer f\u00fcr die Feinr\u00e4umleiste. Um die Druckregelung zu vereinfachen, verwenden Sie das Manometer.\" \/>\n<meta name=\"robots\" content=\"index, follow, max-snippet:-1, max-image-preview:large, max-video-preview:-1\" \/>\n<link rel=\"canonical\" href=\"https:\/\/www.meiren.ee\/manomeeter\/\" \/>\n<meta property=\"og:locale\" content=\"de_DE\" \/>\n<meta property=\"og:type\" content=\"article\" \/>\n<meta property=\"og:title\" content=\"Manometer | Meiren lumesahad\" \/>\n<meta property=\"og:description\" content=\"Manometer f\u00fcr die Feinr\u00e4umleiste. Um die Druckregelung zu vereinfachen, verwenden Sie das Manometer.\" \/>\n<meta property=\"og:url\" content=\"https:\/\/www.meiren.ee\/manomeeter\/\" \/>\n<meta property=\"og:site_name\" content=\"Meiren lumesahad\" \/>\n<meta property=\"article:publisher\" content=\"https:\/\/www.facebook.com\/Meiren.ee?ref=nf\" \/>\n<meta property=\"article:modified_time\" content=\"2022-10-31T14:23:25+00:00\" \/>\n<meta property=\"og:image\" content=\"https:\/\/meiren.ee\/wp-content\/uploads\/2014\/07\/Manomeeter-390x270.jpg\" \/>\n<meta name=\"twitter:card\" content=\"summary_large_image\" \/>\n<meta name=\"twitter:label1\" content=\"Gesch\u00e4tzte Lesezeit\" \/>\n\t<meta name=\"twitter:data1\" content=\"1\u00a0Minute\" \/>\n<script type=\"application\/ld+json\" class=\"yoast-schema-graph\">{\"@context\":\"https:\/\/schema.org\",\"@graph\":[{\"@type\":\"WebPage\",\"@id\":\"https:\/\/www.meiren.ee\/manomeeter\/\",\"url\":\"https:\/\/www.meiren.ee\/manomeeter\/\",\"name\":\"Manometer | Meiren lumesahad\",\"isPartOf\":{\"@id\":\"https:\/\/www.meiren.ee\/en\/#website\"},\"primaryImageOfPage\":{\"@id\":\"https:\/\/www.meiren.ee\/manomeeter\/#primaryimage\"},\"image\":{\"@id\":\"https:\/\/www.meiren.ee\/manomeeter\/#primaryimage\"},\"thumbnailUrl\":\"https:\/\/meiren.ee\/wp-content\/uploads\/2014\/07\/Manomeeter-390x270.jpg\",\"datePublished\":\"2017-07-31T13:57:11+00:00\",\"dateModified\":\"2022-10-31T14:23:25+00:00\",\"description\":\"Manometer f\u00fcr die Feinr\u00e4umleiste. Um die Druckregelung zu vereinfachen, verwenden Sie das Manometer.\",\"breadcrumb\":{\"@id\":\"https:\/\/www.meiren.ee\/manomeeter\/#breadcrumb\"},\"inLanguage\":\"de\",\"potentialAction\":[{\"@type\":\"ReadAction\",\"target\":[\"https:\/\/www.meiren.ee\/manomeeter\/\"]}]},{\"@type\":\"ImageObject\",\"inLanguage\":\"de\",\"@id\":\"https:\/\/www.meiren.ee\/manomeeter\/#primaryimage\",\"url\":\"https:\/\/meiren.ee\/wp-content\/uploads\/2014\/07\/Manomeeter-390x270.jpg\",\"contentUrl\":\"https:\/\/meiren.ee\/wp-content\/uploads\/2014\/07\/Manomeeter-390x270.jpg\"},{\"@type\":\"BreadcrumbList\",\"@id\":\"https:\/\/www.meiren.ee\/manomeeter\/#breadcrumb\",\"itemListElement\":[{\"@type\":\"ListItem\",\"position\":1,\"name\":\"Home\",\"item\":\"https:\/\/www.meiren.ee\/en\/\"},{\"@type\":\"ListItem\",\"position\":2,\"name\":\"Manometer\"}]},{\"@type\":\"WebSite\",\"@id\":\"https:\/\/www.meiren.ee\/en\/#website\",\"url\":\"https:\/\/www.meiren.ee\/en\/\",\"name\":\"Meiren lumesahad\",\"description\":\"Lumesahk ja lumet\u00f5rje tehnika, maantee lumesahk, lumesahk traktorile, lumesahk maasturile, harjad, lumekopp, varuosad ja hooldus, lumesaha terad, Kobit s.r.o. soolapuisturid\",\"potentialAction\":[{\"@type\":\"SearchAction\",\"target\":{\"@type\":\"EntryPoint\",\"urlTemplate\":\"https:\/\/www.meiren.ee\/en\/?s={search_term_string}\"},\"query-input\":{\"@type\":\"PropertyValueSpecification\",\"valueRequired\":true,\"valueName\":\"search_term_string\"}}],\"inLanguage\":\"de\"}]}<\/script>\n<!-- \/ Yoast SEO plugin. -->","yoast_head_json":{"title":"Manometer | Meiren lumesahad","description":"Manometer f\u00fcr die Feinr\u00e4umleiste. Um die Druckregelung zu vereinfachen, verwenden Sie das Manometer.","robots":{"index":"index","follow":"follow","max-snippet":"max-snippet:-1","max-image-preview":"max-image-preview:large","max-video-preview":"max-video-preview:-1"},"canonical":"https:\/\/www.meiren.ee\/manomeeter\/","og_locale":"de_DE","og_type":"article","og_title":"Manometer | Meiren lumesahad","og_description":"Manometer f\u00fcr die Feinr\u00e4umleiste. Um die Druckregelung zu vereinfachen, verwenden Sie das Manometer.","og_url":"https:\/\/www.meiren.ee\/manomeeter\/","og_site_name":"Meiren lumesahad","article_publisher":"https:\/\/www.facebook.com\/Meiren.ee?ref=nf","article_modified_time":"2022-10-31T14:23:25+00:00","og_image":[{"url":"https:\/\/meiren.ee\/wp-content\/uploads\/2014\/07\/Manomeeter-390x270.jpg","type":"","width":"","height":""}],"twitter_card":"summary_large_image","twitter_misc":{"Gesch\u00e4tzte Lesezeit":"1\u00a0Minute"},"schema":{"@context":"https:\/\/schema.org","@graph":[{"@type":"WebPage","@id":"https:\/\/www.meiren.ee\/manomeeter\/","url":"https:\/\/www.meiren.ee\/manomeeter\/","name":"Manometer | Meiren lumesahad","isPartOf":{"@id":"https:\/\/www.meiren.ee\/en\/#website"},"primaryImageOfPage":{"@id":"https:\/\/www.meiren.ee\/manomeeter\/#primaryimage"},"image":{"@id":"https:\/\/www.meiren.ee\/manomeeter\/#primaryimage"},"thumbnailUrl":"https:\/\/meiren.ee\/wp-content\/uploads\/2014\/07\/Manomeeter-390x270.jpg","datePublished":"2017-07-31T13:57:11+00:00","dateModified":"2022-10-31T14:23:25+00:00","description":"Manometer f\u00fcr die Feinr\u00e4umleiste. Um die Druckregelung zu vereinfachen, verwenden Sie das Manometer.","breadcrumb":{"@id":"https:\/\/www.meiren.ee\/manomeeter\/#breadcrumb"},"inLanguage":"de","potentialAction":[{"@type":"ReadAction","target":["https:\/\/www.meiren.ee\/manomeeter\/"]}]},{"@type":"ImageObject","inLanguage":"de","@id":"https:\/\/www.meiren.ee\/manomeeter\/#primaryimage","url":"https:\/\/meiren.ee\/wp-content\/uploads\/2014\/07\/Manomeeter-390x270.jpg","contentUrl":"https:\/\/meiren.ee\/wp-content\/uploads\/2014\/07\/Manomeeter-390x270.jpg"},{"@type":"BreadcrumbList","@id":"https:\/\/www.meiren.ee\/manomeeter\/#breadcrumb","itemListElement":[{"@type":"ListItem","position":1,"name":"Home","item":"https:\/\/www.meiren.ee\/en\/"},{"@type":"ListItem","position":2,"name":"Manometer"}]},{"@type":"WebSite","@id":"https:\/\/www.meiren.ee\/en\/#website","url":"https:\/\/www.meiren.ee\/en\/","name":"Meiren lumesahad","description":"Lumesahk ja lumet\u00f5rje tehnika, maantee lumesahk, lumesahk traktorile, lumesahk maasturile, harjad, lumekopp, varuosad ja hooldus, lumesaha terad, Kobit s.r.o. soolapuisturid","potentialAction":[{"@type":"SearchAction","target":{"@type":"EntryPoint","urlTemplate":"https:\/\/www.meiren.ee\/en\/?s={search_term_string}"},"query-input":{"@type":"PropertyValueSpecification","valueRequired":true,"valueName":"search_term_string"}}],"inLanguage":"de"}]}},"_links":{"self":[{"href":"https:\/\/www.meiren.ee\/de\/wp-json\/wp\/v2\/pages\/13259"}],"collection":[{"href":"https:\/\/www.meiren.ee\/de\/wp-json\/wp\/v2\/pages"}],"about":[{"href":"https:\/\/www.meiren.ee\/de\/wp-json\/wp\/v2\/types\/page"}],"author":[{"embeddable":true,"href":"https:\/\/www.meiren.ee\/de\/wp-json\/wp\/v2\/users\/2"}],"replies":[{"embeddable":true,"href":"https:\/\/www.meiren.ee\/de\/wp-json\/wp\/v2\/comments?post=13259"}],"version-history":[{"count":8,"href":"https:\/\/www.meiren.ee\/de\/wp-json\/wp\/v2\/pages\/13259\/revisions"}],"predecessor-version":[{"id":20003,"href":"https:\/\/www.meiren.ee\/de\/wp-json\/wp\/v2\/pages\/13259\/revisions\/20003"}],"wp:attachment":[{"href":"https:\/\/www.meiren.ee\/de\/wp-json\/wp\/v2\/media?parent=13259"}],"curies":[{"name":"wp","href":"https:\/\/api.w.org\/{rel}","templated":true}]}}