{"id":13268,"date":"2021-09-02T11:10:43","date_gmt":"2021-09-02T08:10:43","guid":{"rendered":"https:\/\/meiren.ee\/de\/?page_id=13268"},"modified":"2022-11-08T16:45:05","modified_gmt":"2022-11-08T14:45:05","slug":"verschiebbares-parallelogramm","status":"publish","type":"page","link":"https:\/\/www.meiren.ee\/de\/verschiebbares-parallelogramm\/","title":{"rendered":"Verschiebbares Parallelogramm"},"content":{"rendered":"<p><img fetchpriority=\"high\" decoding=\"async\" class=\"alignnone wp-image-22072 size-thumbnail\" src=\"https:\/\/www.meiren.ee\/wp-content\/uploads\/2022\/11\/Parallelogram_patented-390x270.jpg\" alt=\"Verschiebbares Parallelogramm\" width=\"390\" height=\"270\" srcset=\"https:\/\/www.meiren.ee\/wp-content\/uploads\/2022\/11\/Parallelogram_patented.jpg 390w, https:\/\/www.meiren.ee\/wp-content\/uploads\/2022\/11\/Parallelogram_patented-300x208.jpg 300w\" sizes=\"(max-width: 390px) 100vw, 390px\" \/><\/p>\n<p><strong>Patentiertes, seitlich verstellbares Parallelogramm mit Doppelwirkung<\/strong><\/p>\n<ul>\n<li><strong>R\u00e4umbreite bis zu 8,5 m<\/strong> &#8211; das v\u00f6llig einzigartiges, patentiertes Parallelogramm erm\u00f6glicht gleichzeitig den Schneepflug seitlich zu verschieben und heben. Die seitliche Verschiebungsfunktion bietet dem Bediener mehr M\u00f6glichkeiten mit dem Schneepflug zu man\u00f6vrieren. In Kombination mit dem 5,5-m-Seitenschneepflug <a href=\"https:\/\/www.meiren.ee\/de\/schneepfluge\/schneepflug-ksm04\/\"><strong>KSM 04<\/strong><\/a> wird eine Arbeitsbreite bis zu 8,5 m breit.<\/li>\n<li><strong>Sparsamer Einsatz der R\u00e4umleisten<\/strong> &#8211; mit dem Hubzylinder kann den Schneepflug nach Bedarf angehoben oder geschoben werden, das einen sparsamen Einsatz der R\u00e4umleisten gew\u00e4hrleistet. Reduzierte Kraftstoff- und Wartungskosten.<\/li>\n<li><strong>Weniger Salz<\/strong> &#8211; Maximales Kopieren der Oberfl\u00e4che und ein hydraulischer Mechanismus der Nachr\u00e4umleistenhalter sorgen f\u00fcr eine saubere Oberfl\u00e4che auch bei einem einzigen R\u00e4umungsprozess und reduzieren den Salzbedarf.<\/li>\n<\/ul>\n<p><img decoding=\"async\" class=\"wp-image-19957 alignleft\" src=\"https:\/\/www.meiren.ee\/wp-content\/uploads\/2021\/09\/Parallelogramm_1-890x418.png\" alt=\"\" width=\"361\" height=\"170\" srcset=\"https:\/\/www.meiren.ee\/wp-content\/uploads\/2021\/09\/Parallelogramm_1-890x418.png 890w, https:\/\/www.meiren.ee\/wp-content\/uploads\/2021\/09\/Parallelogramm_1-300x141.png 300w, https:\/\/www.meiren.ee\/wp-content\/uploads\/2021\/09\/Parallelogramm_1-768x361.png 768w, https:\/\/www.meiren.ee\/wp-content\/uploads\/2021\/09\/Parallelogramm_1-1536x722.png 1536w, https:\/\/www.meiren.ee\/wp-content\/uploads\/2021\/09\/Parallelogramm_1-2048x962.png 2048w\" sizes=\"(max-width: 361px) 100vw, 361px\" \/><img decoding=\"async\" class=\"wp-image-19951 alignleft\" src=\"https:\/\/www.meiren.ee\/wp-content\/uploads\/2021\/09\/Parallelogramm_2-890x389.png\" alt=\"\" width=\"389\" height=\"170\" srcset=\"https:\/\/www.meiren.ee\/wp-content\/uploads\/2021\/09\/Parallelogramm_2-890x389.png 890w, https:\/\/www.meiren.ee\/wp-content\/uploads\/2021\/09\/Parallelogramm_2-300x131.png 300w, https:\/\/www.meiren.ee\/wp-content\/uploads\/2021\/09\/Parallelogramm_2-768x336.png 768w, https:\/\/www.meiren.ee\/wp-content\/uploads\/2021\/09\/Parallelogramm_2-1536x671.png 1536w, https:\/\/www.meiren.ee\/wp-content\/uploads\/2021\/09\/Parallelogramm_2-2048x895.png 2048w\" sizes=\"(max-width: 389px) 100vw, 389px\" \/><\/p>\n<p>&nbsp;<\/p>\n<p>&nbsp;<\/p>\n<p>&nbsp;<\/p>\n<p>&nbsp;<\/p>\n<p>&nbsp;<\/p>\n<div style=\"width: 852px;\" class=\"wp-video\"><!--[if lt IE 9]><script>document.createElement('video');<\/script><![endif]-->\n<video class=\"wp-video-shortcode\" id=\"video-13268-1\" width=\"852\" height=\"480\" preload=\"metadata\" controls=\"controls\"><source type=\"video\/mp4\" src=\"https:\/\/www.meiren.ee\/wp-content\/uploads\/2021\/09\/MSPN04-parallelogramm.mp4?_=1\" \/><a href=\"https:\/\/www.meiren.ee\/wp-content\/uploads\/2021\/09\/MSPN04-parallelogramm.mp4\">https:\/\/www.meiren.ee\/wp-content\/uploads\/2021\/09\/MSPN04-parallelogramm.mp4<\/a><\/video><\/div>\n<p>&nbsp;<\/p>\n<div style=\"width: 852px;\" class=\"wp-video\"><video class=\"wp-video-shortcode\" id=\"video-13268-2\" width=\"852\" height=\"480\" preload=\"metadata\" controls=\"controls\"><source type=\"video\/mp4\" src=\"https:\/\/www.meiren.ee\/wp-content\/uploads\/2021\/09\/Snow-removal-with-MSPN-parallelogramm.mp4?_=2\" \/><a href=\"https:\/\/www.meiren.ee\/wp-content\/uploads\/2021\/09\/Snow-removal-with-MSPN-parallelogramm.mp4\">https:\/\/www.meiren.ee\/wp-content\/uploads\/2021\/09\/Snow-removal-with-MSPN-parallelogramm.mp4<\/a><\/video><\/div>\n<p>&nbsp;<\/p>\n<figure class=\"video-container\"><iframe title=\"Meiren snow plows - Why sideshift?\" width=\"500\" height=\"281\" src=\"https:\/\/www.youtube.com\/embed\/bADUKGULo-c?feature=oembed\" frameborder=\"0\" allow=\"accelerometer; autoplay; clipboard-write; encrypted-media; gyroscope; picture-in-picture; web-share\" referrerpolicy=\"strict-origin-when-cross-origin\" allowfullscreen><\/iframe><\/figure>\n<p>&nbsp;<\/p>\n","protected":false},"excerpt":{"rendered":"<p>Patentiertes, seitlich verstellbares Parallelogramm mit Doppelwirkung R\u00e4umbreite bis zu 8,5 m &#8211; das v\u00f6llig einzigartiges, patentiertes Parallelogramm erm\u00f6glicht gleichzeitig den Schneepflug seitlich zu verschieben und heben. Die seitliche Verschiebungsfunktion bietet dem Bediener mehr M\u00f6glichkeiten mit dem Schneepflug zu man\u00f6vrieren. In Kombination mit dem 5,5-m-Seitenschneepflug KSM 04 wird eine Arbeitsbreite bis zu 8,5 m breit. Sparsamer [&hellip;]<\/p>\n","protected":false},"author":2,"featured_media":0,"parent":0,"menu_order":0,"comment_status":"closed","ping_status":"closed","template":"page-special_page.php","meta":{"footnotes":""},"class_list":["post-13268","page","type-page","status-publish","hentry"],"yoast_head":"<!-- This site is optimized with the Yoast SEO plugin v25.6 - https:\/\/yoast.com\/wordpress\/plugins\/seo\/ -->\n<title>Verschiebbares Parallelogramm | Meiren lumesahad<\/title>\n<meta name=\"robots\" content=\"index, follow, max-snippet:-1, max-image-preview:large, max-video-preview:-1\" \/>\n<link rel=\"canonical\" href=\"https:\/\/www.meiren.ee\/de\/verschiebbares-parallelogramm\/\" \/>\n<meta property=\"og:locale\" content=\"de_DE\" \/>\n<meta property=\"og:type\" content=\"article\" \/>\n<meta property=\"og:title\" content=\"Verschiebbares Parallelogramm | Meiren lumesahad\" \/>\n<meta property=\"og:description\" content=\"Patentiertes, seitlich verstellbares Parallelogramm mit Doppelwirkung R\u00e4umbreite bis zu 8,5 m &#8211; das v\u00f6llig einzigartiges, patentiertes Parallelogramm erm\u00f6glicht gleichzeitig den Schneepflug seitlich zu verschieben und heben. Die seitliche Verschiebungsfunktion bietet dem Bediener mehr M\u00f6glichkeiten mit dem Schneepflug zu man\u00f6vrieren. In Kombination mit dem 5,5-m-Seitenschneepflug KSM 04 wird eine Arbeitsbreite bis zu 8,5 m breit. Sparsamer [&hellip;]\" \/>\n<meta property=\"og:url\" content=\"https:\/\/www.meiren.ee\/de\/verschiebbares-parallelogramm\/\" \/>\n<meta property=\"og:site_name\" content=\"Meiren lumesahad\" \/>\n<meta property=\"article:publisher\" content=\"https:\/\/www.facebook.com\/Meiren.ee?ref=nf\" \/>\n<meta property=\"article:modified_time\" content=\"2022-11-08T14:45:05+00:00\" \/>\n<meta property=\"og:image\" content=\"https:\/\/www.meiren.ee\/wp-content\/uploads\/2022\/11\/Parallelogram_patented-390x270.jpg\" \/>\n<meta name=\"twitter:card\" content=\"summary_large_image\" \/>\n<meta name=\"twitter:label1\" content=\"Gesch\u00e4tzte Lesezeit\" \/>\n\t<meta name=\"twitter:data1\" content=\"2\u00a0Minuten\" \/>\n<script type=\"application\/ld+json\" class=\"yoast-schema-graph\">{\"@context\":\"https:\/\/schema.org\",\"@graph\":[{\"@type\":\"WebPage\",\"@id\":\"https:\/\/www.meiren.ee\/de\/verschiebbares-parallelogramm\/\",\"url\":\"https:\/\/www.meiren.ee\/de\/verschiebbares-parallelogramm\/\",\"name\":\"Verschiebbares Parallelogramm | Meiren lumesahad\",\"isPartOf\":{\"@id\":\"https:\/\/www.meiren.ee\/en\/#website\"},\"primaryImageOfPage\":{\"@id\":\"https:\/\/www.meiren.ee\/de\/verschiebbares-parallelogramm\/#primaryimage\"},\"image\":{\"@id\":\"https:\/\/www.meiren.ee\/de\/verschiebbares-parallelogramm\/#primaryimage\"},\"thumbnailUrl\":\"https:\/\/www.meiren.ee\/wp-content\/uploads\/2022\/11\/Parallelogram_patented-390x270.jpg\",\"datePublished\":\"2021-09-02T08:10:43+00:00\",\"dateModified\":\"2022-11-08T14:45:05+00:00\",\"breadcrumb\":{\"@id\":\"https:\/\/www.meiren.ee\/de\/verschiebbares-parallelogramm\/#breadcrumb\"},\"inLanguage\":\"de\",\"potentialAction\":[{\"@type\":\"ReadAction\",\"target\":[\"https:\/\/www.meiren.ee\/de\/verschiebbares-parallelogramm\/\"]}]},{\"@type\":\"ImageObject\",\"inLanguage\":\"de\",\"@id\":\"https:\/\/www.meiren.ee\/de\/verschiebbares-parallelogramm\/#primaryimage\",\"url\":\"https:\/\/www.meiren.ee\/wp-content\/uploads\/2022\/11\/Parallelogram_patented-390x270.jpg\",\"contentUrl\":\"https:\/\/www.meiren.ee\/wp-content\/uploads\/2022\/11\/Parallelogram_patented-390x270.jpg\"},{\"@type\":\"BreadcrumbList\",\"@id\":\"https:\/\/www.meiren.ee\/de\/verschiebbares-parallelogramm\/#breadcrumb\",\"itemListElement\":[{\"@type\":\"ListItem\",\"position\":1,\"name\":\"Home\",\"item\":\"https:\/\/www.meiren.ee\/en\/\"},{\"@type\":\"ListItem\",\"position\":2,\"name\":\"Verschiebbares Parallelogramm\"}]},{\"@type\":\"WebSite\",\"@id\":\"https:\/\/www.meiren.ee\/en\/#website\",\"url\":\"https:\/\/www.meiren.ee\/en\/\",\"name\":\"Meiren lumesahad\",\"description\":\"Lumesahk ja lumet\u00f5rje tehnika, maantee lumesahk, lumesahk traktorile, lumesahk maasturile, harjad, lumekopp, varuosad ja hooldus, lumesaha terad, Kobit s.r.o. soolapuisturid\",\"potentialAction\":[{\"@type\":\"SearchAction\",\"target\":{\"@type\":\"EntryPoint\",\"urlTemplate\":\"https:\/\/www.meiren.ee\/en\/?s={search_term_string}\"},\"query-input\":{\"@type\":\"PropertyValueSpecification\",\"valueRequired\":true,\"valueName\":\"search_term_string\"}}],\"inLanguage\":\"de\"}]}<\/script>\n<!-- \/ Yoast SEO plugin. -->","yoast_head_json":{"title":"Verschiebbares Parallelogramm | Meiren lumesahad","robots":{"index":"index","follow":"follow","max-snippet":"max-snippet:-1","max-image-preview":"max-image-preview:large","max-video-preview":"max-video-preview:-1"},"canonical":"https:\/\/www.meiren.ee\/de\/verschiebbares-parallelogramm\/","og_locale":"de_DE","og_type":"article","og_title":"Verschiebbares Parallelogramm | Meiren lumesahad","og_description":"Patentiertes, seitlich verstellbares Parallelogramm mit Doppelwirkung R\u00e4umbreite bis zu 8,5 m &#8211; das v\u00f6llig einzigartiges, patentiertes Parallelogramm erm\u00f6glicht gleichzeitig den Schneepflug seitlich zu verschieben und heben. Die seitliche Verschiebungsfunktion bietet dem Bediener mehr M\u00f6glichkeiten mit dem Schneepflug zu man\u00f6vrieren. In Kombination mit dem 5,5-m-Seitenschneepflug KSM 04 wird eine Arbeitsbreite bis zu 8,5 m breit. Sparsamer [&hellip;]","og_url":"https:\/\/www.meiren.ee\/de\/verschiebbares-parallelogramm\/","og_site_name":"Meiren lumesahad","article_publisher":"https:\/\/www.facebook.com\/Meiren.ee?ref=nf","article_modified_time":"2022-11-08T14:45:05+00:00","og_image":[{"url":"https:\/\/www.meiren.ee\/wp-content\/uploads\/2022\/11\/Parallelogram_patented-390x270.jpg","type":"","width":"","height":""}],"twitter_card":"summary_large_image","twitter_misc":{"Gesch\u00e4tzte Lesezeit":"2\u00a0Minuten"},"schema":{"@context":"https:\/\/schema.org","@graph":[{"@type":"WebPage","@id":"https:\/\/www.meiren.ee\/de\/verschiebbares-parallelogramm\/","url":"https:\/\/www.meiren.ee\/de\/verschiebbares-parallelogramm\/","name":"Verschiebbares Parallelogramm | Meiren lumesahad","isPartOf":{"@id":"https:\/\/www.meiren.ee\/en\/#website"},"primaryImageOfPage":{"@id":"https:\/\/www.meiren.ee\/de\/verschiebbares-parallelogramm\/#primaryimage"},"image":{"@id":"https:\/\/www.meiren.ee\/de\/verschiebbares-parallelogramm\/#primaryimage"},"thumbnailUrl":"https:\/\/www.meiren.ee\/wp-content\/uploads\/2022\/11\/Parallelogram_patented-390x270.jpg","datePublished":"2021-09-02T08:10:43+00:00","dateModified":"2022-11-08T14:45:05+00:00","breadcrumb":{"@id":"https:\/\/www.meiren.ee\/de\/verschiebbares-parallelogramm\/#breadcrumb"},"inLanguage":"de","potentialAction":[{"@type":"ReadAction","target":["https:\/\/www.meiren.ee\/de\/verschiebbares-parallelogramm\/"]}]},{"@type":"ImageObject","inLanguage":"de","@id":"https:\/\/www.meiren.ee\/de\/verschiebbares-parallelogramm\/#primaryimage","url":"https:\/\/www.meiren.ee\/wp-content\/uploads\/2022\/11\/Parallelogram_patented-390x270.jpg","contentUrl":"https:\/\/www.meiren.ee\/wp-content\/uploads\/2022\/11\/Parallelogram_patented-390x270.jpg"},{"@type":"BreadcrumbList","@id":"https:\/\/www.meiren.ee\/de\/verschiebbares-parallelogramm\/#breadcrumb","itemListElement":[{"@type":"ListItem","position":1,"name":"Home","item":"https:\/\/www.meiren.ee\/en\/"},{"@type":"ListItem","position":2,"name":"Verschiebbares Parallelogramm"}]},{"@type":"WebSite","@id":"https:\/\/www.meiren.ee\/en\/#website","url":"https:\/\/www.meiren.ee\/en\/","name":"Meiren lumesahad","description":"Lumesahk ja lumet\u00f5rje tehnika, maantee lumesahk, lumesahk traktorile, lumesahk maasturile, harjad, lumekopp, varuosad ja hooldus, lumesaha terad, Kobit s.r.o. soolapuisturid","potentialAction":[{"@type":"SearchAction","target":{"@type":"EntryPoint","urlTemplate":"https:\/\/www.meiren.ee\/en\/?s={search_term_string}"},"query-input":{"@type":"PropertyValueSpecification","valueRequired":true,"valueName":"search_term_string"}}],"inLanguage":"de"}]}},"_links":{"self":[{"href":"https:\/\/www.meiren.ee\/de\/wp-json\/wp\/v2\/pages\/13268"}],"collection":[{"href":"https:\/\/www.meiren.ee\/de\/wp-json\/wp\/v2\/pages"}],"about":[{"href":"https:\/\/www.meiren.ee\/de\/wp-json\/wp\/v2\/types\/page"}],"author":[{"embeddable":true,"href":"https:\/\/www.meiren.ee\/de\/wp-json\/wp\/v2\/users\/2"}],"replies":[{"embeddable":true,"href":"https:\/\/www.meiren.ee\/de\/wp-json\/wp\/v2\/comments?post=13268"}],"version-history":[{"count":19,"href":"https:\/\/www.meiren.ee\/de\/wp-json\/wp\/v2\/pages\/13268\/revisions"}],"predecessor-version":[{"id":22123,"href":"https:\/\/www.meiren.ee\/de\/wp-json\/wp\/v2\/pages\/13268\/revisions\/22123"}],"wp:attachment":[{"href":"https:\/\/www.meiren.ee\/de\/wp-json\/wp\/v2\/media?parent=13268"}],"curies":[{"name":"wp","href":"https:\/\/api.w.org\/{rel}","templated":true}]}}