{"id":1922,"date":"2014-07-10T16:27:50","date_gmt":"2014-07-10T13:27:50","guid":{"rendered":"https:\/\/meiren.ee\/?page_id=1922"},"modified":"2019-02-15T14:01:02","modified_gmt":"2019-02-15T12:01:02","slug":"animationen","status":"publish","type":"page","link":"https:\/\/www.meiren.ee\/de\/animationen\/","title":{"rendered":"Animationen"},"content":{"rendered":"<p>Sehen Sie sich Animationen \u00fcber verschiedene innovative R\u00e4uml\u00f6sungen von dem <b>Autobahn- und Strassen-Schneepflug MSPN4604 der n\u00e4chsten Generation<\/b> an.<\/p>\n<h2><a href=\"https:\/\/meiren.ee\/de\/schneepfluge\/autobahn-und-strassen-schneepflug-mspn\/\"><u>Autobahnschneepflug MSPN04<\/u><\/a><\/h2>\n<figure class=\"video-container\"><iframe title=\"Snow removal with highway snowplow MSPN by Meiren Snow\" width=\"500\" height=\"281\" src=\"https:\/\/www.youtube.com\/embed\/whHXLrtcoYo?feature=oembed\" frameborder=\"0\" allow=\"accelerometer; autoplay; clipboard-write; encrypted-media; gyroscope; picture-in-picture; web-share\" referrerpolicy=\"strict-origin-when-cross-origin\" allowfullscreen><\/iframe><\/figure>\n<h2>Die patentierten R\u00e4umleistenhalter aus Polyurethan<\/h2>\n<figure class=\"video-container\"><iframe title=\"Snow clearing with polyurethane blade holder by Meiren Snow\" width=\"500\" height=\"281\" src=\"https:\/\/www.youtube.com\/embed\/ox_kNo544jk?feature=oembed\" frameborder=\"0\" allow=\"accelerometer; autoplay; clipboard-write; encrypted-media; gyroscope; picture-in-picture; web-share\" referrerpolicy=\"strict-origin-when-cross-origin\" allowfullscreen><\/iframe><\/figure>\n","protected":false},"excerpt":{"rendered":"<p>Sehen Sie sich Animationen \u00fcber verschiedene innovative R\u00e4uml\u00f6sungen von dem Autobahn- und Strassen-Schneepflug MSPN4604 der n\u00e4chsten Generation an. Autobahnschneepflug MSPN04 Die patentierten R\u00e4umleistenhalter aus Polyurethan<\/p>\n","protected":false},"author":2,"featured_media":0,"parent":0,"menu_order":0,"comment_status":"closed","ping_status":"open","template":"page-special_page.php","meta":{"footnotes":""},"class_list":["post-1922","page","type-page","status-publish","hentry"],"yoast_head":"<!-- This site is optimized with the Yoast SEO plugin v25.6 - https:\/\/yoast.com\/wordpress\/plugins\/seo\/ -->\n<title>Animationen | Meiren lumesahad<\/title>\n<meta name=\"description\" content=\"Sehen Sie sich Animationen \u00fcber verschiedene innovative R\u00e4uml\u00f6sungen von dem Autobahn- und Strassen-Schneepflug MSPN 4604 der n\u00e4chsten Generation an.\" \/>\n<meta name=\"robots\" content=\"index, follow, max-snippet:-1, max-image-preview:large, max-video-preview:-1\" \/>\n<link rel=\"canonical\" href=\"https:\/\/www.meiren.ee\/de\/animationen\/\" \/>\n<meta property=\"og:locale\" content=\"de_DE\" \/>\n<meta property=\"og:type\" content=\"article\" \/>\n<meta property=\"og:title\" content=\"Animationen | Meiren lumesahad\" \/>\n<meta property=\"og:description\" content=\"Sehen Sie sich Animationen \u00fcber verschiedene innovative R\u00e4uml\u00f6sungen von dem Autobahn- und Strassen-Schneepflug MSPN 4604 der n\u00e4chsten Generation an.\" \/>\n<meta property=\"og:url\" content=\"https:\/\/www.meiren.ee\/de\/animationen\/\" \/>\n<meta property=\"og:site_name\" content=\"Meiren lumesahad\" \/>\n<meta property=\"article:publisher\" content=\"https:\/\/www.facebook.com\/Meiren.ee?ref=nf\" \/>\n<meta property=\"article:modified_time\" content=\"2019-02-15T12:01:02+00:00\" \/>\n<meta name=\"twitter:card\" content=\"summary_large_image\" \/>\n<script type=\"application\/ld+json\" class=\"yoast-schema-graph\">{\"@context\":\"https:\/\/schema.org\",\"@graph\":[{\"@type\":\"WebPage\",\"@id\":\"https:\/\/www.meiren.ee\/de\/animationen\/\",\"url\":\"https:\/\/www.meiren.ee\/de\/animationen\/\",\"name\":\"Animationen | Meiren lumesahad\",\"isPartOf\":{\"@id\":\"https:\/\/www.meiren.ee\/en\/#website\"},\"datePublished\":\"2014-07-10T13:27:50+00:00\",\"dateModified\":\"2019-02-15T12:01:02+00:00\",\"description\":\"Sehen Sie sich Animationen \u00fcber verschiedene innovative R\u00e4uml\u00f6sungen von dem Autobahn- und Strassen-Schneepflug MSPN 4604 der n\u00e4chsten Generation an.\",\"breadcrumb\":{\"@id\":\"https:\/\/www.meiren.ee\/de\/animationen\/#breadcrumb\"},\"inLanguage\":\"de\",\"potentialAction\":[{\"@type\":\"ReadAction\",\"target\":[\"https:\/\/www.meiren.ee\/de\/animationen\/\"]}]},{\"@type\":\"BreadcrumbList\",\"@id\":\"https:\/\/www.meiren.ee\/de\/animationen\/#breadcrumb\",\"itemListElement\":[{\"@type\":\"ListItem\",\"position\":1,\"name\":\"Home\",\"item\":\"https:\/\/www.meiren.ee\/en\/\"},{\"@type\":\"ListItem\",\"position\":2,\"name\":\"Animationen\"}]},{\"@type\":\"WebSite\",\"@id\":\"https:\/\/www.meiren.ee\/en\/#website\",\"url\":\"https:\/\/www.meiren.ee\/en\/\",\"name\":\"Meiren lumesahad\",\"description\":\"Lumesahk ja lumet\u00f5rje tehnika, maantee lumesahk, lumesahk traktorile, lumesahk maasturile, harjad, lumekopp, varuosad ja hooldus, lumesaha terad, Kobit s.r.o. soolapuisturid\",\"potentialAction\":[{\"@type\":\"SearchAction\",\"target\":{\"@type\":\"EntryPoint\",\"urlTemplate\":\"https:\/\/www.meiren.ee\/en\/?s={search_term_string}\"},\"query-input\":{\"@type\":\"PropertyValueSpecification\",\"valueRequired\":true,\"valueName\":\"search_term_string\"}}],\"inLanguage\":\"de\"}]}<\/script>\n<!-- \/ Yoast SEO plugin. -->","yoast_head_json":{"title":"Animationen | Meiren lumesahad","description":"Sehen Sie sich Animationen \u00fcber verschiedene innovative R\u00e4uml\u00f6sungen von dem Autobahn- und Strassen-Schneepflug MSPN 4604 der n\u00e4chsten Generation an.","robots":{"index":"index","follow":"follow","max-snippet":"max-snippet:-1","max-image-preview":"max-image-preview:large","max-video-preview":"max-video-preview:-1"},"canonical":"https:\/\/www.meiren.ee\/de\/animationen\/","og_locale":"de_DE","og_type":"article","og_title":"Animationen | Meiren lumesahad","og_description":"Sehen Sie sich Animationen \u00fcber verschiedene innovative R\u00e4uml\u00f6sungen von dem Autobahn- und Strassen-Schneepflug MSPN 4604 der n\u00e4chsten Generation an.","og_url":"https:\/\/www.meiren.ee\/de\/animationen\/","og_site_name":"Meiren lumesahad","article_publisher":"https:\/\/www.facebook.com\/Meiren.ee?ref=nf","article_modified_time":"2019-02-15T12:01:02+00:00","twitter_card":"summary_large_image","schema":{"@context":"https:\/\/schema.org","@graph":[{"@type":"WebPage","@id":"https:\/\/www.meiren.ee\/de\/animationen\/","url":"https:\/\/www.meiren.ee\/de\/animationen\/","name":"Animationen | Meiren lumesahad","isPartOf":{"@id":"https:\/\/www.meiren.ee\/en\/#website"},"datePublished":"2014-07-10T13:27:50+00:00","dateModified":"2019-02-15T12:01:02+00:00","description":"Sehen Sie sich Animationen \u00fcber verschiedene innovative R\u00e4uml\u00f6sungen von dem Autobahn- und Strassen-Schneepflug MSPN 4604 der n\u00e4chsten Generation an.","breadcrumb":{"@id":"https:\/\/www.meiren.ee\/de\/animationen\/#breadcrumb"},"inLanguage":"de","potentialAction":[{"@type":"ReadAction","target":["https:\/\/www.meiren.ee\/de\/animationen\/"]}]},{"@type":"BreadcrumbList","@id":"https:\/\/www.meiren.ee\/de\/animationen\/#breadcrumb","itemListElement":[{"@type":"ListItem","position":1,"name":"Home","item":"https:\/\/www.meiren.ee\/en\/"},{"@type":"ListItem","position":2,"name":"Animationen"}]},{"@type":"WebSite","@id":"https:\/\/www.meiren.ee\/en\/#website","url":"https:\/\/www.meiren.ee\/en\/","name":"Meiren lumesahad","description":"Lumesahk ja lumet\u00f5rje tehnika, maantee lumesahk, lumesahk traktorile, lumesahk maasturile, harjad, lumekopp, varuosad ja hooldus, lumesaha terad, Kobit s.r.o. soolapuisturid","potentialAction":[{"@type":"SearchAction","target":{"@type":"EntryPoint","urlTemplate":"https:\/\/www.meiren.ee\/en\/?s={search_term_string}"},"query-input":{"@type":"PropertyValueSpecification","valueRequired":true,"valueName":"search_term_string"}}],"inLanguage":"de"}]}},"_links":{"self":[{"href":"https:\/\/www.meiren.ee\/de\/wp-json\/wp\/v2\/pages\/1922"}],"collection":[{"href":"https:\/\/www.meiren.ee\/de\/wp-json\/wp\/v2\/pages"}],"about":[{"href":"https:\/\/www.meiren.ee\/de\/wp-json\/wp\/v2\/types\/page"}],"author":[{"embeddable":true,"href":"https:\/\/www.meiren.ee\/de\/wp-json\/wp\/v2\/users\/2"}],"replies":[{"embeddable":true,"href":"https:\/\/www.meiren.ee\/de\/wp-json\/wp\/v2\/comments?post=1922"}],"version-history":[{"count":17,"href":"https:\/\/www.meiren.ee\/de\/wp-json\/wp\/v2\/pages\/1922\/revisions"}],"predecessor-version":[{"id":15482,"href":"https:\/\/www.meiren.ee\/de\/wp-json\/wp\/v2\/pages\/1922\/revisions\/15482"}],"wp:attachment":[{"href":"https:\/\/www.meiren.ee\/de\/wp-json\/wp\/v2\/media?parent=1922"}],"curies":[{"name":"wp","href":"https:\/\/api.w.org\/{rel}","templated":true}]}}