{"id":19842,"date":"2021-08-02T13:40:40","date_gmt":"2021-08-02T10:40:40","guid":{"rendered":"https:\/\/www.meiren.ee\/?page_id=19842"},"modified":"2022-10-31T16:43:19","modified_gmt":"2022-10-31T14:43:19","slug":"verstellbare-stuetzraeder","status":"publish","type":"page","link":"https:\/\/www.meiren.ee\/de\/verstellbare-stuetzraeder\/","title":{"rendered":"Verstellbare St\u00fctzr\u00e4der"},"content":{"rendered":"<p><img fetchpriority=\"high\" decoding=\"async\" class=\"size-thumbnail wp-image-1271 alignnone\" src=\"https:\/\/meiren.ee\/wp-content\/uploads\/2014\/04\/Uus-pilt2-390x270.jpg\" alt=\"Reguleeritav tugiratas maantee lumesahkadele\" width=\"390\" height=\"270\" \/><\/p>\n<p><span style=\"font-size: 12pt;\"><strong>Die verstellbaren St\u00fctzr\u00e4der<\/strong> verhindern einen \u00fcberm\u00e4\u00dfigen Verschlei\u00df der Messer bei der Reinigung befestigter Stra\u00dfen.<\/span><\/p>\n<p>Der St\u00fctzr\u00e4dersatz umfasst eine hochfeste Felge, einen Luftreifen und einen Einstellmechanismus. Der Reifendruck des St\u00fctzrads muss w\u00e4hrend des Betriebs 10 bar betragen. Bei einer pl\u00f6tzlichen \u00c4nderung der Lufttemperatur muss der Reifendruck nochmal gepr\u00fcft werden.<\/p>\n<p>Die Feder des Radmechanismus soll das Rad in der Transportstellung nahe an die Pflugschar ziehen. Die Spannung der Feder ist einstellbar. Stellen Sie die Feder so ein, dass das Rad nicht mit dem Fahrzeug in Ber\u00fchrung kommt, wenn sich die Pflugschar in angehobener Position befindet (R\u00e4der nach au\u00dfen drehen).<\/p>\n<p>HINWEIS: Die R\u00e4der k\u00f6nnen nicht mit dem hydraulischen Nachr\u00e4umleistenmechanismus (Modell LH) verwendet werden!<\/p>\n<div id=\"attachment_15232\" style=\"width: 340px\" class=\"wp-caption alignnone\"><img decoding=\"async\" aria-describedby=\"caption-attachment-15232\" class=\"wp-image-15232 size-thumbnail\" src=\"https:\/\/www.meiren.ee\/wp-content\/uploads\/2017\/07\/Support-wheels-TRN-330x270.jpg\" alt=\"Tagasaha TRN tugirattad\" width=\"330\" height=\"270\" srcset=\"https:\/\/www.meiren.ee\/wp-content\/uploads\/2017\/07\/Support-wheels-TRN.jpg 330w, https:\/\/www.meiren.ee\/wp-content\/uploads\/2017\/07\/Support-wheels-TRN-300x245.jpg 300w\" sizes=\"(max-width: 330px) 100vw, 330px\" \/><p id=\"caption-attachment-15232\" class=\"wp-caption-text\">St\u00fctzr\u00e4der f\u00fcr hinteren Traktorschneeschild<\/p><\/div>\n","protected":false},"excerpt":{"rendered":"<p>Die verstellbaren St\u00fctzr\u00e4der verhindern einen \u00fcberm\u00e4\u00dfigen Verschlei\u00df der Messer bei der Reinigung befestigter Stra\u00dfen. Der St\u00fctzr\u00e4dersatz umfasst eine hochfeste Felge, einen Luftreifen und einen Einstellmechanismus. Der Reifendruck des St\u00fctzrads muss w\u00e4hrend des Betriebs 10 bar betragen. Bei einer pl\u00f6tzlichen \u00c4nderung der Lufttemperatur muss der Reifendruck nochmal gepr\u00fcft werden. Die Feder des Radmechanismus soll das Rad [&hellip;]<\/p>\n","protected":false},"author":10,"featured_media":0,"parent":0,"menu_order":0,"comment_status":"closed","ping_status":"closed","template":"page-special_page.php","meta":{"footnotes":""},"class_list":["post-19842","page","type-page","status-publish","hentry"],"yoast_head":"<!-- This site is optimized with the Yoast SEO plugin v25.6 - https:\/\/yoast.com\/wordpress\/plugins\/seo\/ -->\n<title>Verstellbare St\u00fctzr\u00e4der | Meiren lumesahad<\/title>\n<meta name=\"robots\" content=\"index, follow, max-snippet:-1, max-image-preview:large, max-video-preview:-1\" \/>\n<link rel=\"canonical\" href=\"https:\/\/www.meiren.ee\/de\/verstellbare-stuetzraeder\/\" \/>\n<meta property=\"og:locale\" content=\"de_DE\" \/>\n<meta property=\"og:type\" content=\"article\" \/>\n<meta property=\"og:title\" content=\"Verstellbare St\u00fctzr\u00e4der | Meiren lumesahad\" \/>\n<meta property=\"og:description\" content=\"Die verstellbaren St\u00fctzr\u00e4der verhindern einen \u00fcberm\u00e4\u00dfigen Verschlei\u00df der Messer bei der Reinigung befestigter Stra\u00dfen. Der St\u00fctzr\u00e4dersatz umfasst eine hochfeste Felge, einen Luftreifen und einen Einstellmechanismus. Der Reifendruck des St\u00fctzrads muss w\u00e4hrend des Betriebs 10 bar betragen. Bei einer pl\u00f6tzlichen \u00c4nderung der Lufttemperatur muss der Reifendruck nochmal gepr\u00fcft werden. Die Feder des Radmechanismus soll das Rad [&hellip;]\" \/>\n<meta property=\"og:url\" content=\"https:\/\/www.meiren.ee\/de\/verstellbare-stuetzraeder\/\" \/>\n<meta property=\"og:site_name\" content=\"Meiren lumesahad\" \/>\n<meta property=\"article:publisher\" content=\"https:\/\/www.facebook.com\/Meiren.ee?ref=nf\" \/>\n<meta property=\"article:modified_time\" content=\"2022-10-31T14:43:19+00:00\" \/>\n<meta property=\"og:image\" content=\"https:\/\/meiren.ee\/wp-content\/uploads\/2014\/04\/Uus-pilt2-390x270.jpg\" \/>\n<meta name=\"twitter:card\" content=\"summary_large_image\" \/>\n<meta name=\"twitter:label1\" content=\"Gesch\u00e4tzte Lesezeit\" \/>\n\t<meta name=\"twitter:data1\" content=\"1\u00a0Minute\" \/>\n<script type=\"application\/ld+json\" class=\"yoast-schema-graph\">{\"@context\":\"https:\/\/schema.org\",\"@graph\":[{\"@type\":\"WebPage\",\"@id\":\"https:\/\/www.meiren.ee\/de\/verstellbare-stuetzraeder\/\",\"url\":\"https:\/\/www.meiren.ee\/de\/verstellbare-stuetzraeder\/\",\"name\":\"Verstellbare St\u00fctzr\u00e4der | Meiren lumesahad\",\"isPartOf\":{\"@id\":\"https:\/\/www.meiren.ee\/en\/#website\"},\"primaryImageOfPage\":{\"@id\":\"https:\/\/www.meiren.ee\/de\/verstellbare-stuetzraeder\/#primaryimage\"},\"image\":{\"@id\":\"https:\/\/www.meiren.ee\/de\/verstellbare-stuetzraeder\/#primaryimage\"},\"thumbnailUrl\":\"https:\/\/meiren.ee\/wp-content\/uploads\/2014\/04\/Uus-pilt2-390x270.jpg\",\"datePublished\":\"2021-08-02T10:40:40+00:00\",\"dateModified\":\"2022-10-31T14:43:19+00:00\",\"breadcrumb\":{\"@id\":\"https:\/\/www.meiren.ee\/de\/verstellbare-stuetzraeder\/#breadcrumb\"},\"inLanguage\":\"de\",\"potentialAction\":[{\"@type\":\"ReadAction\",\"target\":[\"https:\/\/www.meiren.ee\/de\/verstellbare-stuetzraeder\/\"]}]},{\"@type\":\"ImageObject\",\"inLanguage\":\"de\",\"@id\":\"https:\/\/www.meiren.ee\/de\/verstellbare-stuetzraeder\/#primaryimage\",\"url\":\"https:\/\/meiren.ee\/wp-content\/uploads\/2014\/04\/Uus-pilt2-390x270.jpg\",\"contentUrl\":\"https:\/\/meiren.ee\/wp-content\/uploads\/2014\/04\/Uus-pilt2-390x270.jpg\"},{\"@type\":\"BreadcrumbList\",\"@id\":\"https:\/\/www.meiren.ee\/de\/verstellbare-stuetzraeder\/#breadcrumb\",\"itemListElement\":[{\"@type\":\"ListItem\",\"position\":1,\"name\":\"Home\",\"item\":\"https:\/\/www.meiren.ee\/en\/\"},{\"@type\":\"ListItem\",\"position\":2,\"name\":\"Verstellbare St\u00fctzr\u00e4der\"}]},{\"@type\":\"WebSite\",\"@id\":\"https:\/\/www.meiren.ee\/en\/#website\",\"url\":\"https:\/\/www.meiren.ee\/en\/\",\"name\":\"Meiren lumesahad\",\"description\":\"Lumesahk ja lumet\u00f5rje tehnika, maantee lumesahk, lumesahk traktorile, lumesahk maasturile, harjad, lumekopp, varuosad ja hooldus, lumesaha terad, Kobit s.r.o. soolapuisturid\",\"potentialAction\":[{\"@type\":\"SearchAction\",\"target\":{\"@type\":\"EntryPoint\",\"urlTemplate\":\"https:\/\/www.meiren.ee\/en\/?s={search_term_string}\"},\"query-input\":{\"@type\":\"PropertyValueSpecification\",\"valueRequired\":true,\"valueName\":\"search_term_string\"}}],\"inLanguage\":\"de\"}]}<\/script>\n<!-- \/ Yoast SEO plugin. -->","yoast_head_json":{"title":"Verstellbare St\u00fctzr\u00e4der | Meiren lumesahad","robots":{"index":"index","follow":"follow","max-snippet":"max-snippet:-1","max-image-preview":"max-image-preview:large","max-video-preview":"max-video-preview:-1"},"canonical":"https:\/\/www.meiren.ee\/de\/verstellbare-stuetzraeder\/","og_locale":"de_DE","og_type":"article","og_title":"Verstellbare St\u00fctzr\u00e4der | Meiren lumesahad","og_description":"Die verstellbaren St\u00fctzr\u00e4der verhindern einen \u00fcberm\u00e4\u00dfigen Verschlei\u00df der Messer bei der Reinigung befestigter Stra\u00dfen. Der St\u00fctzr\u00e4dersatz umfasst eine hochfeste Felge, einen Luftreifen und einen Einstellmechanismus. Der Reifendruck des St\u00fctzrads muss w\u00e4hrend des Betriebs 10 bar betragen. Bei einer pl\u00f6tzlichen \u00c4nderung der Lufttemperatur muss der Reifendruck nochmal gepr\u00fcft werden. Die Feder des Radmechanismus soll das Rad [&hellip;]","og_url":"https:\/\/www.meiren.ee\/de\/verstellbare-stuetzraeder\/","og_site_name":"Meiren lumesahad","article_publisher":"https:\/\/www.facebook.com\/Meiren.ee?ref=nf","article_modified_time":"2022-10-31T14:43:19+00:00","og_image":[{"url":"https:\/\/meiren.ee\/wp-content\/uploads\/2014\/04\/Uus-pilt2-390x270.jpg","type":"","width":"","height":""}],"twitter_card":"summary_large_image","twitter_misc":{"Gesch\u00e4tzte Lesezeit":"1\u00a0Minute"},"schema":{"@context":"https:\/\/schema.org","@graph":[{"@type":"WebPage","@id":"https:\/\/www.meiren.ee\/de\/verstellbare-stuetzraeder\/","url":"https:\/\/www.meiren.ee\/de\/verstellbare-stuetzraeder\/","name":"Verstellbare St\u00fctzr\u00e4der | Meiren lumesahad","isPartOf":{"@id":"https:\/\/www.meiren.ee\/en\/#website"},"primaryImageOfPage":{"@id":"https:\/\/www.meiren.ee\/de\/verstellbare-stuetzraeder\/#primaryimage"},"image":{"@id":"https:\/\/www.meiren.ee\/de\/verstellbare-stuetzraeder\/#primaryimage"},"thumbnailUrl":"https:\/\/meiren.ee\/wp-content\/uploads\/2014\/04\/Uus-pilt2-390x270.jpg","datePublished":"2021-08-02T10:40:40+00:00","dateModified":"2022-10-31T14:43:19+00:00","breadcrumb":{"@id":"https:\/\/www.meiren.ee\/de\/verstellbare-stuetzraeder\/#breadcrumb"},"inLanguage":"de","potentialAction":[{"@type":"ReadAction","target":["https:\/\/www.meiren.ee\/de\/verstellbare-stuetzraeder\/"]}]},{"@type":"ImageObject","inLanguage":"de","@id":"https:\/\/www.meiren.ee\/de\/verstellbare-stuetzraeder\/#primaryimage","url":"https:\/\/meiren.ee\/wp-content\/uploads\/2014\/04\/Uus-pilt2-390x270.jpg","contentUrl":"https:\/\/meiren.ee\/wp-content\/uploads\/2014\/04\/Uus-pilt2-390x270.jpg"},{"@type":"BreadcrumbList","@id":"https:\/\/www.meiren.ee\/de\/verstellbare-stuetzraeder\/#breadcrumb","itemListElement":[{"@type":"ListItem","position":1,"name":"Home","item":"https:\/\/www.meiren.ee\/en\/"},{"@type":"ListItem","position":2,"name":"Verstellbare St\u00fctzr\u00e4der"}]},{"@type":"WebSite","@id":"https:\/\/www.meiren.ee\/en\/#website","url":"https:\/\/www.meiren.ee\/en\/","name":"Meiren lumesahad","description":"Lumesahk ja lumet\u00f5rje tehnika, maantee lumesahk, lumesahk traktorile, lumesahk maasturile, harjad, lumekopp, varuosad ja hooldus, lumesaha terad, Kobit s.r.o. soolapuisturid","potentialAction":[{"@type":"SearchAction","target":{"@type":"EntryPoint","urlTemplate":"https:\/\/www.meiren.ee\/en\/?s={search_term_string}"},"query-input":{"@type":"PropertyValueSpecification","valueRequired":true,"valueName":"search_term_string"}}],"inLanguage":"de"}]}},"_links":{"self":[{"href":"https:\/\/www.meiren.ee\/de\/wp-json\/wp\/v2\/pages\/19842"}],"collection":[{"href":"https:\/\/www.meiren.ee\/de\/wp-json\/wp\/v2\/pages"}],"about":[{"href":"https:\/\/www.meiren.ee\/de\/wp-json\/wp\/v2\/types\/page"}],"author":[{"embeddable":true,"href":"https:\/\/www.meiren.ee\/de\/wp-json\/wp\/v2\/users\/10"}],"replies":[{"embeddable":true,"href":"https:\/\/www.meiren.ee\/de\/wp-json\/wp\/v2\/comments?post=19842"}],"version-history":[{"count":8,"href":"https:\/\/www.meiren.ee\/de\/wp-json\/wp\/v2\/pages\/19842\/revisions"}],"predecessor-version":[{"id":22023,"href":"https:\/\/www.meiren.ee\/de\/wp-json\/wp\/v2\/pages\/19842\/revisions\/22023"}],"wp:attachment":[{"href":"https:\/\/www.meiren.ee\/de\/wp-json\/wp\/v2\/media?parent=19842"}],"curies":[{"name":"wp","href":"https:\/\/api.w.org\/{rel}","templated":true}]}}