{"id":19844,"date":"2021-09-02T11:48:49","date_gmt":"2021-09-02T08:48:49","guid":{"rendered":"https:\/\/www.meiren.ee\/?page_id=19844"},"modified":"2022-10-31T16:20:44","modified_gmt":"2022-10-31T14:20:44","slug":"seitenleisten","status":"publish","type":"page","link":"https:\/\/www.meiren.ee\/de\/seitenleisten\/","title":{"rendered":"Flexible, auswechselbare Seitenleisten"},"content":{"rendered":"<p><img fetchpriority=\"high\" decoding=\"async\" class=\"wp-image-12019 size-thumbnail\" src=\"https:\/\/meiren.ee\/wp-content\/uploads\/2017\/03\/Flexible-corner-blade-390x270.jpg\" alt=\"L\u00f6\u00f6gileevendiga nurgaterad on projekteeritud k\u00f5nnitee \u00e4\u00e4rekivide puhastamiseks.\" width=\"390\" height=\"270\" \/><\/p>\n<p>Der obere Teil der <strong>Seitenleister<\/strong> wird an der Pflugschar und der untere Teil auf den Polyurethan-Leistenhalter montiert. Wenn die Hauptleiste auf ein Hindernis st\u00f6\u00dft, bewegt sich die untere abgewinkelnde Seitenleiste, das auf den flexible Polyurethan-Leistenhalter montiert ist, mit der Hauptleiste nach hinten, um die \u00dcberfahrt des Hindernisses zu erleichtern.<\/p>\n","protected":false},"excerpt":{"rendered":"<p>Der obere Teil der Seitenleister wird an der Pflugschar und der untere Teil auf den Polyurethan-Leistenhalter montiert. Wenn die Hauptleiste auf ein Hindernis st\u00f6\u00dft, bewegt sich die untere abgewinkelnde Seitenleiste, das auf den flexible Polyurethan-Leistenhalter montiert ist, mit der Hauptleiste nach hinten, um die \u00dcberfahrt des Hindernisses zu erleichtern.<\/p>\n","protected":false},"author":10,"featured_media":0,"parent":0,"menu_order":0,"comment_status":"closed","ping_status":"closed","template":"page-special_page.php","meta":{"footnotes":""},"class_list":["post-19844","page","type-page","status-publish","hentry"],"yoast_head":"<!-- This site is optimized with the Yoast SEO plugin v25.6 - https:\/\/yoast.com\/wordpress\/plugins\/seo\/ -->\n<title>Flexible, auswechselbare Seitenleisten | Meiren lumesahad<\/title>\n<meta name=\"robots\" content=\"index, follow, max-snippet:-1, max-image-preview:large, max-video-preview:-1\" \/>\n<link rel=\"canonical\" href=\"https:\/\/www.meiren.ee\/de\/seitenleisten\/\" \/>\n<meta property=\"og:locale\" content=\"de_DE\" \/>\n<meta property=\"og:type\" content=\"article\" \/>\n<meta property=\"og:title\" content=\"Flexible, auswechselbare Seitenleisten | Meiren lumesahad\" \/>\n<meta property=\"og:description\" content=\"Der obere Teil der Seitenleister wird an der Pflugschar und der untere Teil auf den Polyurethan-Leistenhalter montiert. Wenn die Hauptleiste auf ein Hindernis st\u00f6\u00dft, bewegt sich die untere abgewinkelnde Seitenleiste, das auf den flexible Polyurethan-Leistenhalter montiert ist, mit der Hauptleiste nach hinten, um die \u00dcberfahrt des Hindernisses zu erleichtern.\" \/>\n<meta property=\"og:url\" content=\"https:\/\/www.meiren.ee\/de\/seitenleisten\/\" \/>\n<meta property=\"og:site_name\" content=\"Meiren lumesahad\" \/>\n<meta property=\"article:publisher\" content=\"https:\/\/www.facebook.com\/Meiren.ee?ref=nf\" \/>\n<meta property=\"article:modified_time\" content=\"2022-10-31T14:20:44+00:00\" \/>\n<meta property=\"og:image\" content=\"https:\/\/meiren.ee\/wp-content\/uploads\/2017\/03\/Flexible-corner-blade-390x270.jpg\" \/>\n<meta name=\"twitter:card\" content=\"summary_large_image\" \/>\n<meta name=\"twitter:label1\" content=\"Gesch\u00e4tzte Lesezeit\" \/>\n\t<meta name=\"twitter:data1\" content=\"1\u00a0Minute\" \/>\n<script type=\"application\/ld+json\" class=\"yoast-schema-graph\">{\"@context\":\"https:\/\/schema.org\",\"@graph\":[{\"@type\":\"WebPage\",\"@id\":\"https:\/\/www.meiren.ee\/de\/seitenleisten\/\",\"url\":\"https:\/\/www.meiren.ee\/de\/seitenleisten\/\",\"name\":\"Flexible, auswechselbare Seitenleisten | Meiren lumesahad\",\"isPartOf\":{\"@id\":\"https:\/\/www.meiren.ee\/en\/#website\"},\"primaryImageOfPage\":{\"@id\":\"https:\/\/www.meiren.ee\/de\/seitenleisten\/#primaryimage\"},\"image\":{\"@id\":\"https:\/\/www.meiren.ee\/de\/seitenleisten\/#primaryimage\"},\"thumbnailUrl\":\"https:\/\/meiren.ee\/wp-content\/uploads\/2017\/03\/Flexible-corner-blade-390x270.jpg\",\"datePublished\":\"2021-09-02T08:48:49+00:00\",\"dateModified\":\"2022-10-31T14:20:44+00:00\",\"breadcrumb\":{\"@id\":\"https:\/\/www.meiren.ee\/de\/seitenleisten\/#breadcrumb\"},\"inLanguage\":\"de\",\"potentialAction\":[{\"@type\":\"ReadAction\",\"target\":[\"https:\/\/www.meiren.ee\/de\/seitenleisten\/\"]}]},{\"@type\":\"ImageObject\",\"inLanguage\":\"de\",\"@id\":\"https:\/\/www.meiren.ee\/de\/seitenleisten\/#primaryimage\",\"url\":\"https:\/\/meiren.ee\/wp-content\/uploads\/2017\/03\/Flexible-corner-blade-390x270.jpg\",\"contentUrl\":\"https:\/\/meiren.ee\/wp-content\/uploads\/2017\/03\/Flexible-corner-blade-390x270.jpg\"},{\"@type\":\"BreadcrumbList\",\"@id\":\"https:\/\/www.meiren.ee\/de\/seitenleisten\/#breadcrumb\",\"itemListElement\":[{\"@type\":\"ListItem\",\"position\":1,\"name\":\"Home\",\"item\":\"https:\/\/www.meiren.ee\/en\/\"},{\"@type\":\"ListItem\",\"position\":2,\"name\":\"Flexible, auswechselbare Seitenleisten\"}]},{\"@type\":\"WebSite\",\"@id\":\"https:\/\/www.meiren.ee\/en\/#website\",\"url\":\"https:\/\/www.meiren.ee\/en\/\",\"name\":\"Meiren lumesahad\",\"description\":\"Lumesahk ja lumet\u00f5rje tehnika, maantee lumesahk, lumesahk traktorile, lumesahk maasturile, harjad, lumekopp, varuosad ja hooldus, lumesaha terad, Kobit s.r.o. soolapuisturid\",\"potentialAction\":[{\"@type\":\"SearchAction\",\"target\":{\"@type\":\"EntryPoint\",\"urlTemplate\":\"https:\/\/www.meiren.ee\/en\/?s={search_term_string}\"},\"query-input\":{\"@type\":\"PropertyValueSpecification\",\"valueRequired\":true,\"valueName\":\"search_term_string\"}}],\"inLanguage\":\"de\"}]}<\/script>\n<!-- \/ Yoast SEO plugin. -->","yoast_head_json":{"title":"Flexible, auswechselbare Seitenleisten | Meiren lumesahad","robots":{"index":"index","follow":"follow","max-snippet":"max-snippet:-1","max-image-preview":"max-image-preview:large","max-video-preview":"max-video-preview:-1"},"canonical":"https:\/\/www.meiren.ee\/de\/seitenleisten\/","og_locale":"de_DE","og_type":"article","og_title":"Flexible, auswechselbare Seitenleisten | Meiren lumesahad","og_description":"Der obere Teil der Seitenleister wird an der Pflugschar und der untere Teil auf den Polyurethan-Leistenhalter montiert. Wenn die Hauptleiste auf ein Hindernis st\u00f6\u00dft, bewegt sich die untere abgewinkelnde Seitenleiste, das auf den flexible Polyurethan-Leistenhalter montiert ist, mit der Hauptleiste nach hinten, um die \u00dcberfahrt des Hindernisses zu erleichtern.","og_url":"https:\/\/www.meiren.ee\/de\/seitenleisten\/","og_site_name":"Meiren lumesahad","article_publisher":"https:\/\/www.facebook.com\/Meiren.ee?ref=nf","article_modified_time":"2022-10-31T14:20:44+00:00","og_image":[{"url":"https:\/\/meiren.ee\/wp-content\/uploads\/2017\/03\/Flexible-corner-blade-390x270.jpg","type":"","width":"","height":""}],"twitter_card":"summary_large_image","twitter_misc":{"Gesch\u00e4tzte Lesezeit":"1\u00a0Minute"},"schema":{"@context":"https:\/\/schema.org","@graph":[{"@type":"WebPage","@id":"https:\/\/www.meiren.ee\/de\/seitenleisten\/","url":"https:\/\/www.meiren.ee\/de\/seitenleisten\/","name":"Flexible, auswechselbare Seitenleisten | Meiren lumesahad","isPartOf":{"@id":"https:\/\/www.meiren.ee\/en\/#website"},"primaryImageOfPage":{"@id":"https:\/\/www.meiren.ee\/de\/seitenleisten\/#primaryimage"},"image":{"@id":"https:\/\/www.meiren.ee\/de\/seitenleisten\/#primaryimage"},"thumbnailUrl":"https:\/\/meiren.ee\/wp-content\/uploads\/2017\/03\/Flexible-corner-blade-390x270.jpg","datePublished":"2021-09-02T08:48:49+00:00","dateModified":"2022-10-31T14:20:44+00:00","breadcrumb":{"@id":"https:\/\/www.meiren.ee\/de\/seitenleisten\/#breadcrumb"},"inLanguage":"de","potentialAction":[{"@type":"ReadAction","target":["https:\/\/www.meiren.ee\/de\/seitenleisten\/"]}]},{"@type":"ImageObject","inLanguage":"de","@id":"https:\/\/www.meiren.ee\/de\/seitenleisten\/#primaryimage","url":"https:\/\/meiren.ee\/wp-content\/uploads\/2017\/03\/Flexible-corner-blade-390x270.jpg","contentUrl":"https:\/\/meiren.ee\/wp-content\/uploads\/2017\/03\/Flexible-corner-blade-390x270.jpg"},{"@type":"BreadcrumbList","@id":"https:\/\/www.meiren.ee\/de\/seitenleisten\/#breadcrumb","itemListElement":[{"@type":"ListItem","position":1,"name":"Home","item":"https:\/\/www.meiren.ee\/en\/"},{"@type":"ListItem","position":2,"name":"Flexible, auswechselbare Seitenleisten"}]},{"@type":"WebSite","@id":"https:\/\/www.meiren.ee\/en\/#website","url":"https:\/\/www.meiren.ee\/en\/","name":"Meiren lumesahad","description":"Lumesahk ja lumet\u00f5rje tehnika, maantee lumesahk, lumesahk traktorile, lumesahk maasturile, harjad, lumekopp, varuosad ja hooldus, lumesaha terad, Kobit s.r.o. soolapuisturid","potentialAction":[{"@type":"SearchAction","target":{"@type":"EntryPoint","urlTemplate":"https:\/\/www.meiren.ee\/en\/?s={search_term_string}"},"query-input":{"@type":"PropertyValueSpecification","valueRequired":true,"valueName":"search_term_string"}}],"inLanguage":"de"}]}},"_links":{"self":[{"href":"https:\/\/www.meiren.ee\/de\/wp-json\/wp\/v2\/pages\/19844"}],"collection":[{"href":"https:\/\/www.meiren.ee\/de\/wp-json\/wp\/v2\/pages"}],"about":[{"href":"https:\/\/www.meiren.ee\/de\/wp-json\/wp\/v2\/types\/page"}],"author":[{"embeddable":true,"href":"https:\/\/www.meiren.ee\/de\/wp-json\/wp\/v2\/users\/10"}],"replies":[{"embeddable":true,"href":"https:\/\/www.meiren.ee\/de\/wp-json\/wp\/v2\/comments?post=19844"}],"version-history":[{"count":4,"href":"https:\/\/www.meiren.ee\/de\/wp-json\/wp\/v2\/pages\/19844\/revisions"}],"predecessor-version":[{"id":19986,"href":"https:\/\/www.meiren.ee\/de\/wp-json\/wp\/v2\/pages\/19844\/revisions\/19986"}],"wp:attachment":[{"href":"https:\/\/www.meiren.ee\/de\/wp-json\/wp\/v2\/media?parent=19844"}],"curies":[{"name":"wp","href":"https:\/\/api.w.org\/{rel}","templated":true}]}}