{"id":19848,"date":"2021-08-02T15:43:43","date_gmt":"2021-08-02T12:43:43","guid":{"rendered":"https:\/\/www.meiren.ee\/?page_id=19848"},"modified":"2025-04-17T10:34:07","modified_gmt":"2025-04-17T07:34:07","slug":"die-scharhoehe","status":"publish","type":"page","link":"https:\/\/www.meiren.ee\/de\/die-scharhoehe\/","title":{"rendered":"Die H\u00f6he des Scharres"},"content":{"rendered":"<p><img fetchpriority=\"high\" decoding=\"async\" class=\"wp-image-19919 size-large aligncenter\" src=\"https:\/\/www.meiren.ee\/wp-content\/uploads\/2021\/08\/Holmad_H-890x342.png\" alt=\"\" width=\"890\" height=\"342\" srcset=\"https:\/\/www.meiren.ee\/wp-content\/uploads\/2021\/08\/Holmad_H-890x342.png 890w, https:\/\/www.meiren.ee\/wp-content\/uploads\/2021\/08\/Holmad_H-300x115.png 300w, https:\/\/www.meiren.ee\/wp-content\/uploads\/2021\/08\/Holmad_H-768x295.png 768w, https:\/\/www.meiren.ee\/wp-content\/uploads\/2021\/08\/Holmad_H-1536x591.png 1536w, https:\/\/www.meiren.ee\/wp-content\/uploads\/2021\/08\/Holmad_H-2048x788.png 2048w\" sizes=\"(max-width: 890px) 100vw, 890px\" \/><img decoding=\"async\" class=\" wp-image-19925 aligncenter\" src=\"https:\/\/www.meiren.ee\/wp-content\/uploads\/2021\/08\/Twin-Cone_H-890x492.png\" alt=\"\" width=\"419\" height=\"232\" srcset=\"https:\/\/www.meiren.ee\/wp-content\/uploads\/2021\/08\/Twin-Cone_H-890x492.png 890w, https:\/\/www.meiren.ee\/wp-content\/uploads\/2021\/08\/Twin-Cone_H-300x166.png 300w, https:\/\/www.meiren.ee\/wp-content\/uploads\/2021\/08\/Twin-Cone_H-768x425.png 768w, https:\/\/www.meiren.ee\/wp-content\/uploads\/2021\/08\/Twin-Cone_H.png 1016w\" sizes=\"(max-width: 419px) 100vw, 419px\" \/><\/p>\n<table style=\"border-collapse: collapse; width: 100%; height: 240px;\">\n<tbody>\n<tr style=\"height: 24px;\">\n<td style=\"width: 20%; height: 24px;\"><strong>Pflugmodell<\/strong><\/td>\n<td style=\"width: 20%; height: 24px;\"><strong>Niedriges Scharr \u00a0\u00a0\u00a0\u00a0\u00a0 <\/strong><\/td>\n<td style=\"width: 20%; height: 24px;\"><strong>Standard (Mittleres) Scharr\u00a0 <\/strong><\/td>\n<td style=\"width: 20%; height: 24px;\"><strong>Hohes Scharr<\/strong><\/td>\n<td style=\"width: 20%; height: 24px;\"><strong>Doppelkonus Scharr<br \/>\n<\/strong><\/td>\n<\/tr>\n<tr style=\"height: 24px;\">\n<td style=\"width: 20%; height: 24px;\">MSPN3104<\/td>\n<td style=\"width: 20%; height: 24px; text-align: center;\">1 130<\/td>\n<td style=\"width: 20%; height: 24px; text-align: center;\">1 360<\/td>\n<td style=\"width: 20%; height: 24px; text-align: center;\">1 500<\/td>\n<td style=\"width: 20%; height: 24px; text-align: center;\">1 500<\/td>\n<\/tr>\n<tr style=\"height: 24px;\">\n<td style=\"width: 20%; height: 24px;\">MSPN3404<\/td>\n<td style=\"width: 20%; height: 24px; text-align: center;\">1 320<\/td>\n<td style=\"width: 20%; height: 24px; text-align: center;\">1 550<\/td>\n<td style=\"width: 20%; height: 24px; text-align: center;\">1 700<\/td>\n<td style=\"width: 20%; height: 24px; text-align: center;\">1 580<\/td>\n<\/tr>\n<tr style=\"height: 24px;\">\n<td style=\"width: 20%; height: 24px;\">MSPN3704<\/td>\n<td style=\"width: 20%; height: 24px; text-align: center;\">1 320<\/td>\n<td style=\"width: 20%; height: 24px; text-align: center;\">1 550<\/td>\n<td style=\"width: 20%; height: 24px; text-align: center;\">1 710<\/td>\n<td style=\"width: 20%; height: 24px; text-align: center;\">1 570<\/td>\n<\/tr>\n<tr style=\"height: 24px;\">\n<td style=\"width: 20%; height: 24px;\">MSPN4004<\/td>\n<td style=\"width: 20%; height: 24px; text-align: center;\">1 310<\/td>\n<td style=\"width: 20%; height: 24px; text-align: center;\">1 520<\/td>\n<td style=\"width: 20%; height: 24px; text-align: center;\">1 690<\/td>\n<td style=\"width: 20%; height: 24px; text-align: center;\">1 580<\/td>\n<\/tr>\n<tr style=\"height: 24px;\">\n<td style=\"width: 20%; height: 24px;\">MSPN4604<\/td>\n<td style=\"width: 20%; height: 24px; text-align: center;\">1 300<\/td>\n<td style=\"width: 20%; height: 24px; text-align: center;\">1 530<\/td>\n<td style=\"width: 20%; height: 24px; text-align: center;\">1 670<\/td>\n<td style=\"width: 20%; height: 24px; text-align: center;\">&#8211;<\/td>\n<\/tr>\n<tr style=\"height: 24px;\">\n<td style=\"width: 20%; height: 24px;\">MSPN5204<\/td>\n<td style=\"width: 20%; height: 24px; text-align: center;\">1 330<\/td>\n<td style=\"width: 20%; height: 24px; text-align: center;\">1 550<\/td>\n<td style=\"width: 20%; height: 24px; text-align: center;\">&#8211;<\/td>\n<td style=\"width: 20%; height: 24px; text-align: center;\">&#8211;<\/td>\n<\/tr>\n<tr>\n<td style=\"width: 20%;\">MSLN3704<\/td>\n<td style=\"width: 20%; text-align: center;\">&#8211;<\/td>\n<td style=\"width: 20%; text-align: center;\">1 120<\/td>\n<td style=\"width: 20%; text-align: center;\">1 270<\/td>\n<td style=\"width: 20%; text-align: center;\">&#8211;<\/td>\n<\/tr>\n<tr>\n<td style=\"width: 20%;\">MSLN4004<\/td>\n<td style=\"width: 20%; text-align: center;\">&#8211;<\/td>\n<td style=\"width: 20%; text-align: center;\">1 120<\/td>\n<td style=\"width: 20%; text-align: center;\">1 280<\/td>\n<td style=\"width: 20%; text-align: center;\">&#8211;<\/td>\n<\/tr>\n<tr>\n<td style=\"width: 20%;\">MSKN3404<\/td>\n<td style=\"width: 20%; text-align: center;\"><\/td>\n<td style=\"width: 20%; text-align: center;\"><\/td>\n<td style=\"width: 20%; text-align: center;\">(extra hohe 2 260)<\/td>\n<td style=\"width: 20%; text-align: center;\">&#8211;<\/td>\n<\/tr>\n<tr>\n<td style=\"width: 20%;\">MSKN3704<\/td>\n<td style=\"width: 20%; text-align: center;\">1 350<\/td>\n<td style=\"width: 20%; text-align: center;\">1 530<\/td>\n<td style=\"width: 20%; text-align: center;\">1 715\u00a0 (extra hohe 2 120)<\/td>\n<td style=\"width: 20%; text-align: center;\">&#8211;<\/td>\n<\/tr>\n<\/tbody>\n<\/table>\n","protected":false},"excerpt":{"rendered":"<p>Pflugmodell Niedriges Scharr \u00a0\u00a0\u00a0\u00a0\u00a0 Standard (Mittleres) Scharr\u00a0 Hohes Scharr Doppelkonus Scharr MSPN3104 1 130 1 360 1 500 1 500 MSPN3404 1 320 1 550 1 700 1 580 MSPN3704 1 320 1 550 1 710 1 570 MSPN4004 1 310 1 520 1 690 1 580 MSPN4604 1 300 1 530 1 670 &#8211; [&hellip;]<\/p>\n","protected":false},"author":10,"featured_media":0,"parent":0,"menu_order":0,"comment_status":"closed","ping_status":"closed","template":"page-special_page.php","meta":{"footnotes":""},"class_list":["post-19848","page","type-page","status-publish","hentry"],"yoast_head":"<!-- This site is optimized with the Yoast SEO plugin v25.6 - https:\/\/yoast.com\/wordpress\/plugins\/seo\/ -->\n<title>Die H\u00f6he des Scharres | Meiren lumesahad<\/title>\n<meta name=\"description\" content=\"Die vier Scharh\u00f6he sind f\u00fcr die Modelle MSPN, MSLN, MSKN in vier verschiedenem Design lieferbar: niedrig, Standardh\u00f6he (mittelhoch), hoch und Doppelkonus.\" \/>\n<meta name=\"robots\" content=\"index, follow, max-snippet:-1, max-image-preview:large, max-video-preview:-1\" \/>\n<link rel=\"canonical\" href=\"https:\/\/www.meiren.ee\/de\/die-scharhoehe\/\" \/>\n<meta property=\"og:locale\" content=\"de_DE\" \/>\n<meta property=\"og:type\" content=\"article\" \/>\n<meta property=\"og:title\" content=\"Die H\u00f6he des Scharres | Meiren lumesahad\" \/>\n<meta property=\"og:description\" content=\"Die vier Scharh\u00f6he sind f\u00fcr die Modelle MSPN, MSLN, MSKN in vier verschiedenem Design lieferbar: niedrig, Standardh\u00f6he (mittelhoch), hoch und Doppelkonus.\" \/>\n<meta property=\"og:url\" content=\"https:\/\/www.meiren.ee\/de\/die-scharhoehe\/\" \/>\n<meta property=\"og:site_name\" content=\"Meiren lumesahad\" \/>\n<meta property=\"article:publisher\" content=\"https:\/\/www.facebook.com\/Meiren.ee?ref=nf\" \/>\n<meta property=\"article:modified_time\" content=\"2025-04-17T07:34:07+00:00\" \/>\n<meta property=\"og:image\" content=\"https:\/\/www.meiren.ee\/wp-content\/uploads\/2021\/08\/Holmad_H.png\" \/>\n\t<meta property=\"og:image:width\" content=\"4746\" \/>\n\t<meta property=\"og:image:height\" content=\"1825\" \/>\n\t<meta property=\"og:image:type\" content=\"image\/png\" \/>\n<meta name=\"twitter:card\" content=\"summary_large_image\" \/>\n<meta name=\"twitter:label1\" content=\"Gesch\u00e4tzte Lesezeit\" \/>\n\t<meta name=\"twitter:data1\" content=\"1\u00a0Minute\" \/>\n<script type=\"application\/ld+json\" class=\"yoast-schema-graph\">{\"@context\":\"https:\/\/schema.org\",\"@graph\":[{\"@type\":\"WebPage\",\"@id\":\"https:\/\/www.meiren.ee\/de\/die-scharhoehe\/\",\"url\":\"https:\/\/www.meiren.ee\/de\/die-scharhoehe\/\",\"name\":\"Die H\u00f6he des Scharres | Meiren lumesahad\",\"isPartOf\":{\"@id\":\"https:\/\/www.meiren.ee\/en\/#website\"},\"primaryImageOfPage\":{\"@id\":\"https:\/\/www.meiren.ee\/de\/die-scharhoehe\/#primaryimage\"},\"image\":{\"@id\":\"https:\/\/www.meiren.ee\/de\/die-scharhoehe\/#primaryimage\"},\"thumbnailUrl\":\"https:\/\/www.meiren.ee\/wp-content\/uploads\/2021\/08\/Holmad_H-890x342.png\",\"datePublished\":\"2021-08-02T12:43:43+00:00\",\"dateModified\":\"2025-04-17T07:34:07+00:00\",\"description\":\"Die vier Scharh\u00f6he sind f\u00fcr die Modelle MSPN, MSLN, MSKN in vier verschiedenem Design lieferbar: niedrig, Standardh\u00f6he (mittelhoch), hoch und Doppelkonus.\",\"breadcrumb\":{\"@id\":\"https:\/\/www.meiren.ee\/de\/die-scharhoehe\/#breadcrumb\"},\"inLanguage\":\"de\",\"potentialAction\":[{\"@type\":\"ReadAction\",\"target\":[\"https:\/\/www.meiren.ee\/de\/die-scharhoehe\/\"]}]},{\"@type\":\"ImageObject\",\"inLanguage\":\"de\",\"@id\":\"https:\/\/www.meiren.ee\/de\/die-scharhoehe\/#primaryimage\",\"url\":\"https:\/\/www.meiren.ee\/wp-content\/uploads\/2021\/08\/Holmad_H-890x342.png\",\"contentUrl\":\"https:\/\/www.meiren.ee\/wp-content\/uploads\/2021\/08\/Holmad_H-890x342.png\"},{\"@type\":\"BreadcrumbList\",\"@id\":\"https:\/\/www.meiren.ee\/de\/die-scharhoehe\/#breadcrumb\",\"itemListElement\":[{\"@type\":\"ListItem\",\"position\":1,\"name\":\"Home\",\"item\":\"https:\/\/www.meiren.ee\/en\/\"},{\"@type\":\"ListItem\",\"position\":2,\"name\":\"Die H\u00f6he des Scharres\"}]},{\"@type\":\"WebSite\",\"@id\":\"https:\/\/www.meiren.ee\/en\/#website\",\"url\":\"https:\/\/www.meiren.ee\/en\/\",\"name\":\"Meiren lumesahad\",\"description\":\"Lumesahk ja lumet\u00f5rje tehnika, maantee lumesahk, lumesahk traktorile, lumesahk maasturile, harjad, lumekopp, varuosad ja hooldus, lumesaha terad, Kobit s.r.o. soolapuisturid\",\"potentialAction\":[{\"@type\":\"SearchAction\",\"target\":{\"@type\":\"EntryPoint\",\"urlTemplate\":\"https:\/\/www.meiren.ee\/en\/?s={search_term_string}\"},\"query-input\":{\"@type\":\"PropertyValueSpecification\",\"valueRequired\":true,\"valueName\":\"search_term_string\"}}],\"inLanguage\":\"de\"}]}<\/script>\n<!-- \/ Yoast SEO plugin. -->","yoast_head_json":{"title":"Die H\u00f6he des Scharres | Meiren lumesahad","description":"Die vier Scharh\u00f6he sind f\u00fcr die Modelle MSPN, MSLN, MSKN in vier verschiedenem Design lieferbar: niedrig, Standardh\u00f6he (mittelhoch), hoch und Doppelkonus.","robots":{"index":"index","follow":"follow","max-snippet":"max-snippet:-1","max-image-preview":"max-image-preview:large","max-video-preview":"max-video-preview:-1"},"canonical":"https:\/\/www.meiren.ee\/de\/die-scharhoehe\/","og_locale":"de_DE","og_type":"article","og_title":"Die H\u00f6he des Scharres | Meiren lumesahad","og_description":"Die vier Scharh\u00f6he sind f\u00fcr die Modelle MSPN, MSLN, MSKN in vier verschiedenem Design lieferbar: niedrig, Standardh\u00f6he (mittelhoch), hoch und Doppelkonus.","og_url":"https:\/\/www.meiren.ee\/de\/die-scharhoehe\/","og_site_name":"Meiren lumesahad","article_publisher":"https:\/\/www.facebook.com\/Meiren.ee?ref=nf","article_modified_time":"2025-04-17T07:34:07+00:00","og_image":[{"width":4746,"height":1825,"url":"https:\/\/www.meiren.ee\/wp-content\/uploads\/2021\/08\/Holmad_H.png","type":"image\/png"}],"twitter_card":"summary_large_image","twitter_misc":{"Gesch\u00e4tzte Lesezeit":"1\u00a0Minute"},"schema":{"@context":"https:\/\/schema.org","@graph":[{"@type":"WebPage","@id":"https:\/\/www.meiren.ee\/de\/die-scharhoehe\/","url":"https:\/\/www.meiren.ee\/de\/die-scharhoehe\/","name":"Die H\u00f6he des Scharres | Meiren lumesahad","isPartOf":{"@id":"https:\/\/www.meiren.ee\/en\/#website"},"primaryImageOfPage":{"@id":"https:\/\/www.meiren.ee\/de\/die-scharhoehe\/#primaryimage"},"image":{"@id":"https:\/\/www.meiren.ee\/de\/die-scharhoehe\/#primaryimage"},"thumbnailUrl":"https:\/\/www.meiren.ee\/wp-content\/uploads\/2021\/08\/Holmad_H-890x342.png","datePublished":"2021-08-02T12:43:43+00:00","dateModified":"2025-04-17T07:34:07+00:00","description":"Die vier Scharh\u00f6he sind f\u00fcr die Modelle MSPN, MSLN, MSKN in vier verschiedenem Design lieferbar: niedrig, Standardh\u00f6he (mittelhoch), hoch und Doppelkonus.","breadcrumb":{"@id":"https:\/\/www.meiren.ee\/de\/die-scharhoehe\/#breadcrumb"},"inLanguage":"de","potentialAction":[{"@type":"ReadAction","target":["https:\/\/www.meiren.ee\/de\/die-scharhoehe\/"]}]},{"@type":"ImageObject","inLanguage":"de","@id":"https:\/\/www.meiren.ee\/de\/die-scharhoehe\/#primaryimage","url":"https:\/\/www.meiren.ee\/wp-content\/uploads\/2021\/08\/Holmad_H-890x342.png","contentUrl":"https:\/\/www.meiren.ee\/wp-content\/uploads\/2021\/08\/Holmad_H-890x342.png"},{"@type":"BreadcrumbList","@id":"https:\/\/www.meiren.ee\/de\/die-scharhoehe\/#breadcrumb","itemListElement":[{"@type":"ListItem","position":1,"name":"Home","item":"https:\/\/www.meiren.ee\/en\/"},{"@type":"ListItem","position":2,"name":"Die H\u00f6he des Scharres"}]},{"@type":"WebSite","@id":"https:\/\/www.meiren.ee\/en\/#website","url":"https:\/\/www.meiren.ee\/en\/","name":"Meiren lumesahad","description":"Lumesahk ja lumet\u00f5rje tehnika, maantee lumesahk, lumesahk traktorile, lumesahk maasturile, harjad, lumekopp, varuosad ja hooldus, lumesaha terad, Kobit s.r.o. soolapuisturid","potentialAction":[{"@type":"SearchAction","target":{"@type":"EntryPoint","urlTemplate":"https:\/\/www.meiren.ee\/en\/?s={search_term_string}"},"query-input":{"@type":"PropertyValueSpecification","valueRequired":true,"valueName":"search_term_string"}}],"inLanguage":"de"}]}},"_links":{"self":[{"href":"https:\/\/www.meiren.ee\/de\/wp-json\/wp\/v2\/pages\/19848"}],"collection":[{"href":"https:\/\/www.meiren.ee\/de\/wp-json\/wp\/v2\/pages"}],"about":[{"href":"https:\/\/www.meiren.ee\/de\/wp-json\/wp\/v2\/types\/page"}],"author":[{"embeddable":true,"href":"https:\/\/www.meiren.ee\/de\/wp-json\/wp\/v2\/users\/10"}],"replies":[{"embeddable":true,"href":"https:\/\/www.meiren.ee\/de\/wp-json\/wp\/v2\/comments?post=19848"}],"version-history":[{"count":14,"href":"https:\/\/www.meiren.ee\/de\/wp-json\/wp\/v2\/pages\/19848\/revisions"}],"predecessor-version":[{"id":24179,"href":"https:\/\/www.meiren.ee\/de\/wp-json\/wp\/v2\/pages\/19848\/revisions\/24179"}],"wp:attachment":[{"href":"https:\/\/www.meiren.ee\/de\/wp-json\/wp\/v2\/media?parent=19848"}],"curies":[{"name":"wp","href":"https:\/\/api.w.org\/{rel}","templated":true}]}}