{"id":19943,"date":"2021-09-02T10:09:27","date_gmt":"2021-09-02T07:09:27","guid":{"rendered":"https:\/\/www.meiren.ee\/?page_id=19943"},"modified":"2026-04-06T10:57:51","modified_gmt":"2026-04-06T07:57:51","slug":"patentierte-leistenhalter-aus-polyurethan","status":"publish","type":"page","link":"https:\/\/www.meiren.ee\/de\/patentierte-leistenhalter-aus-polyurethan\/","title":{"rendered":"Patentierte Leistenhalter aus Polyurethan"},"content":{"rendered":"<p><img fetchpriority=\"high\" decoding=\"async\" class=\"alignnone wp-image-22066 size-thumbnail\" src=\"https:\/\/www.meiren.ee\/wp-content\/uploads\/2022\/11\/Polyurethane-blade-holders_patented-1-390x270.jpg\" alt=\"Patentierte Leistenhalter aus Polyurethan\" width=\"390\" height=\"270\" srcset=\"https:\/\/www.meiren.ee\/wp-content\/uploads\/2022\/11\/Polyurethane-blade-holders_patented-1.jpg 390w, https:\/\/www.meiren.ee\/wp-content\/uploads\/2022\/11\/Polyurethane-blade-holders_patented-1-300x208.jpg 300w\" sizes=\"(max-width: 390px) 100vw, 390px\" \/><\/p>\n<p><strong>Patentierte Leistenhalter aus Polyurethan<\/strong><\/p>\n<ul>\n<li><strong>\u00dcberwinden problemlos Hindernisse bis zu 12 cm H\u00f6he<\/strong> &#8211; die patentierten Leistenhalter sind aus einer speziellen Polyurethanmischung <strong>in Deutschland<\/strong> geformt. Im Falle eines Hindernisses verformt sich der Teil des Leistenhalters und bewegt sich nach hinten, so dass der Schneepflug sanft \u00fcber das Hindernis fahren kann. Bei Geschwindigkeiten von bis zu 25 km\/h kann der Leistenhalter problemlos Hindernisse bis zu 50 mm H\u00f6he \u00fcberwinden.<\/li>\n<li><strong>Maximales Kopieren der Stra\u00dfenoberfl\u00e4che<\/strong> &#8211; die 305 mm lange Leistenhalter aus Polyurethan erm\u00f6glichen die Verwendung verschiedener Leistenl\u00e4ngen (305 \u2013 1200 mm). K\u00fcrzere Leisten kopieren die Stra\u00dfenoberfl\u00e4che am besten.<\/li>\n<li><strong>Minimales Ger\u00e4usch<\/strong> &#8211; da keinen Kontakt zwischen dem Stahlrahmen und der Leiste besteht, sowie durch Einsatz elastischer Leistenhalter, wird die Vibration auf Schar und Pflug reduziert.<\/li>\n<li><strong>Umweltfreundlichkeit, gr\u00fcnere Zukunft<\/strong> &#8211; Stra\u00dfenbelag und Markierungen werden durch elastische Leistenhalter geschont. Ausserdem wird der Bedarf an Salz reduziert. Durch elastische Leistenhalter passen sich die Pflugscharen etwaigen Fahrbahnunebenheiten und Spurlinien gut an (NB: k\u00fcrzere Leistensektionen verst\u00e4rken diesen Effekt).<\/li>\n<\/ul>\n<figure class=\"video-container\"><iframe title=\"Snow clearing with polyurethane blade holder by Meiren Snow\" width=\"500\" height=\"281\" src=\"https:\/\/www.youtube.com\/embed\/ox_kNo544jk?feature=oembed&#038;enablejsapi=1&#038;origin=https:\/\/www.meiren.ee\" frameborder=\"0\" allow=\"accelerometer; autoplay; clipboard-write; encrypted-media; gyroscope; picture-in-picture; web-share\" referrerpolicy=\"strict-origin-when-cross-origin\" allowfullscreen><\/iframe><\/figure>\n<p>&nbsp;<\/p>\n<div style=\"width: 852px;\" class=\"wp-video\"><!--[if lt IE 9]><script>document.createElement('video');<\/script><![endif]-->\n<video class=\"wp-video-shortcode\" id=\"video-19943-1\" width=\"852\" height=\"480\" preload=\"metadata\" controls=\"controls\"><source type=\"video\/mp4\" src=\"https:\/\/www.meiren.ee\/wp-content\/uploads\/2021\/09\/MSPN04-terahoidikud.mp4?_=1\" \/><a href=\"https:\/\/www.meiren.ee\/wp-content\/uploads\/2021\/09\/MSPN04-terahoidikud.mp4\">https:\/\/www.meiren.ee\/wp-content\/uploads\/2021\/09\/MSPN04-terahoidikud.mp4<\/a><\/video><\/div>\n","protected":false},"excerpt":{"rendered":"<p>Patentierte Leistenhalter aus Polyurethan \u00dcberwinden problemlos Hindernisse bis zu 12 cm H\u00f6he &#8211; die patentierten Leistenhalter sind aus einer speziellen Polyurethanmischung in Deutschland geformt. Im Falle eines Hindernisses verformt sich der Teil des Leistenhalters und bewegt sich nach hinten, so dass der Schneepflug sanft \u00fcber das Hindernis fahren kann. Bei Geschwindigkeiten von bis zu 25 [&hellip;]<\/p>\n","protected":false},"author":10,"featured_media":0,"parent":0,"menu_order":0,"comment_status":"closed","ping_status":"closed","template":"page-special_page.php","meta":{"footnotes":""},"class_list":["post-19943","page","type-page","status-publish","hentry"],"yoast_head":"<!-- This site is optimized with the Yoast SEO plugin v25.6 - https:\/\/yoast.com\/wordpress\/plugins\/seo\/ -->\n<title>Patentierte Leistenhalter aus Polyurethan | Meiren lumesahad<\/title>\n<meta name=\"robots\" content=\"index, follow, max-snippet:-1, max-image-preview:large, max-video-preview:-1\" \/>\n<link rel=\"canonical\" href=\"https:\/\/www.meiren.ee\/de\/patentierte-leistenhalter-aus-polyurethan\/\" \/>\n<meta property=\"og:locale\" content=\"de_DE\" \/>\n<meta property=\"og:type\" content=\"article\" \/>\n<meta property=\"og:title\" content=\"Patentierte Leistenhalter aus Polyurethan | Meiren lumesahad\" \/>\n<meta property=\"og:description\" content=\"Patentierte Leistenhalter aus Polyurethan \u00dcberwinden problemlos Hindernisse bis zu 12 cm H\u00f6he &#8211; die patentierten Leistenhalter sind aus einer speziellen Polyurethanmischung in Deutschland geformt. Im Falle eines Hindernisses verformt sich der Teil des Leistenhalters und bewegt sich nach hinten, so dass der Schneepflug sanft \u00fcber das Hindernis fahren kann. Bei Geschwindigkeiten von bis zu 25 [&hellip;]\" \/>\n<meta property=\"og:url\" content=\"https:\/\/www.meiren.ee\/de\/patentierte-leistenhalter-aus-polyurethan\/\" \/>\n<meta property=\"og:site_name\" content=\"Meiren lumesahad\" \/>\n<meta property=\"article:publisher\" content=\"https:\/\/www.facebook.com\/Meiren.ee?ref=nf\" \/>\n<meta property=\"article:modified_time\" content=\"2026-04-06T07:57:51+00:00\" \/>\n<meta property=\"og:image\" content=\"https:\/\/www.meiren.ee\/wp-content\/uploads\/2022\/11\/Polyurethane-blade-holders_patented-1.jpg\" \/>\n\t<meta property=\"og:image:width\" content=\"390\" \/>\n\t<meta property=\"og:image:height\" content=\"270\" \/>\n\t<meta property=\"og:image:type\" content=\"image\/jpeg\" \/>\n<meta name=\"twitter:card\" content=\"summary_large_image\" \/>\n<meta name=\"twitter:label1\" content=\"Gesch\u00e4tzte Lesezeit\" \/>\n\t<meta name=\"twitter:data1\" content=\"2\u00a0Minuten\" \/>\n<script type=\"application\/ld+json\" class=\"yoast-schema-graph\">{\"@context\":\"https:\/\/schema.org\",\"@graph\":[{\"@type\":\"WebPage\",\"@id\":\"https:\/\/www.meiren.ee\/de\/patentierte-leistenhalter-aus-polyurethan\/\",\"url\":\"https:\/\/www.meiren.ee\/de\/patentierte-leistenhalter-aus-polyurethan\/\",\"name\":\"Patentierte Leistenhalter aus Polyurethan | Meiren lumesahad\",\"isPartOf\":{\"@id\":\"https:\/\/www.meiren.ee\/en\/#website\"},\"primaryImageOfPage\":{\"@id\":\"https:\/\/www.meiren.ee\/de\/patentierte-leistenhalter-aus-polyurethan\/#primaryimage\"},\"image\":{\"@id\":\"https:\/\/www.meiren.ee\/de\/patentierte-leistenhalter-aus-polyurethan\/#primaryimage\"},\"thumbnailUrl\":\"https:\/\/www.meiren.ee\/wp-content\/uploads\/2022\/11\/Polyurethane-blade-holders_patented-1-390x270.jpg\",\"datePublished\":\"2021-09-02T07:09:27+00:00\",\"dateModified\":\"2026-04-06T07:57:51+00:00\",\"breadcrumb\":{\"@id\":\"https:\/\/www.meiren.ee\/de\/patentierte-leistenhalter-aus-polyurethan\/#breadcrumb\"},\"inLanguage\":\"de\",\"potentialAction\":[{\"@type\":\"ReadAction\",\"target\":[\"https:\/\/www.meiren.ee\/de\/patentierte-leistenhalter-aus-polyurethan\/\"]}]},{\"@type\":\"ImageObject\",\"inLanguage\":\"de\",\"@id\":\"https:\/\/www.meiren.ee\/de\/patentierte-leistenhalter-aus-polyurethan\/#primaryimage\",\"url\":\"https:\/\/www.meiren.ee\/wp-content\/uploads\/2022\/11\/Polyurethane-blade-holders_patented-1-390x270.jpg\",\"contentUrl\":\"https:\/\/www.meiren.ee\/wp-content\/uploads\/2022\/11\/Polyurethane-blade-holders_patented-1-390x270.jpg\"},{\"@type\":\"BreadcrumbList\",\"@id\":\"https:\/\/www.meiren.ee\/de\/patentierte-leistenhalter-aus-polyurethan\/#breadcrumb\",\"itemListElement\":[{\"@type\":\"ListItem\",\"position\":1,\"name\":\"Home\",\"item\":\"https:\/\/www.meiren.ee\/en\/\"},{\"@type\":\"ListItem\",\"position\":2,\"name\":\"Patentierte Leistenhalter aus Polyurethan\"}]},{\"@type\":\"WebSite\",\"@id\":\"https:\/\/www.meiren.ee\/en\/#website\",\"url\":\"https:\/\/www.meiren.ee\/en\/\",\"name\":\"Meiren lumesahad\",\"description\":\"Lumesahk ja lumet\u00f5rje tehnika, maantee lumesahk, lumesahk traktorile, lumesahk maasturile, harjad, lumekopp, varuosad ja hooldus, lumesaha terad, Kobit s.r.o. soolapuisturid\",\"potentialAction\":[{\"@type\":\"SearchAction\",\"target\":{\"@type\":\"EntryPoint\",\"urlTemplate\":\"https:\/\/www.meiren.ee\/en\/?s={search_term_string}\"},\"query-input\":{\"@type\":\"PropertyValueSpecification\",\"valueRequired\":true,\"valueName\":\"search_term_string\"}}],\"inLanguage\":\"de\"}]}<\/script>\n<!-- \/ Yoast SEO plugin. -->","yoast_head_json":{"title":"Patentierte Leistenhalter aus Polyurethan | Meiren lumesahad","robots":{"index":"index","follow":"follow","max-snippet":"max-snippet:-1","max-image-preview":"max-image-preview:large","max-video-preview":"max-video-preview:-1"},"canonical":"https:\/\/www.meiren.ee\/de\/patentierte-leistenhalter-aus-polyurethan\/","og_locale":"de_DE","og_type":"article","og_title":"Patentierte Leistenhalter aus Polyurethan | Meiren lumesahad","og_description":"Patentierte Leistenhalter aus Polyurethan \u00dcberwinden problemlos Hindernisse bis zu 12 cm H\u00f6he &#8211; die patentierten Leistenhalter sind aus einer speziellen Polyurethanmischung in Deutschland geformt. Im Falle eines Hindernisses verformt sich der Teil des Leistenhalters und bewegt sich nach hinten, so dass der Schneepflug sanft \u00fcber das Hindernis fahren kann. Bei Geschwindigkeiten von bis zu 25 [&hellip;]","og_url":"https:\/\/www.meiren.ee\/de\/patentierte-leistenhalter-aus-polyurethan\/","og_site_name":"Meiren lumesahad","article_publisher":"https:\/\/www.facebook.com\/Meiren.ee?ref=nf","article_modified_time":"2026-04-06T07:57:51+00:00","og_image":[{"width":390,"height":270,"url":"https:\/\/www.meiren.ee\/wp-content\/uploads\/2022\/11\/Polyurethane-blade-holders_patented-1.jpg","type":"image\/jpeg"}],"twitter_card":"summary_large_image","twitter_misc":{"Gesch\u00e4tzte Lesezeit":"2\u00a0Minuten"},"schema":{"@context":"https:\/\/schema.org","@graph":[{"@type":"WebPage","@id":"https:\/\/www.meiren.ee\/de\/patentierte-leistenhalter-aus-polyurethan\/","url":"https:\/\/www.meiren.ee\/de\/patentierte-leistenhalter-aus-polyurethan\/","name":"Patentierte Leistenhalter aus Polyurethan | Meiren lumesahad","isPartOf":{"@id":"https:\/\/www.meiren.ee\/en\/#website"},"primaryImageOfPage":{"@id":"https:\/\/www.meiren.ee\/de\/patentierte-leistenhalter-aus-polyurethan\/#primaryimage"},"image":{"@id":"https:\/\/www.meiren.ee\/de\/patentierte-leistenhalter-aus-polyurethan\/#primaryimage"},"thumbnailUrl":"https:\/\/www.meiren.ee\/wp-content\/uploads\/2022\/11\/Polyurethane-blade-holders_patented-1-390x270.jpg","datePublished":"2021-09-02T07:09:27+00:00","dateModified":"2026-04-06T07:57:51+00:00","breadcrumb":{"@id":"https:\/\/www.meiren.ee\/de\/patentierte-leistenhalter-aus-polyurethan\/#breadcrumb"},"inLanguage":"de","potentialAction":[{"@type":"ReadAction","target":["https:\/\/www.meiren.ee\/de\/patentierte-leistenhalter-aus-polyurethan\/"]}]},{"@type":"ImageObject","inLanguage":"de","@id":"https:\/\/www.meiren.ee\/de\/patentierte-leistenhalter-aus-polyurethan\/#primaryimage","url":"https:\/\/www.meiren.ee\/wp-content\/uploads\/2022\/11\/Polyurethane-blade-holders_patented-1-390x270.jpg","contentUrl":"https:\/\/www.meiren.ee\/wp-content\/uploads\/2022\/11\/Polyurethane-blade-holders_patented-1-390x270.jpg"},{"@type":"BreadcrumbList","@id":"https:\/\/www.meiren.ee\/de\/patentierte-leistenhalter-aus-polyurethan\/#breadcrumb","itemListElement":[{"@type":"ListItem","position":1,"name":"Home","item":"https:\/\/www.meiren.ee\/en\/"},{"@type":"ListItem","position":2,"name":"Patentierte Leistenhalter aus Polyurethan"}]},{"@type":"WebSite","@id":"https:\/\/www.meiren.ee\/en\/#website","url":"https:\/\/www.meiren.ee\/en\/","name":"Meiren lumesahad","description":"Lumesahk ja lumet\u00f5rje tehnika, maantee lumesahk, lumesahk traktorile, lumesahk maasturile, harjad, lumekopp, varuosad ja hooldus, lumesaha terad, Kobit s.r.o. soolapuisturid","potentialAction":[{"@type":"SearchAction","target":{"@type":"EntryPoint","urlTemplate":"https:\/\/www.meiren.ee\/en\/?s={search_term_string}"},"query-input":{"@type":"PropertyValueSpecification","valueRequired":true,"valueName":"search_term_string"}}],"inLanguage":"de"}]}},"_links":{"self":[{"href":"https:\/\/www.meiren.ee\/de\/wp-json\/wp\/v2\/pages\/19943"}],"collection":[{"href":"https:\/\/www.meiren.ee\/de\/wp-json\/wp\/v2\/pages"}],"about":[{"href":"https:\/\/www.meiren.ee\/de\/wp-json\/wp\/v2\/types\/page"}],"author":[{"embeddable":true,"href":"https:\/\/www.meiren.ee\/de\/wp-json\/wp\/v2\/users\/10"}],"replies":[{"embeddable":true,"href":"https:\/\/www.meiren.ee\/de\/wp-json\/wp\/v2\/comments?post=19943"}],"version-history":[{"count":13,"href":"https:\/\/www.meiren.ee\/de\/wp-json\/wp\/v2\/pages\/19943\/revisions"}],"predecessor-version":[{"id":25022,"href":"https:\/\/www.meiren.ee\/de\/wp-json\/wp\/v2\/pages\/19943\/revisions\/25022"}],"wp:attachment":[{"href":"https:\/\/www.meiren.ee\/de\/wp-json\/wp\/v2\/media?parent=19943"}],"curies":[{"name":"wp","href":"https:\/\/api.w.org\/{rel}","templated":true}]}}