{"id":19976,"date":"2021-09-02T13:37:45","date_gmt":"2021-09-02T10:37:45","guid":{"rendered":"https:\/\/www.meiren.ee\/?page_id=19976"},"modified":"2022-10-31T16:21:35","modified_gmt":"2022-10-31T14:21:35","slug":"einstellbarer-schneewurfspoiler","status":"publish","type":"page","link":"https:\/\/www.meiren.ee\/de\/einstellbarer-schneewurfspoiler\/","title":{"rendered":"Einstellbarer Schneewurfspoiler"},"content":{"rendered":"<p><img fetchpriority=\"high\" decoding=\"async\" class=\" wp-image-13137 alignleft\" src=\"https:\/\/meiren.ee\/wp-content\/uploads\/2017\/07\/Snow-flow-guide-390x270.jpg\" alt=\"Lumesuunajaga varustatud h\u00f5lm j\u00e4tab sahkamisel liiklusm\u00e4rgid puhtaks.\" width=\"325\" height=\"225\" \/><\/p>\n<p><img decoding=\"async\" class=\"wp-image-12046 alignleft\" src=\"https:\/\/meiren.ee\/wp-content\/uploads\/2017\/03\/Snow-flow-guide-390x270.jpg\" alt=\"Polditav lumesuunaja hoiab sahkamisel liiklusm\u00e4rgid puhtana.\" width=\"325\" height=\"225\" \/><\/p>\n<p>&nbsp;<\/p>\n<p>&nbsp;<\/p>\n<p>&nbsp;<\/p>\n<p>&nbsp;<\/p>\n<p>&nbsp;<\/p>\n<p>&nbsp;<\/p>\n<p>Der Schneewurfspoiler hilft die Verkehrszeichen sauber zu halten<\/p>\n","protected":false},"excerpt":{"rendered":"<p>&nbsp; &nbsp; &nbsp; &nbsp; &nbsp; &nbsp; Der Schneewurfspoiler hilft die Verkehrszeichen sauber zu halten<\/p>\n","protected":false},"author":10,"featured_media":0,"parent":0,"menu_order":0,"comment_status":"closed","ping_status":"closed","template":"page-special_page.php","meta":{"footnotes":""},"class_list":["post-19976","page","type-page","status-publish","hentry"],"yoast_head":"<!-- This site is optimized with the Yoast SEO plugin v25.6 - https:\/\/yoast.com\/wordpress\/plugins\/seo\/ -->\n<title>Einstellbarer Schneewurfspoiler | Meiren lumesahad<\/title>\n<meta name=\"robots\" content=\"index, follow, max-snippet:-1, max-image-preview:large, max-video-preview:-1\" \/>\n<link rel=\"canonical\" href=\"https:\/\/www.meiren.ee\/de\/einstellbarer-schneewurfspoiler\/\" \/>\n<meta property=\"og:locale\" content=\"de_DE\" \/>\n<meta property=\"og:type\" content=\"article\" \/>\n<meta property=\"og:title\" content=\"Einstellbarer Schneewurfspoiler | Meiren lumesahad\" \/>\n<meta property=\"og:description\" content=\"&nbsp; &nbsp; &nbsp; &nbsp; &nbsp; &nbsp; Der Schneewurfspoiler hilft die Verkehrszeichen sauber zu halten\" \/>\n<meta property=\"og:url\" content=\"https:\/\/www.meiren.ee\/de\/einstellbarer-schneewurfspoiler\/\" \/>\n<meta property=\"og:site_name\" content=\"Meiren lumesahad\" \/>\n<meta property=\"article:publisher\" content=\"https:\/\/www.facebook.com\/Meiren.ee?ref=nf\" \/>\n<meta property=\"article:modified_time\" content=\"2022-10-31T14:21:35+00:00\" \/>\n<meta property=\"og:image\" content=\"https:\/\/meiren.ee\/wp-content\/uploads\/2017\/07\/Snow-flow-guide-390x270.jpg\" \/>\n<meta name=\"twitter:card\" content=\"summary_large_image\" \/>\n<meta name=\"twitter:label1\" content=\"Gesch\u00e4tzte Lesezeit\" \/>\n\t<meta name=\"twitter:data1\" content=\"1\u00a0Minute\" \/>\n<script type=\"application\/ld+json\" class=\"yoast-schema-graph\">{\"@context\":\"https:\/\/schema.org\",\"@graph\":[{\"@type\":\"WebPage\",\"@id\":\"https:\/\/www.meiren.ee\/de\/einstellbarer-schneewurfspoiler\/\",\"url\":\"https:\/\/www.meiren.ee\/de\/einstellbarer-schneewurfspoiler\/\",\"name\":\"Einstellbarer Schneewurfspoiler | Meiren lumesahad\",\"isPartOf\":{\"@id\":\"https:\/\/www.meiren.ee\/en\/#website\"},\"primaryImageOfPage\":{\"@id\":\"https:\/\/www.meiren.ee\/de\/einstellbarer-schneewurfspoiler\/#primaryimage\"},\"image\":{\"@id\":\"https:\/\/www.meiren.ee\/de\/einstellbarer-schneewurfspoiler\/#primaryimage\"},\"thumbnailUrl\":\"https:\/\/meiren.ee\/wp-content\/uploads\/2017\/07\/Snow-flow-guide-390x270.jpg\",\"datePublished\":\"2021-09-02T10:37:45+00:00\",\"dateModified\":\"2022-10-31T14:21:35+00:00\",\"breadcrumb\":{\"@id\":\"https:\/\/www.meiren.ee\/de\/einstellbarer-schneewurfspoiler\/#breadcrumb\"},\"inLanguage\":\"de\",\"potentialAction\":[{\"@type\":\"ReadAction\",\"target\":[\"https:\/\/www.meiren.ee\/de\/einstellbarer-schneewurfspoiler\/\"]}]},{\"@type\":\"ImageObject\",\"inLanguage\":\"de\",\"@id\":\"https:\/\/www.meiren.ee\/de\/einstellbarer-schneewurfspoiler\/#primaryimage\",\"url\":\"https:\/\/meiren.ee\/wp-content\/uploads\/2017\/07\/Snow-flow-guide-390x270.jpg\",\"contentUrl\":\"https:\/\/meiren.ee\/wp-content\/uploads\/2017\/07\/Snow-flow-guide-390x270.jpg\"},{\"@type\":\"BreadcrumbList\",\"@id\":\"https:\/\/www.meiren.ee\/de\/einstellbarer-schneewurfspoiler\/#breadcrumb\",\"itemListElement\":[{\"@type\":\"ListItem\",\"position\":1,\"name\":\"Home\",\"item\":\"https:\/\/www.meiren.ee\/en\/\"},{\"@type\":\"ListItem\",\"position\":2,\"name\":\"Einstellbarer Schneewurfspoiler\"}]},{\"@type\":\"WebSite\",\"@id\":\"https:\/\/www.meiren.ee\/en\/#website\",\"url\":\"https:\/\/www.meiren.ee\/en\/\",\"name\":\"Meiren lumesahad\",\"description\":\"Lumesahk ja lumet\u00f5rje tehnika, maantee lumesahk, lumesahk traktorile, lumesahk maasturile, harjad, lumekopp, varuosad ja hooldus, lumesaha terad, Kobit s.r.o. soolapuisturid\",\"potentialAction\":[{\"@type\":\"SearchAction\",\"target\":{\"@type\":\"EntryPoint\",\"urlTemplate\":\"https:\/\/www.meiren.ee\/en\/?s={search_term_string}\"},\"query-input\":{\"@type\":\"PropertyValueSpecification\",\"valueRequired\":true,\"valueName\":\"search_term_string\"}}],\"inLanguage\":\"de\"}]}<\/script>\n<!-- \/ Yoast SEO plugin. -->","yoast_head_json":{"title":"Einstellbarer Schneewurfspoiler | Meiren lumesahad","robots":{"index":"index","follow":"follow","max-snippet":"max-snippet:-1","max-image-preview":"max-image-preview:large","max-video-preview":"max-video-preview:-1"},"canonical":"https:\/\/www.meiren.ee\/de\/einstellbarer-schneewurfspoiler\/","og_locale":"de_DE","og_type":"article","og_title":"Einstellbarer Schneewurfspoiler | Meiren lumesahad","og_description":"&nbsp; &nbsp; &nbsp; &nbsp; &nbsp; &nbsp; Der Schneewurfspoiler hilft die Verkehrszeichen sauber zu halten","og_url":"https:\/\/www.meiren.ee\/de\/einstellbarer-schneewurfspoiler\/","og_site_name":"Meiren lumesahad","article_publisher":"https:\/\/www.facebook.com\/Meiren.ee?ref=nf","article_modified_time":"2022-10-31T14:21:35+00:00","og_image":[{"url":"https:\/\/meiren.ee\/wp-content\/uploads\/2017\/07\/Snow-flow-guide-390x270.jpg","type":"","width":"","height":""}],"twitter_card":"summary_large_image","twitter_misc":{"Gesch\u00e4tzte Lesezeit":"1\u00a0Minute"},"schema":{"@context":"https:\/\/schema.org","@graph":[{"@type":"WebPage","@id":"https:\/\/www.meiren.ee\/de\/einstellbarer-schneewurfspoiler\/","url":"https:\/\/www.meiren.ee\/de\/einstellbarer-schneewurfspoiler\/","name":"Einstellbarer Schneewurfspoiler | Meiren lumesahad","isPartOf":{"@id":"https:\/\/www.meiren.ee\/en\/#website"},"primaryImageOfPage":{"@id":"https:\/\/www.meiren.ee\/de\/einstellbarer-schneewurfspoiler\/#primaryimage"},"image":{"@id":"https:\/\/www.meiren.ee\/de\/einstellbarer-schneewurfspoiler\/#primaryimage"},"thumbnailUrl":"https:\/\/meiren.ee\/wp-content\/uploads\/2017\/07\/Snow-flow-guide-390x270.jpg","datePublished":"2021-09-02T10:37:45+00:00","dateModified":"2022-10-31T14:21:35+00:00","breadcrumb":{"@id":"https:\/\/www.meiren.ee\/de\/einstellbarer-schneewurfspoiler\/#breadcrumb"},"inLanguage":"de","potentialAction":[{"@type":"ReadAction","target":["https:\/\/www.meiren.ee\/de\/einstellbarer-schneewurfspoiler\/"]}]},{"@type":"ImageObject","inLanguage":"de","@id":"https:\/\/www.meiren.ee\/de\/einstellbarer-schneewurfspoiler\/#primaryimage","url":"https:\/\/meiren.ee\/wp-content\/uploads\/2017\/07\/Snow-flow-guide-390x270.jpg","contentUrl":"https:\/\/meiren.ee\/wp-content\/uploads\/2017\/07\/Snow-flow-guide-390x270.jpg"},{"@type":"BreadcrumbList","@id":"https:\/\/www.meiren.ee\/de\/einstellbarer-schneewurfspoiler\/#breadcrumb","itemListElement":[{"@type":"ListItem","position":1,"name":"Home","item":"https:\/\/www.meiren.ee\/en\/"},{"@type":"ListItem","position":2,"name":"Einstellbarer Schneewurfspoiler"}]},{"@type":"WebSite","@id":"https:\/\/www.meiren.ee\/en\/#website","url":"https:\/\/www.meiren.ee\/en\/","name":"Meiren lumesahad","description":"Lumesahk ja lumet\u00f5rje tehnika, maantee lumesahk, lumesahk traktorile, lumesahk maasturile, harjad, lumekopp, varuosad ja hooldus, lumesaha terad, Kobit s.r.o. soolapuisturid","potentialAction":[{"@type":"SearchAction","target":{"@type":"EntryPoint","urlTemplate":"https:\/\/www.meiren.ee\/en\/?s={search_term_string}"},"query-input":{"@type":"PropertyValueSpecification","valueRequired":true,"valueName":"search_term_string"}}],"inLanguage":"de"}]}},"_links":{"self":[{"href":"https:\/\/www.meiren.ee\/de\/wp-json\/wp\/v2\/pages\/19976"}],"collection":[{"href":"https:\/\/www.meiren.ee\/de\/wp-json\/wp\/v2\/pages"}],"about":[{"href":"https:\/\/www.meiren.ee\/de\/wp-json\/wp\/v2\/types\/page"}],"author":[{"embeddable":true,"href":"https:\/\/www.meiren.ee\/de\/wp-json\/wp\/v2\/users\/10"}],"replies":[{"embeddable":true,"href":"https:\/\/www.meiren.ee\/de\/wp-json\/wp\/v2\/comments?post=19976"}],"version-history":[{"count":8,"href":"https:\/\/www.meiren.ee\/de\/wp-json\/wp\/v2\/pages\/19976\/revisions"}],"predecessor-version":[{"id":20130,"href":"https:\/\/www.meiren.ee\/de\/wp-json\/wp\/v2\/pages\/19976\/revisions\/20130"}],"wp:attachment":[{"href":"https:\/\/www.meiren.ee\/de\/wp-json\/wp\/v2\/media?parent=19976"}],"curies":[{"name":"wp","href":"https:\/\/api.w.org\/{rel}","templated":true}]}}