{"id":20069,"date":"2021-09-07T08:40:01","date_gmt":"2021-09-07T05:40:01","guid":{"rendered":"https:\/\/www.meiren.ee\/?page_id=20069"},"modified":"2025-05-21T08:32:50","modified_gmt":"2025-05-21T05:32:50","slug":"h-ae-n-d-l-e-r-s-u-c-h-e","status":"publish","type":"page","link":"https:\/\/www.meiren.ee\/de\/h-ae-n-d-l-e-r-s-u-c-h-e\/","title":{"rendered":"* H\u00c4NDLER GEW\u00dcNSCHT"},"content":{"rendered":"<p>Meiren Engineering O\u00dc sucht nach den H\u00e4ndlern der INNOVATIVEN, Spitzenklasse- Schneepfl\u00fcge<\/p>\n<ul>\n<li>f\u00fcr LKWs<\/li>\n<li>f\u00fcr Traktoren<\/li>\n<li>f\u00fcr Radlader<\/li>\n<\/ul>\n<p>in folgenden Regionen: Deutschland, \u00d6sterreich, Schweiz, Lichtenstein, Luxemburg, Tschechien, Slowakei.<\/p>\n<p>Falls Sie interesse haben, senden Sie bitte die Einf\u00fchrung Ihres Unternehmens auf meine E-Mail.<\/p>\n<p>&nbsp;<\/p>\n<p>Meiren Engineering O\u00dc<\/p>\n<p><a href=\"mailto:tiit.truusalu@meiren.ee\">tiit.truusalu@meiren.ee<\/a><\/p>\n<p>mob: + 372 50 41 451<\/p>\n","protected":false},"excerpt":{"rendered":"<p>Meiren Engineering O\u00dc sucht nach den H\u00e4ndlern der INNOVATIVEN, Spitzenklasse- Schneepfl\u00fcge f\u00fcr LKWs f\u00fcr Traktoren f\u00fcr Radlader in folgenden Regionen: Deutschland, \u00d6sterreich, Schweiz, Lichtenstein, Luxemburg, Tschechien, Slowakei. Falls Sie interesse haben, senden Sie bitte die Einf\u00fchrung Ihres Unternehmens auf meine E-Mail. &nbsp; Meiren Engineering O\u00dc tiit.truusalu@meiren.ee mob: + 372 50 41 451<\/p>\n","protected":false},"author":10,"featured_media":0,"parent":0,"menu_order":0,"comment_status":"closed","ping_status":"closed","template":"","meta":{"footnotes":""},"class_list":["post-20069","page","type-page","status-publish","hentry"],"yoast_head":"<!-- This site is optimized with the Yoast SEO plugin v25.6 - https:\/\/yoast.com\/wordpress\/plugins\/seo\/ -->\n<title>* H\u00c4NDLER GEW\u00dcNSCHT | Meiren lumesahad<\/title>\n<meta name=\"robots\" content=\"index, follow, max-snippet:-1, max-image-preview:large, max-video-preview:-1\" \/>\n<link rel=\"canonical\" href=\"https:\/\/www.meiren.ee\/de\/h-ae-n-d-l-e-r-s-u-c-h-e\/\" \/>\n<meta property=\"og:locale\" content=\"de_DE\" \/>\n<meta property=\"og:type\" content=\"article\" \/>\n<meta property=\"og:title\" content=\"* H\u00c4NDLER GEW\u00dcNSCHT | Meiren lumesahad\" \/>\n<meta property=\"og:description\" content=\"Meiren Engineering O\u00dc sucht nach den H\u00e4ndlern der INNOVATIVEN, Spitzenklasse- Schneepfl\u00fcge f\u00fcr LKWs f\u00fcr Traktoren f\u00fcr Radlader in folgenden Regionen: Deutschland, \u00d6sterreich, Schweiz, Lichtenstein, Luxemburg, Tschechien, Slowakei. Falls Sie interesse haben, senden Sie bitte die Einf\u00fchrung Ihres Unternehmens auf meine E-Mail. &nbsp; Meiren Engineering O\u00dc tiit.truusalu@meiren.ee mob: + 372 50 41 451\" \/>\n<meta property=\"og:url\" content=\"https:\/\/www.meiren.ee\/de\/h-ae-n-d-l-e-r-s-u-c-h-e\/\" \/>\n<meta property=\"og:site_name\" content=\"Meiren lumesahad\" \/>\n<meta property=\"article:publisher\" content=\"https:\/\/www.facebook.com\/Meiren.ee?ref=nf\" \/>\n<meta property=\"article:modified_time\" content=\"2025-05-21T05:32:50+00:00\" \/>\n<meta name=\"twitter:card\" content=\"summary_large_image\" \/>\n<meta name=\"twitter:label1\" content=\"Gesch\u00e4tzte Lesezeit\" \/>\n\t<meta name=\"twitter:data1\" content=\"1\u00a0Minute\" \/>\n<script type=\"application\/ld+json\" class=\"yoast-schema-graph\">{\"@context\":\"https:\/\/schema.org\",\"@graph\":[{\"@type\":\"WebPage\",\"@id\":\"https:\/\/www.meiren.ee\/de\/h-ae-n-d-l-e-r-s-u-c-h-e\/\",\"url\":\"https:\/\/www.meiren.ee\/de\/h-ae-n-d-l-e-r-s-u-c-h-e\/\",\"name\":\"* H\u00c4NDLER GEW\u00dcNSCHT | Meiren lumesahad\",\"isPartOf\":{\"@id\":\"https:\/\/www.meiren.ee\/en\/#website\"},\"datePublished\":\"2021-09-07T05:40:01+00:00\",\"dateModified\":\"2025-05-21T05:32:50+00:00\",\"breadcrumb\":{\"@id\":\"https:\/\/www.meiren.ee\/de\/h-ae-n-d-l-e-r-s-u-c-h-e\/#breadcrumb\"},\"inLanguage\":\"de\",\"potentialAction\":[{\"@type\":\"ReadAction\",\"target\":[\"https:\/\/www.meiren.ee\/de\/h-ae-n-d-l-e-r-s-u-c-h-e\/\"]}]},{\"@type\":\"BreadcrumbList\",\"@id\":\"https:\/\/www.meiren.ee\/de\/h-ae-n-d-l-e-r-s-u-c-h-e\/#breadcrumb\",\"itemListElement\":[{\"@type\":\"ListItem\",\"position\":1,\"name\":\"Home\",\"item\":\"https:\/\/www.meiren.ee\/en\/\"},{\"@type\":\"ListItem\",\"position\":2,\"name\":\"* H\u00c4NDLER GEW\u00dcNSCHT\"}]},{\"@type\":\"WebSite\",\"@id\":\"https:\/\/www.meiren.ee\/en\/#website\",\"url\":\"https:\/\/www.meiren.ee\/en\/\",\"name\":\"Meiren lumesahad\",\"description\":\"Lumesahk ja lumet\u00f5rje tehnika, maantee lumesahk, lumesahk traktorile, lumesahk maasturile, harjad, lumekopp, varuosad ja hooldus, lumesaha terad, Kobit s.r.o. soolapuisturid\",\"potentialAction\":[{\"@type\":\"SearchAction\",\"target\":{\"@type\":\"EntryPoint\",\"urlTemplate\":\"https:\/\/www.meiren.ee\/en\/?s={search_term_string}\"},\"query-input\":{\"@type\":\"PropertyValueSpecification\",\"valueRequired\":true,\"valueName\":\"search_term_string\"}}],\"inLanguage\":\"de\"}]}<\/script>\n<!-- \/ Yoast SEO plugin. -->","yoast_head_json":{"title":"* H\u00c4NDLER GEW\u00dcNSCHT | Meiren lumesahad","robots":{"index":"index","follow":"follow","max-snippet":"max-snippet:-1","max-image-preview":"max-image-preview:large","max-video-preview":"max-video-preview:-1"},"canonical":"https:\/\/www.meiren.ee\/de\/h-ae-n-d-l-e-r-s-u-c-h-e\/","og_locale":"de_DE","og_type":"article","og_title":"* H\u00c4NDLER GEW\u00dcNSCHT | Meiren lumesahad","og_description":"Meiren Engineering O\u00dc sucht nach den H\u00e4ndlern der INNOVATIVEN, Spitzenklasse- Schneepfl\u00fcge f\u00fcr LKWs f\u00fcr Traktoren f\u00fcr Radlader in folgenden Regionen: Deutschland, \u00d6sterreich, Schweiz, Lichtenstein, Luxemburg, Tschechien, Slowakei. Falls Sie interesse haben, senden Sie bitte die Einf\u00fchrung Ihres Unternehmens auf meine E-Mail. &nbsp; Meiren Engineering O\u00dc tiit.truusalu@meiren.ee mob: + 372 50 41 451","og_url":"https:\/\/www.meiren.ee\/de\/h-ae-n-d-l-e-r-s-u-c-h-e\/","og_site_name":"Meiren lumesahad","article_publisher":"https:\/\/www.facebook.com\/Meiren.ee?ref=nf","article_modified_time":"2025-05-21T05:32:50+00:00","twitter_card":"summary_large_image","twitter_misc":{"Gesch\u00e4tzte Lesezeit":"1\u00a0Minute"},"schema":{"@context":"https:\/\/schema.org","@graph":[{"@type":"WebPage","@id":"https:\/\/www.meiren.ee\/de\/h-ae-n-d-l-e-r-s-u-c-h-e\/","url":"https:\/\/www.meiren.ee\/de\/h-ae-n-d-l-e-r-s-u-c-h-e\/","name":"* H\u00c4NDLER GEW\u00dcNSCHT | Meiren lumesahad","isPartOf":{"@id":"https:\/\/www.meiren.ee\/en\/#website"},"datePublished":"2021-09-07T05:40:01+00:00","dateModified":"2025-05-21T05:32:50+00:00","breadcrumb":{"@id":"https:\/\/www.meiren.ee\/de\/h-ae-n-d-l-e-r-s-u-c-h-e\/#breadcrumb"},"inLanguage":"de","potentialAction":[{"@type":"ReadAction","target":["https:\/\/www.meiren.ee\/de\/h-ae-n-d-l-e-r-s-u-c-h-e\/"]}]},{"@type":"BreadcrumbList","@id":"https:\/\/www.meiren.ee\/de\/h-ae-n-d-l-e-r-s-u-c-h-e\/#breadcrumb","itemListElement":[{"@type":"ListItem","position":1,"name":"Home","item":"https:\/\/www.meiren.ee\/en\/"},{"@type":"ListItem","position":2,"name":"* H\u00c4NDLER GEW\u00dcNSCHT"}]},{"@type":"WebSite","@id":"https:\/\/www.meiren.ee\/en\/#website","url":"https:\/\/www.meiren.ee\/en\/","name":"Meiren lumesahad","description":"Lumesahk ja lumet\u00f5rje tehnika, maantee lumesahk, lumesahk traktorile, lumesahk maasturile, harjad, lumekopp, varuosad ja hooldus, lumesaha terad, Kobit s.r.o. soolapuisturid","potentialAction":[{"@type":"SearchAction","target":{"@type":"EntryPoint","urlTemplate":"https:\/\/www.meiren.ee\/en\/?s={search_term_string}"},"query-input":{"@type":"PropertyValueSpecification","valueRequired":true,"valueName":"search_term_string"}}],"inLanguage":"de"}]}},"_links":{"self":[{"href":"https:\/\/www.meiren.ee\/de\/wp-json\/wp\/v2\/pages\/20069"}],"collection":[{"href":"https:\/\/www.meiren.ee\/de\/wp-json\/wp\/v2\/pages"}],"about":[{"href":"https:\/\/www.meiren.ee\/de\/wp-json\/wp\/v2\/types\/page"}],"author":[{"embeddable":true,"href":"https:\/\/www.meiren.ee\/de\/wp-json\/wp\/v2\/users\/10"}],"replies":[{"embeddable":true,"href":"https:\/\/www.meiren.ee\/de\/wp-json\/wp\/v2\/comments?post=20069"}],"version-history":[{"count":7,"href":"https:\/\/www.meiren.ee\/de\/wp-json\/wp\/v2\/pages\/20069\/revisions"}],"predecessor-version":[{"id":24469,"href":"https:\/\/www.meiren.ee\/de\/wp-json\/wp\/v2\/pages\/20069\/revisions\/24469"}],"wp:attachment":[{"href":"https:\/\/www.meiren.ee\/de\/wp-json\/wp\/v2\/media?parent=20069"}],"curies":[{"name":"wp","href":"https:\/\/api.w.org\/{rel}","templated":true}]}}