{"id":2067,"date":"2012-09-11T16:33:20","date_gmt":"2012-09-11T13:33:20","guid":{"rendered":"https:\/\/meiren.ee\/?page_id=2067"},"modified":"2018-05-07T13:19:56","modified_gmt":"2018-05-07T10:19:56","slug":"meiren-snow","status":"publish","type":"page","link":"https:\/\/www.meiren.ee\/de\/meiren-snow\/","title":{"rendered":"Meiren Snow"},"content":{"rendered":"<p style=\"text-align: justify;\">Unsere Kunden sind \u00f6ffentliche Organisationen und Privatkunden. Mittlerweile geh\u00f6rt Meiren Snow mit Ihren Schneer\u00e4uml\u00f6sungen zu den Marktf\u00fchrern im skandinavischen Raum, u.a. in Schweden und Finnland. Meiren Snow hat eine weite Auswahl an Schneepl\u00fcgen. Bestimmt finden Sie etwas f\u00fcr Ihren Bedarf. Gerne sind wir bei Ihrer Auswahl behilflich und beantworten Ihre Fragen und finden mit Ihnen gemeinsam eine passende L\u00f6sung.<\/p>\n<p style=\"text-align: justify;\">Unsere Schneepfl\u00fcge sind von der Nationalen schwedischen Instituts f\u00fcr Stra\u00dfen- und Verkehrsforschung getestet und so k\u00f6nnen Sie und die Teilnehmer am privaten Verkehr und Nutzer \u00f6ffentlicher Verkehrsmittel die Sicherheit im Stra\u00dfenverkehr und auf jeglichen Wegen nachvollziehen.<\/p>\n<p style=\"text-align: justify;\">z. B Mitarbeiter der Autobahn- und Strassenmeistereien k\u00f6nnen anstehende Schneef\u00e4lle mit unseren Front- und Seitenpfl\u00fcgen mit der R\u00e4umbreite bis 5,5m schnell und bequem r\u00e4umen. Merien Snow hat eine einzigartige L\u00f6sung entwickelt die die Anwendung eines Schneeschirmes nicht n\u00f6tigt. Zus\u00e4tzlich bewirkt der R\u00e4umwinkel mit dem gew\u00f6lbten Kunststoffschar (die bis zu \u2013100 Grad vertr\u00e4gt) eine Schneestr\u00f6mung dass Schnee nicht vor sich her scheibt sondern es aufhebt und es (bis zu 13,5 m Weit und 3,8 m Hoch [1]).<\/p>\n<p style=\"text-align: justify;\">Die leichteren Konstruktionen und der R\u00e4umwinkel bewirken einen geringeren Spritverbrauch, Noice-Reduction-System mit dem zus\u00e4tzlichen hinteren Gummir\u00e4umleisten-System erm\u00f6glicht eine pr\u00e4zise R\u00e4umung [2]\u00a0und eine saubere Oberfl\u00e4che [3]\u00a0nach einmaliger Durchfahrt. Dass ist nicht nur kosteng\u00fcnstiger f\u00fcr den Fahrer\u00a0 sondern auch f\u00fcr die Organisatsion\/das Unternehmen (man kann salz, sprit- und zeitsparend mehr Kunden und Objekte bedienen)- was letztendlich auch ein Vorteil an Sicherheit f\u00fcr den Verkehrsteilnehmer ist.<\/p>\n<p style=\"text-align: justify;\">Auch Landwirte k\u00f6nnen z. B mit unseren Traktoren- und Radladerschneepfl\u00fcgen Seitenstrassen und allm\u00f6gliche Oberfl\u00e4chen bequem r\u00e4umen oder \u00fcberfl\u00fcssigen Schnee zusammen sammeln.<\/p>\n<p><strong>Erlauben Sie uns Ihre Schneer\u00e4umprobleme zu l\u00f6sen.<\/strong><\/p>\n<p>&nbsp;<\/p>\n<p>Wir freuen uns auf Ihre Kontaktnahme!<\/p>\n<p><strong>Ihr Meiren Snow<\/strong><\/p>\n<p>&nbsp;<\/p>\n<p>Kristo Kallasmaa<\/p>\n<p>Leiter Marketing und Vertrieb<\/p>\n<p>Mobil: +372 56 60 71 54<\/p>\n<p>E-mail: <strong><a href=\"mailto:info@meiren.ee\">info@meiren.ee<\/a><\/strong><\/p>\n<p>Fax: +372 68 25 002<\/p>\n<p>&nbsp;<\/p>\n<hr align=\"left\" size=\"1\" width=\"33%\" \/>\n<div id=\"ftn1\">\n<p><span style=\"color: #000000;\">[1]-[3] Testergebnisse des Nationalen schwedischen Instituts f\u00fcr Stra\u00dfen- und Verkehrsforschung<\/span><\/p>\n<\/div>\n","protected":false},"excerpt":{"rendered":"<p>Unsere Kunden sind \u00f6ffentliche Organisationen und Privatkunden. Mittlerweile geh\u00f6rt Meiren Snow mit Ihren Schneer\u00e4uml\u00f6sungen zu den Marktf\u00fchrern im skandinavischen Raum, u.a. in Schweden und Finnland. Meiren Snow hat eine weite Auswahl an Schneepl\u00fcgen. Bestimmt finden Sie etwas f\u00fcr Ihren Bedarf. Gerne sind wir bei Ihrer Auswahl behilflich und beantworten Ihre Fragen und finden mit Ihnen [&hellip;]<\/p>\n","protected":false},"author":2,"featured_media":0,"parent":0,"menu_order":0,"comment_status":"closed","ping_status":"open","template":"page-special_page.php","meta":{"footnotes":""},"class_list":["post-2067","page","type-page","status-publish","hentry"],"yoast_head":"<!-- This site is optimized with the Yoast SEO plugin v25.6 - https:\/\/yoast.com\/wordpress\/plugins\/seo\/ -->\n<title>Meiren Snow | Meiren lumesahad<\/title>\n<meta name=\"robots\" content=\"index, follow, max-snippet:-1, max-image-preview:large, max-video-preview:-1\" \/>\n<link rel=\"canonical\" href=\"https:\/\/www.meiren.ee\/de\/meiren-snow\/\" \/>\n<meta property=\"og:locale\" content=\"de_DE\" \/>\n<meta property=\"og:type\" content=\"article\" \/>\n<meta property=\"og:title\" content=\"Meiren Snow | Meiren lumesahad\" \/>\n<meta property=\"og:description\" content=\"Unsere Kunden sind \u00f6ffentliche Organisationen und Privatkunden. Mittlerweile geh\u00f6rt Meiren Snow mit Ihren Schneer\u00e4uml\u00f6sungen zu den Marktf\u00fchrern im skandinavischen Raum, u.a. in Schweden und Finnland. Meiren Snow hat eine weite Auswahl an Schneepl\u00fcgen. Bestimmt finden Sie etwas f\u00fcr Ihren Bedarf. Gerne sind wir bei Ihrer Auswahl behilflich und beantworten Ihre Fragen und finden mit Ihnen [&hellip;]\" \/>\n<meta property=\"og:url\" content=\"https:\/\/www.meiren.ee\/de\/meiren-snow\/\" \/>\n<meta property=\"og:site_name\" content=\"Meiren lumesahad\" \/>\n<meta property=\"article:publisher\" content=\"https:\/\/www.facebook.com\/Meiren.ee?ref=nf\" \/>\n<meta property=\"article:modified_time\" content=\"2018-05-07T10:19:56+00:00\" \/>\n<meta name=\"twitter:card\" content=\"summary_large_image\" \/>\n<meta name=\"twitter:label1\" content=\"Gesch\u00e4tzte Lesezeit\" \/>\n\t<meta name=\"twitter:data1\" content=\"2\u00a0Minuten\" \/>\n<script type=\"application\/ld+json\" class=\"yoast-schema-graph\">{\"@context\":\"https:\/\/schema.org\",\"@graph\":[{\"@type\":\"WebPage\",\"@id\":\"https:\/\/www.meiren.ee\/de\/meiren-snow\/\",\"url\":\"https:\/\/www.meiren.ee\/de\/meiren-snow\/\",\"name\":\"Meiren Snow | Meiren lumesahad\",\"isPartOf\":{\"@id\":\"https:\/\/www.meiren.ee\/en\/#website\"},\"datePublished\":\"2012-09-11T13:33:20+00:00\",\"dateModified\":\"2018-05-07T10:19:56+00:00\",\"breadcrumb\":{\"@id\":\"https:\/\/www.meiren.ee\/de\/meiren-snow\/#breadcrumb\"},\"inLanguage\":\"de\",\"potentialAction\":[{\"@type\":\"ReadAction\",\"target\":[\"https:\/\/www.meiren.ee\/de\/meiren-snow\/\"]}]},{\"@type\":\"BreadcrumbList\",\"@id\":\"https:\/\/www.meiren.ee\/de\/meiren-snow\/#breadcrumb\",\"itemListElement\":[{\"@type\":\"ListItem\",\"position\":1,\"name\":\"Home\",\"item\":\"https:\/\/www.meiren.ee\/en\/\"},{\"@type\":\"ListItem\",\"position\":2,\"name\":\"Meiren Snow\"}]},{\"@type\":\"WebSite\",\"@id\":\"https:\/\/www.meiren.ee\/en\/#website\",\"url\":\"https:\/\/www.meiren.ee\/en\/\",\"name\":\"Meiren lumesahad\",\"description\":\"Lumesahk ja lumet\u00f5rje tehnika, maantee lumesahk, lumesahk traktorile, lumesahk maasturile, harjad, lumekopp, varuosad ja hooldus, lumesaha terad, Kobit s.r.o. soolapuisturid\",\"potentialAction\":[{\"@type\":\"SearchAction\",\"target\":{\"@type\":\"EntryPoint\",\"urlTemplate\":\"https:\/\/www.meiren.ee\/en\/?s={search_term_string}\"},\"query-input\":{\"@type\":\"PropertyValueSpecification\",\"valueRequired\":true,\"valueName\":\"search_term_string\"}}],\"inLanguage\":\"de\"}]}<\/script>\n<!-- \/ Yoast SEO plugin. -->","yoast_head_json":{"title":"Meiren Snow | Meiren lumesahad","robots":{"index":"index","follow":"follow","max-snippet":"max-snippet:-1","max-image-preview":"max-image-preview:large","max-video-preview":"max-video-preview:-1"},"canonical":"https:\/\/www.meiren.ee\/de\/meiren-snow\/","og_locale":"de_DE","og_type":"article","og_title":"Meiren Snow | Meiren lumesahad","og_description":"Unsere Kunden sind \u00f6ffentliche Organisationen und Privatkunden. Mittlerweile geh\u00f6rt Meiren Snow mit Ihren Schneer\u00e4uml\u00f6sungen zu den Marktf\u00fchrern im skandinavischen Raum, u.a. in Schweden und Finnland. Meiren Snow hat eine weite Auswahl an Schneepl\u00fcgen. Bestimmt finden Sie etwas f\u00fcr Ihren Bedarf. Gerne sind wir bei Ihrer Auswahl behilflich und beantworten Ihre Fragen und finden mit Ihnen [&hellip;]","og_url":"https:\/\/www.meiren.ee\/de\/meiren-snow\/","og_site_name":"Meiren lumesahad","article_publisher":"https:\/\/www.facebook.com\/Meiren.ee?ref=nf","article_modified_time":"2018-05-07T10:19:56+00:00","twitter_card":"summary_large_image","twitter_misc":{"Gesch\u00e4tzte Lesezeit":"2\u00a0Minuten"},"schema":{"@context":"https:\/\/schema.org","@graph":[{"@type":"WebPage","@id":"https:\/\/www.meiren.ee\/de\/meiren-snow\/","url":"https:\/\/www.meiren.ee\/de\/meiren-snow\/","name":"Meiren Snow | Meiren lumesahad","isPartOf":{"@id":"https:\/\/www.meiren.ee\/en\/#website"},"datePublished":"2012-09-11T13:33:20+00:00","dateModified":"2018-05-07T10:19:56+00:00","breadcrumb":{"@id":"https:\/\/www.meiren.ee\/de\/meiren-snow\/#breadcrumb"},"inLanguage":"de","potentialAction":[{"@type":"ReadAction","target":["https:\/\/www.meiren.ee\/de\/meiren-snow\/"]}]},{"@type":"BreadcrumbList","@id":"https:\/\/www.meiren.ee\/de\/meiren-snow\/#breadcrumb","itemListElement":[{"@type":"ListItem","position":1,"name":"Home","item":"https:\/\/www.meiren.ee\/en\/"},{"@type":"ListItem","position":2,"name":"Meiren Snow"}]},{"@type":"WebSite","@id":"https:\/\/www.meiren.ee\/en\/#website","url":"https:\/\/www.meiren.ee\/en\/","name":"Meiren lumesahad","description":"Lumesahk ja lumet\u00f5rje tehnika, maantee lumesahk, lumesahk traktorile, lumesahk maasturile, harjad, lumekopp, varuosad ja hooldus, lumesaha terad, Kobit s.r.o. soolapuisturid","potentialAction":[{"@type":"SearchAction","target":{"@type":"EntryPoint","urlTemplate":"https:\/\/www.meiren.ee\/en\/?s={search_term_string}"},"query-input":{"@type":"PropertyValueSpecification","valueRequired":true,"valueName":"search_term_string"}}],"inLanguage":"de"}]}},"_links":{"self":[{"href":"https:\/\/www.meiren.ee\/de\/wp-json\/wp\/v2\/pages\/2067"}],"collection":[{"href":"https:\/\/www.meiren.ee\/de\/wp-json\/wp\/v2\/pages"}],"about":[{"href":"https:\/\/www.meiren.ee\/de\/wp-json\/wp\/v2\/types\/page"}],"author":[{"embeddable":true,"href":"https:\/\/www.meiren.ee\/de\/wp-json\/wp\/v2\/users\/2"}],"replies":[{"embeddable":true,"href":"https:\/\/www.meiren.ee\/de\/wp-json\/wp\/v2\/comments?post=2067"}],"version-history":[{"count":8,"href":"https:\/\/www.meiren.ee\/de\/wp-json\/wp\/v2\/pages\/2067\/revisions"}],"predecessor-version":[{"id":13918,"href":"https:\/\/www.meiren.ee\/de\/wp-json\/wp\/v2\/pages\/2067\/revisions\/13918"}],"wp:attachment":[{"href":"https:\/\/www.meiren.ee\/de\/wp-json\/wp\/v2\/media?parent=2067"}],"curies":[{"name":"wp","href":"https:\/\/api.w.org\/{rel}","templated":true}]}}