{"id":22002,"date":"2022-10-31T16:08:08","date_gmt":"2022-10-31T14:08:08","guid":{"rendered":"https:\/\/www.meiren.ee\/?page_id=22002"},"modified":"2025-04-29T17:07:08","modified_gmt":"2025-04-29T14:07:08","slug":"ausstattung-des-produktes","status":"publish","type":"page","link":"https:\/\/www.meiren.ee\/de\/ausstattung-des-produktes\/","title":{"rendered":"Ausstattung"},"content":{"rendered":"<table style=\"border-collapse: collapse; width: 100%;\">\n<tbody>\n<tr>\n<td style=\"width: 50%;\"><span style=\"font-size: 14pt;\"><a href=\"https:\/\/www.meiren.ee\/de\/patentierte-leistenhalter-aus-polyurethan\/\" target=\"_blank\" rel=\"noopener\"><strong>Patentierte Leistenhalter aus Polyurethan<\/strong><\/a><br \/>\n<\/span><a href=\"https:\/\/www.meiren.ee\/de\/patentierte-leistenhalter-aus-polyurethan\/\" target=\"_blank\" rel=\"noopener\"><img fetchpriority=\"high\" decoding=\"async\" class=\"alignnone wp-image-22060 size-medium\" src=\"https:\/\/www.meiren.ee\/wp-content\/uploads\/2022\/11\/Polyurethane-blade-holders_patented-300x208.jpg\" alt=\"Patentierte Leistenhalter aus Polyurethan\" width=\"300\" height=\"208\" srcset=\"https:\/\/www.meiren.ee\/wp-content\/uploads\/2022\/11\/Polyurethane-blade-holders_patented-300x208.jpg 300w, https:\/\/www.meiren.ee\/wp-content\/uploads\/2022\/11\/Polyurethane-blade-holders_patented.jpg 390w\" sizes=\"(max-width: 300px) 100vw, 300px\" \/><\/a><\/td>\n<td style=\"width: 50%;\"><span style=\"font-size: 14pt;\"><a href=\"https:\/\/www.meiren.ee\/de\/verschiebbares-parallelogramm\/\" target=\"_blank\" rel=\"noopener\"><strong>Patentiertes, seitlich verstellbares Parallelogramm<\/strong><\/a><br \/>\n<\/span><a href=\"https:\/\/www.meiren.ee\/de\/verschiebbares-parallelogramm\/\" target=\"_blank\" rel=\"noopener\"><img decoding=\"async\" class=\"alignnone wp-image-22072 size-medium\" src=\"https:\/\/www.meiren.ee\/wp-content\/uploads\/2022\/11\/Parallelogram_patented-300x208.jpg\" alt=\"Verschiebbares Parallelogramm\" width=\"300\" height=\"208\" srcset=\"https:\/\/www.meiren.ee\/wp-content\/uploads\/2022\/11\/Parallelogram_patented-300x208.jpg 300w, https:\/\/www.meiren.ee\/wp-content\/uploads\/2022\/11\/Parallelogram_patented.jpg 390w\" sizes=\"(max-width: 300px) 100vw, 300px\" \/><\/a><\/td>\n<\/tr>\n<tr>\n<td style=\"width: 50%;\"><span style=\"font-size: 14pt;\"><a href=\"https:\/\/www.meiren.ee\/de\/stutzfuss\/\" target=\"_blank\" rel=\"noopener\"><strong>St\u00fctzfu\u00df<\/strong><\/a><br \/>\n<\/span><a href=\"https:\/\/www.meiren.ee\/de\/stutzfuss\/\" target=\"_blank\" rel=\"noopener\"><img decoding=\"async\" class=\"alignnone wp-image-12077\" src=\"https:\/\/www.meiren.ee\/wp-content\/uploads\/2017\/03\/Support-leg-300x181.png\" alt=\"Mechanisch verstellbarer St\u00fctzfu\u00df\" width=\"300\" height=\"208\" \/><\/a><\/td>\n<td style=\"width: 50%;\"><span style=\"font-size: 14pt;\"><a href=\"https:\/\/www.meiren.ee\/de\/feinraeumleiste\/\" target=\"_blank\" rel=\"noopener\"><strong>Hydraulische Nachr\u00e4umleisten LH<\/strong><\/a><br \/>\n<\/span><a href=\"https:\/\/www.meiren.ee\/de\/feinraeumleiste\/\" target=\"_blank\" rel=\"noopener\"><img loading=\"lazy\" decoding=\"async\" class=\"alignnone\" src=\"https:\/\/meiren.ee\/wp-content\/uploads\/2017\/03\/Hydraulic-additional-blade-mechanism.jpg\" alt=\"Hydraulische Nachr\u00e4umleisten LH f\u00fcr Autobahn-Schneeplf\u00fcgen\" width=\"300\" height=\"208\" \/><\/a><\/td>\n<\/tr>\n<tr>\n<td style=\"width: 50%;\"><span style=\"font-size: 14pt;\"><a href=\"https:\/\/www.meiren.ee\/de\/manometer-2\/\" target=\"_blank\" rel=\"noopener\"><strong>Manometer f\u00fcr das Nachr\u00e4umleisten<\/strong><\/a><br \/>\n<\/span><a href=\"https:\/\/www.meiren.ee\/de\/manometer-2\/\" target=\"_blank\" rel=\"noopener\"><img loading=\"lazy\" decoding=\"async\" class=\"alignnone\" src=\"https:\/\/meiren.ee\/wp-content\/uploads\/2014\/07\/Manomeeter-390x270.jpg\" alt=\"Das Manometer erleichtert die Wahl des richtigen Drucks f\u00fcr das hydraulische Nachr\u00e4umleistenhaltermechanismus\" width=\"300\" height=\"208\" \/><\/a><\/td>\n<td style=\"width: 50%;\"><span style=\"font-size: 14pt;\"><a href=\"https:\/\/www.meiren.ee\/de\/randsteinabweiser\/\" target=\"_blank\" rel=\"noopener\"><strong>Seitenleisten <\/strong><\/a><br \/>\n<\/span><a href=\"https:\/\/meiren.ee\/de\/randsteinabweiser\/\" target=\"_blank\" rel=\"noopener\"><img loading=\"lazy\" decoding=\"async\" class=\"alignnone wp-image-22081 size-medium\" src=\"https:\/\/www.meiren.ee\/wp-content\/uploads\/2022\/11\/Corner-blade-300x208.jpg\" alt=\"Seitenleisten\" width=\"300\" height=\"208\" srcset=\"https:\/\/www.meiren.ee\/wp-content\/uploads\/2022\/11\/Corner-blade-300x208.jpg 300w, https:\/\/www.meiren.ee\/wp-content\/uploads\/2022\/11\/Corner-blade.jpg 390w\" sizes=\"(max-width: 300px) 100vw, 300px\" \/><\/a><\/td>\n<\/tr>\n<tr>\n<td style=\"width: 50%;\"><span style=\"font-size: 14pt;\"><a href=\"https:\/\/www.meiren.ee\/de\/seitenleisten\/\" target=\"_blank\" rel=\"noopener\"><strong>Flexible, auswechselbare Seitenleisten<\/strong><\/a><br \/>\n<\/span><a href=\"https:\/\/www.meiren.ee\/de\/seitenleisten\/\" target=\"_blank\" rel=\"noopener\"><img loading=\"lazy\" decoding=\"async\" class=\"alignnone\" src=\"https:\/\/meiren.ee\/wp-content\/uploads\/2017\/03\/Flexible-corner-blade-390x270.jpg\" alt=\"Flexible, auswechselbare Seitenleisten\" width=\"300\" height=\"208\" \/><\/a><\/td>\n<td style=\"width: 50%;\"><span style=\"font-size: 14pt;\"><a href=\"https:\/\/www.meiren.ee\/de\/plastik-seitenschutz\/\" target=\"_blank\" rel=\"noopener\"><strong>Seitenst\u00fctzer<\/strong><\/a><br \/>\n<\/span><a href=\"https:\/\/www.meiren.ee\/de\/plastik-seitenschutz\/\" target=\"_blank\" rel=\"noopener\"><img loading=\"lazy\" decoding=\"async\" class=\"alignnone\" src=\"https:\/\/meiren.ee\/wp-content\/uploads\/2017\/03\/Plastic-side-protection-390x270.jpg\" alt=\"Seitenst\u00fctzer sch\u00fctzt die Schneepflugsschar\" width=\"300\" height=\"208\" \/><\/a><\/td>\n<\/tr>\n<tr>\n<td style=\"width: 50%;\"><span style=\"font-size: 14pt;\"><a href=\"https:\/\/www.meiren.ee\/de\/einstellbarer-schneewurfspoiler\/\" target=\"_blank\" rel=\"noopener\"><strong>Schneewurfspoiler<\/strong><\/a><br \/>\n<\/span><a href=\"https:\/\/www.meiren.ee\/de\/einstellbarer-schneewurfspoiler\/\" target=\"_blank\" rel=\"noopener\"><img loading=\"lazy\" decoding=\"async\" class=\"alignnone\" src=\"https:\/\/meiren.ee\/wp-content\/uploads\/2017\/03\/Snow-flow-guide-390x270.jpg\" alt=\"Der Schneewurfspoiler hilft die Verkehrszeichen sauber zu halten\" width=\"300\" height=\"208\" \/><\/a><\/td>\n<td style=\"width: 50%;\"><span style=\"font-size: 14pt;\"><a href=\"https:\/\/www.meiren.ee\/de\/verstellbare-gleitteller\/\" target=\"_blank\" rel=\"noopener\"><strong>Verstellbare Gleitteller<\/strong><\/a><br \/>\n<\/span><a href=\"https:\/\/www.meiren.ee\/de\/verstellbare-gleitteller\/\" target=\"_blank\" rel=\"noopener\"><img loading=\"lazy\" decoding=\"async\" class=\"alignnone\" src=\"https:\/\/meiren.ee\/wp-content\/uploads\/2017\/07\/Sandvik-skid-shoe-277x270.jpg\" alt=\"Sandvik skid shoe\" width=\"300\" height=\"208\" \/><\/a><\/td>\n<\/tr>\n<tr>\n<td style=\"width: 50%;\"><span style=\"font-size: 14pt;\"><a href=\"https:\/\/www.meiren.ee\/de\/verstellbare-stuetzraeder\/\" target=\"_blank\" rel=\"noopener\"><strong>Verstellbaren St\u00fctzr\u00e4der<\/strong><\/a><\/span><br \/>\n<a href=\"https:\/\/www.meiren.ee\/de\/verstellbare-stuetzraeder\/\" target=\"_blank\" rel=\"noopener\"><img loading=\"lazy\" decoding=\"async\" class=\"alignnone\" src=\"https:\/\/meiren.ee\/wp-content\/uploads\/2014\/04\/Uus-pilt2-390x270.jpg\" alt=\"Verstellbaren St\u00fctzr\u00e4der\" width=\"300\" height=\"208\" \/><\/a><\/td>\n<td style=\"width: 50%;\"><span style=\"font-size: 14pt;\"><a href=\"https:\/\/www.meiren.ee\/de\/kabellose-fernbedienung\/\" target=\"_blank\" rel=\"noopener\"><strong>Kabellose Fernbedienung<\/strong><\/a><\/span><br \/>\n<a href=\"https:\/\/www.meiren.ee\/de\/kabellose-fernbedienung\/\" target=\"_blank\" rel=\"noopener\"><img loading=\"lazy\" decoding=\"async\" class=\"alignnone\" src=\"https:\/\/www.meiren.ee\/wp-content\/uploads\/2019\/09\/20191004_093736-e1570174458627-300x174.jpg\" alt=\"Die kabellose Fernbedienung ist f\u00fcr die Steuerung des elektrischen Hydraulikverteilers des Schneepfluges vorgesehen\" width=\"300\" height=\"208\" \/><\/a><\/td>\n<\/tr>\n<tr>\n<td style=\"width: 50%;\"><a href=\"https:\/\/www.meiren.ee\/de\/die-scharhoehe\/\" target=\"_blank\" rel=\"noopener\"><strong>Die Scharh\u00f6he<\/strong><\/a><\/p>\n<p><a href=\"https:\/\/www.meiren.ee\/de\/die-scharhoehe\/\" target=\"_blank\" rel=\"noopener\"><img loading=\"lazy\" decoding=\"async\" class=\"alignnone wp-image-19103 size-medium\" src=\"https:\/\/www.meiren.ee\/wp-content\/uploads\/2016\/07\/Holmad-300x158.png\" alt=\"Die vier Scharh\u00f6he sind f\u00fcr die Modelle MSPN, MSLN, MSKN\" width=\"300\" height=\"158\" srcset=\"https:\/\/www.meiren.ee\/wp-content\/uploads\/2016\/07\/Holmad-300x158.png 300w, https:\/\/www.meiren.ee\/wp-content\/uploads\/2016\/07\/Holmad-890x467.png 890w, https:\/\/www.meiren.ee\/wp-content\/uploads\/2016\/07\/Holmad-768x403.png 768w, https:\/\/www.meiren.ee\/wp-content\/uploads\/2016\/07\/Holmad.png 1200w\" sizes=\"(max-width: 300px) 100vw, 300px\" \/><\/a><\/p>\n<p><span style=\"font-size: 14pt;\"><strong>\u00a0<\/strong><\/span><\/td>\n<td style=\"width: 50%;\"><a href=\"https:\/\/www.meiren.ee\/de\/schneestop\/\"><span style=\"font-size: 14pt;\"><strong><span class=\"HwtZe\" lang=\"de\"><span class=\"jCAhz ChMk0b\"><span class=\"ryNqvb\">Schneestopper<\/span><\/span><\/span><\/strong><\/span><\/a><br \/>\n<a href=\"https:\/\/www.meiren.ee\/de\/schneestop\/\"><img loading=\"lazy\" decoding=\"async\" class=\"wp-image-23532 alignnone\" src=\"https:\/\/www.meiren.ee\/wp-content\/uploads\/2024\/04\/MSPN-Lumestop-1-890x501.jpg\" alt=\"\" width=\"300\" height=\"169\" srcset=\"https:\/\/www.meiren.ee\/wp-content\/uploads\/2024\/04\/MSPN-Lumestop-1-890x501.jpg 890w, https:\/\/www.meiren.ee\/wp-content\/uploads\/2024\/04\/MSPN-Lumestop-1-300x169.jpg 300w, https:\/\/www.meiren.ee\/wp-content\/uploads\/2024\/04\/MSPN-Lumestop-1-768x432.jpg 768w, https:\/\/www.meiren.ee\/wp-content\/uploads\/2024\/04\/MSPN-Lumestop-1-1536x864.jpg 1536w, https:\/\/www.meiren.ee\/wp-content\/uploads\/2024\/04\/MSPN-Lumestop-1-2048x1152.jpg 2048w\" sizes=\"(max-width: 300px) 100vw, 300px\" \/><\/a><\/td>\n<\/tr>\n<\/tbody>\n<\/table>\n<p>&nbsp;<\/p>\n","protected":false},"excerpt":{"rendered":"<p>Patentierte Leistenhalter aus Polyurethan Patentiertes, seitlich verstellbares Parallelogramm St\u00fctzfu\u00df Hydraulische Nachr\u00e4umleisten LH Manometer f\u00fcr das Nachr\u00e4umleisten Seitenleisten Flexible, auswechselbare Seitenleisten Seitenst\u00fctzer Schneewurfspoiler Verstellbare Gleitteller Verstellbaren St\u00fctzr\u00e4der Kabellose Fernbedienung Die Scharh\u00f6he \u00a0 Schneestopper &nbsp;<\/p>\n","protected":false},"author":2,"featured_media":0,"parent":0,"menu_order":0,"comment_status":"closed","ping_status":"closed","template":"page-special_page.php","meta":{"footnotes":""},"class_list":["post-22002","page","type-page","status-publish","hentry"],"yoast_head":"<!-- This site is optimized with the Yoast SEO plugin v25.6 - https:\/\/yoast.com\/wordpress\/plugins\/seo\/ -->\n<title>Ausstattung | Meiren lumesahad<\/title>\n<meta name=\"robots\" content=\"index, follow, max-snippet:-1, max-image-preview:large, max-video-preview:-1\" \/>\n<link rel=\"canonical\" href=\"https:\/\/www.meiren.ee\/de\/ausstattung-des-produktes\/\" \/>\n<meta property=\"og:locale\" content=\"de_DE\" \/>\n<meta property=\"og:type\" content=\"article\" \/>\n<meta property=\"og:title\" content=\"Ausstattung | Meiren lumesahad\" \/>\n<meta property=\"og:description\" content=\"Patentierte Leistenhalter aus Polyurethan Patentiertes, seitlich verstellbares Parallelogramm St\u00fctzfu\u00df Hydraulische Nachr\u00e4umleisten LH Manometer f\u00fcr das Nachr\u00e4umleisten Seitenleisten Flexible, auswechselbare Seitenleisten Seitenst\u00fctzer Schneewurfspoiler Verstellbare Gleitteller Verstellbaren St\u00fctzr\u00e4der Kabellose Fernbedienung Die Scharh\u00f6he \u00a0 Schneestopper &nbsp;\" \/>\n<meta property=\"og:url\" content=\"https:\/\/www.meiren.ee\/de\/ausstattung-des-produktes\/\" \/>\n<meta property=\"og:site_name\" content=\"Meiren lumesahad\" \/>\n<meta property=\"article:publisher\" content=\"https:\/\/www.facebook.com\/Meiren.ee?ref=nf\" \/>\n<meta property=\"article:modified_time\" content=\"2025-04-29T14:07:08+00:00\" \/>\n<meta property=\"og:image\" content=\"https:\/\/www.meiren.ee\/wp-content\/uploads\/2022\/11\/Polyurethane-blade-holders_patented.jpg\" \/>\n\t<meta property=\"og:image:width\" content=\"390\" \/>\n\t<meta property=\"og:image:height\" content=\"270\" \/>\n\t<meta property=\"og:image:type\" content=\"image\/jpeg\" \/>\n<meta name=\"twitter:card\" content=\"summary_large_image\" \/>\n<meta name=\"twitter:label1\" content=\"Gesch\u00e4tzte Lesezeit\" \/>\n\t<meta name=\"twitter:data1\" content=\"3\u00a0Minuten\" \/>\n<script type=\"application\/ld+json\" class=\"yoast-schema-graph\">{\"@context\":\"https:\/\/schema.org\",\"@graph\":[{\"@type\":\"WebPage\",\"@id\":\"https:\/\/www.meiren.ee\/de\/ausstattung-des-produktes\/\",\"url\":\"https:\/\/www.meiren.ee\/de\/ausstattung-des-produktes\/\",\"name\":\"Ausstattung | Meiren lumesahad\",\"isPartOf\":{\"@id\":\"https:\/\/www.meiren.ee\/en\/#website\"},\"primaryImageOfPage\":{\"@id\":\"https:\/\/www.meiren.ee\/de\/ausstattung-des-produktes\/#primaryimage\"},\"image\":{\"@id\":\"https:\/\/www.meiren.ee\/de\/ausstattung-des-produktes\/#primaryimage\"},\"thumbnailUrl\":\"https:\/\/www.meiren.ee\/wp-content\/uploads\/2022\/11\/Polyurethane-blade-holders_patented-300x208.jpg\",\"datePublished\":\"2022-10-31T14:08:08+00:00\",\"dateModified\":\"2025-04-29T14:07:08+00:00\",\"breadcrumb\":{\"@id\":\"https:\/\/www.meiren.ee\/de\/ausstattung-des-produktes\/#breadcrumb\"},\"inLanguage\":\"de\",\"potentialAction\":[{\"@type\":\"ReadAction\",\"target\":[\"https:\/\/www.meiren.ee\/de\/ausstattung-des-produktes\/\"]}]},{\"@type\":\"ImageObject\",\"inLanguage\":\"de\",\"@id\":\"https:\/\/www.meiren.ee\/de\/ausstattung-des-produktes\/#primaryimage\",\"url\":\"https:\/\/www.meiren.ee\/wp-content\/uploads\/2022\/11\/Polyurethane-blade-holders_patented-300x208.jpg\",\"contentUrl\":\"https:\/\/www.meiren.ee\/wp-content\/uploads\/2022\/11\/Polyurethane-blade-holders_patented-300x208.jpg\"},{\"@type\":\"BreadcrumbList\",\"@id\":\"https:\/\/www.meiren.ee\/de\/ausstattung-des-produktes\/#breadcrumb\",\"itemListElement\":[{\"@type\":\"ListItem\",\"position\":1,\"name\":\"Home\",\"item\":\"https:\/\/www.meiren.ee\/en\/\"},{\"@type\":\"ListItem\",\"position\":2,\"name\":\"Ausstattung\"}]},{\"@type\":\"WebSite\",\"@id\":\"https:\/\/www.meiren.ee\/en\/#website\",\"url\":\"https:\/\/www.meiren.ee\/en\/\",\"name\":\"Meiren lumesahad\",\"description\":\"Lumesahk ja lumet\u00f5rje tehnika, maantee lumesahk, lumesahk traktorile, lumesahk maasturile, harjad, lumekopp, varuosad ja hooldus, lumesaha terad, Kobit s.r.o. soolapuisturid\",\"potentialAction\":[{\"@type\":\"SearchAction\",\"target\":{\"@type\":\"EntryPoint\",\"urlTemplate\":\"https:\/\/www.meiren.ee\/en\/?s={search_term_string}\"},\"query-input\":{\"@type\":\"PropertyValueSpecification\",\"valueRequired\":true,\"valueName\":\"search_term_string\"}}],\"inLanguage\":\"de\"}]}<\/script>\n<!-- \/ Yoast SEO plugin. -->","yoast_head_json":{"title":"Ausstattung | Meiren lumesahad","robots":{"index":"index","follow":"follow","max-snippet":"max-snippet:-1","max-image-preview":"max-image-preview:large","max-video-preview":"max-video-preview:-1"},"canonical":"https:\/\/www.meiren.ee\/de\/ausstattung-des-produktes\/","og_locale":"de_DE","og_type":"article","og_title":"Ausstattung | Meiren lumesahad","og_description":"Patentierte Leistenhalter aus Polyurethan Patentiertes, seitlich verstellbares Parallelogramm St\u00fctzfu\u00df Hydraulische Nachr\u00e4umleisten LH Manometer f\u00fcr das Nachr\u00e4umleisten Seitenleisten Flexible, auswechselbare Seitenleisten Seitenst\u00fctzer Schneewurfspoiler Verstellbare Gleitteller Verstellbaren St\u00fctzr\u00e4der Kabellose Fernbedienung Die Scharh\u00f6he \u00a0 Schneestopper &nbsp;","og_url":"https:\/\/www.meiren.ee\/de\/ausstattung-des-produktes\/","og_site_name":"Meiren lumesahad","article_publisher":"https:\/\/www.facebook.com\/Meiren.ee?ref=nf","article_modified_time":"2025-04-29T14:07:08+00:00","og_image":[{"width":390,"height":270,"url":"https:\/\/www.meiren.ee\/wp-content\/uploads\/2022\/11\/Polyurethane-blade-holders_patented.jpg","type":"image\/jpeg"}],"twitter_card":"summary_large_image","twitter_misc":{"Gesch\u00e4tzte Lesezeit":"3\u00a0Minuten"},"schema":{"@context":"https:\/\/schema.org","@graph":[{"@type":"WebPage","@id":"https:\/\/www.meiren.ee\/de\/ausstattung-des-produktes\/","url":"https:\/\/www.meiren.ee\/de\/ausstattung-des-produktes\/","name":"Ausstattung | Meiren lumesahad","isPartOf":{"@id":"https:\/\/www.meiren.ee\/en\/#website"},"primaryImageOfPage":{"@id":"https:\/\/www.meiren.ee\/de\/ausstattung-des-produktes\/#primaryimage"},"image":{"@id":"https:\/\/www.meiren.ee\/de\/ausstattung-des-produktes\/#primaryimage"},"thumbnailUrl":"https:\/\/www.meiren.ee\/wp-content\/uploads\/2022\/11\/Polyurethane-blade-holders_patented-300x208.jpg","datePublished":"2022-10-31T14:08:08+00:00","dateModified":"2025-04-29T14:07:08+00:00","breadcrumb":{"@id":"https:\/\/www.meiren.ee\/de\/ausstattung-des-produktes\/#breadcrumb"},"inLanguage":"de","potentialAction":[{"@type":"ReadAction","target":["https:\/\/www.meiren.ee\/de\/ausstattung-des-produktes\/"]}]},{"@type":"ImageObject","inLanguage":"de","@id":"https:\/\/www.meiren.ee\/de\/ausstattung-des-produktes\/#primaryimage","url":"https:\/\/www.meiren.ee\/wp-content\/uploads\/2022\/11\/Polyurethane-blade-holders_patented-300x208.jpg","contentUrl":"https:\/\/www.meiren.ee\/wp-content\/uploads\/2022\/11\/Polyurethane-blade-holders_patented-300x208.jpg"},{"@type":"BreadcrumbList","@id":"https:\/\/www.meiren.ee\/de\/ausstattung-des-produktes\/#breadcrumb","itemListElement":[{"@type":"ListItem","position":1,"name":"Home","item":"https:\/\/www.meiren.ee\/en\/"},{"@type":"ListItem","position":2,"name":"Ausstattung"}]},{"@type":"WebSite","@id":"https:\/\/www.meiren.ee\/en\/#website","url":"https:\/\/www.meiren.ee\/en\/","name":"Meiren lumesahad","description":"Lumesahk ja lumet\u00f5rje tehnika, maantee lumesahk, lumesahk traktorile, lumesahk maasturile, harjad, lumekopp, varuosad ja hooldus, lumesaha terad, Kobit s.r.o. soolapuisturid","potentialAction":[{"@type":"SearchAction","target":{"@type":"EntryPoint","urlTemplate":"https:\/\/www.meiren.ee\/en\/?s={search_term_string}"},"query-input":{"@type":"PropertyValueSpecification","valueRequired":true,"valueName":"search_term_string"}}],"inLanguage":"de"}]}},"_links":{"self":[{"href":"https:\/\/www.meiren.ee\/de\/wp-json\/wp\/v2\/pages\/22002"}],"collection":[{"href":"https:\/\/www.meiren.ee\/de\/wp-json\/wp\/v2\/pages"}],"about":[{"href":"https:\/\/www.meiren.ee\/de\/wp-json\/wp\/v2\/types\/page"}],"author":[{"embeddable":true,"href":"https:\/\/www.meiren.ee\/de\/wp-json\/wp\/v2\/users\/2"}],"replies":[{"embeddable":true,"href":"https:\/\/www.meiren.ee\/de\/wp-json\/wp\/v2\/comments?post=22002"}],"version-history":[{"count":13,"href":"https:\/\/www.meiren.ee\/de\/wp-json\/wp\/v2\/pages\/22002\/revisions"}],"predecessor-version":[{"id":24386,"href":"https:\/\/www.meiren.ee\/de\/wp-json\/wp\/v2\/pages\/22002\/revisions\/24386"}],"wp:attachment":[{"href":"https:\/\/www.meiren.ee\/de\/wp-json\/wp\/v2\/media?parent=22002"}],"curies":[{"name":"wp","href":"https:\/\/api.w.org\/{rel}","templated":true}]}}