{"id":24381,"date":"2025-04-29T15:55:11","date_gmt":"2025-04-29T12:55:11","guid":{"rendered":"https:\/\/www.meiren.ee\/snowstop\/"},"modified":"2025-04-29T17:02:38","modified_gmt":"2025-04-29T14:02:38","slug":"schneestop","status":"publish","type":"page","link":"https:\/\/www.meiren.ee\/de\/schneestop\/","title":{"rendered":"SCHNEESTOP"},"content":{"rendered":"<div class=\"article-section common-page_intro no-mh\">\n<h2><span class=\"HwtZe\" lang=\"de\"><span class=\"jCAhz ChMk0b\"><span class=\"ryNqvb\">HYDRAULISCHER SCHNEESTOP<\/span><\/span><\/span><\/h2>\n<p>Der hydraulische Schneestopper ist f\u00fcr folgende Schneepflug Modelle erh\u00e4ltlich:\u00a0 MSPN3104; MSPN3404, MSPN3704; MSPN4004; MSPN4604<\/p>\n<p><span class=\"HwtZe\" lang=\"de\"><span class=\"jCAhz ChMk0b\"><span class=\"ryNqvb\">Der hydraulisch bet\u00e4tigte und mechanisch schwenkbare Schneestopper ist an der rechten Seite des Schneepfluges montiert.<\/span><\/span> <span class=\"jCAhz ChMk0b\"><span class=\"ryNqvb\">Der Schneestopper wird bei der Schneer\u00e4umung auf Autobahnen eingesetzt, um die Schneeanh\u00e4ufung vor den von rechts kreuzenden Stra\u00dfen zu verhindern.<\/span><\/span><\/span><\/p>\n<p><img fetchpriority=\"high\" decoding=\"async\" class=\"aligncenter size-large wp-image-23529\" src=\"https:\/\/www.meiren.ee\/wp-content\/uploads\/2024\/04\/MSPN-Lumestop-1-890x501.jpg\" alt=\"\" width=\"890\" height=\"501\" \/><\/p>\n<div style=\"width: 1280px;\" class=\"wp-video\"><!--[if lt IE 9]><script>document.createElement('video');<\/script><![endif]-->\n<video class=\"wp-video-shortcode\" id=\"video-24381-1\" width=\"1280\" height=\"720\" preload=\"metadata\" controls=\"controls\"><source type=\"video\/mp4\" src=\"https:\/\/www.meiren.ee\/wp-content\/uploads\/2025\/04\/7aa76aff7b64449ea07931c9238ea3b5-Trim.mp4?_=1\" \/><a href=\"https:\/\/www.meiren.ee\/wp-content\/uploads\/2025\/04\/7aa76aff7b64449ea07931c9238ea3b5-Trim.mp4\">https:\/\/www.meiren.ee\/wp-content\/uploads\/2025\/04\/7aa76aff7b64449ea07931c9238ea3b5-Trim.mp4<\/a><\/video><\/div>\n<p>&nbsp;<\/p>\n<p>&nbsp;<\/p>\n<\/div>\n","protected":false},"excerpt":{"rendered":"<p>HYDRAULISCHER SCHNEESTOP Der hydraulische Schneestopper ist f\u00fcr folgende Schneepflug Modelle erh\u00e4ltlich:\u00a0 MSPN3104; MSPN3404, MSPN3704; MSPN4004; MSPN4604 Der hydraulisch bet\u00e4tigte und mechanisch schwenkbare Schneestopper ist an der rechten Seite des Schneepfluges montiert. Der Schneestopper wird bei der Schneer\u00e4umung auf Autobahnen eingesetzt, um die Schneeanh\u00e4ufung vor den von rechts kreuzenden Stra\u00dfen zu verhindern. &nbsp; &nbsp;<\/p>\n","protected":false},"author":10,"featured_media":23517,"parent":0,"menu_order":0,"comment_status":"closed","ping_status":"closed","template":"","meta":{"footnotes":""},"class_list":["post-24381","page","type-page","status-publish","has-post-thumbnail","hentry"],"yoast_head":"<!-- This site is optimized with the Yoast SEO plugin v25.6 - https:\/\/yoast.com\/wordpress\/plugins\/seo\/ -->\n<title>SCHNEESTOP | Meiren lumesahad<\/title>\n<meta name=\"robots\" content=\"index, follow, max-snippet:-1, max-image-preview:large, max-video-preview:-1\" \/>\n<link rel=\"canonical\" href=\"https:\/\/www.meiren.ee\/de\/schneestop\/\" \/>\n<meta property=\"og:locale\" content=\"de_DE\" \/>\n<meta property=\"og:type\" content=\"article\" \/>\n<meta property=\"og:title\" content=\"SCHNEESTOP | Meiren lumesahad\" \/>\n<meta property=\"og:description\" content=\"HYDRAULISCHER SCHNEESTOP Der hydraulische Schneestopper ist f\u00fcr folgende Schneepflug Modelle erh\u00e4ltlich:\u00a0 MSPN3104; MSPN3404, MSPN3704; MSPN4004; MSPN4604 Der hydraulisch bet\u00e4tigte und mechanisch schwenkbare Schneestopper ist an der rechten Seite des Schneepfluges montiert. Der Schneestopper wird bei der Schneer\u00e4umung auf Autobahnen eingesetzt, um die Schneeanh\u00e4ufung vor den von rechts kreuzenden Stra\u00dfen zu verhindern. &nbsp; &nbsp;\" \/>\n<meta property=\"og:url\" content=\"https:\/\/www.meiren.ee\/de\/schneestop\/\" \/>\n<meta property=\"og:site_name\" content=\"Meiren lumesahad\" \/>\n<meta property=\"article:publisher\" content=\"https:\/\/www.facebook.com\/Meiren.ee?ref=nf\" \/>\n<meta property=\"article:modified_time\" content=\"2025-04-29T14:02:38+00:00\" \/>\n<meta property=\"og:image\" content=\"https:\/\/www.meiren.ee\/wp-content\/uploads\/2024\/04\/MSPN-Lumestop-890x501.jpg\" \/>\n\t<meta property=\"og:image:width\" content=\"890\" \/>\n\t<meta property=\"og:image:height\" content=\"501\" \/>\n\t<meta property=\"og:image:type\" content=\"image\/jpeg\" \/>\n<meta name=\"twitter:card\" content=\"summary_large_image\" \/>\n<meta name=\"twitter:label1\" content=\"Gesch\u00e4tzte Lesezeit\" \/>\n\t<meta name=\"twitter:data1\" content=\"1\u00a0Minute\" \/>\n<script type=\"application\/ld+json\" class=\"yoast-schema-graph\">{\"@context\":\"https:\/\/schema.org\",\"@graph\":[{\"@type\":\"WebPage\",\"@id\":\"https:\/\/www.meiren.ee\/de\/schneestop\/\",\"url\":\"https:\/\/www.meiren.ee\/de\/schneestop\/\",\"name\":\"SCHNEESTOP | Meiren lumesahad\",\"isPartOf\":{\"@id\":\"https:\/\/www.meiren.ee\/en\/#website\"},\"primaryImageOfPage\":{\"@id\":\"https:\/\/www.meiren.ee\/de\/schneestop\/#primaryimage\"},\"image\":{\"@id\":\"https:\/\/www.meiren.ee\/de\/schneestop\/#primaryimage\"},\"thumbnailUrl\":\"https:\/\/www.meiren.ee\/wp-content\/uploads\/2024\/04\/MSPN-Lumestop.jpg\",\"datePublished\":\"2025-04-29T12:55:11+00:00\",\"dateModified\":\"2025-04-29T14:02:38+00:00\",\"breadcrumb\":{\"@id\":\"https:\/\/www.meiren.ee\/de\/schneestop\/#breadcrumb\"},\"inLanguage\":\"de\",\"potentialAction\":[{\"@type\":\"ReadAction\",\"target\":[\"https:\/\/www.meiren.ee\/de\/schneestop\/\"]}]},{\"@type\":\"ImageObject\",\"inLanguage\":\"de\",\"@id\":\"https:\/\/www.meiren.ee\/de\/schneestop\/#primaryimage\",\"url\":\"https:\/\/www.meiren.ee\/wp-content\/uploads\/2024\/04\/MSPN-Lumestop.jpg\",\"contentUrl\":\"https:\/\/www.meiren.ee\/wp-content\/uploads\/2024\/04\/MSPN-Lumestop.jpg\",\"width\":2560,\"height\":1440},{\"@type\":\"BreadcrumbList\",\"@id\":\"https:\/\/www.meiren.ee\/de\/schneestop\/#breadcrumb\",\"itemListElement\":[{\"@type\":\"ListItem\",\"position\":1,\"name\":\"Home\",\"item\":\"https:\/\/www.meiren.ee\/en\/\"},{\"@type\":\"ListItem\",\"position\":2,\"name\":\"SCHNEESTOP\"}]},{\"@type\":\"WebSite\",\"@id\":\"https:\/\/www.meiren.ee\/en\/#website\",\"url\":\"https:\/\/www.meiren.ee\/en\/\",\"name\":\"Meiren lumesahad\",\"description\":\"Lumesahk ja lumet\u00f5rje tehnika, maantee lumesahk, lumesahk traktorile, lumesahk maasturile, harjad, lumekopp, varuosad ja hooldus, lumesaha terad, Kobit s.r.o. soolapuisturid\",\"potentialAction\":[{\"@type\":\"SearchAction\",\"target\":{\"@type\":\"EntryPoint\",\"urlTemplate\":\"https:\/\/www.meiren.ee\/en\/?s={search_term_string}\"},\"query-input\":{\"@type\":\"PropertyValueSpecification\",\"valueRequired\":true,\"valueName\":\"search_term_string\"}}],\"inLanguage\":\"de\"}]}<\/script>\n<!-- \/ Yoast SEO plugin. -->","yoast_head_json":{"title":"SCHNEESTOP | Meiren lumesahad","robots":{"index":"index","follow":"follow","max-snippet":"max-snippet:-1","max-image-preview":"max-image-preview:large","max-video-preview":"max-video-preview:-1"},"canonical":"https:\/\/www.meiren.ee\/de\/schneestop\/","og_locale":"de_DE","og_type":"article","og_title":"SCHNEESTOP | Meiren lumesahad","og_description":"HYDRAULISCHER SCHNEESTOP Der hydraulische Schneestopper ist f\u00fcr folgende Schneepflug Modelle erh\u00e4ltlich:\u00a0 MSPN3104; MSPN3404, MSPN3704; MSPN4004; MSPN4604 Der hydraulisch bet\u00e4tigte und mechanisch schwenkbare Schneestopper ist an der rechten Seite des Schneepfluges montiert. Der Schneestopper wird bei der Schneer\u00e4umung auf Autobahnen eingesetzt, um die Schneeanh\u00e4ufung vor den von rechts kreuzenden Stra\u00dfen zu verhindern. &nbsp; &nbsp;","og_url":"https:\/\/www.meiren.ee\/de\/schneestop\/","og_site_name":"Meiren lumesahad","article_publisher":"https:\/\/www.facebook.com\/Meiren.ee?ref=nf","article_modified_time":"2025-04-29T14:02:38+00:00","og_image":[{"width":890,"height":501,"url":"https:\/\/www.meiren.ee\/wp-content\/uploads\/2024\/04\/MSPN-Lumestop-890x501.jpg","type":"image\/jpeg"}],"twitter_card":"summary_large_image","twitter_misc":{"Gesch\u00e4tzte Lesezeit":"1\u00a0Minute"},"schema":{"@context":"https:\/\/schema.org","@graph":[{"@type":"WebPage","@id":"https:\/\/www.meiren.ee\/de\/schneestop\/","url":"https:\/\/www.meiren.ee\/de\/schneestop\/","name":"SCHNEESTOP | Meiren lumesahad","isPartOf":{"@id":"https:\/\/www.meiren.ee\/en\/#website"},"primaryImageOfPage":{"@id":"https:\/\/www.meiren.ee\/de\/schneestop\/#primaryimage"},"image":{"@id":"https:\/\/www.meiren.ee\/de\/schneestop\/#primaryimage"},"thumbnailUrl":"https:\/\/www.meiren.ee\/wp-content\/uploads\/2024\/04\/MSPN-Lumestop.jpg","datePublished":"2025-04-29T12:55:11+00:00","dateModified":"2025-04-29T14:02:38+00:00","breadcrumb":{"@id":"https:\/\/www.meiren.ee\/de\/schneestop\/#breadcrumb"},"inLanguage":"de","potentialAction":[{"@type":"ReadAction","target":["https:\/\/www.meiren.ee\/de\/schneestop\/"]}]},{"@type":"ImageObject","inLanguage":"de","@id":"https:\/\/www.meiren.ee\/de\/schneestop\/#primaryimage","url":"https:\/\/www.meiren.ee\/wp-content\/uploads\/2024\/04\/MSPN-Lumestop.jpg","contentUrl":"https:\/\/www.meiren.ee\/wp-content\/uploads\/2024\/04\/MSPN-Lumestop.jpg","width":2560,"height":1440},{"@type":"BreadcrumbList","@id":"https:\/\/www.meiren.ee\/de\/schneestop\/#breadcrumb","itemListElement":[{"@type":"ListItem","position":1,"name":"Home","item":"https:\/\/www.meiren.ee\/en\/"},{"@type":"ListItem","position":2,"name":"SCHNEESTOP"}]},{"@type":"WebSite","@id":"https:\/\/www.meiren.ee\/en\/#website","url":"https:\/\/www.meiren.ee\/en\/","name":"Meiren lumesahad","description":"Lumesahk ja lumet\u00f5rje tehnika, maantee lumesahk, lumesahk traktorile, lumesahk maasturile, harjad, lumekopp, varuosad ja hooldus, lumesaha terad, Kobit s.r.o. soolapuisturid","potentialAction":[{"@type":"SearchAction","target":{"@type":"EntryPoint","urlTemplate":"https:\/\/www.meiren.ee\/en\/?s={search_term_string}"},"query-input":{"@type":"PropertyValueSpecification","valueRequired":true,"valueName":"search_term_string"}}],"inLanguage":"de"}]}},"_links":{"self":[{"href":"https:\/\/www.meiren.ee\/de\/wp-json\/wp\/v2\/pages\/24381"}],"collection":[{"href":"https:\/\/www.meiren.ee\/de\/wp-json\/wp\/v2\/pages"}],"about":[{"href":"https:\/\/www.meiren.ee\/de\/wp-json\/wp\/v2\/types\/page"}],"author":[{"embeddable":true,"href":"https:\/\/www.meiren.ee\/de\/wp-json\/wp\/v2\/users\/10"}],"replies":[{"embeddable":true,"href":"https:\/\/www.meiren.ee\/de\/wp-json\/wp\/v2\/comments?post=24381"}],"version-history":[{"count":1,"href":"https:\/\/www.meiren.ee\/de\/wp-json\/wp\/v2\/pages\/24381\/revisions"}],"predecessor-version":[{"id":24383,"href":"https:\/\/www.meiren.ee\/de\/wp-json\/wp\/v2\/pages\/24381\/revisions\/24383"}],"wp:featuredmedia":[{"embeddable":true,"href":"https:\/\/www.meiren.ee\/de\/wp-json\/wp\/v2\/media\/23517"}],"wp:attachment":[{"href":"https:\/\/www.meiren.ee\/de\/wp-json\/wp\/v2\/media?parent=24381"}],"curies":[{"name":"wp","href":"https:\/\/api.w.org\/{rel}","templated":true}]}}