{"id":3013,"date":"2014-03-21T09:36:09","date_gmt":"2014-03-21T07:36:09","guid":{"rendered":"https:\/\/meiren.ee\/?page_id=3013"},"modified":"2014-08-21T09:39:37","modified_gmt":"2014-08-21T06:39:37","slug":"rechtliches","status":"publish","type":"page","link":"https:\/\/www.meiren.ee\/de\/rechtliches\/","title":{"rendered":"Rechtliches"},"content":{"rendered":"<p><strong>Datenschutz<\/strong><\/p>\n<p style=\"text-align: justify;\">Der Besuch unserer Websites ist prinzipiell anonym in vollem Umfang m\u00f6glich. Zur Bereitstellung der Online-Dienste und Bearbeitung der Anfragen ben\u00f6tigen wir jedoch gegebenenfalls Ihre pers\u00f6nlichen Daten. Ihre personenbezogenen Daten werden in einer sicheren offline Datenbank gespeichert, zu der nur ein sehr eingegrenzter Personenkreis Zugriff hat. Personenbezogene Daten sind Bestandsdaten wie beispielsweise Name und Adresse sowie Nutzungsdaten wie beispielsweise Nutzername, Kennwort und IP-Adresse. Ihre pers\u00f6nlichen Daten werden nicht an Dritte weitergegeben. Der Zugriff innerhalb unseres Unternehmens ist nur einem berechtigten Mitarbeiterkreis m\u00f6glich und zwar nur auf die Daten, die zur Erf\u00fcllung der jeweiligen Aufgabe notwendig sind. Eine Verarbeitung oder Nutzung Ihrer Daten zum Zwecke der Werbung erfolgt nur, wenn Sie dazu Ihre Einwilligung erteilt haben. Ihre Daten werden selbstverst\u00e4ndlich keinem Dritten au\u00dferhalb der Meiren-Gruppe f\u00fcr Werbezwecke oder \u00e4hnliches zug\u00e4nglich gemacht.<\/p>\n<p><strong>Google Analytics<\/strong><\/p>\n<p style=\"text-align: justify;\">Diese Website benutzt Google Analytics, einen Webanalysedienst der Google Inc. (\u201eGoogle\u201c). Google Analytics verwendet sog. \u201eCookies\u201c, Textdateien, die auf Ihrem Computer gespeichert werden und die eine Analyse der Benutzung der Website durch Sie erm\u00f6glichen. Die durch den Cookie erzeugten Informationen \u00fcber Ihre Benutzung dieser Website werden in der Regel an einen Server von Google in den USA \u00fcbertragen und dort gespeichert. Im Falle der Aktivierung der IP-Anonymisierung auf dieser Webseite, wird Ihre IP-Adresse von Google jedoch innerhalb von Mitgliedstaaten der Europ\u00e4ischen Union oder in anderen Vertragsstaaten des Abkommens \u00fcber den Europ\u00e4ischen Wirtschaftsraum zuvor gek\u00fcrzt. Nur in Ausnahmef\u00e4llen wird die volle IP-Adresse an einen Server von Google in den USA \u00fcbertragen und dort gek\u00fcrzt. Im Auftrag des Betreibers dieser Website wird Google diese Informationen benutzen, um Ihre Nutzung der Website auszuwerten, um Reports \u00fcber die Websiteaktivit\u00e4ten zusammenzustellen und um weitere mit der Websitenutzung und der Internetnutzung verbundene Dienstleistungen gegen\u00fcber dem Websitebetreiber zu erbringenDie im Rahmen von Google Analytics von Ihrem Browser \u00fcbermittelte IP-Adresse wird nicht mit anderen Daten von Google zusammengef\u00fchrt. Sie k\u00f6nnen die Speicherung der Cookies durch eine entsprechende Einstellung Ihrer Browser-Software verhindern; wir weisen Sie jedoch darauf hin, dass Sie in diesem Fall gegebenenfalls nicht s\u00e4mtliche Funktionen dieser Website vollumf\u00e4nglich werden nutzen k\u00f6nnen. Sie k\u00f6nnen dar\u00fcber hinaus die Erfassung der durch das Cookie erzeugten und auf Ihre Nutzung der Website bezogenen Daten (inkl. Ihrer IP-Adresse) an Google sowie die Verarbeitung dieser Daten durch Google verhindern, indem sie das unter dem folgenden Link verf\u00fcgbare <a href=\"https:\/\/tools.google.com\/dlpage\/gaoptout?hl=de\">Browser-Plugin herunterladen<\/a> und installieren.<\/p>\n<p><strong>Copyright<\/strong><\/p>\n<p>Copyright: Meiren Engineering O\u00dc.<\/p>\n<p style=\"text-align: justify;\">Die auf den Websites der Firma Meiren Engineering O\u00dc enthaltenen Informationen werden der \u00d6ffentlichkeit zug\u00e4nglich gemacht. Durch das Herunterladen oder Kopieren von Inhalten, Bildern, Fotos oder anderen Dateien werden keinerlei Rechte bez\u00fcglich der Inhalte \u00fcbertragen.<\/p>\n<p style=\"text-align: justify;\">Die Urheber- und alle anderen Rechte an Inhalten, Bildern, Fotos oder anderen Dateien auf den Websites der Firma Meiren Engineering O\u00dc geh\u00f6ren ausschliesslich dieser oder den speziell genannten Rechtsinhabern. F\u00fcr die Reproduktion jeglicher Elemente ist die schriftliche Zustimmung der Urheberrechtstr\u00e4ger im Voraus einzuholen.[1]<\/p>\n","protected":false},"excerpt":{"rendered":"<p>Datenschutz Der Besuch unserer Websites ist prinzipiell anonym in vollem Umfang m\u00f6glich. Zur Bereitstellung der Online-Dienste und Bearbeitung der Anfragen ben\u00f6tigen wir jedoch gegebenenfalls Ihre pers\u00f6nlichen Daten. Ihre personenbezogenen Daten werden in einer sicheren offline Datenbank gespeichert, zu der nur ein sehr eingegrenzter Personenkreis Zugriff hat. Personenbezogene Daten sind Bestandsdaten wie beispielsweise Name und Adresse [&hellip;]<\/p>\n","protected":false},"author":2,"featured_media":0,"parent":0,"menu_order":0,"comment_status":"closed","ping_status":"open","template":"","meta":{"footnotes":""},"class_list":["post-3013","page","type-page","status-publish","hentry"],"yoast_head":"<!-- This site is optimized with the Yoast SEO plugin v25.6 - https:\/\/yoast.com\/wordpress\/plugins\/seo\/ -->\n<title>Rechtliches | Meiren lumesahad<\/title>\n<meta name=\"robots\" content=\"index, follow, max-snippet:-1, max-image-preview:large, max-video-preview:-1\" \/>\n<link rel=\"canonical\" href=\"https:\/\/www.meiren.ee\/de\/rechtliches\/\" \/>\n<meta property=\"og:locale\" content=\"de_DE\" \/>\n<meta property=\"og:type\" content=\"article\" \/>\n<meta property=\"og:title\" content=\"Rechtliches | Meiren lumesahad\" \/>\n<meta property=\"og:description\" content=\"Datenschutz Der Besuch unserer Websites ist prinzipiell anonym in vollem Umfang m\u00f6glich. Zur Bereitstellung der Online-Dienste und Bearbeitung der Anfragen ben\u00f6tigen wir jedoch gegebenenfalls Ihre pers\u00f6nlichen Daten. Ihre personenbezogenen Daten werden in einer sicheren offline Datenbank gespeichert, zu der nur ein sehr eingegrenzter Personenkreis Zugriff hat. Personenbezogene Daten sind Bestandsdaten wie beispielsweise Name und Adresse [&hellip;]\" \/>\n<meta property=\"og:url\" content=\"https:\/\/www.meiren.ee\/de\/rechtliches\/\" \/>\n<meta property=\"og:site_name\" content=\"Meiren lumesahad\" \/>\n<meta property=\"article:publisher\" content=\"https:\/\/www.facebook.com\/Meiren.ee?ref=nf\" \/>\n<meta property=\"article:modified_time\" content=\"2014-08-21T06:39:37+00:00\" \/>\n<meta name=\"twitter:card\" content=\"summary_large_image\" \/>\n<meta name=\"twitter:label1\" content=\"Gesch\u00e4tzte Lesezeit\" \/>\n\t<meta name=\"twitter:data1\" content=\"2\u00a0Minuten\" \/>\n<script type=\"application\/ld+json\" class=\"yoast-schema-graph\">{\"@context\":\"https:\/\/schema.org\",\"@graph\":[{\"@type\":\"WebPage\",\"@id\":\"https:\/\/www.meiren.ee\/de\/rechtliches\/\",\"url\":\"https:\/\/www.meiren.ee\/de\/rechtliches\/\",\"name\":\"Rechtliches | Meiren lumesahad\",\"isPartOf\":{\"@id\":\"https:\/\/www.meiren.ee\/en\/#website\"},\"datePublished\":\"2014-03-21T07:36:09+00:00\",\"dateModified\":\"2014-08-21T06:39:37+00:00\",\"breadcrumb\":{\"@id\":\"https:\/\/www.meiren.ee\/de\/rechtliches\/#breadcrumb\"},\"inLanguage\":\"de\",\"potentialAction\":[{\"@type\":\"ReadAction\",\"target\":[\"https:\/\/www.meiren.ee\/de\/rechtliches\/\"]}]},{\"@type\":\"BreadcrumbList\",\"@id\":\"https:\/\/www.meiren.ee\/de\/rechtliches\/#breadcrumb\",\"itemListElement\":[{\"@type\":\"ListItem\",\"position\":1,\"name\":\"Home\",\"item\":\"https:\/\/www.meiren.ee\/en\/\"},{\"@type\":\"ListItem\",\"position\":2,\"name\":\"Rechtliches\"}]},{\"@type\":\"WebSite\",\"@id\":\"https:\/\/www.meiren.ee\/en\/#website\",\"url\":\"https:\/\/www.meiren.ee\/en\/\",\"name\":\"Meiren lumesahad\",\"description\":\"Lumesahk ja lumet\u00f5rje tehnika, maantee lumesahk, lumesahk traktorile, lumesahk maasturile, harjad, lumekopp, varuosad ja hooldus, lumesaha terad, Kobit s.r.o. soolapuisturid\",\"potentialAction\":[{\"@type\":\"SearchAction\",\"target\":{\"@type\":\"EntryPoint\",\"urlTemplate\":\"https:\/\/www.meiren.ee\/en\/?s={search_term_string}\"},\"query-input\":{\"@type\":\"PropertyValueSpecification\",\"valueRequired\":true,\"valueName\":\"search_term_string\"}}],\"inLanguage\":\"de\"}]}<\/script>\n<!-- \/ Yoast SEO plugin. -->","yoast_head_json":{"title":"Rechtliches | Meiren lumesahad","robots":{"index":"index","follow":"follow","max-snippet":"max-snippet:-1","max-image-preview":"max-image-preview:large","max-video-preview":"max-video-preview:-1"},"canonical":"https:\/\/www.meiren.ee\/de\/rechtliches\/","og_locale":"de_DE","og_type":"article","og_title":"Rechtliches | Meiren lumesahad","og_description":"Datenschutz Der Besuch unserer Websites ist prinzipiell anonym in vollem Umfang m\u00f6glich. Zur Bereitstellung der Online-Dienste und Bearbeitung der Anfragen ben\u00f6tigen wir jedoch gegebenenfalls Ihre pers\u00f6nlichen Daten. Ihre personenbezogenen Daten werden in einer sicheren offline Datenbank gespeichert, zu der nur ein sehr eingegrenzter Personenkreis Zugriff hat. Personenbezogene Daten sind Bestandsdaten wie beispielsweise Name und Adresse [&hellip;]","og_url":"https:\/\/www.meiren.ee\/de\/rechtliches\/","og_site_name":"Meiren lumesahad","article_publisher":"https:\/\/www.facebook.com\/Meiren.ee?ref=nf","article_modified_time":"2014-08-21T06:39:37+00:00","twitter_card":"summary_large_image","twitter_misc":{"Gesch\u00e4tzte Lesezeit":"2\u00a0Minuten"},"schema":{"@context":"https:\/\/schema.org","@graph":[{"@type":"WebPage","@id":"https:\/\/www.meiren.ee\/de\/rechtliches\/","url":"https:\/\/www.meiren.ee\/de\/rechtliches\/","name":"Rechtliches | Meiren lumesahad","isPartOf":{"@id":"https:\/\/www.meiren.ee\/en\/#website"},"datePublished":"2014-03-21T07:36:09+00:00","dateModified":"2014-08-21T06:39:37+00:00","breadcrumb":{"@id":"https:\/\/www.meiren.ee\/de\/rechtliches\/#breadcrumb"},"inLanguage":"de","potentialAction":[{"@type":"ReadAction","target":["https:\/\/www.meiren.ee\/de\/rechtliches\/"]}]},{"@type":"BreadcrumbList","@id":"https:\/\/www.meiren.ee\/de\/rechtliches\/#breadcrumb","itemListElement":[{"@type":"ListItem","position":1,"name":"Home","item":"https:\/\/www.meiren.ee\/en\/"},{"@type":"ListItem","position":2,"name":"Rechtliches"}]},{"@type":"WebSite","@id":"https:\/\/www.meiren.ee\/en\/#website","url":"https:\/\/www.meiren.ee\/en\/","name":"Meiren lumesahad","description":"Lumesahk ja lumet\u00f5rje tehnika, maantee lumesahk, lumesahk traktorile, lumesahk maasturile, harjad, lumekopp, varuosad ja hooldus, lumesaha terad, Kobit s.r.o. soolapuisturid","potentialAction":[{"@type":"SearchAction","target":{"@type":"EntryPoint","urlTemplate":"https:\/\/www.meiren.ee\/en\/?s={search_term_string}"},"query-input":{"@type":"PropertyValueSpecification","valueRequired":true,"valueName":"search_term_string"}}],"inLanguage":"de"}]}},"_links":{"self":[{"href":"https:\/\/www.meiren.ee\/de\/wp-json\/wp\/v2\/pages\/3013"}],"collection":[{"href":"https:\/\/www.meiren.ee\/de\/wp-json\/wp\/v2\/pages"}],"about":[{"href":"https:\/\/www.meiren.ee\/de\/wp-json\/wp\/v2\/types\/page"}],"author":[{"embeddable":true,"href":"https:\/\/www.meiren.ee\/de\/wp-json\/wp\/v2\/users\/2"}],"replies":[{"embeddable":true,"href":"https:\/\/www.meiren.ee\/de\/wp-json\/wp\/v2\/comments?post=3013"}],"version-history":[{"count":2,"href":"https:\/\/www.meiren.ee\/de\/wp-json\/wp\/v2\/pages\/3013\/revisions"}],"predecessor-version":[{"id":3015,"href":"https:\/\/www.meiren.ee\/de\/wp-json\/wp\/v2\/pages\/3013\/revisions\/3015"}],"wp:attachment":[{"href":"https:\/\/www.meiren.ee\/de\/wp-json\/wp\/v2\/media?parent=3013"}],"curies":[{"name":"wp","href":"https:\/\/api.w.org\/{rel}","templated":true}]}}