{"id":427,"date":"2014-04-25T13:38:48","date_gmt":"2014-04-25T10:38:48","guid":{"rendered":"https:\/\/meiren.ee\/?page_id=427"},"modified":"2016-09-12T13:39:17","modified_gmt":"2016-09-12T10:39:17","slug":"schneepfluge","status":"publish","type":"page","link":"https:\/\/www.meiren.ee\/de\/schneepfluge\/","title":{"rendered":"Schneepfl\u00fcge"},"content":{"rendered":"","protected":false},"excerpt":{"rendered":"","protected":false},"author":2,"featured_media":0,"parent":0,"menu_order":0,"comment_status":"closed","ping_status":"open","template":"page-plows_page.php","meta":{"footnotes":""},"class_list":["post-427","page","type-page","status-publish","hentry"],"yoast_head":"<!-- This site is optimized with the Yoast SEO plugin v25.6 - https:\/\/yoast.com\/wordpress\/plugins\/seo\/ -->\n<title>Schneepfl\u00fcge | Meiren lumesahad<\/title>\n<meta name=\"description\" content=\"Schneepfl\u00fcge, Schneer\u00e4umger\u00e4te, Strassenunterhalt, Reinigung von Autobahnen, Kehrwalze, Schneeschaufel, Seitenpflug, Schneepflug f\u00fcr Traktor.\" \/>\n<meta name=\"robots\" content=\"index, follow, max-snippet:-1, max-image-preview:large, max-video-preview:-1\" \/>\n<link rel=\"canonical\" href=\"https:\/\/www.meiren.ee\/de\/schneepfluge\/\" \/>\n<meta property=\"og:locale\" content=\"de_DE\" \/>\n<meta property=\"og:type\" content=\"article\" \/>\n<meta property=\"og:title\" content=\"Schneepfl\u00fcge | Meiren lumesahad\" \/>\n<meta property=\"og:description\" content=\"Schneepfl\u00fcge, Schneer\u00e4umger\u00e4te, Strassenunterhalt, Reinigung von Autobahnen, Kehrwalze, Schneeschaufel, Seitenpflug, Schneepflug f\u00fcr Traktor.\" \/>\n<meta property=\"og:url\" content=\"https:\/\/www.meiren.ee\/de\/schneepfluge\/\" \/>\n<meta property=\"og:site_name\" content=\"Meiren lumesahad\" \/>\n<meta property=\"article:publisher\" content=\"https:\/\/www.facebook.com\/Meiren.ee?ref=nf\" \/>\n<meta property=\"article:modified_time\" content=\"2016-09-12T10:39:17+00:00\" \/>\n<meta name=\"twitter:card\" content=\"summary_large_image\" \/>\n<script type=\"application\/ld+json\" class=\"yoast-schema-graph\">{\"@context\":\"https:\/\/schema.org\",\"@graph\":[{\"@type\":\"WebPage\",\"@id\":\"https:\/\/www.meiren.ee\/de\/schneepfluge\/\",\"url\":\"https:\/\/www.meiren.ee\/de\/schneepfluge\/\",\"name\":\"Schneepfl\u00fcge | Meiren lumesahad\",\"isPartOf\":{\"@id\":\"https:\/\/www.meiren.ee\/en\/#website\"},\"datePublished\":\"2014-04-25T10:38:48+00:00\",\"dateModified\":\"2016-09-12T10:39:17+00:00\",\"description\":\"Schneepfl\u00fcge, Schneer\u00e4umger\u00e4te, Strassenunterhalt, Reinigung von Autobahnen, Kehrwalze, Schneeschaufel, Seitenpflug, Schneepflug f\u00fcr Traktor.\",\"breadcrumb\":{\"@id\":\"https:\/\/www.meiren.ee\/de\/schneepfluge\/#breadcrumb\"},\"inLanguage\":\"de\",\"potentialAction\":[{\"@type\":\"ReadAction\",\"target\":[\"https:\/\/www.meiren.ee\/de\/schneepfluge\/\"]}]},{\"@type\":\"BreadcrumbList\",\"@id\":\"https:\/\/www.meiren.ee\/de\/schneepfluge\/#breadcrumb\",\"itemListElement\":[{\"@type\":\"ListItem\",\"position\":1,\"name\":\"Home\",\"item\":\"https:\/\/www.meiren.ee\/en\/\"},{\"@type\":\"ListItem\",\"position\":2,\"name\":\"Schneepfl\u00fcge\"}]},{\"@type\":\"WebSite\",\"@id\":\"https:\/\/www.meiren.ee\/en\/#website\",\"url\":\"https:\/\/www.meiren.ee\/en\/\",\"name\":\"Meiren lumesahad\",\"description\":\"Lumesahk ja lumet\u00f5rje tehnika, maantee lumesahk, lumesahk traktorile, lumesahk maasturile, harjad, lumekopp, varuosad ja hooldus, lumesaha terad, Kobit s.r.o. soolapuisturid\",\"potentialAction\":[{\"@type\":\"SearchAction\",\"target\":{\"@type\":\"EntryPoint\",\"urlTemplate\":\"https:\/\/www.meiren.ee\/en\/?s={search_term_string}\"},\"query-input\":{\"@type\":\"PropertyValueSpecification\",\"valueRequired\":true,\"valueName\":\"search_term_string\"}}],\"inLanguage\":\"de\"}]}<\/script>\n<!-- \/ Yoast SEO plugin. -->","yoast_head_json":{"title":"Schneepfl\u00fcge | Meiren lumesahad","description":"Schneepfl\u00fcge, Schneer\u00e4umger\u00e4te, Strassenunterhalt, Reinigung von Autobahnen, Kehrwalze, Schneeschaufel, Seitenpflug, Schneepflug f\u00fcr Traktor.","robots":{"index":"index","follow":"follow","max-snippet":"max-snippet:-1","max-image-preview":"max-image-preview:large","max-video-preview":"max-video-preview:-1"},"canonical":"https:\/\/www.meiren.ee\/de\/schneepfluge\/","og_locale":"de_DE","og_type":"article","og_title":"Schneepfl\u00fcge | Meiren lumesahad","og_description":"Schneepfl\u00fcge, Schneer\u00e4umger\u00e4te, Strassenunterhalt, Reinigung von Autobahnen, Kehrwalze, Schneeschaufel, Seitenpflug, Schneepflug f\u00fcr Traktor.","og_url":"https:\/\/www.meiren.ee\/de\/schneepfluge\/","og_site_name":"Meiren lumesahad","article_publisher":"https:\/\/www.facebook.com\/Meiren.ee?ref=nf","article_modified_time":"2016-09-12T10:39:17+00:00","twitter_card":"summary_large_image","schema":{"@context":"https:\/\/schema.org","@graph":[{"@type":"WebPage","@id":"https:\/\/www.meiren.ee\/de\/schneepfluge\/","url":"https:\/\/www.meiren.ee\/de\/schneepfluge\/","name":"Schneepfl\u00fcge | Meiren lumesahad","isPartOf":{"@id":"https:\/\/www.meiren.ee\/en\/#website"},"datePublished":"2014-04-25T10:38:48+00:00","dateModified":"2016-09-12T10:39:17+00:00","description":"Schneepfl\u00fcge, Schneer\u00e4umger\u00e4te, Strassenunterhalt, Reinigung von Autobahnen, Kehrwalze, Schneeschaufel, Seitenpflug, Schneepflug f\u00fcr Traktor.","breadcrumb":{"@id":"https:\/\/www.meiren.ee\/de\/schneepfluge\/#breadcrumb"},"inLanguage":"de","potentialAction":[{"@type":"ReadAction","target":["https:\/\/www.meiren.ee\/de\/schneepfluge\/"]}]},{"@type":"BreadcrumbList","@id":"https:\/\/www.meiren.ee\/de\/schneepfluge\/#breadcrumb","itemListElement":[{"@type":"ListItem","position":1,"name":"Home","item":"https:\/\/www.meiren.ee\/en\/"},{"@type":"ListItem","position":2,"name":"Schneepfl\u00fcge"}]},{"@type":"WebSite","@id":"https:\/\/www.meiren.ee\/en\/#website","url":"https:\/\/www.meiren.ee\/en\/","name":"Meiren lumesahad","description":"Lumesahk ja lumet\u00f5rje tehnika, maantee lumesahk, lumesahk traktorile, lumesahk maasturile, harjad, lumekopp, varuosad ja hooldus, lumesaha terad, Kobit s.r.o. soolapuisturid","potentialAction":[{"@type":"SearchAction","target":{"@type":"EntryPoint","urlTemplate":"https:\/\/www.meiren.ee\/en\/?s={search_term_string}"},"query-input":{"@type":"PropertyValueSpecification","valueRequired":true,"valueName":"search_term_string"}}],"inLanguage":"de"}]}},"_links":{"self":[{"href":"https:\/\/www.meiren.ee\/de\/wp-json\/wp\/v2\/pages\/427"}],"collection":[{"href":"https:\/\/www.meiren.ee\/de\/wp-json\/wp\/v2\/pages"}],"about":[{"href":"https:\/\/www.meiren.ee\/de\/wp-json\/wp\/v2\/types\/page"}],"author":[{"embeddable":true,"href":"https:\/\/www.meiren.ee\/de\/wp-json\/wp\/v2\/users\/2"}],"replies":[{"embeddable":true,"href":"https:\/\/www.meiren.ee\/de\/wp-json\/wp\/v2\/comments?post=427"}],"version-history":[{"count":1,"href":"https:\/\/www.meiren.ee\/de\/wp-json\/wp\/v2\/pages\/427\/revisions"}],"predecessor-version":[{"id":431,"href":"https:\/\/www.meiren.ee\/de\/wp-json\/wp\/v2\/pages\/427\/revisions\/431"}],"wp:attachment":[{"href":"https:\/\/www.meiren.ee\/de\/wp-json\/wp\/v2\/media?parent=427"}],"curies":[{"name":"wp","href":"https:\/\/api.w.org\/{rel}","templated":true}]}}