{"id":436,"date":"2014-04-25T13:41:02","date_gmt":"2014-04-25T10:41:02","guid":{"rendered":"https:\/\/meiren.ee\/?page_id=436"},"modified":"2022-11-07T15:25:28","modified_gmt":"2022-11-07T13:25:28","slug":"kontakt","status":"publish","type":"page","link":"https:\/\/www.meiren.ee\/de\/kontakt\/","title":{"rendered":"Kontakt"},"content":{"rendered":"<p><iframe style=\"border: 0;\" src=\"https:\/\/www.google.com\/maps\/embed?pb=!1m18!1m12!1m3!1d1040301.0101544346!2d24.839183005131108!3d59.38573184610997!2m3!1f0!2f0!3f0!3m2!1i1024!2i768!4f13.1!3m3!1m2!1s0x4692953643da9b2d%3A0x6bbe48852091d0c0!2sV%C3%A4ike-M%C3%A4nniku+7%2C+11216+Tallinn!5e0!3m2!1set!2see!4v1408615711360\" width=\"600\" height=\"450\" frameborder=\"0\"><\/iframe><br \/>\n<small><a style=\"text-align: left; color: #0000ff;\" href=\"http:\/\/maps.google.com\/maps?f=q&amp;source=embed&amp;hl=en&amp;geocode=&amp;q=V%C3%A4ike-M%C3%A4nniku+7,+Tallinn,+Tallinna+linn,+Estonia&amp;aq=&amp;sll=59.36815,24.718666&amp;sspn=0.011108,0.042272&amp;g=V%C3%A4ike-M%C3%A4nniku,+Tallinn,+Tallinna+linn,+Estonia&amp;ie=UTF8&amp;hq=&amp;hnear=V%C3%A4ike-M%C3%A4nniku+7,+11216+Tallinn,+Estonia&amp;ll=59.369351,24.718406&amp;spn=0.002777,0.010568&amp;t=m&amp;z=14&amp;iwloc=A\">View Larger Map<\/a><\/small><\/p>\n","protected":false},"excerpt":{"rendered":"<p>View Larger Map<\/p>\n","protected":false},"author":2,"featured_media":0,"parent":0,"menu_order":0,"comment_status":"open","ping_status":"open","template":"page-special_page.php","meta":{"footnotes":""},"class_list":["post-436","page","type-page","status-publish","hentry"],"yoast_head":"<!-- This site is optimized with the Yoast SEO plugin v25.6 - https:\/\/yoast.com\/wordpress\/plugins\/seo\/ -->\n<title>Kontakt | Meiren lumesahad<\/title>\n<meta name=\"description\" content=\"Meiren Engineering O\u00dc Kontakt: V\u00e4ike-M\u00e4nniku 7, 11216 Tallinn, Estland, VAT Nr.: EE100811649; Tel: +372 56 49 91 90; E-Mail: info@meiren.ee\" \/>\n<meta name=\"robots\" content=\"index, follow, max-snippet:-1, max-image-preview:large, max-video-preview:-1\" \/>\n<link rel=\"canonical\" href=\"https:\/\/www.meiren.ee\/de\/kontakt\/\" \/>\n<meta property=\"og:locale\" content=\"de_DE\" \/>\n<meta property=\"og:type\" content=\"article\" \/>\n<meta property=\"og:title\" content=\"Kontakt | Meiren lumesahad\" \/>\n<meta property=\"og:description\" content=\"Meiren Engineering O\u00dc Kontakt: V\u00e4ike-M\u00e4nniku 7, 11216 Tallinn, Estland, VAT Nr.: EE100811649; Tel: +372 56 49 91 90; E-Mail: info@meiren.ee\" \/>\n<meta property=\"og:url\" content=\"https:\/\/www.meiren.ee\/de\/kontakt\/\" \/>\n<meta property=\"og:site_name\" content=\"Meiren lumesahad\" \/>\n<meta property=\"article:publisher\" content=\"https:\/\/www.facebook.com\/Meiren.ee?ref=nf\" \/>\n<meta property=\"article:modified_time\" content=\"2022-11-07T13:25:28+00:00\" \/>\n<meta name=\"twitter:card\" content=\"summary_large_image\" \/>\n<script type=\"application\/ld+json\" class=\"yoast-schema-graph\">{\"@context\":\"https:\/\/schema.org\",\"@graph\":[{\"@type\":\"WebPage\",\"@id\":\"https:\/\/www.meiren.ee\/de\/kontakt\/\",\"url\":\"https:\/\/www.meiren.ee\/de\/kontakt\/\",\"name\":\"Kontakt | Meiren lumesahad\",\"isPartOf\":{\"@id\":\"https:\/\/www.meiren.ee\/en\/#website\"},\"datePublished\":\"2014-04-25T10:41:02+00:00\",\"dateModified\":\"2022-11-07T13:25:28+00:00\",\"description\":\"Meiren Engineering O\u00dc Kontakt: V\u00e4ike-M\u00e4nniku 7, 11216 Tallinn, Estland, VAT Nr.: EE100811649; Tel: +372 56 49 91 90; E-Mail: info@meiren.ee\",\"breadcrumb\":{\"@id\":\"https:\/\/www.meiren.ee\/de\/kontakt\/#breadcrumb\"},\"inLanguage\":\"de\",\"potentialAction\":[{\"@type\":\"ReadAction\",\"target\":[\"https:\/\/www.meiren.ee\/de\/kontakt\/\"]}]},{\"@type\":\"BreadcrumbList\",\"@id\":\"https:\/\/www.meiren.ee\/de\/kontakt\/#breadcrumb\",\"itemListElement\":[{\"@type\":\"ListItem\",\"position\":1,\"name\":\"Home\",\"item\":\"https:\/\/www.meiren.ee\/en\/\"},{\"@type\":\"ListItem\",\"position\":2,\"name\":\"Kontakt\"}]},{\"@type\":\"WebSite\",\"@id\":\"https:\/\/www.meiren.ee\/en\/#website\",\"url\":\"https:\/\/www.meiren.ee\/en\/\",\"name\":\"Meiren lumesahad\",\"description\":\"Lumesahk ja lumet\u00f5rje tehnika, maantee lumesahk, lumesahk traktorile, lumesahk maasturile, harjad, lumekopp, varuosad ja hooldus, lumesaha terad, Kobit s.r.o. soolapuisturid\",\"potentialAction\":[{\"@type\":\"SearchAction\",\"target\":{\"@type\":\"EntryPoint\",\"urlTemplate\":\"https:\/\/www.meiren.ee\/en\/?s={search_term_string}\"},\"query-input\":{\"@type\":\"PropertyValueSpecification\",\"valueRequired\":true,\"valueName\":\"search_term_string\"}}],\"inLanguage\":\"de\"}]}<\/script>\n<!-- \/ Yoast SEO plugin. -->","yoast_head_json":{"title":"Kontakt | Meiren lumesahad","description":"Meiren Engineering O\u00dc Kontakt: V\u00e4ike-M\u00e4nniku 7, 11216 Tallinn, Estland, VAT Nr.: EE100811649; Tel: +372 56 49 91 90; E-Mail: info@meiren.ee","robots":{"index":"index","follow":"follow","max-snippet":"max-snippet:-1","max-image-preview":"max-image-preview:large","max-video-preview":"max-video-preview:-1"},"canonical":"https:\/\/www.meiren.ee\/de\/kontakt\/","og_locale":"de_DE","og_type":"article","og_title":"Kontakt | Meiren lumesahad","og_description":"Meiren Engineering O\u00dc Kontakt: V\u00e4ike-M\u00e4nniku 7, 11216 Tallinn, Estland, VAT Nr.: EE100811649; Tel: +372 56 49 91 90; E-Mail: info@meiren.ee","og_url":"https:\/\/www.meiren.ee\/de\/kontakt\/","og_site_name":"Meiren lumesahad","article_publisher":"https:\/\/www.facebook.com\/Meiren.ee?ref=nf","article_modified_time":"2022-11-07T13:25:28+00:00","twitter_card":"summary_large_image","schema":{"@context":"https:\/\/schema.org","@graph":[{"@type":"WebPage","@id":"https:\/\/www.meiren.ee\/de\/kontakt\/","url":"https:\/\/www.meiren.ee\/de\/kontakt\/","name":"Kontakt | Meiren lumesahad","isPartOf":{"@id":"https:\/\/www.meiren.ee\/en\/#website"},"datePublished":"2014-04-25T10:41:02+00:00","dateModified":"2022-11-07T13:25:28+00:00","description":"Meiren Engineering O\u00dc Kontakt: V\u00e4ike-M\u00e4nniku 7, 11216 Tallinn, Estland, VAT Nr.: EE100811649; Tel: +372 56 49 91 90; E-Mail: info@meiren.ee","breadcrumb":{"@id":"https:\/\/www.meiren.ee\/de\/kontakt\/#breadcrumb"},"inLanguage":"de","potentialAction":[{"@type":"ReadAction","target":["https:\/\/www.meiren.ee\/de\/kontakt\/"]}]},{"@type":"BreadcrumbList","@id":"https:\/\/www.meiren.ee\/de\/kontakt\/#breadcrumb","itemListElement":[{"@type":"ListItem","position":1,"name":"Home","item":"https:\/\/www.meiren.ee\/en\/"},{"@type":"ListItem","position":2,"name":"Kontakt"}]},{"@type":"WebSite","@id":"https:\/\/www.meiren.ee\/en\/#website","url":"https:\/\/www.meiren.ee\/en\/","name":"Meiren lumesahad","description":"Lumesahk ja lumet\u00f5rje tehnika, maantee lumesahk, lumesahk traktorile, lumesahk maasturile, harjad, lumekopp, varuosad ja hooldus, lumesaha terad, Kobit s.r.o. soolapuisturid","potentialAction":[{"@type":"SearchAction","target":{"@type":"EntryPoint","urlTemplate":"https:\/\/www.meiren.ee\/en\/?s={search_term_string}"},"query-input":{"@type":"PropertyValueSpecification","valueRequired":true,"valueName":"search_term_string"}}],"inLanguage":"de"}]}},"_links":{"self":[{"href":"https:\/\/www.meiren.ee\/de\/wp-json\/wp\/v2\/pages\/436"}],"collection":[{"href":"https:\/\/www.meiren.ee\/de\/wp-json\/wp\/v2\/pages"}],"about":[{"href":"https:\/\/www.meiren.ee\/de\/wp-json\/wp\/v2\/types\/page"}],"author":[{"embeddable":true,"href":"https:\/\/www.meiren.ee\/de\/wp-json\/wp\/v2\/users\/2"}],"replies":[{"embeddable":true,"href":"https:\/\/www.meiren.ee\/de\/wp-json\/wp\/v2\/comments?post=436"}],"version-history":[{"count":9,"href":"https:\/\/www.meiren.ee\/de\/wp-json\/wp\/v2\/pages\/436\/revisions"}],"predecessor-version":[{"id":11239,"href":"https:\/\/www.meiren.ee\/de\/wp-json\/wp\/v2\/pages\/436\/revisions\/11239"}],"wp:attachment":[{"href":"https:\/\/www.meiren.ee\/de\/wp-json\/wp\/v2\/media?parent=436"}],"curies":[{"name":"wp","href":"https:\/\/api.w.org\/{rel}","templated":true}]}}