{"id":463,"date":"2014-04-25T13:46:52","date_gmt":"2014-04-25T10:46:52","guid":{"rendered":"https:\/\/meiren.ee\/?page_id=463"},"modified":"2022-08-01T15:44:54","modified_gmt":"2022-08-01T12:44:54","slug":"uber-meiren","status":"publish","type":"page","link":"https:\/\/www.meiren.ee\/de\/uber-meiren\/","title":{"rendered":"\u00dcber Meiren"},"content":{"rendered":"<h2>\u00dcber Meiren<\/h2>\n<h3>Wie bei Meiren alles begann<\/h3>\n<p align=\"justify\">Als Sohn eines Ingenieurs kam Raoul schon als Kind mit den verschiedensten Maschinen und Anlagen in Ber\u00fchrung, was f\u00fcr die sp\u00e4tere Berufswahl des jungen Mannes von entscheidender Bedeutung sein sollte. Sein ganzes Leben lang ist er getrieben gewesen von dem Wunsch, Neues zu entdecken und zu entwickeln.<\/p>\n<p align=\"justify\">Seinen Gesch\u00e4ftspartner Jaan traf er erstmals an der Technischen Universit\u00e4t Tallinn, wo beide Maschinenbau studierten. Aber erst 15 Jahre sp\u00e4ter, als Jaan bereits ein erfolgreicher Gesch\u00e4ftsmann geworden war, kreuzten sich die Lebenswege der beiden M\u00e4nner erneut. Weil Raoul bereits Erfahrungen in der Projektierung von Schneepfl\u00fcgen hatte, beschlossen Sie, gemeinsam ein Unternehmen zur Fertigung von Schneepfl\u00fcgen zu gr\u00fcnden. Im Jahr 2003 entstand daher das Unternehmen MEIREN Engineering O\u00dc, dessen Namen aus den Familiennamen der beiden M\u00e4nner abgeleitet ist (Meikup und Renser).<\/p>\n<p align=\"justify\">Eines hatten die beiden gleich zu Beginn vereinbart: Wenn sie etwas machen, dann machen sie es gut! Deshalb wurden von Anfang an auch Kunden in die Produktentwicklung mit einbezogen, denn gerade die Kunden sind es, die die Anforderungen an das Produkt am besten kennen. Aus dieser Zusammenarbeit ist ein Produkt hervorgegangen, das bis heute jeden Benutzer und Stra\u00dfenmeister gl\u00fccklich macht.<\/p>\n<p align=\"justify\">Wir k\u00fcmmern uns um unsere Kunden und lassen sie nie mit ihren Sorgen alleine. Wir sch\u00e4tzen alle unsere Mitbewerber sehr, denn durch sie haben wir die M\u00f6glichkeit, immer ein bisschen besser zu sein. Wir denken nicht, dass jeder irgendwann Kunde von Meiren werden sollte. Dieses Privileg soll denjenigen vorbehalten sein, die sich so entschieden haben und denen, die sich in naher Zukunft so entscheiden werden.<\/p>\n<p>Herzlichst,<br \/>\nRaoul und Jaan<\/p>\n","protected":false},"excerpt":{"rendered":"<p>\u00dcber Meiren Wie bei Meiren alles begann Als Sohn eines Ingenieurs kam Raoul schon als Kind mit den verschiedensten Maschinen und Anlagen in Ber\u00fchrung, was f\u00fcr die sp\u00e4tere Berufswahl des jungen Mannes von entscheidender Bedeutung sein sollte. Sein ganzes Leben lang ist er getrieben gewesen von dem Wunsch, Neues zu entdecken und zu entwickeln. Seinen [&hellip;]<\/p>\n","protected":false},"author":2,"featured_media":0,"parent":0,"menu_order":0,"comment_status":"closed","ping_status":"open","template":"","meta":{"footnotes":""},"class_list":["post-463","page","type-page","status-publish","hentry"],"yoast_head":"<!-- This site is optimized with the Yoast SEO plugin v25.6 - https:\/\/yoast.com\/wordpress\/plugins\/seo\/ -->\n<title>\u00dcber Meiren | Meiren lumesahad<\/title>\n<meta name=\"description\" content=\"Meiren Engineering O\u00dc ist eine 100% estnischen Hauptstadt auf mechanischen Ingenieurb\u00fcro und wurde 2003 gegr\u00fcndet.\" \/>\n<meta name=\"robots\" content=\"index, follow, max-snippet:-1, max-image-preview:large, max-video-preview:-1\" \/>\n<link rel=\"canonical\" href=\"https:\/\/www.meiren.ee\/de\/uber-meiren\/\" \/>\n<meta property=\"og:locale\" content=\"de_DE\" \/>\n<meta property=\"og:type\" content=\"article\" \/>\n<meta property=\"og:title\" content=\"\u00dcber Meiren | Meiren lumesahad\" \/>\n<meta property=\"og:description\" content=\"Meiren Engineering O\u00dc ist eine 100% estnischen Hauptstadt auf mechanischen Ingenieurb\u00fcro und wurde 2003 gegr\u00fcndet.\" \/>\n<meta property=\"og:url\" content=\"https:\/\/www.meiren.ee\/de\/uber-meiren\/\" \/>\n<meta property=\"og:site_name\" content=\"Meiren lumesahad\" \/>\n<meta property=\"article:publisher\" content=\"https:\/\/www.facebook.com\/Meiren.ee?ref=nf\" \/>\n<meta property=\"article:modified_time\" content=\"2022-08-01T12:44:54+00:00\" \/>\n<meta name=\"twitter:card\" content=\"summary_large_image\" \/>\n<meta name=\"twitter:label1\" content=\"Gesch\u00e4tzte Lesezeit\" \/>\n\t<meta name=\"twitter:data1\" content=\"1\u00a0Minute\" \/>\n<script type=\"application\/ld+json\" class=\"yoast-schema-graph\">{\"@context\":\"https:\/\/schema.org\",\"@graph\":[{\"@type\":\"WebPage\",\"@id\":\"https:\/\/www.meiren.ee\/de\/uber-meiren\/\",\"url\":\"https:\/\/www.meiren.ee\/de\/uber-meiren\/\",\"name\":\"\u00dcber Meiren | Meiren lumesahad\",\"isPartOf\":{\"@id\":\"https:\/\/www.meiren.ee\/en\/#website\"},\"datePublished\":\"2014-04-25T10:46:52+00:00\",\"dateModified\":\"2022-08-01T12:44:54+00:00\",\"description\":\"Meiren Engineering O\u00dc ist eine 100% estnischen Hauptstadt auf mechanischen Ingenieurb\u00fcro und wurde 2003 gegr\u00fcndet.\",\"breadcrumb\":{\"@id\":\"https:\/\/www.meiren.ee\/de\/uber-meiren\/#breadcrumb\"},\"inLanguage\":\"de\",\"potentialAction\":[{\"@type\":\"ReadAction\",\"target\":[\"https:\/\/www.meiren.ee\/de\/uber-meiren\/\"]}]},{\"@type\":\"BreadcrumbList\",\"@id\":\"https:\/\/www.meiren.ee\/de\/uber-meiren\/#breadcrumb\",\"itemListElement\":[{\"@type\":\"ListItem\",\"position\":1,\"name\":\"Home\",\"item\":\"https:\/\/www.meiren.ee\/en\/\"},{\"@type\":\"ListItem\",\"position\":2,\"name\":\"\u00dcber Meiren\"}]},{\"@type\":\"WebSite\",\"@id\":\"https:\/\/www.meiren.ee\/en\/#website\",\"url\":\"https:\/\/www.meiren.ee\/en\/\",\"name\":\"Meiren lumesahad\",\"description\":\"Lumesahk ja lumet\u00f5rje tehnika, maantee lumesahk, lumesahk traktorile, lumesahk maasturile, harjad, lumekopp, varuosad ja hooldus, lumesaha terad, Kobit s.r.o. soolapuisturid\",\"potentialAction\":[{\"@type\":\"SearchAction\",\"target\":{\"@type\":\"EntryPoint\",\"urlTemplate\":\"https:\/\/www.meiren.ee\/en\/?s={search_term_string}\"},\"query-input\":{\"@type\":\"PropertyValueSpecification\",\"valueRequired\":true,\"valueName\":\"search_term_string\"}}],\"inLanguage\":\"de\"}]}<\/script>\n<!-- \/ Yoast SEO plugin. -->","yoast_head_json":{"title":"\u00dcber Meiren | Meiren lumesahad","description":"Meiren Engineering O\u00dc ist eine 100% estnischen Hauptstadt auf mechanischen Ingenieurb\u00fcro und wurde 2003 gegr\u00fcndet.","robots":{"index":"index","follow":"follow","max-snippet":"max-snippet:-1","max-image-preview":"max-image-preview:large","max-video-preview":"max-video-preview:-1"},"canonical":"https:\/\/www.meiren.ee\/de\/uber-meiren\/","og_locale":"de_DE","og_type":"article","og_title":"\u00dcber Meiren | Meiren lumesahad","og_description":"Meiren Engineering O\u00dc ist eine 100% estnischen Hauptstadt auf mechanischen Ingenieurb\u00fcro und wurde 2003 gegr\u00fcndet.","og_url":"https:\/\/www.meiren.ee\/de\/uber-meiren\/","og_site_name":"Meiren lumesahad","article_publisher":"https:\/\/www.facebook.com\/Meiren.ee?ref=nf","article_modified_time":"2022-08-01T12:44:54+00:00","twitter_card":"summary_large_image","twitter_misc":{"Gesch\u00e4tzte Lesezeit":"1\u00a0Minute"},"schema":{"@context":"https:\/\/schema.org","@graph":[{"@type":"WebPage","@id":"https:\/\/www.meiren.ee\/de\/uber-meiren\/","url":"https:\/\/www.meiren.ee\/de\/uber-meiren\/","name":"\u00dcber Meiren | Meiren lumesahad","isPartOf":{"@id":"https:\/\/www.meiren.ee\/en\/#website"},"datePublished":"2014-04-25T10:46:52+00:00","dateModified":"2022-08-01T12:44:54+00:00","description":"Meiren Engineering O\u00dc ist eine 100% estnischen Hauptstadt auf mechanischen Ingenieurb\u00fcro und wurde 2003 gegr\u00fcndet.","breadcrumb":{"@id":"https:\/\/www.meiren.ee\/de\/uber-meiren\/#breadcrumb"},"inLanguage":"de","potentialAction":[{"@type":"ReadAction","target":["https:\/\/www.meiren.ee\/de\/uber-meiren\/"]}]},{"@type":"BreadcrumbList","@id":"https:\/\/www.meiren.ee\/de\/uber-meiren\/#breadcrumb","itemListElement":[{"@type":"ListItem","position":1,"name":"Home","item":"https:\/\/www.meiren.ee\/en\/"},{"@type":"ListItem","position":2,"name":"\u00dcber Meiren"}]},{"@type":"WebSite","@id":"https:\/\/www.meiren.ee\/en\/#website","url":"https:\/\/www.meiren.ee\/en\/","name":"Meiren lumesahad","description":"Lumesahk ja lumet\u00f5rje tehnika, maantee lumesahk, lumesahk traktorile, lumesahk maasturile, harjad, lumekopp, varuosad ja hooldus, lumesaha terad, Kobit s.r.o. soolapuisturid","potentialAction":[{"@type":"SearchAction","target":{"@type":"EntryPoint","urlTemplate":"https:\/\/www.meiren.ee\/en\/?s={search_term_string}"},"query-input":{"@type":"PropertyValueSpecification","valueRequired":true,"valueName":"search_term_string"}}],"inLanguage":"de"}]}},"_links":{"self":[{"href":"https:\/\/www.meiren.ee\/de\/wp-json\/wp\/v2\/pages\/463"}],"collection":[{"href":"https:\/\/www.meiren.ee\/de\/wp-json\/wp\/v2\/pages"}],"about":[{"href":"https:\/\/www.meiren.ee\/de\/wp-json\/wp\/v2\/types\/page"}],"author":[{"embeddable":true,"href":"https:\/\/www.meiren.ee\/de\/wp-json\/wp\/v2\/users\/2"}],"replies":[{"embeddable":true,"href":"https:\/\/www.meiren.ee\/de\/wp-json\/wp\/v2\/comments?post=463"}],"version-history":[{"count":8,"href":"https:\/\/www.meiren.ee\/de\/wp-json\/wp\/v2\/pages\/463\/revisions"}],"predecessor-version":[{"id":21197,"href":"https:\/\/www.meiren.ee\/de\/wp-json\/wp\/v2\/pages\/463\/revisions\/21197"}],"wp:attachment":[{"href":"https:\/\/www.meiren.ee\/de\/wp-json\/wp\/v2\/media?parent=463"}],"curies":[{"name":"wp","href":"https:\/\/api.w.org\/{rel}","templated":true}]}}