{"id":9152,"date":"2015-01-30T16:23:47","date_gmt":"2015-01-30T14:23:47","guid":{"rendered":"https:\/\/meiren.ee\/?page_id=9152"},"modified":"2022-11-07T10:49:31","modified_gmt":"2022-11-07T08:49:31","slug":"kommunalmaschinen","status":"publish","type":"page","link":"https:\/\/www.meiren.ee\/de\/kommunalmaschinen\/","title":{"rendered":"Kommunalmaschinen"},"content":{"rendered":"<p>Es gibt noch zus\u00e4tzlich in <strong>Meiren Kommunalmaschinen<\/strong>:<\/p>\n<h2><a href=\"https:\/\/meiren.ee\/de\/neuigkeiten\/kobit-kommunaltechnik\/\" target=\"_blank\" rel=\"noopener\">Kobit s.r.o. Kommunaltechnik<\/a><\/h2>\n<p><img fetchpriority=\"high\" decoding=\"async\" class=\"alignnone wp-image-9973 size-thumbnail\" src=\"https:\/\/meiren.ee\/wp-content\/uploads\/2015\/10\/Kobit-s.r.o-390x270.jpg\" alt=\"Kobit s.r.o. Kommunaltechnik\" width=\"390\" height=\"270\" \/><\/p>\n<p align=\"justify\">Wir verkaufen KOBIT s.r.o. Kommunaltechnik-Produkte und Ersatzteilen. Um alle Produkte zu sehen, klicken Sie bitte auf <a href=\"http:\/\/kobit.cz\" target=\"_blank\" rel=\"noopener\"><u>Kobiti s.r.o. Startseite<\/u><\/a><\/p>\n<h2><noscript class=\"ninja-forms-noscript-message\">\n\tHinweis: F\u00fcr diesen Inhalt ist JavaScript erforderlich.<\/noscript>\n<div id=\"nf-form-32-cont\" class=\"nf-form-cont\" aria-live=\"polite\" aria-labelledby=\"nf-form-title-32\" aria-describedby=\"nf-form-errors-32\" role=\"form\">\n\n    <div class=\"nf-loading-spinner\"><\/div>\n\n<\/div>\n        <!-- That data is being printed as a workaround to page builders reordering the order of the scripts loaded-->\n        <script>var formDisplay=1;var nfForms=nfForms||[];var form=[];form.id='32';form.settings={\"objectType\":\"Form Setting\",\"editActive\":true,\"title\":\"DEU - Kobit\",\"key\":\"\",\"created_at\":\"2017-05-23 10:39:05\",\"show_title\":\"0\",\"clear_complete\":\"1\",\"hide_complete\":\"1\",\"default_label_pos\":\"above\",\"wrapper_class\":\"\",\"element_class\":\"\",\"add_submit\":\"0\",\"currency\":\"\",\"logged_in\":\"\",\"not_logged_in_msg\":\"\",\"sub_limit_msg\":\"\",\"calculations\":[],\"formContentData\":[\"name_der_firma_1669024060224\",\"ihr_name_1669024072217\",\"telefon\",\"e-mail\",\"ihre_nachricht\",\"hidden_1\",\"absenden\"],\"lock\":\"0\",\"allow_public_link\":0,\"embed_form\":\"\",\"repeatable_fieldsets\":\"\",\"unique_field_error\":\"A form with this value has already been submitted.\",\"ninjaForms\":\"Ninja Forms\",\"changeEmailErrorMsg\":\"Please enter a valid email address\",\"changeDateErrorMsg\":\"Bitte gib ein g\\u00fcltiges Datum ein!\",\"confirmFieldErrorMsg\":\"Diese Felder m\\u00fcssen \\u00fcbereinstimmen!\",\"fieldNumberNumMinError\":\"Die eingegebene Zahl ist zu klein.\",\"fieldNumberNumMaxError\":\"Die eingegebene Zahl ist zu gross.\",\"fieldNumberIncrementBy\":\"Bitte erh\\u00f6hen in Schritten von\",\"fieldTextareaRTEInsertLink\":\"Link einf\\u00fcgen\",\"fieldTextareaRTEInsertMedia\":\"Medien einf\\u00fcgen\",\"fieldTextareaRTESelectAFile\":\"Eine Datei ausw\\u00e4hlen\",\"formErrorsCorrectErrors\":\"There are errors on the form. Please fix them before continuing.\",\"formHoneypot\":\"Falls du ein Mensch bist und dieses Feld siehst, dann lasse es bitte leer.\",\"validateRequiredField\":\"Pflichtfeld\",\"honeypotHoneypotError\":\"Honeypot-Fehler\",\"fileUploadOldCodeFileUploadInProgress\":\"Datei-Upload l\\u00e4uft.\",\"fileUploadOldCodeFileUpload\":\"DATEI-UPLOAD\",\"currencySymbol\":\"&euro;\",\"fieldsMarkedRequired\":\"All fields marked with * are mandatory\",\"thousands_sep\":\".\",\"decimal_point\":\",\",\"siteLocale\":\"de_DE\",\"dateFormat\":\"m\\\/d\\\/Y\",\"startOfWeek\":\"1\",\"of\":\"von\",\"previousMonth\":\"Vorheriger Monat\",\"nextMonth\":\"N\\u00e4chster Monat\",\"months\":[\"Januar\",\"Februar\",\"M\\u00e4rz\",\"April\",\"Mai\",\"Juni\",\"Juli\",\"August\",\"September\",\"Oktober\",\"November\",\"Dezember\"],\"monthsShort\":[\"Jan.\",\"Feb.\",\"M\\u00e4rz\",\"Apr.\",\"Mai\",\"Juni\",\"Juli\",\"Aug\",\"Sep.\",\"Okt.\",\"Nov.\",\"Dez.\"],\"weekdays\":[\"Sonntag\",\"Montag\",\"Dienstag\",\"Mittwoch\",\"Donnerstag\",\"Freitag\",\"Samstag\"],\"weekdaysShort\":[\"So.\",\"Mo.\",\"Di.\",\"Mi.\",\"Do.\",\"Fr.\",\"Sa.\"],\"weekdaysMin\":[\"So.\",\"Mo.\",\"Di.\",\"Mi.\",\"Do.\",\"Fr.\",\"Sa.\"],\"recaptchaConsentMissing\":\"reCaptcha validation couldn&#039;t load.\",\"recaptchaMissingCookie\":\"reCaptcha v3 validation couldn&#039;t load the cookie needed to submit the form.\",\"recaptchaConsentEvent\":\"Accept reCaptcha cookies before sending the form.\",\"currency_symbol\":\"\",\"beforeForm\":\"\",\"beforeFields\":\"\",\"afterFields\":\"\",\"afterForm\":\"\"};form.fields=[{\"objectType\":\"Field\",\"objectDomain\":\"fields\",\"editActive\":false,\"order\":1,\"idAttribute\":\"id\",\"label\":\"Name der Firma\",\"key\":\"name_der_firma_1669024060224\",\"type\":\"firstname\",\"created_at\":\"2017-05-23 10:39:06\",\"label_pos\":\"above\",\"required\":1,\"default\":\"\",\"placeholder\":\"\",\"container_class\":\"\",\"element_class\":\"form-control\",\"admin_label\":\"\",\"help_text\":\"\",\"desc_text\":\"\",\"custom_name_attribute\":\"fname\",\"personally_identifiable\":1,\"value\":\"\",\"drawerDisabled\":false,\"id\":196,\"beforeField\":\"\",\"afterField\":\"\",\"parentType\":\"firstname\",\"element_templates\":[\"firstname\",\"input\"],\"old_classname\":\"\",\"wrap_template\":\"wrap\"},{\"objectType\":\"Field\",\"objectDomain\":\"fields\",\"editActive\":false,\"order\":2,\"idAttribute\":\"id\",\"label\":\"Ihr Name\",\"type\":\"textbox\",\"key\":\"ihr_name_1669024072217\",\"label_pos\":\"above\",\"required\":1,\"default\":\"\",\"placeholder\":\"\",\"container_class\":\"\",\"element_class\":\"\",\"input_limit\":\"\",\"input_limit_type\":\"characters\",\"input_limit_msg\":\"Character(s) left\",\"manual_key\":false,\"admin_label\":\"\",\"help_text\":\"\",\"mask\":\"\",\"custom_mask\":\"\",\"custom_name_attribute\":\"\",\"personally_identifiable\":\"\",\"value\":\"\",\"drawerDisabled\":false,\"id\":344,\"beforeField\":\"\",\"afterField\":\"\",\"parentType\":\"textbox\",\"element_templates\":[\"textbox\",\"input\"],\"old_classname\":\"\",\"wrap_template\":\"wrap\"},{\"objectType\":\"Field\",\"objectDomain\":\"fields\",\"editActive\":false,\"order\":3,\"idAttribute\":\"id\",\"label\":\"Telefon\",\"key\":\"telefon\",\"type\":\"textbox\",\"created_at\":\"2017-05-23 10:39:06\",\"label_pos\":\"above\",\"required\":1,\"placeholder\":\"\",\"default\":\"\",\"container_class\":\"\",\"element_class\":\"form-control\",\"input_limit\":\"\",\"input_limit_type\":\"characters\",\"input_limit_msg\":\"Character(s) left\",\"manual_key\":\"\",\"disable_input\":\"\",\"admin_label\":\"\",\"help_text\":\"\",\"desc_text\":\"\",\"disable_browser_autocomplete\":\"\",\"mask\":\"\",\"custom_mask\":\"\",\"custom_name_attribute\":\"\",\"personally_identifiable\":\"\",\"value\":\"\",\"id\":197,\"beforeField\":\"\",\"afterField\":\"\",\"parentType\":\"textbox\",\"element_templates\":[\"textbox\",\"input\"],\"old_classname\":\"\",\"wrap_template\":\"wrap\"},{\"objectType\":\"Field\",\"objectDomain\":\"fields\",\"editActive\":false,\"order\":4,\"idAttribute\":\"id\",\"label\":\"E-Mail\",\"key\":\"e-mail\",\"type\":\"email\",\"created_at\":\"2017-05-23 10:39:06\",\"label_pos\":\"above\",\"required\":1,\"default\":\"\",\"placeholder\":\"\",\"container_class\":\"\",\"element_class\":\"form-control\",\"admin_label\":\"\",\"help_text\":\"\",\"desc_text\":\"\",\"custom_name_attribute\":\"email\",\"personally_identifiable\":1,\"value\":\"\",\"id\":198,\"beforeField\":\"\",\"afterField\":\"\",\"parentType\":\"email\",\"element_templates\":[\"email\",\"input\"],\"old_classname\":\"\",\"wrap_template\":\"wrap\"},{\"objectType\":\"Field\",\"objectDomain\":\"fields\",\"editActive\":false,\"order\":5,\"idAttribute\":\"id\",\"label\":\"Ihre Nachricht\",\"key\":\"ihre_nachricht\",\"type\":\"textarea\",\"created_at\":\"2017-05-23 10:39:06\",\"label_pos\":\"above\",\"required\":\"\",\"placeholder\":\"\",\"default\":\"Hallo,\\n\\nIch interessiere mich f\\u00fcr die Ersatzteile von Kobit s.r.o.\\nBestellnummer und Menge:\\n\\nBitte nehmen Sie Kontakt mit mir auf. Vielen Dank!\\n\\n\",\"container_class\":\"\",\"element_class\":\"form-control\",\"input_limit\":\"\",\"input_limit_type\":\"characters\",\"input_limit_msg\":\"Character(s) left\",\"manual_key\":\"\",\"disable_input\":\"\",\"admin_label\":\"\",\"help_text\":\"\",\"desc_text\":\"<p><br><\\\/p>\",\"disable_browser_autocomplete\":\"\",\"textarea_rte\":\"\",\"disable_rte_mobile\":\"\",\"textarea_media\":\"\",\"value\":\"Hallo,\\n\\nIch interessiere mich f\\u00fcr die Ersatzteile von Kobit s.r.o.\\nBestellnummer und Menge:\\n\\nBitte nehmen Sie Kontakt mit mir auf. Vielen Dank!\\n\\n\",\"drawerDisabled\":false,\"id\":199,\"beforeField\":\"\",\"afterField\":\"\",\"parentType\":\"textarea\",\"element_templates\":[\"textarea\",\"input\"],\"old_classname\":\"\",\"wrap_template\":\"wrap\"},{\"objectType\":\"Field\",\"objectDomain\":\"fields\",\"editActive\":false,\"order\":6,\"idAttribute\":\"id\",\"label\":\"Hidden\",\"key\":\"hidden_1\",\"type\":\"hidden\",\"created_at\":\"2016-12-12 10:53:34\",\"default\":\"{post:title} - {post:url}\",\"admin_label\":\"\",\"saved\":\"\",\"nicename\":\"Hidden\",\"drawerDisabled\":false,\"id\":200,\"beforeField\":\"\",\"afterField\":\"\",\"value\":\"Kommunalmaschinen - https:\\\/\\\/www.meiren.ee\\\/de\\\/kommunalmaschinen\\\/\",\"label_pos\":\"above\",\"parentType\":\"hidden\",\"element_templates\":[\"hidden\",\"input\"],\"old_classname\":\"\",\"wrap_template\":\"wrap-no-label\"},{\"objectType\":\"Field\",\"objectDomain\":\"fields\",\"editActive\":false,\"order\":7,\"idAttribute\":\"id\",\"label\":\"Absenden\",\"key\":\"absenden\",\"type\":\"submit\",\"created_at\":\"2017-05-23 10:39:06\",\"processing_label\":\"Verarbeitend...\",\"container_class\":\"pull-text-center\",\"element_class\":\"\",\"id\":201,\"beforeField\":\"\",\"afterField\":\"\",\"value\":\"\",\"label_pos\":\"above\",\"parentType\":\"textbox\",\"element_templates\":[\"submit\",\"button\",\"input\"],\"old_classname\":\"\",\"wrap_template\":\"wrap-no-label\"}];nfForms.push(form);<\/script>\n        <\/h2>\n<h2><a title=\"Anbau-Kehrwalze HT\" href=\"https:\/\/meiren.ee\/de\/schneepflug\/anbau-kehrwalze-ht\/\" target=\"_blank\" rel=\"noopener\">N-Serie <strong>Anbaukehrbesen<\/strong> HT mit seitliche Verschiebungen<\/a><\/h2>\n<div id=\"attachment_584\" style=\"width: 310px\" class=\"wp-caption alignnone\"><img decoding=\"async\" aria-describedby=\"caption-attachment-584\" class=\"wp-image-584 size-medium\" src=\"https:\/\/meiren.ee\/wp-content\/uploads\/2014\/04\/DSC04939390x269px-300x206.jpg\" alt=\"N-Serie Anbau-Kehrwalze HT mit seitliche Verschiebungen\" width=\"300\" height=\"206\" srcset=\"https:\/\/www.meiren.ee\/wp-content\/uploads\/2014\/04\/DSC04939390x269px-300x206.jpg 300w, https:\/\/www.meiren.ee\/wp-content\/uploads\/2014\/04\/DSC04939390x269px.jpg 390w\" sizes=\"(max-width: 300px) 100vw, 300px\" \/><p id=\"caption-attachment-584\" class=\"wp-caption-text\">Anbaukehrbesen HTN mit seitliche Verschiebungen<\/p><\/div>\n<p align=\"justify\">Die neue N-Serie Anbaukehrbesen HT mit seitliche Verschiebungen eignet sich f\u00fcr Reinigungsarbeiten auf breiten Landesstra\u00dfen und auf Stadtstra\u00dfen sowohl im Sommer als im Winter. Die Anbaukehrbesen kann an verschiedenen Fahrzeugen wie LKW-s, Traktoren und Unimogs angebaut werden.<br \/>\nVideo \u00fcber <a href=\"https:\/\/www.youtube.com\/watch?list=PLj8Gj2DzWVHx0Ba7Fe4ElHTZ_wXFC4tVu&amp;v=QaQYmrBD5gc\" target=\"_blank\" rel=\"noopener\"><strong>seitliche Verschiebungen<\/strong><\/a>.<\/p>\n","protected":false},"excerpt":{"rendered":"<p>Es gibt noch zus\u00e4tzlich in Meiren Kommunalmaschinen: Kobit s.r.o. Kommunaltechnik Wir verkaufen KOBIT s.r.o. Kommunaltechnik-Produkte und Ersatzteilen. Um alle Produkte zu sehen, klicken Sie bitte auf Kobiti s.r.o. Startseite N-Serie Anbaukehrbesen HT mit seitliche Verschiebungen Die neue N-Serie Anbaukehrbesen HT mit seitliche Verschiebungen eignet sich f\u00fcr Reinigungsarbeiten auf breiten Landesstra\u00dfen und auf Stadtstra\u00dfen sowohl im [&hellip;]<\/p>\n","protected":false},"author":2,"featured_media":0,"parent":0,"menu_order":0,"comment_status":"closed","ping_status":"open","template":"page-special_page.php","meta":{"footnotes":""},"class_list":["post-9152","page","type-page","status-publish","hentry"],"yoast_head":"<!-- This site is optimized with the Yoast SEO plugin v25.6 - https:\/\/yoast.com\/wordpress\/plugins\/seo\/ -->\n<title>Kommunalmaschinen | Meiren lumesahad<\/title>\n<meta name=\"description\" content=\"In Meiren Kommunalmaschinen gibt es: Anbau-Kehrwalze HT und Kobit s.r.o. Kommunaltechnik-Produkte.\" \/>\n<meta name=\"robots\" content=\"index, follow, max-snippet:-1, max-image-preview:large, max-video-preview:-1\" \/>\n<link rel=\"canonical\" href=\"https:\/\/www.meiren.ee\/kommunaaltehnika\/\" \/>\n<meta property=\"og:locale\" content=\"de_DE\" \/>\n<meta property=\"og:type\" content=\"article\" \/>\n<meta property=\"og:title\" content=\"Kommunalmaschinen | Meiren lumesahad\" \/>\n<meta property=\"og:description\" content=\"In Meiren Kommunalmaschinen gibt es: Anbau-Kehrwalze HT und Kobit s.r.o. Kommunaltechnik-Produkte.\" \/>\n<meta property=\"og:url\" content=\"https:\/\/www.meiren.ee\/kommunaaltehnika\/\" \/>\n<meta property=\"og:site_name\" content=\"Meiren lumesahad\" \/>\n<meta property=\"article:publisher\" content=\"https:\/\/www.facebook.com\/Meiren.ee?ref=nf\" \/>\n<meta property=\"article:modified_time\" content=\"2022-11-07T08:49:31+00:00\" \/>\n<meta property=\"og:image\" content=\"https:\/\/meiren.ee\/wp-content\/uploads\/2015\/10\/Kobit-s.r.o-390x270.jpg\" \/>\n<meta name=\"twitter:card\" content=\"summary_large_image\" \/>\n<meta name=\"twitter:label1\" content=\"Gesch\u00e4tzte Lesezeit\" \/>\n\t<meta name=\"twitter:data1\" content=\"1\u00a0Minute\" \/>\n<script type=\"application\/ld+json\" class=\"yoast-schema-graph\">{\"@context\":\"https:\/\/schema.org\",\"@graph\":[{\"@type\":\"WebPage\",\"@id\":\"https:\/\/www.meiren.ee\/kommunaaltehnika\/\",\"url\":\"https:\/\/www.meiren.ee\/kommunaaltehnika\/\",\"name\":\"Kommunalmaschinen | Meiren lumesahad\",\"isPartOf\":{\"@id\":\"https:\/\/www.meiren.ee\/en\/#website\"},\"primaryImageOfPage\":{\"@id\":\"https:\/\/www.meiren.ee\/kommunaaltehnika\/#primaryimage\"},\"image\":{\"@id\":\"https:\/\/www.meiren.ee\/kommunaaltehnika\/#primaryimage\"},\"thumbnailUrl\":\"https:\/\/meiren.ee\/wp-content\/uploads\/2015\/10\/Kobit-s.r.o-390x270.jpg\",\"datePublished\":\"2015-01-30T14:23:47+00:00\",\"dateModified\":\"2022-11-07T08:49:31+00:00\",\"description\":\"In Meiren Kommunalmaschinen gibt es: Anbau-Kehrwalze HT und Kobit s.r.o. Kommunaltechnik-Produkte.\",\"breadcrumb\":{\"@id\":\"https:\/\/www.meiren.ee\/kommunaaltehnika\/#breadcrumb\"},\"inLanguage\":\"de\",\"potentialAction\":[{\"@type\":\"ReadAction\",\"target\":[\"https:\/\/www.meiren.ee\/kommunaaltehnika\/\"]}]},{\"@type\":\"ImageObject\",\"inLanguage\":\"de\",\"@id\":\"https:\/\/www.meiren.ee\/kommunaaltehnika\/#primaryimage\",\"url\":\"https:\/\/meiren.ee\/wp-content\/uploads\/2015\/10\/Kobit-s.r.o-390x270.jpg\",\"contentUrl\":\"https:\/\/meiren.ee\/wp-content\/uploads\/2015\/10\/Kobit-s.r.o-390x270.jpg\"},{\"@type\":\"BreadcrumbList\",\"@id\":\"https:\/\/www.meiren.ee\/kommunaaltehnika\/#breadcrumb\",\"itemListElement\":[{\"@type\":\"ListItem\",\"position\":1,\"name\":\"Home\",\"item\":\"https:\/\/www.meiren.ee\/en\/\"},{\"@type\":\"ListItem\",\"position\":2,\"name\":\"Kommunalmaschinen\"}]},{\"@type\":\"WebSite\",\"@id\":\"https:\/\/www.meiren.ee\/en\/#website\",\"url\":\"https:\/\/www.meiren.ee\/en\/\",\"name\":\"Meiren lumesahad\",\"description\":\"Lumesahk ja lumet\u00f5rje tehnika, maantee lumesahk, lumesahk traktorile, lumesahk maasturile, harjad, lumekopp, varuosad ja hooldus, lumesaha terad, Kobit s.r.o. soolapuisturid\",\"potentialAction\":[{\"@type\":\"SearchAction\",\"target\":{\"@type\":\"EntryPoint\",\"urlTemplate\":\"https:\/\/www.meiren.ee\/en\/?s={search_term_string}\"},\"query-input\":{\"@type\":\"PropertyValueSpecification\",\"valueRequired\":true,\"valueName\":\"search_term_string\"}}],\"inLanguage\":\"de\"}]}<\/script>\n<!-- \/ Yoast SEO plugin. -->","yoast_head_json":{"title":"Kommunalmaschinen | Meiren lumesahad","description":"In Meiren Kommunalmaschinen gibt es: Anbau-Kehrwalze HT und Kobit s.r.o. Kommunaltechnik-Produkte.","robots":{"index":"index","follow":"follow","max-snippet":"max-snippet:-1","max-image-preview":"max-image-preview:large","max-video-preview":"max-video-preview:-1"},"canonical":"https:\/\/www.meiren.ee\/kommunaaltehnika\/","og_locale":"de_DE","og_type":"article","og_title":"Kommunalmaschinen | Meiren lumesahad","og_description":"In Meiren Kommunalmaschinen gibt es: Anbau-Kehrwalze HT und Kobit s.r.o. Kommunaltechnik-Produkte.","og_url":"https:\/\/www.meiren.ee\/kommunaaltehnika\/","og_site_name":"Meiren lumesahad","article_publisher":"https:\/\/www.facebook.com\/Meiren.ee?ref=nf","article_modified_time":"2022-11-07T08:49:31+00:00","og_image":[{"url":"https:\/\/meiren.ee\/wp-content\/uploads\/2015\/10\/Kobit-s.r.o-390x270.jpg","type":"","width":"","height":""}],"twitter_card":"summary_large_image","twitter_misc":{"Gesch\u00e4tzte Lesezeit":"1\u00a0Minute"},"schema":{"@context":"https:\/\/schema.org","@graph":[{"@type":"WebPage","@id":"https:\/\/www.meiren.ee\/kommunaaltehnika\/","url":"https:\/\/www.meiren.ee\/kommunaaltehnika\/","name":"Kommunalmaschinen | Meiren lumesahad","isPartOf":{"@id":"https:\/\/www.meiren.ee\/en\/#website"},"primaryImageOfPage":{"@id":"https:\/\/www.meiren.ee\/kommunaaltehnika\/#primaryimage"},"image":{"@id":"https:\/\/www.meiren.ee\/kommunaaltehnika\/#primaryimage"},"thumbnailUrl":"https:\/\/meiren.ee\/wp-content\/uploads\/2015\/10\/Kobit-s.r.o-390x270.jpg","datePublished":"2015-01-30T14:23:47+00:00","dateModified":"2022-11-07T08:49:31+00:00","description":"In Meiren Kommunalmaschinen gibt es: Anbau-Kehrwalze HT und Kobit s.r.o. Kommunaltechnik-Produkte.","breadcrumb":{"@id":"https:\/\/www.meiren.ee\/kommunaaltehnika\/#breadcrumb"},"inLanguage":"de","potentialAction":[{"@type":"ReadAction","target":["https:\/\/www.meiren.ee\/kommunaaltehnika\/"]}]},{"@type":"ImageObject","inLanguage":"de","@id":"https:\/\/www.meiren.ee\/kommunaaltehnika\/#primaryimage","url":"https:\/\/meiren.ee\/wp-content\/uploads\/2015\/10\/Kobit-s.r.o-390x270.jpg","contentUrl":"https:\/\/meiren.ee\/wp-content\/uploads\/2015\/10\/Kobit-s.r.o-390x270.jpg"},{"@type":"BreadcrumbList","@id":"https:\/\/www.meiren.ee\/kommunaaltehnika\/#breadcrumb","itemListElement":[{"@type":"ListItem","position":1,"name":"Home","item":"https:\/\/www.meiren.ee\/en\/"},{"@type":"ListItem","position":2,"name":"Kommunalmaschinen"}]},{"@type":"WebSite","@id":"https:\/\/www.meiren.ee\/en\/#website","url":"https:\/\/www.meiren.ee\/en\/","name":"Meiren lumesahad","description":"Lumesahk ja lumet\u00f5rje tehnika, maantee lumesahk, lumesahk traktorile, lumesahk maasturile, harjad, lumekopp, varuosad ja hooldus, lumesaha terad, Kobit s.r.o. soolapuisturid","potentialAction":[{"@type":"SearchAction","target":{"@type":"EntryPoint","urlTemplate":"https:\/\/www.meiren.ee\/en\/?s={search_term_string}"},"query-input":{"@type":"PropertyValueSpecification","valueRequired":true,"valueName":"search_term_string"}}],"inLanguage":"de"}]}},"_links":{"self":[{"href":"https:\/\/www.meiren.ee\/de\/wp-json\/wp\/v2\/pages\/9152"}],"collection":[{"href":"https:\/\/www.meiren.ee\/de\/wp-json\/wp\/v2\/pages"}],"about":[{"href":"https:\/\/www.meiren.ee\/de\/wp-json\/wp\/v2\/types\/page"}],"author":[{"embeddable":true,"href":"https:\/\/www.meiren.ee\/de\/wp-json\/wp\/v2\/users\/2"}],"replies":[{"embeddable":true,"href":"https:\/\/www.meiren.ee\/de\/wp-json\/wp\/v2\/comments?post=9152"}],"version-history":[{"count":26,"href":"https:\/\/www.meiren.ee\/de\/wp-json\/wp\/v2\/pages\/9152\/revisions"}],"predecessor-version":[{"id":22180,"href":"https:\/\/www.meiren.ee\/de\/wp-json\/wp\/v2\/pages\/9152\/revisions\/22180"}],"wp:attachment":[{"href":"https:\/\/www.meiren.ee\/de\/wp-json\/wp\/v2\/media?parent=9152"}],"curies":[{"name":"wp","href":"https:\/\/api.w.org\/{rel}","templated":true}]}}