{"id":10745,"date":"2017-01-03T12:52:50","date_gmt":"2017-01-03T10:52:50","guid":{"rendered":"https:\/\/meiren.ee\/?page_id=10745"},"modified":"2022-03-21T14:48:07","modified_gmt":"2022-03-21T12:48:07","slug":"exhibition-calendar","status":"publish","type":"page","link":"https:\/\/www.meiren.ee\/en\/exhibition-calendar\/","title":{"rendered":"Exhibition calendar"},"content":{"rendered":"<p><strong>In 2022, you can see Meiren&#8217;s updated product range:<\/strong><\/p>\n<p><strong>05.- 07.05.2022 \u2013 MAXPO 2022<\/strong><br \/>\nExhibition location: Hyvink\u00e4\u00e4n lentokentt\u00e4, Finland<br \/>\nYou can find us at stand: <strong>C131<\/strong><br \/>\nRead more about: <strong><a href=\"https:\/\/maxpo.messukeskus.com\/?lang=en\">Maxpo 2022<\/a><\/strong><\/p>\n<p><img fetchpriority=\"high\" decoding=\"async\" class=\"alignnone wp-image-20880\" src=\"https:\/\/www.meiren.ee\/wp-content\/uploads\/2022\/03\/Maxpo22_OlemmeMukana_1200x628_FB-890x466.jpg\" alt=\"\" width=\"500\" height=\"262\" srcset=\"https:\/\/www.meiren.ee\/wp-content\/uploads\/2022\/03\/Maxpo22_OlemmeMukana_1200x628_FB-890x466.jpg 890w, https:\/\/www.meiren.ee\/wp-content\/uploads\/2022\/03\/Maxpo22_OlemmeMukana_1200x628_FB-300x157.jpg 300w, https:\/\/www.meiren.ee\/wp-content\/uploads\/2022\/03\/Maxpo22_OlemmeMukana_1200x628_FB-768x402.jpg 768w, https:\/\/www.meiren.ee\/wp-content\/uploads\/2022\/03\/Maxpo22_OlemmeMukana_1200x628_FB.jpg 1200w\" sizes=\"(max-width: 500px) 100vw, 500px\" \/><\/p>\n<p><strong>24. \u2013 25.08. 2022 \u2013 Tiep\u00e4iv\u00e4t 2022<\/strong><br \/>\nExhibition location: <span class=\"tlid-translation translation\" lang=\"en\"><span class=\"\" title=\"\">Tampere messikeskus, Finland <\/span><\/span><br \/>\nYou can find us at stand: <strong>200<\/strong><br \/>\nRead more about:<strong><a href=\"https:\/\/tiepaivat.fi\/\"> Tiep\u00e4iv\u00e4t 2022<\/a><\/strong><\/p>\n<p><a href=\"https:\/\/tiepaivat.fi\/\"><img decoding=\"async\" class=\"size-large wp-image-20869 alignleft\" src=\"https:\/\/www.meiren.ee\/wp-content\/uploads\/2022\/03\/Tiepaivat-logo-890x215.png\" alt=\"\" width=\"890\" height=\"215\" srcset=\"https:\/\/www.meiren.ee\/wp-content\/uploads\/2022\/03\/Tiepaivat-logo-890x215.png 890w, https:\/\/www.meiren.ee\/wp-content\/uploads\/2022\/03\/Tiepaivat-logo-300x73.png 300w, https:\/\/www.meiren.ee\/wp-content\/uploads\/2022\/03\/Tiepaivat-logo-768x186.png 768w, https:\/\/www.meiren.ee\/wp-content\/uploads\/2022\/03\/Tiepaivat-logo.png 1446w\" sizes=\"(max-width: 890px) 100vw, 890px\" \/><\/a><\/p>\n<p>&nbsp;<\/p>\n<p>&nbsp;<\/p>\n<p>&nbsp;<\/p>\n<p>&nbsp;<\/p>\n<p>&nbsp;<\/p>\n<p style=\"text-align: left;\">\n","protected":false},"excerpt":{"rendered":"<p>In 2022, you can see Meiren&#8217;s updated product range: 05.- 07.05.2022 \u2013 MAXPO 2022 Exhibition location: Hyvink\u00e4\u00e4n lentokentt\u00e4, Finland You can find us at stand: C131 Read more about: Maxpo 2022 24. \u2013 25.08. 2022 \u2013 Tiep\u00e4iv\u00e4t 2022 Exhibition location: Tampere messikeskus, Finland You can find us at stand: 200 Read more about: Tiep\u00e4iv\u00e4t 2022 [&hellip;]<\/p>\n","protected":false},"author":2,"featured_media":0,"parent":0,"menu_order":0,"comment_status":"closed","ping_status":"closed","template":"page-special_page.php","meta":{"footnotes":""},"class_list":["post-10745","page","type-page","status-publish","hentry"],"yoast_head":"<!-- This site is optimized with the Yoast SEO plugin v25.6 - https:\/\/yoast.com\/wordpress\/plugins\/seo\/ -->\n<title>Exhibition calendar | Meiren lumesahad<\/title>\n<meta name=\"description\" content=\"You can see Meiren&#039;s updated product range at Tartu Maamess, Estonia (25-27.04 stand VP-24), and at MaskinExpo, Sweden (23-25.05 stand 1747)\" \/>\n<meta name=\"robots\" content=\"index, follow, max-snippet:-1, max-image-preview:large, max-video-preview:-1\" \/>\n<link rel=\"canonical\" href=\"https:\/\/www.meiren.ee\/messikalender\/\" \/>\n<meta property=\"og:locale\" content=\"en_US\" \/>\n<meta property=\"og:type\" content=\"article\" \/>\n<meta property=\"og:title\" content=\"Exhibition calendar | Meiren lumesahad\" \/>\n<meta property=\"og:description\" content=\"You can see Meiren&#039;s updated product range at Tartu Maamess, Estonia (25-27.04 stand VP-24), and at MaskinExpo, Sweden (23-25.05 stand 1747)\" \/>\n<meta property=\"og:url\" content=\"https:\/\/www.meiren.ee\/messikalender\/\" \/>\n<meta property=\"og:site_name\" content=\"Meiren lumesahad\" \/>\n<meta property=\"article:publisher\" content=\"https:\/\/www.facebook.com\/Meiren.ee?ref=nf\" \/>\n<meta property=\"article:modified_time\" content=\"2022-03-21T12:48:07+00:00\" \/>\n<meta property=\"og:image\" content=\"https:\/\/www.meiren.ee\/wp-content\/uploads\/2022\/03\/Maxpo22_OlemmeMukana_1200x628_FB-890x466.jpg\" \/>\n<meta name=\"twitter:card\" content=\"summary_large_image\" \/>\n<meta name=\"twitter:label1\" content=\"Est. reading time\" \/>\n\t<meta name=\"twitter:data1\" content=\"1 minute\" \/>\n<script type=\"application\/ld+json\" class=\"yoast-schema-graph\">{\"@context\":\"https:\/\/schema.org\",\"@graph\":[{\"@type\":\"WebPage\",\"@id\":\"https:\/\/www.meiren.ee\/messikalender\/\",\"url\":\"https:\/\/www.meiren.ee\/messikalender\/\",\"name\":\"Exhibition calendar | Meiren lumesahad\",\"isPartOf\":{\"@id\":\"https:\/\/www.meiren.ee\/en\/#website\"},\"primaryImageOfPage\":{\"@id\":\"https:\/\/www.meiren.ee\/messikalender\/#primaryimage\"},\"image\":{\"@id\":\"https:\/\/www.meiren.ee\/messikalender\/#primaryimage\"},\"thumbnailUrl\":\"https:\/\/www.meiren.ee\/wp-content\/uploads\/2022\/03\/Maxpo22_OlemmeMukana_1200x628_FB-890x466.jpg\",\"datePublished\":\"2017-01-03T10:52:50+00:00\",\"dateModified\":\"2022-03-21T12:48:07+00:00\",\"description\":\"You can see Meiren's updated product range at Tartu Maamess, Estonia (25-27.04 stand VP-24), and at MaskinExpo, Sweden (23-25.05 stand 1747)\",\"breadcrumb\":{\"@id\":\"https:\/\/www.meiren.ee\/messikalender\/#breadcrumb\"},\"inLanguage\":\"en-US\",\"potentialAction\":[{\"@type\":\"ReadAction\",\"target\":[\"https:\/\/www.meiren.ee\/messikalender\/\"]}]},{\"@type\":\"ImageObject\",\"inLanguage\":\"en-US\",\"@id\":\"https:\/\/www.meiren.ee\/messikalender\/#primaryimage\",\"url\":\"https:\/\/www.meiren.ee\/wp-content\/uploads\/2022\/03\/Maxpo22_OlemmeMukana_1200x628_FB-890x466.jpg\",\"contentUrl\":\"https:\/\/www.meiren.ee\/wp-content\/uploads\/2022\/03\/Maxpo22_OlemmeMukana_1200x628_FB-890x466.jpg\"},{\"@type\":\"BreadcrumbList\",\"@id\":\"https:\/\/www.meiren.ee\/messikalender\/#breadcrumb\",\"itemListElement\":[{\"@type\":\"ListItem\",\"position\":1,\"name\":\"Home\",\"item\":\"https:\/\/www.meiren.ee\/en\/\"},{\"@type\":\"ListItem\",\"position\":2,\"name\":\"Exhibition calendar\"}]},{\"@type\":\"WebSite\",\"@id\":\"https:\/\/www.meiren.ee\/en\/#website\",\"url\":\"https:\/\/www.meiren.ee\/en\/\",\"name\":\"Meiren lumesahad\",\"description\":\"Lumesahk ja lumet\u00f5rje tehnika, maantee lumesahk, lumesahk traktorile, lumesahk maasturile, harjad, lumekopp, varuosad ja hooldus, lumesaha terad, Kobit s.r.o. soolapuisturid\",\"potentialAction\":[{\"@type\":\"SearchAction\",\"target\":{\"@type\":\"EntryPoint\",\"urlTemplate\":\"https:\/\/www.meiren.ee\/en\/?s={search_term_string}\"},\"query-input\":{\"@type\":\"PropertyValueSpecification\",\"valueRequired\":true,\"valueName\":\"search_term_string\"}}],\"inLanguage\":\"en-US\"}]}<\/script>\n<!-- \/ Yoast SEO plugin. -->","yoast_head_json":{"title":"Exhibition calendar | Meiren lumesahad","description":"You can see Meiren's updated product range at Tartu Maamess, Estonia (25-27.04 stand VP-24), and at MaskinExpo, Sweden (23-25.05 stand 1747)","robots":{"index":"index","follow":"follow","max-snippet":"max-snippet:-1","max-image-preview":"max-image-preview:large","max-video-preview":"max-video-preview:-1"},"canonical":"https:\/\/www.meiren.ee\/messikalender\/","og_locale":"en_US","og_type":"article","og_title":"Exhibition calendar | Meiren lumesahad","og_description":"You can see Meiren's updated product range at Tartu Maamess, Estonia (25-27.04 stand VP-24), and at MaskinExpo, Sweden (23-25.05 stand 1747)","og_url":"https:\/\/www.meiren.ee\/messikalender\/","og_site_name":"Meiren lumesahad","article_publisher":"https:\/\/www.facebook.com\/Meiren.ee?ref=nf","article_modified_time":"2022-03-21T12:48:07+00:00","og_image":[{"url":"https:\/\/www.meiren.ee\/wp-content\/uploads\/2022\/03\/Maxpo22_OlemmeMukana_1200x628_FB-890x466.jpg","type":"","width":"","height":""}],"twitter_card":"summary_large_image","twitter_misc":{"Est. reading time":"1 minute"},"schema":{"@context":"https:\/\/schema.org","@graph":[{"@type":"WebPage","@id":"https:\/\/www.meiren.ee\/messikalender\/","url":"https:\/\/www.meiren.ee\/messikalender\/","name":"Exhibition calendar | Meiren lumesahad","isPartOf":{"@id":"https:\/\/www.meiren.ee\/en\/#website"},"primaryImageOfPage":{"@id":"https:\/\/www.meiren.ee\/messikalender\/#primaryimage"},"image":{"@id":"https:\/\/www.meiren.ee\/messikalender\/#primaryimage"},"thumbnailUrl":"https:\/\/www.meiren.ee\/wp-content\/uploads\/2022\/03\/Maxpo22_OlemmeMukana_1200x628_FB-890x466.jpg","datePublished":"2017-01-03T10:52:50+00:00","dateModified":"2022-03-21T12:48:07+00:00","description":"You can see Meiren's updated product range at Tartu Maamess, Estonia (25-27.04 stand VP-24), and at MaskinExpo, Sweden (23-25.05 stand 1747)","breadcrumb":{"@id":"https:\/\/www.meiren.ee\/messikalender\/#breadcrumb"},"inLanguage":"en-US","potentialAction":[{"@type":"ReadAction","target":["https:\/\/www.meiren.ee\/messikalender\/"]}]},{"@type":"ImageObject","inLanguage":"en-US","@id":"https:\/\/www.meiren.ee\/messikalender\/#primaryimage","url":"https:\/\/www.meiren.ee\/wp-content\/uploads\/2022\/03\/Maxpo22_OlemmeMukana_1200x628_FB-890x466.jpg","contentUrl":"https:\/\/www.meiren.ee\/wp-content\/uploads\/2022\/03\/Maxpo22_OlemmeMukana_1200x628_FB-890x466.jpg"},{"@type":"BreadcrumbList","@id":"https:\/\/www.meiren.ee\/messikalender\/#breadcrumb","itemListElement":[{"@type":"ListItem","position":1,"name":"Home","item":"https:\/\/www.meiren.ee\/en\/"},{"@type":"ListItem","position":2,"name":"Exhibition calendar"}]},{"@type":"WebSite","@id":"https:\/\/www.meiren.ee\/en\/#website","url":"https:\/\/www.meiren.ee\/en\/","name":"Meiren lumesahad","description":"Lumesahk ja lumet\u00f5rje tehnika, maantee lumesahk, lumesahk traktorile, lumesahk maasturile, harjad, lumekopp, varuosad ja hooldus, lumesaha terad, Kobit s.r.o. soolapuisturid","potentialAction":[{"@type":"SearchAction","target":{"@type":"EntryPoint","urlTemplate":"https:\/\/www.meiren.ee\/en\/?s={search_term_string}"},"query-input":{"@type":"PropertyValueSpecification","valueRequired":true,"valueName":"search_term_string"}}],"inLanguage":"en-US"}]}},"_links":{"self":[{"href":"https:\/\/www.meiren.ee\/en\/wp-json\/wp\/v2\/pages\/10745"}],"collection":[{"href":"https:\/\/www.meiren.ee\/en\/wp-json\/wp\/v2\/pages"}],"about":[{"href":"https:\/\/www.meiren.ee\/en\/wp-json\/wp\/v2\/types\/page"}],"author":[{"embeddable":true,"href":"https:\/\/www.meiren.ee\/en\/wp-json\/wp\/v2\/users\/2"}],"replies":[{"embeddable":true,"href":"https:\/\/www.meiren.ee\/en\/wp-json\/wp\/v2\/comments?post=10745"}],"version-history":[{"count":66,"href":"https:\/\/www.meiren.ee\/en\/wp-json\/wp\/v2\/pages\/10745\/revisions"}],"predecessor-version":[{"id":21008,"href":"https:\/\/www.meiren.ee\/en\/wp-json\/wp\/v2\/pages\/10745\/revisions\/21008"}],"wp:attachment":[{"href":"https:\/\/www.meiren.ee\/en\/wp-json\/wp\/v2\/media?parent=10745"}],"curies":[{"name":"wp","href":"https:\/\/api.w.org\/{rel}","templated":true}]}}