{"id":11319,"date":"2017-01-03T14:21:34","date_gmt":"2017-01-03T12:21:34","guid":{"rendered":"https:\/\/meiren.ee\/fi\/?page_id=11319"},"modified":"2022-03-21T14:46:26","modified_gmt":"2022-03-21T12:46:26","slug":"naeyttelykalenteri","status":"publish","type":"page","link":"https:\/\/www.meiren.ee\/fi\/naeyttelykalenteri\/","title":{"rendered":"N\u00e4yttelykalenteri"},"content":{"rendered":"<p><strong>Vuonna 2022 on mahdollista tutustua Meirenin uudistetun tuotevalikoiman:<\/strong><\/p>\n<p><strong>05.- 07.05.2022 \u2013 MAXPO 2022<\/strong><br \/>\nN\u00e4yttelypaikka: Hyvink\u00e4\u00e4n lentokentt\u00e4, Finland<br \/>\nL\u00f6yd\u00e4t Meirenin osastolta: <strong>C131<\/strong><br \/>\nLue lis\u00e4\u00e4: <strong><a href=\"https:\/\/maxpo.messukeskus.com\/\">Maxpo 2022<\/a><\/strong><\/p>\n<p><img fetchpriority=\"high\" decoding=\"async\" class=\"alignnone wp-image-20880\" src=\"https:\/\/www.meiren.ee\/wp-content\/uploads\/2022\/03\/Maxpo22_OlemmeMukana_1200x628_FB-890x466.jpg\" alt=\"\" width=\"500\" height=\"262\" srcset=\"https:\/\/www.meiren.ee\/wp-content\/uploads\/2022\/03\/Maxpo22_OlemmeMukana_1200x628_FB-890x466.jpg 890w, https:\/\/www.meiren.ee\/wp-content\/uploads\/2022\/03\/Maxpo22_OlemmeMukana_1200x628_FB-300x157.jpg 300w, https:\/\/www.meiren.ee\/wp-content\/uploads\/2022\/03\/Maxpo22_OlemmeMukana_1200x628_FB-768x402.jpg 768w, https:\/\/www.meiren.ee\/wp-content\/uploads\/2022\/03\/Maxpo22_OlemmeMukana_1200x628_FB.jpg 1200w\" sizes=\"(max-width: 500px) 100vw, 500px\" \/><\/p>\n<p><strong>24. \u2013 25.08. 2022 \u2013 Tiep\u00e4iv\u00e4t 2022<\/strong><br \/>\nN\u00e4yttelypaikka: Tampereen Messukeskus, Suomi<br \/>\nL\u00f6yd\u00e4t Meirenin osastolta: <strong>200<\/strong><br \/>\nLue lis\u00e4\u00e4:<strong><a href=\"https:\/\/tiepaivat.fi\/\"> Tiep\u00e4iv\u00e4t 2022<\/a><\/strong><\/p>\n<p><a href=\"https:\/\/tiepaivat.fi\/\"><img decoding=\"async\" class=\"size-large wp-image-20869 alignleft\" src=\"https:\/\/www.meiren.ee\/wp-content\/uploads\/2022\/03\/Tiepaivat-logo-890x215.png\" alt=\"\" width=\"890\" height=\"215\" srcset=\"https:\/\/www.meiren.ee\/wp-content\/uploads\/2022\/03\/Tiepaivat-logo-890x215.png 890w, https:\/\/www.meiren.ee\/wp-content\/uploads\/2022\/03\/Tiepaivat-logo-300x73.png 300w, https:\/\/www.meiren.ee\/wp-content\/uploads\/2022\/03\/Tiepaivat-logo-768x186.png 768w, https:\/\/www.meiren.ee\/wp-content\/uploads\/2022\/03\/Tiepaivat-logo.png 1446w\" sizes=\"(max-width: 890px) 100vw, 890px\" \/><\/a><\/p>\n<p>&nbsp;<\/p>\n<p>&nbsp;<\/p>\n<p>&nbsp;<\/p>\n<p>&nbsp;<\/p>\n<p>&nbsp;<\/p>\n<p>&nbsp;<\/p>\n<p>&nbsp;<\/p>\n","protected":false},"excerpt":{"rendered":"<p>Vuonna 2022 on mahdollista tutustua Meirenin uudistetun tuotevalikoiman: 05.- 07.05.2022 \u2013 MAXPO 2022 N\u00e4yttelypaikka: Hyvink\u00e4\u00e4n lentokentt\u00e4, Finland L\u00f6yd\u00e4t Meirenin osastolta: C131 Lue lis\u00e4\u00e4: Maxpo 2022 24. \u2013 25.08. 2022 \u2013 Tiep\u00e4iv\u00e4t 2022 N\u00e4yttelypaikka: Tampereen Messukeskus, Suomi L\u00f6yd\u00e4t Meirenin osastolta: 200 Lue lis\u00e4\u00e4: Tiep\u00e4iv\u00e4t 2022 &nbsp; &nbsp; &nbsp; &nbsp; &nbsp; &nbsp; &nbsp;<\/p>\n","protected":false},"author":2,"featured_media":0,"parent":0,"menu_order":0,"comment_status":"closed","ping_status":"closed","template":"page-special_page.php","meta":{"footnotes":""},"class_list":["post-11319","page","type-page","status-publish","hentry"],"yoast_head":"<!-- This site is optimized with the Yoast SEO plugin v25.6 - https:\/\/yoast.com\/wordpress\/plugins\/seo\/ -->\n<title>N\u00e4yttelykalenteri | Meiren lumesahad<\/title>\n<meta name=\"description\" content=\"T\u00e4n\u00e4 vuonna olemme osallistuneet seuraavat tapahtumat: 25-27.04 Maamess, Tartu, Viro (VP-24), 23-25.05 MaskinExpo, Stoxa, Ruotsi (1747)\" \/>\n<meta name=\"robots\" content=\"index, follow, max-snippet:-1, max-image-preview:large, max-video-preview:-1\" \/>\n<link rel=\"canonical\" href=\"https:\/\/www.meiren.ee\/fi\/naeyttelykalenteri\/\" \/>\n<meta property=\"og:locale\" content=\"fi_FI\" \/>\n<meta property=\"og:type\" content=\"article\" \/>\n<meta property=\"og:title\" content=\"N\u00e4yttelykalenteri | Meiren lumesahad\" \/>\n<meta property=\"og:description\" content=\"T\u00e4n\u00e4 vuonna olemme osallistuneet seuraavat tapahtumat: 25-27.04 Maamess, Tartu, Viro (VP-24), 23-25.05 MaskinExpo, Stoxa, Ruotsi (1747)\" \/>\n<meta property=\"og:url\" content=\"https:\/\/www.meiren.ee\/fi\/naeyttelykalenteri\/\" \/>\n<meta property=\"og:site_name\" content=\"Meiren lumesahad\" \/>\n<meta property=\"article:publisher\" content=\"https:\/\/www.facebook.com\/Meiren.ee?ref=nf\" \/>\n<meta property=\"article:modified_time\" content=\"2022-03-21T12:46:26+00:00\" \/>\n<meta property=\"og:image\" content=\"https:\/\/www.meiren.ee\/wp-content\/uploads\/2022\/03\/Maxpo22_OlemmeMukana_1200x628_FB-890x466.jpg\" \/>\n<meta name=\"twitter:card\" content=\"summary_large_image\" \/>\n<meta name=\"twitter:label1\" content=\"Arvioitu lukuaika\" \/>\n\t<meta name=\"twitter:data1\" content=\"1 minuutti\" \/>\n<script type=\"application\/ld+json\" class=\"yoast-schema-graph\">{\"@context\":\"https:\/\/schema.org\",\"@graph\":[{\"@type\":\"WebPage\",\"@id\":\"https:\/\/www.meiren.ee\/fi\/naeyttelykalenteri\/\",\"url\":\"https:\/\/www.meiren.ee\/fi\/naeyttelykalenteri\/\",\"name\":\"N\u00e4yttelykalenteri | Meiren lumesahad\",\"isPartOf\":{\"@id\":\"https:\/\/www.meiren.ee\/en\/#website\"},\"primaryImageOfPage\":{\"@id\":\"https:\/\/www.meiren.ee\/fi\/naeyttelykalenteri\/#primaryimage\"},\"image\":{\"@id\":\"https:\/\/www.meiren.ee\/fi\/naeyttelykalenteri\/#primaryimage\"},\"thumbnailUrl\":\"https:\/\/www.meiren.ee\/wp-content\/uploads\/2022\/03\/Maxpo22_OlemmeMukana_1200x628_FB-890x466.jpg\",\"datePublished\":\"2017-01-03T12:21:34+00:00\",\"dateModified\":\"2022-03-21T12:46:26+00:00\",\"description\":\"T\u00e4n\u00e4 vuonna olemme osallistuneet seuraavat tapahtumat: 25-27.04 Maamess, Tartu, Viro (VP-24), 23-25.05 MaskinExpo, Stoxa, Ruotsi (1747)\",\"breadcrumb\":{\"@id\":\"https:\/\/www.meiren.ee\/fi\/naeyttelykalenteri\/#breadcrumb\"},\"inLanguage\":\"fi\",\"potentialAction\":[{\"@type\":\"ReadAction\",\"target\":[\"https:\/\/www.meiren.ee\/fi\/naeyttelykalenteri\/\"]}]},{\"@type\":\"ImageObject\",\"inLanguage\":\"fi\",\"@id\":\"https:\/\/www.meiren.ee\/fi\/naeyttelykalenteri\/#primaryimage\",\"url\":\"https:\/\/www.meiren.ee\/wp-content\/uploads\/2022\/03\/Maxpo22_OlemmeMukana_1200x628_FB-890x466.jpg\",\"contentUrl\":\"https:\/\/www.meiren.ee\/wp-content\/uploads\/2022\/03\/Maxpo22_OlemmeMukana_1200x628_FB-890x466.jpg\"},{\"@type\":\"BreadcrumbList\",\"@id\":\"https:\/\/www.meiren.ee\/fi\/naeyttelykalenteri\/#breadcrumb\",\"itemListElement\":[{\"@type\":\"ListItem\",\"position\":1,\"name\":\"Home\",\"item\":\"https:\/\/www.meiren.ee\/en\/\"},{\"@type\":\"ListItem\",\"position\":2,\"name\":\"N\u00e4yttelykalenteri\"}]},{\"@type\":\"WebSite\",\"@id\":\"https:\/\/www.meiren.ee\/en\/#website\",\"url\":\"https:\/\/www.meiren.ee\/en\/\",\"name\":\"Meiren lumesahad\",\"description\":\"Lumesahk ja lumet\u00f5rje tehnika, maantee lumesahk, lumesahk traktorile, lumesahk maasturile, harjad, lumekopp, varuosad ja hooldus, lumesaha terad, Kobit s.r.o. soolapuisturid\",\"potentialAction\":[{\"@type\":\"SearchAction\",\"target\":{\"@type\":\"EntryPoint\",\"urlTemplate\":\"https:\/\/www.meiren.ee\/en\/?s={search_term_string}\"},\"query-input\":{\"@type\":\"PropertyValueSpecification\",\"valueRequired\":true,\"valueName\":\"search_term_string\"}}],\"inLanguage\":\"fi\"}]}<\/script>\n<!-- \/ Yoast SEO plugin. -->","yoast_head_json":{"title":"N\u00e4yttelykalenteri | Meiren lumesahad","description":"T\u00e4n\u00e4 vuonna olemme osallistuneet seuraavat tapahtumat: 25-27.04 Maamess, Tartu, Viro (VP-24), 23-25.05 MaskinExpo, Stoxa, Ruotsi (1747)","robots":{"index":"index","follow":"follow","max-snippet":"max-snippet:-1","max-image-preview":"max-image-preview:large","max-video-preview":"max-video-preview:-1"},"canonical":"https:\/\/www.meiren.ee\/fi\/naeyttelykalenteri\/","og_locale":"fi_FI","og_type":"article","og_title":"N\u00e4yttelykalenteri | Meiren lumesahad","og_description":"T\u00e4n\u00e4 vuonna olemme osallistuneet seuraavat tapahtumat: 25-27.04 Maamess, Tartu, Viro (VP-24), 23-25.05 MaskinExpo, Stoxa, Ruotsi (1747)","og_url":"https:\/\/www.meiren.ee\/fi\/naeyttelykalenteri\/","og_site_name":"Meiren lumesahad","article_publisher":"https:\/\/www.facebook.com\/Meiren.ee?ref=nf","article_modified_time":"2022-03-21T12:46:26+00:00","og_image":[{"url":"https:\/\/www.meiren.ee\/wp-content\/uploads\/2022\/03\/Maxpo22_OlemmeMukana_1200x628_FB-890x466.jpg","type":"","width":"","height":""}],"twitter_card":"summary_large_image","twitter_misc":{"Arvioitu lukuaika":"1 minuutti"},"schema":{"@context":"https:\/\/schema.org","@graph":[{"@type":"WebPage","@id":"https:\/\/www.meiren.ee\/fi\/naeyttelykalenteri\/","url":"https:\/\/www.meiren.ee\/fi\/naeyttelykalenteri\/","name":"N\u00e4yttelykalenteri | Meiren lumesahad","isPartOf":{"@id":"https:\/\/www.meiren.ee\/en\/#website"},"primaryImageOfPage":{"@id":"https:\/\/www.meiren.ee\/fi\/naeyttelykalenteri\/#primaryimage"},"image":{"@id":"https:\/\/www.meiren.ee\/fi\/naeyttelykalenteri\/#primaryimage"},"thumbnailUrl":"https:\/\/www.meiren.ee\/wp-content\/uploads\/2022\/03\/Maxpo22_OlemmeMukana_1200x628_FB-890x466.jpg","datePublished":"2017-01-03T12:21:34+00:00","dateModified":"2022-03-21T12:46:26+00:00","description":"T\u00e4n\u00e4 vuonna olemme osallistuneet seuraavat tapahtumat: 25-27.04 Maamess, Tartu, Viro (VP-24), 23-25.05 MaskinExpo, Stoxa, Ruotsi (1747)","breadcrumb":{"@id":"https:\/\/www.meiren.ee\/fi\/naeyttelykalenteri\/#breadcrumb"},"inLanguage":"fi","potentialAction":[{"@type":"ReadAction","target":["https:\/\/www.meiren.ee\/fi\/naeyttelykalenteri\/"]}]},{"@type":"ImageObject","inLanguage":"fi","@id":"https:\/\/www.meiren.ee\/fi\/naeyttelykalenteri\/#primaryimage","url":"https:\/\/www.meiren.ee\/wp-content\/uploads\/2022\/03\/Maxpo22_OlemmeMukana_1200x628_FB-890x466.jpg","contentUrl":"https:\/\/www.meiren.ee\/wp-content\/uploads\/2022\/03\/Maxpo22_OlemmeMukana_1200x628_FB-890x466.jpg"},{"@type":"BreadcrumbList","@id":"https:\/\/www.meiren.ee\/fi\/naeyttelykalenteri\/#breadcrumb","itemListElement":[{"@type":"ListItem","position":1,"name":"Home","item":"https:\/\/www.meiren.ee\/en\/"},{"@type":"ListItem","position":2,"name":"N\u00e4yttelykalenteri"}]},{"@type":"WebSite","@id":"https:\/\/www.meiren.ee\/en\/#website","url":"https:\/\/www.meiren.ee\/en\/","name":"Meiren lumesahad","description":"Lumesahk ja lumet\u00f5rje tehnika, maantee lumesahk, lumesahk traktorile, lumesahk maasturile, harjad, lumekopp, varuosad ja hooldus, lumesaha terad, Kobit s.r.o. soolapuisturid","potentialAction":[{"@type":"SearchAction","target":{"@type":"EntryPoint","urlTemplate":"https:\/\/www.meiren.ee\/en\/?s={search_term_string}"},"query-input":{"@type":"PropertyValueSpecification","valueRequired":true,"valueName":"search_term_string"}}],"inLanguage":"fi"}]}},"_links":{"self":[{"href":"https:\/\/www.meiren.ee\/fi\/wp-json\/wp\/v2\/pages\/11319"}],"collection":[{"href":"https:\/\/www.meiren.ee\/fi\/wp-json\/wp\/v2\/pages"}],"about":[{"href":"https:\/\/www.meiren.ee\/fi\/wp-json\/wp\/v2\/types\/page"}],"author":[{"embeddable":true,"href":"https:\/\/www.meiren.ee\/fi\/wp-json\/wp\/v2\/users\/2"}],"replies":[{"embeddable":true,"href":"https:\/\/www.meiren.ee\/fi\/wp-json\/wp\/v2\/comments?post=11319"}],"version-history":[{"count":24,"href":"https:\/\/www.meiren.ee\/fi\/wp-json\/wp\/v2\/pages\/11319\/revisions"}],"predecessor-version":[{"id":21007,"href":"https:\/\/www.meiren.ee\/fi\/wp-json\/wp\/v2\/pages\/11319\/revisions\/21007"}],"wp:attachment":[{"href":"https:\/\/www.meiren.ee\/fi\/wp-json\/wp\/v2\/media?parent=11319"}],"curies":[{"name":"wp","href":"https:\/\/api.w.org\/{rel}","templated":true}]}}