{"id":13249,"date":"2019-01-22T11:43:40","date_gmt":"2019-01-22T09:43:40","guid":{"rendered":"https:\/\/meiren.ee\/fi\/?page_id=13249"},"modified":"2022-10-31T14:49:50","modified_gmt":"2022-10-31T12:49:50","slug":"kaksiosaiset-sivuterat","status":"publish","type":"page","link":"https:\/\/www.meiren.ee\/fi\/kaksiosaiset-sivuterat\/","title":{"rendered":"Kaksiosaiset sivuter\u00e4t"},"content":{"rendered":"<div id=\"attachment_12019\" style=\"width: 400px\" class=\"wp-caption alignnone\"><img fetchpriority=\"high\" decoding=\"async\" aria-describedby=\"caption-attachment-12019\" class=\"size-thumbnail wp-image-12019\" src=\"https:\/\/meiren.ee\/wp-content\/uploads\/2017\/03\/Flexible-corner-blade-390x270.jpg\" alt=\"Vaihdettavat kaksiosaiset sivuter\u00e4t MSP04 ja MSPN\" width=\"390\" height=\"270\" \/><p id=\"caption-attachment-12019\" class=\"wp-caption-text\">Vaihdettavat kaksiosaiset sivuter\u00e4t<\/p><\/div>\n<p style=\"text-align: justify;\">Vaihdettavien sivuterien sijasta on mahdollista lis\u00e4varusteena tilata vaihdettavien <strong>kaksiosaiset sivuter\u00e4t<\/strong>, joista ylimm\u00e4inen ter\u00e4 asennetaan auran siipeen ja alimmainen reunamaisiin polyuretaanista valmistettuihin ter\u00e4nkannattimiin. Kun p\u00e4\u00e4ter\u00e4 kohtaa esteen, ter\u00e4nkannattimiin kiinnitetty alimmainen sivuter\u00e4t liikkuu yhdess\u00e4 p\u00e4\u00e4ter\u00e4n kanssa taaksep\u00e4in ja helpottaa esteen ylityst\u00e4.<\/p>\n","protected":false},"excerpt":{"rendered":"<p>Vaihdettavien sivuterien sijasta on mahdollista lis\u00e4varusteena tilata vaihdettavien kaksiosaiset sivuter\u00e4t, joista ylimm\u00e4inen ter\u00e4 asennetaan auran siipeen ja alimmainen reunamaisiin polyuretaanista valmistettuihin ter\u00e4nkannattimiin. Kun p\u00e4\u00e4ter\u00e4 kohtaa esteen, ter\u00e4nkannattimiin kiinnitetty alimmainen sivuter\u00e4t liikkuu yhdess\u00e4 p\u00e4\u00e4ter\u00e4n kanssa taaksep\u00e4in ja helpottaa esteen ylityst\u00e4.<\/p>\n","protected":false},"author":2,"featured_media":0,"parent":0,"menu_order":0,"comment_status":"closed","ping_status":"closed","template":"page-special_page.php","meta":{"footnotes":""},"class_list":["post-13249","page","type-page","status-publish","hentry"],"yoast_head":"<!-- This site is optimized with the Yoast SEO plugin v25.6 - https:\/\/yoast.com\/wordpress\/plugins\/seo\/ -->\n<title>Kaksiosaiset sivuter\u00e4t | Meiren lumesahad<\/title>\n<meta name=\"description\" content=\"Ylimm\u00e4inen kaksiosaiset sivuter\u00e4t, asennetaan auran siipeen ja alimmainen reunamaisiin polyuretaanista valmistettuihin ter\u00e4nkannattimiin.\" \/>\n<meta name=\"robots\" content=\"index, follow, max-snippet:-1, max-image-preview:large, max-video-preview:-1\" \/>\n<link rel=\"canonical\" href=\"https:\/\/www.meiren.ee\/fi\/kaksiosaiset-sivuterat\/\" \/>\n<meta property=\"og:locale\" content=\"fi_FI\" \/>\n<meta property=\"og:type\" content=\"article\" \/>\n<meta property=\"og:title\" content=\"Kaksiosaiset sivuter\u00e4t | Meiren lumesahad\" \/>\n<meta property=\"og:description\" content=\"Ylimm\u00e4inen kaksiosaiset sivuter\u00e4t, asennetaan auran siipeen ja alimmainen reunamaisiin polyuretaanista valmistettuihin ter\u00e4nkannattimiin.\" \/>\n<meta property=\"og:url\" content=\"https:\/\/www.meiren.ee\/fi\/kaksiosaiset-sivuterat\/\" \/>\n<meta property=\"og:site_name\" content=\"Meiren lumesahad\" \/>\n<meta property=\"article:publisher\" content=\"https:\/\/www.facebook.com\/Meiren.ee?ref=nf\" \/>\n<meta property=\"article:modified_time\" content=\"2022-10-31T12:49:50+00:00\" \/>\n<meta property=\"og:image\" content=\"https:\/\/meiren.ee\/wp-content\/uploads\/2017\/03\/Flexible-corner-blade-390x270.jpg\" \/>\n<meta name=\"twitter:card\" content=\"summary_large_image\" \/>\n<script type=\"application\/ld+json\" class=\"yoast-schema-graph\">{\"@context\":\"https:\/\/schema.org\",\"@graph\":[{\"@type\":\"WebPage\",\"@id\":\"https:\/\/www.meiren.ee\/fi\/kaksiosaiset-sivuterat\/\",\"url\":\"https:\/\/www.meiren.ee\/fi\/kaksiosaiset-sivuterat\/\",\"name\":\"Kaksiosaiset sivuter\u00e4t | Meiren lumesahad\",\"isPartOf\":{\"@id\":\"https:\/\/www.meiren.ee\/en\/#website\"},\"primaryImageOfPage\":{\"@id\":\"https:\/\/www.meiren.ee\/fi\/kaksiosaiset-sivuterat\/#primaryimage\"},\"image\":{\"@id\":\"https:\/\/www.meiren.ee\/fi\/kaksiosaiset-sivuterat\/#primaryimage\"},\"thumbnailUrl\":\"https:\/\/meiren.ee\/wp-content\/uploads\/2017\/03\/Flexible-corner-blade-390x270.jpg\",\"datePublished\":\"2019-01-22T09:43:40+00:00\",\"dateModified\":\"2022-10-31T12:49:50+00:00\",\"description\":\"Ylimm\u00e4inen kaksiosaiset sivuter\u00e4t, asennetaan auran siipeen ja alimmainen reunamaisiin polyuretaanista valmistettuihin ter\u00e4nkannattimiin.\",\"breadcrumb\":{\"@id\":\"https:\/\/www.meiren.ee\/fi\/kaksiosaiset-sivuterat\/#breadcrumb\"},\"inLanguage\":\"fi\",\"potentialAction\":[{\"@type\":\"ReadAction\",\"target\":[\"https:\/\/www.meiren.ee\/fi\/kaksiosaiset-sivuterat\/\"]}]},{\"@type\":\"ImageObject\",\"inLanguage\":\"fi\",\"@id\":\"https:\/\/www.meiren.ee\/fi\/kaksiosaiset-sivuterat\/#primaryimage\",\"url\":\"https:\/\/meiren.ee\/wp-content\/uploads\/2017\/03\/Flexible-corner-blade-390x270.jpg\",\"contentUrl\":\"https:\/\/meiren.ee\/wp-content\/uploads\/2017\/03\/Flexible-corner-blade-390x270.jpg\"},{\"@type\":\"BreadcrumbList\",\"@id\":\"https:\/\/www.meiren.ee\/fi\/kaksiosaiset-sivuterat\/#breadcrumb\",\"itemListElement\":[{\"@type\":\"ListItem\",\"position\":1,\"name\":\"Home\",\"item\":\"https:\/\/www.meiren.ee\/en\/\"},{\"@type\":\"ListItem\",\"position\":2,\"name\":\"Kaksiosaiset sivuter\u00e4t\"}]},{\"@type\":\"WebSite\",\"@id\":\"https:\/\/www.meiren.ee\/en\/#website\",\"url\":\"https:\/\/www.meiren.ee\/en\/\",\"name\":\"Meiren lumesahad\",\"description\":\"Lumesahk ja lumet\u00f5rje tehnika, maantee lumesahk, lumesahk traktorile, lumesahk maasturile, harjad, lumekopp, varuosad ja hooldus, lumesaha terad, Kobit s.r.o. soolapuisturid\",\"potentialAction\":[{\"@type\":\"SearchAction\",\"target\":{\"@type\":\"EntryPoint\",\"urlTemplate\":\"https:\/\/www.meiren.ee\/en\/?s={search_term_string}\"},\"query-input\":{\"@type\":\"PropertyValueSpecification\",\"valueRequired\":true,\"valueName\":\"search_term_string\"}}],\"inLanguage\":\"fi\"}]}<\/script>\n<!-- \/ Yoast SEO plugin. -->","yoast_head_json":{"title":"Kaksiosaiset sivuter\u00e4t | Meiren lumesahad","description":"Ylimm\u00e4inen kaksiosaiset sivuter\u00e4t, asennetaan auran siipeen ja alimmainen reunamaisiin polyuretaanista valmistettuihin ter\u00e4nkannattimiin.","robots":{"index":"index","follow":"follow","max-snippet":"max-snippet:-1","max-image-preview":"max-image-preview:large","max-video-preview":"max-video-preview:-1"},"canonical":"https:\/\/www.meiren.ee\/fi\/kaksiosaiset-sivuterat\/","og_locale":"fi_FI","og_type":"article","og_title":"Kaksiosaiset sivuter\u00e4t | Meiren lumesahad","og_description":"Ylimm\u00e4inen kaksiosaiset sivuter\u00e4t, asennetaan auran siipeen ja alimmainen reunamaisiin polyuretaanista valmistettuihin ter\u00e4nkannattimiin.","og_url":"https:\/\/www.meiren.ee\/fi\/kaksiosaiset-sivuterat\/","og_site_name":"Meiren lumesahad","article_publisher":"https:\/\/www.facebook.com\/Meiren.ee?ref=nf","article_modified_time":"2022-10-31T12:49:50+00:00","og_image":[{"url":"https:\/\/meiren.ee\/wp-content\/uploads\/2017\/03\/Flexible-corner-blade-390x270.jpg","type":"","width":"","height":""}],"twitter_card":"summary_large_image","schema":{"@context":"https:\/\/schema.org","@graph":[{"@type":"WebPage","@id":"https:\/\/www.meiren.ee\/fi\/kaksiosaiset-sivuterat\/","url":"https:\/\/www.meiren.ee\/fi\/kaksiosaiset-sivuterat\/","name":"Kaksiosaiset sivuter\u00e4t | Meiren lumesahad","isPartOf":{"@id":"https:\/\/www.meiren.ee\/en\/#website"},"primaryImageOfPage":{"@id":"https:\/\/www.meiren.ee\/fi\/kaksiosaiset-sivuterat\/#primaryimage"},"image":{"@id":"https:\/\/www.meiren.ee\/fi\/kaksiosaiset-sivuterat\/#primaryimage"},"thumbnailUrl":"https:\/\/meiren.ee\/wp-content\/uploads\/2017\/03\/Flexible-corner-blade-390x270.jpg","datePublished":"2019-01-22T09:43:40+00:00","dateModified":"2022-10-31T12:49:50+00:00","description":"Ylimm\u00e4inen kaksiosaiset sivuter\u00e4t, asennetaan auran siipeen ja alimmainen reunamaisiin polyuretaanista valmistettuihin ter\u00e4nkannattimiin.","breadcrumb":{"@id":"https:\/\/www.meiren.ee\/fi\/kaksiosaiset-sivuterat\/#breadcrumb"},"inLanguage":"fi","potentialAction":[{"@type":"ReadAction","target":["https:\/\/www.meiren.ee\/fi\/kaksiosaiset-sivuterat\/"]}]},{"@type":"ImageObject","inLanguage":"fi","@id":"https:\/\/www.meiren.ee\/fi\/kaksiosaiset-sivuterat\/#primaryimage","url":"https:\/\/meiren.ee\/wp-content\/uploads\/2017\/03\/Flexible-corner-blade-390x270.jpg","contentUrl":"https:\/\/meiren.ee\/wp-content\/uploads\/2017\/03\/Flexible-corner-blade-390x270.jpg"},{"@type":"BreadcrumbList","@id":"https:\/\/www.meiren.ee\/fi\/kaksiosaiset-sivuterat\/#breadcrumb","itemListElement":[{"@type":"ListItem","position":1,"name":"Home","item":"https:\/\/www.meiren.ee\/en\/"},{"@type":"ListItem","position":2,"name":"Kaksiosaiset sivuter\u00e4t"}]},{"@type":"WebSite","@id":"https:\/\/www.meiren.ee\/en\/#website","url":"https:\/\/www.meiren.ee\/en\/","name":"Meiren lumesahad","description":"Lumesahk ja lumet\u00f5rje tehnika, maantee lumesahk, lumesahk traktorile, lumesahk maasturile, harjad, lumekopp, varuosad ja hooldus, lumesaha terad, Kobit s.r.o. soolapuisturid","potentialAction":[{"@type":"SearchAction","target":{"@type":"EntryPoint","urlTemplate":"https:\/\/www.meiren.ee\/en\/?s={search_term_string}"},"query-input":{"@type":"PropertyValueSpecification","valueRequired":true,"valueName":"search_term_string"}}],"inLanguage":"fi"}]}},"_links":{"self":[{"href":"https:\/\/www.meiren.ee\/fi\/wp-json\/wp\/v2\/pages\/13249"}],"collection":[{"href":"https:\/\/www.meiren.ee\/fi\/wp-json\/wp\/v2\/pages"}],"about":[{"href":"https:\/\/www.meiren.ee\/fi\/wp-json\/wp\/v2\/types\/page"}],"author":[{"embeddable":true,"href":"https:\/\/www.meiren.ee\/fi\/wp-json\/wp\/v2\/users\/2"}],"replies":[{"embeddable":true,"href":"https:\/\/www.meiren.ee\/fi\/wp-json\/wp\/v2\/comments?post=13249"}],"version-history":[{"count":6,"href":"https:\/\/www.meiren.ee\/fi\/wp-json\/wp\/v2\/pages\/13249\/revisions"}],"predecessor-version":[{"id":17628,"href":"https:\/\/www.meiren.ee\/fi\/wp-json\/wp\/v2\/pages\/13249\/revisions\/17628"}],"wp:attachment":[{"href":"https:\/\/www.meiren.ee\/fi\/wp-json\/wp\/v2\/media?parent=13249"}],"curies":[{"name":"wp","href":"https:\/\/api.w.org\/{rel}","templated":true}]}}