{"id":13253,"date":"2019-01-22T15:26:10","date_gmt":"2019-01-22T13:26:10","guid":{"rendered":"https:\/\/meiren.ee\/fi\/?page_id=13253"},"modified":"2025-05-30T13:36:12","modified_gmt":"2025-05-30T10:36:12","slug":"lumen-ohjaussiipi","status":"publish","type":"page","link":"https:\/\/www.meiren.ee\/fi\/lumen-ohjaussiipi\/","title":{"rendered":"LUMEN OHJAUSSIIPI"},"content":{"rendered":"<div id=\"attachment_12046\" style=\"width: 400px\" class=\"wp-caption alignnone\"><img fetchpriority=\"high\" decoding=\"async\" aria-describedby=\"caption-attachment-12046\" class=\"wp-image-12046 size-thumbnail\" src=\"https:\/\/meiren.ee\/wp-content\/uploads\/2017\/03\/Snow-flow-guide-390x270.jpg\" alt=\"Lumen heittokorkeus on s\u00e4\u00e4dett\u00e4v\u00e4\" width=\"390\" height=\"270\" \/><p id=\"caption-attachment-12046\" class=\"wp-caption-text\"><span style=\"font-size: 12pt;\">Pultatava lumen ohjaussiipi siatse lumiauran siivess\u00e4 oikeassa reunassa. Ohjausiipi autaa s\u00e4\u00e4t\u00e4 lumen heittokorkeutta alemmas. Jos ohjaussiipea ei tarvitaan, sitten sen voi pultata pois.<\/span><\/p><\/div>\n<p><strong>Lumen heittokorkeus<\/strong> on s\u00e4\u00e4dett\u00e4v\u00e4. Lis\u00e4siiven k\u00e4ytt\u00f6 pit\u00e4\u00e4 liikennemerkit siistin\u00e4.<\/p>\n<p><img decoding=\"async\" class=\"wp-image-13137 size-thumbnail\" src=\"https:\/\/meiren.ee\/wp-content\/uploads\/2017\/07\/Snow-flow-guide-390x270.jpg\" alt=\"Lumen heittokorkeus\" width=\"390\" height=\"270\" \/><\/p>\n","protected":false},"excerpt":{"rendered":"<p>Lumen heittokorkeus on s\u00e4\u00e4dett\u00e4v\u00e4. Lis\u00e4siiven k\u00e4ytt\u00f6 pit\u00e4\u00e4 liikennemerkit siistin\u00e4.<\/p>\n","protected":false},"author":2,"featured_media":0,"parent":0,"menu_order":0,"comment_status":"closed","ping_status":"closed","template":"page-special_page.php","meta":{"footnotes":""},"class_list":["post-13253","page","type-page","status-publish","hentry"],"yoast_head":"<!-- This site is optimized with the Yoast SEO plugin v25.6 - https:\/\/yoast.com\/wordpress\/plugins\/seo\/ -->\n<title>LUMEN OHJAUSSIIPI | Meiren lumesahad<\/title>\n<meta name=\"robots\" content=\"index, follow, max-snippet:-1, max-image-preview:large, max-video-preview:-1\" \/>\n<link rel=\"canonical\" href=\"https:\/\/www.meiren.ee\/fi\/lumen-ohjaussiipi\/\" \/>\n<meta property=\"og:locale\" content=\"fi_FI\" \/>\n<meta property=\"og:type\" content=\"article\" \/>\n<meta property=\"og:title\" content=\"LUMEN OHJAUSSIIPI | Meiren lumesahad\" \/>\n<meta property=\"og:description\" content=\"Lumen heittokorkeus on s\u00e4\u00e4dett\u00e4v\u00e4. Lis\u00e4siiven k\u00e4ytt\u00f6 pit\u00e4\u00e4 liikennemerkit siistin\u00e4.\" \/>\n<meta property=\"og:url\" content=\"https:\/\/www.meiren.ee\/fi\/lumen-ohjaussiipi\/\" \/>\n<meta property=\"og:site_name\" content=\"Meiren lumesahad\" \/>\n<meta property=\"article:publisher\" content=\"https:\/\/www.facebook.com\/Meiren.ee?ref=nf\" \/>\n<meta property=\"article:modified_time\" content=\"2025-05-30T10:36:12+00:00\" \/>\n<meta property=\"og:image\" content=\"https:\/\/www.meiren.ee\/wp-content\/uploads\/2017\/03\/Snow-flow-guide.jpg\" \/>\n\t<meta property=\"og:image:width\" content=\"3872\" \/>\n\t<meta property=\"og:image:height\" content=\"2592\" \/>\n\t<meta property=\"og:image:type\" content=\"image\/jpeg\" \/>\n<meta name=\"twitter:card\" content=\"summary_large_image\" \/>\n<meta name=\"twitter:label1\" content=\"Arvioitu lukuaika\" \/>\n\t<meta name=\"twitter:data1\" content=\"1 minuutti\" \/>\n<script type=\"application\/ld+json\" class=\"yoast-schema-graph\">{\"@context\":\"https:\/\/schema.org\",\"@graph\":[{\"@type\":\"WebPage\",\"@id\":\"https:\/\/www.meiren.ee\/fi\/lumen-ohjaussiipi\/\",\"url\":\"https:\/\/www.meiren.ee\/fi\/lumen-ohjaussiipi\/\",\"name\":\"LUMEN OHJAUSSIIPI | Meiren lumesahad\",\"isPartOf\":{\"@id\":\"https:\/\/www.meiren.ee\/en\/#website\"},\"primaryImageOfPage\":{\"@id\":\"https:\/\/www.meiren.ee\/fi\/lumen-ohjaussiipi\/#primaryimage\"},\"image\":{\"@id\":\"https:\/\/www.meiren.ee\/fi\/lumen-ohjaussiipi\/#primaryimage\"},\"thumbnailUrl\":\"https:\/\/meiren.ee\/wp-content\/uploads\/2017\/03\/Snow-flow-guide-390x270.jpg\",\"datePublished\":\"2019-01-22T13:26:10+00:00\",\"dateModified\":\"2025-05-30T10:36:12+00:00\",\"breadcrumb\":{\"@id\":\"https:\/\/www.meiren.ee\/fi\/lumen-ohjaussiipi\/#breadcrumb\"},\"inLanguage\":\"fi\",\"potentialAction\":[{\"@type\":\"ReadAction\",\"target\":[\"https:\/\/www.meiren.ee\/fi\/lumen-ohjaussiipi\/\"]}]},{\"@type\":\"ImageObject\",\"inLanguage\":\"fi\",\"@id\":\"https:\/\/www.meiren.ee\/fi\/lumen-ohjaussiipi\/#primaryimage\",\"url\":\"https:\/\/meiren.ee\/wp-content\/uploads\/2017\/03\/Snow-flow-guide-390x270.jpg\",\"contentUrl\":\"https:\/\/meiren.ee\/wp-content\/uploads\/2017\/03\/Snow-flow-guide-390x270.jpg\"},{\"@type\":\"BreadcrumbList\",\"@id\":\"https:\/\/www.meiren.ee\/fi\/lumen-ohjaussiipi\/#breadcrumb\",\"itemListElement\":[{\"@type\":\"ListItem\",\"position\":1,\"name\":\"Home\",\"item\":\"https:\/\/www.meiren.ee\/en\/\"},{\"@type\":\"ListItem\",\"position\":2,\"name\":\"LUMEN OHJAUSSIIPI\"}]},{\"@type\":\"WebSite\",\"@id\":\"https:\/\/www.meiren.ee\/en\/#website\",\"url\":\"https:\/\/www.meiren.ee\/en\/\",\"name\":\"Meiren lumesahad\",\"description\":\"Lumesahk ja lumet\u00f5rje tehnika, maantee lumesahk, lumesahk traktorile, lumesahk maasturile, harjad, lumekopp, varuosad ja hooldus, lumesaha terad, Kobit s.r.o. soolapuisturid\",\"potentialAction\":[{\"@type\":\"SearchAction\",\"target\":{\"@type\":\"EntryPoint\",\"urlTemplate\":\"https:\/\/www.meiren.ee\/en\/?s={search_term_string}\"},\"query-input\":{\"@type\":\"PropertyValueSpecification\",\"valueRequired\":true,\"valueName\":\"search_term_string\"}}],\"inLanguage\":\"fi\"}]}<\/script>\n<!-- \/ Yoast SEO plugin. -->","yoast_head_json":{"title":"LUMEN OHJAUSSIIPI | Meiren lumesahad","robots":{"index":"index","follow":"follow","max-snippet":"max-snippet:-1","max-image-preview":"max-image-preview:large","max-video-preview":"max-video-preview:-1"},"canonical":"https:\/\/www.meiren.ee\/fi\/lumen-ohjaussiipi\/","og_locale":"fi_FI","og_type":"article","og_title":"LUMEN OHJAUSSIIPI | Meiren lumesahad","og_description":"Lumen heittokorkeus on s\u00e4\u00e4dett\u00e4v\u00e4. Lis\u00e4siiven k\u00e4ytt\u00f6 pit\u00e4\u00e4 liikennemerkit siistin\u00e4.","og_url":"https:\/\/www.meiren.ee\/fi\/lumen-ohjaussiipi\/","og_site_name":"Meiren lumesahad","article_publisher":"https:\/\/www.facebook.com\/Meiren.ee?ref=nf","article_modified_time":"2025-05-30T10:36:12+00:00","og_image":[{"width":3872,"height":2592,"url":"https:\/\/www.meiren.ee\/wp-content\/uploads\/2017\/03\/Snow-flow-guide.jpg","type":"image\/jpeg"}],"twitter_card":"summary_large_image","twitter_misc":{"Arvioitu lukuaika":"1 minuutti"},"schema":{"@context":"https:\/\/schema.org","@graph":[{"@type":"WebPage","@id":"https:\/\/www.meiren.ee\/fi\/lumen-ohjaussiipi\/","url":"https:\/\/www.meiren.ee\/fi\/lumen-ohjaussiipi\/","name":"LUMEN OHJAUSSIIPI | Meiren lumesahad","isPartOf":{"@id":"https:\/\/www.meiren.ee\/en\/#website"},"primaryImageOfPage":{"@id":"https:\/\/www.meiren.ee\/fi\/lumen-ohjaussiipi\/#primaryimage"},"image":{"@id":"https:\/\/www.meiren.ee\/fi\/lumen-ohjaussiipi\/#primaryimage"},"thumbnailUrl":"https:\/\/meiren.ee\/wp-content\/uploads\/2017\/03\/Snow-flow-guide-390x270.jpg","datePublished":"2019-01-22T13:26:10+00:00","dateModified":"2025-05-30T10:36:12+00:00","breadcrumb":{"@id":"https:\/\/www.meiren.ee\/fi\/lumen-ohjaussiipi\/#breadcrumb"},"inLanguage":"fi","potentialAction":[{"@type":"ReadAction","target":["https:\/\/www.meiren.ee\/fi\/lumen-ohjaussiipi\/"]}]},{"@type":"ImageObject","inLanguage":"fi","@id":"https:\/\/www.meiren.ee\/fi\/lumen-ohjaussiipi\/#primaryimage","url":"https:\/\/meiren.ee\/wp-content\/uploads\/2017\/03\/Snow-flow-guide-390x270.jpg","contentUrl":"https:\/\/meiren.ee\/wp-content\/uploads\/2017\/03\/Snow-flow-guide-390x270.jpg"},{"@type":"BreadcrumbList","@id":"https:\/\/www.meiren.ee\/fi\/lumen-ohjaussiipi\/#breadcrumb","itemListElement":[{"@type":"ListItem","position":1,"name":"Home","item":"https:\/\/www.meiren.ee\/en\/"},{"@type":"ListItem","position":2,"name":"LUMEN OHJAUSSIIPI"}]},{"@type":"WebSite","@id":"https:\/\/www.meiren.ee\/en\/#website","url":"https:\/\/www.meiren.ee\/en\/","name":"Meiren lumesahad","description":"Lumesahk ja lumet\u00f5rje tehnika, maantee lumesahk, lumesahk traktorile, lumesahk maasturile, harjad, lumekopp, varuosad ja hooldus, lumesaha terad, Kobit s.r.o. soolapuisturid","potentialAction":[{"@type":"SearchAction","target":{"@type":"EntryPoint","urlTemplate":"https:\/\/www.meiren.ee\/en\/?s={search_term_string}"},"query-input":{"@type":"PropertyValueSpecification","valueRequired":true,"valueName":"search_term_string"}}],"inLanguage":"fi"}]}},"_links":{"self":[{"href":"https:\/\/www.meiren.ee\/fi\/wp-json\/wp\/v2\/pages\/13253"}],"collection":[{"href":"https:\/\/www.meiren.ee\/fi\/wp-json\/wp\/v2\/pages"}],"about":[{"href":"https:\/\/www.meiren.ee\/fi\/wp-json\/wp\/v2\/types\/page"}],"author":[{"embeddable":true,"href":"https:\/\/www.meiren.ee\/fi\/wp-json\/wp\/v2\/users\/2"}],"replies":[{"embeddable":true,"href":"https:\/\/www.meiren.ee\/fi\/wp-json\/wp\/v2\/comments?post=13253"}],"version-history":[{"count":7,"href":"https:\/\/www.meiren.ee\/fi\/wp-json\/wp\/v2\/pages\/13253\/revisions"}],"predecessor-version":[{"id":24524,"href":"https:\/\/www.meiren.ee\/fi\/wp-json\/wp\/v2\/pages\/13253\/revisions\/24524"}],"wp:attachment":[{"href":"https:\/\/www.meiren.ee\/fi\/wp-json\/wp\/v2\/media?parent=13253"}],"curies":[{"name":"wp","href":"https:\/\/api.w.org\/{rel}","templated":true}]}}