{"id":13274,"date":"2019-01-22T15:35:57","date_gmt":"2019-01-22T13:35:57","guid":{"rendered":"https:\/\/meiren.ee\/fi\/?page_id=13274"},"modified":"2023-03-16T15:51:44","modified_gmt":"2023-03-16T13:51:44","slug":"sivusuoja","status":"publish","type":"page","link":"https:\/\/www.meiren.ee\/fi\/sivusuoja\/","title":{"rendered":"Sivusuoja"},"content":{"rendered":"<div id=\"attachment_12030\" style=\"width: 400px\" class=\"wp-caption alignnone\"><img fetchpriority=\"high\" decoding=\"async\" aria-describedby=\"caption-attachment-12030\" class=\"size-thumbnail wp-image-12030\" src=\"https:\/\/meiren.ee\/wp-content\/uploads\/2017\/03\/Plastic-side-protection-390x270.jpg\" alt=\"Sivusuoja\" width=\"390\" height=\"270\" \/><p id=\"caption-attachment-12030\" class=\"wp-caption-text\">Sivusuoja<\/p><\/div>\n<p><strong>Sivusuoja<\/strong> s\u00e4\u00e4st\u00e4\u00e4 lumiauran siipi. Sivusuoja voidaan asentaa lis\u00e4varusteena malleihin moottoriteiden lumiauran.<\/p>\n","protected":false},"excerpt":{"rendered":"<p>Sivusuoja s\u00e4\u00e4st\u00e4\u00e4 lumiauran siipi. Sivusuoja voidaan asentaa lis\u00e4varusteena malleihin moottoriteiden lumiauran.<\/p>\n","protected":false},"author":2,"featured_media":0,"parent":0,"menu_order":0,"comment_status":"closed","ping_status":"closed","template":"page-special_page.php","meta":{"footnotes":""},"class_list":["post-13274","page","type-page","status-publish","hentry"],"yoast_head":"<!-- This site is optimized with the Yoast SEO plugin v25.6 - https:\/\/yoast.com\/wordpress\/plugins\/seo\/ -->\n<title>Sivusuoja | Meiren lumesahad<\/title>\n<meta name=\"robots\" content=\"index, follow, max-snippet:-1, max-image-preview:large, max-video-preview:-1\" \/>\n<link rel=\"canonical\" href=\"https:\/\/www.meiren.ee\/fi\/sivusuoja\/\" \/>\n<meta property=\"og:locale\" content=\"fi_FI\" \/>\n<meta property=\"og:type\" content=\"article\" \/>\n<meta property=\"og:title\" content=\"Sivusuoja | Meiren lumesahad\" \/>\n<meta property=\"og:description\" content=\"Sivusuoja s\u00e4\u00e4st\u00e4\u00e4 lumiauran siipi. Sivusuoja voidaan asentaa lis\u00e4varusteena malleihin moottoriteiden lumiauran.\" \/>\n<meta property=\"og:url\" content=\"https:\/\/www.meiren.ee\/fi\/sivusuoja\/\" \/>\n<meta property=\"og:site_name\" content=\"Meiren lumesahad\" \/>\n<meta property=\"article:publisher\" content=\"https:\/\/www.facebook.com\/Meiren.ee?ref=nf\" \/>\n<meta property=\"article:modified_time\" content=\"2023-03-16T13:51:44+00:00\" \/>\n<meta property=\"og:image\" content=\"https:\/\/meiren.ee\/wp-content\/uploads\/2017\/03\/Plastic-side-protection-390x270.jpg\" \/>\n<meta name=\"twitter:card\" content=\"summary_large_image\" \/>\n<script type=\"application\/ld+json\" class=\"yoast-schema-graph\">{\"@context\":\"https:\/\/schema.org\",\"@graph\":[{\"@type\":\"WebPage\",\"@id\":\"https:\/\/www.meiren.ee\/fi\/sivusuoja\/\",\"url\":\"https:\/\/www.meiren.ee\/fi\/sivusuoja\/\",\"name\":\"Sivusuoja | Meiren lumesahad\",\"isPartOf\":{\"@id\":\"https:\/\/www.meiren.ee\/en\/#website\"},\"primaryImageOfPage\":{\"@id\":\"https:\/\/www.meiren.ee\/fi\/sivusuoja\/#primaryimage\"},\"image\":{\"@id\":\"https:\/\/www.meiren.ee\/fi\/sivusuoja\/#primaryimage\"},\"thumbnailUrl\":\"https:\/\/meiren.ee\/wp-content\/uploads\/2017\/03\/Plastic-side-protection-390x270.jpg\",\"datePublished\":\"2019-01-22T13:35:57+00:00\",\"dateModified\":\"2023-03-16T13:51:44+00:00\",\"breadcrumb\":{\"@id\":\"https:\/\/www.meiren.ee\/fi\/sivusuoja\/#breadcrumb\"},\"inLanguage\":\"fi\",\"potentialAction\":[{\"@type\":\"ReadAction\",\"target\":[\"https:\/\/www.meiren.ee\/fi\/sivusuoja\/\"]}]},{\"@type\":\"ImageObject\",\"inLanguage\":\"fi\",\"@id\":\"https:\/\/www.meiren.ee\/fi\/sivusuoja\/#primaryimage\",\"url\":\"https:\/\/meiren.ee\/wp-content\/uploads\/2017\/03\/Plastic-side-protection-390x270.jpg\",\"contentUrl\":\"https:\/\/meiren.ee\/wp-content\/uploads\/2017\/03\/Plastic-side-protection-390x270.jpg\"},{\"@type\":\"BreadcrumbList\",\"@id\":\"https:\/\/www.meiren.ee\/fi\/sivusuoja\/#breadcrumb\",\"itemListElement\":[{\"@type\":\"ListItem\",\"position\":1,\"name\":\"Home\",\"item\":\"https:\/\/www.meiren.ee\/en\/\"},{\"@type\":\"ListItem\",\"position\":2,\"name\":\"Sivusuoja\"}]},{\"@type\":\"WebSite\",\"@id\":\"https:\/\/www.meiren.ee\/en\/#website\",\"url\":\"https:\/\/www.meiren.ee\/en\/\",\"name\":\"Meiren lumesahad\",\"description\":\"Lumesahk ja lumet\u00f5rje tehnika, maantee lumesahk, lumesahk traktorile, lumesahk maasturile, harjad, lumekopp, varuosad ja hooldus, lumesaha terad, Kobit s.r.o. soolapuisturid\",\"potentialAction\":[{\"@type\":\"SearchAction\",\"target\":{\"@type\":\"EntryPoint\",\"urlTemplate\":\"https:\/\/www.meiren.ee\/en\/?s={search_term_string}\"},\"query-input\":{\"@type\":\"PropertyValueSpecification\",\"valueRequired\":true,\"valueName\":\"search_term_string\"}}],\"inLanguage\":\"fi\"}]}<\/script>\n<!-- \/ Yoast SEO plugin. -->","yoast_head_json":{"title":"Sivusuoja | Meiren lumesahad","robots":{"index":"index","follow":"follow","max-snippet":"max-snippet:-1","max-image-preview":"max-image-preview:large","max-video-preview":"max-video-preview:-1"},"canonical":"https:\/\/www.meiren.ee\/fi\/sivusuoja\/","og_locale":"fi_FI","og_type":"article","og_title":"Sivusuoja | Meiren lumesahad","og_description":"Sivusuoja s\u00e4\u00e4st\u00e4\u00e4 lumiauran siipi. Sivusuoja voidaan asentaa lis\u00e4varusteena malleihin moottoriteiden lumiauran.","og_url":"https:\/\/www.meiren.ee\/fi\/sivusuoja\/","og_site_name":"Meiren lumesahad","article_publisher":"https:\/\/www.facebook.com\/Meiren.ee?ref=nf","article_modified_time":"2023-03-16T13:51:44+00:00","og_image":[{"url":"https:\/\/meiren.ee\/wp-content\/uploads\/2017\/03\/Plastic-side-protection-390x270.jpg","type":"","width":"","height":""}],"twitter_card":"summary_large_image","schema":{"@context":"https:\/\/schema.org","@graph":[{"@type":"WebPage","@id":"https:\/\/www.meiren.ee\/fi\/sivusuoja\/","url":"https:\/\/www.meiren.ee\/fi\/sivusuoja\/","name":"Sivusuoja | Meiren lumesahad","isPartOf":{"@id":"https:\/\/www.meiren.ee\/en\/#website"},"primaryImageOfPage":{"@id":"https:\/\/www.meiren.ee\/fi\/sivusuoja\/#primaryimage"},"image":{"@id":"https:\/\/www.meiren.ee\/fi\/sivusuoja\/#primaryimage"},"thumbnailUrl":"https:\/\/meiren.ee\/wp-content\/uploads\/2017\/03\/Plastic-side-protection-390x270.jpg","datePublished":"2019-01-22T13:35:57+00:00","dateModified":"2023-03-16T13:51:44+00:00","breadcrumb":{"@id":"https:\/\/www.meiren.ee\/fi\/sivusuoja\/#breadcrumb"},"inLanguage":"fi","potentialAction":[{"@type":"ReadAction","target":["https:\/\/www.meiren.ee\/fi\/sivusuoja\/"]}]},{"@type":"ImageObject","inLanguage":"fi","@id":"https:\/\/www.meiren.ee\/fi\/sivusuoja\/#primaryimage","url":"https:\/\/meiren.ee\/wp-content\/uploads\/2017\/03\/Plastic-side-protection-390x270.jpg","contentUrl":"https:\/\/meiren.ee\/wp-content\/uploads\/2017\/03\/Plastic-side-protection-390x270.jpg"},{"@type":"BreadcrumbList","@id":"https:\/\/www.meiren.ee\/fi\/sivusuoja\/#breadcrumb","itemListElement":[{"@type":"ListItem","position":1,"name":"Home","item":"https:\/\/www.meiren.ee\/en\/"},{"@type":"ListItem","position":2,"name":"Sivusuoja"}]},{"@type":"WebSite","@id":"https:\/\/www.meiren.ee\/en\/#website","url":"https:\/\/www.meiren.ee\/en\/","name":"Meiren lumesahad","description":"Lumesahk ja lumet\u00f5rje tehnika, maantee lumesahk, lumesahk traktorile, lumesahk maasturile, harjad, lumekopp, varuosad ja hooldus, lumesaha terad, Kobit s.r.o. soolapuisturid","potentialAction":[{"@type":"SearchAction","target":{"@type":"EntryPoint","urlTemplate":"https:\/\/www.meiren.ee\/en\/?s={search_term_string}"},"query-input":{"@type":"PropertyValueSpecification","valueRequired":true,"valueName":"search_term_string"}}],"inLanguage":"fi"}]}},"_links":{"self":[{"href":"https:\/\/www.meiren.ee\/fi\/wp-json\/wp\/v2\/pages\/13274"}],"collection":[{"href":"https:\/\/www.meiren.ee\/fi\/wp-json\/wp\/v2\/pages"}],"about":[{"href":"https:\/\/www.meiren.ee\/fi\/wp-json\/wp\/v2\/types\/page"}],"author":[{"embeddable":true,"href":"https:\/\/www.meiren.ee\/fi\/wp-json\/wp\/v2\/users\/2"}],"replies":[{"embeddable":true,"href":"https:\/\/www.meiren.ee\/fi\/wp-json\/wp\/v2\/comments?post=13274"}],"version-history":[{"count":6,"href":"https:\/\/www.meiren.ee\/fi\/wp-json\/wp\/v2\/pages\/13274\/revisions"}],"predecessor-version":[{"id":17631,"href":"https:\/\/www.meiren.ee\/fi\/wp-json\/wp\/v2\/pages\/13274\/revisions\/17631"}],"wp:attachment":[{"href":"https:\/\/www.meiren.ee\/fi\/wp-json\/wp\/v2\/media?parent=13274"}],"curies":[{"name":"wp","href":"https:\/\/api.w.org\/{rel}","templated":true}]}}