{"id":15177,"date":"2019-01-22T11:39:13","date_gmt":"2019-01-22T09:39:13","guid":{"rendered":"https:\/\/meiren.ee\/fi\/?page_id=15177"},"modified":"2026-04-06T10:57:30","modified_gmt":"2026-04-06T07:57:30","slug":"patentoitu-teranpidin","status":"publish","type":"page","link":"https:\/\/www.meiren.ee\/fi\/patentoitu-teranpidin\/","title":{"rendered":"Patentoitu ter\u00e4npidin"},"content":{"rendered":"<p><img fetchpriority=\"high\" decoding=\"async\" class=\"alignnone wp-image-22065 size-thumbnail\" src=\"https:\/\/www.meiren.ee\/wp-content\/uploads\/2022\/11\/Polyurethane-blade-holders_patented-1-390x270.jpg\" alt=\"Patentoitu ter\u00e4npidin polyuretaanista s\u00e4\u00e4st\u00e4\u00e4 tienpintamerkint\u00f6j\u00e4\" width=\"390\" height=\"270\" srcset=\"https:\/\/www.meiren.ee\/wp-content\/uploads\/2022\/11\/Polyurethane-blade-holders_patented-1.jpg 390w, https:\/\/www.meiren.ee\/wp-content\/uploads\/2022\/11\/Polyurethane-blade-holders_patented-1-300x208.jpg 300w\" sizes=\"(max-width: 390px) 100vw, 390px\" \/><\/p>\n<p><strong>Patentoitu ter\u00e4npidin polyuretaanista<\/strong><\/p>\n<ul>\n<li><strong>Ylitt\u00e4\u00e4 sujuvasti jopa 12 cm:n korkuisen esteen \u2013 <\/strong>Patentoitu ter\u00e4npitimet on valettu erityisest\u00e4 polyuretaaniseoksesta. Esteen kohdalla ter\u00e4npidinlohko muuttaa muotoaan ja liikkuu taakse, p\u00e4\u00e4st\u00e4en auran liikkumaan sujuvasti esteen yli. Nopeudella 25 km\/h ter\u00e4npidin ylitt\u00e4\u00e4 jopa 50 mm:n korkuisen esteen ongelmitta.<\/li>\n<li><strong>My\u00f6t\u00e4ilee tienpintaa parhaiten \u2013 <\/strong>Ter\u00e4npitimien 305 mm:n pituiset lohkot mahdollistavat erilaisten ter\u00e4pituuksien k\u00e4yt\u00f6n (305-1200 mm). Lyhyemm\u00e4t ter\u00e4t my\u00f6t\u00e4ilev\u00e4t tienpintaa parhaiten.<\/li>\n<li><strong>V\u00e4hemm\u00e4n melua<\/strong> \u2013 Erityiset polyuretaanista valmistetut patentoidut ter\u00e4npitimet v\u00e4hent\u00e4\u00e4 v\u00e4r\u00e4htelyjen johtumista auran runkoon ja syntyv\u00e4\u00e4 melua on huomattavasti v\u00e4hemm\u00e4n.<\/li>\n<li><strong>S\u00e4\u00e4st\u00e4\u00e4 tienpintamerkint\u00f6j\u00e4<\/strong> \u2013 Joustava ter\u00e4nkannatin s\u00e4\u00e4st\u00e4\u00e4 tienpintamerkint\u00f6j\u00e4.<\/li>\n<\/ul>\n<figure class=\"video-container\"><iframe title=\"Meiren Snow  MSPN 04\" width=\"500\" height=\"281\" src=\"https:\/\/www.youtube.com\/embed\/W3QPLOMT23Y?feature=oembed&#038;enablejsapi=1&#038;origin=https:\/\/www.meiren.ee\" frameborder=\"0\" allow=\"accelerometer; autoplay; clipboard-write; encrypted-media; gyroscope; picture-in-picture; web-share\" referrerpolicy=\"strict-origin-when-cross-origin\" allowfullscreen><\/iframe><\/figure>\n<p>Polyuretaanista valmistetut patentoidut ter\u00e4npitimet<\/p>\n<figure class=\"video-container\"><iframe title=\"Snow clearing with polyurethane blade holder by Meiren Snow\" width=\"500\" height=\"281\" src=\"https:\/\/www.youtube.com\/embed\/ox_kNo544jk?feature=oembed&#038;enablejsapi=1&#038;origin=https:\/\/www.meiren.ee\" frameborder=\"0\" allow=\"accelerometer; autoplay; clipboard-write; encrypted-media; gyroscope; picture-in-picture; web-share\" referrerpolicy=\"strict-origin-when-cross-origin\" allowfullscreen><\/iframe><\/figure>\n","protected":false},"excerpt":{"rendered":"<p>Patentoitu ter\u00e4npidin polyuretaanista Ylitt\u00e4\u00e4 sujuvasti jopa 12 cm:n korkuisen esteen \u2013 Patentoitu ter\u00e4npitimet on valettu erityisest\u00e4 polyuretaaniseoksesta. Esteen kohdalla ter\u00e4npidinlohko muuttaa muotoaan ja liikkuu taakse, p\u00e4\u00e4st\u00e4en auran liikkumaan sujuvasti esteen yli. Nopeudella 25 km\/h ter\u00e4npidin ylitt\u00e4\u00e4 jopa 50 mm:n korkuisen esteen ongelmitta. My\u00f6t\u00e4ilee tienpintaa parhaiten \u2013 Ter\u00e4npitimien 305 mm:n pituiset lohkot mahdollistavat erilaisten ter\u00e4pituuksien k\u00e4yt\u00f6n [&hellip;]<\/p>\n","protected":false},"author":2,"featured_media":0,"parent":0,"menu_order":0,"comment_status":"closed","ping_status":"closed","template":"page-special_page.php","meta":{"footnotes":""},"class_list":["post-15177","page","type-page","status-publish","hentry"],"yoast_head":"<!-- This site is optimized with the Yoast SEO plugin v25.6 - https:\/\/yoast.com\/wordpress\/plugins\/seo\/ -->\n<title>Patentoitu ter\u00e4npidin | Meiren lumesahad<\/title>\n<meta name=\"robots\" content=\"index, follow, max-snippet:-1, max-image-preview:large, max-video-preview:-1\" \/>\n<link rel=\"canonical\" href=\"https:\/\/www.meiren.ee\/fi\/patentoitu-teranpidin\/\" \/>\n<meta property=\"og:locale\" content=\"fi_FI\" \/>\n<meta property=\"og:type\" content=\"article\" \/>\n<meta property=\"og:title\" content=\"Patentoitu ter\u00e4npidin | Meiren lumesahad\" \/>\n<meta property=\"og:description\" content=\"Patentoitu ter\u00e4npidin polyuretaanista Ylitt\u00e4\u00e4 sujuvasti jopa 12 cm:n korkuisen esteen \u2013 Patentoitu ter\u00e4npitimet on valettu erityisest\u00e4 polyuretaaniseoksesta. Esteen kohdalla ter\u00e4npidinlohko muuttaa muotoaan ja liikkuu taakse, p\u00e4\u00e4st\u00e4en auran liikkumaan sujuvasti esteen yli. Nopeudella 25 km\/h ter\u00e4npidin ylitt\u00e4\u00e4 jopa 50 mm:n korkuisen esteen ongelmitta. My\u00f6t\u00e4ilee tienpintaa parhaiten \u2013 Ter\u00e4npitimien 305 mm:n pituiset lohkot mahdollistavat erilaisten ter\u00e4pituuksien k\u00e4yt\u00f6n [&hellip;]\" \/>\n<meta property=\"og:url\" content=\"https:\/\/www.meiren.ee\/fi\/patentoitu-teranpidin\/\" \/>\n<meta property=\"og:site_name\" content=\"Meiren lumesahad\" \/>\n<meta property=\"article:publisher\" content=\"https:\/\/www.facebook.com\/Meiren.ee?ref=nf\" \/>\n<meta property=\"article:modified_time\" content=\"2026-04-06T07:57:30+00:00\" \/>\n<meta property=\"og:image\" content=\"https:\/\/www.meiren.ee\/wp-content\/uploads\/2022\/11\/Polyurethane-blade-holders_patented-1.jpg\" \/>\n\t<meta property=\"og:image:width\" content=\"390\" \/>\n\t<meta property=\"og:image:height\" content=\"270\" \/>\n\t<meta property=\"og:image:type\" content=\"image\/jpeg\" \/>\n<meta name=\"twitter:card\" content=\"summary_large_image\" \/>\n<meta name=\"twitter:label1\" content=\"Arvioitu lukuaika\" \/>\n\t<meta name=\"twitter:data1\" content=\"1 minuutti\" \/>\n<script type=\"application\/ld+json\" class=\"yoast-schema-graph\">{\"@context\":\"https:\/\/schema.org\",\"@graph\":[{\"@type\":\"WebPage\",\"@id\":\"https:\/\/www.meiren.ee\/fi\/patentoitu-teranpidin\/\",\"url\":\"https:\/\/www.meiren.ee\/fi\/patentoitu-teranpidin\/\",\"name\":\"Patentoitu ter\u00e4npidin | Meiren lumesahad\",\"isPartOf\":{\"@id\":\"https:\/\/www.meiren.ee\/en\/#website\"},\"primaryImageOfPage\":{\"@id\":\"https:\/\/www.meiren.ee\/fi\/patentoitu-teranpidin\/#primaryimage\"},\"image\":{\"@id\":\"https:\/\/www.meiren.ee\/fi\/patentoitu-teranpidin\/#primaryimage\"},\"thumbnailUrl\":\"https:\/\/www.meiren.ee\/wp-content\/uploads\/2022\/11\/Polyurethane-blade-holders_patented-1-390x270.jpg\",\"datePublished\":\"2019-01-22T09:39:13+00:00\",\"dateModified\":\"2026-04-06T07:57:30+00:00\",\"breadcrumb\":{\"@id\":\"https:\/\/www.meiren.ee\/fi\/patentoitu-teranpidin\/#breadcrumb\"},\"inLanguage\":\"fi\",\"potentialAction\":[{\"@type\":\"ReadAction\",\"target\":[\"https:\/\/www.meiren.ee\/fi\/patentoitu-teranpidin\/\"]}]},{\"@type\":\"ImageObject\",\"inLanguage\":\"fi\",\"@id\":\"https:\/\/www.meiren.ee\/fi\/patentoitu-teranpidin\/#primaryimage\",\"url\":\"https:\/\/www.meiren.ee\/wp-content\/uploads\/2022\/11\/Polyurethane-blade-holders_patented-1-390x270.jpg\",\"contentUrl\":\"https:\/\/www.meiren.ee\/wp-content\/uploads\/2022\/11\/Polyurethane-blade-holders_patented-1-390x270.jpg\"},{\"@type\":\"BreadcrumbList\",\"@id\":\"https:\/\/www.meiren.ee\/fi\/patentoitu-teranpidin\/#breadcrumb\",\"itemListElement\":[{\"@type\":\"ListItem\",\"position\":1,\"name\":\"Home\",\"item\":\"https:\/\/www.meiren.ee\/en\/\"},{\"@type\":\"ListItem\",\"position\":2,\"name\":\"Patentoitu ter\u00e4npidin\"}]},{\"@type\":\"WebSite\",\"@id\":\"https:\/\/www.meiren.ee\/en\/#website\",\"url\":\"https:\/\/www.meiren.ee\/en\/\",\"name\":\"Meiren lumesahad\",\"description\":\"Lumesahk ja lumet\u00f5rje tehnika, maantee lumesahk, lumesahk traktorile, lumesahk maasturile, harjad, lumekopp, varuosad ja hooldus, lumesaha terad, Kobit s.r.o. soolapuisturid\",\"potentialAction\":[{\"@type\":\"SearchAction\",\"target\":{\"@type\":\"EntryPoint\",\"urlTemplate\":\"https:\/\/www.meiren.ee\/en\/?s={search_term_string}\"},\"query-input\":{\"@type\":\"PropertyValueSpecification\",\"valueRequired\":true,\"valueName\":\"search_term_string\"}}],\"inLanguage\":\"fi\"}]}<\/script>\n<!-- \/ Yoast SEO plugin. -->","yoast_head_json":{"title":"Patentoitu ter\u00e4npidin | Meiren lumesahad","robots":{"index":"index","follow":"follow","max-snippet":"max-snippet:-1","max-image-preview":"max-image-preview:large","max-video-preview":"max-video-preview:-1"},"canonical":"https:\/\/www.meiren.ee\/fi\/patentoitu-teranpidin\/","og_locale":"fi_FI","og_type":"article","og_title":"Patentoitu ter\u00e4npidin | Meiren lumesahad","og_description":"Patentoitu ter\u00e4npidin polyuretaanista Ylitt\u00e4\u00e4 sujuvasti jopa 12 cm:n korkuisen esteen \u2013 Patentoitu ter\u00e4npitimet on valettu erityisest\u00e4 polyuretaaniseoksesta. Esteen kohdalla ter\u00e4npidinlohko muuttaa muotoaan ja liikkuu taakse, p\u00e4\u00e4st\u00e4en auran liikkumaan sujuvasti esteen yli. Nopeudella 25 km\/h ter\u00e4npidin ylitt\u00e4\u00e4 jopa 50 mm:n korkuisen esteen ongelmitta. My\u00f6t\u00e4ilee tienpintaa parhaiten \u2013 Ter\u00e4npitimien 305 mm:n pituiset lohkot mahdollistavat erilaisten ter\u00e4pituuksien k\u00e4yt\u00f6n [&hellip;]","og_url":"https:\/\/www.meiren.ee\/fi\/patentoitu-teranpidin\/","og_site_name":"Meiren lumesahad","article_publisher":"https:\/\/www.facebook.com\/Meiren.ee?ref=nf","article_modified_time":"2026-04-06T07:57:30+00:00","og_image":[{"width":390,"height":270,"url":"https:\/\/www.meiren.ee\/wp-content\/uploads\/2022\/11\/Polyurethane-blade-holders_patented-1.jpg","type":"image\/jpeg"}],"twitter_card":"summary_large_image","twitter_misc":{"Arvioitu lukuaika":"1 minuutti"},"schema":{"@context":"https:\/\/schema.org","@graph":[{"@type":"WebPage","@id":"https:\/\/www.meiren.ee\/fi\/patentoitu-teranpidin\/","url":"https:\/\/www.meiren.ee\/fi\/patentoitu-teranpidin\/","name":"Patentoitu ter\u00e4npidin | Meiren lumesahad","isPartOf":{"@id":"https:\/\/www.meiren.ee\/en\/#website"},"primaryImageOfPage":{"@id":"https:\/\/www.meiren.ee\/fi\/patentoitu-teranpidin\/#primaryimage"},"image":{"@id":"https:\/\/www.meiren.ee\/fi\/patentoitu-teranpidin\/#primaryimage"},"thumbnailUrl":"https:\/\/www.meiren.ee\/wp-content\/uploads\/2022\/11\/Polyurethane-blade-holders_patented-1-390x270.jpg","datePublished":"2019-01-22T09:39:13+00:00","dateModified":"2026-04-06T07:57:30+00:00","breadcrumb":{"@id":"https:\/\/www.meiren.ee\/fi\/patentoitu-teranpidin\/#breadcrumb"},"inLanguage":"fi","potentialAction":[{"@type":"ReadAction","target":["https:\/\/www.meiren.ee\/fi\/patentoitu-teranpidin\/"]}]},{"@type":"ImageObject","inLanguage":"fi","@id":"https:\/\/www.meiren.ee\/fi\/patentoitu-teranpidin\/#primaryimage","url":"https:\/\/www.meiren.ee\/wp-content\/uploads\/2022\/11\/Polyurethane-blade-holders_patented-1-390x270.jpg","contentUrl":"https:\/\/www.meiren.ee\/wp-content\/uploads\/2022\/11\/Polyurethane-blade-holders_patented-1-390x270.jpg"},{"@type":"BreadcrumbList","@id":"https:\/\/www.meiren.ee\/fi\/patentoitu-teranpidin\/#breadcrumb","itemListElement":[{"@type":"ListItem","position":1,"name":"Home","item":"https:\/\/www.meiren.ee\/en\/"},{"@type":"ListItem","position":2,"name":"Patentoitu ter\u00e4npidin"}]},{"@type":"WebSite","@id":"https:\/\/www.meiren.ee\/en\/#website","url":"https:\/\/www.meiren.ee\/en\/","name":"Meiren lumesahad","description":"Lumesahk ja lumet\u00f5rje tehnika, maantee lumesahk, lumesahk traktorile, lumesahk maasturile, harjad, lumekopp, varuosad ja hooldus, lumesaha terad, Kobit s.r.o. soolapuisturid","potentialAction":[{"@type":"SearchAction","target":{"@type":"EntryPoint","urlTemplate":"https:\/\/www.meiren.ee\/en\/?s={search_term_string}"},"query-input":{"@type":"PropertyValueSpecification","valueRequired":true,"valueName":"search_term_string"}}],"inLanguage":"fi"}]}},"_links":{"self":[{"href":"https:\/\/www.meiren.ee\/fi\/wp-json\/wp\/v2\/pages\/15177"}],"collection":[{"href":"https:\/\/www.meiren.ee\/fi\/wp-json\/wp\/v2\/pages"}],"about":[{"href":"https:\/\/www.meiren.ee\/fi\/wp-json\/wp\/v2\/types\/page"}],"author":[{"embeddable":true,"href":"https:\/\/www.meiren.ee\/fi\/wp-json\/wp\/v2\/users\/2"}],"replies":[{"embeddable":true,"href":"https:\/\/www.meiren.ee\/fi\/wp-json\/wp\/v2\/comments?post=15177"}],"version-history":[{"count":12,"href":"https:\/\/www.meiren.ee\/fi\/wp-json\/wp\/v2\/pages\/15177\/revisions"}],"predecessor-version":[{"id":25021,"href":"https:\/\/www.meiren.ee\/fi\/wp-json\/wp\/v2\/pages\/15177\/revisions\/25021"}],"wp:attachment":[{"href":"https:\/\/www.meiren.ee\/fi\/wp-json\/wp\/v2\/media?parent=15177"}],"curies":[{"name":"wp","href":"https:\/\/api.w.org\/{rel}","templated":true}]}}