{"id":15183,"date":"2019-01-22T11:42:21","date_gmt":"2019-01-22T09:42:21","guid":{"rendered":"https:\/\/meiren.ee\/fi\/?page_id=15183"},"modified":"2022-11-01T11:00:33","modified_gmt":"2022-11-01T09:00:33","slug":"kulmaterat","status":"publish","type":"page","link":"https:\/\/www.meiren.ee\/fi\/kulmaterat\/","title":{"rendered":"Kulmater\u00e4t"},"content":{"rendered":"<div id=\"attachment_10097\" style=\"width: 211px\" class=\"wp-caption alignnone\"><img fetchpriority=\"high\" decoding=\"async\" aria-describedby=\"caption-attachment-10097\" class=\"wp-image-10097 size-medium\" src=\"https:\/\/meiren.ee\/wp-content\/uploads\/2014\/08\/Side-blade-201x300.jpg\" alt=\"Sivuter\u00e4\" width=\"201\" height=\"300\" srcset=\"https:\/\/www.meiren.ee\/wp-content\/uploads\/2014\/08\/Side-blade-201x300.jpg 201w, https:\/\/www.meiren.ee\/wp-content\/uploads\/2014\/08\/Side-blade-482x720.jpg 482w\" sizes=\"(max-width: 201px) 100vw, 201px\" \/><p id=\"caption-attachment-10097\" class=\"wp-caption-text\">J\u00e4yk\u00e4sti kiinnitetyill\u00e4 kulmater\u00e4<\/p><\/div>\n<p>Auran siipi voidaan varustaa <strong>vaihdettavilla, j\u00e4yk\u00e4sti kiinnitetyill\u00e4 kulmaterill\u00e4<\/strong>, jotka mahdollistavat reunakivien puhdistamisen ja ter\u00e4n tuen reunakivi\u00e4 vasten. Kulmaterien reunat on muotoiltu py\u00f6reiksi, mik\u00e4 takaa reunakivien sujuvan puhdistamisen. Kulma-ter\u00e4t ovat saatavilla malleihin moottoriteiden lumiauran.<\/p>\n<div style=\"width: 852px;\" class=\"wp-video\"><!--[if lt IE 9]><script>document.createElement('video');<\/script><![endif]-->\n<video class=\"wp-video-shortcode\" id=\"video-15183-1\" width=\"852\" height=\"480\" preload=\"metadata\" controls=\"controls\"><source type=\"video\/mp4\" src=\"https:\/\/www.meiren.ee\/wp-content\/uploads\/2021\/09\/Snow-removal-with-MSPN-nurgatera.mp4?_=1\" \/><a href=\"https:\/\/www.meiren.ee\/wp-content\/uploads\/2021\/09\/Snow-removal-with-MSPN-nurgatera.mp4\">https:\/\/www.meiren.ee\/wp-content\/uploads\/2021\/09\/Snow-removal-with-MSPN-nurgatera.mp4<\/a><\/video><\/div>\n","protected":false},"excerpt":{"rendered":"<p>Auran siipi voidaan varustaa vaihdettavilla, j\u00e4yk\u00e4sti kiinnitetyill\u00e4 kulmaterill\u00e4, jotka mahdollistavat reunakivien puhdistamisen ja ter\u00e4n tuen reunakivi\u00e4 vasten. Kulmaterien reunat on muotoiltu py\u00f6reiksi, mik\u00e4 takaa reunakivien sujuvan puhdistamisen. Kulma-ter\u00e4t ovat saatavilla malleihin moottoriteiden lumiauran.<\/p>\n","protected":false},"author":2,"featured_media":0,"parent":0,"menu_order":0,"comment_status":"closed","ping_status":"closed","template":"page-special_page.php","meta":{"footnotes":""},"class_list":["post-15183","page","type-page","status-publish","hentry"],"yoast_head":"<!-- This site is optimized with the Yoast SEO plugin v25.6 - https:\/\/yoast.com\/wordpress\/plugins\/seo\/ -->\n<title>Kulmater\u00e4t | Meiren lumesahad<\/title>\n<meta name=\"description\" content=\"Auran siipi voidaan varustaa vaihdettavilla, j\u00e4yk\u00e4sti kiinnitetyill\u00e4 kulmaterill\u00e4, jotka mahdollistavat reunakivien puhdistamisen ja ter\u00e4n tuen reunakivi\u00e4 vasten.\" \/>\n<meta name=\"robots\" content=\"index, follow, max-snippet:-1, max-image-preview:large, max-video-preview:-1\" \/>\n<link rel=\"canonical\" href=\"https:\/\/www.meiren.ee\/fi\/kulmaterat\/\" \/>\n<meta property=\"og:locale\" content=\"fi_FI\" \/>\n<meta property=\"og:type\" content=\"article\" \/>\n<meta property=\"og:title\" content=\"Kulmater\u00e4t | Meiren lumesahad\" \/>\n<meta property=\"og:description\" content=\"Auran siipi voidaan varustaa vaihdettavilla, j\u00e4yk\u00e4sti kiinnitetyill\u00e4 kulmaterill\u00e4, jotka mahdollistavat reunakivien puhdistamisen ja ter\u00e4n tuen reunakivi\u00e4 vasten.\" \/>\n<meta property=\"og:url\" content=\"https:\/\/www.meiren.ee\/fi\/kulmaterat\/\" \/>\n<meta property=\"og:site_name\" content=\"Meiren lumesahad\" \/>\n<meta property=\"article:publisher\" content=\"https:\/\/www.facebook.com\/Meiren.ee?ref=nf\" \/>\n<meta property=\"article:modified_time\" content=\"2022-11-01T09:00:33+00:00\" \/>\n<meta property=\"og:image\" content=\"https:\/\/meiren.ee\/wp-content\/uploads\/2014\/08\/Side-blade-201x300.jpg\" \/>\n<meta name=\"twitter:card\" content=\"summary_large_image\" \/>\n<meta name=\"twitter:label1\" content=\"Arvioitu lukuaika\" \/>\n\t<meta name=\"twitter:data1\" content=\"1 minuutti\" \/>\n<script type=\"application\/ld+json\" class=\"yoast-schema-graph\">{\"@context\":\"https:\/\/schema.org\",\"@graph\":[{\"@type\":\"WebPage\",\"@id\":\"https:\/\/www.meiren.ee\/fi\/kulmaterat\/\",\"url\":\"https:\/\/www.meiren.ee\/fi\/kulmaterat\/\",\"name\":\"Kulmater\u00e4t | Meiren lumesahad\",\"isPartOf\":{\"@id\":\"https:\/\/www.meiren.ee\/en\/#website\"},\"primaryImageOfPage\":{\"@id\":\"https:\/\/www.meiren.ee\/fi\/kulmaterat\/#primaryimage\"},\"image\":{\"@id\":\"https:\/\/www.meiren.ee\/fi\/kulmaterat\/#primaryimage\"},\"thumbnailUrl\":\"https:\/\/meiren.ee\/wp-content\/uploads\/2014\/08\/Side-blade-201x300.jpg\",\"datePublished\":\"2019-01-22T09:42:21+00:00\",\"dateModified\":\"2022-11-01T09:00:33+00:00\",\"description\":\"Auran siipi voidaan varustaa vaihdettavilla, j\u00e4yk\u00e4sti kiinnitetyill\u00e4 kulmaterill\u00e4, jotka mahdollistavat reunakivien puhdistamisen ja ter\u00e4n tuen reunakivi\u00e4 vasten.\",\"breadcrumb\":{\"@id\":\"https:\/\/www.meiren.ee\/fi\/kulmaterat\/#breadcrumb\"},\"inLanguage\":\"fi\",\"potentialAction\":[{\"@type\":\"ReadAction\",\"target\":[\"https:\/\/www.meiren.ee\/fi\/kulmaterat\/\"]}]},{\"@type\":\"ImageObject\",\"inLanguage\":\"fi\",\"@id\":\"https:\/\/www.meiren.ee\/fi\/kulmaterat\/#primaryimage\",\"url\":\"https:\/\/meiren.ee\/wp-content\/uploads\/2014\/08\/Side-blade-201x300.jpg\",\"contentUrl\":\"https:\/\/meiren.ee\/wp-content\/uploads\/2014\/08\/Side-blade-201x300.jpg\"},{\"@type\":\"BreadcrumbList\",\"@id\":\"https:\/\/www.meiren.ee\/fi\/kulmaterat\/#breadcrumb\",\"itemListElement\":[{\"@type\":\"ListItem\",\"position\":1,\"name\":\"Home\",\"item\":\"https:\/\/www.meiren.ee\/en\/\"},{\"@type\":\"ListItem\",\"position\":2,\"name\":\"Kulmater\u00e4t\"}]},{\"@type\":\"WebSite\",\"@id\":\"https:\/\/www.meiren.ee\/en\/#website\",\"url\":\"https:\/\/www.meiren.ee\/en\/\",\"name\":\"Meiren lumesahad\",\"description\":\"Lumesahk ja lumet\u00f5rje tehnika, maantee lumesahk, lumesahk traktorile, lumesahk maasturile, harjad, lumekopp, varuosad ja hooldus, lumesaha terad, Kobit s.r.o. soolapuisturid\",\"potentialAction\":[{\"@type\":\"SearchAction\",\"target\":{\"@type\":\"EntryPoint\",\"urlTemplate\":\"https:\/\/www.meiren.ee\/en\/?s={search_term_string}\"},\"query-input\":{\"@type\":\"PropertyValueSpecification\",\"valueRequired\":true,\"valueName\":\"search_term_string\"}}],\"inLanguage\":\"fi\"}]}<\/script>\n<!-- \/ Yoast SEO plugin. -->","yoast_head_json":{"title":"Kulmater\u00e4t | Meiren lumesahad","description":"Auran siipi voidaan varustaa vaihdettavilla, j\u00e4yk\u00e4sti kiinnitetyill\u00e4 kulmaterill\u00e4, jotka mahdollistavat reunakivien puhdistamisen ja ter\u00e4n tuen reunakivi\u00e4 vasten.","robots":{"index":"index","follow":"follow","max-snippet":"max-snippet:-1","max-image-preview":"max-image-preview:large","max-video-preview":"max-video-preview:-1"},"canonical":"https:\/\/www.meiren.ee\/fi\/kulmaterat\/","og_locale":"fi_FI","og_type":"article","og_title":"Kulmater\u00e4t | Meiren lumesahad","og_description":"Auran siipi voidaan varustaa vaihdettavilla, j\u00e4yk\u00e4sti kiinnitetyill\u00e4 kulmaterill\u00e4, jotka mahdollistavat reunakivien puhdistamisen ja ter\u00e4n tuen reunakivi\u00e4 vasten.","og_url":"https:\/\/www.meiren.ee\/fi\/kulmaterat\/","og_site_name":"Meiren lumesahad","article_publisher":"https:\/\/www.facebook.com\/Meiren.ee?ref=nf","article_modified_time":"2022-11-01T09:00:33+00:00","og_image":[{"url":"https:\/\/meiren.ee\/wp-content\/uploads\/2014\/08\/Side-blade-201x300.jpg","type":"","width":"","height":""}],"twitter_card":"summary_large_image","twitter_misc":{"Arvioitu lukuaika":"1 minuutti"},"schema":{"@context":"https:\/\/schema.org","@graph":[{"@type":"WebPage","@id":"https:\/\/www.meiren.ee\/fi\/kulmaterat\/","url":"https:\/\/www.meiren.ee\/fi\/kulmaterat\/","name":"Kulmater\u00e4t | Meiren lumesahad","isPartOf":{"@id":"https:\/\/www.meiren.ee\/en\/#website"},"primaryImageOfPage":{"@id":"https:\/\/www.meiren.ee\/fi\/kulmaterat\/#primaryimage"},"image":{"@id":"https:\/\/www.meiren.ee\/fi\/kulmaterat\/#primaryimage"},"thumbnailUrl":"https:\/\/meiren.ee\/wp-content\/uploads\/2014\/08\/Side-blade-201x300.jpg","datePublished":"2019-01-22T09:42:21+00:00","dateModified":"2022-11-01T09:00:33+00:00","description":"Auran siipi voidaan varustaa vaihdettavilla, j\u00e4yk\u00e4sti kiinnitetyill\u00e4 kulmaterill\u00e4, jotka mahdollistavat reunakivien puhdistamisen ja ter\u00e4n tuen reunakivi\u00e4 vasten.","breadcrumb":{"@id":"https:\/\/www.meiren.ee\/fi\/kulmaterat\/#breadcrumb"},"inLanguage":"fi","potentialAction":[{"@type":"ReadAction","target":["https:\/\/www.meiren.ee\/fi\/kulmaterat\/"]}]},{"@type":"ImageObject","inLanguage":"fi","@id":"https:\/\/www.meiren.ee\/fi\/kulmaterat\/#primaryimage","url":"https:\/\/meiren.ee\/wp-content\/uploads\/2014\/08\/Side-blade-201x300.jpg","contentUrl":"https:\/\/meiren.ee\/wp-content\/uploads\/2014\/08\/Side-blade-201x300.jpg"},{"@type":"BreadcrumbList","@id":"https:\/\/www.meiren.ee\/fi\/kulmaterat\/#breadcrumb","itemListElement":[{"@type":"ListItem","position":1,"name":"Home","item":"https:\/\/www.meiren.ee\/en\/"},{"@type":"ListItem","position":2,"name":"Kulmater\u00e4t"}]},{"@type":"WebSite","@id":"https:\/\/www.meiren.ee\/en\/#website","url":"https:\/\/www.meiren.ee\/en\/","name":"Meiren lumesahad","description":"Lumesahk ja lumet\u00f5rje tehnika, maantee lumesahk, lumesahk traktorile, lumesahk maasturile, harjad, lumekopp, varuosad ja hooldus, lumesaha terad, Kobit s.r.o. soolapuisturid","potentialAction":[{"@type":"SearchAction","target":{"@type":"EntryPoint","urlTemplate":"https:\/\/www.meiren.ee\/en\/?s={search_term_string}"},"query-input":{"@type":"PropertyValueSpecification","valueRequired":true,"valueName":"search_term_string"}}],"inLanguage":"fi"}]}},"_links":{"self":[{"href":"https:\/\/www.meiren.ee\/fi\/wp-json\/wp\/v2\/pages\/15183"}],"collection":[{"href":"https:\/\/www.meiren.ee\/fi\/wp-json\/wp\/v2\/pages"}],"about":[{"href":"https:\/\/www.meiren.ee\/fi\/wp-json\/wp\/v2\/types\/page"}],"author":[{"embeddable":true,"href":"https:\/\/www.meiren.ee\/fi\/wp-json\/wp\/v2\/users\/2"}],"replies":[{"embeddable":true,"href":"https:\/\/www.meiren.ee\/fi\/wp-json\/wp\/v2\/comments?post=15183"}],"version-history":[{"count":7,"href":"https:\/\/www.meiren.ee\/fi\/wp-json\/wp\/v2\/pages\/15183\/revisions"}],"predecessor-version":[{"id":22052,"href":"https:\/\/www.meiren.ee\/fi\/wp-json\/wp\/v2\/pages\/15183\/revisions\/22052"}],"wp:attachment":[{"href":"https:\/\/www.meiren.ee\/fi\/wp-json\/wp\/v2\/media?parent=15183"}],"curies":[{"name":"wp","href":"https:\/\/api.w.org\/{rel}","templated":true}]}}