{"id":15208,"date":"2019-01-22T11:42:36","date_gmt":"2019-01-22T09:42:36","guid":{"rendered":"https:\/\/meiren.ee\/fi\/?page_id=15208"},"modified":"2022-10-31T14:54:26","modified_gmt":"2022-10-31T12:54:26","slug":"saadettavat-liukujalakset","status":"publish","type":"page","link":"https:\/\/www.meiren.ee\/fi\/saadettavat-liukujalakset\/","title":{"rendered":"S\u00e4\u00e4dett\u00e4v\u00e4t liukujalakset"},"content":{"rendered":"<div id=\"attachment_15215\" style=\"width: 295px\" class=\"wp-caption alignnone\"><img fetchpriority=\"high\" decoding=\"async\" aria-describedby=\"caption-attachment-15215\" class=\"size-thumbnail wp-image-15215\" src=\"https:\/\/meiren.ee\/wp-content\/uploads\/2017\/07\/Skid-shoe-1-285x270.jpg\" alt=\"S\u00e4\u00e4dett\u00e4v\u00e4 liukujalas\" width=\"285\" height=\"270\" \/><p id=\"caption-attachment-15215\" class=\"wp-caption-text\">S\u00e4\u00e4dett\u00e4v\u00e4 liukujalas<\/p><\/div>\n<p style=\"text-align: justify;\"><strong>S\u00e4\u00e4dett\u00e4v\u00e4t liukujalakset<\/strong> auttavat est\u00e4m\u00e4\u00e4n terien liiallista kulumista pinnoitetuilla teill\u00e4 ja sorateill\u00e4. Sarja sis\u00e4lt\u00e4\u00e4 liukujalakset, jossa on kovaa seoslevy\u00e4 ja s\u00e4\u00e4t\u00f6mekanismi. Liukujalas k\u00e4ytett\u00e4ess\u00e4 on varmistettava, ettei se kuluu liian nopeasti, koska pohja voi katketa ja pudota. Kun olet s\u00e4\u00e4t\u00e4nyt liukujalan, \u00e4l\u00e4 unohda asentaa kahvaosaa varmistaaksesi, ett\u00e4 liukukenk\u00e4 pysyy halutussa asennossa.<\/p>\n<div id=\"attachment_15220\" style=\"width: 287px\" class=\"wp-caption alignnone\"><img decoding=\"async\" aria-describedby=\"caption-attachment-15220\" class=\"size-thumbnail wp-image-15220\" src=\"https:\/\/meiren.ee\/wp-content\/uploads\/2017\/07\/Sandvik-skid-shoe-277x270.jpg\" alt=\"Sandvik liukujalas\" width=\"277\" height=\"270\" \/><p id=\"caption-attachment-15220\" class=\"wp-caption-text\">Sandvik liukujalas<\/p><\/div>\n","protected":false},"excerpt":{"rendered":"<p>S\u00e4\u00e4dett\u00e4v\u00e4t liukujalakset auttavat est\u00e4m\u00e4\u00e4n terien liiallista kulumista pinnoitetuilla teill\u00e4 ja sorateill\u00e4. Sarja sis\u00e4lt\u00e4\u00e4 liukujalakset, jossa on kovaa seoslevy\u00e4 ja s\u00e4\u00e4t\u00f6mekanismi. Liukujalas k\u00e4ytett\u00e4ess\u00e4 on varmistettava, ettei se kuluu liian nopeasti, koska pohja voi katketa ja pudota. Kun olet s\u00e4\u00e4t\u00e4nyt liukujalan, \u00e4l\u00e4 unohda asentaa kahvaosaa varmistaaksesi, ett\u00e4 liukukenk\u00e4 pysyy halutussa asennossa.<\/p>\n","protected":false},"author":2,"featured_media":0,"parent":0,"menu_order":0,"comment_status":"closed","ping_status":"closed","template":"page-special_page.php","meta":{"footnotes":""},"class_list":["post-15208","page","type-page","status-publish","hentry"],"yoast_head":"<!-- This site is optimized with the Yoast SEO plugin v25.6 - https:\/\/yoast.com\/wordpress\/plugins\/seo\/ -->\n<title>S\u00e4\u00e4dett\u00e4v\u00e4t liukujalakset | Meiren lumesahad<\/title>\n<meta name=\"robots\" content=\"index, follow, max-snippet:-1, max-image-preview:large, max-video-preview:-1\" \/>\n<link rel=\"canonical\" href=\"https:\/\/www.meiren.ee\/fi\/saadettavat-liukujalakset\/\" \/>\n<meta property=\"og:locale\" content=\"fi_FI\" \/>\n<meta property=\"og:type\" content=\"article\" \/>\n<meta property=\"og:title\" content=\"S\u00e4\u00e4dett\u00e4v\u00e4t liukujalakset | Meiren lumesahad\" \/>\n<meta property=\"og:description\" content=\"S\u00e4\u00e4dett\u00e4v\u00e4t liukujalakset auttavat est\u00e4m\u00e4\u00e4n terien liiallista kulumista pinnoitetuilla teill\u00e4 ja sorateill\u00e4. Sarja sis\u00e4lt\u00e4\u00e4 liukujalakset, jossa on kovaa seoslevy\u00e4 ja s\u00e4\u00e4t\u00f6mekanismi. Liukujalas k\u00e4ytett\u00e4ess\u00e4 on varmistettava, ettei se kuluu liian nopeasti, koska pohja voi katketa ja pudota. Kun olet s\u00e4\u00e4t\u00e4nyt liukujalan, \u00e4l\u00e4 unohda asentaa kahvaosaa varmistaaksesi, ett\u00e4 liukukenk\u00e4 pysyy halutussa asennossa.\" \/>\n<meta property=\"og:url\" content=\"https:\/\/www.meiren.ee\/fi\/saadettavat-liukujalakset\/\" \/>\n<meta property=\"og:site_name\" content=\"Meiren lumesahad\" \/>\n<meta property=\"article:publisher\" content=\"https:\/\/www.facebook.com\/Meiren.ee?ref=nf\" \/>\n<meta property=\"article:modified_time\" content=\"2022-10-31T12:54:26+00:00\" \/>\n<meta property=\"og:image\" content=\"https:\/\/meiren.ee\/wp-content\/uploads\/2017\/07\/Skid-shoe-1-285x270.jpg\" \/>\n<meta name=\"twitter:card\" content=\"summary_large_image\" \/>\n<script type=\"application\/ld+json\" class=\"yoast-schema-graph\">{\"@context\":\"https:\/\/schema.org\",\"@graph\":[{\"@type\":\"WebPage\",\"@id\":\"https:\/\/www.meiren.ee\/fi\/saadettavat-liukujalakset\/\",\"url\":\"https:\/\/www.meiren.ee\/fi\/saadettavat-liukujalakset\/\",\"name\":\"S\u00e4\u00e4dett\u00e4v\u00e4t liukujalakset | Meiren lumesahad\",\"isPartOf\":{\"@id\":\"https:\/\/www.meiren.ee\/en\/#website\"},\"primaryImageOfPage\":{\"@id\":\"https:\/\/www.meiren.ee\/fi\/saadettavat-liukujalakset\/#primaryimage\"},\"image\":{\"@id\":\"https:\/\/www.meiren.ee\/fi\/saadettavat-liukujalakset\/#primaryimage\"},\"thumbnailUrl\":\"https:\/\/meiren.ee\/wp-content\/uploads\/2017\/07\/Skid-shoe-1-285x270.jpg\",\"datePublished\":\"2019-01-22T09:42:36+00:00\",\"dateModified\":\"2022-10-31T12:54:26+00:00\",\"breadcrumb\":{\"@id\":\"https:\/\/www.meiren.ee\/fi\/saadettavat-liukujalakset\/#breadcrumb\"},\"inLanguage\":\"fi\",\"potentialAction\":[{\"@type\":\"ReadAction\",\"target\":[\"https:\/\/www.meiren.ee\/fi\/saadettavat-liukujalakset\/\"]}]},{\"@type\":\"ImageObject\",\"inLanguage\":\"fi\",\"@id\":\"https:\/\/www.meiren.ee\/fi\/saadettavat-liukujalakset\/#primaryimage\",\"url\":\"https:\/\/meiren.ee\/wp-content\/uploads\/2017\/07\/Skid-shoe-1-285x270.jpg\",\"contentUrl\":\"https:\/\/meiren.ee\/wp-content\/uploads\/2017\/07\/Skid-shoe-1-285x270.jpg\"},{\"@type\":\"BreadcrumbList\",\"@id\":\"https:\/\/www.meiren.ee\/fi\/saadettavat-liukujalakset\/#breadcrumb\",\"itemListElement\":[{\"@type\":\"ListItem\",\"position\":1,\"name\":\"Home\",\"item\":\"https:\/\/www.meiren.ee\/en\/\"},{\"@type\":\"ListItem\",\"position\":2,\"name\":\"S\u00e4\u00e4dett\u00e4v\u00e4t liukujalakset\"}]},{\"@type\":\"WebSite\",\"@id\":\"https:\/\/www.meiren.ee\/en\/#website\",\"url\":\"https:\/\/www.meiren.ee\/en\/\",\"name\":\"Meiren lumesahad\",\"description\":\"Lumesahk ja lumet\u00f5rje tehnika, maantee lumesahk, lumesahk traktorile, lumesahk maasturile, harjad, lumekopp, varuosad ja hooldus, lumesaha terad, Kobit s.r.o. soolapuisturid\",\"potentialAction\":[{\"@type\":\"SearchAction\",\"target\":{\"@type\":\"EntryPoint\",\"urlTemplate\":\"https:\/\/www.meiren.ee\/en\/?s={search_term_string}\"},\"query-input\":{\"@type\":\"PropertyValueSpecification\",\"valueRequired\":true,\"valueName\":\"search_term_string\"}}],\"inLanguage\":\"fi\"}]}<\/script>\n<!-- \/ Yoast SEO plugin. -->","yoast_head_json":{"title":"S\u00e4\u00e4dett\u00e4v\u00e4t liukujalakset | Meiren lumesahad","robots":{"index":"index","follow":"follow","max-snippet":"max-snippet:-1","max-image-preview":"max-image-preview:large","max-video-preview":"max-video-preview:-1"},"canonical":"https:\/\/www.meiren.ee\/fi\/saadettavat-liukujalakset\/","og_locale":"fi_FI","og_type":"article","og_title":"S\u00e4\u00e4dett\u00e4v\u00e4t liukujalakset | Meiren lumesahad","og_description":"S\u00e4\u00e4dett\u00e4v\u00e4t liukujalakset auttavat est\u00e4m\u00e4\u00e4n terien liiallista kulumista pinnoitetuilla teill\u00e4 ja sorateill\u00e4. Sarja sis\u00e4lt\u00e4\u00e4 liukujalakset, jossa on kovaa seoslevy\u00e4 ja s\u00e4\u00e4t\u00f6mekanismi. Liukujalas k\u00e4ytett\u00e4ess\u00e4 on varmistettava, ettei se kuluu liian nopeasti, koska pohja voi katketa ja pudota. Kun olet s\u00e4\u00e4t\u00e4nyt liukujalan, \u00e4l\u00e4 unohda asentaa kahvaosaa varmistaaksesi, ett\u00e4 liukukenk\u00e4 pysyy halutussa asennossa.","og_url":"https:\/\/www.meiren.ee\/fi\/saadettavat-liukujalakset\/","og_site_name":"Meiren lumesahad","article_publisher":"https:\/\/www.facebook.com\/Meiren.ee?ref=nf","article_modified_time":"2022-10-31T12:54:26+00:00","og_image":[{"url":"https:\/\/meiren.ee\/wp-content\/uploads\/2017\/07\/Skid-shoe-1-285x270.jpg","type":"","width":"","height":""}],"twitter_card":"summary_large_image","schema":{"@context":"https:\/\/schema.org","@graph":[{"@type":"WebPage","@id":"https:\/\/www.meiren.ee\/fi\/saadettavat-liukujalakset\/","url":"https:\/\/www.meiren.ee\/fi\/saadettavat-liukujalakset\/","name":"S\u00e4\u00e4dett\u00e4v\u00e4t liukujalakset | Meiren lumesahad","isPartOf":{"@id":"https:\/\/www.meiren.ee\/en\/#website"},"primaryImageOfPage":{"@id":"https:\/\/www.meiren.ee\/fi\/saadettavat-liukujalakset\/#primaryimage"},"image":{"@id":"https:\/\/www.meiren.ee\/fi\/saadettavat-liukujalakset\/#primaryimage"},"thumbnailUrl":"https:\/\/meiren.ee\/wp-content\/uploads\/2017\/07\/Skid-shoe-1-285x270.jpg","datePublished":"2019-01-22T09:42:36+00:00","dateModified":"2022-10-31T12:54:26+00:00","breadcrumb":{"@id":"https:\/\/www.meiren.ee\/fi\/saadettavat-liukujalakset\/#breadcrumb"},"inLanguage":"fi","potentialAction":[{"@type":"ReadAction","target":["https:\/\/www.meiren.ee\/fi\/saadettavat-liukujalakset\/"]}]},{"@type":"ImageObject","inLanguage":"fi","@id":"https:\/\/www.meiren.ee\/fi\/saadettavat-liukujalakset\/#primaryimage","url":"https:\/\/meiren.ee\/wp-content\/uploads\/2017\/07\/Skid-shoe-1-285x270.jpg","contentUrl":"https:\/\/meiren.ee\/wp-content\/uploads\/2017\/07\/Skid-shoe-1-285x270.jpg"},{"@type":"BreadcrumbList","@id":"https:\/\/www.meiren.ee\/fi\/saadettavat-liukujalakset\/#breadcrumb","itemListElement":[{"@type":"ListItem","position":1,"name":"Home","item":"https:\/\/www.meiren.ee\/en\/"},{"@type":"ListItem","position":2,"name":"S\u00e4\u00e4dett\u00e4v\u00e4t liukujalakset"}]},{"@type":"WebSite","@id":"https:\/\/www.meiren.ee\/en\/#website","url":"https:\/\/www.meiren.ee\/en\/","name":"Meiren lumesahad","description":"Lumesahk ja lumet\u00f5rje tehnika, maantee lumesahk, lumesahk traktorile, lumesahk maasturile, harjad, lumekopp, varuosad ja hooldus, lumesaha terad, Kobit s.r.o. soolapuisturid","potentialAction":[{"@type":"SearchAction","target":{"@type":"EntryPoint","urlTemplate":"https:\/\/www.meiren.ee\/en\/?s={search_term_string}"},"query-input":{"@type":"PropertyValueSpecification","valueRequired":true,"valueName":"search_term_string"}}],"inLanguage":"fi"}]}},"_links":{"self":[{"href":"https:\/\/www.meiren.ee\/fi\/wp-json\/wp\/v2\/pages\/15208"}],"collection":[{"href":"https:\/\/www.meiren.ee\/fi\/wp-json\/wp\/v2\/pages"}],"about":[{"href":"https:\/\/www.meiren.ee\/fi\/wp-json\/wp\/v2\/types\/page"}],"author":[{"embeddable":true,"href":"https:\/\/www.meiren.ee\/fi\/wp-json\/wp\/v2\/users\/2"}],"replies":[{"embeddable":true,"href":"https:\/\/www.meiren.ee\/fi\/wp-json\/wp\/v2\/comments?post=15208"}],"version-history":[{"count":6,"href":"https:\/\/www.meiren.ee\/fi\/wp-json\/wp\/v2\/pages\/15208\/revisions"}],"predecessor-version":[{"id":17637,"href":"https:\/\/www.meiren.ee\/fi\/wp-json\/wp\/v2\/pages\/15208\/revisions\/17637"}],"wp:attachment":[{"href":"https:\/\/www.meiren.ee\/fi\/wp-json\/wp\/v2\/media?parent=15208"}],"curies":[{"name":"wp","href":"https:\/\/api.w.org\/{rel}","templated":true}]}}