{"id":15238,"date":"2019-01-22T11:42:40","date_gmt":"2019-01-22T09:42:40","guid":{"rendered":"https:\/\/meiren.ee\/fi\/?page_id=15238"},"modified":"2022-10-31T14:56:05","modified_gmt":"2022-10-31T12:56:05","slug":"saeaedettaevaet-tukipyoeraet","status":"publish","type":"page","link":"https:\/\/www.meiren.ee\/fi\/saeaedettaevaet-tukipyoeraet\/","title":{"rendered":"S\u00e4\u00e4dett\u00e4v\u00e4t tukipy\u00f6r\u00e4t"},"content":{"rendered":"<div id=\"attachment_1274\" style=\"width: 400px\" class=\"wp-caption alignnone\"><img fetchpriority=\"high\" decoding=\"async\" aria-describedby=\"caption-attachment-1274\" class=\"size-thumbnail wp-image-1274\" src=\"https:\/\/meiren.ee\/wp-content\/uploads\/2014\/04\/Uus-pilt2-390x270.jpg\" alt=\"S\u00e4\u00e4dett\u00e4v\u00e4t tukipy\u00f6r\u00e4t\" width=\"390\" height=\"270\" \/><p id=\"caption-attachment-1274\" class=\"wp-caption-text\">S\u00e4\u00e4dett\u00e4v\u00e4t tukipy\u00f6r\u00e4t<\/p><\/div>\n<p style=\"text-align: justify;\"><strong>S\u00e4\u00e4dett\u00e4v\u00e4t tukipy\u00f6r\u00e4t<\/strong> auttavat v\u00e4ltt\u00e4m\u00e4\u00e4n ter\u00e4terien liiallista kulumista puhdistettaessa pinnoitetuilla teill\u00e4.<\/p>\n<p>Tukipy\u00f6r\u00e4n sarja sis\u00e4lt\u00e4\u00e4 korkean lujuuden, ilmarenkaan ja s\u00e4\u00e4t\u00f6mekanismin. Renkaan paineen on oltava 10 baaria ty\u00f6skentelyn aikana. Jos ilman l\u00e4mp\u00f6tila muuttuu \u00e4killisesti, rengaspaine on tarkistettava uudelleen.<\/p>\n<p>Py\u00f6r\u00e4mekanismin jousi on suunniteltu vet\u00e4m\u00e4\u00e4n py\u00f6r\u00e4\u00e4 l\u00e4helle kuljetusasennetta kuljetusasennossa. Jousen kireytt\u00e4 voidaan s\u00e4\u00e4t\u00e4\u00e4. Jousi on s\u00e4\u00e4dett\u00e4v\u00e4 niin, ett\u00e4 py\u00f6r\u00e4 ei p\u00e4\u00e4se kosketukseen ajoneuvon kanssa, kun auraa nostetaan.<\/p>\n<p>HUOM! Tukipy\u00f6ri\u00e4 ei voi k\u00e4ytt\u00e4\u00e4 hydraulisen loskater\u00e4n kanssa (mallit LH).<\/p>\n<div id=\"attachment_15235\" style=\"width: 340px\" class=\"wp-caption alignnone\"><img decoding=\"async\" aria-describedby=\"caption-attachment-15235\" class=\"size-thumbnail wp-image-15235\" src=\"https:\/\/meiren.ee\/wp-content\/uploads\/2017\/07\/Support-wheels-TRN-330x270.jpg\" alt=\"TRN lumiauran tukip\u00f6yr\u00e4t\" width=\"330\" height=\"270\" srcset=\"https:\/\/www.meiren.ee\/wp-content\/uploads\/2017\/07\/Support-wheels-TRN.jpg 330w, https:\/\/www.meiren.ee\/wp-content\/uploads\/2017\/07\/Support-wheels-TRN-300x245.jpg 300w\" sizes=\"(max-width: 330px) 100vw, 330px\" \/><p id=\"caption-attachment-15235\" class=\"wp-caption-text\">TRN lumiauran tukip\u00f6yr\u00e4t<\/p><\/div>\n","protected":false},"excerpt":{"rendered":"<p>S\u00e4\u00e4dett\u00e4v\u00e4t tukipy\u00f6r\u00e4t auttavat v\u00e4ltt\u00e4m\u00e4\u00e4n ter\u00e4terien liiallista kulumista puhdistettaessa pinnoitetuilla teill\u00e4. Tukipy\u00f6r\u00e4n sarja sis\u00e4lt\u00e4\u00e4 korkean lujuuden, ilmarenkaan ja s\u00e4\u00e4t\u00f6mekanismin. Renkaan paineen on oltava 10 baaria ty\u00f6skentelyn aikana. Jos ilman l\u00e4mp\u00f6tila muuttuu \u00e4killisesti, rengaspaine on tarkistettava uudelleen. Py\u00f6r\u00e4mekanismin jousi on suunniteltu vet\u00e4m\u00e4\u00e4n py\u00f6r\u00e4\u00e4 l\u00e4helle kuljetusasennetta kuljetusasennossa. Jousen kireytt\u00e4 voidaan s\u00e4\u00e4t\u00e4\u00e4. Jousi on s\u00e4\u00e4dett\u00e4v\u00e4 niin, ett\u00e4 py\u00f6r\u00e4 ei [&hellip;]<\/p>\n","protected":false},"author":2,"featured_media":0,"parent":0,"menu_order":0,"comment_status":"closed","ping_status":"closed","template":"page-special_page.php","meta":{"footnotes":""},"class_list":["post-15238","page","type-page","status-publish","hentry"],"yoast_head":"<!-- This site is optimized with the Yoast SEO plugin v25.6 - https:\/\/yoast.com\/wordpress\/plugins\/seo\/ -->\n<title>S\u00e4\u00e4dett\u00e4v\u00e4t tukipy\u00f6r\u00e4t | Meiren lumesahad<\/title>\n<meta name=\"robots\" content=\"index, follow, max-snippet:-1, max-image-preview:large, max-video-preview:-1\" \/>\n<link rel=\"canonical\" href=\"https:\/\/www.meiren.ee\/fi\/saeaedettaevaet-tukipyoeraet\/\" \/>\n<meta property=\"og:locale\" content=\"fi_FI\" \/>\n<meta property=\"og:type\" content=\"article\" \/>\n<meta property=\"og:title\" content=\"S\u00e4\u00e4dett\u00e4v\u00e4t tukipy\u00f6r\u00e4t | Meiren lumesahad\" \/>\n<meta property=\"og:description\" content=\"S\u00e4\u00e4dett\u00e4v\u00e4t tukipy\u00f6r\u00e4t auttavat v\u00e4ltt\u00e4m\u00e4\u00e4n ter\u00e4terien liiallista kulumista puhdistettaessa pinnoitetuilla teill\u00e4. Tukipy\u00f6r\u00e4n sarja sis\u00e4lt\u00e4\u00e4 korkean lujuuden, ilmarenkaan ja s\u00e4\u00e4t\u00f6mekanismin. Renkaan paineen on oltava 10 baaria ty\u00f6skentelyn aikana. Jos ilman l\u00e4mp\u00f6tila muuttuu \u00e4killisesti, rengaspaine on tarkistettava uudelleen. Py\u00f6r\u00e4mekanismin jousi on suunniteltu vet\u00e4m\u00e4\u00e4n py\u00f6r\u00e4\u00e4 l\u00e4helle kuljetusasennetta kuljetusasennossa. Jousen kireytt\u00e4 voidaan s\u00e4\u00e4t\u00e4\u00e4. Jousi on s\u00e4\u00e4dett\u00e4v\u00e4 niin, ett\u00e4 py\u00f6r\u00e4 ei [&hellip;]\" \/>\n<meta property=\"og:url\" content=\"https:\/\/www.meiren.ee\/fi\/saeaedettaevaet-tukipyoeraet\/\" \/>\n<meta property=\"og:site_name\" content=\"Meiren lumesahad\" \/>\n<meta property=\"article:publisher\" content=\"https:\/\/www.facebook.com\/Meiren.ee?ref=nf\" \/>\n<meta property=\"article:modified_time\" content=\"2022-10-31T12:56:05+00:00\" \/>\n<meta property=\"og:image\" content=\"https:\/\/meiren.ee\/wp-content\/uploads\/2014\/04\/Uus-pilt2-390x270.jpg\" \/>\n<meta name=\"twitter:card\" content=\"summary_large_image\" \/>\n<meta name=\"twitter:label1\" content=\"Arvioitu lukuaika\" \/>\n\t<meta name=\"twitter:data1\" content=\"1 minuutti\" \/>\n<script type=\"application\/ld+json\" class=\"yoast-schema-graph\">{\"@context\":\"https:\/\/schema.org\",\"@graph\":[{\"@type\":\"WebPage\",\"@id\":\"https:\/\/www.meiren.ee\/fi\/saeaedettaevaet-tukipyoeraet\/\",\"url\":\"https:\/\/www.meiren.ee\/fi\/saeaedettaevaet-tukipyoeraet\/\",\"name\":\"S\u00e4\u00e4dett\u00e4v\u00e4t tukipy\u00f6r\u00e4t | Meiren lumesahad\",\"isPartOf\":{\"@id\":\"https:\/\/www.meiren.ee\/en\/#website\"},\"primaryImageOfPage\":{\"@id\":\"https:\/\/www.meiren.ee\/fi\/saeaedettaevaet-tukipyoeraet\/#primaryimage\"},\"image\":{\"@id\":\"https:\/\/www.meiren.ee\/fi\/saeaedettaevaet-tukipyoeraet\/#primaryimage\"},\"thumbnailUrl\":\"https:\/\/meiren.ee\/wp-content\/uploads\/2014\/04\/Uus-pilt2-390x270.jpg\",\"datePublished\":\"2019-01-22T09:42:40+00:00\",\"dateModified\":\"2022-10-31T12:56:05+00:00\",\"breadcrumb\":{\"@id\":\"https:\/\/www.meiren.ee\/fi\/saeaedettaevaet-tukipyoeraet\/#breadcrumb\"},\"inLanguage\":\"fi\",\"potentialAction\":[{\"@type\":\"ReadAction\",\"target\":[\"https:\/\/www.meiren.ee\/fi\/saeaedettaevaet-tukipyoeraet\/\"]}]},{\"@type\":\"ImageObject\",\"inLanguage\":\"fi\",\"@id\":\"https:\/\/www.meiren.ee\/fi\/saeaedettaevaet-tukipyoeraet\/#primaryimage\",\"url\":\"https:\/\/meiren.ee\/wp-content\/uploads\/2014\/04\/Uus-pilt2-390x270.jpg\",\"contentUrl\":\"https:\/\/meiren.ee\/wp-content\/uploads\/2014\/04\/Uus-pilt2-390x270.jpg\"},{\"@type\":\"BreadcrumbList\",\"@id\":\"https:\/\/www.meiren.ee\/fi\/saeaedettaevaet-tukipyoeraet\/#breadcrumb\",\"itemListElement\":[{\"@type\":\"ListItem\",\"position\":1,\"name\":\"Home\",\"item\":\"https:\/\/www.meiren.ee\/en\/\"},{\"@type\":\"ListItem\",\"position\":2,\"name\":\"S\u00e4\u00e4dett\u00e4v\u00e4t tukipy\u00f6r\u00e4t\"}]},{\"@type\":\"WebSite\",\"@id\":\"https:\/\/www.meiren.ee\/en\/#website\",\"url\":\"https:\/\/www.meiren.ee\/en\/\",\"name\":\"Meiren lumesahad\",\"description\":\"Lumesahk ja lumet\u00f5rje tehnika, maantee lumesahk, lumesahk traktorile, lumesahk maasturile, harjad, lumekopp, varuosad ja hooldus, lumesaha terad, Kobit s.r.o. soolapuisturid\",\"potentialAction\":[{\"@type\":\"SearchAction\",\"target\":{\"@type\":\"EntryPoint\",\"urlTemplate\":\"https:\/\/www.meiren.ee\/en\/?s={search_term_string}\"},\"query-input\":{\"@type\":\"PropertyValueSpecification\",\"valueRequired\":true,\"valueName\":\"search_term_string\"}}],\"inLanguage\":\"fi\"}]}<\/script>\n<!-- \/ Yoast SEO plugin. -->","yoast_head_json":{"title":"S\u00e4\u00e4dett\u00e4v\u00e4t tukipy\u00f6r\u00e4t | Meiren lumesahad","robots":{"index":"index","follow":"follow","max-snippet":"max-snippet:-1","max-image-preview":"max-image-preview:large","max-video-preview":"max-video-preview:-1"},"canonical":"https:\/\/www.meiren.ee\/fi\/saeaedettaevaet-tukipyoeraet\/","og_locale":"fi_FI","og_type":"article","og_title":"S\u00e4\u00e4dett\u00e4v\u00e4t tukipy\u00f6r\u00e4t | Meiren lumesahad","og_description":"S\u00e4\u00e4dett\u00e4v\u00e4t tukipy\u00f6r\u00e4t auttavat v\u00e4ltt\u00e4m\u00e4\u00e4n ter\u00e4terien liiallista kulumista puhdistettaessa pinnoitetuilla teill\u00e4. Tukipy\u00f6r\u00e4n sarja sis\u00e4lt\u00e4\u00e4 korkean lujuuden, ilmarenkaan ja s\u00e4\u00e4t\u00f6mekanismin. Renkaan paineen on oltava 10 baaria ty\u00f6skentelyn aikana. Jos ilman l\u00e4mp\u00f6tila muuttuu \u00e4killisesti, rengaspaine on tarkistettava uudelleen. Py\u00f6r\u00e4mekanismin jousi on suunniteltu vet\u00e4m\u00e4\u00e4n py\u00f6r\u00e4\u00e4 l\u00e4helle kuljetusasennetta kuljetusasennossa. Jousen kireytt\u00e4 voidaan s\u00e4\u00e4t\u00e4\u00e4. Jousi on s\u00e4\u00e4dett\u00e4v\u00e4 niin, ett\u00e4 py\u00f6r\u00e4 ei [&hellip;]","og_url":"https:\/\/www.meiren.ee\/fi\/saeaedettaevaet-tukipyoeraet\/","og_site_name":"Meiren lumesahad","article_publisher":"https:\/\/www.facebook.com\/Meiren.ee?ref=nf","article_modified_time":"2022-10-31T12:56:05+00:00","og_image":[{"url":"https:\/\/meiren.ee\/wp-content\/uploads\/2014\/04\/Uus-pilt2-390x270.jpg","type":"","width":"","height":""}],"twitter_card":"summary_large_image","twitter_misc":{"Arvioitu lukuaika":"1 minuutti"},"schema":{"@context":"https:\/\/schema.org","@graph":[{"@type":"WebPage","@id":"https:\/\/www.meiren.ee\/fi\/saeaedettaevaet-tukipyoeraet\/","url":"https:\/\/www.meiren.ee\/fi\/saeaedettaevaet-tukipyoeraet\/","name":"S\u00e4\u00e4dett\u00e4v\u00e4t tukipy\u00f6r\u00e4t | Meiren lumesahad","isPartOf":{"@id":"https:\/\/www.meiren.ee\/en\/#website"},"primaryImageOfPage":{"@id":"https:\/\/www.meiren.ee\/fi\/saeaedettaevaet-tukipyoeraet\/#primaryimage"},"image":{"@id":"https:\/\/www.meiren.ee\/fi\/saeaedettaevaet-tukipyoeraet\/#primaryimage"},"thumbnailUrl":"https:\/\/meiren.ee\/wp-content\/uploads\/2014\/04\/Uus-pilt2-390x270.jpg","datePublished":"2019-01-22T09:42:40+00:00","dateModified":"2022-10-31T12:56:05+00:00","breadcrumb":{"@id":"https:\/\/www.meiren.ee\/fi\/saeaedettaevaet-tukipyoeraet\/#breadcrumb"},"inLanguage":"fi","potentialAction":[{"@type":"ReadAction","target":["https:\/\/www.meiren.ee\/fi\/saeaedettaevaet-tukipyoeraet\/"]}]},{"@type":"ImageObject","inLanguage":"fi","@id":"https:\/\/www.meiren.ee\/fi\/saeaedettaevaet-tukipyoeraet\/#primaryimage","url":"https:\/\/meiren.ee\/wp-content\/uploads\/2014\/04\/Uus-pilt2-390x270.jpg","contentUrl":"https:\/\/meiren.ee\/wp-content\/uploads\/2014\/04\/Uus-pilt2-390x270.jpg"},{"@type":"BreadcrumbList","@id":"https:\/\/www.meiren.ee\/fi\/saeaedettaevaet-tukipyoeraet\/#breadcrumb","itemListElement":[{"@type":"ListItem","position":1,"name":"Home","item":"https:\/\/www.meiren.ee\/en\/"},{"@type":"ListItem","position":2,"name":"S\u00e4\u00e4dett\u00e4v\u00e4t tukipy\u00f6r\u00e4t"}]},{"@type":"WebSite","@id":"https:\/\/www.meiren.ee\/en\/#website","url":"https:\/\/www.meiren.ee\/en\/","name":"Meiren lumesahad","description":"Lumesahk ja lumet\u00f5rje tehnika, maantee lumesahk, lumesahk traktorile, lumesahk maasturile, harjad, lumekopp, varuosad ja hooldus, lumesaha terad, Kobit s.r.o. soolapuisturid","potentialAction":[{"@type":"SearchAction","target":{"@type":"EntryPoint","urlTemplate":"https:\/\/www.meiren.ee\/en\/?s={search_term_string}"},"query-input":{"@type":"PropertyValueSpecification","valueRequired":true,"valueName":"search_term_string"}}],"inLanguage":"fi"}]}},"_links":{"self":[{"href":"https:\/\/www.meiren.ee\/fi\/wp-json\/wp\/v2\/pages\/15238"}],"collection":[{"href":"https:\/\/www.meiren.ee\/fi\/wp-json\/wp\/v2\/pages"}],"about":[{"href":"https:\/\/www.meiren.ee\/fi\/wp-json\/wp\/v2\/types\/page"}],"author":[{"embeddable":true,"href":"https:\/\/www.meiren.ee\/fi\/wp-json\/wp\/v2\/users\/2"}],"replies":[{"embeddable":true,"href":"https:\/\/www.meiren.ee\/fi\/wp-json\/wp\/v2\/comments?post=15238"}],"version-history":[{"count":4,"href":"https:\/\/www.meiren.ee\/fi\/wp-json\/wp\/v2\/pages\/15238\/revisions"}],"predecessor-version":[{"id":17640,"href":"https:\/\/www.meiren.ee\/fi\/wp-json\/wp\/v2\/pages\/15238\/revisions\/17640"}],"wp:attachment":[{"href":"https:\/\/www.meiren.ee\/fi\/wp-json\/wp\/v2\/media?parent=15238"}],"curies":[{"name":"wp","href":"https:\/\/api.w.org\/{rel}","templated":true}]}}