{"id":15245,"date":"2019-01-22T11:43:03","date_gmt":"2019-01-22T09:43:03","guid":{"rendered":"https:\/\/meiren.ee\/fi\/?page_id=15245"},"modified":"2022-10-31T14:56:55","modified_gmt":"2022-10-31T12:56:55","slug":"tukijalka","status":"publish","type":"page","link":"https:\/\/www.meiren.ee\/fi\/tukijalka\/","title":{"rendered":"Tukijalka"},"content":{"rendered":"<div id=\"attachment_12080\" style=\"width: 400px\" class=\"wp-caption alignnone\"><img fetchpriority=\"high\" decoding=\"async\" aria-describedby=\"caption-attachment-12080\" class=\"size-thumbnail wp-image-12080\" src=\"https:\/\/meiren.ee\/wp-content\/uploads\/2017\/03\/Support-leg-390x270.png\" alt=\"Manuaalisesti s\u00e4\u00e4dett\u00e4v\u00e4 tukijalka\" width=\"390\" height=\"270\" \/><p id=\"caption-attachment-12080\" class=\"wp-caption-text\">Manuaalisesti s\u00e4\u00e4dett\u00e4v\u00e4 tukijalka<\/p><\/div>\n<p style=\"text-align: justify;\"><strong>Tukijalka<\/strong><\/p>\n<p>Kuljetusasennossa nostorungo asetetaan tukijalkaan (varastointi varten). Tukijalas voidaan tilata joko <strong>mekaanisesti<\/strong> tai <strong>hydraulisesti<\/strong> s\u00e4\u00e4dett\u00e4v\u00e4.<\/p>\n<div id=\"attachment_13103\" style=\"width: 400px\" class=\"wp-caption alignnone\"><img decoding=\"async\" aria-describedby=\"caption-attachment-13103\" class=\"size-thumbnail wp-image-13103\" src=\"https:\/\/meiren.ee\/wp-content\/uploads\/2017\/07\/Support-leg-390x270.jpg\" alt=\"Hydraulisesti s\u00e4\u00e4dett\u00e4v\u00e4 tukijalka\" width=\"390\" height=\"270\" \/><p id=\"caption-attachment-13103\" class=\"wp-caption-text\">Hydraulisesti s\u00e4\u00e4dett\u00e4v\u00e4 tukijalka<\/p><\/div>\n","protected":false},"excerpt":{"rendered":"<p>Tukijalka Kuljetusasennossa nostorungo asetetaan tukijalkaan (varastointi varten). Tukijalas voidaan tilata joko mekaanisesti tai hydraulisesti s\u00e4\u00e4dett\u00e4v\u00e4.<\/p>\n","protected":false},"author":2,"featured_media":0,"parent":0,"menu_order":0,"comment_status":"closed","ping_status":"closed","template":"page-special_page.php","meta":{"footnotes":""},"class_list":["post-15245","page","type-page","status-publish","hentry"],"yoast_head":"<!-- This site is optimized with the Yoast SEO plugin v25.6 - https:\/\/yoast.com\/wordpress\/plugins\/seo\/ -->\n<title>Tukijalka | Meiren lumesahad<\/title>\n<meta name=\"robots\" content=\"index, follow, max-snippet:-1, max-image-preview:large, max-video-preview:-1\" \/>\n<link rel=\"canonical\" href=\"https:\/\/www.meiren.ee\/fi\/tukijalka\/\" \/>\n<meta property=\"og:locale\" content=\"fi_FI\" \/>\n<meta property=\"og:type\" content=\"article\" \/>\n<meta property=\"og:title\" content=\"Tukijalka | Meiren lumesahad\" \/>\n<meta property=\"og:description\" content=\"Tukijalka Kuljetusasennossa nostorungo asetetaan tukijalkaan (varastointi varten). Tukijalas voidaan tilata joko mekaanisesti tai hydraulisesti s\u00e4\u00e4dett\u00e4v\u00e4.\" \/>\n<meta property=\"og:url\" content=\"https:\/\/www.meiren.ee\/fi\/tukijalka\/\" \/>\n<meta property=\"og:site_name\" content=\"Meiren lumesahad\" \/>\n<meta property=\"article:publisher\" content=\"https:\/\/www.facebook.com\/Meiren.ee?ref=nf\" \/>\n<meta property=\"article:modified_time\" content=\"2022-10-31T12:56:55+00:00\" \/>\n<meta property=\"og:image\" content=\"https:\/\/meiren.ee\/wp-content\/uploads\/2017\/03\/Support-leg-390x270.png\" \/>\n<meta name=\"twitter:card\" content=\"summary_large_image\" \/>\n<script type=\"application\/ld+json\" class=\"yoast-schema-graph\">{\"@context\":\"https:\/\/schema.org\",\"@graph\":[{\"@type\":\"WebPage\",\"@id\":\"https:\/\/www.meiren.ee\/fi\/tukijalka\/\",\"url\":\"https:\/\/www.meiren.ee\/fi\/tukijalka\/\",\"name\":\"Tukijalka | Meiren lumesahad\",\"isPartOf\":{\"@id\":\"https:\/\/www.meiren.ee\/en\/#website\"},\"primaryImageOfPage\":{\"@id\":\"https:\/\/www.meiren.ee\/fi\/tukijalka\/#primaryimage\"},\"image\":{\"@id\":\"https:\/\/www.meiren.ee\/fi\/tukijalka\/#primaryimage\"},\"thumbnailUrl\":\"https:\/\/meiren.ee\/wp-content\/uploads\/2017\/03\/Support-leg-390x270.png\",\"datePublished\":\"2019-01-22T09:43:03+00:00\",\"dateModified\":\"2022-10-31T12:56:55+00:00\",\"breadcrumb\":{\"@id\":\"https:\/\/www.meiren.ee\/fi\/tukijalka\/#breadcrumb\"},\"inLanguage\":\"fi\",\"potentialAction\":[{\"@type\":\"ReadAction\",\"target\":[\"https:\/\/www.meiren.ee\/fi\/tukijalka\/\"]}]},{\"@type\":\"ImageObject\",\"inLanguage\":\"fi\",\"@id\":\"https:\/\/www.meiren.ee\/fi\/tukijalka\/#primaryimage\",\"url\":\"https:\/\/meiren.ee\/wp-content\/uploads\/2017\/03\/Support-leg-390x270.png\",\"contentUrl\":\"https:\/\/meiren.ee\/wp-content\/uploads\/2017\/03\/Support-leg-390x270.png\"},{\"@type\":\"BreadcrumbList\",\"@id\":\"https:\/\/www.meiren.ee\/fi\/tukijalka\/#breadcrumb\",\"itemListElement\":[{\"@type\":\"ListItem\",\"position\":1,\"name\":\"Home\",\"item\":\"https:\/\/www.meiren.ee\/en\/\"},{\"@type\":\"ListItem\",\"position\":2,\"name\":\"Tukijalka\"}]},{\"@type\":\"WebSite\",\"@id\":\"https:\/\/www.meiren.ee\/en\/#website\",\"url\":\"https:\/\/www.meiren.ee\/en\/\",\"name\":\"Meiren lumesahad\",\"description\":\"Lumesahk ja lumet\u00f5rje tehnika, maantee lumesahk, lumesahk traktorile, lumesahk maasturile, harjad, lumekopp, varuosad ja hooldus, lumesaha terad, Kobit s.r.o. soolapuisturid\",\"potentialAction\":[{\"@type\":\"SearchAction\",\"target\":{\"@type\":\"EntryPoint\",\"urlTemplate\":\"https:\/\/www.meiren.ee\/en\/?s={search_term_string}\"},\"query-input\":{\"@type\":\"PropertyValueSpecification\",\"valueRequired\":true,\"valueName\":\"search_term_string\"}}],\"inLanguage\":\"fi\"}]}<\/script>\n<!-- \/ Yoast SEO plugin. -->","yoast_head_json":{"title":"Tukijalka | Meiren lumesahad","robots":{"index":"index","follow":"follow","max-snippet":"max-snippet:-1","max-image-preview":"max-image-preview:large","max-video-preview":"max-video-preview:-1"},"canonical":"https:\/\/www.meiren.ee\/fi\/tukijalka\/","og_locale":"fi_FI","og_type":"article","og_title":"Tukijalka | Meiren lumesahad","og_description":"Tukijalka Kuljetusasennossa nostorungo asetetaan tukijalkaan (varastointi varten). Tukijalas voidaan tilata joko mekaanisesti tai hydraulisesti s\u00e4\u00e4dett\u00e4v\u00e4.","og_url":"https:\/\/www.meiren.ee\/fi\/tukijalka\/","og_site_name":"Meiren lumesahad","article_publisher":"https:\/\/www.facebook.com\/Meiren.ee?ref=nf","article_modified_time":"2022-10-31T12:56:55+00:00","og_image":[{"url":"https:\/\/meiren.ee\/wp-content\/uploads\/2017\/03\/Support-leg-390x270.png","type":"","width":"","height":""}],"twitter_card":"summary_large_image","schema":{"@context":"https:\/\/schema.org","@graph":[{"@type":"WebPage","@id":"https:\/\/www.meiren.ee\/fi\/tukijalka\/","url":"https:\/\/www.meiren.ee\/fi\/tukijalka\/","name":"Tukijalka | Meiren lumesahad","isPartOf":{"@id":"https:\/\/www.meiren.ee\/en\/#website"},"primaryImageOfPage":{"@id":"https:\/\/www.meiren.ee\/fi\/tukijalka\/#primaryimage"},"image":{"@id":"https:\/\/www.meiren.ee\/fi\/tukijalka\/#primaryimage"},"thumbnailUrl":"https:\/\/meiren.ee\/wp-content\/uploads\/2017\/03\/Support-leg-390x270.png","datePublished":"2019-01-22T09:43:03+00:00","dateModified":"2022-10-31T12:56:55+00:00","breadcrumb":{"@id":"https:\/\/www.meiren.ee\/fi\/tukijalka\/#breadcrumb"},"inLanguage":"fi","potentialAction":[{"@type":"ReadAction","target":["https:\/\/www.meiren.ee\/fi\/tukijalka\/"]}]},{"@type":"ImageObject","inLanguage":"fi","@id":"https:\/\/www.meiren.ee\/fi\/tukijalka\/#primaryimage","url":"https:\/\/meiren.ee\/wp-content\/uploads\/2017\/03\/Support-leg-390x270.png","contentUrl":"https:\/\/meiren.ee\/wp-content\/uploads\/2017\/03\/Support-leg-390x270.png"},{"@type":"BreadcrumbList","@id":"https:\/\/www.meiren.ee\/fi\/tukijalka\/#breadcrumb","itemListElement":[{"@type":"ListItem","position":1,"name":"Home","item":"https:\/\/www.meiren.ee\/en\/"},{"@type":"ListItem","position":2,"name":"Tukijalka"}]},{"@type":"WebSite","@id":"https:\/\/www.meiren.ee\/en\/#website","url":"https:\/\/www.meiren.ee\/en\/","name":"Meiren lumesahad","description":"Lumesahk ja lumet\u00f5rje tehnika, maantee lumesahk, lumesahk traktorile, lumesahk maasturile, harjad, lumekopp, varuosad ja hooldus, lumesaha terad, Kobit s.r.o. soolapuisturid","potentialAction":[{"@type":"SearchAction","target":{"@type":"EntryPoint","urlTemplate":"https:\/\/www.meiren.ee\/en\/?s={search_term_string}"},"query-input":{"@type":"PropertyValueSpecification","valueRequired":true,"valueName":"search_term_string"}}],"inLanguage":"fi"}]}},"_links":{"self":[{"href":"https:\/\/www.meiren.ee\/fi\/wp-json\/wp\/v2\/pages\/15245"}],"collection":[{"href":"https:\/\/www.meiren.ee\/fi\/wp-json\/wp\/v2\/pages"}],"about":[{"href":"https:\/\/www.meiren.ee\/fi\/wp-json\/wp\/v2\/types\/page"}],"author":[{"embeddable":true,"href":"https:\/\/www.meiren.ee\/fi\/wp-json\/wp\/v2\/users\/2"}],"replies":[{"embeddable":true,"href":"https:\/\/www.meiren.ee\/fi\/wp-json\/wp\/v2\/comments?post=15245"}],"version-history":[{"count":6,"href":"https:\/\/www.meiren.ee\/fi\/wp-json\/wp\/v2\/pages\/15245\/revisions"}],"predecessor-version":[{"id":17616,"href":"https:\/\/www.meiren.ee\/fi\/wp-json\/wp\/v2\/pages\/15245\/revisions\/17616"}],"wp:attachment":[{"href":"https:\/\/www.meiren.ee\/fi\/wp-json\/wp\/v2\/media?parent=15245"}],"curies":[{"name":"wp","href":"https:\/\/api.w.org\/{rel}","templated":true}]}}