{"id":1916,"date":"2014-07-10T16:01:47","date_gmt":"2014-07-10T13:01:47","guid":{"rendered":"https:\/\/meiren.ee\/?page_id=1916"},"modified":"2019-02-15T14:07:41","modified_gmt":"2019-02-15T12:07:41","slug":"animaatio","status":"publish","type":"page","link":"https:\/\/www.meiren.ee\/fi\/animaatio\/","title":{"rendered":"Animaatio"},"content":{"rendered":"<p>Katso animaatio Meiren <b>uuden sukupolven lumiaura MSPN4604<\/b><\/p>\n<h2><a href=\"https:\/\/meiren.ee\/fi\/lumiaurat\/lumiaura-mspn-n-sarja-sivusiirrolla\/\" target=\"_blank\"><u>Moottoritien lumiaura MSPN04<\/u><\/a><\/h2>\n<figure class=\"video-container\"><iframe title=\"Snow removal with highway snowplow MSPN by Meiren Snow\" width=\"500\" height=\"281\" src=\"https:\/\/www.youtube.com\/embed\/whHXLrtcoYo?feature=oembed\" frameborder=\"0\" allow=\"accelerometer; autoplay; clipboard-write; encrypted-media; gyroscope; picture-in-picture; web-share\" referrerpolicy=\"strict-origin-when-cross-origin\" allowfullscreen><\/iframe><\/figure>\n<h2><a href=\"https:\/\/meiren.ee\/fi\/patentoitu-teranpidin\/\"><u>Patentoitu ter\u00e4npidin polyuretaanista<\/u><\/a><\/h2>\n<figure class=\"video-container\"><iframe title=\"Snow clearing with polyurethane blade holder by Meiren Snow\" width=\"500\" height=\"281\" src=\"https:\/\/www.youtube.com\/embed\/ox_kNo544jk?feature=oembed\" frameborder=\"0\" allow=\"accelerometer; autoplay; clipboard-write; encrypted-media; gyroscope; picture-in-picture; web-share\" referrerpolicy=\"strict-origin-when-cross-origin\" allowfullscreen><\/iframe><\/figure>\n","protected":false},"excerpt":{"rendered":"<p>Katso animaatio Meiren uuden sukupolven lumiaura MSPN4604 Moottoritien lumiaura MSPN04 Patentoitu ter\u00e4npidin polyuretaanista<\/p>\n","protected":false},"author":2,"featured_media":0,"parent":0,"menu_order":0,"comment_status":"closed","ping_status":"open","template":"page-special_page.php","meta":{"footnotes":""},"class_list":["post-1916","page","type-page","status-publish","hentry"],"yoast_head":"<!-- This site is optimized with the Yoast SEO plugin v25.6 - https:\/\/yoast.com\/wordpress\/plugins\/seo\/ -->\n<title>Animaatio | Meiren lumesahad<\/title>\n<meta name=\"description\" content=\"Katso animaatiot miten Meiren Next Generation lumiaura MSPN4604LH tyhjent\u00e4\u00e4 moottoritien ja miten patentoitu ter\u00e4npidikkeet polyuretaanista ty\u00f6st\u00e4.\" \/>\n<meta name=\"robots\" content=\"index, follow, max-snippet:-1, max-image-preview:large, max-video-preview:-1\" \/>\n<link rel=\"canonical\" href=\"https:\/\/www.meiren.ee\/fi\/animaatio\/\" \/>\n<meta property=\"og:locale\" content=\"fi_FI\" \/>\n<meta property=\"og:type\" content=\"article\" \/>\n<meta property=\"og:title\" content=\"Animaatio | Meiren lumesahad\" \/>\n<meta property=\"og:description\" content=\"Katso animaatiot miten Meiren Next Generation lumiaura MSPN4604LH tyhjent\u00e4\u00e4 moottoritien ja miten patentoitu ter\u00e4npidikkeet polyuretaanista ty\u00f6st\u00e4.\" \/>\n<meta property=\"og:url\" content=\"https:\/\/www.meiren.ee\/fi\/animaatio\/\" \/>\n<meta property=\"og:site_name\" content=\"Meiren lumesahad\" \/>\n<meta property=\"article:publisher\" content=\"https:\/\/www.facebook.com\/Meiren.ee?ref=nf\" \/>\n<meta property=\"article:modified_time\" content=\"2019-02-15T12:07:41+00:00\" \/>\n<meta name=\"twitter:card\" content=\"summary_large_image\" \/>\n<script type=\"application\/ld+json\" class=\"yoast-schema-graph\">{\"@context\":\"https:\/\/schema.org\",\"@graph\":[{\"@type\":\"WebPage\",\"@id\":\"https:\/\/www.meiren.ee\/fi\/animaatio\/\",\"url\":\"https:\/\/www.meiren.ee\/fi\/animaatio\/\",\"name\":\"Animaatio | Meiren lumesahad\",\"isPartOf\":{\"@id\":\"https:\/\/www.meiren.ee\/en\/#website\"},\"datePublished\":\"2014-07-10T13:01:47+00:00\",\"dateModified\":\"2019-02-15T12:07:41+00:00\",\"description\":\"Katso animaatiot miten Meiren Next Generation lumiaura MSPN4604LH tyhjent\u00e4\u00e4 moottoritien ja miten patentoitu ter\u00e4npidikkeet polyuretaanista ty\u00f6st\u00e4.\",\"breadcrumb\":{\"@id\":\"https:\/\/www.meiren.ee\/fi\/animaatio\/#breadcrumb\"},\"inLanguage\":\"fi\",\"potentialAction\":[{\"@type\":\"ReadAction\",\"target\":[\"https:\/\/www.meiren.ee\/fi\/animaatio\/\"]}]},{\"@type\":\"BreadcrumbList\",\"@id\":\"https:\/\/www.meiren.ee\/fi\/animaatio\/#breadcrumb\",\"itemListElement\":[{\"@type\":\"ListItem\",\"position\":1,\"name\":\"Home\",\"item\":\"https:\/\/www.meiren.ee\/en\/\"},{\"@type\":\"ListItem\",\"position\":2,\"name\":\"Animaatio\"}]},{\"@type\":\"WebSite\",\"@id\":\"https:\/\/www.meiren.ee\/en\/#website\",\"url\":\"https:\/\/www.meiren.ee\/en\/\",\"name\":\"Meiren lumesahad\",\"description\":\"Lumesahk ja lumet\u00f5rje tehnika, maantee lumesahk, lumesahk traktorile, lumesahk maasturile, harjad, lumekopp, varuosad ja hooldus, lumesaha terad, Kobit s.r.o. soolapuisturid\",\"potentialAction\":[{\"@type\":\"SearchAction\",\"target\":{\"@type\":\"EntryPoint\",\"urlTemplate\":\"https:\/\/www.meiren.ee\/en\/?s={search_term_string}\"},\"query-input\":{\"@type\":\"PropertyValueSpecification\",\"valueRequired\":true,\"valueName\":\"search_term_string\"}}],\"inLanguage\":\"fi\"}]}<\/script>\n<!-- \/ Yoast SEO plugin. -->","yoast_head_json":{"title":"Animaatio | Meiren lumesahad","description":"Katso animaatiot miten Meiren Next Generation lumiaura MSPN4604LH tyhjent\u00e4\u00e4 moottoritien ja miten patentoitu ter\u00e4npidikkeet polyuretaanista ty\u00f6st\u00e4.","robots":{"index":"index","follow":"follow","max-snippet":"max-snippet:-1","max-image-preview":"max-image-preview:large","max-video-preview":"max-video-preview:-1"},"canonical":"https:\/\/www.meiren.ee\/fi\/animaatio\/","og_locale":"fi_FI","og_type":"article","og_title":"Animaatio | Meiren lumesahad","og_description":"Katso animaatiot miten Meiren Next Generation lumiaura MSPN4604LH tyhjent\u00e4\u00e4 moottoritien ja miten patentoitu ter\u00e4npidikkeet polyuretaanista ty\u00f6st\u00e4.","og_url":"https:\/\/www.meiren.ee\/fi\/animaatio\/","og_site_name":"Meiren lumesahad","article_publisher":"https:\/\/www.facebook.com\/Meiren.ee?ref=nf","article_modified_time":"2019-02-15T12:07:41+00:00","twitter_card":"summary_large_image","schema":{"@context":"https:\/\/schema.org","@graph":[{"@type":"WebPage","@id":"https:\/\/www.meiren.ee\/fi\/animaatio\/","url":"https:\/\/www.meiren.ee\/fi\/animaatio\/","name":"Animaatio | Meiren lumesahad","isPartOf":{"@id":"https:\/\/www.meiren.ee\/en\/#website"},"datePublished":"2014-07-10T13:01:47+00:00","dateModified":"2019-02-15T12:07:41+00:00","description":"Katso animaatiot miten Meiren Next Generation lumiaura MSPN4604LH tyhjent\u00e4\u00e4 moottoritien ja miten patentoitu ter\u00e4npidikkeet polyuretaanista ty\u00f6st\u00e4.","breadcrumb":{"@id":"https:\/\/www.meiren.ee\/fi\/animaatio\/#breadcrumb"},"inLanguage":"fi","potentialAction":[{"@type":"ReadAction","target":["https:\/\/www.meiren.ee\/fi\/animaatio\/"]}]},{"@type":"BreadcrumbList","@id":"https:\/\/www.meiren.ee\/fi\/animaatio\/#breadcrumb","itemListElement":[{"@type":"ListItem","position":1,"name":"Home","item":"https:\/\/www.meiren.ee\/en\/"},{"@type":"ListItem","position":2,"name":"Animaatio"}]},{"@type":"WebSite","@id":"https:\/\/www.meiren.ee\/en\/#website","url":"https:\/\/www.meiren.ee\/en\/","name":"Meiren lumesahad","description":"Lumesahk ja lumet\u00f5rje tehnika, maantee lumesahk, lumesahk traktorile, lumesahk maasturile, harjad, lumekopp, varuosad ja hooldus, lumesaha terad, Kobit s.r.o. soolapuisturid","potentialAction":[{"@type":"SearchAction","target":{"@type":"EntryPoint","urlTemplate":"https:\/\/www.meiren.ee\/en\/?s={search_term_string}"},"query-input":{"@type":"PropertyValueSpecification","valueRequired":true,"valueName":"search_term_string"}}],"inLanguage":"fi"}]}},"_links":{"self":[{"href":"https:\/\/www.meiren.ee\/fi\/wp-json\/wp\/v2\/pages\/1916"}],"collection":[{"href":"https:\/\/www.meiren.ee\/fi\/wp-json\/wp\/v2\/pages"}],"about":[{"href":"https:\/\/www.meiren.ee\/fi\/wp-json\/wp\/v2\/types\/page"}],"author":[{"embeddable":true,"href":"https:\/\/www.meiren.ee\/fi\/wp-json\/wp\/v2\/users\/2"}],"replies":[{"embeddable":true,"href":"https:\/\/www.meiren.ee\/fi\/wp-json\/wp\/v2\/comments?post=1916"}],"version-history":[{"count":19,"href":"https:\/\/www.meiren.ee\/fi\/wp-json\/wp\/v2\/pages\/1916\/revisions"}],"predecessor-version":[{"id":15486,"href":"https:\/\/www.meiren.ee\/fi\/wp-json\/wp\/v2\/pages\/1916\/revisions\/15486"}],"wp:attachment":[{"href":"https:\/\/www.meiren.ee\/fi\/wp-json\/wp\/v2\/media?parent=1916"}],"curies":[{"name":"wp","href":"https:\/\/api.w.org\/{rel}","templated":true}]}}