{"id":21979,"date":"2022-10-31T15:17:21","date_gmt":"2022-10-31T13:17:21","guid":{"rendered":"https:\/\/www.meiren.ee\/?page_id=21979"},"modified":"2025-06-03T09:04:18","modified_gmt":"2025-06-03T06:04:18","slug":"varusteet","status":"publish","type":"page","link":"https:\/\/www.meiren.ee\/fi\/varusteet\/","title":{"rendered":"VARUSTEET"},"content":{"rendered":"<table style=\"border-collapse: collapse; width: 100%;\">\n<tbody>\n<tr>\n<td style=\"width: 50%;\"><span style=\"font-size: 14pt;\"><a href=\"https:\/\/www.meiren.ee\/fi\/patentoitu-teranpidin\/\" target=\"_blank\" rel=\"noopener\"><strong>Patentoitu ter\u00e4npidin polyuretaanista<\/strong><\/a><br \/>\n<\/span><a href=\"https:\/\/www.meiren.ee\/fi\/patentoitu-teranpidin\/\" target=\"_blank\" rel=\"noopener\"><img fetchpriority=\"high\" decoding=\"async\" class=\"alignnone wp-image-22059 size-medium\" style=\"font-family: inherit; font-size: inherit;\" src=\"https:\/\/www.meiren.ee\/wp-content\/uploads\/2022\/11\/Polyurethane-blade-holders_patented-300x208.jpg\" alt=\"Patentoitu ter\u00e4npidin\" width=\"300\" height=\"208\" srcset=\"https:\/\/www.meiren.ee\/wp-content\/uploads\/2022\/11\/Polyurethane-blade-holders_patented-300x208.jpg 300w, https:\/\/www.meiren.ee\/wp-content\/uploads\/2022\/11\/Polyurethane-blade-holders_patented.jpg 390w\" sizes=\"(max-width: 300px) 100vw, 300px\" \/><\/a><\/td>\n<td style=\"width: 50%;\"><span style=\"font-size: 14pt;\"><a href=\"https:\/\/www.meiren.ee\/fi\/sivusiirrolla-varustettu-auran-nostorunko\/\" target=\"_blank\" rel=\"noopener\"><strong>Patentoitu auran nostorunko<\/strong><\/a><br \/>\n<\/span><a href=\"https:\/\/www.meiren.ee\/fi\/sivusiirrolla-varustettu-auran-nostorunko\/\" target=\"_blank\" rel=\"noopener\"><img decoding=\"async\" class=\"alignnone wp-image-22071 size-medium\" src=\"https:\/\/www.meiren.ee\/wp-content\/uploads\/2022\/11\/Parallelogram_patented-300x208.jpg\" alt=\"Patentoitu auran nostorunko\" width=\"300\" height=\"208\" srcset=\"https:\/\/www.meiren.ee\/wp-content\/uploads\/2022\/11\/Parallelogram_patented-300x208.jpg 300w, https:\/\/www.meiren.ee\/wp-content\/uploads\/2022\/11\/Parallelogram_patented.jpg 390w\" sizes=\"(max-width: 300px) 100vw, 300px\" \/><\/a><\/td>\n<\/tr>\n<tr>\n<td style=\"width: 50%;\"><span style=\"font-size: 14pt;\"><a href=\"https:\/\/www.meiren.ee\/fi\/tukijalka\/\" target=\"_blank\" rel=\"noopener\"><strong>Tukijalka<\/strong><\/a><br \/>\n<\/span><a href=\"https:\/\/www.meiren.ee\/fi\/tukijalka\/\" target=\"_blank\" rel=\"noopener\"><img decoding=\"async\" class=\"alignnone wp-image-12077\" src=\"https:\/\/www.meiren.ee\/wp-content\/uploads\/2017\/03\/Support-leg-300x181.png\" alt=\"Manuaalisesti s\u00e4\u00e4dett\u00e4v\u00e4 tukijalka\" width=\"300\" height=\"208\" \/><\/a><\/td>\n<td style=\"width: 50%;\"><span style=\"font-size: 14pt;\"><a href=\"https:\/\/www.meiren.ee\/fi\/loskatera-jarjestelma\/\" target=\"_blank\" rel=\"noopener\"><strong>Loskater\u00e4 j\u00e4rjestelm\u00e4 LH<\/strong><\/a><br \/>\n<\/span><a href=\"https:\/\/www.meiren.ee\/fi\/loskatera-jarjestelma\/\" target=\"_blank\" rel=\"noopener\"><img loading=\"lazy\" decoding=\"async\" class=\"alignnone\" src=\"https:\/\/meiren.ee\/wp-content\/uploads\/2017\/03\/Hydraulic-additional-blade-mechanism.jpg\" alt=\"Loskater\u00e4 j\u00e4rjestelm\u00e4 LH\" width=\"300\" height=\"208\" \/><\/a><\/td>\n<\/tr>\n<tr>\n<td style=\"width: 50%;\"><span style=\"font-size: 14pt;\"><a href=\"https:\/\/www.meiren.ee\/fi\/painemittari\/\" target=\"_blank\" rel=\"noopener\"><strong>Painemittari loskater\u00e4lle<\/strong><\/a><br \/>\n<\/span><a href=\"https:\/\/www.meiren.ee\/fi\/painemittari\/\" target=\"_blank\" rel=\"noopener\"><img loading=\"lazy\" decoding=\"async\" class=\"alignnone\" src=\"https:\/\/meiren.ee\/wp-content\/uploads\/2014\/07\/Manomeeter-390x270.jpg\" alt=\"Painemittari auttaa aina ja hyvin yksinkertaisesti valitsemaan oikean lis\u00e4ter\u00e4paineen\" width=\"300\" height=\"208\" \/><\/a><\/td>\n<td style=\"width: 50%;\"><span style=\"font-size: 14pt;\"><a href=\"https:\/\/www.meiren.ee\/fi\/kulmaterat\/\" target=\"_blank\" rel=\"noopener\"><strong>Kulmater\u00e4t<\/strong><\/a><br \/>\n<\/span><a href=\"https:\/\/www.meiren.ee\/fi\/kulmaterat\/\" target=\"_blank\" rel=\"noopener\"><img loading=\"lazy\" decoding=\"async\" class=\"alignnone wp-image-22080 size-medium\" src=\"https:\/\/www.meiren.ee\/wp-content\/uploads\/2022\/11\/Corner-blade-300x208.jpg\" alt=\"Kulmatera\" width=\"300\" height=\"208\" srcset=\"https:\/\/www.meiren.ee\/wp-content\/uploads\/2022\/11\/Corner-blade-300x208.jpg 300w, https:\/\/www.meiren.ee\/wp-content\/uploads\/2022\/11\/Corner-blade.jpg 390w\" sizes=\"(max-width: 300px) 100vw, 300px\" \/><\/a><\/td>\n<\/tr>\n<tr>\n<td style=\"width: 50%;\"><span style=\"font-size: 14pt;\"><a href=\"https:\/\/www.meiren.ee\/fi\/kaksiosaiset-sivuterat\/\" target=\"_blank\" rel=\"noopener\"><strong>Kaksiosaiset sivuter\u00e4t<\/strong><\/a><br \/>\n<\/span><a href=\"https:\/\/www.meiren.ee\/fi\/lumen-ohjaussiipi\/\" target=\"_blank\" rel=\"noopener\"><img loading=\"lazy\" decoding=\"async\" class=\"alignnone\" src=\"https:\/\/meiren.ee\/wp-content\/uploads\/2017\/03\/Flexible-corner-blade-390x270.jpg\" alt=\"Vaihdettavat kaksiosaiset sivuter\u00e4t\" width=\"300\" height=\"208\" \/><\/a><\/td>\n<td style=\"width: 50%;\"><span style=\"font-size: 14pt;\"><a href=\"https:\/\/www.meiren.ee\/fi\/sivusuoja\/\" target=\"_blank\" rel=\"noopener\"><strong>Sivusuoja<\/strong><\/a><br \/>\n<\/span><a href=\"https:\/\/www.meiren.ee\/fi\/sivusuoja\/\" target=\"_blank\" rel=\"noopener\"><img loading=\"lazy\" decoding=\"async\" class=\"alignnone\" src=\"https:\/\/meiren.ee\/wp-content\/uploads\/2017\/03\/Plastic-side-protection-390x270.jpg\" alt=\"Plastic side protection saves the moldboard\" width=\"300\" height=\"208\" \/><\/a><\/td>\n<\/tr>\n<tr>\n<td style=\"width: 50%;\"><a href=\"https:\/\/www.meiren.ee\/fi\/lumen-ohjaussiipi\/\"><span style=\"font-size: 14pt;\"><strong>S\u00e4\u00e4dett\u00e4v\u00e4 lumen ohjaussiipi<\/strong><\/span><\/a><\/p>\n<p><a href=\"https:\/\/www.meiren.ee\/fi\/lumen-ohjaussiipi\/\" target=\"_blank\" rel=\"noopener\"><img loading=\"lazy\" decoding=\"async\" class=\"alignnone\" src=\"https:\/\/meiren.ee\/wp-content\/uploads\/2017\/03\/Snow-flow-guide-390x270.jpg\" alt=\"Lumen heittokorkeus on s\u00e4\u00e4dett\u00e4v\u00e4. Lis\u00e4siiven k\u00e4ytt\u00f6 pit\u00e4\u00e4 liikennemerkit siistin\u00e4.\" width=\"300\" height=\"208\" \/><\/a><\/td>\n<td style=\"width: 50%;\"><span style=\"font-size: 14pt;\"><a href=\"https:\/\/www.meiren.ee\/fi\/saadettavat-liukujalakset\/\" target=\"_blank\" rel=\"noopener\"><strong>S\u00e4\u00e4dett\u00e4v\u00e4t liukujalakset<\/strong><\/a><br \/>\n<\/span><a href=\"https:\/\/www.meiren.ee\/fi\/saadettavat-liukujalakset\/\" target=\"_blank\" rel=\"noopener\"><img loading=\"lazy\" decoding=\"async\" class=\"alignnone\" src=\"https:\/\/meiren.ee\/wp-content\/uploads\/2017\/07\/Sandvik-skid-shoe-277x270.jpg\" alt=\"Sandvik liukujalas\" width=\"300\" height=\"208\" \/><\/a><\/td>\n<\/tr>\n<tr>\n<td style=\"width: 50%;\"><span style=\"font-size: 14pt;\"><a href=\"https:\/\/www.meiren.ee\/fi\/saeaedettaevaet-tukipyoeraet\/\" target=\"_blank\" rel=\"noopener\"><strong>S\u00e4\u00e4dett\u00e4v\u00e4t tukipy\u00f6r\u00e4t<\/strong><\/a><\/span><br \/>\n<span style=\"font-size: 14pt;\"><a href=\"https:\/\/www.meiren.ee\/fi\/saeaedettaevaet-tukipyoeraet\/\" target=\"_blank\" rel=\"noopener\"><img loading=\"lazy\" decoding=\"async\" class=\"alignnone\" src=\"https:\/\/meiren.ee\/wp-content\/uploads\/2014\/04\/Uus-pilt2-390x270.jpg\" alt=\"S\u00e4\u00e4dett\u00e4v\u00e4t tukipy\u00f6r\u00e4t\" width=\"300\" height=\"208\" \/><\/a><\/span><\/td>\n<td style=\"width: 50%;\"><span style=\"font-size: 14pt;\"><strong><a href=\"https:\/\/www.meiren.ee\/fi\/kytkin\/\">Kytkin suuntaventiilin ohjaamiseksi<\/a><\/strong><\/span><br \/>\n<span style=\"font-size: 14pt;\"><a href=\"https:\/\/www.meiren.ee\/fi\/kytkin\/\" target=\"_blank\" rel=\"noopener\"><img loading=\"lazy\" decoding=\"async\" class=\"alignnone\" src=\"https:\/\/www.meiren.ee\/wp-content\/uploads\/2019\/09\/20191004_093736-e1570174458627-300x174.jpg\" alt=\"Wireless switch for controlling electric hydraulic distributor\" width=\"302\" height=\"175\" \/><\/a><\/span><\/td>\n<\/tr>\n<tr>\n<td style=\"width: 50%;\"><span style=\"font-size: 14pt;\"><a href=\"https:\/\/www.meiren.ee\/fi\/siiven-korkeus\/\" target=\"_blank\" rel=\"noopener\"><strong>Siiven korkeus<\/strong><\/a><\/span><\/p>\n<p><span style=\"font-size: 14pt;\"><strong><a href=\"https:\/\/www.meiren.ee\/fi\/siiven-korkeus\/\" target=\"_blank\" rel=\"noopener\"><img loading=\"lazy\" decoding=\"async\" class=\"alignnone wp-image-19100 size-medium\" src=\"https:\/\/www.meiren.ee\/wp-content\/uploads\/2016\/07\/Holmad-300x158.png\" alt=\"Siiven korkeuksia on saatavilla nelj\u00e4 eri mallia\" width=\"300\" height=\"158\" srcset=\"https:\/\/www.meiren.ee\/wp-content\/uploads\/2016\/07\/Holmad-300x158.png 300w, https:\/\/www.meiren.ee\/wp-content\/uploads\/2016\/07\/Holmad-890x467.png 890w, https:\/\/www.meiren.ee\/wp-content\/uploads\/2016\/07\/Holmad-768x403.png 768w, https:\/\/www.meiren.ee\/wp-content\/uploads\/2016\/07\/Holmad.png 1200w\" sizes=\"(max-width: 300px) 100vw, 300px\" \/><\/a><\/strong><\/span><\/td>\n<td style=\"width: 50%;\"><a href=\"http:\/\/www.meiren.ee\/fi\/lumistoppari\" target=\"_blank\" rel=\"noopener\"><strong data-wp-editing=\"1\">Hydraulinen lumistoppari<\/strong><\/a><br \/>\n<a href=\"http:\/\/www.meiren.ee\/fi\/lumistoppari\"><img loading=\"lazy\" decoding=\"async\" class=\"wp-image-23531 alignnone\" src=\"https:\/\/www.meiren.ee\/wp-content\/uploads\/2024\/04\/MSPN-Lumestop-1-890x501.jpg\" alt=\"\" width=\"299\" height=\"168\" srcset=\"https:\/\/www.meiren.ee\/wp-content\/uploads\/2024\/04\/MSPN-Lumestop-1-890x501.jpg 890w, https:\/\/www.meiren.ee\/wp-content\/uploads\/2024\/04\/MSPN-Lumestop-1-300x169.jpg 300w, https:\/\/www.meiren.ee\/wp-content\/uploads\/2024\/04\/MSPN-Lumestop-1-768x432.jpg 768w, https:\/\/www.meiren.ee\/wp-content\/uploads\/2024\/04\/MSPN-Lumestop-1-1536x864.jpg 1536w, https:\/\/www.meiren.ee\/wp-content\/uploads\/2024\/04\/MSPN-Lumestop-1-2048x1152.jpg 2048w\" sizes=\"(max-width: 299px) 100vw, 299px\" \/><\/a><\/td>\n<\/tr>\n<tr style=\"height: 238px;\">\n<td style=\"width: 50%; height: 242px;\"><\/td>\n<td><\/td>\n<\/tr>\n<\/tbody>\n<\/table>\n<p>&nbsp;<\/p>\n","protected":false},"excerpt":{"rendered":"<p>Patentoitu ter\u00e4npidin polyuretaanista Patentoitu auran nostorunko Tukijalka Loskater\u00e4 j\u00e4rjestelm\u00e4 LH Painemittari loskater\u00e4lle Kulmater\u00e4t Kaksiosaiset sivuter\u00e4t Sivusuoja S\u00e4\u00e4dett\u00e4v\u00e4 lumen ohjaussiipi S\u00e4\u00e4dett\u00e4v\u00e4t liukujalakset S\u00e4\u00e4dett\u00e4v\u00e4t tukipy\u00f6r\u00e4t Kytkin suuntaventiilin ohjaamiseksi Siiven korkeus Hydraulinen lumistoppari &nbsp;<\/p>\n","protected":false},"author":2,"featured_media":0,"parent":0,"menu_order":0,"comment_status":"closed","ping_status":"closed","template":"page-special_page.php","meta":{"footnotes":""},"class_list":["post-21979","page","type-page","status-publish","hentry"],"yoast_head":"<!-- This site is optimized with the Yoast SEO plugin v25.6 - https:\/\/yoast.com\/wordpress\/plugins\/seo\/ -->\n<title>VARUSTEET | Meiren lumesahad<\/title>\n<meta name=\"description\" content=\"Meiren tuotteiden varusteet ominaisuuksien selityksell\u00e4.\" \/>\n<meta name=\"robots\" content=\"index, follow, max-snippet:-1, max-image-preview:large, max-video-preview:-1\" \/>\n<link rel=\"canonical\" href=\"https:\/\/www.meiren.ee\/fi\/varusteet\/\" \/>\n<meta property=\"og:locale\" content=\"fi_FI\" \/>\n<meta property=\"og:type\" content=\"article\" \/>\n<meta property=\"og:title\" content=\"VARUSTEET | Meiren lumesahad\" \/>\n<meta property=\"og:description\" content=\"Meiren tuotteiden varusteet ominaisuuksien selityksell\u00e4.\" \/>\n<meta property=\"og:url\" content=\"https:\/\/www.meiren.ee\/fi\/varusteet\/\" \/>\n<meta property=\"og:site_name\" content=\"Meiren lumesahad\" \/>\n<meta property=\"article:publisher\" content=\"https:\/\/www.facebook.com\/Meiren.ee?ref=nf\" \/>\n<meta property=\"article:modified_time\" content=\"2025-06-03T06:04:18+00:00\" \/>\n<meta property=\"og:image\" content=\"https:\/\/www.meiren.ee\/wp-content\/uploads\/2022\/11\/Polyurethane-blade-holders_patented.jpg\" \/>\n\t<meta property=\"og:image:width\" content=\"390\" \/>\n\t<meta property=\"og:image:height\" content=\"270\" \/>\n\t<meta property=\"og:image:type\" content=\"image\/jpeg\" \/>\n<meta name=\"twitter:card\" content=\"summary_large_image\" \/>\n<meta name=\"twitter:label1\" content=\"Arvioitu lukuaika\" \/>\n\t<meta name=\"twitter:data1\" content=\"3 minuuttia\" \/>\n<script type=\"application\/ld+json\" class=\"yoast-schema-graph\">{\"@context\":\"https:\/\/schema.org\",\"@graph\":[{\"@type\":\"WebPage\",\"@id\":\"https:\/\/www.meiren.ee\/fi\/varusteet\/\",\"url\":\"https:\/\/www.meiren.ee\/fi\/varusteet\/\",\"name\":\"VARUSTEET | Meiren lumesahad\",\"isPartOf\":{\"@id\":\"https:\/\/www.meiren.ee\/en\/#website\"},\"primaryImageOfPage\":{\"@id\":\"https:\/\/www.meiren.ee\/fi\/varusteet\/#primaryimage\"},\"image\":{\"@id\":\"https:\/\/www.meiren.ee\/fi\/varusteet\/#primaryimage\"},\"thumbnailUrl\":\"https:\/\/www.meiren.ee\/wp-content\/uploads\/2022\/11\/Polyurethane-blade-holders_patented-300x208.jpg\",\"datePublished\":\"2022-10-31T13:17:21+00:00\",\"dateModified\":\"2025-06-03T06:04:18+00:00\",\"description\":\"Meiren tuotteiden varusteet ominaisuuksien selityksell\u00e4.\",\"breadcrumb\":{\"@id\":\"https:\/\/www.meiren.ee\/fi\/varusteet\/#breadcrumb\"},\"inLanguage\":\"fi\",\"potentialAction\":[{\"@type\":\"ReadAction\",\"target\":[\"https:\/\/www.meiren.ee\/fi\/varusteet\/\"]}]},{\"@type\":\"ImageObject\",\"inLanguage\":\"fi\",\"@id\":\"https:\/\/www.meiren.ee\/fi\/varusteet\/#primaryimage\",\"url\":\"https:\/\/www.meiren.ee\/wp-content\/uploads\/2022\/11\/Polyurethane-blade-holders_patented-300x208.jpg\",\"contentUrl\":\"https:\/\/www.meiren.ee\/wp-content\/uploads\/2022\/11\/Polyurethane-blade-holders_patented-300x208.jpg\"},{\"@type\":\"BreadcrumbList\",\"@id\":\"https:\/\/www.meiren.ee\/fi\/varusteet\/#breadcrumb\",\"itemListElement\":[{\"@type\":\"ListItem\",\"position\":1,\"name\":\"Home\",\"item\":\"https:\/\/www.meiren.ee\/en\/\"},{\"@type\":\"ListItem\",\"position\":2,\"name\":\"VARUSTEET\"}]},{\"@type\":\"WebSite\",\"@id\":\"https:\/\/www.meiren.ee\/en\/#website\",\"url\":\"https:\/\/www.meiren.ee\/en\/\",\"name\":\"Meiren lumesahad\",\"description\":\"Lumesahk ja lumet\u00f5rje tehnika, maantee lumesahk, lumesahk traktorile, lumesahk maasturile, harjad, lumekopp, varuosad ja hooldus, lumesaha terad, Kobit s.r.o. soolapuisturid\",\"potentialAction\":[{\"@type\":\"SearchAction\",\"target\":{\"@type\":\"EntryPoint\",\"urlTemplate\":\"https:\/\/www.meiren.ee\/en\/?s={search_term_string}\"},\"query-input\":{\"@type\":\"PropertyValueSpecification\",\"valueRequired\":true,\"valueName\":\"search_term_string\"}}],\"inLanguage\":\"fi\"}]}<\/script>\n<!-- \/ Yoast SEO plugin. -->","yoast_head_json":{"title":"VARUSTEET | Meiren lumesahad","description":"Meiren tuotteiden varusteet ominaisuuksien selityksell\u00e4.","robots":{"index":"index","follow":"follow","max-snippet":"max-snippet:-1","max-image-preview":"max-image-preview:large","max-video-preview":"max-video-preview:-1"},"canonical":"https:\/\/www.meiren.ee\/fi\/varusteet\/","og_locale":"fi_FI","og_type":"article","og_title":"VARUSTEET | Meiren lumesahad","og_description":"Meiren tuotteiden varusteet ominaisuuksien selityksell\u00e4.","og_url":"https:\/\/www.meiren.ee\/fi\/varusteet\/","og_site_name":"Meiren lumesahad","article_publisher":"https:\/\/www.facebook.com\/Meiren.ee?ref=nf","article_modified_time":"2025-06-03T06:04:18+00:00","og_image":[{"width":390,"height":270,"url":"https:\/\/www.meiren.ee\/wp-content\/uploads\/2022\/11\/Polyurethane-blade-holders_patented.jpg","type":"image\/jpeg"}],"twitter_card":"summary_large_image","twitter_misc":{"Arvioitu lukuaika":"3 minuuttia"},"schema":{"@context":"https:\/\/schema.org","@graph":[{"@type":"WebPage","@id":"https:\/\/www.meiren.ee\/fi\/varusteet\/","url":"https:\/\/www.meiren.ee\/fi\/varusteet\/","name":"VARUSTEET | Meiren lumesahad","isPartOf":{"@id":"https:\/\/www.meiren.ee\/en\/#website"},"primaryImageOfPage":{"@id":"https:\/\/www.meiren.ee\/fi\/varusteet\/#primaryimage"},"image":{"@id":"https:\/\/www.meiren.ee\/fi\/varusteet\/#primaryimage"},"thumbnailUrl":"https:\/\/www.meiren.ee\/wp-content\/uploads\/2022\/11\/Polyurethane-blade-holders_patented-300x208.jpg","datePublished":"2022-10-31T13:17:21+00:00","dateModified":"2025-06-03T06:04:18+00:00","description":"Meiren tuotteiden varusteet ominaisuuksien selityksell\u00e4.","breadcrumb":{"@id":"https:\/\/www.meiren.ee\/fi\/varusteet\/#breadcrumb"},"inLanguage":"fi","potentialAction":[{"@type":"ReadAction","target":["https:\/\/www.meiren.ee\/fi\/varusteet\/"]}]},{"@type":"ImageObject","inLanguage":"fi","@id":"https:\/\/www.meiren.ee\/fi\/varusteet\/#primaryimage","url":"https:\/\/www.meiren.ee\/wp-content\/uploads\/2022\/11\/Polyurethane-blade-holders_patented-300x208.jpg","contentUrl":"https:\/\/www.meiren.ee\/wp-content\/uploads\/2022\/11\/Polyurethane-blade-holders_patented-300x208.jpg"},{"@type":"BreadcrumbList","@id":"https:\/\/www.meiren.ee\/fi\/varusteet\/#breadcrumb","itemListElement":[{"@type":"ListItem","position":1,"name":"Home","item":"https:\/\/www.meiren.ee\/en\/"},{"@type":"ListItem","position":2,"name":"VARUSTEET"}]},{"@type":"WebSite","@id":"https:\/\/www.meiren.ee\/en\/#website","url":"https:\/\/www.meiren.ee\/en\/","name":"Meiren lumesahad","description":"Lumesahk ja lumet\u00f5rje tehnika, maantee lumesahk, lumesahk traktorile, lumesahk maasturile, harjad, lumekopp, varuosad ja hooldus, lumesaha terad, Kobit s.r.o. soolapuisturid","potentialAction":[{"@type":"SearchAction","target":{"@type":"EntryPoint","urlTemplate":"https:\/\/www.meiren.ee\/en\/?s={search_term_string}"},"query-input":{"@type":"PropertyValueSpecification","valueRequired":true,"valueName":"search_term_string"}}],"inLanguage":"fi"}]}},"_links":{"self":[{"href":"https:\/\/www.meiren.ee\/fi\/wp-json\/wp\/v2\/pages\/21979"}],"collection":[{"href":"https:\/\/www.meiren.ee\/fi\/wp-json\/wp\/v2\/pages"}],"about":[{"href":"https:\/\/www.meiren.ee\/fi\/wp-json\/wp\/v2\/types\/page"}],"author":[{"embeddable":true,"href":"https:\/\/www.meiren.ee\/fi\/wp-json\/wp\/v2\/users\/2"}],"replies":[{"embeddable":true,"href":"https:\/\/www.meiren.ee\/fi\/wp-json\/wp\/v2\/comments?post=21979"}],"version-history":[{"count":12,"href":"https:\/\/www.meiren.ee\/fi\/wp-json\/wp\/v2\/pages\/21979\/revisions"}],"predecessor-version":[{"id":24536,"href":"https:\/\/www.meiren.ee\/fi\/wp-json\/wp\/v2\/pages\/21979\/revisions\/24536"}],"wp:attachment":[{"href":"https:\/\/www.meiren.ee\/fi\/wp-json\/wp\/v2\/media?parent=21979"}],"curies":[{"name":"wp","href":"https:\/\/api.w.org\/{rel}","templated":true}]}}