{"id":429,"date":"2014-04-25T13:39:04","date_gmt":"2014-04-25T10:39:04","guid":{"rendered":"https:\/\/meiren.ee\/?page_id=429"},"modified":"2016-09-12T14:37:19","modified_gmt":"2016-09-12T11:37:19","slug":"lumiaurat","status":"publish","type":"page","link":"https:\/\/www.meiren.ee\/fi\/lumiaurat\/","title":{"rendered":"Lumiaurat"},"content":{"rendered":"","protected":false},"excerpt":{"rendered":"","protected":false},"author":2,"featured_media":0,"parent":0,"menu_order":0,"comment_status":"closed","ping_status":"open","template":"page-plows_page.php","meta":{"footnotes":""},"class_list":["post-429","page","type-page","status-publish","hentry"],"yoast_head":"<!-- This site is optimized with the Yoast SEO plugin v25.6 - https:\/\/yoast.com\/wordpress\/plugins\/seo\/ -->\n<title>Lumiaurat | Meiren lumesahad<\/title>\n<meta name=\"description\" content=\"Lumiaurat moottori- ja kaupunkiteiden, sek\u00e4 lentokent\u00e4n ja jalkak\u00e4yt\u00e4v\u00e4n puhdistukseen. Lumiaurat traktoreihin, kuorma- ja maastoautoille, py\u00f6r\u00e4kuormaajiin.\" \/>\n<meta name=\"robots\" content=\"index, follow, max-snippet:-1, max-image-preview:large, max-video-preview:-1\" \/>\n<link rel=\"canonical\" href=\"https:\/\/www.meiren.ee\/fi\/lumiaurat\/\" \/>\n<meta property=\"og:locale\" content=\"fi_FI\" \/>\n<meta property=\"og:type\" content=\"article\" \/>\n<meta property=\"og:title\" content=\"Lumiaurat | Meiren lumesahad\" \/>\n<meta property=\"og:description\" content=\"Lumiaurat moottori- ja kaupunkiteiden, sek\u00e4 lentokent\u00e4n ja jalkak\u00e4yt\u00e4v\u00e4n puhdistukseen. Lumiaurat traktoreihin, kuorma- ja maastoautoille, py\u00f6r\u00e4kuormaajiin.\" \/>\n<meta property=\"og:url\" content=\"https:\/\/www.meiren.ee\/fi\/lumiaurat\/\" \/>\n<meta property=\"og:site_name\" content=\"Meiren lumesahad\" \/>\n<meta property=\"article:publisher\" content=\"https:\/\/www.facebook.com\/Meiren.ee?ref=nf\" \/>\n<meta property=\"article:modified_time\" content=\"2016-09-12T11:37:19+00:00\" \/>\n<meta name=\"twitter:card\" content=\"summary_large_image\" \/>\n<script type=\"application\/ld+json\" class=\"yoast-schema-graph\">{\"@context\":\"https:\/\/schema.org\",\"@graph\":[{\"@type\":\"WebPage\",\"@id\":\"https:\/\/www.meiren.ee\/fi\/lumiaurat\/\",\"url\":\"https:\/\/www.meiren.ee\/fi\/lumiaurat\/\",\"name\":\"Lumiaurat | Meiren lumesahad\",\"isPartOf\":{\"@id\":\"https:\/\/www.meiren.ee\/en\/#website\"},\"datePublished\":\"2014-04-25T10:39:04+00:00\",\"dateModified\":\"2016-09-12T11:37:19+00:00\",\"description\":\"Lumiaurat moottori- ja kaupunkiteiden, sek\u00e4 lentokent\u00e4n ja jalkak\u00e4yt\u00e4v\u00e4n puhdistukseen. Lumiaurat traktoreihin, kuorma- ja maastoautoille, py\u00f6r\u00e4kuormaajiin.\",\"breadcrumb\":{\"@id\":\"https:\/\/www.meiren.ee\/fi\/lumiaurat\/#breadcrumb\"},\"inLanguage\":\"fi\",\"potentialAction\":[{\"@type\":\"ReadAction\",\"target\":[\"https:\/\/www.meiren.ee\/fi\/lumiaurat\/\"]}]},{\"@type\":\"BreadcrumbList\",\"@id\":\"https:\/\/www.meiren.ee\/fi\/lumiaurat\/#breadcrumb\",\"itemListElement\":[{\"@type\":\"ListItem\",\"position\":1,\"name\":\"Home\",\"item\":\"https:\/\/www.meiren.ee\/en\/\"},{\"@type\":\"ListItem\",\"position\":2,\"name\":\"Lumiaurat\"}]},{\"@type\":\"WebSite\",\"@id\":\"https:\/\/www.meiren.ee\/en\/#website\",\"url\":\"https:\/\/www.meiren.ee\/en\/\",\"name\":\"Meiren lumesahad\",\"description\":\"Lumesahk ja lumet\u00f5rje tehnika, maantee lumesahk, lumesahk traktorile, lumesahk maasturile, harjad, lumekopp, varuosad ja hooldus, lumesaha terad, Kobit s.r.o. soolapuisturid\",\"potentialAction\":[{\"@type\":\"SearchAction\",\"target\":{\"@type\":\"EntryPoint\",\"urlTemplate\":\"https:\/\/www.meiren.ee\/en\/?s={search_term_string}\"},\"query-input\":{\"@type\":\"PropertyValueSpecification\",\"valueRequired\":true,\"valueName\":\"search_term_string\"}}],\"inLanguage\":\"fi\"}]}<\/script>\n<!-- \/ Yoast SEO plugin. -->","yoast_head_json":{"title":"Lumiaurat | Meiren lumesahad","description":"Lumiaurat moottori- ja kaupunkiteiden, sek\u00e4 lentokent\u00e4n ja jalkak\u00e4yt\u00e4v\u00e4n puhdistukseen. Lumiaurat traktoreihin, kuorma- ja maastoautoille, py\u00f6r\u00e4kuormaajiin.","robots":{"index":"index","follow":"follow","max-snippet":"max-snippet:-1","max-image-preview":"max-image-preview:large","max-video-preview":"max-video-preview:-1"},"canonical":"https:\/\/www.meiren.ee\/fi\/lumiaurat\/","og_locale":"fi_FI","og_type":"article","og_title":"Lumiaurat | Meiren lumesahad","og_description":"Lumiaurat moottori- ja kaupunkiteiden, sek\u00e4 lentokent\u00e4n ja jalkak\u00e4yt\u00e4v\u00e4n puhdistukseen. Lumiaurat traktoreihin, kuorma- ja maastoautoille, py\u00f6r\u00e4kuormaajiin.","og_url":"https:\/\/www.meiren.ee\/fi\/lumiaurat\/","og_site_name":"Meiren lumesahad","article_publisher":"https:\/\/www.facebook.com\/Meiren.ee?ref=nf","article_modified_time":"2016-09-12T11:37:19+00:00","twitter_card":"summary_large_image","schema":{"@context":"https:\/\/schema.org","@graph":[{"@type":"WebPage","@id":"https:\/\/www.meiren.ee\/fi\/lumiaurat\/","url":"https:\/\/www.meiren.ee\/fi\/lumiaurat\/","name":"Lumiaurat | Meiren lumesahad","isPartOf":{"@id":"https:\/\/www.meiren.ee\/en\/#website"},"datePublished":"2014-04-25T10:39:04+00:00","dateModified":"2016-09-12T11:37:19+00:00","description":"Lumiaurat moottori- ja kaupunkiteiden, sek\u00e4 lentokent\u00e4n ja jalkak\u00e4yt\u00e4v\u00e4n puhdistukseen. Lumiaurat traktoreihin, kuorma- ja maastoautoille, py\u00f6r\u00e4kuormaajiin.","breadcrumb":{"@id":"https:\/\/www.meiren.ee\/fi\/lumiaurat\/#breadcrumb"},"inLanguage":"fi","potentialAction":[{"@type":"ReadAction","target":["https:\/\/www.meiren.ee\/fi\/lumiaurat\/"]}]},{"@type":"BreadcrumbList","@id":"https:\/\/www.meiren.ee\/fi\/lumiaurat\/#breadcrumb","itemListElement":[{"@type":"ListItem","position":1,"name":"Home","item":"https:\/\/www.meiren.ee\/en\/"},{"@type":"ListItem","position":2,"name":"Lumiaurat"}]},{"@type":"WebSite","@id":"https:\/\/www.meiren.ee\/en\/#website","url":"https:\/\/www.meiren.ee\/en\/","name":"Meiren lumesahad","description":"Lumesahk ja lumet\u00f5rje tehnika, maantee lumesahk, lumesahk traktorile, lumesahk maasturile, harjad, lumekopp, varuosad ja hooldus, lumesaha terad, Kobit s.r.o. soolapuisturid","potentialAction":[{"@type":"SearchAction","target":{"@type":"EntryPoint","urlTemplate":"https:\/\/www.meiren.ee\/en\/?s={search_term_string}"},"query-input":{"@type":"PropertyValueSpecification","valueRequired":true,"valueName":"search_term_string"}}],"inLanguage":"fi"}]}},"_links":{"self":[{"href":"https:\/\/www.meiren.ee\/fi\/wp-json\/wp\/v2\/pages\/429"}],"collection":[{"href":"https:\/\/www.meiren.ee\/fi\/wp-json\/wp\/v2\/pages"}],"about":[{"href":"https:\/\/www.meiren.ee\/fi\/wp-json\/wp\/v2\/types\/page"}],"author":[{"embeddable":true,"href":"https:\/\/www.meiren.ee\/fi\/wp-json\/wp\/v2\/users\/2"}],"replies":[{"embeddable":true,"href":"https:\/\/www.meiren.ee\/fi\/wp-json\/wp\/v2\/comments?post=429"}],"version-history":[{"count":1,"href":"https:\/\/www.meiren.ee\/fi\/wp-json\/wp\/v2\/pages\/429\/revisions"}],"predecessor-version":[{"id":432,"href":"https:\/\/www.meiren.ee\/fi\/wp-json\/wp\/v2\/pages\/429\/revisions\/432"}],"wp:attachment":[{"href":"https:\/\/www.meiren.ee\/fi\/wp-json\/wp\/v2\/media?parent=429"}],"curies":[{"name":"wp","href":"https:\/\/api.w.org\/{rel}","templated":true}]}}