{"id":451,"date":"2014-04-25T13:44:18","date_gmt":"2014-04-25T10:44:18","guid":{"rendered":"https:\/\/meiren.ee\/?page_id=451"},"modified":"2020-04-16T12:05:48","modified_gmt":"2020-04-16T09:05:48","slug":"videot","status":"publish","type":"page","link":"https:\/\/www.meiren.ee\/fi\/videot\/","title":{"rendered":"Videot"},"content":{"rendered":"<p style=\"text-align: justify;\">T\u00e4ss\u00e4 videoita osoittamaan tuotteiden suorituskyky tosiel\u00e4m\u00e4n tilanteissa.<br \/>\nKaikki videot ovat saatavilla <strong><a href=\"https:\/\/www.youtube.com\/user\/MeirenSnow\/\" target=\"_blank\" rel=\"noopener noreferrer\">MeirenSnow YouTube<\/a><\/strong>-kanavalla.<\/p>\n<h2><a href=\"https:\/\/meiren.ee\/fi\/sivusiirrolla-varustettu-auran-nostorunko\/\" target=\"_blank\" rel=\"noopener noreferrer\"><u>Miksi sivusiirto?<\/u><\/a><\/h2>\n<figure class=\"video-container\"><iframe title=\"Meiren snow plows - Why sideshift?\" width=\"500\" height=\"281\" src=\"https:\/\/www.youtube.com\/embed\/bADUKGULo-c?feature=oembed\" frameborder=\"0\" allow=\"accelerometer; autoplay; clipboard-write; encrypted-media; gyroscope; picture-in-picture; web-share\" referrerpolicy=\"strict-origin-when-cross-origin\" allowfullscreen><\/iframe><\/figure>\n<h2><a href=\"https:\/\/meiren.ee\/fi\/lumiaurat\/lumiaura-mspn-n-sarja-sivusiirrolla\/\" target=\"_blank\" rel=\"noopener noreferrer\"><u>N-sarja moottoritien lumiaura MSPN-04<\/u><\/a><\/h2>\n<figure class=\"video-container\"><iframe title=\"Meiren Snow  MSPN 04\" width=\"500\" height=\"281\" src=\"https:\/\/www.youtube.com\/embed\/W3QPLOMT23Y?feature=oembed\" frameborder=\"0\" allow=\"accelerometer; autoplay; clipboard-write; encrypted-media; gyroscope; picture-in-picture; web-share\" referrerpolicy=\"strict-origin-when-cross-origin\" allowfullscreen><\/iframe><\/figure>\n<h2><a href=\"https:\/\/meiren.ee\/fi\/loskatera-jarjestelma\/\"><u>Loskater\u00e4 j\u00e4rjestelm\u00e4<\/u><\/a><\/h2>\n<figure class=\"video-container\"><iframe title=\"Snow clearing with the hydraulic blade by Meiren Snow\" width=\"500\" height=\"281\" src=\"https:\/\/www.youtube.com\/embed\/BJJCitn6YIY?feature=oembed\" frameborder=\"0\" allow=\"accelerometer; autoplay; clipboard-write; encrypted-media; gyroscope; picture-in-picture; web-share\" referrerpolicy=\"strict-origin-when-cross-origin\" allowfullscreen><\/iframe><\/figure>\n<h2><a href=\"https:\/\/meiren.ee\/fi\/lumiaura\/lentokentan-lumiaura-les-8603\/\"><u>Lentokent\u00e4n lumiaura LES8603<\/u><\/a><\/h2>\n<p>VIRKOFILM studio<\/p>\n<figure class=\"video-container\"><iframe title=\"Snow clearing with Airport Snowplow LES 8603 by Meiren Snow\" width=\"500\" height=\"281\" src=\"https:\/\/www.youtube.com\/embed\/IGfJZZLV8sA?feature=oembed\" frameborder=\"0\" allow=\"accelerometer; autoplay; clipboard-write; encrypted-media; gyroscope; picture-in-picture; web-share\" referrerpolicy=\"strict-origin-when-cross-origin\" allowfullscreen><\/iframe><\/figure>\n<h2><a href=\"https:\/\/meiren.ee\/fi\/lumiaurat\/lumiaura-vts03\/\" target=\"_blank\" rel=\"noopener noreferrer\"><u>Lumiaura VTS03<\/u><\/a> traktoreiden, kuormaajien ja kuorma-autojen<\/h2>\n<figure class=\"video-container\"><iframe title=\"Snow removal with Meiren new VTS03 series plow\" width=\"500\" height=\"281\" src=\"https:\/\/www.youtube.com\/embed\/HklPkmdRtm0?feature=oembed\" frameborder=\"0\" allow=\"accelerometer; autoplay; clipboard-write; encrypted-media; gyroscope; picture-in-picture; web-share\" referrerpolicy=\"strict-origin-when-cross-origin\" allowfullscreen><\/iframe><\/figure>\n<h2><a href=\"https:\/\/meiren.ee\/fi\/lumiaurat\/nivelaura-vdp2504-maastoautoihin-kuorma-autoihin-traktoreihin\/\" target=\"_blank\" rel=\"noopener noreferrer\"><u>Nivelaura VDP2504 maastoautoihin<\/u><\/a><\/h2>\n<figure class=\"video-container\"><iframe title=\"Meiren VDP2504 snow plow\" width=\"500\" height=\"281\" src=\"https:\/\/www.youtube.com\/embed\/OQElxeXNkYc?feature=oembed\" frameborder=\"0\" allow=\"accelerometer; autoplay; clipboard-write; encrypted-media; gyroscope; picture-in-picture; web-share\" referrerpolicy=\"strict-origin-when-cross-origin\" allowfullscreen><\/iframe><\/figure>\n<h2><a href=\"https:\/\/meiren.ee\/fi\/lumiaurat\/taka-aura-tr3400\/\" target=\"_blank\" rel=\"noopener noreferrer\"><u>Sivusiirrolla takaaura TRN<\/u><\/a><\/h2>\n<figure class=\"video-container\"><iframe title=\"Cutting snowbanks with Meiren new rear blade\" width=\"500\" height=\"281\" src=\"https:\/\/www.youtube.com\/embed\/Lm_LKPfCRc0?feature=oembed\" frameborder=\"0\" allow=\"accelerometer; autoplay; clipboard-write; encrypted-media; gyroscope; picture-in-picture; web-share\" referrerpolicy=\"strict-origin-when-cross-origin\" allowfullscreen><\/iframe><\/figure>\n","protected":false},"excerpt":{"rendered":"<p>T\u00e4ss\u00e4 videoita osoittamaan tuotteiden suorituskyky tosiel\u00e4m\u00e4n tilanteissa. Kaikki videot ovat saatavilla MeirenSnow YouTube-kanavalla. Miksi sivusiirto? N-sarja moottoritien lumiaura MSPN-04 Loskater\u00e4 j\u00e4rjestelm\u00e4 Lentokent\u00e4n lumiaura LES8603 VIRKOFILM studio Lumiaura VTS03 traktoreiden, kuormaajien ja kuorma-autojen Nivelaura VDP2504 maastoautoihin Sivusiirrolla takaaura TRN<\/p>\n","protected":false},"author":2,"featured_media":0,"parent":0,"menu_order":0,"comment_status":"closed","ping_status":"open","template":"page-special_page.php","meta":{"footnotes":""},"class_list":["post-451","page","type-page","status-publish","hentry"],"yoast_head":"<!-- This site is optimized with the Yoast SEO plugin v25.6 - https:\/\/yoast.com\/wordpress\/plugins\/seo\/ -->\n<title>Videot | Meiren lumesahad<\/title>\n<meta name=\"description\" content=\"T\u00e4ss\u00e4 videoita osoittamaan tuotteiden suorituskyky tosiel\u00e4m\u00e4n tilanteissa. Kaikki videot ovat saatavilla MeirenSnow YouTube-kanavalla.\" \/>\n<meta name=\"robots\" content=\"index, follow, max-snippet:-1, max-image-preview:large, max-video-preview:-1\" \/>\n<link rel=\"canonical\" href=\"https:\/\/www.meiren.ee\/fi\/videot\/\" \/>\n<meta property=\"og:locale\" content=\"fi_FI\" \/>\n<meta property=\"og:type\" content=\"article\" \/>\n<meta property=\"og:title\" content=\"Videot | Meiren lumesahad\" \/>\n<meta property=\"og:description\" content=\"T\u00e4ss\u00e4 videoita osoittamaan tuotteiden suorituskyky tosiel\u00e4m\u00e4n tilanteissa. Kaikki videot ovat saatavilla MeirenSnow YouTube-kanavalla.\" \/>\n<meta property=\"og:url\" content=\"https:\/\/www.meiren.ee\/fi\/videot\/\" \/>\n<meta property=\"og:site_name\" content=\"Meiren lumesahad\" \/>\n<meta property=\"article:publisher\" content=\"https:\/\/www.facebook.com\/Meiren.ee?ref=nf\" \/>\n<meta property=\"article:modified_time\" content=\"2020-04-16T09:05:48+00:00\" \/>\n<meta name=\"twitter:card\" content=\"summary_large_image\" \/>\n<script type=\"application\/ld+json\" class=\"yoast-schema-graph\">{\"@context\":\"https:\/\/schema.org\",\"@graph\":[{\"@type\":\"WebPage\",\"@id\":\"https:\/\/www.meiren.ee\/fi\/videot\/\",\"url\":\"https:\/\/www.meiren.ee\/fi\/videot\/\",\"name\":\"Videot | Meiren lumesahad\",\"isPartOf\":{\"@id\":\"https:\/\/www.meiren.ee\/en\/#website\"},\"datePublished\":\"2014-04-25T10:44:18+00:00\",\"dateModified\":\"2020-04-16T09:05:48+00:00\",\"description\":\"T\u00e4ss\u00e4 videoita osoittamaan tuotteiden suorituskyky tosiel\u00e4m\u00e4n tilanteissa. Kaikki videot ovat saatavilla MeirenSnow YouTube-kanavalla.\",\"breadcrumb\":{\"@id\":\"https:\/\/www.meiren.ee\/fi\/videot\/#breadcrumb\"},\"inLanguage\":\"fi\",\"potentialAction\":[{\"@type\":\"ReadAction\",\"target\":[\"https:\/\/www.meiren.ee\/fi\/videot\/\"]}]},{\"@type\":\"BreadcrumbList\",\"@id\":\"https:\/\/www.meiren.ee\/fi\/videot\/#breadcrumb\",\"itemListElement\":[{\"@type\":\"ListItem\",\"position\":1,\"name\":\"Home\",\"item\":\"https:\/\/www.meiren.ee\/en\/\"},{\"@type\":\"ListItem\",\"position\":2,\"name\":\"Videot\"}]},{\"@type\":\"WebSite\",\"@id\":\"https:\/\/www.meiren.ee\/en\/#website\",\"url\":\"https:\/\/www.meiren.ee\/en\/\",\"name\":\"Meiren lumesahad\",\"description\":\"Lumesahk ja lumet\u00f5rje tehnika, maantee lumesahk, lumesahk traktorile, lumesahk maasturile, harjad, lumekopp, varuosad ja hooldus, lumesaha terad, Kobit s.r.o. soolapuisturid\",\"potentialAction\":[{\"@type\":\"SearchAction\",\"target\":{\"@type\":\"EntryPoint\",\"urlTemplate\":\"https:\/\/www.meiren.ee\/en\/?s={search_term_string}\"},\"query-input\":{\"@type\":\"PropertyValueSpecification\",\"valueRequired\":true,\"valueName\":\"search_term_string\"}}],\"inLanguage\":\"fi\"}]}<\/script>\n<!-- \/ Yoast SEO plugin. -->","yoast_head_json":{"title":"Videot | Meiren lumesahad","description":"T\u00e4ss\u00e4 videoita osoittamaan tuotteiden suorituskyky tosiel\u00e4m\u00e4n tilanteissa. Kaikki videot ovat saatavilla MeirenSnow YouTube-kanavalla.","robots":{"index":"index","follow":"follow","max-snippet":"max-snippet:-1","max-image-preview":"max-image-preview:large","max-video-preview":"max-video-preview:-1"},"canonical":"https:\/\/www.meiren.ee\/fi\/videot\/","og_locale":"fi_FI","og_type":"article","og_title":"Videot | Meiren lumesahad","og_description":"T\u00e4ss\u00e4 videoita osoittamaan tuotteiden suorituskyky tosiel\u00e4m\u00e4n tilanteissa. Kaikki videot ovat saatavilla MeirenSnow YouTube-kanavalla.","og_url":"https:\/\/www.meiren.ee\/fi\/videot\/","og_site_name":"Meiren lumesahad","article_publisher":"https:\/\/www.facebook.com\/Meiren.ee?ref=nf","article_modified_time":"2020-04-16T09:05:48+00:00","twitter_card":"summary_large_image","schema":{"@context":"https:\/\/schema.org","@graph":[{"@type":"WebPage","@id":"https:\/\/www.meiren.ee\/fi\/videot\/","url":"https:\/\/www.meiren.ee\/fi\/videot\/","name":"Videot | Meiren lumesahad","isPartOf":{"@id":"https:\/\/www.meiren.ee\/en\/#website"},"datePublished":"2014-04-25T10:44:18+00:00","dateModified":"2020-04-16T09:05:48+00:00","description":"T\u00e4ss\u00e4 videoita osoittamaan tuotteiden suorituskyky tosiel\u00e4m\u00e4n tilanteissa. Kaikki videot ovat saatavilla MeirenSnow YouTube-kanavalla.","breadcrumb":{"@id":"https:\/\/www.meiren.ee\/fi\/videot\/#breadcrumb"},"inLanguage":"fi","potentialAction":[{"@type":"ReadAction","target":["https:\/\/www.meiren.ee\/fi\/videot\/"]}]},{"@type":"BreadcrumbList","@id":"https:\/\/www.meiren.ee\/fi\/videot\/#breadcrumb","itemListElement":[{"@type":"ListItem","position":1,"name":"Home","item":"https:\/\/www.meiren.ee\/en\/"},{"@type":"ListItem","position":2,"name":"Videot"}]},{"@type":"WebSite","@id":"https:\/\/www.meiren.ee\/en\/#website","url":"https:\/\/www.meiren.ee\/en\/","name":"Meiren lumesahad","description":"Lumesahk ja lumet\u00f5rje tehnika, maantee lumesahk, lumesahk traktorile, lumesahk maasturile, harjad, lumekopp, varuosad ja hooldus, lumesaha terad, Kobit s.r.o. soolapuisturid","potentialAction":[{"@type":"SearchAction","target":{"@type":"EntryPoint","urlTemplate":"https:\/\/www.meiren.ee\/en\/?s={search_term_string}"},"query-input":{"@type":"PropertyValueSpecification","valueRequired":true,"valueName":"search_term_string"}}],"inLanguage":"fi"}]}},"_links":{"self":[{"href":"https:\/\/www.meiren.ee\/fi\/wp-json\/wp\/v2\/pages\/451"}],"collection":[{"href":"https:\/\/www.meiren.ee\/fi\/wp-json\/wp\/v2\/pages"}],"about":[{"href":"https:\/\/www.meiren.ee\/fi\/wp-json\/wp\/v2\/types\/page"}],"author":[{"embeddable":true,"href":"https:\/\/www.meiren.ee\/fi\/wp-json\/wp\/v2\/users\/2"}],"replies":[{"embeddable":true,"href":"https:\/\/www.meiren.ee\/fi\/wp-json\/wp\/v2\/comments?post=451"}],"version-history":[{"count":28,"href":"https:\/\/www.meiren.ee\/fi\/wp-json\/wp\/v2\/pages\/451\/revisions"}],"predecessor-version":[{"id":17515,"href":"https:\/\/www.meiren.ee\/fi\/wp-json\/wp\/v2\/pages\/451\/revisions\/17515"}],"wp:attachment":[{"href":"https:\/\/www.meiren.ee\/fi\/wp-json\/wp\/v2\/media?parent=451"}],"curies":[{"name":"wp","href":"https:\/\/api.w.org\/{rel}","templated":true}]}}