{"id":465,"date":"2014-04-25T13:47:42","date_gmt":"2014-04-25T10:47:42","guid":{"rendered":"https:\/\/meiren.ee\/?page_id=465"},"modified":"2022-08-01T15:44:34","modified_gmt":"2022-08-01T12:44:34","slug":"historiamme","status":"publish","type":"page","link":"https:\/\/www.meiren.ee\/fi\/historiamme\/","title":{"rendered":"Historiamme"},"content":{"rendered":"<h2>Historiamme<\/h2>\n<h3>Miten Meiren perustettiin<\/h3>\n<p style=\"text-align: justify;\">Insin\u00f6\u00f6rin poikana Raoul p\u00e4\u00e4si jo lapsuudessaan kosketuksiin erilaisten koneiden ja laitteiden kanssa, mik\u00e4 m\u00e4\u00e4r\u00e4si suuresti nuorukaisen uranvalinnan. Sammumaton keksimisen halu on saatellut h\u00e4nt\u00e4 koko h\u00e4nen el\u00e4m\u00e4ns\u00e4 ajan.<\/p>\n<p style=\"text-align: justify;\">Liikekumppaninsa Jaanin h\u00e4n tapasi ensi kerran Tallinnan teknillisess\u00e4 yliopistossa, jossa molemmat opiskelivat konetekniikkaa. 15 vuotta yliopistosta valmistumisen j\u00e4lkeen, kun Jaanista oli tullut menestyv\u00e4 yritt\u00e4j\u00e4, miehet tapasivat uudelleen. Yhdess\u00e4 he p\u00e4\u00e4ttiv\u00e4t perustaa yrityksen, joka valmistaa lumiauroja, koska Raoulilla oli kokemusta niiden suunnittelusta. Vuonna 2003 syntyi MEIREN Engineering O\u00dc. Yrityksen nimi on johdettu omistajien sukunimist\u00e4 (Meikup ja Renser).<\/p>\n<p style=\"text-align: justify;\">Jo alussa miehet sopivat, ett\u00e4 kun tehd\u00e4\u00e4n jotakin, tehd\u00e4\u00e4n se hyvin. Alusta alkaen tuotekehitykseen osallistui useita asiakkaita, koska juuri he osasivat selitt\u00e4\u00e4 parhaiten, millaiset heid\u00e4n tarpeensa ovat. T\u00e4m\u00e4n yhteisty\u00f6n tuloksena syntyi tuote, joka saa jokaisen k\u00e4ytt\u00e4j\u00e4n ja tiemestarin onnelliseksi.<\/p>\n<p style=\"text-align: justify;\">Huolehdimme asiakkaistamme emmek\u00e4 j\u00e4t\u00e4 heit\u00e4 koskaan yksin murheidensa kanssa. Arvostamme kaikkia kilpailijoitamme, mink\u00e4 vuoksi voimme olla aina muita parempia. Emme edellyt\u00e4, ett\u00e4 jokaisen pit\u00e4isi tulla Meirenin asiakkaaksi. J\u00e4\u00e4k\u00f6\u00f6n t\u00e4m\u00e4 etuoikeus niille, jotka ovat sellaisen p\u00e4\u00e4t\u00f6ksen tehneet, ja niille, jotka tekev\u00e4t sen tulevaisuudessa.<\/p>\n<p>Kunnioittavasti<br \/>\nRaoul ja Jaan<\/p>\n","protected":false},"excerpt":{"rendered":"<p>Historiamme Miten Meiren perustettiin Insin\u00f6\u00f6rin poikana Raoul p\u00e4\u00e4si jo lapsuudessaan kosketuksiin erilaisten koneiden ja laitteiden kanssa, mik\u00e4 m\u00e4\u00e4r\u00e4si suuresti nuorukaisen uranvalinnan. Sammumaton keksimisen halu on saatellut h\u00e4nt\u00e4 koko h\u00e4nen el\u00e4m\u00e4ns\u00e4 ajan. Liikekumppaninsa Jaanin h\u00e4n tapasi ensi kerran Tallinnan teknillisess\u00e4 yliopistossa, jossa molemmat opiskelivat konetekniikkaa. 15 vuotta yliopistosta valmistumisen j\u00e4lkeen, kun Jaanista oli tullut menestyv\u00e4 yritt\u00e4j\u00e4, [&hellip;]<\/p>\n","protected":false},"author":2,"featured_media":0,"parent":0,"menu_order":0,"comment_status":"closed","ping_status":"open","template":"","meta":{"footnotes":""},"class_list":["post-465","page","type-page","status-publish","hentry"],"yoast_head":"<!-- This site is optimized with the Yoast SEO plugin v25.6 - https:\/\/yoast.com\/wordpress\/plugins\/seo\/ -->\n<title>Historiamme | Meiren lumesahad<\/title>\n<meta name=\"description\" content=\"Miten Meiren perustettiin - Meiren Engineering O\u00dc on 100% virolaiseen p\u00e4\u00e4omaan perustuva koneenrakennuksen yritys ja se perustettiin vuonna 2003.\" \/>\n<meta name=\"robots\" content=\"index, follow, max-snippet:-1, max-image-preview:large, max-video-preview:-1\" \/>\n<link rel=\"canonical\" href=\"https:\/\/www.meiren.ee\/fi\/historiamme\/\" \/>\n<meta property=\"og:locale\" content=\"fi_FI\" \/>\n<meta property=\"og:type\" content=\"article\" \/>\n<meta property=\"og:title\" content=\"Historiamme | Meiren lumesahad\" \/>\n<meta property=\"og:description\" content=\"Miten Meiren perustettiin - Meiren Engineering O\u00dc on 100% virolaiseen p\u00e4\u00e4omaan perustuva koneenrakennuksen yritys ja se perustettiin vuonna 2003.\" \/>\n<meta property=\"og:url\" content=\"https:\/\/www.meiren.ee\/fi\/historiamme\/\" \/>\n<meta property=\"og:site_name\" content=\"Meiren lumesahad\" \/>\n<meta property=\"article:publisher\" content=\"https:\/\/www.facebook.com\/Meiren.ee?ref=nf\" \/>\n<meta property=\"article:modified_time\" content=\"2022-08-01T12:44:34+00:00\" \/>\n<meta name=\"twitter:card\" content=\"summary_large_image\" \/>\n<meta name=\"twitter:label1\" content=\"Arvioitu lukuaika\" \/>\n\t<meta name=\"twitter:data1\" content=\"1 minuutti\" \/>\n<script type=\"application\/ld+json\" class=\"yoast-schema-graph\">{\"@context\":\"https:\/\/schema.org\",\"@graph\":[{\"@type\":\"WebPage\",\"@id\":\"https:\/\/www.meiren.ee\/fi\/historiamme\/\",\"url\":\"https:\/\/www.meiren.ee\/fi\/historiamme\/\",\"name\":\"Historiamme | Meiren lumesahad\",\"isPartOf\":{\"@id\":\"https:\/\/www.meiren.ee\/en\/#website\"},\"datePublished\":\"2014-04-25T10:47:42+00:00\",\"dateModified\":\"2022-08-01T12:44:34+00:00\",\"description\":\"Miten Meiren perustettiin - Meiren Engineering O\u00dc on 100% virolaiseen p\u00e4\u00e4omaan perustuva koneenrakennuksen yritys ja se perustettiin vuonna 2003.\",\"breadcrumb\":{\"@id\":\"https:\/\/www.meiren.ee\/fi\/historiamme\/#breadcrumb\"},\"inLanguage\":\"fi\",\"potentialAction\":[{\"@type\":\"ReadAction\",\"target\":[\"https:\/\/www.meiren.ee\/fi\/historiamme\/\"]}]},{\"@type\":\"BreadcrumbList\",\"@id\":\"https:\/\/www.meiren.ee\/fi\/historiamme\/#breadcrumb\",\"itemListElement\":[{\"@type\":\"ListItem\",\"position\":1,\"name\":\"Home\",\"item\":\"https:\/\/www.meiren.ee\/en\/\"},{\"@type\":\"ListItem\",\"position\":2,\"name\":\"Historiamme\"}]},{\"@type\":\"WebSite\",\"@id\":\"https:\/\/www.meiren.ee\/en\/#website\",\"url\":\"https:\/\/www.meiren.ee\/en\/\",\"name\":\"Meiren lumesahad\",\"description\":\"Lumesahk ja lumet\u00f5rje tehnika, maantee lumesahk, lumesahk traktorile, lumesahk maasturile, harjad, lumekopp, varuosad ja hooldus, lumesaha terad, Kobit s.r.o. soolapuisturid\",\"potentialAction\":[{\"@type\":\"SearchAction\",\"target\":{\"@type\":\"EntryPoint\",\"urlTemplate\":\"https:\/\/www.meiren.ee\/en\/?s={search_term_string}\"},\"query-input\":{\"@type\":\"PropertyValueSpecification\",\"valueRequired\":true,\"valueName\":\"search_term_string\"}}],\"inLanguage\":\"fi\"}]}<\/script>\n<!-- \/ Yoast SEO plugin. -->","yoast_head_json":{"title":"Historiamme | Meiren lumesahad","description":"Miten Meiren perustettiin - Meiren Engineering O\u00dc on 100% virolaiseen p\u00e4\u00e4omaan perustuva koneenrakennuksen yritys ja se perustettiin vuonna 2003.","robots":{"index":"index","follow":"follow","max-snippet":"max-snippet:-1","max-image-preview":"max-image-preview:large","max-video-preview":"max-video-preview:-1"},"canonical":"https:\/\/www.meiren.ee\/fi\/historiamme\/","og_locale":"fi_FI","og_type":"article","og_title":"Historiamme | Meiren lumesahad","og_description":"Miten Meiren perustettiin - Meiren Engineering O\u00dc on 100% virolaiseen p\u00e4\u00e4omaan perustuva koneenrakennuksen yritys ja se perustettiin vuonna 2003.","og_url":"https:\/\/www.meiren.ee\/fi\/historiamme\/","og_site_name":"Meiren lumesahad","article_publisher":"https:\/\/www.facebook.com\/Meiren.ee?ref=nf","article_modified_time":"2022-08-01T12:44:34+00:00","twitter_card":"summary_large_image","twitter_misc":{"Arvioitu lukuaika":"1 minuutti"},"schema":{"@context":"https:\/\/schema.org","@graph":[{"@type":"WebPage","@id":"https:\/\/www.meiren.ee\/fi\/historiamme\/","url":"https:\/\/www.meiren.ee\/fi\/historiamme\/","name":"Historiamme | Meiren lumesahad","isPartOf":{"@id":"https:\/\/www.meiren.ee\/en\/#website"},"datePublished":"2014-04-25T10:47:42+00:00","dateModified":"2022-08-01T12:44:34+00:00","description":"Miten Meiren perustettiin - Meiren Engineering O\u00dc on 100% virolaiseen p\u00e4\u00e4omaan perustuva koneenrakennuksen yritys ja se perustettiin vuonna 2003.","breadcrumb":{"@id":"https:\/\/www.meiren.ee\/fi\/historiamme\/#breadcrumb"},"inLanguage":"fi","potentialAction":[{"@type":"ReadAction","target":["https:\/\/www.meiren.ee\/fi\/historiamme\/"]}]},{"@type":"BreadcrumbList","@id":"https:\/\/www.meiren.ee\/fi\/historiamme\/#breadcrumb","itemListElement":[{"@type":"ListItem","position":1,"name":"Home","item":"https:\/\/www.meiren.ee\/en\/"},{"@type":"ListItem","position":2,"name":"Historiamme"}]},{"@type":"WebSite","@id":"https:\/\/www.meiren.ee\/en\/#website","url":"https:\/\/www.meiren.ee\/en\/","name":"Meiren lumesahad","description":"Lumesahk ja lumet\u00f5rje tehnika, maantee lumesahk, lumesahk traktorile, lumesahk maasturile, harjad, lumekopp, varuosad ja hooldus, lumesaha terad, Kobit s.r.o. soolapuisturid","potentialAction":[{"@type":"SearchAction","target":{"@type":"EntryPoint","urlTemplate":"https:\/\/www.meiren.ee\/en\/?s={search_term_string}"},"query-input":{"@type":"PropertyValueSpecification","valueRequired":true,"valueName":"search_term_string"}}],"inLanguage":"fi"}]}},"_links":{"self":[{"href":"https:\/\/www.meiren.ee\/fi\/wp-json\/wp\/v2\/pages\/465"}],"collection":[{"href":"https:\/\/www.meiren.ee\/fi\/wp-json\/wp\/v2\/pages"}],"about":[{"href":"https:\/\/www.meiren.ee\/fi\/wp-json\/wp\/v2\/types\/page"}],"author":[{"embeddable":true,"href":"https:\/\/www.meiren.ee\/fi\/wp-json\/wp\/v2\/users\/2"}],"replies":[{"embeddable":true,"href":"https:\/\/www.meiren.ee\/fi\/wp-json\/wp\/v2\/comments?post=465"}],"version-history":[{"count":8,"href":"https:\/\/www.meiren.ee\/fi\/wp-json\/wp\/v2\/pages\/465\/revisions"}],"predecessor-version":[{"id":21196,"href":"https:\/\/www.meiren.ee\/fi\/wp-json\/wp\/v2\/pages\/465\/revisions\/21196"}],"wp:attachment":[{"href":"https:\/\/www.meiren.ee\/fi\/wp-json\/wp\/v2\/media?parent=465"}],"curies":[{"name":"wp","href":"https:\/\/api.w.org\/{rel}","templated":true}]}}