{"id":477,"date":"2014-04-25T13:54:48","date_gmt":"2014-04-25T10:54:48","guid":{"rendered":"https:\/\/meiren.ee\/?page_id=477"},"modified":"2021-06-17T08:15:53","modified_gmt":"2021-06-17T05:15:53","slug":"huolto","status":"publish","type":"page","link":"https:\/\/www.meiren.ee\/fi\/huolto\/","title":{"rendered":"Huolto"},"content":{"rendered":"<h2>HUOLTOON KUULUU<\/h2>\n<ul>\n<li>s\u00e4hk\u00f6j\u00e4rjestelm\u00e4n, hydrauliikkan ja runkon valvonta<\/li>\n<li>v\u00e4rin tarkastus (sis\u00e4lt\u00e4\u00e4 pieni\u00e4 korjauksia)<\/li>\n<li>auran voitelu<\/li>\n<li>tarkastuslistan t\u00e4yte<\/li>\n<\/ul>\n<h2>MAHDOLLISET LIS\u00c4TY\u00d6T<\/h2>\n<ul>\n<li>auran s\u00e4ilytys<\/li>\n<li>auran pesu painepesurilla<\/li>\n<li>ter\u00e4npidikkeen vaihto<\/li>\n<li>sylinderin vaihto<\/li>\n<li>hydrauliikkaletkujen vaihto<\/li>\n<li>valaisimien ja turvallisuusmerkkien vaihto<\/li>\n<li>sivumuovin vaihto<\/li>\n<li>akselin keskipehmusten vaihto<\/li>\n<li>varaosien ja terien vaihto<\/li>\n<\/ul>\n","protected":false},"excerpt":{"rendered":"<p>HUOLTOON KUULUU s\u00e4hk\u00f6j\u00e4rjestelm\u00e4n, hydrauliikkan ja runkon valvonta v\u00e4rin tarkastus (sis\u00e4lt\u00e4\u00e4 pieni\u00e4 korjauksia) auran voitelu tarkastuslistan t\u00e4yte MAHDOLLISET LIS\u00c4TY\u00d6T auran s\u00e4ilytys auran pesu painepesurilla ter\u00e4npidikkeen vaihto sylinderin vaihto hydrauliikkaletkujen vaihto valaisimien ja turvallisuusmerkkien vaihto sivumuovin vaihto akselin keskipehmusten vaihto varaosien ja terien vaihto<\/p>\n","protected":false},"author":2,"featured_media":0,"parent":0,"menu_order":0,"comment_status":"closed","ping_status":"open","template":"page-special_page.php","meta":{"footnotes":""},"class_list":["post-477","page","type-page","status-publish","hentry"],"yoast_head":"<!-- This site is optimized with the Yoast SEO plugin v25.6 - https:\/\/yoast.com\/wordpress\/plugins\/seo\/ -->\n<title>Huolto | Meiren lumesahad<\/title>\n<meta name=\"description\" content=\"Tilaa Meiren Snow-huoltopakettia, mik\u00e4 pit\u00e4\u00e4 sis\u00e4ll\u00e4\u00e4n talvikauden j\u00e4lkeen lumiaurojen yll\u00e4pidon. Huoltoon kuuluu auran voitelu, s\u00e4hk\u00f6j\u00e4rjestelm\u00e4n valvonta.\" \/>\n<meta name=\"robots\" content=\"index, follow, max-snippet:-1, max-image-preview:large, max-video-preview:-1\" \/>\n<link rel=\"canonical\" href=\"https:\/\/www.meiren.ee\/fi\/huolto\/\" \/>\n<meta property=\"og:locale\" content=\"fi_FI\" \/>\n<meta property=\"og:type\" content=\"article\" \/>\n<meta property=\"og:title\" content=\"Huolto | Meiren lumesahad\" \/>\n<meta property=\"og:description\" content=\"Tilaa Meiren Snow-huoltopakettia, mik\u00e4 pit\u00e4\u00e4 sis\u00e4ll\u00e4\u00e4n talvikauden j\u00e4lkeen lumiaurojen yll\u00e4pidon. Huoltoon kuuluu auran voitelu, s\u00e4hk\u00f6j\u00e4rjestelm\u00e4n valvonta.\" \/>\n<meta property=\"og:url\" content=\"https:\/\/www.meiren.ee\/fi\/huolto\/\" \/>\n<meta property=\"og:site_name\" content=\"Meiren lumesahad\" \/>\n<meta property=\"article:publisher\" content=\"https:\/\/www.facebook.com\/Meiren.ee?ref=nf\" \/>\n<meta property=\"article:modified_time\" content=\"2021-06-17T05:15:53+00:00\" \/>\n<meta name=\"twitter:card\" content=\"summary_large_image\" \/>\n<script type=\"application\/ld+json\" class=\"yoast-schema-graph\">{\"@context\":\"https:\/\/schema.org\",\"@graph\":[{\"@type\":\"WebPage\",\"@id\":\"https:\/\/www.meiren.ee\/fi\/huolto\/\",\"url\":\"https:\/\/www.meiren.ee\/fi\/huolto\/\",\"name\":\"Huolto | Meiren lumesahad\",\"isPartOf\":{\"@id\":\"https:\/\/www.meiren.ee\/en\/#website\"},\"datePublished\":\"2014-04-25T10:54:48+00:00\",\"dateModified\":\"2021-06-17T05:15:53+00:00\",\"description\":\"Tilaa Meiren Snow-huoltopakettia, mik\u00e4 pit\u00e4\u00e4 sis\u00e4ll\u00e4\u00e4n talvikauden j\u00e4lkeen lumiaurojen yll\u00e4pidon. Huoltoon kuuluu auran voitelu, s\u00e4hk\u00f6j\u00e4rjestelm\u00e4n valvonta.\",\"breadcrumb\":{\"@id\":\"https:\/\/www.meiren.ee\/fi\/huolto\/#breadcrumb\"},\"inLanguage\":\"fi\",\"potentialAction\":[{\"@type\":\"ReadAction\",\"target\":[\"https:\/\/www.meiren.ee\/fi\/huolto\/\"]}]},{\"@type\":\"BreadcrumbList\",\"@id\":\"https:\/\/www.meiren.ee\/fi\/huolto\/#breadcrumb\",\"itemListElement\":[{\"@type\":\"ListItem\",\"position\":1,\"name\":\"Home\",\"item\":\"https:\/\/www.meiren.ee\/en\/\"},{\"@type\":\"ListItem\",\"position\":2,\"name\":\"Huolto\"}]},{\"@type\":\"WebSite\",\"@id\":\"https:\/\/www.meiren.ee\/en\/#website\",\"url\":\"https:\/\/www.meiren.ee\/en\/\",\"name\":\"Meiren lumesahad\",\"description\":\"Lumesahk ja lumet\u00f5rje tehnika, maantee lumesahk, lumesahk traktorile, lumesahk maasturile, harjad, lumekopp, varuosad ja hooldus, lumesaha terad, Kobit s.r.o. soolapuisturid\",\"potentialAction\":[{\"@type\":\"SearchAction\",\"target\":{\"@type\":\"EntryPoint\",\"urlTemplate\":\"https:\/\/www.meiren.ee\/en\/?s={search_term_string}\"},\"query-input\":{\"@type\":\"PropertyValueSpecification\",\"valueRequired\":true,\"valueName\":\"search_term_string\"}}],\"inLanguage\":\"fi\"}]}<\/script>\n<!-- \/ Yoast SEO plugin. -->","yoast_head_json":{"title":"Huolto | Meiren lumesahad","description":"Tilaa Meiren Snow-huoltopakettia, mik\u00e4 pit\u00e4\u00e4 sis\u00e4ll\u00e4\u00e4n talvikauden j\u00e4lkeen lumiaurojen yll\u00e4pidon. Huoltoon kuuluu auran voitelu, s\u00e4hk\u00f6j\u00e4rjestelm\u00e4n valvonta.","robots":{"index":"index","follow":"follow","max-snippet":"max-snippet:-1","max-image-preview":"max-image-preview:large","max-video-preview":"max-video-preview:-1"},"canonical":"https:\/\/www.meiren.ee\/fi\/huolto\/","og_locale":"fi_FI","og_type":"article","og_title":"Huolto | Meiren lumesahad","og_description":"Tilaa Meiren Snow-huoltopakettia, mik\u00e4 pit\u00e4\u00e4 sis\u00e4ll\u00e4\u00e4n talvikauden j\u00e4lkeen lumiaurojen yll\u00e4pidon. Huoltoon kuuluu auran voitelu, s\u00e4hk\u00f6j\u00e4rjestelm\u00e4n valvonta.","og_url":"https:\/\/www.meiren.ee\/fi\/huolto\/","og_site_name":"Meiren lumesahad","article_publisher":"https:\/\/www.facebook.com\/Meiren.ee?ref=nf","article_modified_time":"2021-06-17T05:15:53+00:00","twitter_card":"summary_large_image","schema":{"@context":"https:\/\/schema.org","@graph":[{"@type":"WebPage","@id":"https:\/\/www.meiren.ee\/fi\/huolto\/","url":"https:\/\/www.meiren.ee\/fi\/huolto\/","name":"Huolto | Meiren lumesahad","isPartOf":{"@id":"https:\/\/www.meiren.ee\/en\/#website"},"datePublished":"2014-04-25T10:54:48+00:00","dateModified":"2021-06-17T05:15:53+00:00","description":"Tilaa Meiren Snow-huoltopakettia, mik\u00e4 pit\u00e4\u00e4 sis\u00e4ll\u00e4\u00e4n talvikauden j\u00e4lkeen lumiaurojen yll\u00e4pidon. Huoltoon kuuluu auran voitelu, s\u00e4hk\u00f6j\u00e4rjestelm\u00e4n valvonta.","breadcrumb":{"@id":"https:\/\/www.meiren.ee\/fi\/huolto\/#breadcrumb"},"inLanguage":"fi","potentialAction":[{"@type":"ReadAction","target":["https:\/\/www.meiren.ee\/fi\/huolto\/"]}]},{"@type":"BreadcrumbList","@id":"https:\/\/www.meiren.ee\/fi\/huolto\/#breadcrumb","itemListElement":[{"@type":"ListItem","position":1,"name":"Home","item":"https:\/\/www.meiren.ee\/en\/"},{"@type":"ListItem","position":2,"name":"Huolto"}]},{"@type":"WebSite","@id":"https:\/\/www.meiren.ee\/en\/#website","url":"https:\/\/www.meiren.ee\/en\/","name":"Meiren lumesahad","description":"Lumesahk ja lumet\u00f5rje tehnika, maantee lumesahk, lumesahk traktorile, lumesahk maasturile, harjad, lumekopp, varuosad ja hooldus, lumesaha terad, Kobit s.r.o. soolapuisturid","potentialAction":[{"@type":"SearchAction","target":{"@type":"EntryPoint","urlTemplate":"https:\/\/www.meiren.ee\/en\/?s={search_term_string}"},"query-input":{"@type":"PropertyValueSpecification","valueRequired":true,"valueName":"search_term_string"}}],"inLanguage":"fi"}]}},"_links":{"self":[{"href":"https:\/\/www.meiren.ee\/fi\/wp-json\/wp\/v2\/pages\/477"}],"collection":[{"href":"https:\/\/www.meiren.ee\/fi\/wp-json\/wp\/v2\/pages"}],"about":[{"href":"https:\/\/www.meiren.ee\/fi\/wp-json\/wp\/v2\/types\/page"}],"author":[{"embeddable":true,"href":"https:\/\/www.meiren.ee\/fi\/wp-json\/wp\/v2\/users\/2"}],"replies":[{"embeddable":true,"href":"https:\/\/www.meiren.ee\/fi\/wp-json\/wp\/v2\/comments?post=477"}],"version-history":[{"count":20,"href":"https:\/\/www.meiren.ee\/fi\/wp-json\/wp\/v2\/pages\/477\/revisions"}],"predecessor-version":[{"id":18164,"href":"https:\/\/www.meiren.ee\/fi\/wp-json\/wp\/v2\/pages\/477\/revisions\/18164"}],"wp:attachment":[{"href":"https:\/\/www.meiren.ee\/fi\/wp-json\/wp\/v2\/media?parent=477"}],"curies":[{"name":"wp","href":"https:\/\/api.w.org\/{rel}","templated":true}]}}