{"id":9155,"date":"2015-01-30T16:31:30","date_gmt":"2015-01-30T14:31:30","guid":{"rendered":"https:\/\/meiren.ee\/?page_id=9155"},"modified":"2022-11-07T10:45:16","modified_gmt":"2022-11-07T08:45:16","slug":"kunnallistekniikka","status":"publish","type":"page","link":"https:\/\/www.meiren.ee\/fi\/kunnallistekniikka\/","title":{"rendered":"Kunnallistekniikka"},"content":{"rendered":"<p><strong>Meirenin kunnallistekniikka<\/strong>:<\/p>\n<h2><a href=\"https:\/\/meiren.ee\/fi\/uutisia\/kobit-kunnallistekniikka\/\" target=\"_blank\" rel=\"noopener\">KOBIT s.r.o. kunnallistekniikka<\/a><\/h2>\n<p><img fetchpriority=\"high\" decoding=\"async\" class=\"alignnone size-thumbnail wp-image-9976\" src=\"https:\/\/meiren.ee\/wp-content\/uploads\/2015\/10\/Kobit-s.r.o-390x270.jpg\" alt=\"KOBIT s.r.o. kunnallistekniikka\" width=\"390\" height=\"270\" \/><br \/>\nMyymme KOBIT s.r.o. kunnallistekniikkaa ja varaosia. Tuotevalikoimaan voit tutustua osoitteessa <a href=\"http:\/\/kobit.cz\" target=\"_blank\" rel=\"noopener\"><u>www.kobit.cz<\/u><\/a><\/p>\n<h2><noscript class=\"ninja-forms-noscript-message\">\n\tHuomautus: JavaScript vaaditaan t\u00e4t\u00e4 sis\u00e4lt\u00f6\u00e4 varten.<\/noscript>\n<div id=\"nf-form-33-cont\" class=\"nf-form-cont\" aria-live=\"polite\" aria-labelledby=\"nf-form-title-33\" aria-describedby=\"nf-form-errors-33\" role=\"form\">\n\n    <div class=\"nf-loading-spinner\"><\/div>\n\n<\/div>\n        <!-- That data is being printed as a workaround to page builders reordering the order of the scripts loaded-->\n        <script>var formDisplay=1;var nfForms=nfForms||[];var form=[];form.id='33';form.settings={\"objectType\":\"Form Setting\",\"editActive\":true,\"title\":\"FIN - Kobit\",\"key\":\"\",\"created_at\":\"2017-05-23 10:43:04\",\"show_title\":\"0\",\"clear_complete\":\"1\",\"hide_complete\":\"1\",\"default_label_pos\":\"above\",\"wrapper_class\":\"\",\"element_class\":\"\",\"add_submit\":\"0\",\"currency\":\"\",\"logged_in\":\"\",\"not_logged_in_msg\":\"\",\"sub_limit_msg\":\"\",\"calculations\":[],\"formContentData\":[\"yrityksen_nimi_1669033654854\",\"sinun_nimesi_1669033662651\",\"puhelin\",\"saehkoeposti\",\"viesti\",\"hidden_1\",\"laehettae_kysely\"],\"lock\":\"0\",\"allow_public_link\":0,\"embed_form\":\"\",\"repeatable_fieldsets\":\"\",\"unique_field_error\":\"A form with this value has already been submitted.\",\"ninjaForms\":\"Ninja-lomakkeet\",\"changeEmailErrorMsg\":\"Please enter a valid email address\",\"changeDateErrorMsg\":\"Please enter a valid date!\",\"confirmFieldErrorMsg\":\"N\\u00e4iden kenttien on t\\u00e4sm\\u00e4tt\\u00e4v\\u00e4!\",\"fieldNumberNumMinError\":\"Numero minimi virhe\",\"fieldNumberNumMaxError\":\"Numero maksimi virhe\",\"fieldNumberIncrementBy\":\"Lis\\u00e4\\u00e4 m\\u00e4\\u00e4r\\u00e4ll\\u00e4 \",\"fieldTextareaRTEInsertLink\":\"Lis\\u00e4\\u00e4 linkki\",\"fieldTextareaRTEInsertMedia\":\"Lis\\u00e4\\u00e4 media\",\"fieldTextareaRTESelectAFile\":\"Valitse tiedosto\",\"formErrorsCorrectErrors\":\"There are errors on the form. Please fix them before continuing.\",\"formHoneypot\":\"Jos n\\u00e4et t\\u00e4m\\u00e4n kent\\u00e4n, j\\u00e4t\\u00e4 se tyhj\\u00e4ksi.\",\"validateRequiredField\":\"Pakollinen kentt\\u00e4\",\"honeypotHoneypotError\":\"Honeypot-virhe\",\"fileUploadOldCodeFileUploadInProgress\":\"Tiedoston l\\u00e4hett\\u00e4minen menossa.\",\"fileUploadOldCodeFileUpload\":\"TIEDOSTON L\\u00c4HETT\\u00c4MINEN\",\"currencySymbol\":\"&euro;\",\"fieldsMarkedRequired\":\"All fields marked with * are mandatory\",\"thousands_sep\":\"&nbsp;\",\"decimal_point\":\",\",\"siteLocale\":\"fi\",\"dateFormat\":\"m\\\/d\\\/Y\",\"startOfWeek\":\"1\",\"of\":\" \\\/ \",\"previousMonth\":\"Previous Month\",\"nextMonth\":\"Next Month\",\"months\":[\"January\",\"February\",\"March\",\"April\",\"May\",\"June\",\"July\",\"August\",\"September\",\"October\",\"November\",\"December\"],\"monthsShort\":[\"Jan\",\"Feb\",\"Mar\",\"Apr\",\"May\",\"Jun\",\"Jul\",\"Aug\",\"Sep\",\"Oct\",\"Nov\",\"Dec\"],\"weekdays\":[\"Sunday\",\"Monday\",\"Tuesday\",\"Wednesday\",\"Thursday\",\"Friday\",\"Saturday\"],\"weekdaysShort\":[\"Sun\",\"Mon\",\"Tue\",\"Wed\",\"Thu\",\"Fri\",\"Sat\"],\"weekdaysMin\":[\"Su\",\"Mo\",\"Tu\",\"We\",\"Th\",\"Fr\",\"Sa\"],\"recaptchaConsentMissing\":\"reCaptcha validation couldn&#039;t load.\",\"recaptchaMissingCookie\":\"reCaptcha v3 validation couldn&#039;t load the cookie needed to submit the form.\",\"recaptchaConsentEvent\":\"Accept reCaptcha cookies before sending the form.\",\"currency_symbol\":\"\",\"beforeForm\":\"\",\"beforeFields\":\"\",\"afterFields\":\"\",\"afterForm\":\"\"};form.fields=[{\"objectType\":\"Field\",\"objectDomain\":\"fields\",\"editActive\":false,\"order\":1,\"idAttribute\":\"id\",\"label\":\"Yrityksen nimi\",\"key\":\"yrityksen_nimi_1669033654854\",\"type\":\"firstname\",\"created_at\":\"2017-05-23 10:43:04\",\"label_pos\":\"above\",\"required\":1,\"default\":\"\",\"placeholder\":\"\",\"container_class\":\"\",\"element_class\":\"form-control\",\"admin_label\":\"\",\"help_text\":\"\",\"desc_text\":\"\",\"custom_name_attribute\":\"fname\",\"personally_identifiable\":1,\"value\":\"\",\"drawerDisabled\":false,\"id\":202,\"beforeField\":\"\",\"afterField\":\"\",\"parentType\":\"firstname\",\"element_templates\":[\"firstname\",\"input\"],\"old_classname\":\"\",\"wrap_template\":\"wrap\"},{\"objectType\":\"Field\",\"objectDomain\":\"fields\",\"editActive\":false,\"order\":2,\"idAttribute\":\"id\",\"label\":\"Sinun nimesi\",\"type\":\"textbox\",\"key\":\"sinun_nimesi_1669033662651\",\"label_pos\":\"above\",\"required\":1,\"default\":\"\",\"placeholder\":\"\",\"container_class\":\"\",\"element_class\":\"\",\"input_limit\":\"\",\"input_limit_type\":\"characters\",\"input_limit_msg\":\"Character(s) left\",\"manual_key\":false,\"admin_label\":\"\",\"help_text\":\"\",\"mask\":\"\",\"custom_mask\":\"\",\"custom_name_attribute\":\"\",\"personally_identifiable\":\"\",\"value\":\"\",\"drawerDisabled\":false,\"id\":350,\"beforeField\":\"\",\"afterField\":\"\",\"parentType\":\"textbox\",\"element_templates\":[\"textbox\",\"input\"],\"old_classname\":\"\",\"wrap_template\":\"wrap\"},{\"objectType\":\"Field\",\"objectDomain\":\"fields\",\"editActive\":false,\"order\":3,\"idAttribute\":\"id\",\"label\":\"Puhelin\",\"key\":\"puhelin\",\"type\":\"textbox\",\"created_at\":\"2017-05-23 10:43:04\",\"label_pos\":\"above\",\"required\":1,\"placeholder\":\"\",\"default\":\"\",\"container_class\":\"\",\"element_class\":\"form-control\",\"input_limit\":\"\",\"input_limit_type\":\"characters\",\"input_limit_msg\":\"Character(s) left\",\"manual_key\":\"\",\"disable_input\":\"\",\"admin_label\":\"\",\"help_text\":\"\",\"desc_text\":\"\",\"disable_browser_autocomplete\":\"\",\"mask\":\"\",\"custom_mask\":\"\",\"custom_name_attribute\":\"\",\"personally_identifiable\":\"\",\"value\":\"\",\"id\":203,\"beforeField\":\"\",\"afterField\":\"\",\"parentType\":\"textbox\",\"element_templates\":[\"textbox\",\"input\"],\"old_classname\":\"\",\"wrap_template\":\"wrap\"},{\"objectType\":\"Field\",\"objectDomain\":\"fields\",\"editActive\":false,\"order\":4,\"idAttribute\":\"id\",\"label\":\"S\\u00e4hk\\u00f6posti\",\"key\":\"saehkoeposti\",\"type\":\"email\",\"created_at\":\"2017-05-23 10:43:04\",\"label_pos\":\"above\",\"required\":1,\"default\":\"\",\"placeholder\":\"\",\"container_class\":\"\",\"element_class\":\"form-control\",\"admin_label\":\"\",\"help_text\":\"\",\"desc_text\":\"\",\"custom_name_attribute\":\"email\",\"personally_identifiable\":1,\"value\":\"\",\"id\":204,\"beforeField\":\"\",\"afterField\":\"\",\"parentType\":\"email\",\"element_templates\":[\"email\",\"input\"],\"old_classname\":\"\",\"wrap_template\":\"wrap\"},{\"objectType\":\"Field\",\"objectDomain\":\"fields\",\"editActive\":false,\"order\":5,\"idAttribute\":\"id\",\"label\":\"Viesti\",\"key\":\"viesti\",\"type\":\"textarea\",\"created_at\":\"2017-05-23 10:43:05\",\"label_pos\":\"above\",\"required\":\"\",\"placeholder\":\"\",\"default\":\"Hei,\\n\\nOlen kiinnostunut Kobit s.r.o. varaosista.\\nTilauskoodi ja m\\u00e4\\u00e4r\\u00e4:\\n\\nKyll\\u00e4 kiitos, olkaa minuun yhteydess\\u00e4.\",\"container_class\":\"\",\"element_class\":\"form-control\",\"input_limit\":\"\",\"input_limit_type\":\"characters\",\"input_limit_msg\":\"Character(s) left\",\"manual_key\":\"\",\"disable_input\":\"\",\"admin_label\":\"\",\"help_text\":\"\",\"desc_text\":\"<p><br><\\\/p>\",\"disable_browser_autocomplete\":\"\",\"textarea_rte\":\"\",\"disable_rte_mobile\":\"\",\"textarea_media\":\"\",\"value\":\"Hei,\\n\\nOlen kiinnostunut Kobit s.r.o. varaosista.\\nTilauskoodi ja m\\u00e4\\u00e4r\\u00e4:\\n\\nKyll\\u00e4 kiitos, olkaa minuun yhteydess\\u00e4.\",\"drawerDisabled\":false,\"id\":205,\"beforeField\":\"\",\"afterField\":\"\",\"parentType\":\"textarea\",\"element_templates\":[\"textarea\",\"input\"],\"old_classname\":\"\",\"wrap_template\":\"wrap\"},{\"objectType\":\"Field\",\"objectDomain\":\"fields\",\"editActive\":false,\"order\":6,\"idAttribute\":\"id\",\"label\":\"Hidden\",\"key\":\"hidden_1\",\"type\":\"hidden\",\"created_at\":\"2016-12-12 10:53:34\",\"default\":\"{post:title} - {post:url}\",\"admin_label\":\"\",\"saved\":\"\",\"nicename\":\"Hidden\",\"drawerDisabled\":false,\"id\":206,\"beforeField\":\"\",\"afterField\":\"\",\"value\":\"Kunnallistekniikka - https:\\\/\\\/www.meiren.ee\\\/fi\\\/kunnallistekniikka\\\/\",\"label_pos\":\"above\",\"parentType\":\"hidden\",\"element_templates\":[\"hidden\",\"input\"],\"old_classname\":\"\",\"wrap_template\":\"wrap-no-label\"},{\"objectType\":\"Field\",\"objectDomain\":\"fields\",\"editActive\":false,\"order\":7,\"idAttribute\":\"id\",\"label\":\"L\\u00e4hett\\u00e4 kysely\",\"key\":\"laehettae_kysely\",\"type\":\"submit\",\"created_at\":\"2017-05-23 10:43:05\",\"processing_label\":\"Processing\",\"container_class\":\"pull-text-center\",\"element_class\":\"\",\"id\":207,\"beforeField\":\"\",\"afterField\":\"\",\"value\":\"\",\"label_pos\":\"above\",\"parentType\":\"textbox\",\"element_templates\":[\"submit\",\"button\",\"input\"],\"old_classname\":\"\",\"wrap_template\":\"wrap-no-label\"}];nfForms.push(form);<\/script>\n        <\/h2>\n<h2><a title=\"Avoharja HT\" href=\"https:\/\/meiren.ee\/fi\/lumiaura\/avoharja-ht\/\" target=\"_blank\" rel=\"noopener\">Sivusiirrolla, N-sarja avoharja HT<\/a><\/h2>\n<div id=\"attachment_586\" style=\"width: 310px\" class=\"wp-caption alignnone\"><img decoding=\"async\" aria-describedby=\"caption-attachment-586\" class=\"wp-image-586 size-medium\" src=\"https:\/\/meiren.ee\/wp-content\/uploads\/2014\/04\/DSC04939390x269px-300x206.jpg\" alt=\"Meiren sivusiirrolla, N-sarja avoharja HT\" width=\"300\" height=\"206\" srcset=\"https:\/\/www.meiren.ee\/wp-content\/uploads\/2014\/04\/DSC04939390x269px-300x206.jpg 300w, https:\/\/www.meiren.ee\/wp-content\/uploads\/2014\/04\/DSC04939390x269px.jpg 390w\" sizes=\"(max-width: 300px) 100vw, 300px\" \/><p id=\"caption-attachment-586\" class=\"wp-caption-text\">Sivusiirrolla avoharja HTN<\/p><\/div>\n<p align=\"justify\">Sivusiirrolla, N-sarja avoharja HT on tarkoitettu p\u00e4\u00e4asiassa maantiek\u00e4ytt\u00f6\u00f6n, mutta soveltuu hyvin my\u00f6s kaupunkin katujen puhdistamiseen. Uutena ratkaisuna Meirenin HT harjassa on vakiovarusteena sivusuuntainen liikkuvuus. Sivusuuntainen liikkuvuus ja vertikaalinen kelluvuus toimivat hydraulisesti, kallistus mekaanisesti.<br \/>\nKatso video &#8211; <a href=\"https:\/\/www.youtube.com\/watch?list=PLj8Gj2DzWVHx0Ba7Fe4ElHTZ_wXFC4tVu&amp;v=QaQYmrBD5gc\" target=\"_blank\" rel=\"noopener\"><strong>Sivusiirrolla, N-sarja avoharja HT<\/strong><\/a>.<\/p>\n","protected":false},"excerpt":{"rendered":"<p>Meirenin kunnallistekniikka: KOBIT s.r.o. kunnallistekniikka Myymme KOBIT s.r.o. kunnallistekniikkaa ja varaosia. Tuotevalikoimaan voit tutustua osoitteessa www.kobit.cz Sivusiirrolla, N-sarja avoharja HT Sivusiirrolla, N-sarja avoharja HT on tarkoitettu p\u00e4\u00e4asiassa maantiek\u00e4ytt\u00f6\u00f6n, mutta soveltuu hyvin my\u00f6s kaupunkin katujen puhdistamiseen. Uutena ratkaisuna Meirenin HT harjassa on vakiovarusteena sivusuuntainen liikkuvuus. Sivusuuntainen liikkuvuus ja vertikaalinen kelluvuus toimivat hydraulisesti, kallistus mekaanisesti. Katso video [&hellip;]<\/p>\n","protected":false},"author":2,"featured_media":0,"parent":0,"menu_order":0,"comment_status":"closed","ping_status":"open","template":"page-special_page.php","meta":{"footnotes":""},"class_list":["post-9155","page","type-page","status-publish","hentry"],"yoast_head":"<!-- This site is optimized with the Yoast SEO plugin v25.6 - https:\/\/yoast.com\/wordpress\/plugins\/seo\/ -->\n<title>Kunnallistekniikka | Meiren lumesahad<\/title>\n<meta name=\"description\" content=\"Meirenin tuotevalikoimasta l\u00f6ytyy my\u00f6s kunnallistekniikka: sivusiirrolla avoharja, KOBIT kunnallistekniikka ja varaosat.\" \/>\n<meta name=\"robots\" content=\"index, follow, max-snippet:-1, max-image-preview:large, max-video-preview:-1\" \/>\n<link rel=\"canonical\" href=\"https:\/\/www.meiren.ee\/fi\/kunnallistekniikka\/\" \/>\n<meta property=\"og:locale\" content=\"fi_FI\" \/>\n<meta property=\"og:type\" content=\"article\" \/>\n<meta property=\"og:title\" content=\"Kunnallistekniikka | Meiren lumesahad\" \/>\n<meta property=\"og:description\" content=\"Meirenin tuotevalikoimasta l\u00f6ytyy my\u00f6s kunnallistekniikka: sivusiirrolla avoharja, KOBIT kunnallistekniikka ja varaosat.\" \/>\n<meta property=\"og:url\" content=\"https:\/\/www.meiren.ee\/fi\/kunnallistekniikka\/\" \/>\n<meta property=\"og:site_name\" content=\"Meiren lumesahad\" \/>\n<meta property=\"article:publisher\" content=\"https:\/\/www.facebook.com\/Meiren.ee?ref=nf\" \/>\n<meta property=\"article:modified_time\" content=\"2022-11-07T08:45:16+00:00\" \/>\n<meta property=\"og:image\" content=\"https:\/\/meiren.ee\/wp-content\/uploads\/2015\/10\/Kobit-s.r.o-390x270.jpg\" \/>\n<meta name=\"twitter:card\" content=\"summary_large_image\" \/>\n<script type=\"application\/ld+json\" class=\"yoast-schema-graph\">{\"@context\":\"https:\/\/schema.org\",\"@graph\":[{\"@type\":\"WebPage\",\"@id\":\"https:\/\/www.meiren.ee\/fi\/kunnallistekniikka\/\",\"url\":\"https:\/\/www.meiren.ee\/fi\/kunnallistekniikka\/\",\"name\":\"Kunnallistekniikka | Meiren lumesahad\",\"isPartOf\":{\"@id\":\"https:\/\/www.meiren.ee\/en\/#website\"},\"primaryImageOfPage\":{\"@id\":\"https:\/\/www.meiren.ee\/fi\/kunnallistekniikka\/#primaryimage\"},\"image\":{\"@id\":\"https:\/\/www.meiren.ee\/fi\/kunnallistekniikka\/#primaryimage\"},\"thumbnailUrl\":\"https:\/\/meiren.ee\/wp-content\/uploads\/2015\/10\/Kobit-s.r.o-390x270.jpg\",\"datePublished\":\"2015-01-30T14:31:30+00:00\",\"dateModified\":\"2022-11-07T08:45:16+00:00\",\"description\":\"Meirenin tuotevalikoimasta l\u00f6ytyy my\u00f6s kunnallistekniikka: sivusiirrolla avoharja, KOBIT kunnallistekniikka ja varaosat.\",\"breadcrumb\":{\"@id\":\"https:\/\/www.meiren.ee\/fi\/kunnallistekniikka\/#breadcrumb\"},\"inLanguage\":\"fi\",\"potentialAction\":[{\"@type\":\"ReadAction\",\"target\":[\"https:\/\/www.meiren.ee\/fi\/kunnallistekniikka\/\"]}]},{\"@type\":\"ImageObject\",\"inLanguage\":\"fi\",\"@id\":\"https:\/\/www.meiren.ee\/fi\/kunnallistekniikka\/#primaryimage\",\"url\":\"https:\/\/meiren.ee\/wp-content\/uploads\/2015\/10\/Kobit-s.r.o-390x270.jpg\",\"contentUrl\":\"https:\/\/meiren.ee\/wp-content\/uploads\/2015\/10\/Kobit-s.r.o-390x270.jpg\"},{\"@type\":\"BreadcrumbList\",\"@id\":\"https:\/\/www.meiren.ee\/fi\/kunnallistekniikka\/#breadcrumb\",\"itemListElement\":[{\"@type\":\"ListItem\",\"position\":1,\"name\":\"Home\",\"item\":\"https:\/\/www.meiren.ee\/en\/\"},{\"@type\":\"ListItem\",\"position\":2,\"name\":\"Kunnallistekniikka\"}]},{\"@type\":\"WebSite\",\"@id\":\"https:\/\/www.meiren.ee\/en\/#website\",\"url\":\"https:\/\/www.meiren.ee\/en\/\",\"name\":\"Meiren lumesahad\",\"description\":\"Lumesahk ja lumet\u00f5rje tehnika, maantee lumesahk, lumesahk traktorile, lumesahk maasturile, harjad, lumekopp, varuosad ja hooldus, lumesaha terad, Kobit s.r.o. soolapuisturid\",\"potentialAction\":[{\"@type\":\"SearchAction\",\"target\":{\"@type\":\"EntryPoint\",\"urlTemplate\":\"https:\/\/www.meiren.ee\/en\/?s={search_term_string}\"},\"query-input\":{\"@type\":\"PropertyValueSpecification\",\"valueRequired\":true,\"valueName\":\"search_term_string\"}}],\"inLanguage\":\"fi\"}]}<\/script>\n<!-- \/ Yoast SEO plugin. -->","yoast_head_json":{"title":"Kunnallistekniikka | Meiren lumesahad","description":"Meirenin tuotevalikoimasta l\u00f6ytyy my\u00f6s kunnallistekniikka: sivusiirrolla avoharja, KOBIT kunnallistekniikka ja varaosat.","robots":{"index":"index","follow":"follow","max-snippet":"max-snippet:-1","max-image-preview":"max-image-preview:large","max-video-preview":"max-video-preview:-1"},"canonical":"https:\/\/www.meiren.ee\/fi\/kunnallistekniikka\/","og_locale":"fi_FI","og_type":"article","og_title":"Kunnallistekniikka | Meiren lumesahad","og_description":"Meirenin tuotevalikoimasta l\u00f6ytyy my\u00f6s kunnallistekniikka: sivusiirrolla avoharja, KOBIT kunnallistekniikka ja varaosat.","og_url":"https:\/\/www.meiren.ee\/fi\/kunnallistekniikka\/","og_site_name":"Meiren lumesahad","article_publisher":"https:\/\/www.facebook.com\/Meiren.ee?ref=nf","article_modified_time":"2022-11-07T08:45:16+00:00","og_image":[{"url":"https:\/\/meiren.ee\/wp-content\/uploads\/2015\/10\/Kobit-s.r.o-390x270.jpg","type":"","width":"","height":""}],"twitter_card":"summary_large_image","schema":{"@context":"https:\/\/schema.org","@graph":[{"@type":"WebPage","@id":"https:\/\/www.meiren.ee\/fi\/kunnallistekniikka\/","url":"https:\/\/www.meiren.ee\/fi\/kunnallistekniikka\/","name":"Kunnallistekniikka | Meiren lumesahad","isPartOf":{"@id":"https:\/\/www.meiren.ee\/en\/#website"},"primaryImageOfPage":{"@id":"https:\/\/www.meiren.ee\/fi\/kunnallistekniikka\/#primaryimage"},"image":{"@id":"https:\/\/www.meiren.ee\/fi\/kunnallistekniikka\/#primaryimage"},"thumbnailUrl":"https:\/\/meiren.ee\/wp-content\/uploads\/2015\/10\/Kobit-s.r.o-390x270.jpg","datePublished":"2015-01-30T14:31:30+00:00","dateModified":"2022-11-07T08:45:16+00:00","description":"Meirenin tuotevalikoimasta l\u00f6ytyy my\u00f6s kunnallistekniikka: sivusiirrolla avoharja, KOBIT kunnallistekniikka ja varaosat.","breadcrumb":{"@id":"https:\/\/www.meiren.ee\/fi\/kunnallistekniikka\/#breadcrumb"},"inLanguage":"fi","potentialAction":[{"@type":"ReadAction","target":["https:\/\/www.meiren.ee\/fi\/kunnallistekniikka\/"]}]},{"@type":"ImageObject","inLanguage":"fi","@id":"https:\/\/www.meiren.ee\/fi\/kunnallistekniikka\/#primaryimage","url":"https:\/\/meiren.ee\/wp-content\/uploads\/2015\/10\/Kobit-s.r.o-390x270.jpg","contentUrl":"https:\/\/meiren.ee\/wp-content\/uploads\/2015\/10\/Kobit-s.r.o-390x270.jpg"},{"@type":"BreadcrumbList","@id":"https:\/\/www.meiren.ee\/fi\/kunnallistekniikka\/#breadcrumb","itemListElement":[{"@type":"ListItem","position":1,"name":"Home","item":"https:\/\/www.meiren.ee\/en\/"},{"@type":"ListItem","position":2,"name":"Kunnallistekniikka"}]},{"@type":"WebSite","@id":"https:\/\/www.meiren.ee\/en\/#website","url":"https:\/\/www.meiren.ee\/en\/","name":"Meiren lumesahad","description":"Lumesahk ja lumet\u00f5rje tehnika, maantee lumesahk, lumesahk traktorile, lumesahk maasturile, harjad, lumekopp, varuosad ja hooldus, lumesaha terad, Kobit s.r.o. soolapuisturid","potentialAction":[{"@type":"SearchAction","target":{"@type":"EntryPoint","urlTemplate":"https:\/\/www.meiren.ee\/en\/?s={search_term_string}"},"query-input":{"@type":"PropertyValueSpecification","valueRequired":true,"valueName":"search_term_string"}}],"inLanguage":"fi"}]}},"_links":{"self":[{"href":"https:\/\/www.meiren.ee\/fi\/wp-json\/wp\/v2\/pages\/9155"}],"collection":[{"href":"https:\/\/www.meiren.ee\/fi\/wp-json\/wp\/v2\/pages"}],"about":[{"href":"https:\/\/www.meiren.ee\/fi\/wp-json\/wp\/v2\/types\/page"}],"author":[{"embeddable":true,"href":"https:\/\/www.meiren.ee\/fi\/wp-json\/wp\/v2\/users\/2"}],"replies":[{"embeddable":true,"href":"https:\/\/www.meiren.ee\/fi\/wp-json\/wp\/v2\/comments?post=9155"}],"version-history":[{"count":20,"href":"https:\/\/www.meiren.ee\/fi\/wp-json\/wp\/v2\/pages\/9155\/revisions"}],"predecessor-version":[{"id":22176,"href":"https:\/\/www.meiren.ee\/fi\/wp-json\/wp\/v2\/pages\/9155\/revisions\/22176"}],"wp:attachment":[{"href":"https:\/\/www.meiren.ee\/fi\/wp-json\/wp\/v2\/media?parent=9155"}],"curies":[{"name":"wp","href":"https:\/\/api.w.org\/{rel}","templated":true}]}}