{"id":9194,"date":"2015-02-03T17:45:56","date_gmt":"2015-02-03T15:45:56","guid":{"rendered":"https:\/\/meiren.ee\/?page_id=9194"},"modified":"2022-11-21T16:13:25","modified_gmt":"2022-11-21T14:13:25","slug":"terat-ja-lisatarvikkeet","status":"publish","type":"page","link":"https:\/\/www.meiren.ee\/fi\/terat-ja-lisatarvikkeet\/","title":{"rendered":"Ter\u00e4t ja lis\u00e4tarvikkeet"},"content":{"rendered":"<p>Meid\u00e4n tuotevalikoimassamme on erikokoisia ter\u00e4s- ja kumiteri\u00e4 sek\u00e4 muita asennustarvikkeita.<\/p>\n<h2>Hammastettu-kumiter\u00e4t<\/h2>\n<p><img decoding=\"async\" class=\"alignnone size-medium wp-image-9110\" src=\"https:\/\/meiren.ee\/wp-content\/uploads\/2015\/01\/Hardox-kummitera-300x116.jpg\" alt=\"Hardox kumiter\u00e4t\" width=\"300\" height=\"116\" srcset=\"https:\/\/www.meiren.ee\/wp-content\/uploads\/2015\/01\/Hardox-kummitera-300x116.jpg 300w, https:\/\/www.meiren.ee\/wp-content\/uploads\/2015\/01\/Hardox-kummitera-890x343.jpg 890w\" sizes=\"(max-width: 300px) 100vw, 300px\" \/><\/p>\n<p align=\"justify\">Hammastettu-kumiter\u00e4t ovat vahvistettu erityinen metallilla ja ne <strong>kest\u00e4\u00e4 vaikeissa olosuhteissa paremmin<\/strong> kuin tavalliset kumiter\u00e4t. Hammastettu-kumiter\u00e4\u00e4 <strong>saa k\u00e4ytt\u00e4\u00e4 kaikissa auroissa<\/strong> tavallisen kumiter\u00e4n sijaan. Hammastettu-kumiter\u00e4n sis\u00e4ll\u00e4 on kulumista kest\u00e4v\u00e4t ter\u00e4slevyn segmentit ja ne ovat ymp\u00e4r\u00f6ity kumilla. Hammastettu-kumiter\u00e4n molempaa reunaa voi k\u00e4ytt\u00e4\u00e4 merkattuun punaisen viivan asti. Punaisen viivan asti kulumisen j\u00e4lkeen k\u00e4\u00e4nn\u00e4 ter\u00e4 toisinp\u00e4in ja saat k\u00e4yttaa toista reunaa punaisen viivan asti. Vahinkojen v\u00e4ltt\u00e4miseksi ei saa ter\u00e4\u00e4 kaytt\u00e4\u00e4 yli punaista viivaa, eli k\u00e4ytt\u00e4\u00e4 voi 70 mm molemmalta puolelta.<\/p>\n<p>RBH50.MS34 Hammastettu-kumiter\u00e4 sarja (6\u00d7510)<br \/>\nRBH50.MS3704 Hammastettu-kumiter\u00e4 sarja (6\u00d7560)<br \/>\nRBH50.MS37 Hammastettu-kumiter\u00e4 sarja (3\u00d7820, 1\u00d7920)<br \/>\nRBH50.MS40 Hammastettu-kumiter\u00e4 sarja (3\u00d7900, 1\u00d71000)<br \/>\nRBH50.MS4004 Hammastettu-kumiter\u00e4 sarja (6&#215;610)<br \/>\nRBH50.MS46 Hammastettu-kumiter\u00e4 sarja (4\u00d71080)<\/p>\n<h2>Polyuretaaniter\u00e4t<\/h2>\n<p><img fetchpriority=\"high\" decoding=\"async\" class=\"size-medium wp-image-18690 alignnone\" src=\"https:\/\/www.meiren.ee\/wp-content\/uploads\/2021\/02\/Polyurethane-blade-Meiren-55-X-260-X-610MM-300x209.jpg\" alt=\"\" width=\"300\" height=\"209\" srcset=\"https:\/\/www.meiren.ee\/wp-content\/uploads\/2021\/02\/Polyurethane-blade-Meiren-55-X-260-X-610MM-300x209.jpg 300w, https:\/\/www.meiren.ee\/wp-content\/uploads\/2021\/02\/Polyurethane-blade-Meiren-55-X-260-X-610MM-890x620.jpg 890w, https:\/\/www.meiren.ee\/wp-content\/uploads\/2021\/02\/Polyurethane-blade-Meiren-55-X-260-X-610MM-390x270.jpg 390w, https:\/\/www.meiren.ee\/wp-content\/uploads\/2021\/02\/Polyurethane-blade-Meiren-55-X-260-X-610MM-768x535.jpg 768w, https:\/\/www.meiren.ee\/wp-content\/uploads\/2021\/02\/Polyurethane-blade-Meiren-55-X-260-X-610MM-1536x1070.jpg 1536w, https:\/\/www.meiren.ee\/wp-content\/uploads\/2021\/02\/Polyurethane-blade-Meiren-55-X-260-X-610MM-2048x1427.jpg 2048w\" sizes=\"(max-width: 300px) 100vw, 300px\" \/><br \/>\nPolyuretaaniter\u00e4t Meiren 55 x 260 x 610 mm<\/p>\n<h2>Kovametalli tasater\u00e4t<\/h2>\n<p><img decoding=\"async\" class=\"alignnone size-medium wp-image-9065\" src=\"https:\/\/meiren.ee\/wp-content\/uploads\/2015\/01\/kovasulamtera-300x107.jpg\" alt=\"Kovametalli tasater\u00e4\" width=\"300\" height=\"107\" srcset=\"https:\/\/www.meiren.ee\/wp-content\/uploads\/2015\/01\/kovasulamtera-300x107.jpg 300w, https:\/\/www.meiren.ee\/wp-content\/uploads\/2015\/01\/kovasulamtera.jpg 709w\" sizes=\"(max-width: 300px) 100vw, 300px\" \/><br \/>\n400061 Kovametalli tasater\u00e4 20 x 130 x 915<br \/>\n400062 Kovametalli tasater\u00e4 20 x 130 x 1220<br \/>\n400063 Kovametalli tasater\u00e4 20 x 130 x 610<\/p>\n<h2>Kovametalli hammaster\u00e4t<\/h2>\n<p><img loading=\"lazy\" decoding=\"async\" class=\"alignnone size-medium wp-image-9072\" src=\"https:\/\/meiren.ee\/wp-content\/uploads\/2015\/01\/kovashammas2-300x110.jpg\" alt=\"Kovametalli hammaster\u00e4\" width=\"300\" height=\"110\" srcset=\"https:\/\/www.meiren.ee\/wp-content\/uploads\/2015\/01\/kovashammas2-300x110.jpg 300w, https:\/\/www.meiren.ee\/wp-content\/uploads\/2015\/01\/kovashammas2-890x327.jpg 890w, https:\/\/www.meiren.ee\/wp-content\/uploads\/2015\/01\/kovashammas2.jpg 1714w\" sizes=\"(max-width: 300px) 100vw, 300px\" \/><br \/>\n400071 Kovametalli hammaster\u00e4 20 x 130 x 915<br \/>\n400072 Kovametalli hammaster\u00e4 20 x 130 x 1220<br \/>\n400076 Kovametalli hammaster\u00e4 20 x 130 x 1525<\/p>\n<h2>Tasater\u00e4t<\/h2>\n<p><img loading=\"lazy\" decoding=\"async\" class=\"alignnone size-medium wp-image-9077\" src=\"https:\/\/meiren.ee\/wp-content\/uploads\/2015\/01\/tasatera-300x146.jpg\" alt=\"Tasater\u00e4\" width=\"300\" height=\"146\" srcset=\"https:\/\/www.meiren.ee\/wp-content\/uploads\/2015\/01\/tasatera-300x146.jpg 300w, https:\/\/www.meiren.ee\/wp-content\/uploads\/2015\/01\/tasatera.jpg 709w\" sizes=\"(max-width: 300px) 100vw, 300px\" \/><br \/>\n639181 Tasater\u00e4 12 x 220 x 915<br \/>\n639150 Tasater\u00e4 12 x 220 x 1220<br \/>\n639161 Tasater\u00e4 12 x 220 x 1525<\/p>\n<h2>Reik\u00e4ter\u00e4t<\/h2>\n<p><img loading=\"lazy\" decoding=\"async\" class=\"alignnone size-medium wp-image-9082\" src=\"https:\/\/meiren.ee\/wp-content\/uploads\/2015\/01\/Kaherealine-hammastera-300x163.jpg\" alt=\"Reik\u00e4ter\u00e4\" width=\"300\" height=\"163\" srcset=\"https:\/\/www.meiren.ee\/wp-content\/uploads\/2015\/01\/Kaherealine-hammastera-300x163.jpg 300w, https:\/\/www.meiren.ee\/wp-content\/uploads\/2015\/01\/Kaherealine-hammastera.jpg 709w\" sizes=\"(max-width: 300px) 100vw, 300px\" \/><br \/>\n660004 Reik\u00e4ter\u00e4 12 x 220 x 692<br \/>\n660008 Reik\u00e4ter\u00e4 12 x 220 x 845<br \/>\n660007 Reik\u00e4ter\u00e4 12 x 220 x 915<br \/>\n660001 Reik\u00e4ter\u00e4 12 x 220 x 1220<br \/>\n660003 Reik\u00e4ter\u00e4 12 x 220 x 1525<\/p>\n<h2>Kulmareik\u00e4ter\u00e4t NT<\/h2>\n<p><img loading=\"lazy\" decoding=\"async\" class=\"alignnone size-medium wp-image-9087\" src=\"https:\/\/meiren.ee\/wp-content\/uploads\/2015\/01\/Kaherealine-hammasteraNT-300x146.jpg\" alt=\"Kulmareik\u00e4ter\u00e4 NT\" width=\"300\" height=\"146\" srcset=\"https:\/\/www.meiren.ee\/wp-content\/uploads\/2015\/01\/Kaherealine-hammasteraNT-300x146.jpg 300w, https:\/\/www.meiren.ee\/wp-content\/uploads\/2015\/01\/Kaherealine-hammasteraNT.jpg 709w\" sizes=\"(max-width: 300px) 100vw, 300px\" \/><br \/>\n660160 Kulmareik\u00e4ter\u00e4 NT 12 x 220 x 792<br \/>\n660013 Kulmareik\u00e4ter\u00e4 NT 12 x 220 x 915<br \/>\n660014 Kulmareik\u00e4ter\u00e4 NT 12 x 220 x 1220<\/p>\n<h2>Hammaster\u00e4t<\/h2>\n<p><img loading=\"lazy\" decoding=\"async\" class=\"alignnone size-medium wp-image-9092\" src=\"https:\/\/meiren.ee\/wp-content\/uploads\/2015\/01\/Hammastera-300x112.jpg\" alt=\"Hammaster\u00e4\" width=\"300\" height=\"112\" srcset=\"https:\/\/www.meiren.ee\/wp-content\/uploads\/2015\/01\/Hammastera-300x112.jpg 300w, https:\/\/www.meiren.ee\/wp-content\/uploads\/2015\/01\/Hammastera.jpg 709w\" sizes=\"(max-width: 300px) 100vw, 300px\" \/><br \/>\n639340 Hammaster\u00e4 12 x 220 x 1220<br \/>\n639367 Hammaster\u00e4 12 x 220 x 1525<\/p>\n<h2>Kiinnitystarvikkeet<\/h2>\n<p><img loading=\"lazy\" decoding=\"async\" class=\"alignnone size-medium wp-image-9097\" src=\"https:\/\/meiren.ee\/wp-content\/uploads\/2015\/01\/kiilud-300x140.jpg\" alt=\"Kiila\" width=\"300\" height=\"140\" srcset=\"https:\/\/www.meiren.ee\/wp-content\/uploads\/2015\/01\/kiilud-300x140.jpg 300w, https:\/\/www.meiren.ee\/wp-content\/uploads\/2015\/01\/kiilud.jpg 472w\" sizes=\"(max-width: 300px) 100vw, 300px\" \/><br \/>\n639625 Kiila 20,5<br \/>\n639635 Kiila 22,5<\/p>\n<h2>Kiinnitystarvikkeet<\/h2>\n<p><img loading=\"lazy\" decoding=\"async\" class=\"alignnone size-medium wp-image-9102\" src=\"https:\/\/meiren.ee\/wp-content\/uploads\/2015\/01\/poldid-300x294.jpg\" alt=\"Pultti\" width=\"300\" height=\"294\" srcset=\"https:\/\/www.meiren.ee\/wp-content\/uploads\/2015\/01\/poldid-300x294.jpg 300w, https:\/\/www.meiren.ee\/wp-content\/uploads\/2015\/01\/poldid.jpg 472w\" sizes=\"(max-width: 300px) 100vw, 300px\" \/><br \/>\n310010 Lukkokantapultti 16 x37<br \/>\n310015 Lukkokantapultti M 16 x 65<br \/>\n310020 Lukkokantapultti 16 x 55<br \/>\n310041 Pultti 1\u02dd x 76<br \/>\n310042 Pultti 3\/4\u02dd x 69<br \/>\n310043 Pultti 1\u02dd x 69<br \/>\n310044 Pultti 1\u02dd x 90<br \/>\n315010 Kiilapultti 16 x 47<br \/>\n343011 Nylock-mutteri M 16<br \/>\n343013 Mutteri 1\u02dd<br \/>\n313014 Mutteri 3\/4\u02dd<\/p>\n<p><b>T\u00e4yt\u00e4 alla oleva lomake:<\/b><\/p>\n<h2><noscript class=\"ninja-forms-noscript-message\">\n\tHuomautus: JavaScript vaaditaan t\u00e4t\u00e4 sis\u00e4lt\u00f6\u00e4 varten.<\/noscript>\n<div id=\"nf-form-3-cont\" class=\"nf-form-cont\" aria-live=\"polite\" aria-labelledby=\"nf-form-title-3\" aria-describedby=\"nf-form-errors-3\" role=\"form\">\n\n    <div class=\"nf-loading-spinner\"><\/div>\n\n<\/div>\n        <!-- That data is being printed as a workaround to page builders reordering the order of the scripts loaded-->\n        <script>var formDisplay=1;var nfForms=nfForms||[];var form=[];form.id='3';form.settings={\"objectType\":\"Form Setting\",\"editActive\":true,\"title\":\"FIN - Terad\",\"show_title\":0,\"clear_complete\":1,\"hide_complete\":1,\"default_label_pos\":\"above\",\"wrapper_class\":\"\",\"element_class\":\"\",\"key\":\"\",\"add_submit\":0,\"currency\":\"\",\"logged_in\":false,\"not_logged_in_msg\":\"\",\"sub_limit_msg\":\"\",\"calculations\":[],\"formContentData\":[\"yrityksen_nimi_1669033887760\",\"sinun_nimesi_1669033892640\",\"puhelin\",\"saehkoeposti\",\"viesti\",\"hidden_1\",\"laehettae_kysely\"],\"allow_public_link\":0,\"embed_form\":\"\",\"repeatable_fieldsets\":\"\",\"unique_field_error\":\"A form with this value has already been submitted.\",\"ninjaForms\":\"Ninja-lomakkeet\",\"changeEmailErrorMsg\":\"Please enter a valid email address\",\"changeDateErrorMsg\":\"Please enter a valid date!\",\"confirmFieldErrorMsg\":\"N\\u00e4iden kenttien on t\\u00e4sm\\u00e4tt\\u00e4v\\u00e4!\",\"fieldNumberNumMinError\":\"Numero minimi virhe\",\"fieldNumberNumMaxError\":\"Numero maksimi virhe\",\"fieldNumberIncrementBy\":\"Lis\\u00e4\\u00e4 m\\u00e4\\u00e4r\\u00e4ll\\u00e4 \",\"fieldTextareaRTEInsertLink\":\"Lis\\u00e4\\u00e4 linkki\",\"fieldTextareaRTEInsertMedia\":\"Lis\\u00e4\\u00e4 media\",\"fieldTextareaRTESelectAFile\":\"Valitse tiedosto\",\"formErrorsCorrectErrors\":\"There are errors on the form. Please fix them before continuing.\",\"formHoneypot\":\"Jos n\\u00e4et t\\u00e4m\\u00e4n kent\\u00e4n, j\\u00e4t\\u00e4 se tyhj\\u00e4ksi.\",\"validateRequiredField\":\"Pakollinen kentt\\u00e4\",\"honeypotHoneypotError\":\"Honeypot-virhe\",\"fileUploadOldCodeFileUploadInProgress\":\"Tiedoston l\\u00e4hett\\u00e4minen menossa.\",\"fileUploadOldCodeFileUpload\":\"TIEDOSTON L\\u00c4HETT\\u00c4MINEN\",\"currencySymbol\":\"&euro;\",\"fieldsMarkedRequired\":\"All fields marked with * are mandatory\",\"thousands_sep\":\"&nbsp;\",\"decimal_point\":\",\",\"siteLocale\":\"fi\",\"dateFormat\":\"m\\\/d\\\/Y\",\"startOfWeek\":\"1\",\"of\":\" \\\/ \",\"previousMonth\":\"Previous Month\",\"nextMonth\":\"Next Month\",\"months\":[\"January\",\"February\",\"March\",\"April\",\"May\",\"June\",\"July\",\"August\",\"September\",\"October\",\"November\",\"December\"],\"monthsShort\":[\"Jan\",\"Feb\",\"Mar\",\"Apr\",\"May\",\"Jun\",\"Jul\",\"Aug\",\"Sep\",\"Oct\",\"Nov\",\"Dec\"],\"weekdays\":[\"Sunday\",\"Monday\",\"Tuesday\",\"Wednesday\",\"Thursday\",\"Friday\",\"Saturday\"],\"weekdaysShort\":[\"Sun\",\"Mon\",\"Tue\",\"Wed\",\"Thu\",\"Fri\",\"Sat\"],\"weekdaysMin\":[\"Su\",\"Mo\",\"Tu\",\"We\",\"Th\",\"Fr\",\"Sa\"],\"recaptchaConsentMissing\":\"reCaptcha validation couldn&#039;t load.\",\"recaptchaMissingCookie\":\"reCaptcha v3 validation couldn&#039;t load the cookie needed to submit the form.\",\"recaptchaConsentEvent\":\"Accept reCaptcha cookies before sending the form.\",\"currency_symbol\":\"\",\"beforeForm\":\"\",\"beforeFields\":\"\",\"afterFields\":\"\",\"afterForm\":\"\"};form.fields=[{\"objectType\":\"Field\",\"objectDomain\":\"fields\",\"editActive\":false,\"order\":1,\"idAttribute\":\"id\",\"type\":\"firstname\",\"label\":\"Yrityksen nimi\",\"key\":\"yrityksen_nimi_1669033887760\",\"label_pos\":\"above\",\"required\":1,\"default\":\"\",\"placeholder\":\"\",\"container_class\":\"\",\"element_class\":\"form-control\",\"admin_label\":\"\",\"help_text\":\"\",\"desc_text\":\"\",\"custom_name_attribute\":\"fname\",\"personally_identifiable\":1,\"value\":\"\",\"drawerDisabled\":false,\"id\":96,\"beforeField\":\"\",\"afterField\":\"\",\"parentType\":\"firstname\",\"element_templates\":[\"firstname\",\"input\"],\"old_classname\":\"\",\"wrap_template\":\"wrap\"},{\"objectType\":\"Field\",\"objectDomain\":\"fields\",\"editActive\":false,\"order\":2,\"idAttribute\":\"id\",\"label\":\"Sinun nimesi\",\"type\":\"textbox\",\"key\":\"sinun_nimesi_1669033892640\",\"label_pos\":\"above\",\"required\":1,\"default\":\"\",\"placeholder\":\"\",\"container_class\":\"\",\"element_class\":\"\",\"input_limit\":\"\",\"input_limit_type\":\"characters\",\"input_limit_msg\":\"Character(s) left\",\"manual_key\":false,\"admin_label\":\"\",\"help_text\":\"\",\"mask\":\"\",\"custom_mask\":\"\",\"custom_name_attribute\":\"\",\"personally_identifiable\":\"\",\"value\":\"\",\"drawerDisabled\":false,\"id\":354,\"beforeField\":\"\",\"afterField\":\"\",\"parentType\":\"textbox\",\"element_templates\":[\"textbox\",\"input\"],\"old_classname\":\"\",\"wrap_template\":\"wrap\"},{\"objectType\":\"Field\",\"objectDomain\":\"fields\",\"editActive\":false,\"order\":3,\"idAttribute\":\"id\",\"type\":\"textbox\",\"label\":\"Puhelin\",\"key\":\"puhelin\",\"label_pos\":\"above\",\"required\":1,\"placeholder\":\"\",\"default\":\"\",\"container_class\":\"\",\"element_class\":\"form-control\",\"input_limit\":\"\",\"input_limit_type\":\"characters\",\"input_limit_msg\":\"Character(s) left\",\"manual_key\":false,\"disable_input\":\"\",\"admin_label\":\"\",\"help_text\":\"\",\"desc_text\":\"\",\"disable_browser_autocomplete\":\"\",\"mask\":\"\",\"custom_mask\":\"\",\"custom_name_attribute\":\"\",\"personally_identifiable\":\"\",\"value\":\"\",\"id\":14,\"beforeField\":\"\",\"afterField\":\"\",\"parentType\":\"textbox\",\"element_templates\":[\"textbox\",\"input\"],\"old_classname\":\"\",\"wrap_template\":\"wrap\"},{\"objectType\":\"Field\",\"objectDomain\":\"fields\",\"editActive\":false,\"order\":4,\"idAttribute\":\"id\",\"type\":\"email\",\"label\":\"S\\u00e4hk\\u00f6posti\",\"key\":\"saehkoeposti\",\"label_pos\":\"above\",\"required\":1,\"default\":\"\",\"placeholder\":\"\",\"container_class\":\"\",\"element_class\":\"form-control\",\"admin_label\":\"\",\"help_text\":\"\",\"desc_text\":\"\",\"custom_name_attribute\":\"email\",\"personally_identifiable\":1,\"value\":\"\",\"id\":13,\"beforeField\":\"\",\"afterField\":\"\",\"parentType\":\"email\",\"element_templates\":[\"email\",\"input\"],\"old_classname\":\"\",\"wrap_template\":\"wrap\"},{\"objectType\":\"Field\",\"objectDomain\":\"fields\",\"editActive\":false,\"order\":5,\"idAttribute\":\"id\",\"type\":\"textarea\",\"label\":\"Viesti\",\"key\":\"viesti\",\"label_pos\":\"above\",\"required\":false,\"placeholder\":\"\",\"default\":\"Hei,\\n\\nOlen kiinnostunut lumen auran terist\\u00e4 ja lis\\u00e4varusteista.\\nTilauskoodi ja m\\u00e4\\u00e4r\\u00e4:\\n\\nKyll\\u00e4 kiitos, olkaa minuun yhteydess\\u00e4.\",\"container_class\":\"\",\"element_class\":\"form-control\",\"input_limit\":\"\",\"input_limit_type\":\"characters\",\"input_limit_msg\":\"Character(s) left\",\"manual_key\":false,\"disable_input\":\"\",\"admin_label\":\"\",\"help_text\":\"\",\"desc_text\":\"<p><br><\\\/p>\",\"disable_browser_autocomplete\":\"\",\"textarea_rte\":\"\",\"disable_rte_mobile\":\"\",\"textarea_media\":\"\",\"value\":\"Hei,\\n\\nOlen kiinnostunut lumen auran terist\\u00e4 ja lis\\u00e4varusteista.\\nTilauskoodi ja m\\u00e4\\u00e4r\\u00e4:\\n\\nKyll\\u00e4 kiitos, olkaa minuun yhteydess\\u00e4.\",\"drawerDisabled\":false,\"id\":15,\"beforeField\":\"\",\"afterField\":\"\",\"parentType\":\"textarea\",\"element_templates\":[\"textarea\",\"input\"],\"old_classname\":\"\",\"wrap_template\":\"wrap\"},{\"objectType\":\"Field\",\"objectDomain\":\"fields\",\"editActive\":false,\"order\":6,\"idAttribute\":\"id\",\"type\":\"hidden\",\"label\":\"Hidden\",\"key\":\"hidden_1\",\"default\":\"{post:title} - {post:url}\",\"admin_label\":\"\",\"created_at\":\"2016-12-12 10:53:34\",\"saved\":false,\"nicename\":\"Hidden\",\"drawerDisabled\":false,\"id\":117,\"beforeField\":\"\",\"afterField\":\"\",\"value\":\"Ter\\u00e4t ja lis\\u00e4tarvikkeet - https:\\\/\\\/www.meiren.ee\\\/fi\\\/terat-ja-lisatarvikkeet\\\/\",\"label_pos\":\"above\",\"parentType\":\"hidden\",\"element_templates\":[\"hidden\",\"input\"],\"old_classname\":\"\",\"wrap_template\":\"wrap-no-label\"},{\"objectType\":\"Field\",\"objectDomain\":\"fields\",\"editActive\":false,\"order\":7,\"idAttribute\":\"id\",\"type\":\"submit\",\"label\":\"L\\u00e4hett\\u00e4 kysely\",\"processing_label\":\"Processing\",\"container_class\":\"pull-text-center\",\"element_class\":\"\",\"key\":\"laehettae_kysely\",\"id\":16,\"beforeField\":\"\",\"afterField\":\"\",\"value\":\"\",\"label_pos\":\"above\",\"parentType\":\"textbox\",\"element_templates\":[\"submit\",\"button\",\"input\"],\"old_classname\":\"\",\"wrap_template\":\"wrap-no-label\"}];nfForms.push(form);<\/script>\n        <\/h2>\n","protected":false},"excerpt":{"rendered":"<p>Meid\u00e4n tuotevalikoimassamme on erikokoisia ter\u00e4s- ja kumiteri\u00e4 sek\u00e4 muita asennustarvikkeita. Hammastettu-kumiter\u00e4t Hammastettu-kumiter\u00e4t ovat vahvistettu erityinen metallilla ja ne kest\u00e4\u00e4 vaikeissa olosuhteissa paremmin kuin tavalliset kumiter\u00e4t. Hammastettu-kumiter\u00e4\u00e4 saa k\u00e4ytt\u00e4\u00e4 kaikissa auroissa tavallisen kumiter\u00e4n sijaan. Hammastettu-kumiter\u00e4n sis\u00e4ll\u00e4 on kulumista kest\u00e4v\u00e4t ter\u00e4slevyn segmentit ja ne ovat ymp\u00e4r\u00f6ity kumilla. Hammastettu-kumiter\u00e4n molempaa reunaa voi k\u00e4ytt\u00e4\u00e4 merkattuun punaisen viivan asti. Punaisen [&hellip;]<\/p>\n","protected":false},"author":2,"featured_media":0,"parent":0,"menu_order":0,"comment_status":"closed","ping_status":"open","template":"page-special_page.php","meta":{"footnotes":""},"class_list":["post-9194","page","type-page","status-publish","hentry"],"yoast_head":"<!-- This site is optimized with the Yoast SEO plugin v25.6 - https:\/\/yoast.com\/wordpress\/plugins\/seo\/ -->\n<title>Ter\u00e4t ja lis\u00e4tarvikkeet | Meiren lumesahad<\/title>\n<meta name=\"description\" content=\"Meid\u00e4n tuotevalikoimassamme on erikokoisia ter\u00e4s- ja kumiteri\u00e4 sek\u00e4 muita asennustarvikkeita: kovametalli tasater\u00e4, reik\u00e4ter\u00e4t ja kiinnitystarvikkeet.\" \/>\n<meta name=\"robots\" content=\"index, follow, max-snippet:-1, max-image-preview:large, max-video-preview:-1\" \/>\n<link rel=\"canonical\" href=\"https:\/\/www.meiren.ee\/fi\/terat-ja-lisatarvikkeet\/\" \/>\n<meta property=\"og:locale\" content=\"fi_FI\" \/>\n<meta property=\"og:type\" content=\"article\" \/>\n<meta property=\"og:title\" content=\"Ter\u00e4t ja lis\u00e4tarvikkeet | Meiren lumesahad\" \/>\n<meta property=\"og:description\" content=\"Meid\u00e4n tuotevalikoimassamme on erikokoisia ter\u00e4s- ja kumiteri\u00e4 sek\u00e4 muita asennustarvikkeita: kovametalli tasater\u00e4, reik\u00e4ter\u00e4t ja kiinnitystarvikkeet.\" \/>\n<meta property=\"og:url\" content=\"https:\/\/www.meiren.ee\/fi\/terat-ja-lisatarvikkeet\/\" \/>\n<meta property=\"og:site_name\" content=\"Meiren lumesahad\" \/>\n<meta property=\"article:publisher\" content=\"https:\/\/www.facebook.com\/Meiren.ee?ref=nf\" \/>\n<meta property=\"article:modified_time\" content=\"2022-11-21T14:13:25+00:00\" \/>\n<meta property=\"og:image\" content=\"https:\/\/meiren.ee\/wp-content\/uploads\/2015\/01\/Hardox-kummitera-300x116.jpg\" \/>\n<meta name=\"twitter:card\" content=\"summary_large_image\" \/>\n<meta name=\"twitter:label1\" content=\"Arvioitu lukuaika\" \/>\n\t<meta name=\"twitter:data1\" content=\"1 minuutti\" \/>\n<script type=\"application\/ld+json\" class=\"yoast-schema-graph\">{\"@context\":\"https:\/\/schema.org\",\"@graph\":[{\"@type\":\"WebPage\",\"@id\":\"https:\/\/www.meiren.ee\/fi\/terat-ja-lisatarvikkeet\/\",\"url\":\"https:\/\/www.meiren.ee\/fi\/terat-ja-lisatarvikkeet\/\",\"name\":\"Ter\u00e4t ja lis\u00e4tarvikkeet | Meiren lumesahad\",\"isPartOf\":{\"@id\":\"https:\/\/www.meiren.ee\/en\/#website\"},\"primaryImageOfPage\":{\"@id\":\"https:\/\/www.meiren.ee\/fi\/terat-ja-lisatarvikkeet\/#primaryimage\"},\"image\":{\"@id\":\"https:\/\/www.meiren.ee\/fi\/terat-ja-lisatarvikkeet\/#primaryimage\"},\"thumbnailUrl\":\"https:\/\/meiren.ee\/wp-content\/uploads\/2015\/01\/Hardox-kummitera-300x116.jpg\",\"datePublished\":\"2015-02-03T15:45:56+00:00\",\"dateModified\":\"2022-11-21T14:13:25+00:00\",\"description\":\"Meid\u00e4n tuotevalikoimassamme on erikokoisia ter\u00e4s- ja kumiteri\u00e4 sek\u00e4 muita asennustarvikkeita: kovametalli tasater\u00e4, reik\u00e4ter\u00e4t ja kiinnitystarvikkeet.\",\"breadcrumb\":{\"@id\":\"https:\/\/www.meiren.ee\/fi\/terat-ja-lisatarvikkeet\/#breadcrumb\"},\"inLanguage\":\"fi\",\"potentialAction\":[{\"@type\":\"ReadAction\",\"target\":[\"https:\/\/www.meiren.ee\/fi\/terat-ja-lisatarvikkeet\/\"]}]},{\"@type\":\"ImageObject\",\"inLanguage\":\"fi\",\"@id\":\"https:\/\/www.meiren.ee\/fi\/terat-ja-lisatarvikkeet\/#primaryimage\",\"url\":\"https:\/\/meiren.ee\/wp-content\/uploads\/2015\/01\/Hardox-kummitera-300x116.jpg\",\"contentUrl\":\"https:\/\/meiren.ee\/wp-content\/uploads\/2015\/01\/Hardox-kummitera-300x116.jpg\"},{\"@type\":\"BreadcrumbList\",\"@id\":\"https:\/\/www.meiren.ee\/fi\/terat-ja-lisatarvikkeet\/#breadcrumb\",\"itemListElement\":[{\"@type\":\"ListItem\",\"position\":1,\"name\":\"Home\",\"item\":\"https:\/\/www.meiren.ee\/en\/\"},{\"@type\":\"ListItem\",\"position\":2,\"name\":\"Ter\u00e4t ja lis\u00e4tarvikkeet\"}]},{\"@type\":\"WebSite\",\"@id\":\"https:\/\/www.meiren.ee\/en\/#website\",\"url\":\"https:\/\/www.meiren.ee\/en\/\",\"name\":\"Meiren lumesahad\",\"description\":\"Lumesahk ja lumet\u00f5rje tehnika, maantee lumesahk, lumesahk traktorile, lumesahk maasturile, harjad, lumekopp, varuosad ja hooldus, lumesaha terad, Kobit s.r.o. soolapuisturid\",\"potentialAction\":[{\"@type\":\"SearchAction\",\"target\":{\"@type\":\"EntryPoint\",\"urlTemplate\":\"https:\/\/www.meiren.ee\/en\/?s={search_term_string}\"},\"query-input\":{\"@type\":\"PropertyValueSpecification\",\"valueRequired\":true,\"valueName\":\"search_term_string\"}}],\"inLanguage\":\"fi\"}]}<\/script>\n<!-- \/ Yoast SEO plugin. -->","yoast_head_json":{"title":"Ter\u00e4t ja lis\u00e4tarvikkeet | Meiren lumesahad","description":"Meid\u00e4n tuotevalikoimassamme on erikokoisia ter\u00e4s- ja kumiteri\u00e4 sek\u00e4 muita asennustarvikkeita: kovametalli tasater\u00e4, reik\u00e4ter\u00e4t ja kiinnitystarvikkeet.","robots":{"index":"index","follow":"follow","max-snippet":"max-snippet:-1","max-image-preview":"max-image-preview:large","max-video-preview":"max-video-preview:-1"},"canonical":"https:\/\/www.meiren.ee\/fi\/terat-ja-lisatarvikkeet\/","og_locale":"fi_FI","og_type":"article","og_title":"Ter\u00e4t ja lis\u00e4tarvikkeet | Meiren lumesahad","og_description":"Meid\u00e4n tuotevalikoimassamme on erikokoisia ter\u00e4s- ja kumiteri\u00e4 sek\u00e4 muita asennustarvikkeita: kovametalli tasater\u00e4, reik\u00e4ter\u00e4t ja kiinnitystarvikkeet.","og_url":"https:\/\/www.meiren.ee\/fi\/terat-ja-lisatarvikkeet\/","og_site_name":"Meiren lumesahad","article_publisher":"https:\/\/www.facebook.com\/Meiren.ee?ref=nf","article_modified_time":"2022-11-21T14:13:25+00:00","og_image":[{"url":"https:\/\/meiren.ee\/wp-content\/uploads\/2015\/01\/Hardox-kummitera-300x116.jpg","type":"","width":"","height":""}],"twitter_card":"summary_large_image","twitter_misc":{"Arvioitu lukuaika":"1 minuutti"},"schema":{"@context":"https:\/\/schema.org","@graph":[{"@type":"WebPage","@id":"https:\/\/www.meiren.ee\/fi\/terat-ja-lisatarvikkeet\/","url":"https:\/\/www.meiren.ee\/fi\/terat-ja-lisatarvikkeet\/","name":"Ter\u00e4t ja lis\u00e4tarvikkeet | Meiren lumesahad","isPartOf":{"@id":"https:\/\/www.meiren.ee\/en\/#website"},"primaryImageOfPage":{"@id":"https:\/\/www.meiren.ee\/fi\/terat-ja-lisatarvikkeet\/#primaryimage"},"image":{"@id":"https:\/\/www.meiren.ee\/fi\/terat-ja-lisatarvikkeet\/#primaryimage"},"thumbnailUrl":"https:\/\/meiren.ee\/wp-content\/uploads\/2015\/01\/Hardox-kummitera-300x116.jpg","datePublished":"2015-02-03T15:45:56+00:00","dateModified":"2022-11-21T14:13:25+00:00","description":"Meid\u00e4n tuotevalikoimassamme on erikokoisia ter\u00e4s- ja kumiteri\u00e4 sek\u00e4 muita asennustarvikkeita: kovametalli tasater\u00e4, reik\u00e4ter\u00e4t ja kiinnitystarvikkeet.","breadcrumb":{"@id":"https:\/\/www.meiren.ee\/fi\/terat-ja-lisatarvikkeet\/#breadcrumb"},"inLanguage":"fi","potentialAction":[{"@type":"ReadAction","target":["https:\/\/www.meiren.ee\/fi\/terat-ja-lisatarvikkeet\/"]}]},{"@type":"ImageObject","inLanguage":"fi","@id":"https:\/\/www.meiren.ee\/fi\/terat-ja-lisatarvikkeet\/#primaryimage","url":"https:\/\/meiren.ee\/wp-content\/uploads\/2015\/01\/Hardox-kummitera-300x116.jpg","contentUrl":"https:\/\/meiren.ee\/wp-content\/uploads\/2015\/01\/Hardox-kummitera-300x116.jpg"},{"@type":"BreadcrumbList","@id":"https:\/\/www.meiren.ee\/fi\/terat-ja-lisatarvikkeet\/#breadcrumb","itemListElement":[{"@type":"ListItem","position":1,"name":"Home","item":"https:\/\/www.meiren.ee\/en\/"},{"@type":"ListItem","position":2,"name":"Ter\u00e4t ja lis\u00e4tarvikkeet"}]},{"@type":"WebSite","@id":"https:\/\/www.meiren.ee\/en\/#website","url":"https:\/\/www.meiren.ee\/en\/","name":"Meiren lumesahad","description":"Lumesahk ja lumet\u00f5rje tehnika, maantee lumesahk, lumesahk traktorile, lumesahk maasturile, harjad, lumekopp, varuosad ja hooldus, lumesaha terad, Kobit s.r.o. soolapuisturid","potentialAction":[{"@type":"SearchAction","target":{"@type":"EntryPoint","urlTemplate":"https:\/\/www.meiren.ee\/en\/?s={search_term_string}"},"query-input":{"@type":"PropertyValueSpecification","valueRequired":true,"valueName":"search_term_string"}}],"inLanguage":"fi"}]}},"_links":{"self":[{"href":"https:\/\/www.meiren.ee\/fi\/wp-json\/wp\/v2\/pages\/9194"}],"collection":[{"href":"https:\/\/www.meiren.ee\/fi\/wp-json\/wp\/v2\/pages"}],"about":[{"href":"https:\/\/www.meiren.ee\/fi\/wp-json\/wp\/v2\/types\/page"}],"author":[{"embeddable":true,"href":"https:\/\/www.meiren.ee\/fi\/wp-json\/wp\/v2\/users\/2"}],"replies":[{"embeddable":true,"href":"https:\/\/www.meiren.ee\/fi\/wp-json\/wp\/v2\/comments?post=9194"}],"version-history":[{"count":15,"href":"https:\/\/www.meiren.ee\/fi\/wp-json\/wp\/v2\/pages\/9194\/revisions"}],"predecessor-version":[{"id":22391,"href":"https:\/\/www.meiren.ee\/fi\/wp-json\/wp\/v2\/pages\/9194\/revisions\/22391"}],"wp:attachment":[{"href":"https:\/\/www.meiren.ee\/fi\/wp-json\/wp\/v2\/media?parent=9194"}],"curies":[{"name":"wp","href":"https:\/\/api.w.org\/{rel}","templated":true}]}}