{"id":13251,"date":"2019-01-22T11:56:01","date_gmt":"2019-01-22T09:56:01","guid":{"rendered":"https:\/\/meiren.ee\/sv\/?page_id=13251"},"modified":"2022-11-01T10:16:27","modified_gmt":"2022-11-01T08:16:27","slug":"flexibla-sidoskar","status":"publish","type":"page","link":"https:\/\/www.meiren.ee\/sv\/flexibla-sidoskar\/","title":{"rendered":"Flexibla sidosk\u00e4r"},"content":{"rendered":"<div id=\"attachment_12019\" style=\"width: 400px\" class=\"wp-caption alignnone\"><img fetchpriority=\"high\" decoding=\"async\" aria-describedby=\"caption-attachment-12019\" class=\"size-thumbnail wp-image-12019\" src=\"https:\/\/meiren.ee\/wp-content\/uploads\/2017\/03\/Flexible-corner-blade-390x270.jpg\" alt=\"Utbytbara flexibla sidosk\u00e4r f\u00f6r MSP04 och MSPN\" width=\"390\" height=\"270\" \/><p id=\"caption-attachment-12019\" class=\"wp-caption-text\">Utbytbara flexibla sidosk\u00e4r<\/p><\/div>\n<p style=\"text-align: justify;\">Ist\u00e4llet f\u00f6r utbytbara sidosk\u00e4r kan <strong>flexibla sidosk\u00e4r<\/strong> best\u00e4llas som tillval. Den \u00f6vre delen av det flexibla sidosk\u00e4ret \u00e4r monterat p\u00e5 plogbladet och det nedre delen p\u00e5 de yttersta sk\u00e4rh\u00e5llarna i polyuretan. Om huvudsk\u00e4ret st\u00f6tet mot ett hinder under plogning trycks det nedre sidosk\u00e4ret p\u00e5 sk\u00e4rh\u00e5llarna bak\u00e5t tillsammans med huvudsk\u00e4ret och underl\u00e4ttar r\u00f6relse \u00f6ver hindret. De flexibla sidosk\u00e4ret kan best\u00e4llas som extrautrustning till sn\u00f6plog modeller: <a href=\"https:\/\/meiren.ee\/sv\/snoplogar\/snoplog-msp04-diagonalplog\/\" target=\"_blank\" rel=\"noopener noreferrer\"><u>MSPN<\/u><\/a>.<\/p>\n","protected":false},"excerpt":{"rendered":"<p>Ist\u00e4llet f\u00f6r utbytbara sidosk\u00e4r kan flexibla sidosk\u00e4r best\u00e4llas som tillval. Den \u00f6vre delen av det flexibla sidosk\u00e4ret \u00e4r monterat p\u00e5 plogbladet och det nedre delen p\u00e5 de yttersta sk\u00e4rh\u00e5llarna i polyuretan. Om huvudsk\u00e4ret st\u00f6tet mot ett hinder under plogning trycks det nedre sidosk\u00e4ret p\u00e5 sk\u00e4rh\u00e5llarna bak\u00e5t tillsammans med huvudsk\u00e4ret och underl\u00e4ttar r\u00f6relse \u00f6ver hindret. De [&hellip;]<\/p>\n","protected":false},"author":2,"featured_media":0,"parent":0,"menu_order":0,"comment_status":"closed","ping_status":"closed","template":"page-special_page.php","meta":{"footnotes":""},"class_list":["post-13251","page","type-page","status-publish","hentry"],"yoast_head":"<!-- This site is optimized with the Yoast SEO plugin v25.6 - https:\/\/yoast.com\/wordpress\/plugins\/seo\/ -->\n<title>Flexibla sidosk\u00e4r | Meiren lumesahad<\/title>\n<meta name=\"description\" content=\"Den \u00f6vre delen av det flexibla sidosk\u00e4ret \u00e4r monterat p\u00e5 plogbladet och det nedre delen p\u00e5 de yttersta sk\u00e4rh\u00e5llarna i polyuretan.\" \/>\n<meta name=\"robots\" content=\"index, follow, max-snippet:-1, max-image-preview:large, max-video-preview:-1\" \/>\n<link rel=\"canonical\" href=\"https:\/\/www.meiren.ee\/sv\/flexibla-sidoskar\/\" \/>\n<meta property=\"og:locale\" content=\"sv_SE\" \/>\n<meta property=\"og:type\" content=\"article\" \/>\n<meta property=\"og:title\" content=\"Flexibla sidosk\u00e4r | Meiren lumesahad\" \/>\n<meta property=\"og:description\" content=\"Den \u00f6vre delen av det flexibla sidosk\u00e4ret \u00e4r monterat p\u00e5 plogbladet och det nedre delen p\u00e5 de yttersta sk\u00e4rh\u00e5llarna i polyuretan.\" \/>\n<meta property=\"og:url\" content=\"https:\/\/www.meiren.ee\/sv\/flexibla-sidoskar\/\" \/>\n<meta property=\"og:site_name\" content=\"Meiren lumesahad\" \/>\n<meta property=\"article:publisher\" content=\"https:\/\/www.facebook.com\/Meiren.ee?ref=nf\" \/>\n<meta property=\"article:modified_time\" content=\"2022-11-01T08:16:27+00:00\" \/>\n<meta property=\"og:image\" content=\"https:\/\/meiren.ee\/wp-content\/uploads\/2017\/03\/Flexible-corner-blade-390x270.jpg\" \/>\n<meta name=\"twitter:card\" content=\"summary_large_image\" \/>\n<script type=\"application\/ld+json\" class=\"yoast-schema-graph\">{\"@context\":\"https:\/\/schema.org\",\"@graph\":[{\"@type\":\"WebPage\",\"@id\":\"https:\/\/www.meiren.ee\/sv\/flexibla-sidoskar\/\",\"url\":\"https:\/\/www.meiren.ee\/sv\/flexibla-sidoskar\/\",\"name\":\"Flexibla sidosk\u00e4r | Meiren lumesahad\",\"isPartOf\":{\"@id\":\"https:\/\/www.meiren.ee\/en\/#website\"},\"primaryImageOfPage\":{\"@id\":\"https:\/\/www.meiren.ee\/sv\/flexibla-sidoskar\/#primaryimage\"},\"image\":{\"@id\":\"https:\/\/www.meiren.ee\/sv\/flexibla-sidoskar\/#primaryimage\"},\"thumbnailUrl\":\"https:\/\/meiren.ee\/wp-content\/uploads\/2017\/03\/Flexible-corner-blade-390x270.jpg\",\"datePublished\":\"2019-01-22T09:56:01+00:00\",\"dateModified\":\"2022-11-01T08:16:27+00:00\",\"description\":\"Den \u00f6vre delen av det flexibla sidosk\u00e4ret \u00e4r monterat p\u00e5 plogbladet och det nedre delen p\u00e5 de yttersta sk\u00e4rh\u00e5llarna i polyuretan.\",\"breadcrumb\":{\"@id\":\"https:\/\/www.meiren.ee\/sv\/flexibla-sidoskar\/#breadcrumb\"},\"inLanguage\":\"sv-SE\",\"potentialAction\":[{\"@type\":\"ReadAction\",\"target\":[\"https:\/\/www.meiren.ee\/sv\/flexibla-sidoskar\/\"]}]},{\"@type\":\"ImageObject\",\"inLanguage\":\"sv-SE\",\"@id\":\"https:\/\/www.meiren.ee\/sv\/flexibla-sidoskar\/#primaryimage\",\"url\":\"https:\/\/meiren.ee\/wp-content\/uploads\/2017\/03\/Flexible-corner-blade-390x270.jpg\",\"contentUrl\":\"https:\/\/meiren.ee\/wp-content\/uploads\/2017\/03\/Flexible-corner-blade-390x270.jpg\"},{\"@type\":\"BreadcrumbList\",\"@id\":\"https:\/\/www.meiren.ee\/sv\/flexibla-sidoskar\/#breadcrumb\",\"itemListElement\":[{\"@type\":\"ListItem\",\"position\":1,\"name\":\"Home\",\"item\":\"https:\/\/www.meiren.ee\/en\/\"},{\"@type\":\"ListItem\",\"position\":2,\"name\":\"Flexibla sidosk\u00e4r\"}]},{\"@type\":\"WebSite\",\"@id\":\"https:\/\/www.meiren.ee\/en\/#website\",\"url\":\"https:\/\/www.meiren.ee\/en\/\",\"name\":\"Meiren lumesahad\",\"description\":\"Lumesahk ja lumet\u00f5rje tehnika, maantee lumesahk, lumesahk traktorile, lumesahk maasturile, harjad, lumekopp, varuosad ja hooldus, lumesaha terad, Kobit s.r.o. soolapuisturid\",\"potentialAction\":[{\"@type\":\"SearchAction\",\"target\":{\"@type\":\"EntryPoint\",\"urlTemplate\":\"https:\/\/www.meiren.ee\/en\/?s={search_term_string}\"},\"query-input\":{\"@type\":\"PropertyValueSpecification\",\"valueRequired\":true,\"valueName\":\"search_term_string\"}}],\"inLanguage\":\"sv-SE\"}]}<\/script>\n<!-- \/ Yoast SEO plugin. -->","yoast_head_json":{"title":"Flexibla sidosk\u00e4r | Meiren lumesahad","description":"Den \u00f6vre delen av det flexibla sidosk\u00e4ret \u00e4r monterat p\u00e5 plogbladet och det nedre delen p\u00e5 de yttersta sk\u00e4rh\u00e5llarna i polyuretan.","robots":{"index":"index","follow":"follow","max-snippet":"max-snippet:-1","max-image-preview":"max-image-preview:large","max-video-preview":"max-video-preview:-1"},"canonical":"https:\/\/www.meiren.ee\/sv\/flexibla-sidoskar\/","og_locale":"sv_SE","og_type":"article","og_title":"Flexibla sidosk\u00e4r | Meiren lumesahad","og_description":"Den \u00f6vre delen av det flexibla sidosk\u00e4ret \u00e4r monterat p\u00e5 plogbladet och det nedre delen p\u00e5 de yttersta sk\u00e4rh\u00e5llarna i polyuretan.","og_url":"https:\/\/www.meiren.ee\/sv\/flexibla-sidoskar\/","og_site_name":"Meiren lumesahad","article_publisher":"https:\/\/www.facebook.com\/Meiren.ee?ref=nf","article_modified_time":"2022-11-01T08:16:27+00:00","og_image":[{"url":"https:\/\/meiren.ee\/wp-content\/uploads\/2017\/03\/Flexible-corner-blade-390x270.jpg","type":"","width":"","height":""}],"twitter_card":"summary_large_image","schema":{"@context":"https:\/\/schema.org","@graph":[{"@type":"WebPage","@id":"https:\/\/www.meiren.ee\/sv\/flexibla-sidoskar\/","url":"https:\/\/www.meiren.ee\/sv\/flexibla-sidoskar\/","name":"Flexibla sidosk\u00e4r | Meiren lumesahad","isPartOf":{"@id":"https:\/\/www.meiren.ee\/en\/#website"},"primaryImageOfPage":{"@id":"https:\/\/www.meiren.ee\/sv\/flexibla-sidoskar\/#primaryimage"},"image":{"@id":"https:\/\/www.meiren.ee\/sv\/flexibla-sidoskar\/#primaryimage"},"thumbnailUrl":"https:\/\/meiren.ee\/wp-content\/uploads\/2017\/03\/Flexible-corner-blade-390x270.jpg","datePublished":"2019-01-22T09:56:01+00:00","dateModified":"2022-11-01T08:16:27+00:00","description":"Den \u00f6vre delen av det flexibla sidosk\u00e4ret \u00e4r monterat p\u00e5 plogbladet och det nedre delen p\u00e5 de yttersta sk\u00e4rh\u00e5llarna i polyuretan.","breadcrumb":{"@id":"https:\/\/www.meiren.ee\/sv\/flexibla-sidoskar\/#breadcrumb"},"inLanguage":"sv-SE","potentialAction":[{"@type":"ReadAction","target":["https:\/\/www.meiren.ee\/sv\/flexibla-sidoskar\/"]}]},{"@type":"ImageObject","inLanguage":"sv-SE","@id":"https:\/\/www.meiren.ee\/sv\/flexibla-sidoskar\/#primaryimage","url":"https:\/\/meiren.ee\/wp-content\/uploads\/2017\/03\/Flexible-corner-blade-390x270.jpg","contentUrl":"https:\/\/meiren.ee\/wp-content\/uploads\/2017\/03\/Flexible-corner-blade-390x270.jpg"},{"@type":"BreadcrumbList","@id":"https:\/\/www.meiren.ee\/sv\/flexibla-sidoskar\/#breadcrumb","itemListElement":[{"@type":"ListItem","position":1,"name":"Home","item":"https:\/\/www.meiren.ee\/en\/"},{"@type":"ListItem","position":2,"name":"Flexibla sidosk\u00e4r"}]},{"@type":"WebSite","@id":"https:\/\/www.meiren.ee\/en\/#website","url":"https:\/\/www.meiren.ee\/en\/","name":"Meiren lumesahad","description":"Lumesahk ja lumet\u00f5rje tehnika, maantee lumesahk, lumesahk traktorile, lumesahk maasturile, harjad, lumekopp, varuosad ja hooldus, lumesaha terad, Kobit s.r.o. soolapuisturid","potentialAction":[{"@type":"SearchAction","target":{"@type":"EntryPoint","urlTemplate":"https:\/\/www.meiren.ee\/en\/?s={search_term_string}"},"query-input":{"@type":"PropertyValueSpecification","valueRequired":true,"valueName":"search_term_string"}}],"inLanguage":"sv-SE"}]}},"_links":{"self":[{"href":"https:\/\/www.meiren.ee\/sv\/wp-json\/wp\/v2\/pages\/13251"}],"collection":[{"href":"https:\/\/www.meiren.ee\/sv\/wp-json\/wp\/v2\/pages"}],"about":[{"href":"https:\/\/www.meiren.ee\/sv\/wp-json\/wp\/v2\/types\/page"}],"author":[{"embeddable":true,"href":"https:\/\/www.meiren.ee\/sv\/wp-json\/wp\/v2\/users\/2"}],"replies":[{"embeddable":true,"href":"https:\/\/www.meiren.ee\/sv\/wp-json\/wp\/v2\/comments?post=13251"}],"version-history":[{"count":4,"href":"https:\/\/www.meiren.ee\/sv\/wp-json\/wp\/v2\/pages\/13251\/revisions"}],"predecessor-version":[{"id":17694,"href":"https:\/\/www.meiren.ee\/sv\/wp-json\/wp\/v2\/pages\/13251\/revisions\/17694"}],"wp:attachment":[{"href":"https:\/\/www.meiren.ee\/sv\/wp-json\/wp\/v2\/media?parent=13251"}],"curies":[{"name":"wp","href":"https:\/\/api.w.org\/{rel}","templated":true}]}}