{"id":13258,"date":"2019-01-22T11:58:48","date_gmt":"2019-01-22T09:58:48","guid":{"rendered":"https:\/\/meiren.ee\/sv\/?page_id=13258"},"modified":"2022-11-01T10:22:29","modified_gmt":"2022-11-01T08:22:29","slug":"manometer-3","status":"publish","type":"page","link":"https:\/\/www.meiren.ee\/sv\/manometer-3\/","title":{"rendered":"Manometer"},"content":{"rendered":"<div id=\"attachment_3644\" style=\"width: 400px\" class=\"wp-caption alignnone\"><img fetchpriority=\"high\" decoding=\"async\" aria-describedby=\"caption-attachment-3644\" class=\"wp-image-3644 size-thumbnail\" src=\"https:\/\/meiren.ee\/wp-content\/uploads\/2014\/07\/Manomeeter-390x270.jpg\" alt=\"Manometer f\u00f6r justering av lufttryck f\u00f6r moddsk\u00e4ren\" width=\"390\" height=\"270\" \/><p id=\"caption-attachment-3644\" class=\"wp-caption-text\">Manometer<\/p><\/div>\n<p><strong>Manometer<\/strong> hj\u00e4lper dig att alltid v\u00e4lja r\u00e4tt tryck p\u00e5 moddsk\u00e4ret, vilket ger dig b\u00e4sta resultat vid sn\u00f6 plogning. Detta garanterar ocks\u00e5 en l\u00e4ngre livsl\u00e4ngd av sk\u00e4ren och minimerar din br\u00e4nslef\u00f6rbrukning.<\/p>\n","protected":false},"excerpt":{"rendered":"<p>Manometer hj\u00e4lper dig att alltid v\u00e4lja r\u00e4tt tryck p\u00e5 moddsk\u00e4ret, vilket ger dig b\u00e4sta resultat vid sn\u00f6 plogning. Detta garanterar ocks\u00e5 en l\u00e4ngre livsl\u00e4ngd av sk\u00e4ren och minimerar din br\u00e4nslef\u00f6rbrukning.<\/p>\n","protected":false},"author":2,"featured_media":0,"parent":0,"menu_order":0,"comment_status":"closed","ping_status":"closed","template":"page-special_page.php","meta":{"footnotes":""},"class_list":["post-13258","page","type-page","status-publish","hentry"],"yoast_head":"<!-- This site is optimized with the Yoast SEO plugin v25.6 - https:\/\/yoast.com\/wordpress\/plugins\/seo\/ -->\n<title>Manometer | Meiren lumesahad<\/title>\n<meta name=\"description\" content=\"Manometer hj\u00e4lper dig att alltid v\u00e4lja r\u00e4tt tryck p\u00e5 moddsk\u00e4ret, vilket ger dig b\u00e4sta resultat vid sn\u00f6 plogning.\" \/>\n<meta name=\"robots\" content=\"index, follow, max-snippet:-1, max-image-preview:large, max-video-preview:-1\" \/>\n<link rel=\"canonical\" href=\"https:\/\/www.meiren.ee\/manomeeter\/\" \/>\n<meta property=\"og:locale\" content=\"sv_SE\" \/>\n<meta property=\"og:type\" content=\"article\" \/>\n<meta property=\"og:title\" content=\"Manometer | Meiren lumesahad\" \/>\n<meta property=\"og:description\" content=\"Manometer hj\u00e4lper dig att alltid v\u00e4lja r\u00e4tt tryck p\u00e5 moddsk\u00e4ret, vilket ger dig b\u00e4sta resultat vid sn\u00f6 plogning.\" \/>\n<meta property=\"og:url\" content=\"https:\/\/www.meiren.ee\/manomeeter\/\" \/>\n<meta property=\"og:site_name\" content=\"Meiren lumesahad\" \/>\n<meta property=\"article:publisher\" content=\"https:\/\/www.facebook.com\/Meiren.ee?ref=nf\" \/>\n<meta property=\"article:modified_time\" content=\"2022-11-01T08:22:29+00:00\" \/>\n<meta property=\"og:image\" content=\"https:\/\/meiren.ee\/wp-content\/uploads\/2014\/07\/Manomeeter-390x270.jpg\" \/>\n<meta name=\"twitter:card\" content=\"summary_large_image\" \/>\n<script type=\"application\/ld+json\" class=\"yoast-schema-graph\">{\"@context\":\"https:\/\/schema.org\",\"@graph\":[{\"@type\":\"WebPage\",\"@id\":\"https:\/\/www.meiren.ee\/manomeeter\/\",\"url\":\"https:\/\/www.meiren.ee\/manomeeter\/\",\"name\":\"Manometer | Meiren lumesahad\",\"isPartOf\":{\"@id\":\"https:\/\/www.meiren.ee\/en\/#website\"},\"primaryImageOfPage\":{\"@id\":\"https:\/\/www.meiren.ee\/manomeeter\/#primaryimage\"},\"image\":{\"@id\":\"https:\/\/www.meiren.ee\/manomeeter\/#primaryimage\"},\"thumbnailUrl\":\"https:\/\/meiren.ee\/wp-content\/uploads\/2014\/07\/Manomeeter-390x270.jpg\",\"datePublished\":\"2019-01-22T09:58:48+00:00\",\"dateModified\":\"2022-11-01T08:22:29+00:00\",\"description\":\"Manometer hj\u00e4lper dig att alltid v\u00e4lja r\u00e4tt tryck p\u00e5 moddsk\u00e4ret, vilket ger dig b\u00e4sta resultat vid sn\u00f6 plogning.\",\"breadcrumb\":{\"@id\":\"https:\/\/www.meiren.ee\/manomeeter\/#breadcrumb\"},\"inLanguage\":\"sv-SE\",\"potentialAction\":[{\"@type\":\"ReadAction\",\"target\":[\"https:\/\/www.meiren.ee\/manomeeter\/\"]}]},{\"@type\":\"ImageObject\",\"inLanguage\":\"sv-SE\",\"@id\":\"https:\/\/www.meiren.ee\/manomeeter\/#primaryimage\",\"url\":\"https:\/\/meiren.ee\/wp-content\/uploads\/2014\/07\/Manomeeter-390x270.jpg\",\"contentUrl\":\"https:\/\/meiren.ee\/wp-content\/uploads\/2014\/07\/Manomeeter-390x270.jpg\"},{\"@type\":\"BreadcrumbList\",\"@id\":\"https:\/\/www.meiren.ee\/manomeeter\/#breadcrumb\",\"itemListElement\":[{\"@type\":\"ListItem\",\"position\":1,\"name\":\"Home\",\"item\":\"https:\/\/www.meiren.ee\/en\/\"},{\"@type\":\"ListItem\",\"position\":2,\"name\":\"Manometer\"}]},{\"@type\":\"WebSite\",\"@id\":\"https:\/\/www.meiren.ee\/en\/#website\",\"url\":\"https:\/\/www.meiren.ee\/en\/\",\"name\":\"Meiren lumesahad\",\"description\":\"Lumesahk ja lumet\u00f5rje tehnika, maantee lumesahk, lumesahk traktorile, lumesahk maasturile, harjad, lumekopp, varuosad ja hooldus, lumesaha terad, Kobit s.r.o. soolapuisturid\",\"potentialAction\":[{\"@type\":\"SearchAction\",\"target\":{\"@type\":\"EntryPoint\",\"urlTemplate\":\"https:\/\/www.meiren.ee\/en\/?s={search_term_string}\"},\"query-input\":{\"@type\":\"PropertyValueSpecification\",\"valueRequired\":true,\"valueName\":\"search_term_string\"}}],\"inLanguage\":\"sv-SE\"}]}<\/script>\n<!-- \/ Yoast SEO plugin. -->","yoast_head_json":{"title":"Manometer | Meiren lumesahad","description":"Manometer hj\u00e4lper dig att alltid v\u00e4lja r\u00e4tt tryck p\u00e5 moddsk\u00e4ret, vilket ger dig b\u00e4sta resultat vid sn\u00f6 plogning.","robots":{"index":"index","follow":"follow","max-snippet":"max-snippet:-1","max-image-preview":"max-image-preview:large","max-video-preview":"max-video-preview:-1"},"canonical":"https:\/\/www.meiren.ee\/manomeeter\/","og_locale":"sv_SE","og_type":"article","og_title":"Manometer | Meiren lumesahad","og_description":"Manometer hj\u00e4lper dig att alltid v\u00e4lja r\u00e4tt tryck p\u00e5 moddsk\u00e4ret, vilket ger dig b\u00e4sta resultat vid sn\u00f6 plogning.","og_url":"https:\/\/www.meiren.ee\/manomeeter\/","og_site_name":"Meiren lumesahad","article_publisher":"https:\/\/www.facebook.com\/Meiren.ee?ref=nf","article_modified_time":"2022-11-01T08:22:29+00:00","og_image":[{"url":"https:\/\/meiren.ee\/wp-content\/uploads\/2014\/07\/Manomeeter-390x270.jpg","type":"","width":"","height":""}],"twitter_card":"summary_large_image","schema":{"@context":"https:\/\/schema.org","@graph":[{"@type":"WebPage","@id":"https:\/\/www.meiren.ee\/manomeeter\/","url":"https:\/\/www.meiren.ee\/manomeeter\/","name":"Manometer | Meiren lumesahad","isPartOf":{"@id":"https:\/\/www.meiren.ee\/en\/#website"},"primaryImageOfPage":{"@id":"https:\/\/www.meiren.ee\/manomeeter\/#primaryimage"},"image":{"@id":"https:\/\/www.meiren.ee\/manomeeter\/#primaryimage"},"thumbnailUrl":"https:\/\/meiren.ee\/wp-content\/uploads\/2014\/07\/Manomeeter-390x270.jpg","datePublished":"2019-01-22T09:58:48+00:00","dateModified":"2022-11-01T08:22:29+00:00","description":"Manometer hj\u00e4lper dig att alltid v\u00e4lja r\u00e4tt tryck p\u00e5 moddsk\u00e4ret, vilket ger dig b\u00e4sta resultat vid sn\u00f6 plogning.","breadcrumb":{"@id":"https:\/\/www.meiren.ee\/manomeeter\/#breadcrumb"},"inLanguage":"sv-SE","potentialAction":[{"@type":"ReadAction","target":["https:\/\/www.meiren.ee\/manomeeter\/"]}]},{"@type":"ImageObject","inLanguage":"sv-SE","@id":"https:\/\/www.meiren.ee\/manomeeter\/#primaryimage","url":"https:\/\/meiren.ee\/wp-content\/uploads\/2014\/07\/Manomeeter-390x270.jpg","contentUrl":"https:\/\/meiren.ee\/wp-content\/uploads\/2014\/07\/Manomeeter-390x270.jpg"},{"@type":"BreadcrumbList","@id":"https:\/\/www.meiren.ee\/manomeeter\/#breadcrumb","itemListElement":[{"@type":"ListItem","position":1,"name":"Home","item":"https:\/\/www.meiren.ee\/en\/"},{"@type":"ListItem","position":2,"name":"Manometer"}]},{"@type":"WebSite","@id":"https:\/\/www.meiren.ee\/en\/#website","url":"https:\/\/www.meiren.ee\/en\/","name":"Meiren lumesahad","description":"Lumesahk ja lumet\u00f5rje tehnika, maantee lumesahk, lumesahk traktorile, lumesahk maasturile, harjad, lumekopp, varuosad ja hooldus, lumesaha terad, Kobit s.r.o. soolapuisturid","potentialAction":[{"@type":"SearchAction","target":{"@type":"EntryPoint","urlTemplate":"https:\/\/www.meiren.ee\/en\/?s={search_term_string}"},"query-input":{"@type":"PropertyValueSpecification","valueRequired":true,"valueName":"search_term_string"}}],"inLanguage":"sv-SE"}]}},"_links":{"self":[{"href":"https:\/\/www.meiren.ee\/sv\/wp-json\/wp\/v2\/pages\/13258"}],"collection":[{"href":"https:\/\/www.meiren.ee\/sv\/wp-json\/wp\/v2\/pages"}],"about":[{"href":"https:\/\/www.meiren.ee\/sv\/wp-json\/wp\/v2\/types\/page"}],"author":[{"embeddable":true,"href":"https:\/\/www.meiren.ee\/sv\/wp-json\/wp\/v2\/users\/2"}],"replies":[{"embeddable":true,"href":"https:\/\/www.meiren.ee\/sv\/wp-json\/wp\/v2\/comments?post=13258"}],"version-history":[{"count":4,"href":"https:\/\/www.meiren.ee\/sv\/wp-json\/wp\/v2\/pages\/13258\/revisions"}],"predecessor-version":[{"id":22046,"href":"https:\/\/www.meiren.ee\/sv\/wp-json\/wp\/v2\/pages\/13258\/revisions\/22046"}],"wp:attachment":[{"href":"https:\/\/www.meiren.ee\/sv\/wp-json\/wp\/v2\/media?parent=13258"}],"curies":[{"name":"wp","href":"https:\/\/api.w.org\/{rel}","templated":true}]}}