{"id":13670,"date":"2017-11-07T11:48:52","date_gmt":"2017-11-07T09:48:52","guid":{"rendered":"https:\/\/meiren.ee\/sv\/?page_id=13670"},"modified":"2017-11-07T11:48:52","modified_gmt":"2017-11-07T09:48:52","slug":"kobit-reservdelar","status":"publish","type":"page","link":"https:\/\/www.meiren.ee\/sv\/kobit-reservdelar\/","title":{"rendered":"Kobit s.r.o. reservdelar"},"content":{"rendered":"<p><img decoding=\"async\" class=\" size-full wp-image-10454 alignleft\" src=\"https:\/\/meiren.ee\/wp-content\/uploads\/2014\/07\/kobit-sro.jpg\" alt=\"kobit sro\" width=\"160\" height=\"80\" \/><br \/>\nV\u00e4nligen fyll i f\u00f6ljande formul\u00e4r f\u00f6r att best\u00e4lla KOBIT s.r.o. reservdelar:<br \/>\n<noscript class=\"ninja-forms-noscript-message\">\n\tObservera: JavaScript kr\u00e4vs f\u00f6r detta inneh\u00e5ll.<\/noscript>\n<div id=\"nf-form-34-cont\" class=\"nf-form-cont\" aria-live=\"polite\" aria-labelledby=\"nf-form-title-34\" aria-describedby=\"nf-form-errors-34\" role=\"form\">\n\n    <div class=\"nf-loading-spinner\"><\/div>\n\n<\/div>\n        <!-- That data is being printed as a workaround to page builders reordering the order of the scripts loaded-->\n        <script>var formDisplay=1;var nfForms=nfForms||[];var form=[];form.id='34';form.settings={\"objectType\":\"Form Setting\",\"editActive\":true,\"title\":\"SWE - Kobit\",\"key\":\"\",\"created_at\":\"2017-05-23 10:47:11\",\"show_title\":\"0\",\"clear_complete\":\"1\",\"hide_complete\":\"1\",\"default_label_pos\":\"above\",\"wrapper_class\":\"\",\"element_class\":\"\",\"add_submit\":\"0\",\"currency\":\"\",\"logged_in\":\"\",\"not_logged_in_msg\":\"\",\"sub_limit_msg\":\"\",\"calculations\":[],\"formContentData\":[\"foeretagsnamn_1669036137227\",\"ditt_namn_1669036146261\",\"telefon\",\"e-post\",\"meddelande\",\"hidden_1\",\"skicka_foerfragan\"],\"lock\":\"0\",\"allow_public_link\":0,\"embed_form\":\"\",\"repeatable_fieldsets\":\"\",\"unique_field_error\":\"A form with this value has already been submitted.\",\"ninjaForms\":\"Ninja Forms\",\"changeEmailErrorMsg\":\"Please enter a valid email address\",\"changeDateErrorMsg\":\"Ange ett giltigt datum!\",\"confirmFieldErrorMsg\":\"Dessa f\\u00e4lt m\\u00e5ste matcha!\",\"fieldNumberNumMinError\":\"Minnummer-fel\",\"fieldNumberNumMaxError\":\"Maxnummer-fel\",\"fieldNumberIncrementBy\":\"\\u00d6ka med \",\"fieldTextareaRTEInsertLink\":\"Infoga l\\u00e4nk\",\"fieldTextareaRTEInsertMedia\":\"Infoga media\",\"fieldTextareaRTESelectAFile\":\"V\\u00e4lj en fil\",\"formErrorsCorrectErrors\":\"There are errors on the form. Please fix them before continuing.\",\"formHoneypot\":\"Om du \\u00e4r en m\\u00e4nniska som ser detta f\\u00e4lt, l\\u00e4mna det tomt.\",\"validateRequiredField\":\"Obligatoriska f\\u00e4lt\",\"honeypotHoneypotError\":\"Honeypot-fel\",\"fileUploadOldCodeFileUploadInProgress\":\"Filuppladdning p\\u00e5g\\u00e5r.\",\"fileUploadOldCodeFileUpload\":\"FILUPPLADDNING\",\"currencySymbol\":\"&euro;\",\"fieldsMarkedRequired\":\"All fields marked with * are mandatory\",\"thousands_sep\":\"&nbsp;\",\"decimal_point\":\",\",\"siteLocale\":\"sv_SE\",\"dateFormat\":\"m\\\/d\\\/Y\",\"startOfWeek\":\"1\",\"of\":\"av\",\"previousMonth\":\"F\\u00f6reg\\u00e5ende m\\u00e5nad\",\"nextMonth\":\"N\\u00e4sta m\\u00e5nad\",\"months\":[\"Januari\",\"Februari\",\"Mars\",\"April\",\"Maj\",\"Juni\",\"Juli\",\"Augusti\",\"September\",\"Oktober\",\"November\",\"December\"],\"monthsShort\":[\"Jan\",\"Feb\",\"Mar\",\"Apr\",\"Maj\",\"Jun\",\"Jul\",\"Aug\",\"Sep\",\"Okt\",\"Nov\",\"Dec\"],\"weekdays\":[\"S\\u00f6ndag\",\"M\\u00e5ndag\",\"Tisdag\",\"Onsdag\",\"Torsdag\",\"Fredag\",\"L\\u00f6rdag\"],\"weekdaysShort\":[\"S\\u00f6n\",\"M\\u00e5n\",\"Tis\",\"Ons\",\"Tor\",\"Fre\",\"L\\u00f6r\"],\"weekdaysMin\":[\"S\\u00f6\",\"M\\u00e5\",\"Ti\",\"On\",\"To\",\"Fr\",\"L\\u00f6\"],\"recaptchaConsentMissing\":\"reCaptcha validation couldn&#039;t load.\",\"recaptchaMissingCookie\":\"reCaptcha v3 validation couldn&#039;t load the cookie needed to submit the form.\",\"recaptchaConsentEvent\":\"Accept reCaptcha cookies before sending the form.\",\"currency_symbol\":\"\",\"beforeForm\":\"\",\"beforeFields\":\"\",\"afterFields\":\"\",\"afterForm\":\"\"};form.fields=[{\"objectType\":\"Field\",\"objectDomain\":\"fields\",\"editActive\":false,\"order\":1,\"idAttribute\":\"id\",\"label\":\"F\\u00f6retagsnamn\",\"key\":\"foeretagsnamn_1669036137227\",\"type\":\"firstname\",\"created_at\":\"2017-05-23 10:47:12\",\"label_pos\":\"above\",\"required\":1,\"default\":\"\",\"placeholder\":\"\",\"container_class\":\"\",\"element_class\":\"form-control\",\"admin_label\":\"\",\"help_text\":\"\",\"desc_text\":\"\",\"custom_name_attribute\":\"fname\",\"personally_identifiable\":1,\"value\":\"\",\"drawerDisabled\":false,\"id\":208,\"beforeField\":\"\",\"afterField\":\"\",\"parentType\":\"firstname\",\"element_templates\":[\"firstname\",\"input\"],\"old_classname\":\"\",\"wrap_template\":\"wrap\"},{\"objectType\":\"Field\",\"objectDomain\":\"fields\",\"editActive\":false,\"order\":2,\"idAttribute\":\"id\",\"label\":\"Ditt namn\",\"type\":\"textbox\",\"key\":\"ditt_namn_1669036146261\",\"label_pos\":\"above\",\"required\":1,\"default\":\"\",\"placeholder\":\"\",\"container_class\":\"\",\"element_class\":\"\",\"input_limit\":\"\",\"input_limit_type\":\"characters\",\"input_limit_msg\":\"Character(s) left\",\"manual_key\":false,\"admin_label\":\"\",\"help_text\":\"\",\"mask\":\"\",\"custom_mask\":\"\",\"custom_name_attribute\":\"\",\"personally_identifiable\":\"\",\"value\":\"\",\"drawerDisabled\":false,\"id\":359,\"beforeField\":\"\",\"afterField\":\"\",\"parentType\":\"textbox\",\"element_templates\":[\"textbox\",\"input\"],\"old_classname\":\"\",\"wrap_template\":\"wrap\"},{\"objectType\":\"Field\",\"objectDomain\":\"fields\",\"editActive\":false,\"order\":3,\"idAttribute\":\"id\",\"label\":\"Telefon\",\"key\":\"telefon\",\"type\":\"textbox\",\"created_at\":\"2017-05-23 10:47:12\",\"label_pos\":\"above\",\"required\":1,\"placeholder\":\"\",\"default\":\"\",\"container_class\":\"\",\"element_class\":\"form-control\",\"input_limit\":\"\",\"input_limit_type\":\"characters\",\"input_limit_msg\":\"Character(s) left\",\"manual_key\":\"\",\"disable_input\":\"\",\"admin_label\":\"\",\"help_text\":\"\",\"desc_text\":\"\",\"disable_browser_autocomplete\":\"\",\"mask\":\"\",\"custom_mask\":\"\",\"custom_name_attribute\":\"\",\"personally_identifiable\":\"\",\"value\":\"\",\"id\":209,\"beforeField\":\"\",\"afterField\":\"\",\"parentType\":\"textbox\",\"element_templates\":[\"textbox\",\"input\"],\"old_classname\":\"\",\"wrap_template\":\"wrap\"},{\"objectType\":\"Field\",\"objectDomain\":\"fields\",\"editActive\":false,\"order\":4,\"idAttribute\":\"id\",\"label\":\"E-post\",\"key\":\"e-post\",\"type\":\"email\",\"created_at\":\"2017-05-23 10:47:12\",\"label_pos\":\"above\",\"required\":1,\"default\":\"\",\"placeholder\":\"\",\"container_class\":\"\",\"element_class\":\"form-control\",\"admin_label\":\"\",\"help_text\":\"\",\"desc_text\":\"\",\"custom_name_attribute\":\"email\",\"personally_identifiable\":1,\"value\":\"\",\"id\":210,\"beforeField\":\"\",\"afterField\":\"\",\"parentType\":\"email\",\"element_templates\":[\"email\",\"input\"],\"old_classname\":\"\",\"wrap_template\":\"wrap\"},{\"objectType\":\"Field\",\"objectDomain\":\"fields\",\"editActive\":false,\"order\":5,\"idAttribute\":\"id\",\"label\":\"Meddelande\",\"key\":\"meddelande\",\"type\":\"textarea\",\"created_at\":\"2017-05-23 10:47:12\",\"label_pos\":\"above\",\"required\":1,\"placeholder\":\"\",\"default\":\"Hej,\\n\\nJag \\u00e4r intresserad av Kobit s.r.o. reservdelar.\\nArt.nr och antal:\\n\\nKan du kontakta mig? Tack!\",\"container_class\":\"\",\"element_class\":\"form-control\",\"input_limit\":\"\",\"input_limit_type\":\"characters\",\"input_limit_msg\":\"Character(s) left\",\"manual_key\":\"\",\"disable_input\":\"\",\"admin_label\":\"\",\"help_text\":\"\",\"desc_text\":\"<p><br><\\\/p>\",\"disable_browser_autocomplete\":\"\",\"textarea_rte\":\"\",\"disable_rte_mobile\":\"\",\"textarea_media\":\"\",\"value\":\"Hej,\\n\\nJag \\u00e4r intresserad av Kobit s.r.o. reservdelar.\\nArt.nr och antal:\\n\\nKan du kontakta mig? Tack!\",\"id\":211,\"beforeField\":\"\",\"afterField\":\"\",\"parentType\":\"textarea\",\"element_templates\":[\"textarea\",\"input\"],\"old_classname\":\"\",\"wrap_template\":\"wrap\"},{\"objectType\":\"Field\",\"objectDomain\":\"fields\",\"editActive\":false,\"order\":6,\"idAttribute\":\"id\",\"label\":\"Hidden\",\"key\":\"hidden_1\",\"type\":\"hidden\",\"created_at\":\"2016-12-12 10:53:34\",\"default\":\"{post:title} - {post:url}\",\"admin_label\":\"\",\"saved\":\"\",\"nicename\":\"Hidden\",\"drawerDisabled\":false,\"id\":212,\"beforeField\":\"\",\"afterField\":\"\",\"value\":\"Kobit s.r.o. reservdelar - https:\\\/\\\/www.meiren.ee\\\/sv\\\/kobit-reservdelar\\\/\",\"label_pos\":\"above\",\"parentType\":\"hidden\",\"element_templates\":[\"hidden\",\"input\"],\"old_classname\":\"\",\"wrap_template\":\"wrap-no-label\"},{\"objectType\":\"Field\",\"objectDomain\":\"fields\",\"editActive\":false,\"order\":7,\"idAttribute\":\"id\",\"label\":\"Skicka f\\u00f6rfr\\u00e5gan\",\"key\":\"skicka_foerfragan\",\"type\":\"submit\",\"created_at\":\"2017-05-23 10:47:12\",\"processing_label\":\"Processing...\",\"container_class\":\"pull-text-center\",\"element_class\":\"\",\"id\":213,\"beforeField\":\"\",\"afterField\":\"\",\"value\":\"\",\"label_pos\":\"above\",\"parentType\":\"textbox\",\"element_templates\":[\"submit\",\"button\",\"input\"],\"old_classname\":\"\",\"wrap_template\":\"wrap-no-label\"}];nfForms.push(form);<\/script>\n        <\/p>\n","protected":false},"excerpt":{"rendered":"<p>V\u00e4nligen fyll i f\u00f6ljande formul\u00e4r f\u00f6r att best\u00e4lla KOBIT s.r.o. reservdelar:<\/p>\n","protected":false},"author":2,"featured_media":0,"parent":0,"menu_order":0,"comment_status":"closed","ping_status":"closed","template":"page-special_page.php","meta":{"footnotes":""},"class_list":["post-13670","page","type-page","status-publish","hentry"],"yoast_head":"<!-- This site is optimized with the Yoast SEO plugin v25.6 - https:\/\/yoast.com\/wordpress\/plugins\/seo\/ -->\n<title>Kobit s.r.o. reservdelar | Meiren lumesahad<\/title>\n<meta name=\"description\" content=\"V\u00e4nligen fyll i f\u00f6ljande formul\u00e4r f\u00f6r att best\u00e4lla KOBIT s.r.o. reservdelar.\" \/>\n<meta name=\"robots\" content=\"index, follow, max-snippet:-1, max-image-preview:large, max-video-preview:-1\" \/>\n<link rel=\"canonical\" href=\"https:\/\/www.meiren.ee\/kobit-varuosad\/\" \/>\n<meta property=\"og:locale\" content=\"sv_SE\" \/>\n<meta property=\"og:type\" content=\"article\" \/>\n<meta property=\"og:title\" content=\"Kobit s.r.o. reservdelar | Meiren lumesahad\" \/>\n<meta property=\"og:description\" content=\"V\u00e4nligen fyll i f\u00f6ljande formul\u00e4r f\u00f6r att best\u00e4lla KOBIT s.r.o. reservdelar.\" \/>\n<meta property=\"og:url\" content=\"https:\/\/www.meiren.ee\/kobit-varuosad\/\" \/>\n<meta property=\"og:site_name\" content=\"Meiren lumesahad\" \/>\n<meta property=\"article:publisher\" content=\"https:\/\/www.facebook.com\/Meiren.ee?ref=nf\" \/>\n<meta property=\"og:image\" content=\"https:\/\/meiren.ee\/wp-content\/uploads\/2014\/07\/kobit-sro.jpg\" \/>\n<meta name=\"twitter:card\" content=\"summary_large_image\" \/>\n<script type=\"application\/ld+json\" class=\"yoast-schema-graph\">{\"@context\":\"https:\/\/schema.org\",\"@graph\":[{\"@type\":\"WebPage\",\"@id\":\"https:\/\/www.meiren.ee\/kobit-varuosad\/\",\"url\":\"https:\/\/www.meiren.ee\/kobit-varuosad\/\",\"name\":\"Kobit s.r.o. reservdelar | Meiren lumesahad\",\"isPartOf\":{\"@id\":\"https:\/\/www.meiren.ee\/en\/#website\"},\"primaryImageOfPage\":{\"@id\":\"https:\/\/www.meiren.ee\/kobit-varuosad\/#primaryimage\"},\"image\":{\"@id\":\"https:\/\/www.meiren.ee\/kobit-varuosad\/#primaryimage\"},\"thumbnailUrl\":\"https:\/\/meiren.ee\/wp-content\/uploads\/2014\/07\/kobit-sro.jpg\",\"datePublished\":\"2017-11-07T09:48:52+00:00\",\"description\":\"V\u00e4nligen fyll i f\u00f6ljande formul\u00e4r f\u00f6r att best\u00e4lla KOBIT s.r.o. reservdelar.\",\"breadcrumb\":{\"@id\":\"https:\/\/www.meiren.ee\/kobit-varuosad\/#breadcrumb\"},\"inLanguage\":\"sv-SE\",\"potentialAction\":[{\"@type\":\"ReadAction\",\"target\":[\"https:\/\/www.meiren.ee\/kobit-varuosad\/\"]}]},{\"@type\":\"ImageObject\",\"inLanguage\":\"sv-SE\",\"@id\":\"https:\/\/www.meiren.ee\/kobit-varuosad\/#primaryimage\",\"url\":\"https:\/\/meiren.ee\/wp-content\/uploads\/2014\/07\/kobit-sro.jpg\",\"contentUrl\":\"https:\/\/meiren.ee\/wp-content\/uploads\/2014\/07\/kobit-sro.jpg\"},{\"@type\":\"BreadcrumbList\",\"@id\":\"https:\/\/www.meiren.ee\/kobit-varuosad\/#breadcrumb\",\"itemListElement\":[{\"@type\":\"ListItem\",\"position\":1,\"name\":\"Home\",\"item\":\"https:\/\/www.meiren.ee\/en\/\"},{\"@type\":\"ListItem\",\"position\":2,\"name\":\"Kobit s.r.o. reservdelar\"}]},{\"@type\":\"WebSite\",\"@id\":\"https:\/\/www.meiren.ee\/en\/#website\",\"url\":\"https:\/\/www.meiren.ee\/en\/\",\"name\":\"Meiren lumesahad\",\"description\":\"Lumesahk ja lumet\u00f5rje tehnika, maantee lumesahk, lumesahk traktorile, lumesahk maasturile, harjad, lumekopp, varuosad ja hooldus, lumesaha terad, Kobit s.r.o. soolapuisturid\",\"potentialAction\":[{\"@type\":\"SearchAction\",\"target\":{\"@type\":\"EntryPoint\",\"urlTemplate\":\"https:\/\/www.meiren.ee\/en\/?s={search_term_string}\"},\"query-input\":{\"@type\":\"PropertyValueSpecification\",\"valueRequired\":true,\"valueName\":\"search_term_string\"}}],\"inLanguage\":\"sv-SE\"}]}<\/script>\n<!-- \/ Yoast SEO plugin. -->","yoast_head_json":{"title":"Kobit s.r.o. reservdelar | Meiren lumesahad","description":"V\u00e4nligen fyll i f\u00f6ljande formul\u00e4r f\u00f6r att best\u00e4lla KOBIT s.r.o. reservdelar.","robots":{"index":"index","follow":"follow","max-snippet":"max-snippet:-1","max-image-preview":"max-image-preview:large","max-video-preview":"max-video-preview:-1"},"canonical":"https:\/\/www.meiren.ee\/kobit-varuosad\/","og_locale":"sv_SE","og_type":"article","og_title":"Kobit s.r.o. reservdelar | Meiren lumesahad","og_description":"V\u00e4nligen fyll i f\u00f6ljande formul\u00e4r f\u00f6r att best\u00e4lla KOBIT s.r.o. reservdelar.","og_url":"https:\/\/www.meiren.ee\/kobit-varuosad\/","og_site_name":"Meiren lumesahad","article_publisher":"https:\/\/www.facebook.com\/Meiren.ee?ref=nf","og_image":[{"url":"https:\/\/meiren.ee\/wp-content\/uploads\/2014\/07\/kobit-sro.jpg","type":"","width":"","height":""}],"twitter_card":"summary_large_image","schema":{"@context":"https:\/\/schema.org","@graph":[{"@type":"WebPage","@id":"https:\/\/www.meiren.ee\/kobit-varuosad\/","url":"https:\/\/www.meiren.ee\/kobit-varuosad\/","name":"Kobit s.r.o. reservdelar | Meiren lumesahad","isPartOf":{"@id":"https:\/\/www.meiren.ee\/en\/#website"},"primaryImageOfPage":{"@id":"https:\/\/www.meiren.ee\/kobit-varuosad\/#primaryimage"},"image":{"@id":"https:\/\/www.meiren.ee\/kobit-varuosad\/#primaryimage"},"thumbnailUrl":"https:\/\/meiren.ee\/wp-content\/uploads\/2014\/07\/kobit-sro.jpg","datePublished":"2017-11-07T09:48:52+00:00","description":"V\u00e4nligen fyll i f\u00f6ljande formul\u00e4r f\u00f6r att best\u00e4lla KOBIT s.r.o. reservdelar.","breadcrumb":{"@id":"https:\/\/www.meiren.ee\/kobit-varuosad\/#breadcrumb"},"inLanguage":"sv-SE","potentialAction":[{"@type":"ReadAction","target":["https:\/\/www.meiren.ee\/kobit-varuosad\/"]}]},{"@type":"ImageObject","inLanguage":"sv-SE","@id":"https:\/\/www.meiren.ee\/kobit-varuosad\/#primaryimage","url":"https:\/\/meiren.ee\/wp-content\/uploads\/2014\/07\/kobit-sro.jpg","contentUrl":"https:\/\/meiren.ee\/wp-content\/uploads\/2014\/07\/kobit-sro.jpg"},{"@type":"BreadcrumbList","@id":"https:\/\/www.meiren.ee\/kobit-varuosad\/#breadcrumb","itemListElement":[{"@type":"ListItem","position":1,"name":"Home","item":"https:\/\/www.meiren.ee\/en\/"},{"@type":"ListItem","position":2,"name":"Kobit s.r.o. reservdelar"}]},{"@type":"WebSite","@id":"https:\/\/www.meiren.ee\/en\/#website","url":"https:\/\/www.meiren.ee\/en\/","name":"Meiren lumesahad","description":"Lumesahk ja lumet\u00f5rje tehnika, maantee lumesahk, lumesahk traktorile, lumesahk maasturile, harjad, lumekopp, varuosad ja hooldus, lumesaha terad, Kobit s.r.o. soolapuisturid","potentialAction":[{"@type":"SearchAction","target":{"@type":"EntryPoint","urlTemplate":"https:\/\/www.meiren.ee\/en\/?s={search_term_string}"},"query-input":{"@type":"PropertyValueSpecification","valueRequired":true,"valueName":"search_term_string"}}],"inLanguage":"sv-SE"}]}},"_links":{"self":[{"href":"https:\/\/www.meiren.ee\/sv\/wp-json\/wp\/v2\/pages\/13670"}],"collection":[{"href":"https:\/\/www.meiren.ee\/sv\/wp-json\/wp\/v2\/pages"}],"about":[{"href":"https:\/\/www.meiren.ee\/sv\/wp-json\/wp\/v2\/types\/page"}],"author":[{"embeddable":true,"href":"https:\/\/www.meiren.ee\/sv\/wp-json\/wp\/v2\/users\/2"}],"replies":[{"embeddable":true,"href":"https:\/\/www.meiren.ee\/sv\/wp-json\/wp\/v2\/comments?post=13670"}],"version-history":[{"count":1,"href":"https:\/\/www.meiren.ee\/sv\/wp-json\/wp\/v2\/pages\/13670\/revisions"}],"predecessor-version":[{"id":13671,"href":"https:\/\/www.meiren.ee\/sv\/wp-json\/wp\/v2\/pages\/13670\/revisions\/13671"}],"wp:attachment":[{"href":"https:\/\/www.meiren.ee\/sv\/wp-json\/wp\/v2\/media?parent=13670"}],"curies":[{"name":"wp","href":"https:\/\/api.w.org\/{rel}","templated":true}]}}