{"id":15180,"date":"2019-01-22T11:58:08","date_gmt":"2019-01-22T09:58:08","guid":{"rendered":"https:\/\/meiren.ee\/sv\/?page_id=15180"},"modified":"2026-04-07T09:03:00","modified_gmt":"2026-04-07T06:03:00","slug":"patenterad-skarhallare","status":"publish","type":"page","link":"https:\/\/www.meiren.ee\/sv\/patenterad-skarhallare\/","title":{"rendered":"Patenterad sk\u00e4rh\u00e5llare"},"content":{"rendered":"<p><img fetchpriority=\"high\" decoding=\"async\" class=\"alignnone wp-image-22062 size-thumbnail\" src=\"https:\/\/www.meiren.ee\/wp-content\/uploads\/2022\/11\/Polyurethane-blade-holders_patented-390x270.jpg\" alt=\"\" width=\"390\" height=\"270\" srcset=\"https:\/\/www.meiren.ee\/wp-content\/uploads\/2022\/11\/Polyurethane-blade-holders_patented.jpg 390w, https:\/\/www.meiren.ee\/wp-content\/uploads\/2022\/11\/Polyurethane-blade-holders_patented-300x208.jpg 300w\" sizes=\"(max-width: 390px) 100vw, 390px\" \/><\/p>\n<p><strong>Patenterad sk\u00e4rh\u00e5llare av polyuretan<\/strong><\/p>\n<ul>\n<li style=\"text-align: justify;\"><strong>Klarar smidigt hinder upp till 12cm h\u00f6ga \u2013 <\/strong>Sk\u00e4rh\u00e5llaren gjuts av en s\u00e4rskild polyurethanblandning. Vid ett hinder byter sk\u00e4rh\u00e5llarsektionen form och flyttar bak\u00e5t, s\u00e5 att plogen kan smidigt komma \u00f6ver hindret. Upp till 25 km\/tim. kan sk\u00e4rh\u00e5llaren klara hinder upp till 50 mm h\u00f6ga utan problem.<\/li>\n<li style=\"text-align: justify;\"><strong>Maximal avscanning av v\u00e4gytan \u2013 <\/strong>Sk\u00e4rh\u00e5llarsektionen med 305 mm l\u00e4ngd g\u00f6r det m\u00f6jligt att anv\u00e4nda olika sk\u00e4rl\u00e4ngder (305 \u2013 1200 mm). Kortare sk\u00e4r \u00e4r b\u00e4st f\u00f6r att f\u00f6lja v\u00e4gbanan.<\/li>\n<li style=\"text-align: justify;\"><strong>Mindre buller<\/strong>\u00a0 \u2013 Polyurethan minimerar \u00f6verf\u00f6ringen av\u00a0 vibrationer till bladet och f\u00f6rorsakar betydligt mindre buller.<\/li>\n<li style=\"text-align: justify;\"><strong>Sparar markering p\u00e5 v\u00e4gytan<\/strong> \u2013 Elastisk sk\u00e4rh\u00e5llare sparar markering p\u00e5 v\u00e4gytan.<\/li>\n<\/ul>\n<figure class=\"video-container\"><iframe title=\"Meiren Snow  MSPN 04\" width=\"500\" height=\"281\" src=\"https:\/\/www.youtube.com\/embed\/W3QPLOMT23Y?feature=oembed&#038;enablejsapi=1&#038;origin=https:\/\/www.meiren.ee\" frameborder=\"0\" allow=\"accelerometer; autoplay; clipboard-write; encrypted-media; gyroscope; picture-in-picture; web-share\" referrerpolicy=\"strict-origin-when-cross-origin\" allowfullscreen><\/iframe><\/figure>\n<p>Meiren patenterad sk\u00e4rh\u00e5llare av polyuretan<\/p>\n<figure class=\"video-container\"><iframe title=\"Snow clearing with polyurethane blade holder by Meiren Snow\" width=\"500\" height=\"281\" src=\"https:\/\/www.youtube.com\/embed\/ox_kNo544jk?feature=oembed&#038;enablejsapi=1&#038;origin=https:\/\/www.meiren.ee\" frameborder=\"0\" allow=\"accelerometer; autoplay; clipboard-write; encrypted-media; gyroscope; picture-in-picture; web-share\" referrerpolicy=\"strict-origin-when-cross-origin\" allowfullscreen><\/iframe><\/figure>\n","protected":false},"excerpt":{"rendered":"<p>Patenterad sk\u00e4rh\u00e5llare av polyuretan Klarar smidigt hinder upp till 12cm h\u00f6ga \u2013 Sk\u00e4rh\u00e5llaren gjuts av en s\u00e4rskild polyurethanblandning. Vid ett hinder byter sk\u00e4rh\u00e5llarsektionen form och flyttar bak\u00e5t, s\u00e5 att plogen kan smidigt komma \u00f6ver hindret. Upp till 25 km\/tim. kan sk\u00e4rh\u00e5llaren klara hinder upp till 50 mm h\u00f6ga utan problem. Maximal avscanning av v\u00e4gytan \u2013 [&hellip;]<\/p>\n","protected":false},"author":2,"featured_media":0,"parent":0,"menu_order":0,"comment_status":"closed","ping_status":"closed","template":"page-special_page.php","meta":{"footnotes":""},"class_list":["post-15180","page","type-page","status-publish","hentry"],"yoast_head":"<!-- This site is optimized with the Yoast SEO plugin v25.6 - https:\/\/yoast.com\/wordpress\/plugins\/seo\/ -->\n<title>Patenterad sk\u00e4rh\u00e5llare | Meiren lumesahad<\/title>\n<meta name=\"description\" content=\"Patenterad sk\u00e4rh\u00e5llare av polyuretan sparar markering p\u00e5 v\u00e4gytan.\" \/>\n<meta name=\"robots\" content=\"index, follow, max-snippet:-1, max-image-preview:large, max-video-preview:-1\" \/>\n<link rel=\"canonical\" href=\"https:\/\/www.meiren.ee\/sv\/patenterad-skarhallare\/\" \/>\n<meta property=\"og:locale\" content=\"sv_SE\" \/>\n<meta property=\"og:type\" content=\"article\" \/>\n<meta property=\"og:title\" content=\"Patenterad sk\u00e4rh\u00e5llare | Meiren lumesahad\" \/>\n<meta property=\"og:description\" content=\"Patenterad sk\u00e4rh\u00e5llare av polyuretan sparar markering p\u00e5 v\u00e4gytan.\" \/>\n<meta property=\"og:url\" content=\"https:\/\/www.meiren.ee\/sv\/patenterad-skarhallare\/\" \/>\n<meta property=\"og:site_name\" content=\"Meiren lumesahad\" \/>\n<meta property=\"article:publisher\" content=\"https:\/\/www.facebook.com\/Meiren.ee?ref=nf\" \/>\n<meta property=\"article:modified_time\" content=\"2026-04-07T06:03:00+00:00\" \/>\n<meta property=\"og:image\" content=\"https:\/\/www.meiren.ee\/wp-content\/uploads\/2022\/11\/Polyurethane-blade-holders_patented.jpg\" \/>\n\t<meta property=\"og:image:width\" content=\"390\" \/>\n\t<meta property=\"og:image:height\" content=\"270\" \/>\n\t<meta property=\"og:image:type\" content=\"image\/jpeg\" \/>\n<meta name=\"twitter:card\" content=\"summary_large_image\" \/>\n<meta name=\"twitter:label1\" content=\"Ber\u00e4knad l\u00e4stid\" \/>\n\t<meta name=\"twitter:data1\" content=\"1 minut\" \/>\n<script type=\"application\/ld+json\" class=\"yoast-schema-graph\">{\"@context\":\"https:\/\/schema.org\",\"@graph\":[{\"@type\":\"WebPage\",\"@id\":\"https:\/\/www.meiren.ee\/sv\/patenterad-skarhallare\/\",\"url\":\"https:\/\/www.meiren.ee\/sv\/patenterad-skarhallare\/\",\"name\":\"Patenterad sk\u00e4rh\u00e5llare | Meiren lumesahad\",\"isPartOf\":{\"@id\":\"https:\/\/www.meiren.ee\/en\/#website\"},\"primaryImageOfPage\":{\"@id\":\"https:\/\/www.meiren.ee\/sv\/patenterad-skarhallare\/#primaryimage\"},\"image\":{\"@id\":\"https:\/\/www.meiren.ee\/sv\/patenterad-skarhallare\/#primaryimage\"},\"thumbnailUrl\":\"https:\/\/www.meiren.ee\/wp-content\/uploads\/2022\/11\/Polyurethane-blade-holders_patented-390x270.jpg\",\"datePublished\":\"2019-01-22T09:58:08+00:00\",\"dateModified\":\"2026-04-07T06:03:00+00:00\",\"description\":\"Patenterad sk\u00e4rh\u00e5llare av polyuretan sparar markering p\u00e5 v\u00e4gytan.\",\"breadcrumb\":{\"@id\":\"https:\/\/www.meiren.ee\/sv\/patenterad-skarhallare\/#breadcrumb\"},\"inLanguage\":\"sv-SE\",\"potentialAction\":[{\"@type\":\"ReadAction\",\"target\":[\"https:\/\/www.meiren.ee\/sv\/patenterad-skarhallare\/\"]}]},{\"@type\":\"ImageObject\",\"inLanguage\":\"sv-SE\",\"@id\":\"https:\/\/www.meiren.ee\/sv\/patenterad-skarhallare\/#primaryimage\",\"url\":\"https:\/\/www.meiren.ee\/wp-content\/uploads\/2022\/11\/Polyurethane-blade-holders_patented-390x270.jpg\",\"contentUrl\":\"https:\/\/www.meiren.ee\/wp-content\/uploads\/2022\/11\/Polyurethane-blade-holders_patented-390x270.jpg\"},{\"@type\":\"BreadcrumbList\",\"@id\":\"https:\/\/www.meiren.ee\/sv\/patenterad-skarhallare\/#breadcrumb\",\"itemListElement\":[{\"@type\":\"ListItem\",\"position\":1,\"name\":\"Home\",\"item\":\"https:\/\/www.meiren.ee\/en\/\"},{\"@type\":\"ListItem\",\"position\":2,\"name\":\"Patenterad sk\u00e4rh\u00e5llare\"}]},{\"@type\":\"WebSite\",\"@id\":\"https:\/\/www.meiren.ee\/en\/#website\",\"url\":\"https:\/\/www.meiren.ee\/en\/\",\"name\":\"Meiren lumesahad\",\"description\":\"Lumesahk ja lumet\u00f5rje tehnika, maantee lumesahk, lumesahk traktorile, lumesahk maasturile, harjad, lumekopp, varuosad ja hooldus, lumesaha terad, Kobit s.r.o. soolapuisturid\",\"potentialAction\":[{\"@type\":\"SearchAction\",\"target\":{\"@type\":\"EntryPoint\",\"urlTemplate\":\"https:\/\/www.meiren.ee\/en\/?s={search_term_string}\"},\"query-input\":{\"@type\":\"PropertyValueSpecification\",\"valueRequired\":true,\"valueName\":\"search_term_string\"}}],\"inLanguage\":\"sv-SE\"}]}<\/script>\n<!-- \/ Yoast SEO plugin. -->","yoast_head_json":{"title":"Patenterad sk\u00e4rh\u00e5llare | Meiren lumesahad","description":"Patenterad sk\u00e4rh\u00e5llare av polyuretan sparar markering p\u00e5 v\u00e4gytan.","robots":{"index":"index","follow":"follow","max-snippet":"max-snippet:-1","max-image-preview":"max-image-preview:large","max-video-preview":"max-video-preview:-1"},"canonical":"https:\/\/www.meiren.ee\/sv\/patenterad-skarhallare\/","og_locale":"sv_SE","og_type":"article","og_title":"Patenterad sk\u00e4rh\u00e5llare | Meiren lumesahad","og_description":"Patenterad sk\u00e4rh\u00e5llare av polyuretan sparar markering p\u00e5 v\u00e4gytan.","og_url":"https:\/\/www.meiren.ee\/sv\/patenterad-skarhallare\/","og_site_name":"Meiren lumesahad","article_publisher":"https:\/\/www.facebook.com\/Meiren.ee?ref=nf","article_modified_time":"2026-04-07T06:03:00+00:00","og_image":[{"width":390,"height":270,"url":"https:\/\/www.meiren.ee\/wp-content\/uploads\/2022\/11\/Polyurethane-blade-holders_patented.jpg","type":"image\/jpeg"}],"twitter_card":"summary_large_image","twitter_misc":{"Ber\u00e4knad l\u00e4stid":"1 minut"},"schema":{"@context":"https:\/\/schema.org","@graph":[{"@type":"WebPage","@id":"https:\/\/www.meiren.ee\/sv\/patenterad-skarhallare\/","url":"https:\/\/www.meiren.ee\/sv\/patenterad-skarhallare\/","name":"Patenterad sk\u00e4rh\u00e5llare | Meiren lumesahad","isPartOf":{"@id":"https:\/\/www.meiren.ee\/en\/#website"},"primaryImageOfPage":{"@id":"https:\/\/www.meiren.ee\/sv\/patenterad-skarhallare\/#primaryimage"},"image":{"@id":"https:\/\/www.meiren.ee\/sv\/patenterad-skarhallare\/#primaryimage"},"thumbnailUrl":"https:\/\/www.meiren.ee\/wp-content\/uploads\/2022\/11\/Polyurethane-blade-holders_patented-390x270.jpg","datePublished":"2019-01-22T09:58:08+00:00","dateModified":"2026-04-07T06:03:00+00:00","description":"Patenterad sk\u00e4rh\u00e5llare av polyuretan sparar markering p\u00e5 v\u00e4gytan.","breadcrumb":{"@id":"https:\/\/www.meiren.ee\/sv\/patenterad-skarhallare\/#breadcrumb"},"inLanguage":"sv-SE","potentialAction":[{"@type":"ReadAction","target":["https:\/\/www.meiren.ee\/sv\/patenterad-skarhallare\/"]}]},{"@type":"ImageObject","inLanguage":"sv-SE","@id":"https:\/\/www.meiren.ee\/sv\/patenterad-skarhallare\/#primaryimage","url":"https:\/\/www.meiren.ee\/wp-content\/uploads\/2022\/11\/Polyurethane-blade-holders_patented-390x270.jpg","contentUrl":"https:\/\/www.meiren.ee\/wp-content\/uploads\/2022\/11\/Polyurethane-blade-holders_patented-390x270.jpg"},{"@type":"BreadcrumbList","@id":"https:\/\/www.meiren.ee\/sv\/patenterad-skarhallare\/#breadcrumb","itemListElement":[{"@type":"ListItem","position":1,"name":"Home","item":"https:\/\/www.meiren.ee\/en\/"},{"@type":"ListItem","position":2,"name":"Patenterad sk\u00e4rh\u00e5llare"}]},{"@type":"WebSite","@id":"https:\/\/www.meiren.ee\/en\/#website","url":"https:\/\/www.meiren.ee\/en\/","name":"Meiren lumesahad","description":"Lumesahk ja lumet\u00f5rje tehnika, maantee lumesahk, lumesahk traktorile, lumesahk maasturile, harjad, lumekopp, varuosad ja hooldus, lumesaha terad, Kobit s.r.o. soolapuisturid","potentialAction":[{"@type":"SearchAction","target":{"@type":"EntryPoint","urlTemplate":"https:\/\/www.meiren.ee\/en\/?s={search_term_string}"},"query-input":{"@type":"PropertyValueSpecification","valueRequired":true,"valueName":"search_term_string"}}],"inLanguage":"sv-SE"}]}},"_links":{"self":[{"href":"https:\/\/www.meiren.ee\/sv\/wp-json\/wp\/v2\/pages\/15180"}],"collection":[{"href":"https:\/\/www.meiren.ee\/sv\/wp-json\/wp\/v2\/pages"}],"about":[{"href":"https:\/\/www.meiren.ee\/sv\/wp-json\/wp\/v2\/types\/page"}],"author":[{"embeddable":true,"href":"https:\/\/www.meiren.ee\/sv\/wp-json\/wp\/v2\/users\/2"}],"replies":[{"embeddable":true,"href":"https:\/\/www.meiren.ee\/sv\/wp-json\/wp\/v2\/comments?post=15180"}],"version-history":[{"count":10,"href":"https:\/\/www.meiren.ee\/sv\/wp-json\/wp\/v2\/pages\/15180\/revisions"}],"predecessor-version":[{"id":25023,"href":"https:\/\/www.meiren.ee\/sv\/wp-json\/wp\/v2\/pages\/15180\/revisions\/25023"}],"wp:attachment":[{"href":"https:\/\/www.meiren.ee\/sv\/wp-json\/wp\/v2\/media?parent=15180"}],"curies":[{"name":"wp","href":"https:\/\/api.w.org\/{rel}","templated":true}]}}