{"id":15184,"date":"2019-01-22T11:57:17","date_gmt":"2019-01-22T09:57:17","guid":{"rendered":"https:\/\/meiren.ee\/sv\/?page_id=15184"},"modified":"2022-11-01T10:58:31","modified_gmt":"2022-11-01T08:58:31","slug":"hoernskaer","status":"publish","type":"page","link":"https:\/\/www.meiren.ee\/sv\/hoernskaer\/","title":{"rendered":"H\u00f6rnsk\u00e4r"},"content":{"rendered":"<div id=\"attachment_12053\" style=\"width: 235px\" class=\"wp-caption alignnone\"><img fetchpriority=\"high\" decoding=\"async\" aria-describedby=\"caption-attachment-12053\" class=\"wp-image-12053 size-medium\" src=\"https:\/\/meiren.ee\/wp-content\/uploads\/2017\/03\/Corner-blade-225x300.png\" alt=\"H\u00f6rnsk\u00e4r\" width=\"225\" height=\"300\" srcset=\"https:\/\/www.meiren.ee\/wp-content\/uploads\/2017\/03\/Corner-blade-225x300.png 225w, https:\/\/www.meiren.ee\/wp-content\/uploads\/2017\/03\/Corner-blade-541x720.png 541w, https:\/\/www.meiren.ee\/wp-content\/uploads\/2017\/03\/Corner-blade.png 640w\" sizes=\"(max-width: 225px) 100vw, 225px\" \/><p id=\"caption-attachment-12053\" class=\"wp-caption-text\">Stelt fixerade h\u00f6rnsk\u00e4r<\/p><\/div>\n<p style=\"text-align: justify;\">Plogbladet kan vara utrustad med en <strong>utbytbara, stelt fixerade h\u00f6rnsk\u00e4r<\/strong> som m\u00f6jligg\u00f6r att reng\u00f6ra kantstenar och st\u00f6dja plogen mot en kantsten. H\u00f6rnsk\u00e4rens kanter \u00e4r f\u00f6rsedda med runda profiler som garanterar smidig sn\u00f6r\u00f6jning fr\u00e5n kantstenar.<\/p>\n<div style=\"width: 852px;\" class=\"wp-video\"><!--[if lt IE 9]><script>document.createElement('video');<\/script><![endif]-->\n<video class=\"wp-video-shortcode\" id=\"video-15184-1\" width=\"852\" height=\"480\" preload=\"metadata\" controls=\"controls\"><source type=\"video\/mp4\" src=\"https:\/\/www.meiren.ee\/wp-content\/uploads\/2021\/09\/Snow-removal-with-MSPN-nurgatera.mp4?_=1\" \/><a href=\"https:\/\/www.meiren.ee\/wp-content\/uploads\/2021\/09\/Snow-removal-with-MSPN-nurgatera.mp4\">https:\/\/www.meiren.ee\/wp-content\/uploads\/2021\/09\/Snow-removal-with-MSPN-nurgatera.mp4<\/a><\/video><\/div>\n","protected":false},"excerpt":{"rendered":"<p>Plogbladet kan vara utrustad med en utbytbara, stelt fixerade h\u00f6rnsk\u00e4r som m\u00f6jligg\u00f6r att reng\u00f6ra kantstenar och st\u00f6dja plogen mot en kantsten. H\u00f6rnsk\u00e4rens kanter \u00e4r f\u00f6rsedda med runda profiler som garanterar smidig sn\u00f6r\u00f6jning fr\u00e5n kantstenar.<\/p>\n","protected":false},"author":2,"featured_media":0,"parent":0,"menu_order":0,"comment_status":"closed","ping_status":"closed","template":"page-special_page.php","meta":{"footnotes":""},"class_list":["post-15184","page","type-page","status-publish","hentry"],"yoast_head":"<!-- This site is optimized with the Yoast SEO plugin v25.6 - https:\/\/yoast.com\/wordpress\/plugins\/seo\/ -->\n<title>H\u00f6rnsk\u00e4r | Meiren lumesahad<\/title>\n<meta name=\"description\" content=\"Plogbladet kan vara utrustad med en utbytbara, stelt fixerade h\u00f6rnsk\u00e4r som m\u00f6jligg\u00f6r att reng\u00f6ra kantstenar och st\u00f6dja plogen mot en kantsten. H\u00f6rnsk\u00e4rens kanter \u00e4r f\u00f6rsedda med runda profiler som garanterar smidig sn\u00f6r\u00f6jning fr\u00e5n kantstenar.\" \/>\n<meta name=\"robots\" content=\"index, follow, max-snippet:-1, max-image-preview:large, max-video-preview:-1\" \/>\n<link rel=\"canonical\" href=\"https:\/\/www.meiren.ee\/sv\/hoernskaer\/\" \/>\n<meta property=\"og:locale\" content=\"sv_SE\" \/>\n<meta property=\"og:type\" content=\"article\" \/>\n<meta property=\"og:title\" content=\"H\u00f6rnsk\u00e4r | Meiren lumesahad\" \/>\n<meta property=\"og:description\" content=\"Plogbladet kan vara utrustad med en utbytbara, stelt fixerade h\u00f6rnsk\u00e4r som m\u00f6jligg\u00f6r att reng\u00f6ra kantstenar och st\u00f6dja plogen mot en kantsten. H\u00f6rnsk\u00e4rens kanter \u00e4r f\u00f6rsedda med runda profiler som garanterar smidig sn\u00f6r\u00f6jning fr\u00e5n kantstenar.\" \/>\n<meta property=\"og:url\" content=\"https:\/\/www.meiren.ee\/sv\/hoernskaer\/\" \/>\n<meta property=\"og:site_name\" content=\"Meiren lumesahad\" \/>\n<meta property=\"article:publisher\" content=\"https:\/\/www.facebook.com\/Meiren.ee?ref=nf\" \/>\n<meta property=\"article:modified_time\" content=\"2022-11-01T08:58:31+00:00\" \/>\n<meta property=\"og:image\" content=\"https:\/\/meiren.ee\/wp-content\/uploads\/2017\/03\/Corner-blade-225x300.png\" \/>\n<meta name=\"twitter:card\" content=\"summary_large_image\" \/>\n<meta name=\"twitter:label1\" content=\"Ber\u00e4knad l\u00e4stid\" \/>\n\t<meta name=\"twitter:data1\" content=\"1 minut\" \/>\n<script type=\"application\/ld+json\" class=\"yoast-schema-graph\">{\"@context\":\"https:\/\/schema.org\",\"@graph\":[{\"@type\":\"WebPage\",\"@id\":\"https:\/\/www.meiren.ee\/sv\/hoernskaer\/\",\"url\":\"https:\/\/www.meiren.ee\/sv\/hoernskaer\/\",\"name\":\"H\u00f6rnsk\u00e4r | Meiren lumesahad\",\"isPartOf\":{\"@id\":\"https:\/\/www.meiren.ee\/en\/#website\"},\"primaryImageOfPage\":{\"@id\":\"https:\/\/www.meiren.ee\/sv\/hoernskaer\/#primaryimage\"},\"image\":{\"@id\":\"https:\/\/www.meiren.ee\/sv\/hoernskaer\/#primaryimage\"},\"thumbnailUrl\":\"https:\/\/meiren.ee\/wp-content\/uploads\/2017\/03\/Corner-blade-225x300.png\",\"datePublished\":\"2019-01-22T09:57:17+00:00\",\"dateModified\":\"2022-11-01T08:58:31+00:00\",\"description\":\"Plogbladet kan vara utrustad med en utbytbara, stelt fixerade h\u00f6rnsk\u00e4r som m\u00f6jligg\u00f6r att reng\u00f6ra kantstenar och st\u00f6dja plogen mot en kantsten. H\u00f6rnsk\u00e4rens kanter \u00e4r f\u00f6rsedda med runda profiler som garanterar smidig sn\u00f6r\u00f6jning fr\u00e5n kantstenar.\",\"breadcrumb\":{\"@id\":\"https:\/\/www.meiren.ee\/sv\/hoernskaer\/#breadcrumb\"},\"inLanguage\":\"sv-SE\",\"potentialAction\":[{\"@type\":\"ReadAction\",\"target\":[\"https:\/\/www.meiren.ee\/sv\/hoernskaer\/\"]}]},{\"@type\":\"ImageObject\",\"inLanguage\":\"sv-SE\",\"@id\":\"https:\/\/www.meiren.ee\/sv\/hoernskaer\/#primaryimage\",\"url\":\"https:\/\/meiren.ee\/wp-content\/uploads\/2017\/03\/Corner-blade-225x300.png\",\"contentUrl\":\"https:\/\/meiren.ee\/wp-content\/uploads\/2017\/03\/Corner-blade-225x300.png\"},{\"@type\":\"BreadcrumbList\",\"@id\":\"https:\/\/www.meiren.ee\/sv\/hoernskaer\/#breadcrumb\",\"itemListElement\":[{\"@type\":\"ListItem\",\"position\":1,\"name\":\"Home\",\"item\":\"https:\/\/www.meiren.ee\/en\/\"},{\"@type\":\"ListItem\",\"position\":2,\"name\":\"H\u00f6rnsk\u00e4r\"}]},{\"@type\":\"WebSite\",\"@id\":\"https:\/\/www.meiren.ee\/en\/#website\",\"url\":\"https:\/\/www.meiren.ee\/en\/\",\"name\":\"Meiren lumesahad\",\"description\":\"Lumesahk ja lumet\u00f5rje tehnika, maantee lumesahk, lumesahk traktorile, lumesahk maasturile, harjad, lumekopp, varuosad ja hooldus, lumesaha terad, Kobit s.r.o. soolapuisturid\",\"potentialAction\":[{\"@type\":\"SearchAction\",\"target\":{\"@type\":\"EntryPoint\",\"urlTemplate\":\"https:\/\/www.meiren.ee\/en\/?s={search_term_string}\"},\"query-input\":{\"@type\":\"PropertyValueSpecification\",\"valueRequired\":true,\"valueName\":\"search_term_string\"}}],\"inLanguage\":\"sv-SE\"}]}<\/script>\n<!-- \/ Yoast SEO plugin. -->","yoast_head_json":{"title":"H\u00f6rnsk\u00e4r | Meiren lumesahad","description":"Plogbladet kan vara utrustad med en utbytbara, stelt fixerade h\u00f6rnsk\u00e4r som m\u00f6jligg\u00f6r att reng\u00f6ra kantstenar och st\u00f6dja plogen mot en kantsten. H\u00f6rnsk\u00e4rens kanter \u00e4r f\u00f6rsedda med runda profiler som garanterar smidig sn\u00f6r\u00f6jning fr\u00e5n kantstenar.","robots":{"index":"index","follow":"follow","max-snippet":"max-snippet:-1","max-image-preview":"max-image-preview:large","max-video-preview":"max-video-preview:-1"},"canonical":"https:\/\/www.meiren.ee\/sv\/hoernskaer\/","og_locale":"sv_SE","og_type":"article","og_title":"H\u00f6rnsk\u00e4r | Meiren lumesahad","og_description":"Plogbladet kan vara utrustad med en utbytbara, stelt fixerade h\u00f6rnsk\u00e4r som m\u00f6jligg\u00f6r att reng\u00f6ra kantstenar och st\u00f6dja plogen mot en kantsten. H\u00f6rnsk\u00e4rens kanter \u00e4r f\u00f6rsedda med runda profiler som garanterar smidig sn\u00f6r\u00f6jning fr\u00e5n kantstenar.","og_url":"https:\/\/www.meiren.ee\/sv\/hoernskaer\/","og_site_name":"Meiren lumesahad","article_publisher":"https:\/\/www.facebook.com\/Meiren.ee?ref=nf","article_modified_time":"2022-11-01T08:58:31+00:00","og_image":[{"url":"https:\/\/meiren.ee\/wp-content\/uploads\/2017\/03\/Corner-blade-225x300.png","type":"","width":"","height":""}],"twitter_card":"summary_large_image","twitter_misc":{"Ber\u00e4knad l\u00e4stid":"1 minut"},"schema":{"@context":"https:\/\/schema.org","@graph":[{"@type":"WebPage","@id":"https:\/\/www.meiren.ee\/sv\/hoernskaer\/","url":"https:\/\/www.meiren.ee\/sv\/hoernskaer\/","name":"H\u00f6rnsk\u00e4r | Meiren lumesahad","isPartOf":{"@id":"https:\/\/www.meiren.ee\/en\/#website"},"primaryImageOfPage":{"@id":"https:\/\/www.meiren.ee\/sv\/hoernskaer\/#primaryimage"},"image":{"@id":"https:\/\/www.meiren.ee\/sv\/hoernskaer\/#primaryimage"},"thumbnailUrl":"https:\/\/meiren.ee\/wp-content\/uploads\/2017\/03\/Corner-blade-225x300.png","datePublished":"2019-01-22T09:57:17+00:00","dateModified":"2022-11-01T08:58:31+00:00","description":"Plogbladet kan vara utrustad med en utbytbara, stelt fixerade h\u00f6rnsk\u00e4r som m\u00f6jligg\u00f6r att reng\u00f6ra kantstenar och st\u00f6dja plogen mot en kantsten. H\u00f6rnsk\u00e4rens kanter \u00e4r f\u00f6rsedda med runda profiler som garanterar smidig sn\u00f6r\u00f6jning fr\u00e5n kantstenar.","breadcrumb":{"@id":"https:\/\/www.meiren.ee\/sv\/hoernskaer\/#breadcrumb"},"inLanguage":"sv-SE","potentialAction":[{"@type":"ReadAction","target":["https:\/\/www.meiren.ee\/sv\/hoernskaer\/"]}]},{"@type":"ImageObject","inLanguage":"sv-SE","@id":"https:\/\/www.meiren.ee\/sv\/hoernskaer\/#primaryimage","url":"https:\/\/meiren.ee\/wp-content\/uploads\/2017\/03\/Corner-blade-225x300.png","contentUrl":"https:\/\/meiren.ee\/wp-content\/uploads\/2017\/03\/Corner-blade-225x300.png"},{"@type":"BreadcrumbList","@id":"https:\/\/www.meiren.ee\/sv\/hoernskaer\/#breadcrumb","itemListElement":[{"@type":"ListItem","position":1,"name":"Home","item":"https:\/\/www.meiren.ee\/en\/"},{"@type":"ListItem","position":2,"name":"H\u00f6rnsk\u00e4r"}]},{"@type":"WebSite","@id":"https:\/\/www.meiren.ee\/en\/#website","url":"https:\/\/www.meiren.ee\/en\/","name":"Meiren lumesahad","description":"Lumesahk ja lumet\u00f5rje tehnika, maantee lumesahk, lumesahk traktorile, lumesahk maasturile, harjad, lumekopp, varuosad ja hooldus, lumesaha terad, Kobit s.r.o. soolapuisturid","potentialAction":[{"@type":"SearchAction","target":{"@type":"EntryPoint","urlTemplate":"https:\/\/www.meiren.ee\/en\/?s={search_term_string}"},"query-input":{"@type":"PropertyValueSpecification","valueRequired":true,"valueName":"search_term_string"}}],"inLanguage":"sv-SE"}]}},"_links":{"self":[{"href":"https:\/\/www.meiren.ee\/sv\/wp-json\/wp\/v2\/pages\/15184"}],"collection":[{"href":"https:\/\/www.meiren.ee\/sv\/wp-json\/wp\/v2\/pages"}],"about":[{"href":"https:\/\/www.meiren.ee\/sv\/wp-json\/wp\/v2\/types\/page"}],"author":[{"embeddable":true,"href":"https:\/\/www.meiren.ee\/sv\/wp-json\/wp\/v2\/users\/2"}],"replies":[{"embeddable":true,"href":"https:\/\/www.meiren.ee\/sv\/wp-json\/wp\/v2\/comments?post=15184"}],"version-history":[{"count":5,"href":"https:\/\/www.meiren.ee\/sv\/wp-json\/wp\/v2\/pages\/15184\/revisions"}],"predecessor-version":[{"id":22054,"href":"https:\/\/www.meiren.ee\/sv\/wp-json\/wp\/v2\/pages\/15184\/revisions\/22054"}],"wp:attachment":[{"href":"https:\/\/www.meiren.ee\/sv\/wp-json\/wp\/v2\/media?parent=15184"}],"curies":[{"name":"wp","href":"https:\/\/api.w.org\/{rel}","templated":true}]}}