{"id":15241,"date":"2019-01-22T11:58:34","date_gmt":"2019-01-22T09:58:34","guid":{"rendered":"https:\/\/meiren.ee\/sv\/?page_id=15241"},"modified":"2022-11-01T10:35:50","modified_gmt":"2022-11-01T08:35:50","slug":"justerbara-stodhjul","status":"publish","type":"page","link":"https:\/\/www.meiren.ee\/sv\/justerbara-stodhjul\/","title":{"rendered":"Justerbara st\u00f6dhjul"},"content":{"rendered":"<div id=\"attachment_1275\" style=\"width: 400px\" class=\"wp-caption alignnone\"><img fetchpriority=\"high\" decoding=\"async\" aria-describedby=\"caption-attachment-1275\" class=\"size-thumbnail wp-image-1275\" src=\"https:\/\/meiren.ee\/wp-content\/uploads\/2014\/04\/Uus-pilt2-390x270.jpg\" alt=\"Justerbara st\u00f6dhjul\" width=\"390\" height=\"270\" \/><p id=\"caption-attachment-1275\" class=\"wp-caption-text\">Justerbara st\u00f6dhjul<\/p><\/div>\n<p style=\"text-align: justify;\"><strong>Justerbara st\u00f6dhjul<\/strong> hj\u00e4lper till att undvika \u00f6verdriven slitage av st\u00e5lklingor vid reng\u00f6ring p\u00e5 de upplysta v\u00e4garna.<\/p>\n<p style=\"text-align: justify;\">Satsen av st\u00f6dhjulet inneh\u00e5ller en h\u00f6gh\u00e5llfast f\u00e4lg, luftd\u00e4ck och justeringsmekanism. D\u00e4ckets tryck m\u00e5ste vara 10 bar vid arbetet. Vid pl\u00f6tslig \u00e4ndring i lufttemperaturen m\u00e5ste d\u00e4cktrycket kontrolleras igen.<\/p>\n<p style=\"text-align: justify;\">Hjulmekanismens fj\u00e4der \u00e4r konstruerad f\u00f6r att dra hjulet i n\u00e4rheten av mattan i transportl\u00e4ge. Fj\u00e4derns sp\u00e4nning kan justeras. Fj\u00e4dern b\u00f6r justeras s\u00e5 att hjulet inte kommer i kontakt med fordonet n\u00e4r plogen lyfts.<\/p>\n<p style=\"text-align: justify;\">OBS! St\u00f6dhjul kan inte anv\u00e4ndas med ett hydrauliskt extrablad (modeller LH).<\/p>\n<div id=\"attachment_15236\" style=\"width: 340px\" class=\"wp-caption alignnone\"><img decoding=\"async\" aria-describedby=\"caption-attachment-15236\" class=\"size-thumbnail wp-image-15236\" src=\"https:\/\/meiren.ee\/wp-content\/uploads\/2017\/07\/Support-wheels-TRN-330x270.jpg\" alt=\"Justerbara st\u00f6dhjul f\u00f6r TRN sn\u00f6plog\" width=\"330\" height=\"270\" srcset=\"https:\/\/www.meiren.ee\/wp-content\/uploads\/2017\/07\/Support-wheels-TRN.jpg 330w, https:\/\/www.meiren.ee\/wp-content\/uploads\/2017\/07\/Support-wheels-TRN-300x245.jpg 300w\" sizes=\"(max-width: 330px) 100vw, 330px\" \/><p id=\"caption-attachment-15236\" class=\"wp-caption-text\">Justerbara st\u00f6dhjul f\u00f6r TRN sn\u00f6plog<\/p><\/div>\n","protected":false},"excerpt":{"rendered":"<p>Justerbara st\u00f6dhjul hj\u00e4lper till att undvika \u00f6verdriven slitage av st\u00e5lklingor vid reng\u00f6ring p\u00e5 de upplysta v\u00e4garna. Satsen av st\u00f6dhjulet inneh\u00e5ller en h\u00f6gh\u00e5llfast f\u00e4lg, luftd\u00e4ck och justeringsmekanism. D\u00e4ckets tryck m\u00e5ste vara 10 bar vid arbetet. Vid pl\u00f6tslig \u00e4ndring i lufttemperaturen m\u00e5ste d\u00e4cktrycket kontrolleras igen. Hjulmekanismens fj\u00e4der \u00e4r konstruerad f\u00f6r att dra hjulet i n\u00e4rheten av mattan [&hellip;]<\/p>\n","protected":false},"author":2,"featured_media":0,"parent":0,"menu_order":0,"comment_status":"closed","ping_status":"closed","template":"page-special_page.php","meta":{"footnotes":""},"class_list":["post-15241","page","type-page","status-publish","hentry"],"yoast_head":"<!-- This site is optimized with the Yoast SEO plugin v25.6 - https:\/\/yoast.com\/wordpress\/plugins\/seo\/ -->\n<title>Justerbara st\u00f6dhjul | Meiren lumesahad<\/title>\n<meta name=\"robots\" content=\"index, follow, max-snippet:-1, max-image-preview:large, max-video-preview:-1\" \/>\n<link rel=\"canonical\" href=\"https:\/\/www.meiren.ee\/sv\/justerbara-stodhjul\/\" \/>\n<meta property=\"og:locale\" content=\"sv_SE\" \/>\n<meta property=\"og:type\" content=\"article\" \/>\n<meta property=\"og:title\" content=\"Justerbara st\u00f6dhjul | Meiren lumesahad\" \/>\n<meta property=\"og:description\" content=\"Justerbara st\u00f6dhjul hj\u00e4lper till att undvika \u00f6verdriven slitage av st\u00e5lklingor vid reng\u00f6ring p\u00e5 de upplysta v\u00e4garna. Satsen av st\u00f6dhjulet inneh\u00e5ller en h\u00f6gh\u00e5llfast f\u00e4lg, luftd\u00e4ck och justeringsmekanism. D\u00e4ckets tryck m\u00e5ste vara 10 bar vid arbetet. Vid pl\u00f6tslig \u00e4ndring i lufttemperaturen m\u00e5ste d\u00e4cktrycket kontrolleras igen. Hjulmekanismens fj\u00e4der \u00e4r konstruerad f\u00f6r att dra hjulet i n\u00e4rheten av mattan [&hellip;]\" \/>\n<meta property=\"og:url\" content=\"https:\/\/www.meiren.ee\/sv\/justerbara-stodhjul\/\" \/>\n<meta property=\"og:site_name\" content=\"Meiren lumesahad\" \/>\n<meta property=\"article:publisher\" content=\"https:\/\/www.facebook.com\/Meiren.ee?ref=nf\" \/>\n<meta property=\"article:modified_time\" content=\"2022-11-01T08:35:50+00:00\" \/>\n<meta property=\"og:image\" content=\"https:\/\/meiren.ee\/wp-content\/uploads\/2014\/04\/Uus-pilt2-390x270.jpg\" \/>\n<meta name=\"twitter:card\" content=\"summary_large_image\" \/>\n<meta name=\"twitter:label1\" content=\"Ber\u00e4knad l\u00e4stid\" \/>\n\t<meta name=\"twitter:data1\" content=\"1 minut\" \/>\n<script type=\"application\/ld+json\" class=\"yoast-schema-graph\">{\"@context\":\"https:\/\/schema.org\",\"@graph\":[{\"@type\":\"WebPage\",\"@id\":\"https:\/\/www.meiren.ee\/sv\/justerbara-stodhjul\/\",\"url\":\"https:\/\/www.meiren.ee\/sv\/justerbara-stodhjul\/\",\"name\":\"Justerbara st\u00f6dhjul | Meiren lumesahad\",\"isPartOf\":{\"@id\":\"https:\/\/www.meiren.ee\/en\/#website\"},\"primaryImageOfPage\":{\"@id\":\"https:\/\/www.meiren.ee\/sv\/justerbara-stodhjul\/#primaryimage\"},\"image\":{\"@id\":\"https:\/\/www.meiren.ee\/sv\/justerbara-stodhjul\/#primaryimage\"},\"thumbnailUrl\":\"https:\/\/meiren.ee\/wp-content\/uploads\/2014\/04\/Uus-pilt2-390x270.jpg\",\"datePublished\":\"2019-01-22T09:58:34+00:00\",\"dateModified\":\"2022-11-01T08:35:50+00:00\",\"breadcrumb\":{\"@id\":\"https:\/\/www.meiren.ee\/sv\/justerbara-stodhjul\/#breadcrumb\"},\"inLanguage\":\"sv-SE\",\"potentialAction\":[{\"@type\":\"ReadAction\",\"target\":[\"https:\/\/www.meiren.ee\/sv\/justerbara-stodhjul\/\"]}]},{\"@type\":\"ImageObject\",\"inLanguage\":\"sv-SE\",\"@id\":\"https:\/\/www.meiren.ee\/sv\/justerbara-stodhjul\/#primaryimage\",\"url\":\"https:\/\/meiren.ee\/wp-content\/uploads\/2014\/04\/Uus-pilt2-390x270.jpg\",\"contentUrl\":\"https:\/\/meiren.ee\/wp-content\/uploads\/2014\/04\/Uus-pilt2-390x270.jpg\"},{\"@type\":\"BreadcrumbList\",\"@id\":\"https:\/\/www.meiren.ee\/sv\/justerbara-stodhjul\/#breadcrumb\",\"itemListElement\":[{\"@type\":\"ListItem\",\"position\":1,\"name\":\"Home\",\"item\":\"https:\/\/www.meiren.ee\/en\/\"},{\"@type\":\"ListItem\",\"position\":2,\"name\":\"Justerbara st\u00f6dhjul\"}]},{\"@type\":\"WebSite\",\"@id\":\"https:\/\/www.meiren.ee\/en\/#website\",\"url\":\"https:\/\/www.meiren.ee\/en\/\",\"name\":\"Meiren lumesahad\",\"description\":\"Lumesahk ja lumet\u00f5rje tehnika, maantee lumesahk, lumesahk traktorile, lumesahk maasturile, harjad, lumekopp, varuosad ja hooldus, lumesaha terad, Kobit s.r.o. soolapuisturid\",\"potentialAction\":[{\"@type\":\"SearchAction\",\"target\":{\"@type\":\"EntryPoint\",\"urlTemplate\":\"https:\/\/www.meiren.ee\/en\/?s={search_term_string}\"},\"query-input\":{\"@type\":\"PropertyValueSpecification\",\"valueRequired\":true,\"valueName\":\"search_term_string\"}}],\"inLanguage\":\"sv-SE\"}]}<\/script>\n<!-- \/ Yoast SEO plugin. -->","yoast_head_json":{"title":"Justerbara st\u00f6dhjul | Meiren lumesahad","robots":{"index":"index","follow":"follow","max-snippet":"max-snippet:-1","max-image-preview":"max-image-preview:large","max-video-preview":"max-video-preview:-1"},"canonical":"https:\/\/www.meiren.ee\/sv\/justerbara-stodhjul\/","og_locale":"sv_SE","og_type":"article","og_title":"Justerbara st\u00f6dhjul | Meiren lumesahad","og_description":"Justerbara st\u00f6dhjul hj\u00e4lper till att undvika \u00f6verdriven slitage av st\u00e5lklingor vid reng\u00f6ring p\u00e5 de upplysta v\u00e4garna. Satsen av st\u00f6dhjulet inneh\u00e5ller en h\u00f6gh\u00e5llfast f\u00e4lg, luftd\u00e4ck och justeringsmekanism. D\u00e4ckets tryck m\u00e5ste vara 10 bar vid arbetet. Vid pl\u00f6tslig \u00e4ndring i lufttemperaturen m\u00e5ste d\u00e4cktrycket kontrolleras igen. Hjulmekanismens fj\u00e4der \u00e4r konstruerad f\u00f6r att dra hjulet i n\u00e4rheten av mattan [&hellip;]","og_url":"https:\/\/www.meiren.ee\/sv\/justerbara-stodhjul\/","og_site_name":"Meiren lumesahad","article_publisher":"https:\/\/www.facebook.com\/Meiren.ee?ref=nf","article_modified_time":"2022-11-01T08:35:50+00:00","og_image":[{"url":"https:\/\/meiren.ee\/wp-content\/uploads\/2014\/04\/Uus-pilt2-390x270.jpg","type":"","width":"","height":""}],"twitter_card":"summary_large_image","twitter_misc":{"Ber\u00e4knad l\u00e4stid":"1 minut"},"schema":{"@context":"https:\/\/schema.org","@graph":[{"@type":"WebPage","@id":"https:\/\/www.meiren.ee\/sv\/justerbara-stodhjul\/","url":"https:\/\/www.meiren.ee\/sv\/justerbara-stodhjul\/","name":"Justerbara st\u00f6dhjul | Meiren lumesahad","isPartOf":{"@id":"https:\/\/www.meiren.ee\/en\/#website"},"primaryImageOfPage":{"@id":"https:\/\/www.meiren.ee\/sv\/justerbara-stodhjul\/#primaryimage"},"image":{"@id":"https:\/\/www.meiren.ee\/sv\/justerbara-stodhjul\/#primaryimage"},"thumbnailUrl":"https:\/\/meiren.ee\/wp-content\/uploads\/2014\/04\/Uus-pilt2-390x270.jpg","datePublished":"2019-01-22T09:58:34+00:00","dateModified":"2022-11-01T08:35:50+00:00","breadcrumb":{"@id":"https:\/\/www.meiren.ee\/sv\/justerbara-stodhjul\/#breadcrumb"},"inLanguage":"sv-SE","potentialAction":[{"@type":"ReadAction","target":["https:\/\/www.meiren.ee\/sv\/justerbara-stodhjul\/"]}]},{"@type":"ImageObject","inLanguage":"sv-SE","@id":"https:\/\/www.meiren.ee\/sv\/justerbara-stodhjul\/#primaryimage","url":"https:\/\/meiren.ee\/wp-content\/uploads\/2014\/04\/Uus-pilt2-390x270.jpg","contentUrl":"https:\/\/meiren.ee\/wp-content\/uploads\/2014\/04\/Uus-pilt2-390x270.jpg"},{"@type":"BreadcrumbList","@id":"https:\/\/www.meiren.ee\/sv\/justerbara-stodhjul\/#breadcrumb","itemListElement":[{"@type":"ListItem","position":1,"name":"Home","item":"https:\/\/www.meiren.ee\/en\/"},{"@type":"ListItem","position":2,"name":"Justerbara st\u00f6dhjul"}]},{"@type":"WebSite","@id":"https:\/\/www.meiren.ee\/en\/#website","url":"https:\/\/www.meiren.ee\/en\/","name":"Meiren lumesahad","description":"Lumesahk ja lumet\u00f5rje tehnika, maantee lumesahk, lumesahk traktorile, lumesahk maasturile, harjad, lumekopp, varuosad ja hooldus, lumesaha terad, Kobit s.r.o. soolapuisturid","potentialAction":[{"@type":"SearchAction","target":{"@type":"EntryPoint","urlTemplate":"https:\/\/www.meiren.ee\/en\/?s={search_term_string}"},"query-input":{"@type":"PropertyValueSpecification","valueRequired":true,"valueName":"search_term_string"}}],"inLanguage":"sv-SE"}]}},"_links":{"self":[{"href":"https:\/\/www.meiren.ee\/sv\/wp-json\/wp\/v2\/pages\/15241"}],"collection":[{"href":"https:\/\/www.meiren.ee\/sv\/wp-json\/wp\/v2\/pages"}],"about":[{"href":"https:\/\/www.meiren.ee\/sv\/wp-json\/wp\/v2\/types\/page"}],"author":[{"embeddable":true,"href":"https:\/\/www.meiren.ee\/sv\/wp-json\/wp\/v2\/users\/2"}],"replies":[{"embeddable":true,"href":"https:\/\/www.meiren.ee\/sv\/wp-json\/wp\/v2\/comments?post=15241"}],"version-history":[{"count":3,"href":"https:\/\/www.meiren.ee\/sv\/wp-json\/wp\/v2\/pages\/15241\/revisions"}],"predecessor-version":[{"id":15244,"href":"https:\/\/www.meiren.ee\/sv\/wp-json\/wp\/v2\/pages\/15241\/revisions\/15244"}],"wp:attachment":[{"href":"https:\/\/www.meiren.ee\/sv\/wp-json\/wp\/v2\/media?parent=15241"}],"curies":[{"name":"wp","href":"https:\/\/api.w.org\/{rel}","templated":true}]}}