{"id":15249,"date":"2019-01-22T12:00:48","date_gmt":"2019-01-22T10:00:48","guid":{"rendered":"https:\/\/meiren.ee\/sv\/?page_id=15249"},"modified":"2022-11-01T10:37:31","modified_gmt":"2022-11-01T08:37:31","slug":"stodben","status":"publish","type":"page","link":"https:\/\/www.meiren.ee\/sv\/stodben\/","title":{"rendered":"St\u00f6dben"},"content":{"rendered":"<div id=\"attachment_12081\" style=\"width: 400px\" class=\"wp-caption alignnone\"><img fetchpriority=\"high\" decoding=\"async\" aria-describedby=\"caption-attachment-12081\" class=\"size-thumbnail wp-image-12081\" src=\"https:\/\/meiren.ee\/wp-content\/uploads\/2017\/03\/Support-leg-390x270.png\" alt=\"Manuell justerbar st\u00f6dben\" width=\"390\" height=\"270\" \/><p id=\"caption-attachment-12081\" class=\"wp-caption-text\">Manuell justerbar st\u00f6dben<\/p><\/div>\n<p><strong>St\u00f6dben<\/strong><br \/>\nI transportl\u00e4get st\u00f6ds parallellogrammet av st\u00f6dbenet (f\u00f6r lagring). St\u00f6dbenet kan best\u00e4llas antingen <strong>manuell<\/strong> eller <strong>hydrauliskt<\/strong> justerbart.<\/p>\n<div id=\"attachment_13104\" style=\"width: 400px\" class=\"wp-caption alignnone\"><img decoding=\"async\" aria-describedby=\"caption-attachment-13104\" class=\"wp-image-13104 size-thumbnail\" src=\"https:\/\/meiren.ee\/wp-content\/uploads\/2017\/07\/Support-leg-390x270.jpg\" alt=\"Hydrauliskt justerbar st\u00f6dben\" width=\"390\" height=\"270\" \/><p id=\"caption-attachment-13104\" class=\"wp-caption-text\">Hydrauliskt justerbar st\u00f6dben<\/p><\/div>\n","protected":false},"excerpt":{"rendered":"<p>St\u00f6dben I transportl\u00e4get st\u00f6ds parallellogrammet av st\u00f6dbenet (f\u00f6r lagring). St\u00f6dbenet kan best\u00e4llas antingen manuell eller hydrauliskt justerbart.<\/p>\n","protected":false},"author":2,"featured_media":0,"parent":0,"menu_order":0,"comment_status":"closed","ping_status":"closed","template":"page-special_page.php","meta":{"footnotes":""},"class_list":["post-15249","page","type-page","status-publish","hentry"],"yoast_head":"<!-- This site is optimized with the Yoast SEO plugin v25.6 - https:\/\/yoast.com\/wordpress\/plugins\/seo\/ -->\n<title>St\u00f6dben | Meiren lumesahad<\/title>\n<meta name=\"robots\" content=\"index, follow, max-snippet:-1, max-image-preview:large, max-video-preview:-1\" \/>\n<link rel=\"canonical\" href=\"https:\/\/www.meiren.ee\/sv\/stodben\/\" \/>\n<meta property=\"og:locale\" content=\"sv_SE\" \/>\n<meta property=\"og:type\" content=\"article\" \/>\n<meta property=\"og:title\" content=\"St\u00f6dben | Meiren lumesahad\" \/>\n<meta property=\"og:description\" content=\"St\u00f6dben I transportl\u00e4get st\u00f6ds parallellogrammet av st\u00f6dbenet (f\u00f6r lagring). St\u00f6dbenet kan best\u00e4llas antingen manuell eller hydrauliskt justerbart.\" \/>\n<meta property=\"og:url\" content=\"https:\/\/www.meiren.ee\/sv\/stodben\/\" \/>\n<meta property=\"og:site_name\" content=\"Meiren lumesahad\" \/>\n<meta property=\"article:publisher\" content=\"https:\/\/www.facebook.com\/Meiren.ee?ref=nf\" \/>\n<meta property=\"article:modified_time\" content=\"2022-11-01T08:37:31+00:00\" \/>\n<meta property=\"og:image\" content=\"https:\/\/meiren.ee\/wp-content\/uploads\/2017\/03\/Support-leg-390x270.png\" \/>\n<meta name=\"twitter:card\" content=\"summary_large_image\" \/>\n<script type=\"application\/ld+json\" class=\"yoast-schema-graph\">{\"@context\":\"https:\/\/schema.org\",\"@graph\":[{\"@type\":\"WebPage\",\"@id\":\"https:\/\/www.meiren.ee\/sv\/stodben\/\",\"url\":\"https:\/\/www.meiren.ee\/sv\/stodben\/\",\"name\":\"St\u00f6dben | Meiren lumesahad\",\"isPartOf\":{\"@id\":\"https:\/\/www.meiren.ee\/en\/#website\"},\"primaryImageOfPage\":{\"@id\":\"https:\/\/www.meiren.ee\/sv\/stodben\/#primaryimage\"},\"image\":{\"@id\":\"https:\/\/www.meiren.ee\/sv\/stodben\/#primaryimage\"},\"thumbnailUrl\":\"https:\/\/meiren.ee\/wp-content\/uploads\/2017\/03\/Support-leg-390x270.png\",\"datePublished\":\"2019-01-22T10:00:48+00:00\",\"dateModified\":\"2022-11-01T08:37:31+00:00\",\"breadcrumb\":{\"@id\":\"https:\/\/www.meiren.ee\/sv\/stodben\/#breadcrumb\"},\"inLanguage\":\"sv-SE\",\"potentialAction\":[{\"@type\":\"ReadAction\",\"target\":[\"https:\/\/www.meiren.ee\/sv\/stodben\/\"]}]},{\"@type\":\"ImageObject\",\"inLanguage\":\"sv-SE\",\"@id\":\"https:\/\/www.meiren.ee\/sv\/stodben\/#primaryimage\",\"url\":\"https:\/\/meiren.ee\/wp-content\/uploads\/2017\/03\/Support-leg-390x270.png\",\"contentUrl\":\"https:\/\/meiren.ee\/wp-content\/uploads\/2017\/03\/Support-leg-390x270.png\"},{\"@type\":\"BreadcrumbList\",\"@id\":\"https:\/\/www.meiren.ee\/sv\/stodben\/#breadcrumb\",\"itemListElement\":[{\"@type\":\"ListItem\",\"position\":1,\"name\":\"Home\",\"item\":\"https:\/\/www.meiren.ee\/en\/\"},{\"@type\":\"ListItem\",\"position\":2,\"name\":\"St\u00f6dben\"}]},{\"@type\":\"WebSite\",\"@id\":\"https:\/\/www.meiren.ee\/en\/#website\",\"url\":\"https:\/\/www.meiren.ee\/en\/\",\"name\":\"Meiren lumesahad\",\"description\":\"Lumesahk ja lumet\u00f5rje tehnika, maantee lumesahk, lumesahk traktorile, lumesahk maasturile, harjad, lumekopp, varuosad ja hooldus, lumesaha terad, Kobit s.r.o. soolapuisturid\",\"potentialAction\":[{\"@type\":\"SearchAction\",\"target\":{\"@type\":\"EntryPoint\",\"urlTemplate\":\"https:\/\/www.meiren.ee\/en\/?s={search_term_string}\"},\"query-input\":{\"@type\":\"PropertyValueSpecification\",\"valueRequired\":true,\"valueName\":\"search_term_string\"}}],\"inLanguage\":\"sv-SE\"}]}<\/script>\n<!-- \/ Yoast SEO plugin. -->","yoast_head_json":{"title":"St\u00f6dben | Meiren lumesahad","robots":{"index":"index","follow":"follow","max-snippet":"max-snippet:-1","max-image-preview":"max-image-preview:large","max-video-preview":"max-video-preview:-1"},"canonical":"https:\/\/www.meiren.ee\/sv\/stodben\/","og_locale":"sv_SE","og_type":"article","og_title":"St\u00f6dben | Meiren lumesahad","og_description":"St\u00f6dben I transportl\u00e4get st\u00f6ds parallellogrammet av st\u00f6dbenet (f\u00f6r lagring). St\u00f6dbenet kan best\u00e4llas antingen manuell eller hydrauliskt justerbart.","og_url":"https:\/\/www.meiren.ee\/sv\/stodben\/","og_site_name":"Meiren lumesahad","article_publisher":"https:\/\/www.facebook.com\/Meiren.ee?ref=nf","article_modified_time":"2022-11-01T08:37:31+00:00","og_image":[{"url":"https:\/\/meiren.ee\/wp-content\/uploads\/2017\/03\/Support-leg-390x270.png","type":"","width":"","height":""}],"twitter_card":"summary_large_image","schema":{"@context":"https:\/\/schema.org","@graph":[{"@type":"WebPage","@id":"https:\/\/www.meiren.ee\/sv\/stodben\/","url":"https:\/\/www.meiren.ee\/sv\/stodben\/","name":"St\u00f6dben | Meiren lumesahad","isPartOf":{"@id":"https:\/\/www.meiren.ee\/en\/#website"},"primaryImageOfPage":{"@id":"https:\/\/www.meiren.ee\/sv\/stodben\/#primaryimage"},"image":{"@id":"https:\/\/www.meiren.ee\/sv\/stodben\/#primaryimage"},"thumbnailUrl":"https:\/\/meiren.ee\/wp-content\/uploads\/2017\/03\/Support-leg-390x270.png","datePublished":"2019-01-22T10:00:48+00:00","dateModified":"2022-11-01T08:37:31+00:00","breadcrumb":{"@id":"https:\/\/www.meiren.ee\/sv\/stodben\/#breadcrumb"},"inLanguage":"sv-SE","potentialAction":[{"@type":"ReadAction","target":["https:\/\/www.meiren.ee\/sv\/stodben\/"]}]},{"@type":"ImageObject","inLanguage":"sv-SE","@id":"https:\/\/www.meiren.ee\/sv\/stodben\/#primaryimage","url":"https:\/\/meiren.ee\/wp-content\/uploads\/2017\/03\/Support-leg-390x270.png","contentUrl":"https:\/\/meiren.ee\/wp-content\/uploads\/2017\/03\/Support-leg-390x270.png"},{"@type":"BreadcrumbList","@id":"https:\/\/www.meiren.ee\/sv\/stodben\/#breadcrumb","itemListElement":[{"@type":"ListItem","position":1,"name":"Home","item":"https:\/\/www.meiren.ee\/en\/"},{"@type":"ListItem","position":2,"name":"St\u00f6dben"}]},{"@type":"WebSite","@id":"https:\/\/www.meiren.ee\/en\/#website","url":"https:\/\/www.meiren.ee\/en\/","name":"Meiren lumesahad","description":"Lumesahk ja lumet\u00f5rje tehnika, maantee lumesahk, lumesahk traktorile, lumesahk maasturile, harjad, lumekopp, varuosad ja hooldus, lumesaha terad, Kobit s.r.o. soolapuisturid","potentialAction":[{"@type":"SearchAction","target":{"@type":"EntryPoint","urlTemplate":"https:\/\/www.meiren.ee\/en\/?s={search_term_string}"},"query-input":{"@type":"PropertyValueSpecification","valueRequired":true,"valueName":"search_term_string"}}],"inLanguage":"sv-SE"}]}},"_links":{"self":[{"href":"https:\/\/www.meiren.ee\/sv\/wp-json\/wp\/v2\/pages\/15249"}],"collection":[{"href":"https:\/\/www.meiren.ee\/sv\/wp-json\/wp\/v2\/pages"}],"about":[{"href":"https:\/\/www.meiren.ee\/sv\/wp-json\/wp\/v2\/types\/page"}],"author":[{"embeddable":true,"href":"https:\/\/www.meiren.ee\/sv\/wp-json\/wp\/v2\/users\/2"}],"replies":[{"embeddable":true,"href":"https:\/\/www.meiren.ee\/sv\/wp-json\/wp\/v2\/comments?post=15249"}],"version-history":[{"count":3,"href":"https:\/\/www.meiren.ee\/sv\/wp-json\/wp\/v2\/pages\/15249\/revisions"}],"predecessor-version":[{"id":15252,"href":"https:\/\/www.meiren.ee\/sv\/wp-json\/wp\/v2\/pages\/15249\/revisions\/15252"}],"wp:attachment":[{"href":"https:\/\/www.meiren.ee\/sv\/wp-json\/wp\/v2\/media?parent=15249"}],"curies":[{"name":"wp","href":"https:\/\/api.w.org\/{rel}","templated":true}]}}