{"id":17280,"date":"2020-03-31T14:18:17","date_gmt":"2020-03-31T11:18:17","guid":{"rendered":"https:\/\/www.meiren.ee\/?page_id=17280"},"modified":"2022-08-12T08:51:13","modified_gmt":"2022-08-12T05:51:13","slug":"vatten-slapvagn","status":"publish","type":"page","link":"https:\/\/www.meiren.ee\/sv\/vatten-slapvagn\/","title":{"rendered":"Vatten sl\u00e4pvagn"},"content":{"rendered":"<h2>5WT<\/h2>\n<p><img decoding=\"async\" class=\"alignleft wp-image-17114\" src=\"https:\/\/www.meiren.ee\/wp-content\/uploads\/2020\/03\/cdca3a54f7df03dcb42ffda97a73c310-300x225.jpg\" alt=\"\" width=\"225\" height=\"169\" srcset=\"https:\/\/www.meiren.ee\/wp-content\/uploads\/2020\/03\/cdca3a54f7df03dcb42ffda97a73c310-300x225.jpg 300w, https:\/\/www.meiren.ee\/wp-content\/uploads\/2020\/03\/cdca3a54f7df03dcb42ffda97a73c310-890x668.jpg 890w, https:\/\/www.meiren.ee\/wp-content\/uploads\/2020\/03\/cdca3a54f7df03dcb42ffda97a73c310-768x576.jpg 768w, https:\/\/www.meiren.ee\/wp-content\/uploads\/2020\/03\/cdca3a54f7df03dcb42ffda97a73c310.jpg 1440w\" sizes=\"(max-width: 225px) 100vw, 225px\" \/> <img decoding=\"async\" class=\"alignleft wp-image-17119\" src=\"https:\/\/www.meiren.ee\/wp-content\/uploads\/2020\/03\/deead936101a0f2da049ba24b94185a0-300x225.jpg\" alt=\"\" width=\"225\" height=\"169\" srcset=\"https:\/\/www.meiren.ee\/wp-content\/uploads\/2020\/03\/deead936101a0f2da049ba24b94185a0-300x225.jpg 300w, https:\/\/www.meiren.ee\/wp-content\/uploads\/2020\/03\/deead936101a0f2da049ba24b94185a0-890x668.jpg 890w, https:\/\/www.meiren.ee\/wp-content\/uploads\/2020\/03\/deead936101a0f2da049ba24b94185a0-768x576.jpg 768w, https:\/\/www.meiren.ee\/wp-content\/uploads\/2020\/03\/deead936101a0f2da049ba24b94185a0.jpg 1440w\" sizes=\"(max-width: 225px) 100vw, 225px\" \/> <img decoding=\"async\" class=\"alignleft wp-image-17124\" src=\"https:\/\/www.meiren.ee\/wp-content\/uploads\/2020\/03\/f24dfc0eb0808a059697edce4ea6467a-300x225.jpg\" alt=\"\" width=\"225\" height=\"169\" srcset=\"https:\/\/www.meiren.ee\/wp-content\/uploads\/2020\/03\/f24dfc0eb0808a059697edce4ea6467a-300x225.jpg 300w, https:\/\/www.meiren.ee\/wp-content\/uploads\/2020\/03\/f24dfc0eb0808a059697edce4ea6467a-890x668.jpg 890w, https:\/\/www.meiren.ee\/wp-content\/uploads\/2020\/03\/f24dfc0eb0808a059697edce4ea6467a-768x576.jpg 768w, https:\/\/www.meiren.ee\/wp-content\/uploads\/2020\/03\/f24dfc0eb0808a059697edce4ea6467a.jpg 1440w\" sizes=\"(max-width: 225px) 100vw, 225px\" \/><\/p>\n<p>&nbsp;<\/p>\n<p>&nbsp;<\/p>\n<p>&nbsp;<\/p>\n<p>&nbsp;<\/p>\n<p><a href=\"https:\/\/www.humus.ee\/se\/produkter\/vatten-slapvagn\/5wt-36\" target=\"\u201d_blank\u201d\" rel=\"noopener\"><u>Mer information.<\/u><\/a><\/p>\n<h2>10WT<\/h2>\n<p><img loading=\"lazy\" decoding=\"async\" class=\"alignleft wp-image-17129\" src=\"https:\/\/www.meiren.ee\/wp-content\/uploads\/2020\/03\/2b33a3e207531677a6d581be857c3036-300x225.jpeg\" alt=\"\" width=\"225\" height=\"169\" srcset=\"https:\/\/www.meiren.ee\/wp-content\/uploads\/2020\/03\/2b33a3e207531677a6d581be857c3036-300x225.jpeg 300w, https:\/\/www.meiren.ee\/wp-content\/uploads\/2020\/03\/2b33a3e207531677a6d581be857c3036-890x668.jpeg 890w, https:\/\/www.meiren.ee\/wp-content\/uploads\/2020\/03\/2b33a3e207531677a6d581be857c3036-768x576.jpeg 768w, https:\/\/www.meiren.ee\/wp-content\/uploads\/2020\/03\/2b33a3e207531677a6d581be857c3036.jpeg 1440w\" sizes=\"(max-width: 225px) 100vw, 225px\" \/> <img loading=\"lazy\" decoding=\"async\" class=\"alignleft wp-image-17134\" src=\"https:\/\/www.meiren.ee\/wp-content\/uploads\/2020\/03\/81e7f7465a4319c076e15cb097d75574-300x225.jpeg\" alt=\"\" width=\"225\" height=\"169\" srcset=\"https:\/\/www.meiren.ee\/wp-content\/uploads\/2020\/03\/81e7f7465a4319c076e15cb097d75574-300x225.jpeg 300w, https:\/\/www.meiren.ee\/wp-content\/uploads\/2020\/03\/81e7f7465a4319c076e15cb097d75574-890x668.jpeg 890w, https:\/\/www.meiren.ee\/wp-content\/uploads\/2020\/03\/81e7f7465a4319c076e15cb097d75574-768x576.jpeg 768w, https:\/\/www.meiren.ee\/wp-content\/uploads\/2020\/03\/81e7f7465a4319c076e15cb097d75574.jpeg 1440w\" sizes=\"(max-width: 225px) 100vw, 225px\" \/><\/p>\n<p>&nbsp;<\/p>\n<p>&nbsp;<\/p>\n<p>&nbsp;<\/p>\n<p>&nbsp;<\/p>\n<p><a href=\"https:\/\/www.humus.ee\/se\/produkter\/vatten-slapvagn\/10wt-35\" target=\"\u201d_blank\u201d\" rel=\"noopener\"><u>Mer information.<\/u><\/a><\/p>\n<h2>12WT<\/h2>\n<p><img loading=\"lazy\" decoding=\"async\" class=\"alignleft wp-image-17139\" src=\"https:\/\/www.meiren.ee\/wp-content\/uploads\/2020\/03\/fafbd4cd2ebeed39bc622dba2ee79e9e-300x225.jpg\" alt=\"\" width=\"225\" height=\"169\" srcset=\"https:\/\/www.meiren.ee\/wp-content\/uploads\/2020\/03\/fafbd4cd2ebeed39bc622dba2ee79e9e-300x225.jpg 300w, https:\/\/www.meiren.ee\/wp-content\/uploads\/2020\/03\/fafbd4cd2ebeed39bc622dba2ee79e9e-890x668.jpg 890w, https:\/\/www.meiren.ee\/wp-content\/uploads\/2020\/03\/fafbd4cd2ebeed39bc622dba2ee79e9e-768x576.jpg 768w, https:\/\/www.meiren.ee\/wp-content\/uploads\/2020\/03\/fafbd4cd2ebeed39bc622dba2ee79e9e.jpg 1440w\" sizes=\"(max-width: 225px) 100vw, 225px\" \/> <img loading=\"lazy\" decoding=\"async\" class=\"alignleft wp-image-17144\" src=\"https:\/\/www.meiren.ee\/wp-content\/uploads\/2020\/03\/1cf0ac63f5e6b168d63fdca917eeb3ea-300x225.jpg\" alt=\"\" width=\"225\" height=\"169\" srcset=\"https:\/\/www.meiren.ee\/wp-content\/uploads\/2020\/03\/1cf0ac63f5e6b168d63fdca917eeb3ea-300x225.jpg 300w, https:\/\/www.meiren.ee\/wp-content\/uploads\/2020\/03\/1cf0ac63f5e6b168d63fdca917eeb3ea-890x668.jpg 890w, https:\/\/www.meiren.ee\/wp-content\/uploads\/2020\/03\/1cf0ac63f5e6b168d63fdca917eeb3ea-768x576.jpg 768w, https:\/\/www.meiren.ee\/wp-content\/uploads\/2020\/03\/1cf0ac63f5e6b168d63fdca917eeb3ea.jpg 1440w\" sizes=\"(max-width: 225px) 100vw, 225px\" \/><img loading=\"lazy\" decoding=\"async\" class=\"alignleft wp-image-17149\" src=\"https:\/\/www.meiren.ee\/wp-content\/uploads\/2020\/03\/940055755e1b636a03e436cf1bfecae0-300x225.jpg\" alt=\"\" width=\"225\" height=\"169\" srcset=\"https:\/\/www.meiren.ee\/wp-content\/uploads\/2020\/03\/940055755e1b636a03e436cf1bfecae0-300x225.jpg 300w, https:\/\/www.meiren.ee\/wp-content\/uploads\/2020\/03\/940055755e1b636a03e436cf1bfecae0-890x668.jpg 890w, https:\/\/www.meiren.ee\/wp-content\/uploads\/2020\/03\/940055755e1b636a03e436cf1bfecae0-768x576.jpg 768w, https:\/\/www.meiren.ee\/wp-content\/uploads\/2020\/03\/940055755e1b636a03e436cf1bfecae0.jpg 1440w\" sizes=\"(max-width: 225px) 100vw, 225px\" \/><\/p>\n<p>&nbsp;<\/p>\n<p>&nbsp;<\/p>\n<p>&nbsp;<\/p>\n<p>&nbsp;<\/p>\n<p><strong>KONSTRUKTION:<\/strong><\/p>\n<p style=\"text-align: justify;\">Tanken \u00e4r tillverkad av mycket resistent glasfiber. Humus 12WT sl\u00e4pvagnarna har s\u00e4rskilt stark struktur och ren design, f\u00f6r att ge enkelhet och b\u00e4sta funktionalitet.<\/p>\n<p><strong>FUNKTIONALITET:<\/strong><\/p>\n<p>Kunder har valt v\u00e5r 12WT trailer eftersom:<\/p>\n<ul>\n<li style=\"text-align: justify;\">De kan transportera olika typer av v\u00e4tskor med det;<\/li>\n<li>Tanken \u00e4r mycket slitstark och korrosionsskyddad;<\/li>\n<li style=\"text-align: justify;\">Trailern \u00e4r idealisk att anv\u00e4nda med traktor och hjulgr\u00e4vare.<\/li>\n<\/ul>\n<p><a href=\"https:\/\/www.humus.ee\/se\/produkter\/vatten-slapvagn\/12wt-26\" target=\"\u201d_blank\u201d\" rel=\"noopener\"><u>Mer information.<\/u><\/a><\/p>\n<h2>Beg\u00e4r offert<\/h2>\n<noscript class=\"ninja-forms-noscript-message\">\n\tObservera: JavaScript kr\u00e4vs f\u00f6r detta inneh\u00e5ll.<\/noscript>\n<div id=\"nf-form-29-cont\" class=\"nf-form-cont\" aria-live=\"polite\" aria-labelledby=\"nf-form-title-29\" aria-describedby=\"nf-form-errors-29\" role=\"form\">\n\n    <div class=\"nf-loading-spinner\"><\/div>\n\n<\/div>\n        <!-- That data is being printed as a workaround to page builders reordering the order of the scripts loaded-->\n        <script>var formDisplay=1;var nfForms=nfForms||[];var form=[];form.id='29';form.settings={\"objectType\":\"Form Setting\",\"editActive\":true,\"title\":\"SWE - Toote p\\u00e4ring\",\"key\":\"\",\"created_at\":\"2016-12-05 16:11:00\",\"show_title\":\"0\",\"clear_complete\":\"1\",\"hide_complete\":\"1\",\"default_label_pos\":\"above\",\"wrapper_class\":\"\",\"element_class\":\"\",\"add_submit\":\"0\",\"currency\":\"\",\"logged_in\":\"\",\"not_logged_in_msg\":\"\",\"sub_limit_msg\":\"\",\"calculations\":[],\"formContentData\":[\"foeretagsnamn_1669036296296\",\"ditt_namn_1669036301839\",\"telefon\",\"e-post\",\"meddelande\",\"hidden\",\"skicka_foerfragan\"],\"lock\":\"0\",\"unique_field_error\":\"A form with this value has already been submitted.\",\"allow_public_link\":0,\"embed_form\":\"\",\"repeatable_fieldsets\":\"\",\"ninjaForms\":\"Ninja Forms\",\"changeEmailErrorMsg\":\"Please enter a valid email address\",\"changeDateErrorMsg\":\"Ange ett giltigt datum!\",\"confirmFieldErrorMsg\":\"Dessa f\\u00e4lt m\\u00e5ste matcha!\",\"fieldNumberNumMinError\":\"Minnummer-fel\",\"fieldNumberNumMaxError\":\"Maxnummer-fel\",\"fieldNumberIncrementBy\":\"\\u00d6ka med \",\"fieldTextareaRTEInsertLink\":\"Infoga l\\u00e4nk\",\"fieldTextareaRTEInsertMedia\":\"Infoga media\",\"fieldTextareaRTESelectAFile\":\"V\\u00e4lj en fil\",\"formErrorsCorrectErrors\":\"There are errors on the form. Please fix them before continuing.\",\"formHoneypot\":\"Om du \\u00e4r en m\\u00e4nniska som ser detta f\\u00e4lt, l\\u00e4mna det tomt.\",\"validateRequiredField\":\"Obligatoriska f\\u00e4lt\",\"honeypotHoneypotError\":\"Honeypot-fel\",\"fileUploadOldCodeFileUploadInProgress\":\"Filuppladdning p\\u00e5g\\u00e5r.\",\"fileUploadOldCodeFileUpload\":\"FILUPPLADDNING\",\"currencySymbol\":\"&euro;\",\"fieldsMarkedRequired\":\"All fields marked with * are mandatory\",\"thousands_sep\":\"&nbsp;\",\"decimal_point\":\",\",\"siteLocale\":\"sv_SE\",\"dateFormat\":\"m\\\/d\\\/Y\",\"startOfWeek\":\"1\",\"of\":\"av\",\"previousMonth\":\"F\\u00f6reg\\u00e5ende m\\u00e5nad\",\"nextMonth\":\"N\\u00e4sta m\\u00e5nad\",\"months\":[\"Januari\",\"Februari\",\"Mars\",\"April\",\"Maj\",\"Juni\",\"Juli\",\"Augusti\",\"September\",\"Oktober\",\"November\",\"December\"],\"monthsShort\":[\"Jan\",\"Feb\",\"Mar\",\"Apr\",\"Maj\",\"Jun\",\"Jul\",\"Aug\",\"Sep\",\"Okt\",\"Nov\",\"Dec\"],\"weekdays\":[\"S\\u00f6ndag\",\"M\\u00e5ndag\",\"Tisdag\",\"Onsdag\",\"Torsdag\",\"Fredag\",\"L\\u00f6rdag\"],\"weekdaysShort\":[\"S\\u00f6n\",\"M\\u00e5n\",\"Tis\",\"Ons\",\"Tor\",\"Fre\",\"L\\u00f6r\"],\"weekdaysMin\":[\"S\\u00f6\",\"M\\u00e5\",\"Ti\",\"On\",\"To\",\"Fr\",\"L\\u00f6\"],\"recaptchaConsentMissing\":\"reCaptcha validation couldn&#039;t load.\",\"recaptchaMissingCookie\":\"reCaptcha v3 validation couldn&#039;t load the cookie needed to submit the form.\",\"recaptchaConsentEvent\":\"Accept reCaptcha cookies before sending the form.\",\"currency_symbol\":\"\",\"beforeForm\":\"\",\"beforeFields\":\"\",\"afterFields\":\"\",\"afterForm\":\"\"};form.fields=[{\"objectType\":\"Field\",\"objectDomain\":\"fields\",\"editActive\":false,\"order\":1,\"idAttribute\":\"id\",\"label\":\"F\\u00f6retagsnamn\",\"key\":\"foeretagsnamn_1669036296296\",\"type\":\"firstname\",\"created_at\":\"2016-12-05 16:11:01\",\"label_pos\":\"above\",\"required\":1,\"default\":\"\",\"placeholder\":\"\",\"container_class\":\"\",\"element_class\":\"form-control\",\"admin_label\":\"\",\"help_text\":\"\",\"desc_text\":\"\",\"custom_name_attribute\":\"fname\",\"personally_identifiable\":1,\"value\":\"\",\"drawerDisabled\":false,\"id\":178,\"beforeField\":\"\",\"afterField\":\"\",\"parentType\":\"firstname\",\"element_templates\":[\"firstname\",\"input\"],\"old_classname\":\"\",\"wrap_template\":\"wrap\"},{\"objectType\":\"Field\",\"objectDomain\":\"fields\",\"editActive\":false,\"order\":2,\"idAttribute\":\"id\",\"label\":\"Ditt namn\",\"type\":\"textbox\",\"key\":\"ditt_namn_1669036301839\",\"label_pos\":\"above\",\"required\":1,\"default\":\"\",\"placeholder\":\"\",\"container_class\":\"\",\"element_class\":\"\",\"input_limit\":\"\",\"input_limit_type\":\"characters\",\"input_limit_msg\":\"Character(s) left\",\"manual_key\":false,\"admin_label\":\"\",\"help_text\":\"\",\"mask\":\"\",\"custom_mask\":\"\",\"custom_name_attribute\":\"\",\"personally_identifiable\":\"\",\"value\":\"\",\"drawerDisabled\":false,\"id\":369,\"beforeField\":\"\",\"afterField\":\"\",\"parentType\":\"textbox\",\"element_templates\":[\"textbox\",\"input\"],\"old_classname\":\"\",\"wrap_template\":\"wrap\"},{\"objectType\":\"Field\",\"objectDomain\":\"fields\",\"editActive\":false,\"order\":3,\"idAttribute\":\"id\",\"label\":\"Telefon\",\"key\":\"telefon\",\"type\":\"textbox\",\"created_at\":\"2016-12-05 16:11:01\",\"label_pos\":\"above\",\"required\":1,\"placeholder\":\"\",\"default\":\"\",\"container_class\":\"\",\"element_class\":\"form-control\",\"input_limit\":\"\",\"input_limit_type\":\"characters\",\"input_limit_msg\":\"Character(s) left\",\"manual_key\":\"\",\"disable_input\":\"\",\"admin_label\":\"\",\"help_text\":\"\",\"desc_text\":\"\",\"disable_browser_autocomplete\":\"\",\"mask\":\"\",\"custom_mask\":\"\",\"custom_name_attribute\":\"\",\"personally_identifiable\":\"\",\"value\":\"\",\"id\":179,\"beforeField\":\"\",\"afterField\":\"\",\"parentType\":\"textbox\",\"element_templates\":[\"textbox\",\"input\"],\"old_classname\":\"\",\"wrap_template\":\"wrap\"},{\"objectType\":\"Field\",\"objectDomain\":\"fields\",\"editActive\":false,\"order\":4,\"idAttribute\":\"id\",\"label\":\"E-post\",\"key\":\"e-post\",\"type\":\"email\",\"created_at\":\"2016-12-05 16:11:01\",\"label_pos\":\"above\",\"required\":1,\"default\":\"\",\"placeholder\":\"\",\"container_class\":\"\",\"element_class\":\"form-control\",\"admin_label\":\"\",\"help_text\":\"\",\"desc_text\":\"\",\"custom_name_attribute\":\"email\",\"personally_identifiable\":1,\"value\":\"\",\"id\":180,\"beforeField\":\"\",\"afterField\":\"\",\"parentType\":\"email\",\"element_templates\":[\"email\",\"input\"],\"old_classname\":\"\",\"wrap_template\":\"wrap\"},{\"objectType\":\"Field\",\"objectDomain\":\"fields\",\"editActive\":false,\"order\":5,\"idAttribute\":\"id\",\"label\":\"Meddelande\",\"key\":\"meddelande\",\"type\":\"textarea\",\"created_at\":\"2016-12-05 16:11:01\",\"label_pos\":\"above\",\"required\":1,\"placeholder\":\"\",\"default\":\"Hej,\\n\\njag skulle vilja veta mer om er produkt.\\nBeg\\u00e4rda modell (eller arbetsbredd):\\n- fasts\\u00e4ttning:\\n- extra utrustning:\\n\\nKan du kontakta mig? Tack!\",\"container_class\":\"\",\"element_class\":\"form-control\",\"input_limit\":\"\",\"input_limit_type\":\"characters\",\"input_limit_msg\":\"Character(s) left\",\"manual_key\":\"\",\"disable_input\":\"\",\"admin_label\":\"\",\"help_text\":\"\",\"desc_text\":\"<p><br><\\\/p>\",\"disable_browser_autocomplete\":\"\",\"textarea_rte\":\"\",\"disable_rte_mobile\":\"\",\"textarea_media\":\"\",\"drawerDisabled\":false,\"value\":\"Hej,\\n\\njag skulle vilja veta mer om er produkt.\\nBeg\\u00e4rda modell (eller arbetsbredd):\\n- fasts\\u00e4ttning:\\n- extra utrustning:\\n\\nKan du kontakta mig? Tack!\",\"id\":181,\"beforeField\":\"\",\"afterField\":\"\",\"parentType\":\"textarea\",\"element_templates\":[\"textarea\",\"input\"],\"old_classname\":\"\",\"wrap_template\":\"wrap\"},{\"objectType\":\"Field\",\"objectDomain\":\"fields\",\"editActive\":false,\"order\":6,\"idAttribute\":\"id\",\"label\":\"Hidden\",\"key\":\"hidden\",\"type\":\"hidden\",\"created_at\":\"2016-12-05 16:11:01\",\"default\":\"{post:title} - {post:url}\",\"admin_label\":\"\",\"drawerDisabled\":false,\"id\":182,\"beforeField\":\"\",\"afterField\":\"\",\"value\":\"Vatten sl\\u00e4pvagn - https:\\\/\\\/www.meiren.ee\\\/sv\\\/vatten-slapvagn\\\/\",\"label_pos\":\"above\",\"parentType\":\"hidden\",\"element_templates\":[\"hidden\",\"input\"],\"old_classname\":\"\",\"wrap_template\":\"wrap-no-label\"},{\"objectType\":\"Field\",\"objectDomain\":\"fields\",\"editActive\":false,\"order\":7,\"idAttribute\":\"id\",\"label\":\"Skicka f\\u00f6rfr\\u00e5gan\",\"key\":\"skicka_foerfragan\",\"type\":\"submit\",\"created_at\":\"2016-12-05 16:11:01\",\"processing_label\":\"Processing...\",\"container_class\":\"pull-text-center\",\"element_class\":\"\",\"id\":183,\"beforeField\":\"\",\"afterField\":\"\",\"value\":\"\",\"label_pos\":\"above\",\"parentType\":\"textbox\",\"element_templates\":[\"submit\",\"button\",\"input\"],\"old_classname\":\"\",\"wrap_template\":\"wrap-no-label\"}];nfForms.push(form);<\/script>\n        \n","protected":false},"excerpt":{"rendered":"<p>5WT &nbsp; &nbsp; &nbsp; &nbsp; Mer information. 10WT &nbsp; &nbsp; &nbsp; &nbsp; Mer information. 12WT &nbsp; &nbsp; &nbsp; &nbsp; KONSTRUKTION: Tanken \u00e4r tillverkad av mycket resistent glasfiber. Humus 12WT sl\u00e4pvagnarna har s\u00e4rskilt stark struktur och ren design, f\u00f6r att ge enkelhet och b\u00e4sta funktionalitet. FUNKTIONALITET: Kunder har valt v\u00e5r 12WT trailer eftersom: De kan transportera [&hellip;]<\/p>\n","protected":false},"author":10,"featured_media":0,"parent":0,"menu_order":0,"comment_status":"closed","ping_status":"closed","template":"page-special_page.php","meta":{"footnotes":""},"class_list":["post-17280","page","type-page","status-publish","hentry"],"yoast_head":"<!-- This site is optimized with the Yoast SEO plugin v25.6 - https:\/\/yoast.com\/wordpress\/plugins\/seo\/ -->\n<title>Vatten sl\u00e4pvagn | Meiren lumesahad<\/title>\n<meta name=\"robots\" content=\"index, follow, max-snippet:-1, max-image-preview:large, max-video-preview:-1\" \/>\n<link rel=\"canonical\" href=\"https:\/\/www.meiren.ee\/sv\/vatten-slapvagn\/\" \/>\n<meta property=\"og:locale\" content=\"sv_SE\" \/>\n<meta property=\"og:type\" content=\"article\" \/>\n<meta property=\"og:title\" content=\"Vatten sl\u00e4pvagn | Meiren lumesahad\" \/>\n<meta property=\"og:description\" content=\"5WT &nbsp; &nbsp; &nbsp; &nbsp; Mer information. 10WT &nbsp; &nbsp; &nbsp; &nbsp; Mer information. 12WT &nbsp; &nbsp; &nbsp; &nbsp; KONSTRUKTION: Tanken \u00e4r tillverkad av mycket resistent glasfiber. Humus 12WT sl\u00e4pvagnarna har s\u00e4rskilt stark struktur och ren design, f\u00f6r att ge enkelhet och b\u00e4sta funktionalitet. FUNKTIONALITET: Kunder har valt v\u00e5r 12WT trailer eftersom: De kan transportera [&hellip;]\" \/>\n<meta property=\"og:url\" content=\"https:\/\/www.meiren.ee\/sv\/vatten-slapvagn\/\" \/>\n<meta property=\"og:site_name\" content=\"Meiren lumesahad\" \/>\n<meta property=\"article:publisher\" content=\"https:\/\/www.facebook.com\/Meiren.ee?ref=nf\" \/>\n<meta property=\"article:modified_time\" content=\"2022-08-12T05:51:13+00:00\" \/>\n<meta property=\"og:image\" content=\"https:\/\/www.meiren.ee\/wp-content\/uploads\/2020\/03\/cdca3a54f7df03dcb42ffda97a73c310-300x225.jpg\" \/>\n<meta name=\"twitter:card\" content=\"summary_large_image\" \/>\n<script type=\"application\/ld+json\" class=\"yoast-schema-graph\">{\"@context\":\"https:\/\/schema.org\",\"@graph\":[{\"@type\":\"WebPage\",\"@id\":\"https:\/\/www.meiren.ee\/sv\/vatten-slapvagn\/\",\"url\":\"https:\/\/www.meiren.ee\/sv\/vatten-slapvagn\/\",\"name\":\"Vatten sl\u00e4pvagn | Meiren lumesahad\",\"isPartOf\":{\"@id\":\"https:\/\/www.meiren.ee\/en\/#website\"},\"primaryImageOfPage\":{\"@id\":\"https:\/\/www.meiren.ee\/sv\/vatten-slapvagn\/#primaryimage\"},\"image\":{\"@id\":\"https:\/\/www.meiren.ee\/sv\/vatten-slapvagn\/#primaryimage\"},\"thumbnailUrl\":\"https:\/\/www.meiren.ee\/wp-content\/uploads\/2020\/03\/cdca3a54f7df03dcb42ffda97a73c310-300x225.jpg\",\"datePublished\":\"2020-03-31T11:18:17+00:00\",\"dateModified\":\"2022-08-12T05:51:13+00:00\",\"breadcrumb\":{\"@id\":\"https:\/\/www.meiren.ee\/sv\/vatten-slapvagn\/#breadcrumb\"},\"inLanguage\":\"sv-SE\",\"potentialAction\":[{\"@type\":\"ReadAction\",\"target\":[\"https:\/\/www.meiren.ee\/sv\/vatten-slapvagn\/\"]}]},{\"@type\":\"ImageObject\",\"inLanguage\":\"sv-SE\",\"@id\":\"https:\/\/www.meiren.ee\/sv\/vatten-slapvagn\/#primaryimage\",\"url\":\"https:\/\/www.meiren.ee\/wp-content\/uploads\/2020\/03\/cdca3a54f7df03dcb42ffda97a73c310-300x225.jpg\",\"contentUrl\":\"https:\/\/www.meiren.ee\/wp-content\/uploads\/2020\/03\/cdca3a54f7df03dcb42ffda97a73c310-300x225.jpg\"},{\"@type\":\"BreadcrumbList\",\"@id\":\"https:\/\/www.meiren.ee\/sv\/vatten-slapvagn\/#breadcrumb\",\"itemListElement\":[{\"@type\":\"ListItem\",\"position\":1,\"name\":\"Home\",\"item\":\"https:\/\/www.meiren.ee\/en\/\"},{\"@type\":\"ListItem\",\"position\":2,\"name\":\"Vatten sl\u00e4pvagn\"}]},{\"@type\":\"WebSite\",\"@id\":\"https:\/\/www.meiren.ee\/en\/#website\",\"url\":\"https:\/\/www.meiren.ee\/en\/\",\"name\":\"Meiren lumesahad\",\"description\":\"Lumesahk ja lumet\u00f5rje tehnika, maantee lumesahk, lumesahk traktorile, lumesahk maasturile, harjad, lumekopp, varuosad ja hooldus, lumesaha terad, Kobit s.r.o. soolapuisturid\",\"potentialAction\":[{\"@type\":\"SearchAction\",\"target\":{\"@type\":\"EntryPoint\",\"urlTemplate\":\"https:\/\/www.meiren.ee\/en\/?s={search_term_string}\"},\"query-input\":{\"@type\":\"PropertyValueSpecification\",\"valueRequired\":true,\"valueName\":\"search_term_string\"}}],\"inLanguage\":\"sv-SE\"}]}<\/script>\n<!-- \/ Yoast SEO plugin. -->","yoast_head_json":{"title":"Vatten sl\u00e4pvagn | Meiren lumesahad","robots":{"index":"index","follow":"follow","max-snippet":"max-snippet:-1","max-image-preview":"max-image-preview:large","max-video-preview":"max-video-preview:-1"},"canonical":"https:\/\/www.meiren.ee\/sv\/vatten-slapvagn\/","og_locale":"sv_SE","og_type":"article","og_title":"Vatten sl\u00e4pvagn | Meiren lumesahad","og_description":"5WT &nbsp; &nbsp; &nbsp; &nbsp; Mer information. 10WT &nbsp; &nbsp; &nbsp; &nbsp; Mer information. 12WT &nbsp; &nbsp; &nbsp; &nbsp; KONSTRUKTION: Tanken \u00e4r tillverkad av mycket resistent glasfiber. Humus 12WT sl\u00e4pvagnarna har s\u00e4rskilt stark struktur och ren design, f\u00f6r att ge enkelhet och b\u00e4sta funktionalitet. FUNKTIONALITET: Kunder har valt v\u00e5r 12WT trailer eftersom: De kan transportera [&hellip;]","og_url":"https:\/\/www.meiren.ee\/sv\/vatten-slapvagn\/","og_site_name":"Meiren lumesahad","article_publisher":"https:\/\/www.facebook.com\/Meiren.ee?ref=nf","article_modified_time":"2022-08-12T05:51:13+00:00","og_image":[{"url":"https:\/\/www.meiren.ee\/wp-content\/uploads\/2020\/03\/cdca3a54f7df03dcb42ffda97a73c310-300x225.jpg","type":"","width":"","height":""}],"twitter_card":"summary_large_image","schema":{"@context":"https:\/\/schema.org","@graph":[{"@type":"WebPage","@id":"https:\/\/www.meiren.ee\/sv\/vatten-slapvagn\/","url":"https:\/\/www.meiren.ee\/sv\/vatten-slapvagn\/","name":"Vatten sl\u00e4pvagn | Meiren lumesahad","isPartOf":{"@id":"https:\/\/www.meiren.ee\/en\/#website"},"primaryImageOfPage":{"@id":"https:\/\/www.meiren.ee\/sv\/vatten-slapvagn\/#primaryimage"},"image":{"@id":"https:\/\/www.meiren.ee\/sv\/vatten-slapvagn\/#primaryimage"},"thumbnailUrl":"https:\/\/www.meiren.ee\/wp-content\/uploads\/2020\/03\/cdca3a54f7df03dcb42ffda97a73c310-300x225.jpg","datePublished":"2020-03-31T11:18:17+00:00","dateModified":"2022-08-12T05:51:13+00:00","breadcrumb":{"@id":"https:\/\/www.meiren.ee\/sv\/vatten-slapvagn\/#breadcrumb"},"inLanguage":"sv-SE","potentialAction":[{"@type":"ReadAction","target":["https:\/\/www.meiren.ee\/sv\/vatten-slapvagn\/"]}]},{"@type":"ImageObject","inLanguage":"sv-SE","@id":"https:\/\/www.meiren.ee\/sv\/vatten-slapvagn\/#primaryimage","url":"https:\/\/www.meiren.ee\/wp-content\/uploads\/2020\/03\/cdca3a54f7df03dcb42ffda97a73c310-300x225.jpg","contentUrl":"https:\/\/www.meiren.ee\/wp-content\/uploads\/2020\/03\/cdca3a54f7df03dcb42ffda97a73c310-300x225.jpg"},{"@type":"BreadcrumbList","@id":"https:\/\/www.meiren.ee\/sv\/vatten-slapvagn\/#breadcrumb","itemListElement":[{"@type":"ListItem","position":1,"name":"Home","item":"https:\/\/www.meiren.ee\/en\/"},{"@type":"ListItem","position":2,"name":"Vatten sl\u00e4pvagn"}]},{"@type":"WebSite","@id":"https:\/\/www.meiren.ee\/en\/#website","url":"https:\/\/www.meiren.ee\/en\/","name":"Meiren lumesahad","description":"Lumesahk ja lumet\u00f5rje tehnika, maantee lumesahk, lumesahk traktorile, lumesahk maasturile, harjad, lumekopp, varuosad ja hooldus, lumesaha terad, Kobit s.r.o. soolapuisturid","potentialAction":[{"@type":"SearchAction","target":{"@type":"EntryPoint","urlTemplate":"https:\/\/www.meiren.ee\/en\/?s={search_term_string}"},"query-input":{"@type":"PropertyValueSpecification","valueRequired":true,"valueName":"search_term_string"}}],"inLanguage":"sv-SE"}]}},"_links":{"self":[{"href":"https:\/\/www.meiren.ee\/sv\/wp-json\/wp\/v2\/pages\/17280"}],"collection":[{"href":"https:\/\/www.meiren.ee\/sv\/wp-json\/wp\/v2\/pages"}],"about":[{"href":"https:\/\/www.meiren.ee\/sv\/wp-json\/wp\/v2\/types\/page"}],"author":[{"embeddable":true,"href":"https:\/\/www.meiren.ee\/sv\/wp-json\/wp\/v2\/users\/10"}],"replies":[{"embeddable":true,"href":"https:\/\/www.meiren.ee\/sv\/wp-json\/wp\/v2\/comments?post=17280"}],"version-history":[{"count":5,"href":"https:\/\/www.meiren.ee\/sv\/wp-json\/wp\/v2\/pages\/17280\/revisions"}],"predecessor-version":[{"id":21342,"href":"https:\/\/www.meiren.ee\/sv\/wp-json\/wp\/v2\/pages\/17280\/revisions\/21342"}],"wp:attachment":[{"href":"https:\/\/www.meiren.ee\/sv\/wp-json\/wp\/v2\/media?parent=17280"}],"curies":[{"name":"wp","href":"https:\/\/api.w.org\/{rel}","templated":true}]}}