{"id":17285,"date":"2020-03-31T14:13:46","date_gmt":"2020-03-31T11:13:46","guid":{"rendered":"https:\/\/www.meiren.ee\/?page_id=17285"},"modified":"2022-08-12T08:55:51","modified_gmt":"2022-08-12T05:55:51","slug":"andra-produkter","status":"publish","type":"page","link":"https:\/\/www.meiren.ee\/sv\/andra-produkter\/","title":{"rendered":"Andra produkter"},"content":{"rendered":"<h2>ENSILAGE GAFFEL SL-3000-HD<\/h2>\n<p><img decoding=\"async\" class=\"alignleft wp-image-17156\" src=\"https:\/\/www.meiren.ee\/wp-content\/uploads\/2020\/03\/c6aa15af5f54ef37b4b2a103cb46e4d7-300x225.jpg\" alt=\"\" width=\"225\" height=\"169\" srcset=\"https:\/\/www.meiren.ee\/wp-content\/uploads\/2020\/03\/c6aa15af5f54ef37b4b2a103cb46e4d7-300x225.jpg 300w, https:\/\/www.meiren.ee\/wp-content\/uploads\/2020\/03\/c6aa15af5f54ef37b4b2a103cb46e4d7-890x668.jpg 890w, https:\/\/www.meiren.ee\/wp-content\/uploads\/2020\/03\/c6aa15af5f54ef37b4b2a103cb46e4d7-768x576.jpg 768w, https:\/\/www.meiren.ee\/wp-content\/uploads\/2020\/03\/c6aa15af5f54ef37b4b2a103cb46e4d7.jpg 1440w\" sizes=\"(max-width: 225px) 100vw, 225px\" \/> <img decoding=\"async\" class=\"alignleft wp-image-17161\" src=\"https:\/\/www.meiren.ee\/wp-content\/uploads\/2020\/03\/60cadfb0272a21b98c82f8a8deb39184-300x225.jpg\" alt=\"\" width=\"225\" height=\"169\" srcset=\"https:\/\/www.meiren.ee\/wp-content\/uploads\/2020\/03\/60cadfb0272a21b98c82f8a8deb39184-300x225.jpg 300w, https:\/\/www.meiren.ee\/wp-content\/uploads\/2020\/03\/60cadfb0272a21b98c82f8a8deb39184-890x668.jpg 890w, https:\/\/www.meiren.ee\/wp-content\/uploads\/2020\/03\/60cadfb0272a21b98c82f8a8deb39184-768x576.jpg 768w, https:\/\/www.meiren.ee\/wp-content\/uploads\/2020\/03\/60cadfb0272a21b98c82f8a8deb39184.jpg 1440w\" sizes=\"(max-width: 225px) 100vw, 225px\" \/> <img decoding=\"async\" class=\"alignleft wp-image-17166\" src=\"https:\/\/www.meiren.ee\/wp-content\/uploads\/2020\/03\/1d7eb9fc8929e8cb4b0bef586ee4020f-300x225.jpg\" alt=\"\" width=\"225\" height=\"169\" srcset=\"https:\/\/www.meiren.ee\/wp-content\/uploads\/2020\/03\/1d7eb9fc8929e8cb4b0bef586ee4020f-300x225.jpg 300w, https:\/\/www.meiren.ee\/wp-content\/uploads\/2020\/03\/1d7eb9fc8929e8cb4b0bef586ee4020f-890x668.jpg 890w, https:\/\/www.meiren.ee\/wp-content\/uploads\/2020\/03\/1d7eb9fc8929e8cb4b0bef586ee4020f-768x576.jpg 768w, https:\/\/www.meiren.ee\/wp-content\/uploads\/2020\/03\/1d7eb9fc8929e8cb4b0bef586ee4020f.jpg 1440w\" sizes=\"(max-width: 225px) 100vw, 225px\" \/><\/p>\n<p>&nbsp;<\/p>\n<p>&nbsp;<\/p>\n<p>&nbsp;<\/p>\n<p>&nbsp;<\/p>\n<p style=\"text-align: justify;\">HUMUS SL-3000-HD driver v\u00e4gg ensilage gaffel \u00e4r avsedd f\u00f6r professionella anv\u00e4ndare. Detta \u00e4r anledningen till att modellnamnet representerar markering \u201dHD\u201d, vilket betyder att det \u00e4r en kraftig modell.<\/p>\n<p style=\"text-align: justify;\">De buck r\u00e4fspinnar \u00e4r tillverkade av SSAB h\u00f6g h\u00e5llfasthet och h\u00f6g slitstark 40 mm Hardox 450 st\u00e5l, vilket \u00e4r ungef\u00e4r 5 g\u00e5nger starkare och 10 g\u00e5nger mer n\u00f6tningsbest\u00e4ndigt \u00e4n vanliga konstruktionsst\u00e5l.<\/p>\n<p style=\"text-align: justify;\">Det \u00e4r l\u00e4ttare att f\u00e5 en j\u00e4mnt f\u00f6rdelad och komprimeras ensilage massa med HUMUS SL-3000-HD ensilage gaffel. Med en kombination av r\u00e4tt ensilage konserveringsmedel kan man maximera ensilage bevara liv.<\/p>\n<p><a href=\"https:\/\/www.humus.ee\/se\/produkter\/andra-produkter\/ensilage-gaffel-sl-3000-hd-24\" target=\"\u201d_blank\u201d\" rel=\"noopener\"><u>Mer information.<\/u><\/a><\/p>\n<h2>ENSILAGE GAFFEL SH-3000-HD<\/h2>\n<p><img loading=\"lazy\" decoding=\"async\" class=\"alignleft wp-image-17171\" src=\"https:\/\/www.meiren.ee\/wp-content\/uploads\/2020\/03\/fcd0ed03f15d3965b13268866651a203-300x225.jpg\" alt=\"\" width=\"225\" height=\"169\" srcset=\"https:\/\/www.meiren.ee\/wp-content\/uploads\/2020\/03\/fcd0ed03f15d3965b13268866651a203-300x225.jpg 300w, https:\/\/www.meiren.ee\/wp-content\/uploads\/2020\/03\/fcd0ed03f15d3965b13268866651a203-890x668.jpg 890w, https:\/\/www.meiren.ee\/wp-content\/uploads\/2020\/03\/fcd0ed03f15d3965b13268866651a203-768x576.jpg 768w, https:\/\/www.meiren.ee\/wp-content\/uploads\/2020\/03\/fcd0ed03f15d3965b13268866651a203.jpg 1440w\" sizes=\"(max-width: 225px) 100vw, 225px\" \/> <img loading=\"lazy\" decoding=\"async\" class=\"alignleft wp-image-17176\" src=\"https:\/\/www.meiren.ee\/wp-content\/uploads\/2020\/03\/e8eeb2180b5602f181739b37c4698722-300x225.jpg\" alt=\"\" width=\"225\" height=\"169\" srcset=\"https:\/\/www.meiren.ee\/wp-content\/uploads\/2020\/03\/e8eeb2180b5602f181739b37c4698722-300x225.jpg 300w, https:\/\/www.meiren.ee\/wp-content\/uploads\/2020\/03\/e8eeb2180b5602f181739b37c4698722-890x668.jpg 890w, https:\/\/www.meiren.ee\/wp-content\/uploads\/2020\/03\/e8eeb2180b5602f181739b37c4698722-768x576.jpg 768w, https:\/\/www.meiren.ee\/wp-content\/uploads\/2020\/03\/e8eeb2180b5602f181739b37c4698722.jpg 1440w\" sizes=\"(max-width: 225px) 100vw, 225px\" \/> <img loading=\"lazy\" decoding=\"async\" class=\"alignleft wp-image-17181\" src=\"https:\/\/www.meiren.ee\/wp-content\/uploads\/2020\/03\/dadb6d9e28a10905acc376b060f46d32-300x225.jpg\" alt=\"\" width=\"225\" height=\"169\" srcset=\"https:\/\/www.meiren.ee\/wp-content\/uploads\/2020\/03\/dadb6d9e28a10905acc376b060f46d32-300x225.jpg 300w, https:\/\/www.meiren.ee\/wp-content\/uploads\/2020\/03\/dadb6d9e28a10905acc376b060f46d32-890x668.jpg 890w, https:\/\/www.meiren.ee\/wp-content\/uploads\/2020\/03\/dadb6d9e28a10905acc376b060f46d32-768x576.jpg 768w, https:\/\/www.meiren.ee\/wp-content\/uploads\/2020\/03\/dadb6d9e28a10905acc376b060f46d32.jpg 1440w\" sizes=\"(max-width: 225px) 100vw, 225px\" \/><\/p>\n<p>&nbsp;<\/p>\n<p>&nbsp;<\/p>\n<p>&nbsp;<\/p>\n<p>&nbsp;<\/p>\n<p style=\"text-align: justify;\">HUMUS SH-3000-HD \u00e4r en enklare version av driver v\u00e4gg ensilage gaffel och \u00e4r ocks\u00e5 t\u00e4nkt f\u00f6r professionella anv\u00e4ndare. Detta \u00e4r anledningen till att modellnamnet representerar markering &#8221;HD&#8221;, vilket betyder att det \u00e4r en kraftig modell.<\/p>\n<p style=\"text-align: justify;\">De buck r\u00e4fspinnar \u00e4r tillverkade av SSAB h\u00f6g h\u00e5llfasthet och h\u00f6g slitstark 40 mm Hardox 450 st\u00e5l, vilket \u00e4r ungef\u00e4r 5 g\u00e5nger starkare och 10 g\u00e5nger mer n\u00f6tningsbest\u00e4ndigt \u00e4n vanliga konstruktionsst\u00e5l.<\/p>\n<p style=\"text-align: justify;\">Det \u00e4r l\u00e4ttare att f\u00e5 en j\u00e4mnt f\u00f6rdelad och komprimeras ensilage massa med HUMUS SL-3000-HD buck rake. Med en kombination av r\u00e4tt ensilage konserveringsmedel kan man maximera ensilage bevara liv.<\/p>\n<p><a href=\"https:\/\/www.humus.ee\/se\/produkter\/andra-produkter\/ensilage-gaffel-sh-3000-hd-25\" target=\"\u201d_blank\u201d\" rel=\"noopener\"><u>Mer information.<\/u><\/a><\/p>\n<h2>Beg\u00e4r offert<\/h2>\n<noscript class=\"ninja-forms-noscript-message\">\n\tObservera: JavaScript kr\u00e4vs f\u00f6r detta inneh\u00e5ll.<\/noscript>\n<div id=\"nf-form-29-cont\" class=\"nf-form-cont\" aria-live=\"polite\" aria-labelledby=\"nf-form-title-29\" aria-describedby=\"nf-form-errors-29\" role=\"form\">\n\n    <div class=\"nf-loading-spinner\"><\/div>\n\n<\/div>\n        <!-- That data is being printed as a workaround to page builders reordering the order of the scripts loaded-->\n        <script>var formDisplay=1;var nfForms=nfForms||[];var form=[];form.id='29';form.settings={\"objectType\":\"Form Setting\",\"editActive\":true,\"title\":\"SWE - Toote p\\u00e4ring\",\"key\":\"\",\"created_at\":\"2016-12-05 16:11:00\",\"show_title\":\"0\",\"clear_complete\":\"1\",\"hide_complete\":\"1\",\"default_label_pos\":\"above\",\"wrapper_class\":\"\",\"element_class\":\"\",\"add_submit\":\"0\",\"currency\":\"\",\"logged_in\":\"\",\"not_logged_in_msg\":\"\",\"sub_limit_msg\":\"\",\"calculations\":[],\"formContentData\":[\"foeretagsnamn_1669036296296\",\"ditt_namn_1669036301839\",\"telefon\",\"e-post\",\"meddelande\",\"hidden\",\"skicka_foerfragan\"],\"lock\":\"0\",\"unique_field_error\":\"A form with this value has already been submitted.\",\"allow_public_link\":0,\"embed_form\":\"\",\"repeatable_fieldsets\":\"\",\"ninjaForms\":\"Ninja Forms\",\"changeEmailErrorMsg\":\"Please enter a valid email address\",\"changeDateErrorMsg\":\"Ange ett giltigt datum!\",\"confirmFieldErrorMsg\":\"Dessa f\\u00e4lt m\\u00e5ste matcha!\",\"fieldNumberNumMinError\":\"Minnummer-fel\",\"fieldNumberNumMaxError\":\"Maxnummer-fel\",\"fieldNumberIncrementBy\":\"\\u00d6ka med \",\"fieldTextareaRTEInsertLink\":\"Infoga l\\u00e4nk\",\"fieldTextareaRTEInsertMedia\":\"Infoga media\",\"fieldTextareaRTESelectAFile\":\"V\\u00e4lj en fil\",\"formErrorsCorrectErrors\":\"There are errors on the form. Please fix them before continuing.\",\"formHoneypot\":\"Om du \\u00e4r en m\\u00e4nniska som ser detta f\\u00e4lt, l\\u00e4mna det tomt.\",\"validateRequiredField\":\"Obligatoriska f\\u00e4lt\",\"honeypotHoneypotError\":\"Honeypot-fel\",\"fileUploadOldCodeFileUploadInProgress\":\"Filuppladdning p\\u00e5g\\u00e5r.\",\"fileUploadOldCodeFileUpload\":\"FILUPPLADDNING\",\"currencySymbol\":\"&euro;\",\"fieldsMarkedRequired\":\"All fields marked with * are mandatory\",\"thousands_sep\":\"&nbsp;\",\"decimal_point\":\",\",\"siteLocale\":\"sv_SE\",\"dateFormat\":\"m\\\/d\\\/Y\",\"startOfWeek\":\"1\",\"of\":\"av\",\"previousMonth\":\"F\\u00f6reg\\u00e5ende m\\u00e5nad\",\"nextMonth\":\"N\\u00e4sta m\\u00e5nad\",\"months\":[\"Januari\",\"Februari\",\"Mars\",\"April\",\"Maj\",\"Juni\",\"Juli\",\"Augusti\",\"September\",\"Oktober\",\"November\",\"December\"],\"monthsShort\":[\"Jan\",\"Feb\",\"Mar\",\"Apr\",\"Maj\",\"Jun\",\"Jul\",\"Aug\",\"Sep\",\"Okt\",\"Nov\",\"Dec\"],\"weekdays\":[\"S\\u00f6ndag\",\"M\\u00e5ndag\",\"Tisdag\",\"Onsdag\",\"Torsdag\",\"Fredag\",\"L\\u00f6rdag\"],\"weekdaysShort\":[\"S\\u00f6n\",\"M\\u00e5n\",\"Tis\",\"Ons\",\"Tor\",\"Fre\",\"L\\u00f6r\"],\"weekdaysMin\":[\"S\\u00f6\",\"M\\u00e5\",\"Ti\",\"On\",\"To\",\"Fr\",\"L\\u00f6\"],\"recaptchaConsentMissing\":\"reCaptcha validation couldn&#039;t load.\",\"recaptchaMissingCookie\":\"reCaptcha v3 validation couldn&#039;t load the cookie needed to submit the form.\",\"recaptchaConsentEvent\":\"Accept reCaptcha cookies before sending the form.\",\"currency_symbol\":\"\",\"beforeForm\":\"\",\"beforeFields\":\"\",\"afterFields\":\"\",\"afterForm\":\"\"};form.fields=[{\"objectType\":\"Field\",\"objectDomain\":\"fields\",\"editActive\":false,\"order\":1,\"idAttribute\":\"id\",\"label\":\"F\\u00f6retagsnamn\",\"key\":\"foeretagsnamn_1669036296296\",\"type\":\"firstname\",\"created_at\":\"2016-12-05 16:11:01\",\"label_pos\":\"above\",\"required\":1,\"default\":\"\",\"placeholder\":\"\",\"container_class\":\"\",\"element_class\":\"form-control\",\"admin_label\":\"\",\"help_text\":\"\",\"desc_text\":\"\",\"custom_name_attribute\":\"fname\",\"personally_identifiable\":1,\"value\":\"\",\"drawerDisabled\":false,\"id\":178,\"beforeField\":\"\",\"afterField\":\"\",\"parentType\":\"firstname\",\"element_templates\":[\"firstname\",\"input\"],\"old_classname\":\"\",\"wrap_template\":\"wrap\"},{\"objectType\":\"Field\",\"objectDomain\":\"fields\",\"editActive\":false,\"order\":2,\"idAttribute\":\"id\",\"label\":\"Ditt namn\",\"type\":\"textbox\",\"key\":\"ditt_namn_1669036301839\",\"label_pos\":\"above\",\"required\":1,\"default\":\"\",\"placeholder\":\"\",\"container_class\":\"\",\"element_class\":\"\",\"input_limit\":\"\",\"input_limit_type\":\"characters\",\"input_limit_msg\":\"Character(s) left\",\"manual_key\":false,\"admin_label\":\"\",\"help_text\":\"\",\"mask\":\"\",\"custom_mask\":\"\",\"custom_name_attribute\":\"\",\"personally_identifiable\":\"\",\"value\":\"\",\"drawerDisabled\":false,\"id\":369,\"beforeField\":\"\",\"afterField\":\"\",\"parentType\":\"textbox\",\"element_templates\":[\"textbox\",\"input\"],\"old_classname\":\"\",\"wrap_template\":\"wrap\"},{\"objectType\":\"Field\",\"objectDomain\":\"fields\",\"editActive\":false,\"order\":3,\"idAttribute\":\"id\",\"label\":\"Telefon\",\"key\":\"telefon\",\"type\":\"textbox\",\"created_at\":\"2016-12-05 16:11:01\",\"label_pos\":\"above\",\"required\":1,\"placeholder\":\"\",\"default\":\"\",\"container_class\":\"\",\"element_class\":\"form-control\",\"input_limit\":\"\",\"input_limit_type\":\"characters\",\"input_limit_msg\":\"Character(s) left\",\"manual_key\":\"\",\"disable_input\":\"\",\"admin_label\":\"\",\"help_text\":\"\",\"desc_text\":\"\",\"disable_browser_autocomplete\":\"\",\"mask\":\"\",\"custom_mask\":\"\",\"custom_name_attribute\":\"\",\"personally_identifiable\":\"\",\"value\":\"\",\"id\":179,\"beforeField\":\"\",\"afterField\":\"\",\"parentType\":\"textbox\",\"element_templates\":[\"textbox\",\"input\"],\"old_classname\":\"\",\"wrap_template\":\"wrap\"},{\"objectType\":\"Field\",\"objectDomain\":\"fields\",\"editActive\":false,\"order\":4,\"idAttribute\":\"id\",\"label\":\"E-post\",\"key\":\"e-post\",\"type\":\"email\",\"created_at\":\"2016-12-05 16:11:01\",\"label_pos\":\"above\",\"required\":1,\"default\":\"\",\"placeholder\":\"\",\"container_class\":\"\",\"element_class\":\"form-control\",\"admin_label\":\"\",\"help_text\":\"\",\"desc_text\":\"\",\"custom_name_attribute\":\"email\",\"personally_identifiable\":1,\"value\":\"\",\"id\":180,\"beforeField\":\"\",\"afterField\":\"\",\"parentType\":\"email\",\"element_templates\":[\"email\",\"input\"],\"old_classname\":\"\",\"wrap_template\":\"wrap\"},{\"objectType\":\"Field\",\"objectDomain\":\"fields\",\"editActive\":false,\"order\":5,\"idAttribute\":\"id\",\"label\":\"Meddelande\",\"key\":\"meddelande\",\"type\":\"textarea\",\"created_at\":\"2016-12-05 16:11:01\",\"label_pos\":\"above\",\"required\":1,\"placeholder\":\"\",\"default\":\"Hej,\\n\\njag skulle vilja veta mer om er produkt.\\nBeg\\u00e4rda modell (eller arbetsbredd):\\n- fasts\\u00e4ttning:\\n- extra utrustning:\\n\\nKan du kontakta mig? Tack!\",\"container_class\":\"\",\"element_class\":\"form-control\",\"input_limit\":\"\",\"input_limit_type\":\"characters\",\"input_limit_msg\":\"Character(s) left\",\"manual_key\":\"\",\"disable_input\":\"\",\"admin_label\":\"\",\"help_text\":\"\",\"desc_text\":\"<p><br><\\\/p>\",\"disable_browser_autocomplete\":\"\",\"textarea_rte\":\"\",\"disable_rte_mobile\":\"\",\"textarea_media\":\"\",\"drawerDisabled\":false,\"value\":\"Hej,\\n\\njag skulle vilja veta mer om er produkt.\\nBeg\\u00e4rda modell (eller arbetsbredd):\\n- fasts\\u00e4ttning:\\n- extra utrustning:\\n\\nKan du kontakta mig? Tack!\",\"id\":181,\"beforeField\":\"\",\"afterField\":\"\",\"parentType\":\"textarea\",\"element_templates\":[\"textarea\",\"input\"],\"old_classname\":\"\",\"wrap_template\":\"wrap\"},{\"objectType\":\"Field\",\"objectDomain\":\"fields\",\"editActive\":false,\"order\":6,\"idAttribute\":\"id\",\"label\":\"Hidden\",\"key\":\"hidden\",\"type\":\"hidden\",\"created_at\":\"2016-12-05 16:11:01\",\"default\":\"{post:title} - {post:url}\",\"admin_label\":\"\",\"drawerDisabled\":false,\"id\":182,\"beforeField\":\"\",\"afterField\":\"\",\"value\":\"Andra produkter - https:\\\/\\\/www.meiren.ee\\\/sv\\\/andra-produkter\\\/\",\"label_pos\":\"above\",\"parentType\":\"hidden\",\"element_templates\":[\"hidden\",\"input\"],\"old_classname\":\"\",\"wrap_template\":\"wrap-no-label\"},{\"objectType\":\"Field\",\"objectDomain\":\"fields\",\"editActive\":false,\"order\":7,\"idAttribute\":\"id\",\"label\":\"Skicka f\\u00f6rfr\\u00e5gan\",\"key\":\"skicka_foerfragan\",\"type\":\"submit\",\"created_at\":\"2016-12-05 16:11:01\",\"processing_label\":\"Processing...\",\"container_class\":\"pull-text-center\",\"element_class\":\"\",\"id\":183,\"beforeField\":\"\",\"afterField\":\"\",\"value\":\"\",\"label_pos\":\"above\",\"parentType\":\"textbox\",\"element_templates\":[\"submit\",\"button\",\"input\"],\"old_classname\":\"\",\"wrap_template\":\"wrap-no-label\"}];nfForms.push(form);<\/script>\n        \n","protected":false},"excerpt":{"rendered":"<p>ENSILAGE GAFFEL SL-3000-HD &nbsp; &nbsp; &nbsp; &nbsp; HUMUS SL-3000-HD driver v\u00e4gg ensilage gaffel \u00e4r avsedd f\u00f6r professionella anv\u00e4ndare. Detta \u00e4r anledningen till att modellnamnet representerar markering \u201dHD\u201d, vilket betyder att det \u00e4r en kraftig modell. De buck r\u00e4fspinnar \u00e4r tillverkade av SSAB h\u00f6g h\u00e5llfasthet och h\u00f6g slitstark 40 mm Hardox 450 st\u00e5l, vilket \u00e4r ungef\u00e4r [&hellip;]<\/p>\n","protected":false},"author":10,"featured_media":0,"parent":0,"menu_order":0,"comment_status":"closed","ping_status":"closed","template":"page-special_page.php","meta":{"footnotes":""},"class_list":["post-17285","page","type-page","status-publish","hentry"],"yoast_head":"<!-- This site is optimized with the Yoast SEO plugin v25.6 - https:\/\/yoast.com\/wordpress\/plugins\/seo\/ -->\n<title>Andra produkter | Meiren lumesahad<\/title>\n<meta name=\"robots\" content=\"index, follow, max-snippet:-1, max-image-preview:large, max-video-preview:-1\" \/>\n<link rel=\"canonical\" href=\"https:\/\/www.meiren.ee\/sv\/andra-produkter\/\" \/>\n<meta property=\"og:locale\" content=\"sv_SE\" \/>\n<meta property=\"og:type\" content=\"article\" \/>\n<meta property=\"og:title\" content=\"Andra produkter | Meiren lumesahad\" \/>\n<meta property=\"og:description\" content=\"ENSILAGE GAFFEL SL-3000-HD &nbsp; &nbsp; &nbsp; &nbsp; HUMUS SL-3000-HD driver v\u00e4gg ensilage gaffel \u00e4r avsedd f\u00f6r professionella anv\u00e4ndare. Detta \u00e4r anledningen till att modellnamnet representerar markering \u201dHD\u201d, vilket betyder att det \u00e4r en kraftig modell. De buck r\u00e4fspinnar \u00e4r tillverkade av SSAB h\u00f6g h\u00e5llfasthet och h\u00f6g slitstark 40 mm Hardox 450 st\u00e5l, vilket \u00e4r ungef\u00e4r [&hellip;]\" \/>\n<meta property=\"og:url\" content=\"https:\/\/www.meiren.ee\/sv\/andra-produkter\/\" \/>\n<meta property=\"og:site_name\" content=\"Meiren lumesahad\" \/>\n<meta property=\"article:publisher\" content=\"https:\/\/www.facebook.com\/Meiren.ee?ref=nf\" \/>\n<meta property=\"article:modified_time\" content=\"2022-08-12T05:55:51+00:00\" \/>\n<meta property=\"og:image\" content=\"https:\/\/www.meiren.ee\/wp-content\/uploads\/2020\/03\/c6aa15af5f54ef37b4b2a103cb46e4d7-300x225.jpg\" \/>\n<meta name=\"twitter:card\" content=\"summary_large_image\" \/>\n<meta name=\"twitter:label1\" content=\"Ber\u00e4knad l\u00e4stid\" \/>\n\t<meta name=\"twitter:data1\" content=\"1 minut\" \/>\n<script type=\"application\/ld+json\" class=\"yoast-schema-graph\">{\"@context\":\"https:\/\/schema.org\",\"@graph\":[{\"@type\":\"WebPage\",\"@id\":\"https:\/\/www.meiren.ee\/sv\/andra-produkter\/\",\"url\":\"https:\/\/www.meiren.ee\/sv\/andra-produkter\/\",\"name\":\"Andra produkter | Meiren lumesahad\",\"isPartOf\":{\"@id\":\"https:\/\/www.meiren.ee\/en\/#website\"},\"primaryImageOfPage\":{\"@id\":\"https:\/\/www.meiren.ee\/sv\/andra-produkter\/#primaryimage\"},\"image\":{\"@id\":\"https:\/\/www.meiren.ee\/sv\/andra-produkter\/#primaryimage\"},\"thumbnailUrl\":\"https:\/\/www.meiren.ee\/wp-content\/uploads\/2020\/03\/c6aa15af5f54ef37b4b2a103cb46e4d7-300x225.jpg\",\"datePublished\":\"2020-03-31T11:13:46+00:00\",\"dateModified\":\"2022-08-12T05:55:51+00:00\",\"breadcrumb\":{\"@id\":\"https:\/\/www.meiren.ee\/sv\/andra-produkter\/#breadcrumb\"},\"inLanguage\":\"sv-SE\",\"potentialAction\":[{\"@type\":\"ReadAction\",\"target\":[\"https:\/\/www.meiren.ee\/sv\/andra-produkter\/\"]}]},{\"@type\":\"ImageObject\",\"inLanguage\":\"sv-SE\",\"@id\":\"https:\/\/www.meiren.ee\/sv\/andra-produkter\/#primaryimage\",\"url\":\"https:\/\/www.meiren.ee\/wp-content\/uploads\/2020\/03\/c6aa15af5f54ef37b4b2a103cb46e4d7-300x225.jpg\",\"contentUrl\":\"https:\/\/www.meiren.ee\/wp-content\/uploads\/2020\/03\/c6aa15af5f54ef37b4b2a103cb46e4d7-300x225.jpg\"},{\"@type\":\"BreadcrumbList\",\"@id\":\"https:\/\/www.meiren.ee\/sv\/andra-produkter\/#breadcrumb\",\"itemListElement\":[{\"@type\":\"ListItem\",\"position\":1,\"name\":\"Home\",\"item\":\"https:\/\/www.meiren.ee\/en\/\"},{\"@type\":\"ListItem\",\"position\":2,\"name\":\"Andra produkter\"}]},{\"@type\":\"WebSite\",\"@id\":\"https:\/\/www.meiren.ee\/en\/#website\",\"url\":\"https:\/\/www.meiren.ee\/en\/\",\"name\":\"Meiren lumesahad\",\"description\":\"Lumesahk ja lumet\u00f5rje tehnika, maantee lumesahk, lumesahk traktorile, lumesahk maasturile, harjad, lumekopp, varuosad ja hooldus, lumesaha terad, Kobit s.r.o. soolapuisturid\",\"potentialAction\":[{\"@type\":\"SearchAction\",\"target\":{\"@type\":\"EntryPoint\",\"urlTemplate\":\"https:\/\/www.meiren.ee\/en\/?s={search_term_string}\"},\"query-input\":{\"@type\":\"PropertyValueSpecification\",\"valueRequired\":true,\"valueName\":\"search_term_string\"}}],\"inLanguage\":\"sv-SE\"}]}<\/script>\n<!-- \/ Yoast SEO plugin. -->","yoast_head_json":{"title":"Andra produkter | Meiren lumesahad","robots":{"index":"index","follow":"follow","max-snippet":"max-snippet:-1","max-image-preview":"max-image-preview:large","max-video-preview":"max-video-preview:-1"},"canonical":"https:\/\/www.meiren.ee\/sv\/andra-produkter\/","og_locale":"sv_SE","og_type":"article","og_title":"Andra produkter | Meiren lumesahad","og_description":"ENSILAGE GAFFEL SL-3000-HD &nbsp; &nbsp; &nbsp; &nbsp; HUMUS SL-3000-HD driver v\u00e4gg ensilage gaffel \u00e4r avsedd f\u00f6r professionella anv\u00e4ndare. Detta \u00e4r anledningen till att modellnamnet representerar markering \u201dHD\u201d, vilket betyder att det \u00e4r en kraftig modell. De buck r\u00e4fspinnar \u00e4r tillverkade av SSAB h\u00f6g h\u00e5llfasthet och h\u00f6g slitstark 40 mm Hardox 450 st\u00e5l, vilket \u00e4r ungef\u00e4r [&hellip;]","og_url":"https:\/\/www.meiren.ee\/sv\/andra-produkter\/","og_site_name":"Meiren lumesahad","article_publisher":"https:\/\/www.facebook.com\/Meiren.ee?ref=nf","article_modified_time":"2022-08-12T05:55:51+00:00","og_image":[{"url":"https:\/\/www.meiren.ee\/wp-content\/uploads\/2020\/03\/c6aa15af5f54ef37b4b2a103cb46e4d7-300x225.jpg","type":"","width":"","height":""}],"twitter_card":"summary_large_image","twitter_misc":{"Ber\u00e4knad l\u00e4stid":"1 minut"},"schema":{"@context":"https:\/\/schema.org","@graph":[{"@type":"WebPage","@id":"https:\/\/www.meiren.ee\/sv\/andra-produkter\/","url":"https:\/\/www.meiren.ee\/sv\/andra-produkter\/","name":"Andra produkter | Meiren lumesahad","isPartOf":{"@id":"https:\/\/www.meiren.ee\/en\/#website"},"primaryImageOfPage":{"@id":"https:\/\/www.meiren.ee\/sv\/andra-produkter\/#primaryimage"},"image":{"@id":"https:\/\/www.meiren.ee\/sv\/andra-produkter\/#primaryimage"},"thumbnailUrl":"https:\/\/www.meiren.ee\/wp-content\/uploads\/2020\/03\/c6aa15af5f54ef37b4b2a103cb46e4d7-300x225.jpg","datePublished":"2020-03-31T11:13:46+00:00","dateModified":"2022-08-12T05:55:51+00:00","breadcrumb":{"@id":"https:\/\/www.meiren.ee\/sv\/andra-produkter\/#breadcrumb"},"inLanguage":"sv-SE","potentialAction":[{"@type":"ReadAction","target":["https:\/\/www.meiren.ee\/sv\/andra-produkter\/"]}]},{"@type":"ImageObject","inLanguage":"sv-SE","@id":"https:\/\/www.meiren.ee\/sv\/andra-produkter\/#primaryimage","url":"https:\/\/www.meiren.ee\/wp-content\/uploads\/2020\/03\/c6aa15af5f54ef37b4b2a103cb46e4d7-300x225.jpg","contentUrl":"https:\/\/www.meiren.ee\/wp-content\/uploads\/2020\/03\/c6aa15af5f54ef37b4b2a103cb46e4d7-300x225.jpg"},{"@type":"BreadcrumbList","@id":"https:\/\/www.meiren.ee\/sv\/andra-produkter\/#breadcrumb","itemListElement":[{"@type":"ListItem","position":1,"name":"Home","item":"https:\/\/www.meiren.ee\/en\/"},{"@type":"ListItem","position":2,"name":"Andra produkter"}]},{"@type":"WebSite","@id":"https:\/\/www.meiren.ee\/en\/#website","url":"https:\/\/www.meiren.ee\/en\/","name":"Meiren lumesahad","description":"Lumesahk ja lumet\u00f5rje tehnika, maantee lumesahk, lumesahk traktorile, lumesahk maasturile, harjad, lumekopp, varuosad ja hooldus, lumesaha terad, Kobit s.r.o. soolapuisturid","potentialAction":[{"@type":"SearchAction","target":{"@type":"EntryPoint","urlTemplate":"https:\/\/www.meiren.ee\/en\/?s={search_term_string}"},"query-input":{"@type":"PropertyValueSpecification","valueRequired":true,"valueName":"search_term_string"}}],"inLanguage":"sv-SE"}]}},"_links":{"self":[{"href":"https:\/\/www.meiren.ee\/sv\/wp-json\/wp\/v2\/pages\/17285"}],"collection":[{"href":"https:\/\/www.meiren.ee\/sv\/wp-json\/wp\/v2\/pages"}],"about":[{"href":"https:\/\/www.meiren.ee\/sv\/wp-json\/wp\/v2\/types\/page"}],"author":[{"embeddable":true,"href":"https:\/\/www.meiren.ee\/sv\/wp-json\/wp\/v2\/users\/10"}],"replies":[{"embeddable":true,"href":"https:\/\/www.meiren.ee\/sv\/wp-json\/wp\/v2\/comments?post=17285"}],"version-history":[{"count":5,"href":"https:\/\/www.meiren.ee\/sv\/wp-json\/wp\/v2\/pages\/17285\/revisions"}],"predecessor-version":[{"id":21346,"href":"https:\/\/www.meiren.ee\/sv\/wp-json\/wp\/v2\/pages\/17285\/revisions\/21346"}],"wp:attachment":[{"href":"https:\/\/www.meiren.ee\/sv\/wp-json\/wp\/v2\/media?parent=17285"}],"curies":[{"name":"wp","href":"https:\/\/api.w.org\/{rel}","templated":true}]}}