{"id":1751,"date":"2014-07-08T09:59:22","date_gmt":"2014-07-08T06:59:22","guid":{"rendered":"https:\/\/meiren.ee\/?page_id=1751"},"modified":"2025-04-30T16:32:03","modified_gmt":"2025-04-30T13:32:03","slug":"reservdelar","status":"publish","type":"page","link":"https:\/\/www.meiren.ee\/sv\/reservdelar\/","title":{"rendered":"Reservdelar"},"content":{"rendered":"<h2>Meiren reservdelar<\/h2>\n<p style=\"text-align: center;\">V\u00e4nligen fyll i f\u00f6ljande formul\u00e4r f\u00f6r att best\u00e4lla reservdelar:<br \/>\n<noscript class=\"ninja-forms-noscript-message\">\n\tObservera: JavaScript kr\u00e4vs f\u00f6r detta inneh\u00e5ll.<\/noscript>\n<div id=\"nf-form-39-cont\" class=\"nf-form-cont\" aria-live=\"polite\" aria-labelledby=\"nf-form-title-39\" aria-describedby=\"nf-form-errors-39\" role=\"form\">\n\n    <div class=\"nf-loading-spinner\"><\/div>\n\n<\/div>\n        <!-- That data is being printed as a workaround to page builders reordering the order of the scripts loaded-->\n        <script>var formDisplay=1;var nfForms=nfForms||[];var form=[];form.id='39';form.settings={\"objectType\":\"Form Setting\",\"editActive\":true,\"title\":\"SWE - Varuosad\",\"key\":\"\",\"created_at\":\"2017-11-07 10:14:49\",\"show_title\":\"0\",\"clear_complete\":\"1\",\"hide_complete\":\"1\",\"default_label_pos\":\"above\",\"wrapper_class\":\"\",\"element_class\":\"\",\"add_submit\":\"0\",\"currency\":\"\",\"logged_in\":\"\",\"not_logged_in_msg\":\"\",\"sub_limit_msg\":\"\",\"calculations\":[],\"formContentData\":[\"foeretagsnamn_1669036326821\",\"ditt_namn_1669036333489\",\"telefon\",\"e-post\",\"modell_och_serienummer\",\"meddelande\",\"hidden_1\",\"skicka_foerfragan\"],\"lock\":\"0\",\"allow_public_link\":0,\"embed_form\":\"\",\"repeatable_fieldsets\":\"\",\"unique_field_error\":\"A form with this value has already been submitted.\",\"ninjaForms\":\"Ninja Forms\",\"changeEmailErrorMsg\":\"Please enter a valid email address\",\"changeDateErrorMsg\":\"Ange ett giltigt datum!\",\"confirmFieldErrorMsg\":\"Dessa f\\u00e4lt m\\u00e5ste matcha!\",\"fieldNumberNumMinError\":\"Minnummer-fel\",\"fieldNumberNumMaxError\":\"Maxnummer-fel\",\"fieldNumberIncrementBy\":\"\\u00d6ka med \",\"fieldTextareaRTEInsertLink\":\"Infoga l\\u00e4nk\",\"fieldTextareaRTEInsertMedia\":\"Infoga media\",\"fieldTextareaRTESelectAFile\":\"V\\u00e4lj en fil\",\"formErrorsCorrectErrors\":\"There are errors on the form. Please fix them before continuing.\",\"formHoneypot\":\"Om du \\u00e4r en m\\u00e4nniska som ser detta f\\u00e4lt, l\\u00e4mna det tomt.\",\"validateRequiredField\":\"Obligatoriska f\\u00e4lt\",\"honeypotHoneypotError\":\"Honeypot-fel\",\"fileUploadOldCodeFileUploadInProgress\":\"Filuppladdning p\\u00e5g\\u00e5r.\",\"fileUploadOldCodeFileUpload\":\"FILUPPLADDNING\",\"currencySymbol\":\"&euro;\",\"fieldsMarkedRequired\":\"All fields marked with * are mandatory\",\"thousands_sep\":\"&nbsp;\",\"decimal_point\":\",\",\"siteLocale\":\"sv_SE\",\"dateFormat\":\"m\\\/d\\\/Y\",\"startOfWeek\":\"1\",\"of\":\"av\",\"previousMonth\":\"F\\u00f6reg\\u00e5ende m\\u00e5nad\",\"nextMonth\":\"N\\u00e4sta m\\u00e5nad\",\"months\":[\"Januari\",\"Februari\",\"Mars\",\"April\",\"Maj\",\"Juni\",\"Juli\",\"Augusti\",\"September\",\"Oktober\",\"November\",\"December\"],\"monthsShort\":[\"Jan\",\"Feb\",\"Mar\",\"Apr\",\"Maj\",\"Jun\",\"Jul\",\"Aug\",\"Sep\",\"Okt\",\"Nov\",\"Dec\"],\"weekdays\":[\"S\\u00f6ndag\",\"M\\u00e5ndag\",\"Tisdag\",\"Onsdag\",\"Torsdag\",\"Fredag\",\"L\\u00f6rdag\"],\"weekdaysShort\":[\"S\\u00f6n\",\"M\\u00e5n\",\"Tis\",\"Ons\",\"Tor\",\"Fre\",\"L\\u00f6r\"],\"weekdaysMin\":[\"S\\u00f6\",\"M\\u00e5\",\"Ti\",\"On\",\"To\",\"Fr\",\"L\\u00f6\"],\"recaptchaConsentMissing\":\"reCaptcha validation couldn&#039;t load.\",\"recaptchaMissingCookie\":\"reCaptcha v3 validation couldn&#039;t load the cookie needed to submit the form.\",\"recaptchaConsentEvent\":\"Accept reCaptcha cookies before sending the form.\",\"currency_symbol\":\"\",\"beforeForm\":\"\",\"beforeFields\":\"\",\"afterFields\":\"\",\"afterForm\":\"\"};form.fields=[{\"objectType\":\"Field\",\"objectDomain\":\"fields\",\"editActive\":false,\"order\":1,\"idAttribute\":\"id\",\"label\":\"F\\u00f6retagsnamn\",\"key\":\"foeretagsnamn_1669036326821\",\"type\":\"firstname\",\"created_at\":\"2017-11-07 10:14:49\",\"label_pos\":\"above\",\"required\":1,\"default\":\"\",\"placeholder\":\"\",\"container_class\":\"\",\"element_class\":\"form-control\",\"admin_label\":\"\",\"help_text\":\"\",\"desc_text\":\"\",\"custom_name_attribute\":\"fname\",\"personally_identifiable\":1,\"value\":\"\",\"drawerDisabled\":false,\"id\":239,\"beforeField\":\"\",\"afterField\":\"\",\"parentType\":\"firstname\",\"element_templates\":[\"firstname\",\"input\"],\"old_classname\":\"\",\"wrap_template\":\"wrap\"},{\"objectType\":\"Field\",\"objectDomain\":\"fields\",\"editActive\":false,\"order\":2,\"idAttribute\":\"id\",\"label\":\"Ditt namn\",\"type\":\"textbox\",\"key\":\"ditt_namn_1669036333489\",\"label_pos\":\"above\",\"required\":1,\"default\":\"\",\"placeholder\":\"\",\"container_class\":\"\",\"element_class\":\"\",\"input_limit\":\"\",\"input_limit_type\":\"characters\",\"input_limit_msg\":\"Character(s) left\",\"manual_key\":false,\"admin_label\":\"\",\"help_text\":\"\",\"mask\":\"\",\"custom_mask\":\"\",\"custom_name_attribute\":\"\",\"personally_identifiable\":\"\",\"value\":\"\",\"drawerDisabled\":false,\"id\":370,\"beforeField\":\"\",\"afterField\":\"\",\"parentType\":\"textbox\",\"element_templates\":[\"textbox\",\"input\"],\"old_classname\":\"\",\"wrap_template\":\"wrap\"},{\"objectType\":\"Field\",\"objectDomain\":\"fields\",\"editActive\":false,\"order\":3,\"idAttribute\":\"id\",\"label\":\"Telefon\",\"key\":\"telefon\",\"type\":\"textbox\",\"created_at\":\"2017-11-07 10:14:49\",\"label_pos\":\"above\",\"required\":1,\"placeholder\":\"\",\"default\":\"\",\"container_class\":\"\",\"element_class\":\"form-control\",\"input_limit\":\"\",\"input_limit_type\":\"characters\",\"input_limit_msg\":\"Character(s) left\",\"manual_key\":\"\",\"disable_input\":\"\",\"admin_label\":\"\",\"help_text\":\"\",\"desc_text\":\"\",\"disable_browser_autocomplete\":\"\",\"mask\":\"\",\"custom_mask\":\"\",\"custom_name_attribute\":\"\",\"personally_identifiable\":\"\",\"value\":\"\",\"id\":240,\"beforeField\":\"\",\"afterField\":\"\",\"parentType\":\"textbox\",\"element_templates\":[\"textbox\",\"input\"],\"old_classname\":\"\",\"wrap_template\":\"wrap\"},{\"objectType\":\"Field\",\"objectDomain\":\"fields\",\"editActive\":false,\"order\":4,\"idAttribute\":\"id\",\"label\":\"E-post\",\"key\":\"e-post\",\"type\":\"email\",\"created_at\":\"2017-11-07 10:14:49\",\"label_pos\":\"above\",\"required\":1,\"default\":\"\",\"placeholder\":\"\",\"container_class\":\"\",\"element_class\":\"form-control\",\"admin_label\":\"\",\"help_text\":\"\",\"desc_text\":\"\",\"custom_name_attribute\":\"email\",\"personally_identifiable\":1,\"value\":\"\",\"id\":241,\"beforeField\":\"\",\"afterField\":\"\",\"parentType\":\"email\",\"element_templates\":[\"email\",\"input\"],\"old_classname\":\"\",\"wrap_template\":\"wrap\"},{\"objectType\":\"Field\",\"objectDomain\":\"fields\",\"editActive\":false,\"order\":5,\"idAttribute\":\"id\",\"label\":\"Modell och serienummer\",\"type\":\"textbox\",\"key\":\"modell_och_serienummer\",\"label_pos\":\"above\",\"required\":1,\"placeholder\":\"\",\"default\":\"\",\"container_class\":\"\",\"element_class\":\"form-control\",\"input_limit\":\"\",\"input_limit_type\":\"characters\",\"input_limit_msg\":\"Character(s) left\",\"manual_key\":\"\",\"disable_input\":\"\",\"admin_label\":\"\",\"help_text\":\"\",\"desc_text\":\"\",\"disable_browser_autocomplete\":\"\",\"mask\":\"\",\"custom_mask\":\"\",\"created_at\":\"2016-12-13 15:40:58\",\"saved\":false,\"nicename\":\"Lumesaha mudel ja seerianumber\",\"custom_name_attribute\":\"\",\"personally_identifiable\":\"\",\"value\":\"\",\"id\":248,\"beforeField\":\"\",\"afterField\":\"\",\"parentType\":\"textbox\",\"element_templates\":[\"textbox\",\"input\"],\"old_classname\":\"\",\"wrap_template\":\"wrap\"},{\"objectType\":\"Field\",\"objectDomain\":\"fields\",\"editActive\":false,\"order\":6,\"idAttribute\":\"id\",\"label\":\"Meddelande\",\"key\":\"meddelande\",\"type\":\"textarea\",\"created_at\":\"2017-11-07 10:14:49\",\"label_pos\":\"above\",\"required\":0,\"placeholder\":\"\",\"default\":\"Hej,\\n\\nJag \\u00e4r intresserad av sn\\u00f6plogens blad och tillbeh\\u00f6r.\\nArt.nr och antal:\\n\\nKan du kontakta mig? Tack!\",\"container_class\":\"\",\"element_class\":\"form-control\",\"input_limit\":\"\",\"input_limit_type\":\"characters\",\"input_limit_msg\":\"Character(s) left\",\"manual_key\":\"\",\"disable_input\":\"\",\"admin_label\":\"\",\"help_text\":\"\",\"desc_text\":\"<p><br><\\\/p>\",\"disable_browser_autocomplete\":\"\",\"textarea_rte\":\"\",\"disable_rte_mobile\":\"\",\"textarea_media\":\"\",\"value\":\"Hej,\\n\\nJag \\u00e4r intresserad av sn\\u00f6plogens blad och tillbeh\\u00f6r.\\nArt.nr och antal:\\n\\nKan du kontakta mig? Tack!\",\"id\":242,\"beforeField\":\"\",\"afterField\":\"\",\"parentType\":\"textarea\",\"element_templates\":[\"textarea\",\"input\"],\"old_classname\":\"\",\"wrap_template\":\"wrap\"},{\"objectType\":\"Field\",\"objectDomain\":\"fields\",\"editActive\":false,\"order\":7,\"idAttribute\":\"id\",\"label\":\"Hidden\",\"key\":\"hidden_1\",\"type\":\"hidden\",\"created_at\":\"2016-12-12 10:53:34\",\"default\":\"{post:title} - {post:url}\",\"admin_label\":\"\",\"saved\":\"\",\"nicename\":\"Hidden\",\"drawerDisabled\":false,\"id\":243,\"beforeField\":\"\",\"afterField\":\"\",\"value\":\"Reservdelar - https:\\\/\\\/www.meiren.ee\\\/sv\\\/reservdelar\\\/\",\"label_pos\":\"above\",\"parentType\":\"hidden\",\"element_templates\":[\"hidden\",\"input\"],\"old_classname\":\"\",\"wrap_template\":\"wrap-no-label\"},{\"objectType\":\"Field\",\"objectDomain\":\"fields\",\"editActive\":false,\"order\":8,\"idAttribute\":\"id\",\"label\":\"Skicka f\\u00f6rfr\\u00e5gan\",\"key\":\"skicka_foerfragan\",\"type\":\"submit\",\"created_at\":\"2017-11-07 10:14:49\",\"processing_label\":\"Processing...\",\"container_class\":\"pull-text-center\",\"element_class\":\"\",\"id\":244,\"beforeField\":\"\",\"afterField\":\"\",\"value\":\"\",\"label_pos\":\"above\",\"parentType\":\"textbox\",\"element_templates\":[\"submit\",\"button\",\"input\"],\"old_classname\":\"\",\"wrap_template\":\"wrap-no-label\"}];nfForms.push(form);<\/script>\n        <\/p>\n","protected":false},"excerpt":{"rendered":"<p>Meiren reservdelar V\u00e4nligen fyll i f\u00f6ljande formul\u00e4r f\u00f6r att best\u00e4lla reservdelar:<\/p>\n","protected":false},"author":2,"featured_media":0,"parent":0,"menu_order":0,"comment_status":"closed","ping_status":"open","template":"page-special_page.php","meta":{"footnotes":""},"class_list":["post-1751","page","type-page","status-publish","hentry"],"yoast_head":"<!-- This site is optimized with the Yoast SEO plugin v25.6 - https:\/\/yoast.com\/wordpress\/plugins\/seo\/ -->\n<title>Reservdelar | Meiren lumesahad<\/title>\n<meta name=\"description\" content=\"F\u00f6r att f\u00f6renkla best\u00e4llning av delar till Meiren Snow kunder \u00f6ver hela v\u00e4rlden, \u00e4r vi nu lanserat en elektronisk reservdelsordersystem.\" \/>\n<meta name=\"robots\" content=\"index, follow, max-snippet:-1, max-image-preview:large, max-video-preview:-1\" \/>\n<link rel=\"canonical\" href=\"https:\/\/www.meiren.ee\/sv\/reservdelar\/\" \/>\n<meta property=\"og:locale\" content=\"sv_SE\" \/>\n<meta property=\"og:type\" content=\"article\" \/>\n<meta property=\"og:title\" content=\"Reservdelar | Meiren lumesahad\" \/>\n<meta property=\"og:description\" content=\"F\u00f6r att f\u00f6renkla best\u00e4llning av delar till Meiren Snow kunder \u00f6ver hela v\u00e4rlden, \u00e4r vi nu lanserat en elektronisk reservdelsordersystem.\" \/>\n<meta property=\"og:url\" content=\"https:\/\/www.meiren.ee\/sv\/reservdelar\/\" \/>\n<meta property=\"og:site_name\" content=\"Meiren lumesahad\" \/>\n<meta property=\"article:publisher\" content=\"https:\/\/www.facebook.com\/Meiren.ee?ref=nf\" \/>\n<meta property=\"article:modified_time\" content=\"2025-04-30T13:32:03+00:00\" \/>\n<meta name=\"twitter:card\" content=\"summary_large_image\" \/>\n<meta name=\"twitter:label1\" content=\"Ber\u00e4knad l\u00e4stid\" \/>\n\t<meta name=\"twitter:data1\" content=\"1 minut\" \/>\n<script type=\"application\/ld+json\" class=\"yoast-schema-graph\">{\"@context\":\"https:\/\/schema.org\",\"@graph\":[{\"@type\":\"WebPage\",\"@id\":\"https:\/\/www.meiren.ee\/sv\/reservdelar\/\",\"url\":\"https:\/\/www.meiren.ee\/sv\/reservdelar\/\",\"name\":\"Reservdelar | Meiren lumesahad\",\"isPartOf\":{\"@id\":\"https:\/\/www.meiren.ee\/en\/#website\"},\"datePublished\":\"2014-07-08T06:59:22+00:00\",\"dateModified\":\"2025-04-30T13:32:03+00:00\",\"description\":\"F\u00f6r att f\u00f6renkla best\u00e4llning av delar till Meiren Snow kunder \u00f6ver hela v\u00e4rlden, \u00e4r vi nu lanserat en elektronisk reservdelsordersystem.\",\"breadcrumb\":{\"@id\":\"https:\/\/www.meiren.ee\/sv\/reservdelar\/#breadcrumb\"},\"inLanguage\":\"sv-SE\",\"potentialAction\":[{\"@type\":\"ReadAction\",\"target\":[\"https:\/\/www.meiren.ee\/sv\/reservdelar\/\"]}]},{\"@type\":\"BreadcrumbList\",\"@id\":\"https:\/\/www.meiren.ee\/sv\/reservdelar\/#breadcrumb\",\"itemListElement\":[{\"@type\":\"ListItem\",\"position\":1,\"name\":\"Home\",\"item\":\"https:\/\/www.meiren.ee\/en\/\"},{\"@type\":\"ListItem\",\"position\":2,\"name\":\"Reservdelar\"}]},{\"@type\":\"WebSite\",\"@id\":\"https:\/\/www.meiren.ee\/en\/#website\",\"url\":\"https:\/\/www.meiren.ee\/en\/\",\"name\":\"Meiren lumesahad\",\"description\":\"Lumesahk ja lumet\u00f5rje tehnika, maantee lumesahk, lumesahk traktorile, lumesahk maasturile, harjad, lumekopp, varuosad ja hooldus, lumesaha terad, Kobit s.r.o. soolapuisturid\",\"potentialAction\":[{\"@type\":\"SearchAction\",\"target\":{\"@type\":\"EntryPoint\",\"urlTemplate\":\"https:\/\/www.meiren.ee\/en\/?s={search_term_string}\"},\"query-input\":{\"@type\":\"PropertyValueSpecification\",\"valueRequired\":true,\"valueName\":\"search_term_string\"}}],\"inLanguage\":\"sv-SE\"}]}<\/script>\n<!-- \/ Yoast SEO plugin. -->","yoast_head_json":{"title":"Reservdelar | Meiren lumesahad","description":"F\u00f6r att f\u00f6renkla best\u00e4llning av delar till Meiren Snow kunder \u00f6ver hela v\u00e4rlden, \u00e4r vi nu lanserat en elektronisk reservdelsordersystem.","robots":{"index":"index","follow":"follow","max-snippet":"max-snippet:-1","max-image-preview":"max-image-preview:large","max-video-preview":"max-video-preview:-1"},"canonical":"https:\/\/www.meiren.ee\/sv\/reservdelar\/","og_locale":"sv_SE","og_type":"article","og_title":"Reservdelar | Meiren lumesahad","og_description":"F\u00f6r att f\u00f6renkla best\u00e4llning av delar till Meiren Snow kunder \u00f6ver hela v\u00e4rlden, \u00e4r vi nu lanserat en elektronisk reservdelsordersystem.","og_url":"https:\/\/www.meiren.ee\/sv\/reservdelar\/","og_site_name":"Meiren lumesahad","article_publisher":"https:\/\/www.facebook.com\/Meiren.ee?ref=nf","article_modified_time":"2025-04-30T13:32:03+00:00","twitter_card":"summary_large_image","twitter_misc":{"Ber\u00e4knad l\u00e4stid":"1 minut"},"schema":{"@context":"https:\/\/schema.org","@graph":[{"@type":"WebPage","@id":"https:\/\/www.meiren.ee\/sv\/reservdelar\/","url":"https:\/\/www.meiren.ee\/sv\/reservdelar\/","name":"Reservdelar | Meiren lumesahad","isPartOf":{"@id":"https:\/\/www.meiren.ee\/en\/#website"},"datePublished":"2014-07-08T06:59:22+00:00","dateModified":"2025-04-30T13:32:03+00:00","description":"F\u00f6r att f\u00f6renkla best\u00e4llning av delar till Meiren Snow kunder \u00f6ver hela v\u00e4rlden, \u00e4r vi nu lanserat en elektronisk reservdelsordersystem.","breadcrumb":{"@id":"https:\/\/www.meiren.ee\/sv\/reservdelar\/#breadcrumb"},"inLanguage":"sv-SE","potentialAction":[{"@type":"ReadAction","target":["https:\/\/www.meiren.ee\/sv\/reservdelar\/"]}]},{"@type":"BreadcrumbList","@id":"https:\/\/www.meiren.ee\/sv\/reservdelar\/#breadcrumb","itemListElement":[{"@type":"ListItem","position":1,"name":"Home","item":"https:\/\/www.meiren.ee\/en\/"},{"@type":"ListItem","position":2,"name":"Reservdelar"}]},{"@type":"WebSite","@id":"https:\/\/www.meiren.ee\/en\/#website","url":"https:\/\/www.meiren.ee\/en\/","name":"Meiren lumesahad","description":"Lumesahk ja lumet\u00f5rje tehnika, maantee lumesahk, lumesahk traktorile, lumesahk maasturile, harjad, lumekopp, varuosad ja hooldus, lumesaha terad, Kobit s.r.o. soolapuisturid","potentialAction":[{"@type":"SearchAction","target":{"@type":"EntryPoint","urlTemplate":"https:\/\/www.meiren.ee\/en\/?s={search_term_string}"},"query-input":{"@type":"PropertyValueSpecification","valueRequired":true,"valueName":"search_term_string"}}],"inLanguage":"sv-SE"}]}},"_links":{"self":[{"href":"https:\/\/www.meiren.ee\/sv\/wp-json\/wp\/v2\/pages\/1751"}],"collection":[{"href":"https:\/\/www.meiren.ee\/sv\/wp-json\/wp\/v2\/pages"}],"about":[{"href":"https:\/\/www.meiren.ee\/sv\/wp-json\/wp\/v2\/types\/page"}],"author":[{"embeddable":true,"href":"https:\/\/www.meiren.ee\/sv\/wp-json\/wp\/v2\/users\/2"}],"replies":[{"embeddable":true,"href":"https:\/\/www.meiren.ee\/sv\/wp-json\/wp\/v2\/comments?post=1751"}],"version-history":[{"count":11,"href":"https:\/\/www.meiren.ee\/sv\/wp-json\/wp\/v2\/pages\/1751\/revisions"}],"predecessor-version":[{"id":20849,"href":"https:\/\/www.meiren.ee\/sv\/wp-json\/wp\/v2\/pages\/1751\/revisions\/20849"}],"wp:attachment":[{"href":"https:\/\/www.meiren.ee\/sv\/wp-json\/wp\/v2\/media?parent=1751"}],"curies":[{"name":"wp","href":"https:\/\/api.w.org\/{rel}","templated":true}]}}