{"id":1918,"date":"2014-07-10T16:08:38","date_gmt":"2014-07-10T13:08:38","guid":{"rendered":"https:\/\/meiren.ee\/?page_id=1918"},"modified":"2019-03-01T15:24:23","modified_gmt":"2019-03-01T13:24:23","slug":"animation-swe","status":"publish","type":"page","link":"https:\/\/www.meiren.ee\/sv\/animation-swe\/","title":{"rendered":"Animation"},"content":{"rendered":"<p>Animation om Meirens <b>next generation diagonalplogen MSPN4604<\/b><\/p>\n<h2><a href=\"https:\/\/meiren.ee\/sv\/snoplogar\/diagonalplogar-mspn\/\" target=\"_blank\"><u>Meiren diagonalplog MSPN04<\/u><\/a><\/h2>\n<figure class=\"video-container\"><iframe title=\"Snow removal with highway snowplow MSPN by Meiren Snow\" width=\"500\" height=\"281\" src=\"https:\/\/www.youtube.com\/embed\/whHXLrtcoYo?feature=oembed\" frameborder=\"0\" allow=\"accelerometer; autoplay; clipboard-write; encrypted-media; gyroscope; picture-in-picture; web-share\" referrerpolicy=\"strict-origin-when-cross-origin\" allowfullscreen><\/iframe><\/figure>\n<h2><a href=\"https:\/\/meiren.ee\/sv\/patenterad-skarhallare\/\"><u>Patenterad sk\u00e4rh\u00e5llare av polyuretan<\/u><\/a><\/h2>\n<figure class=\"video-container\"><iframe title=\"Snow clearing with polyurethane blade holder by Meiren Snow\" width=\"500\" height=\"281\" src=\"https:\/\/www.youtube.com\/embed\/ox_kNo544jk?feature=oembed\" frameborder=\"0\" allow=\"accelerometer; autoplay; clipboard-write; encrypted-media; gyroscope; picture-in-picture; web-share\" referrerpolicy=\"strict-origin-when-cross-origin\" allowfullscreen><\/iframe><\/figure>\n","protected":false},"excerpt":{"rendered":"<p>Animation om Meirens next generation diagonalplogen MSPN4604 Meiren diagonalplog MSPN04 Patenterad sk\u00e4rh\u00e5llare av polyuretan<\/p>\n","protected":false},"author":2,"featured_media":0,"parent":0,"menu_order":0,"comment_status":"closed","ping_status":"open","template":"page-special_page.php","meta":{"footnotes":""},"class_list":["post-1918","page","type-page","status-publish","hentry"],"yoast_head":"<!-- This site is optimized with the Yoast SEO plugin v25.6 - https:\/\/yoast.com\/wordpress\/plugins\/seo\/ -->\n<title>Animation | Meiren lumesahad<\/title>\n<meta name=\"description\" content=\"Titta p\u00e5 animeringar om Meiren &#039;s Next Generation sn\u00f6plog MSPN4604LH rensar motorv\u00e4gen och hur patenterade bladh\u00e5llare Polyuretan arbete.\" \/>\n<meta name=\"robots\" content=\"index, follow, max-snippet:-1, max-image-preview:large, max-video-preview:-1\" \/>\n<link rel=\"canonical\" href=\"https:\/\/www.meiren.ee\/sv\/animation-swe\/\" \/>\n<meta property=\"og:locale\" content=\"sv_SE\" \/>\n<meta property=\"og:type\" content=\"article\" \/>\n<meta property=\"og:title\" content=\"Animation | Meiren lumesahad\" \/>\n<meta property=\"og:description\" content=\"Titta p\u00e5 animeringar om Meiren &#039;s Next Generation sn\u00f6plog MSPN4604LH rensar motorv\u00e4gen och hur patenterade bladh\u00e5llare Polyuretan arbete.\" \/>\n<meta property=\"og:url\" content=\"https:\/\/www.meiren.ee\/sv\/animation-swe\/\" \/>\n<meta property=\"og:site_name\" content=\"Meiren lumesahad\" \/>\n<meta property=\"article:publisher\" content=\"https:\/\/www.facebook.com\/Meiren.ee?ref=nf\" \/>\n<meta property=\"article:modified_time\" content=\"2019-03-01T13:24:23+00:00\" \/>\n<meta name=\"twitter:card\" content=\"summary_large_image\" \/>\n<script type=\"application\/ld+json\" class=\"yoast-schema-graph\">{\"@context\":\"https:\/\/schema.org\",\"@graph\":[{\"@type\":\"WebPage\",\"@id\":\"https:\/\/www.meiren.ee\/sv\/animation-swe\/\",\"url\":\"https:\/\/www.meiren.ee\/sv\/animation-swe\/\",\"name\":\"Animation | Meiren lumesahad\",\"isPartOf\":{\"@id\":\"https:\/\/www.meiren.ee\/en\/#website\"},\"datePublished\":\"2014-07-10T13:08:38+00:00\",\"dateModified\":\"2019-03-01T13:24:23+00:00\",\"description\":\"Titta p\u00e5 animeringar om Meiren 's Next Generation sn\u00f6plog MSPN4604LH rensar motorv\u00e4gen och hur patenterade bladh\u00e5llare Polyuretan arbete.\",\"breadcrumb\":{\"@id\":\"https:\/\/www.meiren.ee\/sv\/animation-swe\/#breadcrumb\"},\"inLanguage\":\"sv-SE\",\"potentialAction\":[{\"@type\":\"ReadAction\",\"target\":[\"https:\/\/www.meiren.ee\/sv\/animation-swe\/\"]}]},{\"@type\":\"BreadcrumbList\",\"@id\":\"https:\/\/www.meiren.ee\/sv\/animation-swe\/#breadcrumb\",\"itemListElement\":[{\"@type\":\"ListItem\",\"position\":1,\"name\":\"Home\",\"item\":\"https:\/\/www.meiren.ee\/en\/\"},{\"@type\":\"ListItem\",\"position\":2,\"name\":\"Animation\"}]},{\"@type\":\"WebSite\",\"@id\":\"https:\/\/www.meiren.ee\/en\/#website\",\"url\":\"https:\/\/www.meiren.ee\/en\/\",\"name\":\"Meiren lumesahad\",\"description\":\"Lumesahk ja lumet\u00f5rje tehnika, maantee lumesahk, lumesahk traktorile, lumesahk maasturile, harjad, lumekopp, varuosad ja hooldus, lumesaha terad, Kobit s.r.o. soolapuisturid\",\"potentialAction\":[{\"@type\":\"SearchAction\",\"target\":{\"@type\":\"EntryPoint\",\"urlTemplate\":\"https:\/\/www.meiren.ee\/en\/?s={search_term_string}\"},\"query-input\":{\"@type\":\"PropertyValueSpecification\",\"valueRequired\":true,\"valueName\":\"search_term_string\"}}],\"inLanguage\":\"sv-SE\"}]}<\/script>\n<!-- \/ Yoast SEO plugin. -->","yoast_head_json":{"title":"Animation | Meiren lumesahad","description":"Titta p\u00e5 animeringar om Meiren 's Next Generation sn\u00f6plog MSPN4604LH rensar motorv\u00e4gen och hur patenterade bladh\u00e5llare Polyuretan arbete.","robots":{"index":"index","follow":"follow","max-snippet":"max-snippet:-1","max-image-preview":"max-image-preview:large","max-video-preview":"max-video-preview:-1"},"canonical":"https:\/\/www.meiren.ee\/sv\/animation-swe\/","og_locale":"sv_SE","og_type":"article","og_title":"Animation | Meiren lumesahad","og_description":"Titta p\u00e5 animeringar om Meiren 's Next Generation sn\u00f6plog MSPN4604LH rensar motorv\u00e4gen och hur patenterade bladh\u00e5llare Polyuretan arbete.","og_url":"https:\/\/www.meiren.ee\/sv\/animation-swe\/","og_site_name":"Meiren lumesahad","article_publisher":"https:\/\/www.facebook.com\/Meiren.ee?ref=nf","article_modified_time":"2019-03-01T13:24:23+00:00","twitter_card":"summary_large_image","schema":{"@context":"https:\/\/schema.org","@graph":[{"@type":"WebPage","@id":"https:\/\/www.meiren.ee\/sv\/animation-swe\/","url":"https:\/\/www.meiren.ee\/sv\/animation-swe\/","name":"Animation | Meiren lumesahad","isPartOf":{"@id":"https:\/\/www.meiren.ee\/en\/#website"},"datePublished":"2014-07-10T13:08:38+00:00","dateModified":"2019-03-01T13:24:23+00:00","description":"Titta p\u00e5 animeringar om Meiren 's Next Generation sn\u00f6plog MSPN4604LH rensar motorv\u00e4gen och hur patenterade bladh\u00e5llare Polyuretan arbete.","breadcrumb":{"@id":"https:\/\/www.meiren.ee\/sv\/animation-swe\/#breadcrumb"},"inLanguage":"sv-SE","potentialAction":[{"@type":"ReadAction","target":["https:\/\/www.meiren.ee\/sv\/animation-swe\/"]}]},{"@type":"BreadcrumbList","@id":"https:\/\/www.meiren.ee\/sv\/animation-swe\/#breadcrumb","itemListElement":[{"@type":"ListItem","position":1,"name":"Home","item":"https:\/\/www.meiren.ee\/en\/"},{"@type":"ListItem","position":2,"name":"Animation"}]},{"@type":"WebSite","@id":"https:\/\/www.meiren.ee\/en\/#website","url":"https:\/\/www.meiren.ee\/en\/","name":"Meiren lumesahad","description":"Lumesahk ja lumet\u00f5rje tehnika, maantee lumesahk, lumesahk traktorile, lumesahk maasturile, harjad, lumekopp, varuosad ja hooldus, lumesaha terad, Kobit s.r.o. soolapuisturid","potentialAction":[{"@type":"SearchAction","target":{"@type":"EntryPoint","urlTemplate":"https:\/\/www.meiren.ee\/en\/?s={search_term_string}"},"query-input":{"@type":"PropertyValueSpecification","valueRequired":true,"valueName":"search_term_string"}}],"inLanguage":"sv-SE"}]}},"_links":{"self":[{"href":"https:\/\/www.meiren.ee\/sv\/wp-json\/wp\/v2\/pages\/1918"}],"collection":[{"href":"https:\/\/www.meiren.ee\/sv\/wp-json\/wp\/v2\/pages"}],"about":[{"href":"https:\/\/www.meiren.ee\/sv\/wp-json\/wp\/v2\/types\/page"}],"author":[{"embeddable":true,"href":"https:\/\/www.meiren.ee\/sv\/wp-json\/wp\/v2\/users\/2"}],"replies":[{"embeddable":true,"href":"https:\/\/www.meiren.ee\/sv\/wp-json\/wp\/v2\/comments?post=1918"}],"version-history":[{"count":13,"href":"https:\/\/www.meiren.ee\/sv\/wp-json\/wp\/v2\/pages\/1918\/revisions"}],"predecessor-version":[{"id":15592,"href":"https:\/\/www.meiren.ee\/sv\/wp-json\/wp\/v2\/pages\/1918\/revisions\/15592"}],"wp:attachment":[{"href":"https:\/\/www.meiren.ee\/sv\/wp-json\/wp\/v2\/media?parent=1918"}],"curies":[{"name":"wp","href":"https:\/\/api.w.org\/{rel}","templated":true}]}}