{"id":22024,"date":"2022-11-01T09:21:36","date_gmt":"2022-11-01T07:21:36","guid":{"rendered":"https:\/\/www.meiren.ee\/?page_id=22024"},"modified":"2025-04-30T08:46:19","modified_gmt":"2025-04-30T05:46:19","slug":"tillbehor","status":"publish","type":"page","link":"https:\/\/www.meiren.ee\/sv\/tillbehor\/","title":{"rendered":"Tillbeh\u00f6r"},"content":{"rendered":"<table style=\"border-collapse: collapse; width: 100%;\">\n<tbody>\n<tr>\n<td style=\"width: 50%;\"><span style=\"font-size: 14pt;\"><a href=\"https:\/\/www.meiren.ee\/sv\/patenterad-skarhallare\/\" target=\"_blank\" rel=\"noopener\"><strong>Patenterad sk\u00e4rh\u00e5llare av polyuretan<\/strong><\/a><br \/>\n<\/span><a href=\"https:\/\/www.meiren.ee\/sv\/patenterad-skarhallare\/\" target=\"_blank\" rel=\"noopener\"><img fetchpriority=\"high\" decoding=\"async\" class=\"alignnone wp-image-22062 size-medium\" src=\"https:\/\/www.meiren.ee\/wp-content\/uploads\/2022\/11\/Polyurethane-blade-holders_patented-300x208.jpg\" alt=\"Patenterad sk\u00e4rh\u00e5llare\" width=\"300\" height=\"208\" srcset=\"https:\/\/www.meiren.ee\/wp-content\/uploads\/2022\/11\/Polyurethane-blade-holders_patented-300x208.jpg 300w, https:\/\/www.meiren.ee\/wp-content\/uploads\/2022\/11\/Polyurethane-blade-holders_patented.jpg 390w\" sizes=\"(max-width: 300px) 100vw, 300px\" \/><\/a><\/td>\n<td style=\"width: 50%;\"><span style=\"font-size: 14pt;\"><a href=\"https:\/\/www.meiren.ee\/sv\/parallellogram-med-sidoforskjutningen\/\" target=\"_blank\" rel=\"noopener\"><strong>Parallellogram med sidof\u00f6rskjutningen<\/strong><\/a><br \/>\n<\/span><a href=\"https:\/\/www.meiren.ee\/sv\/parallellogram-med-sidoforskjutningen\/\" target=\"_blank\" rel=\"noopener\"><img decoding=\"async\" class=\"alignnone wp-image-22074 size-medium\" src=\"https:\/\/www.meiren.ee\/wp-content\/uploads\/2022\/11\/Parallelogram_patented-300x208.jpg\" alt=\"Patenterad parallelogram med sidof\u00f6rskjutningen\" width=\"300\" height=\"208\" srcset=\"https:\/\/www.meiren.ee\/wp-content\/uploads\/2022\/11\/Parallelogram_patented-300x208.jpg 300w, https:\/\/www.meiren.ee\/wp-content\/uploads\/2022\/11\/Parallelogram_patented.jpg 390w\" sizes=\"(max-width: 300px) 100vw, 300px\" \/><\/a><\/td>\n<\/tr>\n<tr>\n<td style=\"width: 50%;\"><span style=\"font-size: 14pt;\"><a href=\"https:\/\/www.meiren.ee\/sv\/stodben\/\" target=\"_blank\" rel=\"noopener\"><strong>St\u00f6dben<\/strong><\/a><br \/>\n<\/span><a href=\"https:\/\/www.meiren.ee\/sv\/stodben\/\" target=\"_blank\" rel=\"noopener\"><img decoding=\"async\" class=\"alignnone wp-image-12077\" src=\"https:\/\/www.meiren.ee\/wp-content\/uploads\/2017\/03\/Support-leg-300x181.png\" alt=\"Manuell justerbar st\u00f6dben f\u00f6r lagring\" width=\"300\" height=\"208\" \/><\/a><\/td>\n<td style=\"width: 50%;\"><span style=\"font-size: 14pt;\"><a href=\"https:\/\/www.meiren.ee\/sv\/hydraulisk-moddskar\/\" target=\"_blank\" rel=\"noopener\"><strong>Hydraulisk moddsk\u00e4r LH<\/strong><\/a><br \/>\n<\/span><a href=\"https:\/\/www.meiren.ee\/sv\/hydraulisk-moddskar\/\" target=\"_blank\" rel=\"noopener\"><img loading=\"lazy\" decoding=\"async\" class=\"alignnone\" src=\"https:\/\/meiren.ee\/wp-content\/uploads\/2017\/03\/Hydraulic-additional-blade-mechanism.jpg\" alt=\"Hydraulisk moddsk\u00e4r LH\" width=\"300\" height=\"208\" \/><\/a><\/td>\n<\/tr>\n<tr>\n<td style=\"width: 50%;\"><span style=\"font-size: 14pt;\"><a href=\"https:\/\/meiren.ee\/sv\/manometer-3\/\" target=\"_blank\" rel=\"noopener\"><strong>Manometer f\u00f6r moddsk\u00e4ren<\/strong><\/a><br \/>\n<\/span><a href=\"https:\/\/meiren.ee\/sv\/manometer-3\/\" target=\"_blank\" rel=\"noopener\"><img loading=\"lazy\" decoding=\"async\" class=\"alignnone\" src=\"https:\/\/meiren.ee\/wp-content\/uploads\/2014\/07\/Manomeeter-390x270.jpg\" alt=\"Manometer hj\u00e4lper dig att alltid v\u00e4lja r\u00e4tt tryck p\u00e5 moddsk\u00e4ret\" width=\"300\" height=\"208\" \/><\/a><\/td>\n<td style=\"width: 50%;\"><span style=\"font-size: 14pt;\"><a href=\"https:\/\/www.meiren.ee\/sv\/hoernskaer\/\" target=\"_blank\" rel=\"noopener\"><strong>H\u00f6rnsk\u00e4r<\/strong><\/a><br \/>\n<\/span><a href=\"https:\/\/meiren.ee\/sv\/hoernskaer\/\" target=\"_blank\" rel=\"noopener\"><img loading=\"lazy\" decoding=\"async\" class=\"alignnone wp-image-22083 size-medium\" src=\"https:\/\/www.meiren.ee\/wp-content\/uploads\/2022\/11\/Corner-blade-300x208.jpg\" alt=\"Stelt fixerade h\u00f6rnsk\u00e4r\" width=\"300\" height=\"208\" srcset=\"https:\/\/www.meiren.ee\/wp-content\/uploads\/2022\/11\/Corner-blade-300x208.jpg 300w, https:\/\/www.meiren.ee\/wp-content\/uploads\/2022\/11\/Corner-blade.jpg 390w\" sizes=\"(max-width: 300px) 100vw, 300px\" \/><\/a><\/td>\n<\/tr>\n<tr>\n<td style=\"width: 50%;\"><span style=\"font-size: 14pt;\"><a href=\"https:\/\/www.meiren.ee\/sv\/flexibla-sidoskar\/\" target=\"_blank\" rel=\"noopener\"><strong>Flexibla sidosk\u00e4r<\/strong><\/a><br \/>\n<\/span><a href=\"https:\/\/www.meiren.ee\/sv\/flexibla-sidoskar\/\" target=\"_blank\" rel=\"noopener\"><img loading=\"lazy\" decoding=\"async\" class=\"alignnone\" src=\"https:\/\/meiren.ee\/wp-content\/uploads\/2017\/03\/Flexible-corner-blade-390x270.jpg\" alt=\"Flexibla sidosk\u00e4r\" width=\"300\" height=\"208\" \/><\/a><\/td>\n<td style=\"width: 50%;\"><span style=\"font-size: 14pt;\"><a href=\"https:\/\/www.meiren.ee\/sv\/sidoskydd-plast\/\" target=\"_blank\" rel=\"noopener\"><strong>Sidoskydd i plast<\/strong><\/a><br \/>\n<\/span><a href=\"https:\/\/www.meiren.ee\/sv\/sidoskydd-plast\/\" target=\"_blank\" rel=\"noopener\"><img loading=\"lazy\" decoding=\"async\" class=\"alignnone\" src=\"https:\/\/meiren.ee\/wp-content\/uploads\/2017\/03\/Plastic-side-protection-390x270.jpg\" alt=\"Plastic side protection saves the moldboard\" width=\"300\" height=\"208\" \/><\/a><\/td>\n<\/tr>\n<tr>\n<td style=\"width: 50%;\"><span style=\"font-size: 14pt;\"><a href=\"https:\/\/www.meiren.ee\/sv\/hojd-sno-flode\/\" target=\"_blank\" rel=\"noopener\"><strong>H\u00f6jd sn\u00f6 fl\u00f6de<\/strong><\/a><br \/>\n<\/span><a href=\"https:\/\/www.meiren.ee\/sv\/hojd-sno-flode\/\" target=\"_blank\" rel=\"noopener\"><img loading=\"lazy\" decoding=\"async\" class=\"alignnone\" src=\"https:\/\/meiren.ee\/wp-content\/uploads\/2017\/03\/Snow-flow-guide-390x270.jpg\" alt=\"H\u00f6jd sn\u00f6 fl\u00f6de\" width=\"300\" height=\"208\" \/><\/a><\/td>\n<td style=\"width: 50%;\"><span style=\"font-size: 14pt;\"><a href=\"https:\/\/www.meiren.ee\/sv\/justerbar-slapsko\/\" target=\"_blank\" rel=\"noopener\"><strong>Justerbar sl\u00e4psko<\/strong><\/a><br \/>\n<\/span><a href=\"https:\/\/www.meiren.ee\/sv\/justerbar-slapsko\/\" target=\"_blank\" rel=\"noopener\"><img loading=\"lazy\" decoding=\"async\" class=\"alignnone\" src=\"https:\/\/meiren.ee\/wp-content\/uploads\/2017\/07\/Sandvik-skid-shoe-277x270.jpg\" alt=\"Sandvik sl\u00e4psko\" width=\"300\" height=\"208\" \/><\/a><\/td>\n<\/tr>\n<tr>\n<td style=\"width: 50%;\"><span style=\"font-size: 14pt;\"><a href=\"https:\/\/www.meiren.ee\/sv\/justerbara-stodhjul\/\" target=\"_blank\" rel=\"noopener\"><strong>Justerbara st\u00f6dhjul<\/strong><\/a><\/span><br \/>\n<a href=\"https:\/\/www.meiren.ee\/sv\/justerbara-stodhjul\/\" target=\"_blank\" rel=\"noopener\"><img loading=\"lazy\" decoding=\"async\" class=\"alignnone\" src=\"https:\/\/meiren.ee\/wp-content\/uploads\/2014\/04\/Uus-pilt2-390x270.jpg\" alt=\"Justerbara st\u00f6dhjul\" width=\"300\" height=\"208\" \/><\/a><\/td>\n<td style=\"width: 50%;\"><span style=\"font-size: 14pt;\"><a href=\"https:\/\/www.meiren.ee\/en\/wireless-switch\/\" target=\"_blank\" rel=\"noopener\"><strong>Wireless switch<\/strong><\/a><\/span><br \/>\n<a href=\"https:\/\/www.meiren.ee\/en\/wireless-switch\/\" target=\"_blank\" rel=\"noopener\"><img loading=\"lazy\" decoding=\"async\" class=\"alignnone\" src=\"https:\/\/www.meiren.ee\/wp-content\/uploads\/2019\/09\/20191004_093736-e1570174458627-300x174.jpg\" alt=\"Wireless switch for controlling electric hydraulic distributor\" width=\"300\" height=\"208\" \/><\/a><\/td>\n<\/tr>\n<tr style=\"height: 238px;\">\n<td style=\"width: 50%; height: 242px;\"><span style=\"font-size: 14pt;\"><a href=\"https:\/\/www.meiren.ee\/sv\/vinghojd\/\" target=\"_blank\" rel=\"noopener\"><strong>Vingh\u00f6jd<\/strong><\/a><\/span><\/p>\n<p><span style=\"font-size: 14pt;\"><strong><a href=\"https:\/\/www.meiren.ee\/sv\/vinghojd\/\" target=\"_blank\" rel=\"noopener\"><img loading=\"lazy\" decoding=\"async\" class=\"alignnone wp-image-19100 size-medium\" src=\"https:\/\/www.meiren.ee\/wp-content\/uploads\/2016\/07\/Holmad-300x158.png\" alt=\"Fyra olika vingh\u00f6jder finns tillg\u00e4ngliga\" width=\"300\" height=\"158\" srcset=\"https:\/\/www.meiren.ee\/wp-content\/uploads\/2016\/07\/Holmad-300x158.png 300w, https:\/\/www.meiren.ee\/wp-content\/uploads\/2016\/07\/Holmad-890x467.png 890w, https:\/\/www.meiren.ee\/wp-content\/uploads\/2016\/07\/Holmad-768x403.png 768w, https:\/\/www.meiren.ee\/wp-content\/uploads\/2016\/07\/Holmad.png 1200w\" sizes=\"(max-width: 300px) 100vw, 300px\" \/><\/a><\/strong><\/span><\/td>\n<td style=\"width: 50%;\"><a href=\"https:\/\/www.meiren.ee\/sv\/hydrauliskt-snostopp\/\" target=\"_blank\" rel=\"noopener\"><strong>Hydrauliskt sn\u00f6stopp<\/strong><\/a><br \/>\n<a href=\"https:\/\/www.meiren.ee\/sv\/hydrauliskt-snostopp\/\"><img loading=\"lazy\" decoding=\"async\" class=\"wp-image-23534 alignnone\" src=\"https:\/\/www.meiren.ee\/wp-content\/uploads\/2024\/04\/MSPN-Lumestop-1-890x501.jpg\" alt=\"\" width=\"300\" height=\"169\" srcset=\"https:\/\/www.meiren.ee\/wp-content\/uploads\/2024\/04\/MSPN-Lumestop-1-890x501.jpg 890w, https:\/\/www.meiren.ee\/wp-content\/uploads\/2024\/04\/MSPN-Lumestop-1-300x169.jpg 300w, https:\/\/www.meiren.ee\/wp-content\/uploads\/2024\/04\/MSPN-Lumestop-1-768x432.jpg 768w, https:\/\/www.meiren.ee\/wp-content\/uploads\/2024\/04\/MSPN-Lumestop-1-1536x864.jpg 1536w, https:\/\/www.meiren.ee\/wp-content\/uploads\/2024\/04\/MSPN-Lumestop-1-2048x1152.jpg 2048w\" sizes=\"(max-width: 300px) 100vw, 300px\" \/><\/a><\/td>\n<\/tr>\n<tr>\n<td style=\"width: 50%;\"><span style=\"font-size: 14pt;\"><strong>\u00a0<\/strong><\/span><\/td>\n<td style=\"width: 50%;\"><\/td>\n<\/tr>\n<\/tbody>\n<\/table>\n<p>&nbsp;<\/p>\n","protected":false},"excerpt":{"rendered":"<p>Patenterad sk\u00e4rh\u00e5llare av polyuretan Parallellogram med sidof\u00f6rskjutningen St\u00f6dben Hydraulisk moddsk\u00e4r LH Manometer f\u00f6r moddsk\u00e4ren H\u00f6rnsk\u00e4r Flexibla sidosk\u00e4r Sidoskydd i plast H\u00f6jd sn\u00f6 fl\u00f6de Justerbar sl\u00e4psko Justerbara st\u00f6dhjul Wireless switch Vingh\u00f6jd Hydrauliskt sn\u00f6stopp \u00a0 &nbsp;<\/p>\n","protected":false},"author":2,"featured_media":0,"parent":0,"menu_order":0,"comment_status":"closed","ping_status":"closed","template":"page-special_page.php","meta":{"footnotes":""},"class_list":["post-22024","page","type-page","status-publish","hentry"],"yoast_head":"<!-- This site is optimized with the Yoast SEO plugin v25.6 - https:\/\/yoast.com\/wordpress\/plugins\/seo\/ -->\n<title>Tillbeh\u00f6r | Meiren lumesahad<\/title>\n<meta name=\"description\" content=\"Tillbeh\u00f6r f\u00f6r Meiren produkter med f\u00f6rklarning av funktioner\" \/>\n<meta name=\"robots\" content=\"index, follow, max-snippet:-1, max-image-preview:large, max-video-preview:-1\" \/>\n<link rel=\"canonical\" href=\"https:\/\/www.meiren.ee\/sv\/tillbehor\/\" \/>\n<meta property=\"og:locale\" content=\"sv_SE\" \/>\n<meta property=\"og:type\" content=\"article\" \/>\n<meta property=\"og:title\" content=\"Tillbeh\u00f6r | Meiren lumesahad\" \/>\n<meta property=\"og:description\" content=\"Tillbeh\u00f6r f\u00f6r Meiren produkter med f\u00f6rklarning av funktioner\" \/>\n<meta property=\"og:url\" content=\"https:\/\/www.meiren.ee\/sv\/tillbehor\/\" \/>\n<meta property=\"og:site_name\" content=\"Meiren lumesahad\" \/>\n<meta property=\"article:publisher\" content=\"https:\/\/www.facebook.com\/Meiren.ee?ref=nf\" \/>\n<meta property=\"article:modified_time\" content=\"2025-04-30T05:46:19+00:00\" \/>\n<meta property=\"og:image\" content=\"https:\/\/www.meiren.ee\/wp-content\/uploads\/2022\/11\/Polyurethane-blade-holders_patented.jpg\" \/>\n\t<meta property=\"og:image:width\" content=\"390\" \/>\n\t<meta property=\"og:image:height\" content=\"270\" \/>\n\t<meta property=\"og:image:type\" content=\"image\/jpeg\" \/>\n<meta name=\"twitter:card\" content=\"summary_large_image\" \/>\n<meta name=\"twitter:label1\" content=\"Ber\u00e4knad l\u00e4stid\" \/>\n\t<meta name=\"twitter:data1\" content=\"3 minuter\" \/>\n<script type=\"application\/ld+json\" class=\"yoast-schema-graph\">{\"@context\":\"https:\/\/schema.org\",\"@graph\":[{\"@type\":\"WebPage\",\"@id\":\"https:\/\/www.meiren.ee\/sv\/tillbehor\/\",\"url\":\"https:\/\/www.meiren.ee\/sv\/tillbehor\/\",\"name\":\"Tillbeh\u00f6r | Meiren lumesahad\",\"isPartOf\":{\"@id\":\"https:\/\/www.meiren.ee\/en\/#website\"},\"primaryImageOfPage\":{\"@id\":\"https:\/\/www.meiren.ee\/sv\/tillbehor\/#primaryimage\"},\"image\":{\"@id\":\"https:\/\/www.meiren.ee\/sv\/tillbehor\/#primaryimage\"},\"thumbnailUrl\":\"https:\/\/www.meiren.ee\/wp-content\/uploads\/2022\/11\/Polyurethane-blade-holders_patented-300x208.jpg\",\"datePublished\":\"2022-11-01T07:21:36+00:00\",\"dateModified\":\"2025-04-30T05:46:19+00:00\",\"description\":\"Tillbeh\u00f6r f\u00f6r Meiren produkter med f\u00f6rklarning av funktioner\",\"breadcrumb\":{\"@id\":\"https:\/\/www.meiren.ee\/sv\/tillbehor\/#breadcrumb\"},\"inLanguage\":\"sv-SE\",\"potentialAction\":[{\"@type\":\"ReadAction\",\"target\":[\"https:\/\/www.meiren.ee\/sv\/tillbehor\/\"]}]},{\"@type\":\"ImageObject\",\"inLanguage\":\"sv-SE\",\"@id\":\"https:\/\/www.meiren.ee\/sv\/tillbehor\/#primaryimage\",\"url\":\"https:\/\/www.meiren.ee\/wp-content\/uploads\/2022\/11\/Polyurethane-blade-holders_patented-300x208.jpg\",\"contentUrl\":\"https:\/\/www.meiren.ee\/wp-content\/uploads\/2022\/11\/Polyurethane-blade-holders_patented-300x208.jpg\"},{\"@type\":\"BreadcrumbList\",\"@id\":\"https:\/\/www.meiren.ee\/sv\/tillbehor\/#breadcrumb\",\"itemListElement\":[{\"@type\":\"ListItem\",\"position\":1,\"name\":\"Home\",\"item\":\"https:\/\/www.meiren.ee\/en\/\"},{\"@type\":\"ListItem\",\"position\":2,\"name\":\"Tillbeh\u00f6r\"}]},{\"@type\":\"WebSite\",\"@id\":\"https:\/\/www.meiren.ee\/en\/#website\",\"url\":\"https:\/\/www.meiren.ee\/en\/\",\"name\":\"Meiren lumesahad\",\"description\":\"Lumesahk ja lumet\u00f5rje tehnika, maantee lumesahk, lumesahk traktorile, lumesahk maasturile, harjad, lumekopp, varuosad ja hooldus, lumesaha terad, Kobit s.r.o. soolapuisturid\",\"potentialAction\":[{\"@type\":\"SearchAction\",\"target\":{\"@type\":\"EntryPoint\",\"urlTemplate\":\"https:\/\/www.meiren.ee\/en\/?s={search_term_string}\"},\"query-input\":{\"@type\":\"PropertyValueSpecification\",\"valueRequired\":true,\"valueName\":\"search_term_string\"}}],\"inLanguage\":\"sv-SE\"}]}<\/script>\n<!-- \/ Yoast SEO plugin. -->","yoast_head_json":{"title":"Tillbeh\u00f6r | Meiren lumesahad","description":"Tillbeh\u00f6r f\u00f6r Meiren produkter med f\u00f6rklarning av funktioner","robots":{"index":"index","follow":"follow","max-snippet":"max-snippet:-1","max-image-preview":"max-image-preview:large","max-video-preview":"max-video-preview:-1"},"canonical":"https:\/\/www.meiren.ee\/sv\/tillbehor\/","og_locale":"sv_SE","og_type":"article","og_title":"Tillbeh\u00f6r | Meiren lumesahad","og_description":"Tillbeh\u00f6r f\u00f6r Meiren produkter med f\u00f6rklarning av funktioner","og_url":"https:\/\/www.meiren.ee\/sv\/tillbehor\/","og_site_name":"Meiren lumesahad","article_publisher":"https:\/\/www.facebook.com\/Meiren.ee?ref=nf","article_modified_time":"2025-04-30T05:46:19+00:00","og_image":[{"width":390,"height":270,"url":"https:\/\/www.meiren.ee\/wp-content\/uploads\/2022\/11\/Polyurethane-blade-holders_patented.jpg","type":"image\/jpeg"}],"twitter_card":"summary_large_image","twitter_misc":{"Ber\u00e4knad l\u00e4stid":"3 minuter"},"schema":{"@context":"https:\/\/schema.org","@graph":[{"@type":"WebPage","@id":"https:\/\/www.meiren.ee\/sv\/tillbehor\/","url":"https:\/\/www.meiren.ee\/sv\/tillbehor\/","name":"Tillbeh\u00f6r | Meiren lumesahad","isPartOf":{"@id":"https:\/\/www.meiren.ee\/en\/#website"},"primaryImageOfPage":{"@id":"https:\/\/www.meiren.ee\/sv\/tillbehor\/#primaryimage"},"image":{"@id":"https:\/\/www.meiren.ee\/sv\/tillbehor\/#primaryimage"},"thumbnailUrl":"https:\/\/www.meiren.ee\/wp-content\/uploads\/2022\/11\/Polyurethane-blade-holders_patented-300x208.jpg","datePublished":"2022-11-01T07:21:36+00:00","dateModified":"2025-04-30T05:46:19+00:00","description":"Tillbeh\u00f6r f\u00f6r Meiren produkter med f\u00f6rklarning av funktioner","breadcrumb":{"@id":"https:\/\/www.meiren.ee\/sv\/tillbehor\/#breadcrumb"},"inLanguage":"sv-SE","potentialAction":[{"@type":"ReadAction","target":["https:\/\/www.meiren.ee\/sv\/tillbehor\/"]}]},{"@type":"ImageObject","inLanguage":"sv-SE","@id":"https:\/\/www.meiren.ee\/sv\/tillbehor\/#primaryimage","url":"https:\/\/www.meiren.ee\/wp-content\/uploads\/2022\/11\/Polyurethane-blade-holders_patented-300x208.jpg","contentUrl":"https:\/\/www.meiren.ee\/wp-content\/uploads\/2022\/11\/Polyurethane-blade-holders_patented-300x208.jpg"},{"@type":"BreadcrumbList","@id":"https:\/\/www.meiren.ee\/sv\/tillbehor\/#breadcrumb","itemListElement":[{"@type":"ListItem","position":1,"name":"Home","item":"https:\/\/www.meiren.ee\/en\/"},{"@type":"ListItem","position":2,"name":"Tillbeh\u00f6r"}]},{"@type":"WebSite","@id":"https:\/\/www.meiren.ee\/en\/#website","url":"https:\/\/www.meiren.ee\/en\/","name":"Meiren lumesahad","description":"Lumesahk ja lumet\u00f5rje tehnika, maantee lumesahk, lumesahk traktorile, lumesahk maasturile, harjad, lumekopp, varuosad ja hooldus, lumesaha terad, Kobit s.r.o. soolapuisturid","potentialAction":[{"@type":"SearchAction","target":{"@type":"EntryPoint","urlTemplate":"https:\/\/www.meiren.ee\/en\/?s={search_term_string}"},"query-input":{"@type":"PropertyValueSpecification","valueRequired":true,"valueName":"search_term_string"}}],"inLanguage":"sv-SE"}]}},"_links":{"self":[{"href":"https:\/\/www.meiren.ee\/sv\/wp-json\/wp\/v2\/pages\/22024"}],"collection":[{"href":"https:\/\/www.meiren.ee\/sv\/wp-json\/wp\/v2\/pages"}],"about":[{"href":"https:\/\/www.meiren.ee\/sv\/wp-json\/wp\/v2\/types\/page"}],"author":[{"embeddable":true,"href":"https:\/\/www.meiren.ee\/sv\/wp-json\/wp\/v2\/users\/2"}],"replies":[{"embeddable":true,"href":"https:\/\/www.meiren.ee\/sv\/wp-json\/wp\/v2\/comments?post=22024"}],"version-history":[{"count":12,"href":"https:\/\/www.meiren.ee\/sv\/wp-json\/wp\/v2\/pages\/22024\/revisions"}],"predecessor-version":[{"id":24402,"href":"https:\/\/www.meiren.ee\/sv\/wp-json\/wp\/v2\/pages\/22024\/revisions\/24402"}],"wp:attachment":[{"href":"https:\/\/www.meiren.ee\/sv\/wp-json\/wp\/v2\/media?parent=22024"}],"curies":[{"name":"wp","href":"https:\/\/api.w.org\/{rel}","templated":true}]}}