{"id":2222,"date":"2014-07-15T13:01:45","date_gmt":"2014-07-15T10:01:45","guid":{"rendered":"https:\/\/meiren.ee\/?page_id=2222"},"modified":"2017-06-22T12:16:13","modified_gmt":"2017-06-22T09:16:13","slug":"generella-forsaljningsvillkor","status":"publish","type":"page","link":"https:\/\/www.meiren.ee\/sv\/generella-forsaljningsvillkor\/","title":{"rendered":"Generella f\u00f6rs\u00e4ljningsvillkor"},"content":{"rendered":"<p>Skriv ut de allm\u00e4nna f\u00f6rs\u00e4ljningsvillkor: <a href=\"https:\/\/meiren.ee\/wp-content\/uploads\/2013\/09\/General-Sales-Conditions-2015-v2.pdf\" target=\"_blank\"><img decoding=\"async\" class=\"alignnone size-full wp-image-2223\" src=\"https:\/\/meiren.ee\/wp-content\/uploads\/2014\/07\/terms_swe.png\" alt=\"terms_swe\" width=\"259\" height=\"84\" \/><\/a><\/p>\n","protected":false},"excerpt":{"rendered":"<p>Skriv ut de allm\u00e4nna f\u00f6rs\u00e4ljningsvillkor:<\/p>\n","protected":false},"author":2,"featured_media":0,"parent":0,"menu_order":0,"comment_status":"closed","ping_status":"open","template":"page-special_page.php","meta":{"footnotes":""},"class_list":["post-2222","page","type-page","status-publish","hentry"],"yoast_head":"<!-- This site is optimized with the Yoast SEO plugin v25.6 - https:\/\/yoast.com\/wordpress\/plugins\/seo\/ -->\n<title>Generella f\u00f6rs\u00e4ljningsvillkor | Meiren lumesahad<\/title>\n<meta name=\"description\" content=\"Skriv de allm\u00e4nna f\u00f6rs\u00e4ljningsvillkoren f\u00f6r f\u00f6retag Meiren Engineering O\u00dc\" \/>\n<meta name=\"robots\" content=\"index, follow, max-snippet:-1, max-image-preview:large, max-video-preview:-1\" \/>\n<link rel=\"canonical\" href=\"https:\/\/www.meiren.ee\/sv\/generella-forsaljningsvillkor\/\" \/>\n<meta property=\"og:locale\" content=\"sv_SE\" \/>\n<meta property=\"og:type\" content=\"article\" \/>\n<meta property=\"og:title\" content=\"Generella f\u00f6rs\u00e4ljningsvillkor | Meiren lumesahad\" \/>\n<meta property=\"og:description\" content=\"Skriv de allm\u00e4nna f\u00f6rs\u00e4ljningsvillkoren f\u00f6r f\u00f6retag Meiren Engineering O\u00dc\" \/>\n<meta property=\"og:url\" content=\"https:\/\/www.meiren.ee\/sv\/generella-forsaljningsvillkor\/\" \/>\n<meta property=\"og:site_name\" content=\"Meiren lumesahad\" \/>\n<meta property=\"article:publisher\" content=\"https:\/\/www.facebook.com\/Meiren.ee?ref=nf\" \/>\n<meta property=\"article:modified_time\" content=\"2017-06-22T09:16:13+00:00\" \/>\n<meta property=\"og:image\" content=\"https:\/\/meiren.ee\/wp-content\/uploads\/2014\/07\/terms_swe.png\" \/>\n<meta name=\"twitter:card\" content=\"summary_large_image\" \/>\n<script type=\"application\/ld+json\" class=\"yoast-schema-graph\">{\"@context\":\"https:\/\/schema.org\",\"@graph\":[{\"@type\":\"WebPage\",\"@id\":\"https:\/\/www.meiren.ee\/sv\/generella-forsaljningsvillkor\/\",\"url\":\"https:\/\/www.meiren.ee\/sv\/generella-forsaljningsvillkor\/\",\"name\":\"Generella f\u00f6rs\u00e4ljningsvillkor | Meiren lumesahad\",\"isPartOf\":{\"@id\":\"https:\/\/www.meiren.ee\/en\/#website\"},\"primaryImageOfPage\":{\"@id\":\"https:\/\/www.meiren.ee\/sv\/generella-forsaljningsvillkor\/#primaryimage\"},\"image\":{\"@id\":\"https:\/\/www.meiren.ee\/sv\/generella-forsaljningsvillkor\/#primaryimage\"},\"thumbnailUrl\":\"https:\/\/meiren.ee\/wp-content\/uploads\/2014\/07\/terms_swe.png\",\"datePublished\":\"2014-07-15T10:01:45+00:00\",\"dateModified\":\"2017-06-22T09:16:13+00:00\",\"description\":\"Skriv de allm\u00e4nna f\u00f6rs\u00e4ljningsvillkoren f\u00f6r f\u00f6retag Meiren Engineering O\u00dc\",\"breadcrumb\":{\"@id\":\"https:\/\/www.meiren.ee\/sv\/generella-forsaljningsvillkor\/#breadcrumb\"},\"inLanguage\":\"sv-SE\",\"potentialAction\":[{\"@type\":\"ReadAction\",\"target\":[\"https:\/\/www.meiren.ee\/sv\/generella-forsaljningsvillkor\/\"]}]},{\"@type\":\"ImageObject\",\"inLanguage\":\"sv-SE\",\"@id\":\"https:\/\/www.meiren.ee\/sv\/generella-forsaljningsvillkor\/#primaryimage\",\"url\":\"https:\/\/meiren.ee\/wp-content\/uploads\/2014\/07\/terms_swe.png\",\"contentUrl\":\"https:\/\/meiren.ee\/wp-content\/uploads\/2014\/07\/terms_swe.png\"},{\"@type\":\"BreadcrumbList\",\"@id\":\"https:\/\/www.meiren.ee\/sv\/generella-forsaljningsvillkor\/#breadcrumb\",\"itemListElement\":[{\"@type\":\"ListItem\",\"position\":1,\"name\":\"Home\",\"item\":\"https:\/\/www.meiren.ee\/en\/\"},{\"@type\":\"ListItem\",\"position\":2,\"name\":\"Generella f\u00f6rs\u00e4ljningsvillkor\"}]},{\"@type\":\"WebSite\",\"@id\":\"https:\/\/www.meiren.ee\/en\/#website\",\"url\":\"https:\/\/www.meiren.ee\/en\/\",\"name\":\"Meiren lumesahad\",\"description\":\"Lumesahk ja lumet\u00f5rje tehnika, maantee lumesahk, lumesahk traktorile, lumesahk maasturile, harjad, lumekopp, varuosad ja hooldus, lumesaha terad, Kobit s.r.o. soolapuisturid\",\"potentialAction\":[{\"@type\":\"SearchAction\",\"target\":{\"@type\":\"EntryPoint\",\"urlTemplate\":\"https:\/\/www.meiren.ee\/en\/?s={search_term_string}\"},\"query-input\":{\"@type\":\"PropertyValueSpecification\",\"valueRequired\":true,\"valueName\":\"search_term_string\"}}],\"inLanguage\":\"sv-SE\"}]}<\/script>\n<!-- \/ Yoast SEO plugin. -->","yoast_head_json":{"title":"Generella f\u00f6rs\u00e4ljningsvillkor | Meiren lumesahad","description":"Skriv de allm\u00e4nna f\u00f6rs\u00e4ljningsvillkoren f\u00f6r f\u00f6retag Meiren Engineering O\u00dc","robots":{"index":"index","follow":"follow","max-snippet":"max-snippet:-1","max-image-preview":"max-image-preview:large","max-video-preview":"max-video-preview:-1"},"canonical":"https:\/\/www.meiren.ee\/sv\/generella-forsaljningsvillkor\/","og_locale":"sv_SE","og_type":"article","og_title":"Generella f\u00f6rs\u00e4ljningsvillkor | Meiren lumesahad","og_description":"Skriv de allm\u00e4nna f\u00f6rs\u00e4ljningsvillkoren f\u00f6r f\u00f6retag Meiren Engineering O\u00dc","og_url":"https:\/\/www.meiren.ee\/sv\/generella-forsaljningsvillkor\/","og_site_name":"Meiren lumesahad","article_publisher":"https:\/\/www.facebook.com\/Meiren.ee?ref=nf","article_modified_time":"2017-06-22T09:16:13+00:00","og_image":[{"url":"https:\/\/meiren.ee\/wp-content\/uploads\/2014\/07\/terms_swe.png","type":"","width":"","height":""}],"twitter_card":"summary_large_image","schema":{"@context":"https:\/\/schema.org","@graph":[{"@type":"WebPage","@id":"https:\/\/www.meiren.ee\/sv\/generella-forsaljningsvillkor\/","url":"https:\/\/www.meiren.ee\/sv\/generella-forsaljningsvillkor\/","name":"Generella f\u00f6rs\u00e4ljningsvillkor | Meiren lumesahad","isPartOf":{"@id":"https:\/\/www.meiren.ee\/en\/#website"},"primaryImageOfPage":{"@id":"https:\/\/www.meiren.ee\/sv\/generella-forsaljningsvillkor\/#primaryimage"},"image":{"@id":"https:\/\/www.meiren.ee\/sv\/generella-forsaljningsvillkor\/#primaryimage"},"thumbnailUrl":"https:\/\/meiren.ee\/wp-content\/uploads\/2014\/07\/terms_swe.png","datePublished":"2014-07-15T10:01:45+00:00","dateModified":"2017-06-22T09:16:13+00:00","description":"Skriv de allm\u00e4nna f\u00f6rs\u00e4ljningsvillkoren f\u00f6r f\u00f6retag Meiren Engineering O\u00dc","breadcrumb":{"@id":"https:\/\/www.meiren.ee\/sv\/generella-forsaljningsvillkor\/#breadcrumb"},"inLanguage":"sv-SE","potentialAction":[{"@type":"ReadAction","target":["https:\/\/www.meiren.ee\/sv\/generella-forsaljningsvillkor\/"]}]},{"@type":"ImageObject","inLanguage":"sv-SE","@id":"https:\/\/www.meiren.ee\/sv\/generella-forsaljningsvillkor\/#primaryimage","url":"https:\/\/meiren.ee\/wp-content\/uploads\/2014\/07\/terms_swe.png","contentUrl":"https:\/\/meiren.ee\/wp-content\/uploads\/2014\/07\/terms_swe.png"},{"@type":"BreadcrumbList","@id":"https:\/\/www.meiren.ee\/sv\/generella-forsaljningsvillkor\/#breadcrumb","itemListElement":[{"@type":"ListItem","position":1,"name":"Home","item":"https:\/\/www.meiren.ee\/en\/"},{"@type":"ListItem","position":2,"name":"Generella f\u00f6rs\u00e4ljningsvillkor"}]},{"@type":"WebSite","@id":"https:\/\/www.meiren.ee\/en\/#website","url":"https:\/\/www.meiren.ee\/en\/","name":"Meiren lumesahad","description":"Lumesahk ja lumet\u00f5rje tehnika, maantee lumesahk, lumesahk traktorile, lumesahk maasturile, harjad, lumekopp, varuosad ja hooldus, lumesaha terad, Kobit s.r.o. soolapuisturid","potentialAction":[{"@type":"SearchAction","target":{"@type":"EntryPoint","urlTemplate":"https:\/\/www.meiren.ee\/en\/?s={search_term_string}"},"query-input":{"@type":"PropertyValueSpecification","valueRequired":true,"valueName":"search_term_string"}}],"inLanguage":"sv-SE"}]}},"_links":{"self":[{"href":"https:\/\/www.meiren.ee\/sv\/wp-json\/wp\/v2\/pages\/2222"}],"collection":[{"href":"https:\/\/www.meiren.ee\/sv\/wp-json\/wp\/v2\/pages"}],"about":[{"href":"https:\/\/www.meiren.ee\/sv\/wp-json\/wp\/v2\/types\/page"}],"author":[{"embeddable":true,"href":"https:\/\/www.meiren.ee\/sv\/wp-json\/wp\/v2\/users\/2"}],"replies":[{"embeddable":true,"href":"https:\/\/www.meiren.ee\/sv\/wp-json\/wp\/v2\/comments?post=2222"}],"version-history":[{"count":3,"href":"https:\/\/www.meiren.ee\/sv\/wp-json\/wp\/v2\/pages\/2222\/revisions"}],"predecessor-version":[{"id":13013,"href":"https:\/\/www.meiren.ee\/sv\/wp-json\/wp\/v2\/pages\/2222\/revisions\/13013"}],"wp:attachment":[{"href":"https:\/\/www.meiren.ee\/sv\/wp-json\/wp\/v2\/media?parent=2222"}],"curies":[{"name":"wp","href":"https:\/\/api.w.org\/{rel}","templated":true}]}}